{"id":6300,"date":"2019-06-26T11:58:37","date_gmt":"2019-06-26T16:58:37","guid":{"rendered":"https:\/\/hospitalcmq.com\/?page_id=6300"},"modified":"2024-05-17T11:15:51","modified_gmt":"2024-05-17T17:15:51","slug":"cirugia-del-manguito-rotador","status":"publish","type":"page","link":"https:\/\/hospitalcmq.com\/es\/turismo-medico\/cirugia-del-manguito-rotador\/","title":{"rendered":"Cirug\u00eda del Manguito Rotador"},"content":{"rendered":"<div class=\"wpb-content-wrapper\"><p>[vc_row][vc_column][vc_column_text]<span style=\"font-weight: 400;\">El manguito de los rotador es un grupo de m\u00fasculos y tendones responsables de la estabilidad articular del hombro que permiten que el movimiento sea preciso y coordinando. Cuando ocurre un desgarre o lesi\u00f3n, esta puede ser parcial o total pero si no se trata, con el tiempo se puede convertir en una rotura total.\u00a0<\/span><\/p>\n<p><span style=\"font-weight: 400;\">El riesgo para que se produzca un desgarre del manguito rotador se incrementa cuando existen calcificaciones que hacen que el tend\u00f3n sea m\u00e1s r\u00edgido y fr\u00e1gil. Para reparar el desgarro del manguito rotador es necesaria una cirug\u00eda que consiste en controlar y evaluar el da\u00f1o de la situaci\u00f3n interna. Posteriormente, el cirujano procede a limpiar la articulaci\u00f3n y eliminar los tejidos da\u00f1ados fijando el tend\u00f3n en el hueso con ayuda de metales y pr\u00f3tesis. Despu\u00e9s de la cirug\u00eda, el hombro se debe mantener inmovilizado durante m\u00e1ximo seis semanas. <\/span>[\/vc_column_text][vc_empty_space][vc_column_text]<\/p>\n<h2><img loading=\"lazy\" decoding=\"async\" class=\"size-full wp-image-2198 alignright\" src=\"https:\/\/hospitalcmq.com\/wp-content\/uploads\/2018\/02\/ebebeb-1.jpg\" alt=\"\" width=\"470\" height=\"260\" \/><\/h2>\n<h2>\u00bfCu\u00e1ndo es necesaria una cirug\u00eda?<\/h2>\n<p><span style=\"font-weight: 400;\">La lesi\u00f3n del manguito rotador se puede producir por un traumatismo, creado por una ca\u00edda sobre el brazo, esto genera tensi\u00f3n sobre el tend\u00f3n y debido a la fricci\u00f3n, se presenta limitaci\u00f3n y dolor significativo en el brazo.<\/span><\/p>\n<p><span style=\"font-weight: 400;\">Al igual, a menudo, se da\u00f1a con el paso del tiempo, debido a un desgaste por el roce entre tendones y los huesos. Este movimiento puede causar inflamaci\u00f3n cr\u00f3nica y degeneraci\u00f3n. La cirug\u00eda es necesaria cuando se presenta una de estas dos posibilidades, aunque en varias ocasiones se pueden presentar al mismo tiempo.\u00a0<\/span>[\/vc_column_text][vc_empty_space][vc_empty_space][vc_row_inner el_class=\u00bbblock&#8211;padding&#8211;gray\u00bb][vc_column_inner][vc_single_image image=\u00bb1433&#8243; img_size=\u00bbfull\u00bb alignment=\u00bbcenter\u00bb][vc_empty_space][vc_column_text]<\/p>\n<h3>\u00bfExisten riesgos o complicaciones?<\/h3>\n<p><span style=\"font-weight: 400;\">Al ser un procedimiento quir\u00fargico, conlleva los riesgos del uso de anestesia y de la cirug\u00eda en general:<\/span><\/p>\n<ul>\n<li style=\"font-weight: 400;\"><span style=\"font-weight: 400;\">Reacciones al\u00e9rgicas a los medicamentos.<\/span><\/li>\n<li style=\"font-weight: 400;\"><span style=\"font-weight: 400;\">Problemas respiratorios.<\/span><\/li>\n<li style=\"font-weight: 400;\"><span style=\"font-weight: 400;\">Sangrado, co\u00e1gulos de sangre e infecci\u00f3n.\u00a0<\/span><\/li>\n<\/ul>\n<p><span style=\"font-weight: 400;\">De igual manera, existen complicaciones propias de la cirug\u00eda de manguito rotador:<\/span><\/p>\n<ul>\n<li style=\"font-weight: 400;\"><span style=\"font-weight: 400;\">En ocasiones la cirug\u00eda no consigue aliviar totalmente los s\u00edntomas y el dolor.\u00a0<\/span><\/li>\n<li style=\"font-weight: 400;\"><span style=\"font-weight: 400;\">Se puede producir un da\u00f1o extra a un tend\u00f3n, vaso sangu\u00edneo o nervio.<\/span><\/li>\n<\/ul>\n<h3><\/h3>\n<p>[\/vc_column_text][\/vc_column_inner][\/vc_row_inner][vc_empty_space][\/vc_column][\/vc_row]<\/p>\n<\/div>","protected":false},"excerpt":{"rendered":"<p>El manguito de los rotadores es un grupo de m\u00fasculos y tendones responsables de la estabilidad y movilidad de la articulaci\u00f3n del hombro. No obstante, existe un gran riesgo de desgarro cuando las calcificaciones hacen que los tendones se vuelvan r\u00edgidos y fr\u00e1giles, lo que provoca un intenso dolor. Algunos problemas del manguito de los rotadores se pueden tratar f\u00e1cilmente en cada. Pero, \u00bfcu\u00e1ndo es necesaria la cirug\u00eda? Conoce aqu\u00ed las situaciones en las que una cirug\u00eda es la mejor opci\u00f3n.<\/p>\n","protected":false},"author":2,"featured_media":0,"parent":4175,"menu_order":0,"comment_status":"closed","ping_status":"closed","template":"","meta":{"footnotes":""},"class_list":["post-6300","page","type-page","status-publish","hentry"],"acf":[],"yoast_head":"<!-- This site is optimized with the Yoast SEO plugin v27.4 - https:\/\/yoast.com\/product\/yoast-seo-wordpress\/ -->\n<title>Cirug\u00eda de Reparaci\u00f3n del Manguito Rotador, \u00bferes candidato?<\/title>\n<meta name=\"description\" content=\"\u00bfSufres dolor intenso en el hombro? Esto es para ti. La cirug\u00eda del manguito rotador, intervenci\u00f3n para reparar la rutura de los tendones del hombro.\" \/>\n<meta name=\"robots\" content=\"index, follow, max-snippet:-1, max-image-preview:large, max-video-preview:-1\" \/>\n<link rel=\"canonical\" href=\"https:\/\/hospitalcmq.com\/es\/turismo-medico\/cirugia-del-manguito-rotador\/\" \/>\n<meta property=\"og:locale\" content=\"es_ES\" \/>\n<meta property=\"og:type\" content=\"article\" \/>\n<meta property=\"og:title\" content=\"Cirug\u00eda de Reparaci\u00f3n del Manguito Rotador, \u00bferes candidato?\" \/>\n<meta property=\"og:description\" content=\"\u00bfSufres dolor intenso en el hombro? Esto es para ti. La cirug\u00eda del manguito rotador, intervenci\u00f3n para reparar la rutura de los tendones del hombro.\" \/>\n<meta property=\"og:url\" content=\"https:\/\/hospitalcmq.com\/es\/turismo-medico\/cirugia-del-manguito-rotador\/\" \/>\n<meta property=\"og:site_name\" content=\"Hospital CMQ\" \/>\n<meta property=\"article:publisher\" content=\"https:\/\/www.facebook.com\/HospitalCMQ\" \/>\n<meta property=\"article:modified_time\" content=\"2024-05-17T17:15:51+00:00\" \/>\n<meta property=\"og:image\" content=\"https:\/\/hospitalcmq.com\/wp-content\/uploads\/2018\/02\/ebebeb-1.jpg\" \/>\n<meta name=\"twitter:card\" content=\"summary_large_image\" \/>\n<meta name=\"twitter:label1\" content=\"Tiempo de lectura\" \/>\n\t<meta name=\"twitter:data1\" content=\"2 minutos\" \/>\n<script type=\"application\/ld+json\" class=\"yoast-schema-graph\">{\"@context\":\"https:\\\/\\\/schema.org\",\"@graph\":[{\"@type\":\"WebPage\",\"@id\":\"https:\\\/\\\/hospitalcmq.com\\\/es\\\/turismo-medico\\\/cirugia-del-manguito-rotador\\\/\",\"url\":\"https:\\\/\\\/hospitalcmq.com\\\/es\\\/turismo-medico\\\/cirugia-del-manguito-rotador\\\/\",\"name\":\"Cirug\u00eda de Reparaci\u00f3n del Manguito Rotador, \u00bferes candidato?\",\"isPartOf\":{\"@id\":\"https:\\\/\\\/hospitalcmq.com\\\/es\\\/#website\"},\"primaryImageOfPage\":{\"@id\":\"https:\\\/\\\/hospitalcmq.com\\\/es\\\/turismo-medico\\\/cirugia-del-manguito-rotador\\\/#primaryimage\"},\"image\":{\"@id\":\"https:\\\/\\\/hospitalcmq.com\\\/es\\\/turismo-medico\\\/cirugia-del-manguito-rotador\\\/#primaryimage\"},\"thumbnailUrl\":\"https:\\\/\\\/hospitalcmq.com\\\/wp-content\\\/uploads\\\/2018\\\/02\\\/ebebeb-1.jpg\",\"datePublished\":\"2019-06-26T16:58:37+00:00\",\"dateModified\":\"2024-05-17T17:15:51+00:00\",\"description\":\"\u00bfSufres dolor intenso en el hombro? Esto es para ti. La cirug\u00eda del manguito rotador, intervenci\u00f3n para reparar la rutura de los tendones del hombro.\",\"breadcrumb\":{\"@id\":\"https:\\\/\\\/hospitalcmq.com\\\/es\\\/turismo-medico\\\/cirugia-del-manguito-rotador\\\/#breadcrumb\"},\"inLanguage\":\"es\",\"potentialAction\":[{\"@type\":\"ReadAction\",\"target\":[\"https:\\\/\\\/hospitalcmq.com\\\/es\\\/turismo-medico\\\/cirugia-del-manguito-rotador\\\/\"]}]},{\"@type\":\"ImageObject\",\"inLanguage\":\"es\",\"@id\":\"https:\\\/\\\/hospitalcmq.com\\\/es\\\/turismo-medico\\\/cirugia-del-manguito-rotador\\\/#primaryimage\",\"url\":\"https:\\\/\\\/hospitalcmq.com\\\/wp-content\\\/uploads\\\/2018\\\/02\\\/ebebeb-1.jpg\",\"contentUrl\":\"https:\\\/\\\/hospitalcmq.com\\\/wp-content\\\/uploads\\\/2018\\\/02\\\/ebebeb-1.jpg\"},{\"@type\":\"BreadcrumbList\",\"@id\":\"https:\\\/\\\/hospitalcmq.com\\\/es\\\/turismo-medico\\\/cirugia-del-manguito-rotador\\\/#breadcrumb\",\"itemListElement\":[{\"@type\":\"ListItem\",\"position\":1,\"name\":\"Home\",\"item\":\"https:\\\/\\\/hospitalcmq.com\\\/es\\\/\"},{\"@type\":\"ListItem\",\"position\":2,\"name\":\"Turismo M\u00e9dico\",\"item\":\"https:\\\/\\\/hospitalcmq.com\\\/es\\\/turismo-medico\\\/\"},{\"@type\":\"ListItem\",\"position\":3,\"name\":\"Cirug\u00eda del Manguito Rotador\"}]},{\"@type\":\"WebSite\",\"@id\":\"https:\\\/\\\/hospitalcmq.com\\\/es\\\/#website\",\"url\":\"https:\\\/\\\/hospitalcmq.com\\\/es\\\/\",\"name\":\"Hospital CMQ\",\"description\":\"Best Hospitals in Puerto Vallarta &amp; Riviera Nayarit\",\"publisher\":{\"@id\":\"https:\\\/\\\/hospitalcmq.com\\\/es\\\/#organization\"},\"potentialAction\":[{\"@type\":\"SearchAction\",\"target\":{\"@type\":\"EntryPoint\",\"urlTemplate\":\"https:\\\/\\\/hospitalcmq.com\\\/es\\\/?s={search_term_string}\"},\"query-input\":{\"@type\":\"PropertyValueSpecification\",\"valueRequired\":true,\"valueName\":\"search_term_string\"}}],\"inLanguage\":\"es\"},{\"@type\":\"Organization\",\"@id\":\"https:\\\/\\\/hospitalcmq.com\\\/es\\\/#organization\",\"name\":\"Hospital CMQ\",\"url\":\"https:\\\/\\\/hospitalcmq.com\\\/es\\\/\",\"logo\":{\"@type\":\"ImageObject\",\"inLanguage\":\"es\",\"@id\":\"https:\\\/\\\/hospitalcmq.com\\\/es\\\/#\\\/schema\\\/logo\\\/image\\\/\",\"url\":\"https:\\\/\\\/hospitalcmq.com\\\/wp-content\\\/uploads\\\/2018\\\/06\\\/cmq-hospital-logo.png\",\"contentUrl\":\"https:\\\/\\\/hospitalcmq.com\\\/wp-content\\\/uploads\\\/2018\\\/06\\\/cmq-hospital-logo.png\",\"width\":214,\"height\":189,\"caption\":\"Hospital CMQ\"},\"image\":{\"@id\":\"https:\\\/\\\/hospitalcmq.com\\\/es\\\/#\\\/schema\\\/logo\\\/image\\\/\"},\"sameAs\":[\"https:\\\/\\\/www.facebook.com\\\/HospitalCMQ\"]}]}<\/script>\n<!-- \/ Yoast SEO plugin. -->","yoast_head_json":{"title":"Cirug\u00eda de Reparaci\u00f3n del Manguito Rotador, \u00bferes candidato?","description":"\u00bfSufres dolor intenso en el hombro? Esto es para ti. La cirug\u00eda del manguito rotador, intervenci\u00f3n para reparar la rutura de los tendones del hombro.","robots":{"index":"index","follow":"follow","max-snippet":"max-snippet:-1","max-image-preview":"max-image-preview:large","max-video-preview":"max-video-preview:-1"},"canonical":"https:\/\/hospitalcmq.com\/es\/turismo-medico\/cirugia-del-manguito-rotador\/","og_locale":"es_ES","og_type":"article","og_title":"Cirug\u00eda de Reparaci\u00f3n del Manguito Rotador, \u00bferes candidato?","og_description":"\u00bfSufres dolor intenso en el hombro? Esto es para ti. La cirug\u00eda del manguito rotador, intervenci\u00f3n para reparar la rutura de los tendones del hombro.","og_url":"https:\/\/hospitalcmq.com\/es\/turismo-medico\/cirugia-del-manguito-rotador\/","og_site_name":"Hospital CMQ","article_publisher":"https:\/\/www.facebook.com\/HospitalCMQ","article_modified_time":"2024-05-17T17:15:51+00:00","og_image":[{"url":"https:\/\/hospitalcmq.com\/wp-content\/uploads\/2018\/02\/ebebeb-1.jpg","type":"","width":"","height":""}],"twitter_card":"summary_large_image","twitter_misc":{"Tiempo de lectura":"2 minutos"},"schema":{"@context":"https:\/\/schema.org","@graph":[{"@type":"WebPage","@id":"https:\/\/hospitalcmq.com\/es\/turismo-medico\/cirugia-del-manguito-rotador\/","url":"https:\/\/hospitalcmq.com\/es\/turismo-medico\/cirugia-del-manguito-rotador\/","name":"Cirug\u00eda de Reparaci\u00f3n del Manguito Rotador, \u00bferes candidato?","isPartOf":{"@id":"https:\/\/hospitalcmq.com\/es\/#website"},"primaryImageOfPage":{"@id":"https:\/\/hospitalcmq.com\/es\/turismo-medico\/cirugia-del-manguito-rotador\/#primaryimage"},"image":{"@id":"https:\/\/hospitalcmq.com\/es\/turismo-medico\/cirugia-del-manguito-rotador\/#primaryimage"},"thumbnailUrl":"https:\/\/hospitalcmq.com\/wp-content\/uploads\/2018\/02\/ebebeb-1.jpg","datePublished":"2019-06-26T16:58:37+00:00","dateModified":"2024-05-17T17:15:51+00:00","description":"\u00bfSufres dolor intenso en el hombro? Esto es para ti. La cirug\u00eda del manguito rotador, intervenci\u00f3n para reparar la rutura de los tendones del hombro.","breadcrumb":{"@id":"https:\/\/hospitalcmq.com\/es\/turismo-medico\/cirugia-del-manguito-rotador\/#breadcrumb"},"inLanguage":"es","potentialAction":[{"@type":"ReadAction","target":["https:\/\/hospitalcmq.com\/es\/turismo-medico\/cirugia-del-manguito-rotador\/"]}]},{"@type":"ImageObject","inLanguage":"es","@id":"https:\/\/hospitalcmq.com\/es\/turismo-medico\/cirugia-del-manguito-rotador\/#primaryimage","url":"https:\/\/hospitalcmq.com\/wp-content\/uploads\/2018\/02\/ebebeb-1.jpg","contentUrl":"https:\/\/hospitalcmq.com\/wp-content\/uploads\/2018\/02\/ebebeb-1.jpg"},{"@type":"BreadcrumbList","@id":"https:\/\/hospitalcmq.com\/es\/turismo-medico\/cirugia-del-manguito-rotador\/#breadcrumb","itemListElement":[{"@type":"ListItem","position":1,"name":"Home","item":"https:\/\/hospitalcmq.com\/es\/"},{"@type":"ListItem","position":2,"name":"Turismo M\u00e9dico","item":"https:\/\/hospitalcmq.com\/es\/turismo-medico\/"},{"@type":"ListItem","position":3,"name":"Cirug\u00eda del Manguito Rotador"}]},{"@type":"WebSite","@id":"https:\/\/hospitalcmq.com\/es\/#website","url":"https:\/\/hospitalcmq.com\/es\/","name":"Hospital CMQ","description":"Best Hospitals in Puerto Vallarta &amp; Riviera Nayarit","publisher":{"@id":"https:\/\/hospitalcmq.com\/es\/#organization"},"potentialAction":[{"@type":"SearchAction","target":{"@type":"EntryPoint","urlTemplate":"https:\/\/hospitalcmq.com\/es\/?s={search_term_string}"},"query-input":{"@type":"PropertyValueSpecification","valueRequired":true,"valueName":"search_term_string"}}],"inLanguage":"es"},{"@type":"Organization","@id":"https:\/\/hospitalcmq.com\/es\/#organization","name":"Hospital CMQ","url":"https:\/\/hospitalcmq.com\/es\/","logo":{"@type":"ImageObject","inLanguage":"es","@id":"https:\/\/hospitalcmq.com\/es\/#\/schema\/logo\/image\/","url":"https:\/\/hospitalcmq.com\/wp-content\/uploads\/2018\/06\/cmq-hospital-logo.png","contentUrl":"https:\/\/hospitalcmq.com\/wp-content\/uploads\/2018\/06\/cmq-hospital-logo.png","width":214,"height":189,"caption":"Hospital CMQ"},"image":{"@id":"https:\/\/hospitalcmq.com\/es\/#\/schema\/logo\/image\/"},"sameAs":["https:\/\/www.facebook.com\/HospitalCMQ"]}]}},"_links":{"self":[{"href":"https:\/\/hospitalcmq.com\/es\/wp-json\/wp\/v2\/pages\/6300","targetHints":{"allow":["GET"]}}],"collection":[{"href":"https:\/\/hospitalcmq.com\/es\/wp-json\/wp\/v2\/pages"}],"about":[{"href":"https:\/\/hospitalcmq.com\/es\/wp-json\/wp\/v2\/types\/page"}],"author":[{"embeddable":true,"href":"https:\/\/hospitalcmq.com\/es\/wp-json\/wp\/v2\/users\/2"}],"replies":[{"embeddable":true,"href":"https:\/\/hospitalcmq.com\/es\/wp-json\/wp\/v2\/comments?post=6300"}],"version-history":[{"count":0,"href":"https:\/\/hospitalcmq.com\/es\/wp-json\/wp\/v2\/pages\/6300\/revisions"}],"up":[{"embeddable":true,"href":"https:\/\/hospitalcmq.com\/es\/wp-json\/wp\/v2\/pages\/4175"}],"wp:attachment":[{"href":"https:\/\/hospitalcmq.com\/es\/wp-json\/wp\/v2\/media?parent=6300"}],"curies":[{"name":"wp","href":"https:\/\/api.w.org\/{rel}","templated":true}]}}