{"id":6296,"date":"2019-06-26T11:53:22","date_gmt":"2019-06-26T16:53:22","guid":{"rendered":"https:\/\/hospitalcmq.com\/?page_id=6296"},"modified":"2024-05-17T11:14:41","modified_gmt":"2024-05-17T17:14:41","slug":"cirugia-ortopedica","status":"publish","type":"page","link":"https:\/\/hospitalcmq.com\/es\/turismo-medico\/cirugia-ortopedica\/","title":{"rendered":"Cirug\u00eda Ortop\u00e9dica"},"content":{"rendered":"<div class=\"wpb-content-wrapper\"><p>[vc_row][vc_column][vc_column_text]<i><span style=\"font-weight: 400;\">\u00bfSab\u00edas que aproximadamente se realizan 500,000 reemplazos de rodilla y m\u00e1s de 175,000 reemplazos de cadera anualmente en Estados Unidos?<\/span><\/i><\/p>\n<p><span style=\"font-weight: 400;\">La cirug\u00eda ortop\u00e9dica se encarga del diagn\u00f3stico, prevenci\u00f3n y tratamiento de las afecciones del aparato locomotor. Es decir, de huesos, m\u00fasculos, articulaciones, ligamentos, tendones y cart\u00edlagos. Ya sea que se trate de lesiones cr\u00f3nicas, recurrentes, agudas o traum\u00e1ticas.\u00a0<\/span><\/p>\n<p><span style=\"font-weight: 400;\">La mayor\u00eda de las cirug\u00edas ortop\u00e9dicas se realizan en tobillos, rodillas, cadera, codos, hombros y columna vertebral. Al igual, puede incluir algunos problemas del sistema nervioso, que surgen posterior a una lesi\u00f3n de columna. Las lesiones o problemas que esta rama de la medicina abarca pueden ocurrir desde el nacimiento, a trav\u00e9s de una lesi\u00f3n o com\u00fanmente como resultado del envejecimiento.\u00a0<\/span>[\/vc_column_text][vc_empty_space][vc_column_text]<\/p>\n<h2><img loading=\"lazy\" decoding=\"async\" class=\"size-full wp-image-2198 alignright\" src=\"https:\/\/hospitalcmq.com\/wp-content\/uploads\/2018\/02\/ebebeb-1.jpg\" alt=\"\" width=\"470\" height=\"260\" \/><\/h2>\n<h2>Entre las afecciones m\u00e1s recurrentes dentro de la cirug\u00eda ortop\u00e9dica se incluyen las siguientes:<\/h2>\n<ul>\n<li><b>Necrosis de cadera u osteocondrosis femoral: <\/b><span style=\"font-weight: 400;\">Consiste en la muerte del hueso por falta de riego sangu\u00edneo.\u00a0<\/span><\/li>\n<li><b>Artrosis de rodilla: <\/b><span style=\"font-weight: 400;\">Enfermedad que produce degeneraci\u00f3n por desgaste en el cart\u00edlago, el principal moderador de la articulaci\u00f3n de la rodilla.\u00a0<\/span><\/li>\n<li><b>Osteoporosis: <\/b><span style=\"font-weight: 400;\">La p\u00e9rdida de solidez en los huesos que los vuelve fr\u00e1giles y susceptibles a fracturas.\u00a0<\/span><\/li>\n<li><b>Enfermedad de Paget: <\/b><span style=\"font-weight: 400;\">Afecta la constituci\u00f3n normal del hueso, produciendo una alteraci\u00f3n y destrucci\u00f3n \u00f3sea.\u00a0<\/span><\/li>\n<li><b>S\u00edndrome Femoropatelar: <\/b><span style=\"font-weight: 400;\">Produce una sobrecarga en la r\u00f3tula y el conocido color rotuliano.<\/span><\/li>\n<li><b>Fractura de tibia y peron\u00e9: <\/b><span style=\"font-weight: 400;\">Debido a la fina cobertura de piel que protege la tibia y el peron\u00e9, las fracturas son generalmente abiertas.\u00a0<\/span><\/li>\n<li><b>Lesi\u00f3n de isquiotibiales: <\/b><span style=\"font-weight: 400;\">Dolor intenso en la parte posterior del muslo. Es frecuente en deportistas.\u00a0<\/span><\/li>\n<li><b><\/b><b>Enfermedad de Raynaud: <\/b><span style=\"font-weight: 400;\">Altera el flujo normal de los vasos y produce espasmos que impiden la circulaci\u00f3n de sangre a manos y pies. <\/span><\/li>\n<\/ul>\n<p>[\/vc_column_text][vc_empty_space][vc_row_inner el_class=\u00bbblock&#8211;padding&#8211;gray\u00bb][vc_column_inner][vc_single_image image=\u00bb1433&#8243; img_size=\u00bbfull\u00bb alignment=\u00bbcenter\u00bb][vc_empty_space][vc_column_text]<span style=\"font-weight: 400;\">Pero a\u00fan, el rango de tratamientos que la cirug\u00eda ortop\u00e9dica abarca es mayor. Se incluyen procedimientos como amputaciones, reconstrucciones, fusi\u00f3n de columna vertebral y reemplazo de articulaciones. Al igual, tratan esguinces y torceduras, fracturas de huesos y dislocaciones. Dentro de estos procedimientos se involucra el uso de diversos materiales como tornillos, cables y pr\u00f3tesis que sirven para ayudar a mantener la correcta alineaci\u00f3n del hueso o tejido del cuerpo.\u00a0<\/span>[\/vc_column_text][\/vc_column_inner][\/vc_row_inner][vc_empty_space][\/vc_column][\/vc_row]<\/p>\n<\/div>","protected":false},"excerpt":{"rendered":"<p>La cirug\u00eda ortop\u00e9dica se enfoca en diagnosticar, prevenir y tratar todas las afecciones relacionadas con el sistema musculoesquel\u00e9tico. La mayor\u00eda de las cirug\u00edas ortop\u00e9dicas se realizan en los tobillos, rodillas, caderas, codos, hombros y columna vertebral. No obstante, la cirug\u00eda ortop\u00e9dica es mucho m\u00e1s que arreglar articulaciones. Sigue leyendo y descubre todo sobre esta interesante rama de la cirug\u00eda.<\/p>\n","protected":false},"author":2,"featured_media":0,"parent":4175,"menu_order":0,"comment_status":"closed","ping_status":"closed","template":"","meta":{"footnotes":""},"class_list":["post-6296","page","type-page","status-publish","hentry"],"acf":[],"yoast_head":"<!-- This site is optimized with the Yoast SEO plugin v27.4 - https:\/\/yoast.com\/product\/yoast-seo-wordpress\/ -->\n<title>Cirug\u00eda Ortop\u00e9dica - Hospital CMQ<\/title>\n<meta name=\"description\" content=\"La cirug\u00eda ortop\u00e9dica trata lesiones cr\u00f3nicas, recurrentes, agudas o traum\u00e1ticas en huesos, m\u00fasculos, articulaciones, etc. En Hospitales CMQ tenemos el mejor programa ortop\u00e9dico para ti.\" \/>\n<meta name=\"robots\" content=\"index, follow, max-snippet:-1, max-image-preview:large, max-video-preview:-1\" \/>\n<link rel=\"canonical\" href=\"https:\/\/hospitalcmq.com\/es\/turismo-medico\/cirugia-ortopedica\/\" \/>\n<meta property=\"og:locale\" content=\"es_ES\" \/>\n<meta property=\"og:type\" content=\"article\" \/>\n<meta property=\"og:title\" content=\"Cirug\u00eda Ortop\u00e9dica - Hospital CMQ\" \/>\n<meta property=\"og:description\" content=\"La cirug\u00eda ortop\u00e9dica trata lesiones cr\u00f3nicas, recurrentes, agudas o traum\u00e1ticas en huesos, m\u00fasculos, articulaciones, etc. En Hospitales CMQ tenemos el mejor programa ortop\u00e9dico para ti.\" \/>\n<meta property=\"og:url\" content=\"https:\/\/hospitalcmq.com\/es\/turismo-medico\/cirugia-ortopedica\/\" \/>\n<meta property=\"og:site_name\" content=\"Hospital CMQ\" \/>\n<meta property=\"article:publisher\" content=\"https:\/\/www.facebook.com\/HospitalCMQ\" \/>\n<meta property=\"article:modified_time\" content=\"2024-05-17T17:14:41+00:00\" \/>\n<meta property=\"og:image\" content=\"https:\/\/hospitalcmq.com\/wp-content\/uploads\/2018\/02\/ebebeb-1.jpg\" \/>\n<meta name=\"twitter:card\" content=\"summary_large_image\" \/>\n<meta name=\"twitter:label1\" content=\"Tiempo de lectura\" \/>\n\t<meta name=\"twitter:data1\" content=\"3 minutos\" \/>\n<script type=\"application\/ld+json\" class=\"yoast-schema-graph\">{\"@context\":\"https:\\\/\\\/schema.org\",\"@graph\":[{\"@type\":\"WebPage\",\"@id\":\"https:\\\/\\\/hospitalcmq.com\\\/es\\\/turismo-medico\\\/cirugia-ortopedica\\\/\",\"url\":\"https:\\\/\\\/hospitalcmq.com\\\/es\\\/turismo-medico\\\/cirugia-ortopedica\\\/\",\"name\":\"Cirug\u00eda Ortop\u00e9dica - Hospital CMQ\",\"isPartOf\":{\"@id\":\"https:\\\/\\\/hospitalcmq.com\\\/es\\\/#website\"},\"primaryImageOfPage\":{\"@id\":\"https:\\\/\\\/hospitalcmq.com\\\/es\\\/turismo-medico\\\/cirugia-ortopedica\\\/#primaryimage\"},\"image\":{\"@id\":\"https:\\\/\\\/hospitalcmq.com\\\/es\\\/turismo-medico\\\/cirugia-ortopedica\\\/#primaryimage\"},\"thumbnailUrl\":\"https:\\\/\\\/hospitalcmq.com\\\/wp-content\\\/uploads\\\/2018\\\/02\\\/ebebeb-1.jpg\",\"datePublished\":\"2019-06-26T16:53:22+00:00\",\"dateModified\":\"2024-05-17T17:14:41+00:00\",\"description\":\"La cirug\u00eda ortop\u00e9dica trata lesiones cr\u00f3nicas, recurrentes, agudas o traum\u00e1ticas en huesos, m\u00fasculos, articulaciones, etc. En Hospitales CMQ tenemos el mejor programa ortop\u00e9dico para ti.\",\"breadcrumb\":{\"@id\":\"https:\\\/\\\/hospitalcmq.com\\\/es\\\/turismo-medico\\\/cirugia-ortopedica\\\/#breadcrumb\"},\"inLanguage\":\"es\",\"potentialAction\":[{\"@type\":\"ReadAction\",\"target\":[\"https:\\\/\\\/hospitalcmq.com\\\/es\\\/turismo-medico\\\/cirugia-ortopedica\\\/\"]}]},{\"@type\":\"ImageObject\",\"inLanguage\":\"es\",\"@id\":\"https:\\\/\\\/hospitalcmq.com\\\/es\\\/turismo-medico\\\/cirugia-ortopedica\\\/#primaryimage\",\"url\":\"https:\\\/\\\/hospitalcmq.com\\\/wp-content\\\/uploads\\\/2018\\\/02\\\/ebebeb-1.jpg\",\"contentUrl\":\"https:\\\/\\\/hospitalcmq.com\\\/wp-content\\\/uploads\\\/2018\\\/02\\\/ebebeb-1.jpg\"},{\"@type\":\"BreadcrumbList\",\"@id\":\"https:\\\/\\\/hospitalcmq.com\\\/es\\\/turismo-medico\\\/cirugia-ortopedica\\\/#breadcrumb\",\"itemListElement\":[{\"@type\":\"ListItem\",\"position\":1,\"name\":\"Home\",\"item\":\"https:\\\/\\\/hospitalcmq.com\\\/es\\\/\"},{\"@type\":\"ListItem\",\"position\":2,\"name\":\"Turismo M\u00e9dico\",\"item\":\"https:\\\/\\\/hospitalcmq.com\\\/es\\\/turismo-medico\\\/\"},{\"@type\":\"ListItem\",\"position\":3,\"name\":\"Cirug\u00eda Ortop\u00e9dica\"}]},{\"@type\":\"WebSite\",\"@id\":\"https:\\\/\\\/hospitalcmq.com\\\/es\\\/#website\",\"url\":\"https:\\\/\\\/hospitalcmq.com\\\/es\\\/\",\"name\":\"Hospital CMQ\",\"description\":\"Best Hospitals in Puerto Vallarta &amp; Riviera Nayarit\",\"publisher\":{\"@id\":\"https:\\\/\\\/hospitalcmq.com\\\/es\\\/#organization\"},\"potentialAction\":[{\"@type\":\"SearchAction\",\"target\":{\"@type\":\"EntryPoint\",\"urlTemplate\":\"https:\\\/\\\/hospitalcmq.com\\\/es\\\/?s={search_term_string}\"},\"query-input\":{\"@type\":\"PropertyValueSpecification\",\"valueRequired\":true,\"valueName\":\"search_term_string\"}}],\"inLanguage\":\"es\"},{\"@type\":\"Organization\",\"@id\":\"https:\\\/\\\/hospitalcmq.com\\\/es\\\/#organization\",\"name\":\"Hospital CMQ\",\"url\":\"https:\\\/\\\/hospitalcmq.com\\\/es\\\/\",\"logo\":{\"@type\":\"ImageObject\",\"inLanguage\":\"es\",\"@id\":\"https:\\\/\\\/hospitalcmq.com\\\/es\\\/#\\\/schema\\\/logo\\\/image\\\/\",\"url\":\"https:\\\/\\\/hospitalcmq.com\\\/wp-content\\\/uploads\\\/2018\\\/06\\\/cmq-hospital-logo.png\",\"contentUrl\":\"https:\\\/\\\/hospitalcmq.com\\\/wp-content\\\/uploads\\\/2018\\\/06\\\/cmq-hospital-logo.png\",\"width\":214,\"height\":189,\"caption\":\"Hospital CMQ\"},\"image\":{\"@id\":\"https:\\\/\\\/hospitalcmq.com\\\/es\\\/#\\\/schema\\\/logo\\\/image\\\/\"},\"sameAs\":[\"https:\\\/\\\/www.facebook.com\\\/HospitalCMQ\"]}]}<\/script>\n<!-- \/ Yoast SEO plugin. -->","yoast_head_json":{"title":"Cirug\u00eda Ortop\u00e9dica - Hospital CMQ","description":"La cirug\u00eda ortop\u00e9dica trata lesiones cr\u00f3nicas, recurrentes, agudas o traum\u00e1ticas en huesos, m\u00fasculos, articulaciones, etc. En Hospitales CMQ tenemos el mejor programa ortop\u00e9dico para ti.","robots":{"index":"index","follow":"follow","max-snippet":"max-snippet:-1","max-image-preview":"max-image-preview:large","max-video-preview":"max-video-preview:-1"},"canonical":"https:\/\/hospitalcmq.com\/es\/turismo-medico\/cirugia-ortopedica\/","og_locale":"es_ES","og_type":"article","og_title":"Cirug\u00eda Ortop\u00e9dica - Hospital CMQ","og_description":"La cirug\u00eda ortop\u00e9dica trata lesiones cr\u00f3nicas, recurrentes, agudas o traum\u00e1ticas en huesos, m\u00fasculos, articulaciones, etc. En Hospitales CMQ tenemos el mejor programa ortop\u00e9dico para ti.","og_url":"https:\/\/hospitalcmq.com\/es\/turismo-medico\/cirugia-ortopedica\/","og_site_name":"Hospital CMQ","article_publisher":"https:\/\/www.facebook.com\/HospitalCMQ","article_modified_time":"2024-05-17T17:14:41+00:00","og_image":[{"url":"https:\/\/hospitalcmq.com\/wp-content\/uploads\/2018\/02\/ebebeb-1.jpg","type":"","width":"","height":""}],"twitter_card":"summary_large_image","twitter_misc":{"Tiempo de lectura":"3 minutos"},"schema":{"@context":"https:\/\/schema.org","@graph":[{"@type":"WebPage","@id":"https:\/\/hospitalcmq.com\/es\/turismo-medico\/cirugia-ortopedica\/","url":"https:\/\/hospitalcmq.com\/es\/turismo-medico\/cirugia-ortopedica\/","name":"Cirug\u00eda Ortop\u00e9dica - Hospital CMQ","isPartOf":{"@id":"https:\/\/hospitalcmq.com\/es\/#website"},"primaryImageOfPage":{"@id":"https:\/\/hospitalcmq.com\/es\/turismo-medico\/cirugia-ortopedica\/#primaryimage"},"image":{"@id":"https:\/\/hospitalcmq.com\/es\/turismo-medico\/cirugia-ortopedica\/#primaryimage"},"thumbnailUrl":"https:\/\/hospitalcmq.com\/wp-content\/uploads\/2018\/02\/ebebeb-1.jpg","datePublished":"2019-06-26T16:53:22+00:00","dateModified":"2024-05-17T17:14:41+00:00","description":"La cirug\u00eda ortop\u00e9dica trata lesiones cr\u00f3nicas, recurrentes, agudas o traum\u00e1ticas en huesos, m\u00fasculos, articulaciones, etc. En Hospitales CMQ tenemos el mejor programa ortop\u00e9dico para ti.","breadcrumb":{"@id":"https:\/\/hospitalcmq.com\/es\/turismo-medico\/cirugia-ortopedica\/#breadcrumb"},"inLanguage":"es","potentialAction":[{"@type":"ReadAction","target":["https:\/\/hospitalcmq.com\/es\/turismo-medico\/cirugia-ortopedica\/"]}]},{"@type":"ImageObject","inLanguage":"es","@id":"https:\/\/hospitalcmq.com\/es\/turismo-medico\/cirugia-ortopedica\/#primaryimage","url":"https:\/\/hospitalcmq.com\/wp-content\/uploads\/2018\/02\/ebebeb-1.jpg","contentUrl":"https:\/\/hospitalcmq.com\/wp-content\/uploads\/2018\/02\/ebebeb-1.jpg"},{"@type":"BreadcrumbList","@id":"https:\/\/hospitalcmq.com\/es\/turismo-medico\/cirugia-ortopedica\/#breadcrumb","itemListElement":[{"@type":"ListItem","position":1,"name":"Home","item":"https:\/\/hospitalcmq.com\/es\/"},{"@type":"ListItem","position":2,"name":"Turismo M\u00e9dico","item":"https:\/\/hospitalcmq.com\/es\/turismo-medico\/"},{"@type":"ListItem","position":3,"name":"Cirug\u00eda Ortop\u00e9dica"}]},{"@type":"WebSite","@id":"https:\/\/hospitalcmq.com\/es\/#website","url":"https:\/\/hospitalcmq.com\/es\/","name":"Hospital CMQ","description":"Best Hospitals in Puerto Vallarta &amp; Riviera Nayarit","publisher":{"@id":"https:\/\/hospitalcmq.com\/es\/#organization"},"potentialAction":[{"@type":"SearchAction","target":{"@type":"EntryPoint","urlTemplate":"https:\/\/hospitalcmq.com\/es\/?s={search_term_string}"},"query-input":{"@type":"PropertyValueSpecification","valueRequired":true,"valueName":"search_term_string"}}],"inLanguage":"es"},{"@type":"Organization","@id":"https:\/\/hospitalcmq.com\/es\/#organization","name":"Hospital CMQ","url":"https:\/\/hospitalcmq.com\/es\/","logo":{"@type":"ImageObject","inLanguage":"es","@id":"https:\/\/hospitalcmq.com\/es\/#\/schema\/logo\/image\/","url":"https:\/\/hospitalcmq.com\/wp-content\/uploads\/2018\/06\/cmq-hospital-logo.png","contentUrl":"https:\/\/hospitalcmq.com\/wp-content\/uploads\/2018\/06\/cmq-hospital-logo.png","width":214,"height":189,"caption":"Hospital CMQ"},"image":{"@id":"https:\/\/hospitalcmq.com\/es\/#\/schema\/logo\/image\/"},"sameAs":["https:\/\/www.facebook.com\/HospitalCMQ"]}]}},"_links":{"self":[{"href":"https:\/\/hospitalcmq.com\/es\/wp-json\/wp\/v2\/pages\/6296","targetHints":{"allow":["GET"]}}],"collection":[{"href":"https:\/\/hospitalcmq.com\/es\/wp-json\/wp\/v2\/pages"}],"about":[{"href":"https:\/\/hospitalcmq.com\/es\/wp-json\/wp\/v2\/types\/page"}],"author":[{"embeddable":true,"href":"https:\/\/hospitalcmq.com\/es\/wp-json\/wp\/v2\/users\/2"}],"replies":[{"embeddable":true,"href":"https:\/\/hospitalcmq.com\/es\/wp-json\/wp\/v2\/comments?post=6296"}],"version-history":[{"count":0,"href":"https:\/\/hospitalcmq.com\/es\/wp-json\/wp\/v2\/pages\/6296\/revisions"}],"up":[{"embeddable":true,"href":"https:\/\/hospitalcmq.com\/es\/wp-json\/wp\/v2\/pages\/4175"}],"wp:attachment":[{"href":"https:\/\/hospitalcmq.com\/es\/wp-json\/wp\/v2\/media?parent=6296"}],"curies":[{"name":"wp","href":"https:\/\/api.w.org\/{rel}","templated":true}]}}