{"id":6287,"date":"2019-06-26T11:07:23","date_gmt":"2019-06-26T16:07:23","guid":{"rendered":"https:\/\/hospitalcmq.com\/?page_id=6287"},"modified":"2024-05-17T10:56:05","modified_gmt":"2024-05-17T16:56:05","slug":"cirugia-para-reemplazo-de-rodilla","status":"publish","type":"page","link":"https:\/\/hospitalcmq.com\/es\/turismo-medico\/cirugia-para-reemplazo-de-rodilla\/","title":{"rendered":"Cirug\u00eda para Reemplazo de Rodilla"},"content":{"rendered":"<div class=\"wpb-content-wrapper\"><p>[vc_row][vc_column][vc_column_text]<span style=\"font-weight: 400;\">Las rodillas cumplen la funci\u00f3n de articulaciones bisagras, proporcionando movimiento y fricci\u00f3n. Al da\u00f1arse esta vital funci\u00f3n es necesario intervenir quir\u00fargicamente creando una articulaci\u00f3n artificial para reemplazar el hueso da\u00f1ado y el cart\u00edlago. Este procedimiento se llama reemplazo de rodilla y es una de las t\u00e9cnicas m\u00e1s comunes de las cirug\u00edas ortop\u00e9dicas.\u00a0<\/span>[\/vc_column_text][vc_empty_space][vc_column_text]<\/p>\n<h2><img loading=\"lazy\" decoding=\"async\" class=\"size-full wp-image-2198 alignright\" src=\"https:\/\/hospitalcmq.com\/wp-content\/uploads\/2018\/02\/ebebeb-1.jpg\" alt=\"\" width=\"470\" height=\"260\" \/>\u00bfCu\u00e1ndo es necesaria esta cirug\u00eda?<\/h2>\n<p><span style=\"font-weight: 400;\">La cirug\u00eda de reemplazo de rodilla es apta para pacientes con dolor intenso y prolongado al caminar, subir escaleras, levantarse o sentarse. Al igual, si se presenta dolor severo a\u00fan estando en reposo. Esta cirug\u00eda tambi\u00e9n es para personas con piernas arqueadas o pacientes que no responde a tratamientos, como las inyecciones de cortisona.\u00a0<\/span><\/p>\n<p><span style=\"font-weight: 400;\">Durante el procedimiento, se retira el extremo del f\u00e9mur y se reemplaza con una cubierta de metal. El extremo del hueso de la parte inferior de la pierna, conocido como tibia, tambi\u00e9n se retira y se coloca una pieza de pl\u00e1stico canalizada con un v\u00e1stago de metal.\u00a0<\/span>[\/vc_column_text][vc_empty_space][vc_empty_space][vc_row_inner el_class=\u00bbblock&#8211;padding&#8211;gray\u00bb][vc_column_inner][vc_single_image image=\u00bb1433&#8243; img_size=\u00bbfull\u00bb alignment=\u00bbcenter\u00bb][vc_empty_space][vc_column_text]<\/p>\n<h3>\u00bfExisten riesgos o complicaciones?<\/h3>\n<p><span style=\"font-weight: 400;\">Mientras que el 90% de los pacientes informaron una reducci\u00f3n dr\u00e1stica del dolor y mejora en la movilidad. Esta cirug\u00eda no es para todos. Los riesgos del reemplazo de rodilla incluyen:<\/span><\/p>\n<ul>\n<li style=\"font-weight: 400;\"><span style=\"font-weight: 400;\">Co\u00e1gulos de sangre en las piernas que se pueden desplazar a los pulmones.\u00a0<\/span><\/li>\n<li style=\"font-weight: 400;\"><span style=\"font-weight: 400;\">Infecci\u00f3n, n\u00e1useas y v\u00f3mitos, generalmente relacionados con los analg\u00e9sicos prescritos.<\/span><\/li>\n<li style=\"font-weight: 400;\"><span style=\"font-weight: 400;\">Dolor cr\u00f3nico en la rodilla y rigidez.\u00a0<\/span><\/li>\n<li style=\"font-weight: 400;\"><span style=\"font-weight: 400;\">Hemorragia en la rodilla, da\u00f1o en los nervios o lesi\u00f3n en los vasos sangu\u00edneos.\u00a0<\/span><\/li>\n<li style=\"font-weight: 400;\"><span style=\"font-weight: 400;\">Adem\u00e1s, los riesgos de la anestesia que incluyen da\u00f1o potencial al coraz\u00f3n, pulm\u00f3n, ri\u00f1\u00f3n e h\u00edgado.\u00a0<\/span><\/li>\n<\/ul>\n<p><span style=\"font-weight: 400;\">Cada paciente es \u00fanico, pero su cirujano probablemente no recomiende correr un marat\u00f3n. En su lugar es importante conocer el tipo y la magnitud de los da\u00f1os provocados a los huesos, cart\u00edlagos y ligamentos y comprender cu\u00e1l es la causa de su dolor para poder decidir un plan de tratamiento.\u00a0<\/span><\/p>\n<h3><\/h3>\n<p>[\/vc_column_text][\/vc_column_inner][\/vc_row_inner][vc_empty_space][\/vc_column][\/vc_row]<\/p>\n<\/div>","protected":false},"excerpt":{"rendered":"<p>La cirug\u00eda de reemplazo total de rodilla es una de las cirug\u00edas ortop\u00e9dicas m\u00e1s comunes. Si experimentas dolor intenso o prolongado al caminar, subir escaleras, al levantarte o sentarte, puedes ser candidato a este procedimiento quir\u00fargico. Sigue leyendo y conoce lo que debes saber antes de una cirug\u00eda de reemplazo de rodilla, incluyendo cu\u00e1ndo es requerida, qu\u00e9 sucede durante el procedimiento y si existen riesgos o complicaciones.<\/p>\n","protected":false},"author":2,"featured_media":0,"parent":4175,"menu_order":0,"comment_status":"closed","ping_status":"closed","template":"","meta":{"footnotes":""},"class_list":["post-6287","page","type-page","status-publish","hentry"],"acf":[],"yoast_head":"<!-- This site is optimized with the Yoast SEO plugin v27.4 - https:\/\/yoast.com\/product\/yoast-seo-wordpress\/ -->\n<title>Cirug\u00eda para Reemplazo de Rodilla - Hospital CMQ<\/title>\n<meta name=\"description\" content=\"El 90% de los pacientes de cirug\u00eda de reemplazo de rodilla informaron una reducci\u00f3n dr\u00e1stica del dolor y una mejora en la movilidad despu\u00e9s de someterse a esta cirug\u00eda en Hospitales CMQ.\" \/>\n<meta name=\"robots\" content=\"index, follow, max-snippet:-1, max-image-preview:large, max-video-preview:-1\" \/>\n<link rel=\"canonical\" href=\"https:\/\/hospitalcmq.com\/es\/turismo-medico\/cirugia-para-reemplazo-de-rodilla\/\" \/>\n<meta property=\"og:locale\" content=\"es_ES\" \/>\n<meta property=\"og:type\" content=\"article\" \/>\n<meta property=\"og:title\" content=\"Cirug\u00eda para Reemplazo de Rodilla - Hospital CMQ\" \/>\n<meta property=\"og:description\" content=\"El 90% de los pacientes de cirug\u00eda de reemplazo de rodilla informaron una reducci\u00f3n dr\u00e1stica del dolor y una mejora en la movilidad despu\u00e9s de someterse a esta cirug\u00eda en Hospitales CMQ.\" \/>\n<meta property=\"og:url\" content=\"https:\/\/hospitalcmq.com\/es\/turismo-medico\/cirugia-para-reemplazo-de-rodilla\/\" \/>\n<meta property=\"og:site_name\" content=\"Hospital CMQ\" \/>\n<meta property=\"article:publisher\" content=\"https:\/\/www.facebook.com\/HospitalCMQ\" \/>\n<meta property=\"article:modified_time\" content=\"2024-05-17T16:56:05+00:00\" \/>\n<meta property=\"og:image\" content=\"https:\/\/hospitalcmq.com\/wp-content\/uploads\/2018\/02\/ebebeb-1.jpg\" \/>\n<meta name=\"twitter:card\" content=\"summary_large_image\" \/>\n<meta name=\"twitter:label1\" content=\"Tiempo de lectura\" \/>\n\t<meta name=\"twitter:data1\" content=\"2 minutos\" \/>\n<script type=\"application\/ld+json\" class=\"yoast-schema-graph\">{\"@context\":\"https:\\\/\\\/schema.org\",\"@graph\":[{\"@type\":\"WebPage\",\"@id\":\"https:\\\/\\\/hospitalcmq.com\\\/es\\\/turismo-medico\\\/cirugia-para-reemplazo-de-rodilla\\\/\",\"url\":\"https:\\\/\\\/hospitalcmq.com\\\/es\\\/turismo-medico\\\/cirugia-para-reemplazo-de-rodilla\\\/\",\"name\":\"Cirug\u00eda para Reemplazo de Rodilla - Hospital CMQ\",\"isPartOf\":{\"@id\":\"https:\\\/\\\/hospitalcmq.com\\\/es\\\/#website\"},\"primaryImageOfPage\":{\"@id\":\"https:\\\/\\\/hospitalcmq.com\\\/es\\\/turismo-medico\\\/cirugia-para-reemplazo-de-rodilla\\\/#primaryimage\"},\"image\":{\"@id\":\"https:\\\/\\\/hospitalcmq.com\\\/es\\\/turismo-medico\\\/cirugia-para-reemplazo-de-rodilla\\\/#primaryimage\"},\"thumbnailUrl\":\"https:\\\/\\\/hospitalcmq.com\\\/wp-content\\\/uploads\\\/2018\\\/02\\\/ebebeb-1.jpg\",\"datePublished\":\"2019-06-26T16:07:23+00:00\",\"dateModified\":\"2024-05-17T16:56:05+00:00\",\"description\":\"El 90% de los pacientes de cirug\u00eda de reemplazo de rodilla informaron una reducci\u00f3n dr\u00e1stica del dolor y una mejora en la movilidad despu\u00e9s de someterse a esta cirug\u00eda en Hospitales CMQ.\",\"breadcrumb\":{\"@id\":\"https:\\\/\\\/hospitalcmq.com\\\/es\\\/turismo-medico\\\/cirugia-para-reemplazo-de-rodilla\\\/#breadcrumb\"},\"inLanguage\":\"es\",\"potentialAction\":[{\"@type\":\"ReadAction\",\"target\":[\"https:\\\/\\\/hospitalcmq.com\\\/es\\\/turismo-medico\\\/cirugia-para-reemplazo-de-rodilla\\\/\"]}]},{\"@type\":\"ImageObject\",\"inLanguage\":\"es\",\"@id\":\"https:\\\/\\\/hospitalcmq.com\\\/es\\\/turismo-medico\\\/cirugia-para-reemplazo-de-rodilla\\\/#primaryimage\",\"url\":\"https:\\\/\\\/hospitalcmq.com\\\/wp-content\\\/uploads\\\/2018\\\/02\\\/ebebeb-1.jpg\",\"contentUrl\":\"https:\\\/\\\/hospitalcmq.com\\\/wp-content\\\/uploads\\\/2018\\\/02\\\/ebebeb-1.jpg\"},{\"@type\":\"BreadcrumbList\",\"@id\":\"https:\\\/\\\/hospitalcmq.com\\\/es\\\/turismo-medico\\\/cirugia-para-reemplazo-de-rodilla\\\/#breadcrumb\",\"itemListElement\":[{\"@type\":\"ListItem\",\"position\":1,\"name\":\"Home\",\"item\":\"https:\\\/\\\/hospitalcmq.com\\\/es\\\/\"},{\"@type\":\"ListItem\",\"position\":2,\"name\":\"Turismo M\u00e9dico\",\"item\":\"https:\\\/\\\/hospitalcmq.com\\\/es\\\/turismo-medico\\\/\"},{\"@type\":\"ListItem\",\"position\":3,\"name\":\"Cirug\u00eda para Reemplazo de Rodilla\"}]},{\"@type\":\"WebSite\",\"@id\":\"https:\\\/\\\/hospitalcmq.com\\\/es\\\/#website\",\"url\":\"https:\\\/\\\/hospitalcmq.com\\\/es\\\/\",\"name\":\"Hospital CMQ\",\"description\":\"Best Hospitals in Puerto Vallarta &amp; Riviera Nayarit\",\"publisher\":{\"@id\":\"https:\\\/\\\/hospitalcmq.com\\\/es\\\/#organization\"},\"potentialAction\":[{\"@type\":\"SearchAction\",\"target\":{\"@type\":\"EntryPoint\",\"urlTemplate\":\"https:\\\/\\\/hospitalcmq.com\\\/es\\\/?s={search_term_string}\"},\"query-input\":{\"@type\":\"PropertyValueSpecification\",\"valueRequired\":true,\"valueName\":\"search_term_string\"}}],\"inLanguage\":\"es\"},{\"@type\":\"Organization\",\"@id\":\"https:\\\/\\\/hospitalcmq.com\\\/es\\\/#organization\",\"name\":\"Hospital CMQ\",\"url\":\"https:\\\/\\\/hospitalcmq.com\\\/es\\\/\",\"logo\":{\"@type\":\"ImageObject\",\"inLanguage\":\"es\",\"@id\":\"https:\\\/\\\/hospitalcmq.com\\\/es\\\/#\\\/schema\\\/logo\\\/image\\\/\",\"url\":\"https:\\\/\\\/hospitalcmq.com\\\/wp-content\\\/uploads\\\/2018\\\/06\\\/cmq-hospital-logo.png\",\"contentUrl\":\"https:\\\/\\\/hospitalcmq.com\\\/wp-content\\\/uploads\\\/2018\\\/06\\\/cmq-hospital-logo.png\",\"width\":214,\"height\":189,\"caption\":\"Hospital CMQ\"},\"image\":{\"@id\":\"https:\\\/\\\/hospitalcmq.com\\\/es\\\/#\\\/schema\\\/logo\\\/image\\\/\"},\"sameAs\":[\"https:\\\/\\\/www.facebook.com\\\/HospitalCMQ\"]}]}<\/script>\n<!-- \/ Yoast SEO plugin. -->","yoast_head_json":{"title":"Cirug\u00eda para Reemplazo de Rodilla - Hospital CMQ","description":"El 90% de los pacientes de cirug\u00eda de reemplazo de rodilla informaron una reducci\u00f3n dr\u00e1stica del dolor y una mejora en la movilidad despu\u00e9s de someterse a esta cirug\u00eda en Hospitales CMQ.","robots":{"index":"index","follow":"follow","max-snippet":"max-snippet:-1","max-image-preview":"max-image-preview:large","max-video-preview":"max-video-preview:-1"},"canonical":"https:\/\/hospitalcmq.com\/es\/turismo-medico\/cirugia-para-reemplazo-de-rodilla\/","og_locale":"es_ES","og_type":"article","og_title":"Cirug\u00eda para Reemplazo de Rodilla - Hospital CMQ","og_description":"El 90% de los pacientes de cirug\u00eda de reemplazo de rodilla informaron una reducci\u00f3n dr\u00e1stica del dolor y una mejora en la movilidad despu\u00e9s de someterse a esta cirug\u00eda en Hospitales CMQ.","og_url":"https:\/\/hospitalcmq.com\/es\/turismo-medico\/cirugia-para-reemplazo-de-rodilla\/","og_site_name":"Hospital CMQ","article_publisher":"https:\/\/www.facebook.com\/HospitalCMQ","article_modified_time":"2024-05-17T16:56:05+00:00","og_image":[{"url":"https:\/\/hospitalcmq.com\/wp-content\/uploads\/2018\/02\/ebebeb-1.jpg","type":"","width":"","height":""}],"twitter_card":"summary_large_image","twitter_misc":{"Tiempo de lectura":"2 minutos"},"schema":{"@context":"https:\/\/schema.org","@graph":[{"@type":"WebPage","@id":"https:\/\/hospitalcmq.com\/es\/turismo-medico\/cirugia-para-reemplazo-de-rodilla\/","url":"https:\/\/hospitalcmq.com\/es\/turismo-medico\/cirugia-para-reemplazo-de-rodilla\/","name":"Cirug\u00eda para Reemplazo de Rodilla - Hospital CMQ","isPartOf":{"@id":"https:\/\/hospitalcmq.com\/es\/#website"},"primaryImageOfPage":{"@id":"https:\/\/hospitalcmq.com\/es\/turismo-medico\/cirugia-para-reemplazo-de-rodilla\/#primaryimage"},"image":{"@id":"https:\/\/hospitalcmq.com\/es\/turismo-medico\/cirugia-para-reemplazo-de-rodilla\/#primaryimage"},"thumbnailUrl":"https:\/\/hospitalcmq.com\/wp-content\/uploads\/2018\/02\/ebebeb-1.jpg","datePublished":"2019-06-26T16:07:23+00:00","dateModified":"2024-05-17T16:56:05+00:00","description":"El 90% de los pacientes de cirug\u00eda de reemplazo de rodilla informaron una reducci\u00f3n dr\u00e1stica del dolor y una mejora en la movilidad despu\u00e9s de someterse a esta cirug\u00eda en Hospitales CMQ.","breadcrumb":{"@id":"https:\/\/hospitalcmq.com\/es\/turismo-medico\/cirugia-para-reemplazo-de-rodilla\/#breadcrumb"},"inLanguage":"es","potentialAction":[{"@type":"ReadAction","target":["https:\/\/hospitalcmq.com\/es\/turismo-medico\/cirugia-para-reemplazo-de-rodilla\/"]}]},{"@type":"ImageObject","inLanguage":"es","@id":"https:\/\/hospitalcmq.com\/es\/turismo-medico\/cirugia-para-reemplazo-de-rodilla\/#primaryimage","url":"https:\/\/hospitalcmq.com\/wp-content\/uploads\/2018\/02\/ebebeb-1.jpg","contentUrl":"https:\/\/hospitalcmq.com\/wp-content\/uploads\/2018\/02\/ebebeb-1.jpg"},{"@type":"BreadcrumbList","@id":"https:\/\/hospitalcmq.com\/es\/turismo-medico\/cirugia-para-reemplazo-de-rodilla\/#breadcrumb","itemListElement":[{"@type":"ListItem","position":1,"name":"Home","item":"https:\/\/hospitalcmq.com\/es\/"},{"@type":"ListItem","position":2,"name":"Turismo M\u00e9dico","item":"https:\/\/hospitalcmq.com\/es\/turismo-medico\/"},{"@type":"ListItem","position":3,"name":"Cirug\u00eda para Reemplazo de Rodilla"}]},{"@type":"WebSite","@id":"https:\/\/hospitalcmq.com\/es\/#website","url":"https:\/\/hospitalcmq.com\/es\/","name":"Hospital CMQ","description":"Best Hospitals in Puerto Vallarta &amp; Riviera Nayarit","publisher":{"@id":"https:\/\/hospitalcmq.com\/es\/#organization"},"potentialAction":[{"@type":"SearchAction","target":{"@type":"EntryPoint","urlTemplate":"https:\/\/hospitalcmq.com\/es\/?s={search_term_string}"},"query-input":{"@type":"PropertyValueSpecification","valueRequired":true,"valueName":"search_term_string"}}],"inLanguage":"es"},{"@type":"Organization","@id":"https:\/\/hospitalcmq.com\/es\/#organization","name":"Hospital CMQ","url":"https:\/\/hospitalcmq.com\/es\/","logo":{"@type":"ImageObject","inLanguage":"es","@id":"https:\/\/hospitalcmq.com\/es\/#\/schema\/logo\/image\/","url":"https:\/\/hospitalcmq.com\/wp-content\/uploads\/2018\/06\/cmq-hospital-logo.png","contentUrl":"https:\/\/hospitalcmq.com\/wp-content\/uploads\/2018\/06\/cmq-hospital-logo.png","width":214,"height":189,"caption":"Hospital CMQ"},"image":{"@id":"https:\/\/hospitalcmq.com\/es\/#\/schema\/logo\/image\/"},"sameAs":["https:\/\/www.facebook.com\/HospitalCMQ"]}]}},"_links":{"self":[{"href":"https:\/\/hospitalcmq.com\/es\/wp-json\/wp\/v2\/pages\/6287","targetHints":{"allow":["GET"]}}],"collection":[{"href":"https:\/\/hospitalcmq.com\/es\/wp-json\/wp\/v2\/pages"}],"about":[{"href":"https:\/\/hospitalcmq.com\/es\/wp-json\/wp\/v2\/types\/page"}],"author":[{"embeddable":true,"href":"https:\/\/hospitalcmq.com\/es\/wp-json\/wp\/v2\/users\/2"}],"replies":[{"embeddable":true,"href":"https:\/\/hospitalcmq.com\/es\/wp-json\/wp\/v2\/comments?post=6287"}],"version-history":[{"count":0,"href":"https:\/\/hospitalcmq.com\/es\/wp-json\/wp\/v2\/pages\/6287\/revisions"}],"up":[{"embeddable":true,"href":"https:\/\/hospitalcmq.com\/es\/wp-json\/wp\/v2\/pages\/4175"}],"wp:attachment":[{"href":"https:\/\/hospitalcmq.com\/es\/wp-json\/wp\/v2\/media?parent=6287"}],"curies":[{"name":"wp","href":"https:\/\/api.w.org\/{rel}","templated":true}]}}