{"id":6283,"date":"2019-06-26T10:50:34","date_gmt":"2019-06-26T15:50:34","guid":{"rendered":"https:\/\/hospitalcmq.com\/?page_id=6283"},"modified":"2024-05-17T10:48:35","modified_gmt":"2024-05-17T16:48:35","slug":"cirugia-de-cadera","status":"publish","type":"page","link":"https:\/\/hospitalcmq.com\/es\/turismo-medico\/cirugia-de-cadera\/","title":{"rendered":"Cirug\u00eda de Cadera"},"content":{"rendered":"<div class=\"wpb-content-wrapper\"><p>[vc_row][vc_column][vc_column_text]<span style=\"font-weight: 400;\">En la actualidad, padecer de dolores y molestias en la cadera ya no se limita \u00fanicamente a personas de mayor edad. Anualmente m\u00e1s de 330,000 pacientes<\/span><span style=\"font-weight: 400;\">\u2014j\u00f3venes y adultos incluidos\u2014se someten a una intervenci\u00f3n quir\u00fargica para erradicar estos padecimientos.\u00a0<\/span><\/p>\n<p><span style=\"font-weight: 400;\">Esta cirug\u00eda es m\u00ednimamente invasiva y requiere una incisi\u00f3n peque\u00f1a. Es un m\u00e9todo en el que se remueve el cart\u00edlago y hueso da\u00f1ado de la cadera y se reemplaza colocando un implante artificial para restablecer su alineaci\u00f3n y funci\u00f3n, aliviar el dolor y ayudar a restablecer el movimiento con m\u00e1s facilidad.\u00a0<\/span>[\/vc_column_text][vc_empty_space][vc_column_text]<\/p>\n<h2><img loading=\"lazy\" decoding=\"async\" class=\"size-full wp-image-2198 alignright\" src=\"https:\/\/hospitalcmq.com\/wp-content\/uploads\/2018\/02\/ebebeb-1.jpg\" alt=\"\" width=\"470\" height=\"260\" \/><\/h2>\n<h2>\u00bfCu\u00e1ndo es necesaria una Cirug\u00eda de Cadera?<\/h2>\n<p><span style=\"font-weight: 400;\">Si bien hay varias instancias en las que se recomienda esta cirug\u00eda, puede existir dos causas principales:<\/span><\/p>\n<ul>\n<li style=\"font-weight: 400;\"><b>Fractura:<\/b><span style=\"font-weight: 400;\"> los traumatismos que se producen como consecuencia de un golpe o de una ca\u00edda, en la que el hueso y el cart\u00edlago se lesionan y se altera la movilidad de la articulaci\u00f3n. <\/span><\/li>\n<li style=\"font-weight: 400;\"><b>Artrosis:<\/b> se produce por el deterioro del cart\u00edlago protector de la articulaci\u00f3n de la cadera, lo cual genera fricci\u00f3n y deformaci\u00f3n de los huesos que componen dicha articulaci\u00f3n.<\/li>\n<\/ul>\n<p>[\/vc_column_text][vc_empty_space][vc_empty_space][vc_row_inner el_class=\u00bbblock&#8211;padding&#8211;gray\u00bb][vc_column_inner][vc_single_image image=\u00bb1433&#8243; img_size=\u00bbfull\u00bb alignment=\u00bbcenter\u00bb][vc_empty_space][vc_column_text]<\/p>\n<h3>\u00bfExisten riesgos o complicaciones?<\/h3>\n<ul>\n<li><b>Infecci\u00f3n: <\/b>Puede ser superficial provocada por la herida o presentarse alrededor de la pr\u00f3tesis.<\/li>\n<li><b>Co\u00e1gulos de Sangre: <\/b>Los co\u00e1gulos en las venas de la pierna o pelvis son las complicaciones m\u00e1s comunes de la cirug\u00eda. Comprometen la salud del paciente cuando se desplazan a los pulmones.<\/li>\n<li><b>Sensaci\u00f3n de desigualdad de largo de las piernas: <\/b>Despu\u00e9s de una cirug\u00eda de cadera, una pierna puede percibirse m\u00e1s larga o m\u00e1s corta que la otra.<\/li>\n<li><b>Dislocaci\u00f3n: <\/b>El riesgo de dislocaci\u00f3n es mayor en los primeros meses despu\u00e9s de la cirug\u00eda, ya que los tejidos est\u00e1n cicatrizando. En esta situaci\u00f3n, una segunda cirug\u00eda puede ser necesaria.<\/li>\n<li><b>Aflojamiento y desgaste del implante: <\/b>Con el paso del tiempo, la pr\u00f3tesis de cadera puede desgastarse o aflojarse. Esto se debe por la realizaci\u00f3n de actividades cotidianas.<\/li>\n<\/ul>\n<p>[\/vc_column_text][\/vc_column_inner][\/vc_row_inner][vc_empty_space][\/vc_column][\/vc_row][vc_row][vc_column][vc_column_text]<\/p>\n<h3>Tipos de pr\u00f3tesis de cadera<\/h3>\n<p>La pr\u00f3tesis a utilizar depende de m\u00faltiples factores, siendo los m\u00e1s decisivos el tipo de patolog\u00eda, ya sea por una fractura o desgaste articular, tu edad y calidad de tus huesos. Las pr\u00f3tesis se utilizan para devolver la funci\u00f3n y restaurar la funci\u00f3n del \u00e1rea y por ello tienen diferentes componentes. Se clasifican en funci\u00f3n de c\u00f3mo se realice la sustituci\u00f3n de los huesos afectados.<\/p>\n<ul>\n<li><strong>Pr\u00f3tesis total de cadera.<\/strong><\/li>\n<li><strong>Pr\u00f3tesis parcial de cadera.<\/strong><\/li>\n<li><strong>Pr\u00f3tesis de revisi\u00f3n.<\/strong><\/li>\n<li><strong>Pr\u00f3tesis de resurfacing.<\/strong><\/li>\n<\/ul>\n<p>[\/vc_column_text][\/vc_column][\/vc_row]<\/p>\n<\/div>","protected":false},"excerpt":{"rendered":"<p>Sufrir dolor en la cadera no es solo un problema para las personas mayores. La cirug\u00eda de cadera o de reemplazo de cadera, es el segundo procedimiento ortop\u00e9dico m\u00e1s com\u00fan, con m\u00e1s de 300,000 pacientes por a\u00f1o. Descubre aqu\u00ed lo que ocurre durante una cirug\u00eda de cadera, cu\u00e1ndo es necesaria, los beneficios que trae consigo como reducir el dolor y mejorar la movilidad. <\/p>\n","protected":false},"author":2,"featured_media":0,"parent":4175,"menu_order":0,"comment_status":"closed","ping_status":"closed","template":"","meta":{"footnotes":""},"class_list":["post-6283","page","type-page","status-publish","hentry"],"acf":[],"yoast_head":"<!-- This site is optimized with the Yoast SEO plugin v27.4 - https:\/\/yoast.com\/product\/yoast-seo-wordpress\/ -->\n<title>\u00bfC\u00f3mo es una cirug\u00eda de cadera? \u00a1Nuestros especialistas te explican!<\/title>\n<meta name=\"description\" content=\"El dolor de cadera no es exclusivo de personas mayores. Descubre aqu\u00ed si tu molestia es m\u00e1s que eso y contacta a nuestros especialistas en Hospital CMQ.\" \/>\n<meta name=\"robots\" content=\"index, follow, max-snippet:-1, max-image-preview:large, max-video-preview:-1\" \/>\n<link rel=\"canonical\" href=\"https:\/\/hospitalcmq.com\/es\/turismo-medico\/cirugia-de-cadera\/\" \/>\n<meta property=\"og:locale\" content=\"es_ES\" \/>\n<meta property=\"og:type\" content=\"article\" \/>\n<meta property=\"og:title\" content=\"\u00bfC\u00f3mo es una cirug\u00eda de cadera? \u00a1Nuestros especialistas te explican!\" \/>\n<meta property=\"og:description\" content=\"El dolor de cadera no es exclusivo de personas mayores. Descubre aqu\u00ed si tu molestia es m\u00e1s que eso y contacta a nuestros especialistas en Hospital CMQ.\" \/>\n<meta property=\"og:url\" content=\"https:\/\/hospitalcmq.com\/es\/turismo-medico\/cirugia-de-cadera\/\" \/>\n<meta property=\"og:site_name\" content=\"Hospital CMQ\" \/>\n<meta property=\"article:publisher\" content=\"https:\/\/www.facebook.com\/HospitalCMQ\" \/>\n<meta property=\"article:modified_time\" content=\"2024-05-17T16:48:35+00:00\" \/>\n<meta property=\"og:image\" content=\"https:\/\/hospitalcmq.com\/wp-content\/uploads\/2018\/02\/ebebeb-1.jpg\" \/>\n<meta name=\"twitter:card\" content=\"summary_large_image\" \/>\n<meta name=\"twitter:label1\" content=\"Tiempo de lectura\" \/>\n\t<meta name=\"twitter:data1\" content=\"3 minutos\" \/>\n<script type=\"application\/ld+json\" class=\"yoast-schema-graph\">{\"@context\":\"https:\\\/\\\/schema.org\",\"@graph\":[{\"@type\":\"WebPage\",\"@id\":\"https:\\\/\\\/hospitalcmq.com\\\/es\\\/turismo-medico\\\/cirugia-de-cadera\\\/\",\"url\":\"https:\\\/\\\/hospitalcmq.com\\\/es\\\/turismo-medico\\\/cirugia-de-cadera\\\/\",\"name\":\"\u00bfC\u00f3mo es una cirug\u00eda de cadera? \u00a1Nuestros especialistas te explican!\",\"isPartOf\":{\"@id\":\"https:\\\/\\\/hospitalcmq.com\\\/es\\\/#website\"},\"primaryImageOfPage\":{\"@id\":\"https:\\\/\\\/hospitalcmq.com\\\/es\\\/turismo-medico\\\/cirugia-de-cadera\\\/#primaryimage\"},\"image\":{\"@id\":\"https:\\\/\\\/hospitalcmq.com\\\/es\\\/turismo-medico\\\/cirugia-de-cadera\\\/#primaryimage\"},\"thumbnailUrl\":\"https:\\\/\\\/hospitalcmq.com\\\/wp-content\\\/uploads\\\/2018\\\/02\\\/ebebeb-1.jpg\",\"datePublished\":\"2019-06-26T15:50:34+00:00\",\"dateModified\":\"2024-05-17T16:48:35+00:00\",\"description\":\"El dolor de cadera no es exclusivo de personas mayores. Descubre aqu\u00ed si tu molestia es m\u00e1s que eso y contacta a nuestros especialistas en Hospital CMQ.\",\"breadcrumb\":{\"@id\":\"https:\\\/\\\/hospitalcmq.com\\\/es\\\/turismo-medico\\\/cirugia-de-cadera\\\/#breadcrumb\"},\"inLanguage\":\"es\",\"potentialAction\":[{\"@type\":\"ReadAction\",\"target\":[\"https:\\\/\\\/hospitalcmq.com\\\/es\\\/turismo-medico\\\/cirugia-de-cadera\\\/\"]}]},{\"@type\":\"ImageObject\",\"inLanguage\":\"es\",\"@id\":\"https:\\\/\\\/hospitalcmq.com\\\/es\\\/turismo-medico\\\/cirugia-de-cadera\\\/#primaryimage\",\"url\":\"https:\\\/\\\/hospitalcmq.com\\\/wp-content\\\/uploads\\\/2018\\\/02\\\/ebebeb-1.jpg\",\"contentUrl\":\"https:\\\/\\\/hospitalcmq.com\\\/wp-content\\\/uploads\\\/2018\\\/02\\\/ebebeb-1.jpg\"},{\"@type\":\"BreadcrumbList\",\"@id\":\"https:\\\/\\\/hospitalcmq.com\\\/es\\\/turismo-medico\\\/cirugia-de-cadera\\\/#breadcrumb\",\"itemListElement\":[{\"@type\":\"ListItem\",\"position\":1,\"name\":\"Home\",\"item\":\"https:\\\/\\\/hospitalcmq.com\\\/es\\\/\"},{\"@type\":\"ListItem\",\"position\":2,\"name\":\"Turismo M\u00e9dico\",\"item\":\"https:\\\/\\\/hospitalcmq.com\\\/es\\\/turismo-medico\\\/\"},{\"@type\":\"ListItem\",\"position\":3,\"name\":\"Cirug\u00eda de Cadera\"}]},{\"@type\":\"WebSite\",\"@id\":\"https:\\\/\\\/hospitalcmq.com\\\/es\\\/#website\",\"url\":\"https:\\\/\\\/hospitalcmq.com\\\/es\\\/\",\"name\":\"Hospital CMQ\",\"description\":\"Best Hospitals in Puerto Vallarta &amp; Riviera Nayarit\",\"publisher\":{\"@id\":\"https:\\\/\\\/hospitalcmq.com\\\/es\\\/#organization\"},\"potentialAction\":[{\"@type\":\"SearchAction\",\"target\":{\"@type\":\"EntryPoint\",\"urlTemplate\":\"https:\\\/\\\/hospitalcmq.com\\\/es\\\/?s={search_term_string}\"},\"query-input\":{\"@type\":\"PropertyValueSpecification\",\"valueRequired\":true,\"valueName\":\"search_term_string\"}}],\"inLanguage\":\"es\"},{\"@type\":\"Organization\",\"@id\":\"https:\\\/\\\/hospitalcmq.com\\\/es\\\/#organization\",\"name\":\"Hospital CMQ\",\"url\":\"https:\\\/\\\/hospitalcmq.com\\\/es\\\/\",\"logo\":{\"@type\":\"ImageObject\",\"inLanguage\":\"es\",\"@id\":\"https:\\\/\\\/hospitalcmq.com\\\/es\\\/#\\\/schema\\\/logo\\\/image\\\/\",\"url\":\"https:\\\/\\\/hospitalcmq.com\\\/wp-content\\\/uploads\\\/2018\\\/06\\\/cmq-hospital-logo.png\",\"contentUrl\":\"https:\\\/\\\/hospitalcmq.com\\\/wp-content\\\/uploads\\\/2018\\\/06\\\/cmq-hospital-logo.png\",\"width\":214,\"height\":189,\"caption\":\"Hospital CMQ\"},\"image\":{\"@id\":\"https:\\\/\\\/hospitalcmq.com\\\/es\\\/#\\\/schema\\\/logo\\\/image\\\/\"},\"sameAs\":[\"https:\\\/\\\/www.facebook.com\\\/HospitalCMQ\"]}]}<\/script>\n<!-- \/ Yoast SEO plugin. -->","yoast_head_json":{"title":"\u00bfC\u00f3mo es una cirug\u00eda de cadera? \u00a1Nuestros especialistas te explican!","description":"El dolor de cadera no es exclusivo de personas mayores. Descubre aqu\u00ed si tu molestia es m\u00e1s que eso y contacta a nuestros especialistas en Hospital CMQ.","robots":{"index":"index","follow":"follow","max-snippet":"max-snippet:-1","max-image-preview":"max-image-preview:large","max-video-preview":"max-video-preview:-1"},"canonical":"https:\/\/hospitalcmq.com\/es\/turismo-medico\/cirugia-de-cadera\/","og_locale":"es_ES","og_type":"article","og_title":"\u00bfC\u00f3mo es una cirug\u00eda de cadera? \u00a1Nuestros especialistas te explican!","og_description":"El dolor de cadera no es exclusivo de personas mayores. Descubre aqu\u00ed si tu molestia es m\u00e1s que eso y contacta a nuestros especialistas en Hospital CMQ.","og_url":"https:\/\/hospitalcmq.com\/es\/turismo-medico\/cirugia-de-cadera\/","og_site_name":"Hospital CMQ","article_publisher":"https:\/\/www.facebook.com\/HospitalCMQ","article_modified_time":"2024-05-17T16:48:35+00:00","og_image":[{"url":"https:\/\/hospitalcmq.com\/wp-content\/uploads\/2018\/02\/ebebeb-1.jpg","type":"","width":"","height":""}],"twitter_card":"summary_large_image","twitter_misc":{"Tiempo de lectura":"3 minutos"},"schema":{"@context":"https:\/\/schema.org","@graph":[{"@type":"WebPage","@id":"https:\/\/hospitalcmq.com\/es\/turismo-medico\/cirugia-de-cadera\/","url":"https:\/\/hospitalcmq.com\/es\/turismo-medico\/cirugia-de-cadera\/","name":"\u00bfC\u00f3mo es una cirug\u00eda de cadera? \u00a1Nuestros especialistas te explican!","isPartOf":{"@id":"https:\/\/hospitalcmq.com\/es\/#website"},"primaryImageOfPage":{"@id":"https:\/\/hospitalcmq.com\/es\/turismo-medico\/cirugia-de-cadera\/#primaryimage"},"image":{"@id":"https:\/\/hospitalcmq.com\/es\/turismo-medico\/cirugia-de-cadera\/#primaryimage"},"thumbnailUrl":"https:\/\/hospitalcmq.com\/wp-content\/uploads\/2018\/02\/ebebeb-1.jpg","datePublished":"2019-06-26T15:50:34+00:00","dateModified":"2024-05-17T16:48:35+00:00","description":"El dolor de cadera no es exclusivo de personas mayores. Descubre aqu\u00ed si tu molestia es m\u00e1s que eso y contacta a nuestros especialistas en Hospital CMQ.","breadcrumb":{"@id":"https:\/\/hospitalcmq.com\/es\/turismo-medico\/cirugia-de-cadera\/#breadcrumb"},"inLanguage":"es","potentialAction":[{"@type":"ReadAction","target":["https:\/\/hospitalcmq.com\/es\/turismo-medico\/cirugia-de-cadera\/"]}]},{"@type":"ImageObject","inLanguage":"es","@id":"https:\/\/hospitalcmq.com\/es\/turismo-medico\/cirugia-de-cadera\/#primaryimage","url":"https:\/\/hospitalcmq.com\/wp-content\/uploads\/2018\/02\/ebebeb-1.jpg","contentUrl":"https:\/\/hospitalcmq.com\/wp-content\/uploads\/2018\/02\/ebebeb-1.jpg"},{"@type":"BreadcrumbList","@id":"https:\/\/hospitalcmq.com\/es\/turismo-medico\/cirugia-de-cadera\/#breadcrumb","itemListElement":[{"@type":"ListItem","position":1,"name":"Home","item":"https:\/\/hospitalcmq.com\/es\/"},{"@type":"ListItem","position":2,"name":"Turismo M\u00e9dico","item":"https:\/\/hospitalcmq.com\/es\/turismo-medico\/"},{"@type":"ListItem","position":3,"name":"Cirug\u00eda de Cadera"}]},{"@type":"WebSite","@id":"https:\/\/hospitalcmq.com\/es\/#website","url":"https:\/\/hospitalcmq.com\/es\/","name":"Hospital CMQ","description":"Best Hospitals in Puerto Vallarta &amp; Riviera Nayarit","publisher":{"@id":"https:\/\/hospitalcmq.com\/es\/#organization"},"potentialAction":[{"@type":"SearchAction","target":{"@type":"EntryPoint","urlTemplate":"https:\/\/hospitalcmq.com\/es\/?s={search_term_string}"},"query-input":{"@type":"PropertyValueSpecification","valueRequired":true,"valueName":"search_term_string"}}],"inLanguage":"es"},{"@type":"Organization","@id":"https:\/\/hospitalcmq.com\/es\/#organization","name":"Hospital CMQ","url":"https:\/\/hospitalcmq.com\/es\/","logo":{"@type":"ImageObject","inLanguage":"es","@id":"https:\/\/hospitalcmq.com\/es\/#\/schema\/logo\/image\/","url":"https:\/\/hospitalcmq.com\/wp-content\/uploads\/2018\/06\/cmq-hospital-logo.png","contentUrl":"https:\/\/hospitalcmq.com\/wp-content\/uploads\/2018\/06\/cmq-hospital-logo.png","width":214,"height":189,"caption":"Hospital CMQ"},"image":{"@id":"https:\/\/hospitalcmq.com\/es\/#\/schema\/logo\/image\/"},"sameAs":["https:\/\/www.facebook.com\/HospitalCMQ"]}]}},"_links":{"self":[{"href":"https:\/\/hospitalcmq.com\/es\/wp-json\/wp\/v2\/pages\/6283","targetHints":{"allow":["GET"]}}],"collection":[{"href":"https:\/\/hospitalcmq.com\/es\/wp-json\/wp\/v2\/pages"}],"about":[{"href":"https:\/\/hospitalcmq.com\/es\/wp-json\/wp\/v2\/types\/page"}],"author":[{"embeddable":true,"href":"https:\/\/hospitalcmq.com\/es\/wp-json\/wp\/v2\/users\/2"}],"replies":[{"embeddable":true,"href":"https:\/\/hospitalcmq.com\/es\/wp-json\/wp\/v2\/comments?post=6283"}],"version-history":[{"count":0,"href":"https:\/\/hospitalcmq.com\/es\/wp-json\/wp\/v2\/pages\/6283\/revisions"}],"up":[{"embeddable":true,"href":"https:\/\/hospitalcmq.com\/es\/wp-json\/wp\/v2\/pages\/4175"}],"wp:attachment":[{"href":"https:\/\/hospitalcmq.com\/es\/wp-json\/wp\/v2\/media?parent=6283"}],"curies":[{"name":"wp","href":"https:\/\/api.w.org\/{rel}","templated":true}]}}