{"id":6280,"date":"2019-06-26T10:39:54","date_gmt":"2019-06-26T15:39:54","guid":{"rendered":"https:\/\/hospitalcmq.com\/?page_id=6280"},"modified":"2024-05-17T10:57:27","modified_gmt":"2024-05-17T16:57:27","slug":"cirugia-artroscopica","status":"publish","type":"page","link":"https:\/\/hospitalcmq.com\/es\/turismo-medico\/cirugia-artroscopica\/","title":{"rendered":"Cirug\u00eda Artrosc\u00f3pica"},"content":{"rendered":"<div class=\"wpb-content-wrapper\"><p>[vc_row][vc_column][vc_column_text]<span style=\"font-weight: 400;\">La cirug\u00eda artroscopia se lleva a cabo para la reparaci\u00f3n o el diagn\u00f3stico de una lesi\u00f3n producida dentro de una articulaci\u00f3n. Se utiliza el artroscopio, una herramienta que consiste en una c\u00e1mara de tama\u00f1o peque\u00f1o que se conecta a un monitor de modo que el cirujano pueda ver el interior de la articulaci\u00f3n sin necesidad de realizar una incisi\u00f3n de gran tama\u00f1o. Es una t\u00e9cnica de m\u00ednima invasi\u00f3n, que produce menos da\u00f1os en los tejidos y favorece la recuperaci\u00f3n del paciente.\u00a0<\/span>[\/vc_column_text][vc_empty_space][vc_column_text]<\/p>\n<h2><img loading=\"lazy\" decoding=\"async\" class=\"size-full wp-image-2198 alignright\" src=\"https:\/\/hospitalcmq.com\/wp-content\/uploads\/2018\/02\/ebebeb-1.jpg\" alt=\"\" width=\"470\" height=\"260\" \/>\u00bfEn qu\u00e9 consiste esta intervenci\u00f3n quir\u00fargica?<\/h2>\n<p><span style=\"font-weight: 400;\">En esta cirug\u00eda se realizan entre dos y tres incisiones de aproximadamente 2 y 4 cent\u00edmetros alrededor de la articulaci\u00f3n da\u00f1ada\u2014suele ser com\u00fan en el \u00e1rea de la rodilla o el hombro\u2014. Mediante una de estas incisiones, se introduce soluci\u00f3n salina, lo que permite observar la cavidad articular de forma m\u00e1s clara.\u00a0<\/span><\/p>\n<p><span style=\"font-weight: 400;\">Y a trav\u00e9s de otra de las incisiones creadas, el cirujano introducir\u00e1 una diminuta c\u00e1mara para observar el interior y poder realizar la operaci\u00f3n correctamente. El resto de las incisiones se utilizan para introducir los instrumentos quir\u00fargicos necesarios que asisten el procedimiento. Una vez concluido, se retiran los instrumentos y la soluci\u00f3n salina del interior de la articulaci\u00f3n, se suturan las incisiones y se procede a colocar un vendaje en la zona.\u00a0<\/span><\/p>\n<p><span style=\"font-weight: 400;\">Suele ser realizada bajo anestesia regional o general, con fines terap\u00e9uticos, para corregir alguna afecci\u00f3n o de forma diagn\u00f3stica para conocer posibles da\u00f1os en las articulaciones.\u00a0<\/span>[\/vc_column_text][vc_empty_space][vc_row_inner el_class=\u00bbblock&#8211;padding&#8211;gray\u00bb][vc_column_inner][vc_single_image image=\u00bb1433&#8243; img_size=\u00bbfull\u00bb alignment=\u00bbcenter\u00bb][vc_empty_space][vc_column_text]<\/p>\n<h3>\u00bfExisten riesgos o complicaciones?<\/h3>\n<p><span style=\"font-weight: 400;\">En complemento a los riesgos generales de la anestesia y cirug\u00eda que incluyen reacciones al\u00e9rgicas a medicamentos, problemas respiratorios, sangrado e infecci\u00f3n, existen complicaciones adicionales:<\/span><\/p>\n<ul>\n<li style=\"font-weight: 400;\"><span style=\"font-weight: 400;\">Sangrado dentro de la articulaci\u00f3n.\u00a0<\/span><\/li>\n<li style=\"font-weight: 400;\"><span style=\"font-weight: 400;\">Da\u00f1o al cart\u00edlago, meniscos o ligamentos.\u00a0<\/span><\/li>\n<li style=\"font-weight: 400;\"><span style=\"font-weight: 400;\">Co\u00e1gulos de sangre.\u00a0<\/span><\/li>\n<li style=\"font-weight: 400;\"><span style=\"font-weight: 400;\">Lesi\u00f3n de vasos sangu\u00edneos o nervios.\u00a0<\/span><\/li>\n<li style=\"font-weight: 400;\"><span style=\"font-weight: 400;\">Infecci\u00f3n en la articulaci\u00f3n.<\/span><\/li>\n<li style=\"font-weight: 400;\"><span style=\"font-weight: 400;\">Rigidez en al \u00e1rea tratada.\u00a0<\/span><\/li>\n<\/ul>\n<p>[\/vc_column_text][\/vc_column_inner][\/vc_row_inner][vc_empty_space][\/vc_column][\/vc_row][vc_row][vc_column][vc_column_text]<\/p>\n<h3>\u00bfCu\u00e1ndo se realiza una Artroscopia?<\/h3>\n<p>La cirug\u00eda artrosc\u00f3pica que, por sus caracter\u00edsticas de m\u00ednima invasi\u00f3n, ofrece m\u00faltiples beneficios. Es especialmente \u00fatil para intervenir articulaciones como la rodilla, el hombro, la cadera, el codo, el tobillo o la mu\u00f1eca. Las principales intervenciones quir\u00fargicas que se realizan con esta t\u00e9cnica son:<\/p>\n<ul>\n<li>Cirug\u00eda artrosc\u00f3pica de menisco<\/li>\n<li>Artroscopia de Rodilla<\/li>\n<li>Cirug\u00eda de Reconstrucci\u00f3n de Ligamento Cruzado<\/li>\n<li>Cirug\u00eda de Cadera<\/li>\n<li>Cirug\u00eda de Hombro<\/li>\n<li>Cirug\u00eda de Tobillo<\/li>\n<\/ul>\n<p>[\/vc_column_text][\/vc_column][\/vc_row]<\/p>\n<\/div>","protected":false},"excerpt":{"rendered":"<p>Padecer una lesi\u00f3n en el Ligamento Cruzado Anterior (LCA) es cada vez m\u00e1s com\u00fan entre las personas que practican deporte, especialmente las mujeres. Esta cirug\u00eda reconstructiva, ayuda a reparar el da\u00f1o que se produce en el ligamento ubicado en el interior de la rodilla. Pero, \u00bfqu\u00e9 riesgos existen en una cirug\u00eda de ligamento cruzado anterior y cu\u00e1ndo es necesaria? Desc\u00fabrelo aqu\u00ed.<\/p>\n","protected":false},"author":2,"featured_media":0,"parent":4175,"menu_order":0,"comment_status":"closed","ping_status":"closed","template":"","meta":{"footnotes":""},"class_list":["post-6280","page","type-page","status-publish","hentry"],"acf":[],"yoast_head":"<!-- This site is optimized with the Yoast SEO plugin v27.3 - https:\/\/yoast.com\/product\/yoast-seo-wordpress\/ -->\n<title>\u00bfEn qu\u00e9 consiste la Cirug\u00eda Artrosc\u00f3pica? \u00a1Conoce aqui datos importantes!<\/title>\n<meta name=\"description\" content=\"Cirug\u00eda artrosc\u00f3pica: t\u00e9cnica m\u00ednimamente invasiva que permite conocer da\u00f1os en las articulaciones. Hospitales CMQ a la vanguardia en cirug\u00eda ortop\u00e9dica.\" \/>\n<meta name=\"robots\" content=\"index, follow, max-snippet:-1, max-image-preview:large, max-video-preview:-1\" \/>\n<link rel=\"canonical\" href=\"https:\/\/hospitalcmq.com\/es\/turismo-medico\/cirugia-artroscopica\/\" \/>\n<meta property=\"og:locale\" content=\"es_ES\" \/>\n<meta property=\"og:type\" content=\"article\" \/>\n<meta property=\"og:title\" content=\"\u00bfEn qu\u00e9 consiste la Cirug\u00eda Artrosc\u00f3pica? \u00a1Conoce aqui datos importantes!\" \/>\n<meta property=\"og:description\" content=\"Cirug\u00eda artrosc\u00f3pica: t\u00e9cnica m\u00ednimamente invasiva que permite conocer da\u00f1os en las articulaciones. Hospitales CMQ a la vanguardia en cirug\u00eda ortop\u00e9dica.\" \/>\n<meta property=\"og:url\" content=\"https:\/\/hospitalcmq.com\/es\/turismo-medico\/cirugia-artroscopica\/\" \/>\n<meta property=\"og:site_name\" content=\"Hospital CMQ\" \/>\n<meta property=\"article:publisher\" content=\"https:\/\/www.facebook.com\/HospitalCMQ\" \/>\n<meta property=\"article:modified_time\" content=\"2024-05-17T16:57:27+00:00\" \/>\n<meta property=\"og:image\" content=\"https:\/\/hospitalcmq.com\/wp-content\/uploads\/2018\/02\/ebebeb-1.jpg\" \/>\n<meta name=\"twitter:card\" content=\"summary_large_image\" \/>\n<meta name=\"twitter:label1\" content=\"Tiempo de lectura\" \/>\n\t<meta name=\"twitter:data1\" content=\"3 minutos\" \/>\n<script type=\"application\/ld+json\" class=\"yoast-schema-graph\">{\"@context\":\"https:\\\/\\\/schema.org\",\"@graph\":[{\"@type\":\"WebPage\",\"@id\":\"https:\\\/\\\/hospitalcmq.com\\\/es\\\/turismo-medico\\\/cirugia-artroscopica\\\/\",\"url\":\"https:\\\/\\\/hospitalcmq.com\\\/es\\\/turismo-medico\\\/cirugia-artroscopica\\\/\",\"name\":\"\u00bfEn qu\u00e9 consiste la Cirug\u00eda Artrosc\u00f3pica? \u00a1Conoce aqui datos importantes!\",\"isPartOf\":{\"@id\":\"https:\\\/\\\/hospitalcmq.com\\\/es\\\/#website\"},\"primaryImageOfPage\":{\"@id\":\"https:\\\/\\\/hospitalcmq.com\\\/es\\\/turismo-medico\\\/cirugia-artroscopica\\\/#primaryimage\"},\"image\":{\"@id\":\"https:\\\/\\\/hospitalcmq.com\\\/es\\\/turismo-medico\\\/cirugia-artroscopica\\\/#primaryimage\"},\"thumbnailUrl\":\"https:\\\/\\\/hospitalcmq.com\\\/wp-content\\\/uploads\\\/2018\\\/02\\\/ebebeb-1.jpg\",\"datePublished\":\"2019-06-26T15:39:54+00:00\",\"dateModified\":\"2024-05-17T16:57:27+00:00\",\"description\":\"Cirug\u00eda artrosc\u00f3pica: t\u00e9cnica m\u00ednimamente invasiva que permite conocer da\u00f1os en las articulaciones. Hospitales CMQ a la vanguardia en cirug\u00eda ortop\u00e9dica.\",\"breadcrumb\":{\"@id\":\"https:\\\/\\\/hospitalcmq.com\\\/es\\\/turismo-medico\\\/cirugia-artroscopica\\\/#breadcrumb\"},\"inLanguage\":\"es\",\"potentialAction\":[{\"@type\":\"ReadAction\",\"target\":[\"https:\\\/\\\/hospitalcmq.com\\\/es\\\/turismo-medico\\\/cirugia-artroscopica\\\/\"]}]},{\"@type\":\"ImageObject\",\"inLanguage\":\"es\",\"@id\":\"https:\\\/\\\/hospitalcmq.com\\\/es\\\/turismo-medico\\\/cirugia-artroscopica\\\/#primaryimage\",\"url\":\"https:\\\/\\\/hospitalcmq.com\\\/wp-content\\\/uploads\\\/2018\\\/02\\\/ebebeb-1.jpg\",\"contentUrl\":\"https:\\\/\\\/hospitalcmq.com\\\/wp-content\\\/uploads\\\/2018\\\/02\\\/ebebeb-1.jpg\"},{\"@type\":\"BreadcrumbList\",\"@id\":\"https:\\\/\\\/hospitalcmq.com\\\/es\\\/turismo-medico\\\/cirugia-artroscopica\\\/#breadcrumb\",\"itemListElement\":[{\"@type\":\"ListItem\",\"position\":1,\"name\":\"Home\",\"item\":\"https:\\\/\\\/hospitalcmq.com\\\/es\\\/\"},{\"@type\":\"ListItem\",\"position\":2,\"name\":\"Turismo M\u00e9dico\",\"item\":\"https:\\\/\\\/hospitalcmq.com\\\/es\\\/turismo-medico\\\/\"},{\"@type\":\"ListItem\",\"position\":3,\"name\":\"Cirug\u00eda Artrosc\u00f3pica\"}]},{\"@type\":\"WebSite\",\"@id\":\"https:\\\/\\\/hospitalcmq.com\\\/es\\\/#website\",\"url\":\"https:\\\/\\\/hospitalcmq.com\\\/es\\\/\",\"name\":\"Hospital CMQ\",\"description\":\"Best Hospitals in Puerto Vallarta &amp; Riviera Nayarit\",\"publisher\":{\"@id\":\"https:\\\/\\\/hospitalcmq.com\\\/es\\\/#organization\"},\"potentialAction\":[{\"@type\":\"SearchAction\",\"target\":{\"@type\":\"EntryPoint\",\"urlTemplate\":\"https:\\\/\\\/hospitalcmq.com\\\/es\\\/?s={search_term_string}\"},\"query-input\":{\"@type\":\"PropertyValueSpecification\",\"valueRequired\":true,\"valueName\":\"search_term_string\"}}],\"inLanguage\":\"es\"},{\"@type\":\"Organization\",\"@id\":\"https:\\\/\\\/hospitalcmq.com\\\/es\\\/#organization\",\"name\":\"Hospital CMQ\",\"url\":\"https:\\\/\\\/hospitalcmq.com\\\/es\\\/\",\"logo\":{\"@type\":\"ImageObject\",\"inLanguage\":\"es\",\"@id\":\"https:\\\/\\\/hospitalcmq.com\\\/es\\\/#\\\/schema\\\/logo\\\/image\\\/\",\"url\":\"https:\\\/\\\/hospitalcmq.com\\\/wp-content\\\/uploads\\\/2018\\\/06\\\/cmq-hospital-logo.png\",\"contentUrl\":\"https:\\\/\\\/hospitalcmq.com\\\/wp-content\\\/uploads\\\/2018\\\/06\\\/cmq-hospital-logo.png\",\"width\":214,\"height\":189,\"caption\":\"Hospital CMQ\"},\"image\":{\"@id\":\"https:\\\/\\\/hospitalcmq.com\\\/es\\\/#\\\/schema\\\/logo\\\/image\\\/\"},\"sameAs\":[\"https:\\\/\\\/www.facebook.com\\\/HospitalCMQ\"]}]}<\/script>\n<!-- \/ Yoast SEO plugin. -->","yoast_head_json":{"title":"\u00bfEn qu\u00e9 consiste la Cirug\u00eda Artrosc\u00f3pica? \u00a1Conoce aqui datos importantes!","description":"Cirug\u00eda artrosc\u00f3pica: t\u00e9cnica m\u00ednimamente invasiva que permite conocer da\u00f1os en las articulaciones. Hospitales CMQ a la vanguardia en cirug\u00eda ortop\u00e9dica.","robots":{"index":"index","follow":"follow","max-snippet":"max-snippet:-1","max-image-preview":"max-image-preview:large","max-video-preview":"max-video-preview:-1"},"canonical":"https:\/\/hospitalcmq.com\/es\/turismo-medico\/cirugia-artroscopica\/","og_locale":"es_ES","og_type":"article","og_title":"\u00bfEn qu\u00e9 consiste la Cirug\u00eda Artrosc\u00f3pica? \u00a1Conoce aqui datos importantes!","og_description":"Cirug\u00eda artrosc\u00f3pica: t\u00e9cnica m\u00ednimamente invasiva que permite conocer da\u00f1os en las articulaciones. Hospitales CMQ a la vanguardia en cirug\u00eda ortop\u00e9dica.","og_url":"https:\/\/hospitalcmq.com\/es\/turismo-medico\/cirugia-artroscopica\/","og_site_name":"Hospital CMQ","article_publisher":"https:\/\/www.facebook.com\/HospitalCMQ","article_modified_time":"2024-05-17T16:57:27+00:00","og_image":[{"url":"https:\/\/hospitalcmq.com\/wp-content\/uploads\/2018\/02\/ebebeb-1.jpg","type":"","width":"","height":""}],"twitter_card":"summary_large_image","twitter_misc":{"Tiempo de lectura":"3 minutos"},"schema":{"@context":"https:\/\/schema.org","@graph":[{"@type":"WebPage","@id":"https:\/\/hospitalcmq.com\/es\/turismo-medico\/cirugia-artroscopica\/","url":"https:\/\/hospitalcmq.com\/es\/turismo-medico\/cirugia-artroscopica\/","name":"\u00bfEn qu\u00e9 consiste la Cirug\u00eda Artrosc\u00f3pica? \u00a1Conoce aqui datos importantes!","isPartOf":{"@id":"https:\/\/hospitalcmq.com\/es\/#website"},"primaryImageOfPage":{"@id":"https:\/\/hospitalcmq.com\/es\/turismo-medico\/cirugia-artroscopica\/#primaryimage"},"image":{"@id":"https:\/\/hospitalcmq.com\/es\/turismo-medico\/cirugia-artroscopica\/#primaryimage"},"thumbnailUrl":"https:\/\/hospitalcmq.com\/wp-content\/uploads\/2018\/02\/ebebeb-1.jpg","datePublished":"2019-06-26T15:39:54+00:00","dateModified":"2024-05-17T16:57:27+00:00","description":"Cirug\u00eda artrosc\u00f3pica: t\u00e9cnica m\u00ednimamente invasiva que permite conocer da\u00f1os en las articulaciones. Hospitales CMQ a la vanguardia en cirug\u00eda ortop\u00e9dica.","breadcrumb":{"@id":"https:\/\/hospitalcmq.com\/es\/turismo-medico\/cirugia-artroscopica\/#breadcrumb"},"inLanguage":"es","potentialAction":[{"@type":"ReadAction","target":["https:\/\/hospitalcmq.com\/es\/turismo-medico\/cirugia-artroscopica\/"]}]},{"@type":"ImageObject","inLanguage":"es","@id":"https:\/\/hospitalcmq.com\/es\/turismo-medico\/cirugia-artroscopica\/#primaryimage","url":"https:\/\/hospitalcmq.com\/wp-content\/uploads\/2018\/02\/ebebeb-1.jpg","contentUrl":"https:\/\/hospitalcmq.com\/wp-content\/uploads\/2018\/02\/ebebeb-1.jpg"},{"@type":"BreadcrumbList","@id":"https:\/\/hospitalcmq.com\/es\/turismo-medico\/cirugia-artroscopica\/#breadcrumb","itemListElement":[{"@type":"ListItem","position":1,"name":"Home","item":"https:\/\/hospitalcmq.com\/es\/"},{"@type":"ListItem","position":2,"name":"Turismo M\u00e9dico","item":"https:\/\/hospitalcmq.com\/es\/turismo-medico\/"},{"@type":"ListItem","position":3,"name":"Cirug\u00eda Artrosc\u00f3pica"}]},{"@type":"WebSite","@id":"https:\/\/hospitalcmq.com\/es\/#website","url":"https:\/\/hospitalcmq.com\/es\/","name":"Hospital CMQ","description":"Best Hospitals in Puerto Vallarta &amp; Riviera Nayarit","publisher":{"@id":"https:\/\/hospitalcmq.com\/es\/#organization"},"potentialAction":[{"@type":"SearchAction","target":{"@type":"EntryPoint","urlTemplate":"https:\/\/hospitalcmq.com\/es\/?s={search_term_string}"},"query-input":{"@type":"PropertyValueSpecification","valueRequired":true,"valueName":"search_term_string"}}],"inLanguage":"es"},{"@type":"Organization","@id":"https:\/\/hospitalcmq.com\/es\/#organization","name":"Hospital CMQ","url":"https:\/\/hospitalcmq.com\/es\/","logo":{"@type":"ImageObject","inLanguage":"es","@id":"https:\/\/hospitalcmq.com\/es\/#\/schema\/logo\/image\/","url":"https:\/\/hospitalcmq.com\/wp-content\/uploads\/2018\/06\/cmq-hospital-logo.png","contentUrl":"https:\/\/hospitalcmq.com\/wp-content\/uploads\/2018\/06\/cmq-hospital-logo.png","width":214,"height":189,"caption":"Hospital CMQ"},"image":{"@id":"https:\/\/hospitalcmq.com\/es\/#\/schema\/logo\/image\/"},"sameAs":["https:\/\/www.facebook.com\/HospitalCMQ"]}]}},"_links":{"self":[{"href":"https:\/\/hospitalcmq.com\/es\/wp-json\/wp\/v2\/pages\/6280","targetHints":{"allow":["GET"]}}],"collection":[{"href":"https:\/\/hospitalcmq.com\/es\/wp-json\/wp\/v2\/pages"}],"about":[{"href":"https:\/\/hospitalcmq.com\/es\/wp-json\/wp\/v2\/types\/page"}],"author":[{"embeddable":true,"href":"https:\/\/hospitalcmq.com\/es\/wp-json\/wp\/v2\/users\/2"}],"replies":[{"embeddable":true,"href":"https:\/\/hospitalcmq.com\/es\/wp-json\/wp\/v2\/comments?post=6280"}],"version-history":[{"count":0,"href":"https:\/\/hospitalcmq.com\/es\/wp-json\/wp\/v2\/pages\/6280\/revisions"}],"up":[{"embeddable":true,"href":"https:\/\/hospitalcmq.com\/es\/wp-json\/wp\/v2\/pages\/4175"}],"wp:attachment":[{"href":"https:\/\/hospitalcmq.com\/es\/wp-json\/wp\/v2\/media?parent=6280"}],"curies":[{"name":"wp","href":"https:\/\/api.w.org\/{rel}","templated":true}]}}