{"id":6277,"date":"2018-03-23T22:01:53","date_gmt":"2018-03-23T22:01:53","guid":{"rendered":"https:\/\/hospitalcmq.com\/turismo-medico\/anterior-cruciate-ligament-or-acl-surgery\/"},"modified":"2024-05-17T13:24:25","modified_gmt":"2024-05-17T19:24:25","slug":"cirugia-de-ligamento-cruzado-anterior","status":"publish","type":"page","link":"https:\/\/hospitalcmq.com\/es\/turismo-medico\/cirugia-de-ligamento-cruzado-anterior\/","title":{"rendered":"Cirug\u00eda de Ligamento Cruzado Anterior o LCA"},"content":{"rendered":"<div class=\"wpb-content-wrapper\"><p>[vc_row][vc_column][vc_column_text]<span style=\"font-weight: 400;\">La rotura del ligamento cruzado anterior es una lesi\u00f3n frecuente en las actividades deportivas y recreacionales, por lo tanto, afecta a una poblaci\u00f3n joven y activa. Estas lesiones tienen alta prevalencia en mujeres, siendo perjudicadas entre 2 y 8 veces m\u00e1s que los hombres, al practicar f\u00fatbol, baloncesto o esqu\u00ed.\u00a0<\/span><\/p>\n<p><span style=\"font-weight: 400;\">El ligamento cruzado anterior est\u00e1 situado en el interior de la articulaci\u00f3n de la rodilla y mantiene el hueso de la tibia fijo. Al existir una ruptura, esto provoca que la rodilla no de su m\u00e1ximo desempe\u00f1o en el d\u00eda a d\u00eda. La cirug\u00eda de Ligamento Cruzado Anterior o LCA es una cirug\u00eda reconstructiva de este da\u00f1o.<\/span><\/p>\n<p><span style=\"font-weight: 400;\">Esta cirug\u00eda usualmente se realiza con la ayuda de una artroscopia de rodilla<\/span><span style=\"font-weight: 400;\">\u2014una peque\u00f1a c\u00e1mara que el cirujano introduce mediante una peque\u00f1a incisi\u00f3n para revisar la situaci\u00f3n de los ligamentos y otros tejidos de la rodilla a operar.<\/span><span style=\"font-weight: 400;\"> Es un procedimiento que utiliza de un injerto para sustituir el tejido deteriorado. Este injerto proviene del tend\u00f3n de la r\u00f3tula o del m\u00fasculo posterior de la pierna.\u00a0<\/span>[\/vc_column_text][vc_empty_space][vc_column_text]<\/p>\n<h2><img loading=\"lazy\" decoding=\"async\" class=\"size-full wp-image-2198 alignright\" src=\"https:\/\/hospitalcmq.com\/wp-content\/uploads\/2018\/02\/ebebeb-1.jpg\" alt=\"\" width=\"470\" height=\"260\" \/>\u00bfCu\u00e1ndo es necesaria la cirug\u00eda LCA?<\/h2>\n<p><span style=\"font-weight: 400;\">La causa m\u00e1s com\u00fan de este procedimiento quir\u00fargico es a causa de una rodilla inestable o en el caso de una fractura por avulsi\u00f3n<\/span><span style=\"font-weight: 400;\">\u2014<\/span><span style=\"font-weight: 400;\">cuando el ligamento y un trozo de hueso se separan<\/span><span style=\"font-weight: 400;\">\u2014<\/span><span style=\"font-weight: 400;\">que al no ser tratada puede producir un desgarro del menisco. Esta cirug\u00eda es ideal cuando:<\/span><\/p>\n<ul>\n<li style=\"font-weight: 400;\"><span style=\"font-weight: 400;\">Dolor de rodilla.<\/span><\/li>\n<li style=\"font-weight: 400;\"><span style=\"font-weight: 400;\">Inhabilidad para practicar deportes o ejercitarse.<\/span><\/li>\n<li style=\"font-weight: 400;\"><span style=\"font-weight: 400;\">El menisco est\u00e1 da\u00f1ado.<\/span><\/li>\n<li style=\"font-weight: 400;\"><span style=\"font-weight: 400;\">Una rodilla no otorga estabilidad en las actividades diarias.\u00a0<\/span><\/li>\n<li style=\"font-weight: 400;\"><span style=\"font-weight: 400;\">Otros ligamentos de la rodilla est\u00e1n lesionados. <\/span><\/li>\n<\/ul>\n<p>[\/vc_column_text][vc_empty_space][vc_empty_space][vc_row_inner el_class=\u00bbblock&#8211;padding&#8211;gray\u00bb][vc_column_inner][vc_single_image image=\u00bb1433&#8243; img_size=\u00bbfull\u00bb alignment=\u00bbcenter\u00bb][vc_empty_space][vc_column_text]<\/p>\n<h3>\u00bfExisten riesgos o complicaciones?<\/h3>\n<p><span style=\"font-weight: 400;\">En raras ocasiones esta cirug\u00eda presenta complicaciones quir\u00fargicas como sangrado, infecciones articulares, trombosis, lesiones en los nervios o en los vasos. Sin embargo, en casos excepcionales puede ocurrir:<\/span><\/p>\n<ul>\n<li style=\"font-weight: 400;\"><span style=\"font-weight: 400;\">Incapacidad del ligamento para adaptarse.\u00a0<\/span><\/li>\n<li style=\"font-weight: 400;\"><span style=\"font-weight: 400;\">Dolor consistente en la rodilla.\u00a0<\/span><\/li>\n<li style=\"font-weight: 400;\"><span style=\"font-weight: 400;\">Rigidez en la rodilla o p\u00e9rdida de movimiento.<\/span><\/li>\n<li style=\"font-weight: 400;\"><span style=\"font-weight: 400;\">Debilidad.\u00a0<\/span><\/li>\n<li style=\"font-weight: 400;\"><span style=\"font-weight: 400;\">Co\u00e1gulos de sangre y lesi\u00f3n a vasos sangu\u00edneos.\u00a0<\/span><\/li>\n<\/ul>\n<p>[\/vc_column_text][\/vc_column_inner][\/vc_row_inner][vc_empty_space][\/vc_column][\/vc_row]<\/p>\n<\/div>","protected":false},"excerpt":{"rendered":"<p>Padecer una lesi\u00f3n en el Ligamento Cruzado Anterior (LCA) es cada vez m\u00e1s com\u00fan entre las personas que practican deporte, especialmente las mujeres. Esta cirug\u00eda reconstructiva, ayuda a reparar el da\u00f1o que se produce en el ligamento ubicado en el interior de la rodilla. Pero, \u00bfqu\u00e9 riesgos existen en una cirug\u00eda de ligamento cruzado anterior y cu\u00e1ndo es necesaria? Desc\u00fabrelo aqu\u00ed.<\/p>\n","protected":false},"author":1,"featured_media":0,"parent":4175,"menu_order":0,"comment_status":"closed","ping_status":"closed","template":"","meta":{"footnotes":""},"class_list":["post-6277","page","type-page","status-publish","hentry"],"acf":[],"yoast_head":"<!-- This site is optimized with the Yoast SEO plugin v27.3 - https:\/\/yoast.com\/product\/yoast-seo-wordpress\/ -->\n<title>Cirug\u00eda de Ligamento Cruzado Anterior o LCA - Hospital CMQ<\/title>\n<meta name=\"description\" content=\"La ruptura del ligamento cruzado anterior es una lesi\u00f3n frecuente durante las actividades deportivas y recreativas. Toma tus precauciones y visita a nuestros especialistas.\" \/>\n<meta name=\"robots\" content=\"index, follow, max-snippet:-1, max-image-preview:large, max-video-preview:-1\" \/>\n<link rel=\"canonical\" href=\"https:\/\/hospitalcmq.com\/es\/turismo-medico\/cirugia-de-ligamento-cruzado-anterior\/\" \/>\n<meta property=\"og:locale\" content=\"es_ES\" \/>\n<meta property=\"og:type\" content=\"article\" \/>\n<meta property=\"og:title\" content=\"Cirug\u00eda de Ligamento Cruzado Anterior o LCA - Hospital CMQ\" \/>\n<meta property=\"og:description\" content=\"La ruptura del ligamento cruzado anterior es una lesi\u00f3n frecuente durante las actividades deportivas y recreativas. Toma tus precauciones y visita a nuestros especialistas.\" \/>\n<meta property=\"og:url\" content=\"https:\/\/hospitalcmq.com\/es\/turismo-medico\/cirugia-de-ligamento-cruzado-anterior\/\" \/>\n<meta property=\"og:site_name\" content=\"Hospital CMQ\" \/>\n<meta property=\"article:publisher\" content=\"https:\/\/www.facebook.com\/HospitalCMQ\" \/>\n<meta property=\"article:modified_time\" content=\"2024-05-17T19:24:25+00:00\" \/>\n<meta property=\"og:image\" content=\"https:\/\/hospitalcmq.com\/wp-content\/uploads\/2018\/02\/ebebeb-1.jpg\" \/>\n<meta name=\"twitter:card\" content=\"summary_large_image\" \/>\n<meta name=\"twitter:label1\" content=\"Tiempo de lectura\" \/>\n\t<meta name=\"twitter:data1\" content=\"2 minutos\" \/>\n<script type=\"application\/ld+json\" class=\"yoast-schema-graph\">{\"@context\":\"https:\\\/\\\/schema.org\",\"@graph\":[{\"@type\":\"WebPage\",\"@id\":\"https:\\\/\\\/hospitalcmq.com\\\/es\\\/turismo-medico\\\/cirugia-de-ligamento-cruzado-anterior\\\/\",\"url\":\"https:\\\/\\\/hospitalcmq.com\\\/es\\\/turismo-medico\\\/cirugia-de-ligamento-cruzado-anterior\\\/\",\"name\":\"Cirug\u00eda de Ligamento Cruzado Anterior o LCA - Hospital CMQ\",\"isPartOf\":{\"@id\":\"https:\\\/\\\/hospitalcmq.com\\\/es\\\/#website\"},\"primaryImageOfPage\":{\"@id\":\"https:\\\/\\\/hospitalcmq.com\\\/es\\\/turismo-medico\\\/cirugia-de-ligamento-cruzado-anterior\\\/#primaryimage\"},\"image\":{\"@id\":\"https:\\\/\\\/hospitalcmq.com\\\/es\\\/turismo-medico\\\/cirugia-de-ligamento-cruzado-anterior\\\/#primaryimage\"},\"thumbnailUrl\":\"https:\\\/\\\/hospitalcmq.com\\\/wp-content\\\/uploads\\\/2018\\\/02\\\/ebebeb-1.jpg\",\"datePublished\":\"2018-03-23T22:01:53+00:00\",\"dateModified\":\"2024-05-17T19:24:25+00:00\",\"description\":\"La ruptura del ligamento cruzado anterior es una lesi\u00f3n frecuente durante las actividades deportivas y recreativas. Toma tus precauciones y visita a nuestros especialistas.\",\"breadcrumb\":{\"@id\":\"https:\\\/\\\/hospitalcmq.com\\\/es\\\/turismo-medico\\\/cirugia-de-ligamento-cruzado-anterior\\\/#breadcrumb\"},\"inLanguage\":\"es\",\"potentialAction\":[{\"@type\":\"ReadAction\",\"target\":[\"https:\\\/\\\/hospitalcmq.com\\\/es\\\/turismo-medico\\\/cirugia-de-ligamento-cruzado-anterior\\\/\"]}]},{\"@type\":\"ImageObject\",\"inLanguage\":\"es\",\"@id\":\"https:\\\/\\\/hospitalcmq.com\\\/es\\\/turismo-medico\\\/cirugia-de-ligamento-cruzado-anterior\\\/#primaryimage\",\"url\":\"https:\\\/\\\/hospitalcmq.com\\\/wp-content\\\/uploads\\\/2018\\\/02\\\/ebebeb-1.jpg\",\"contentUrl\":\"https:\\\/\\\/hospitalcmq.com\\\/wp-content\\\/uploads\\\/2018\\\/02\\\/ebebeb-1.jpg\"},{\"@type\":\"BreadcrumbList\",\"@id\":\"https:\\\/\\\/hospitalcmq.com\\\/es\\\/turismo-medico\\\/cirugia-de-ligamento-cruzado-anterior\\\/#breadcrumb\",\"itemListElement\":[{\"@type\":\"ListItem\",\"position\":1,\"name\":\"Home\",\"item\":\"https:\\\/\\\/hospitalcmq.com\\\/es\\\/\"},{\"@type\":\"ListItem\",\"position\":2,\"name\":\"Turismo M\u00e9dico\",\"item\":\"https:\\\/\\\/hospitalcmq.com\\\/es\\\/turismo-medico\\\/\"},{\"@type\":\"ListItem\",\"position\":3,\"name\":\"Cirug\u00eda de Ligamento Cruzado Anterior o LCA\"}]},{\"@type\":\"WebSite\",\"@id\":\"https:\\\/\\\/hospitalcmq.com\\\/es\\\/#website\",\"url\":\"https:\\\/\\\/hospitalcmq.com\\\/es\\\/\",\"name\":\"Hospital CMQ\",\"description\":\"Best Hospitals in Puerto Vallarta &amp; Riviera Nayarit\",\"publisher\":{\"@id\":\"https:\\\/\\\/hospitalcmq.com\\\/es\\\/#organization\"},\"potentialAction\":[{\"@type\":\"SearchAction\",\"target\":{\"@type\":\"EntryPoint\",\"urlTemplate\":\"https:\\\/\\\/hospitalcmq.com\\\/es\\\/?s={search_term_string}\"},\"query-input\":{\"@type\":\"PropertyValueSpecification\",\"valueRequired\":true,\"valueName\":\"search_term_string\"}}],\"inLanguage\":\"es\"},{\"@type\":\"Organization\",\"@id\":\"https:\\\/\\\/hospitalcmq.com\\\/es\\\/#organization\",\"name\":\"Hospital CMQ\",\"url\":\"https:\\\/\\\/hospitalcmq.com\\\/es\\\/\",\"logo\":{\"@type\":\"ImageObject\",\"inLanguage\":\"es\",\"@id\":\"https:\\\/\\\/hospitalcmq.com\\\/es\\\/#\\\/schema\\\/logo\\\/image\\\/\",\"url\":\"https:\\\/\\\/hospitalcmq.com\\\/wp-content\\\/uploads\\\/2018\\\/06\\\/cmq-hospital-logo.png\",\"contentUrl\":\"https:\\\/\\\/hospitalcmq.com\\\/wp-content\\\/uploads\\\/2018\\\/06\\\/cmq-hospital-logo.png\",\"width\":214,\"height\":189,\"caption\":\"Hospital CMQ\"},\"image\":{\"@id\":\"https:\\\/\\\/hospitalcmq.com\\\/es\\\/#\\\/schema\\\/logo\\\/image\\\/\"},\"sameAs\":[\"https:\\\/\\\/www.facebook.com\\\/HospitalCMQ\"]}]}<\/script>\n<!-- \/ Yoast SEO plugin. -->","yoast_head_json":{"title":"Cirug\u00eda de Ligamento Cruzado Anterior o LCA - Hospital CMQ","description":"La ruptura del ligamento cruzado anterior es una lesi\u00f3n frecuente durante las actividades deportivas y recreativas. Toma tus precauciones y visita a nuestros especialistas.","robots":{"index":"index","follow":"follow","max-snippet":"max-snippet:-1","max-image-preview":"max-image-preview:large","max-video-preview":"max-video-preview:-1"},"canonical":"https:\/\/hospitalcmq.com\/es\/turismo-medico\/cirugia-de-ligamento-cruzado-anterior\/","og_locale":"es_ES","og_type":"article","og_title":"Cirug\u00eda de Ligamento Cruzado Anterior o LCA - Hospital CMQ","og_description":"La ruptura del ligamento cruzado anterior es una lesi\u00f3n frecuente durante las actividades deportivas y recreativas. Toma tus precauciones y visita a nuestros especialistas.","og_url":"https:\/\/hospitalcmq.com\/es\/turismo-medico\/cirugia-de-ligamento-cruzado-anterior\/","og_site_name":"Hospital CMQ","article_publisher":"https:\/\/www.facebook.com\/HospitalCMQ","article_modified_time":"2024-05-17T19:24:25+00:00","og_image":[{"url":"https:\/\/hospitalcmq.com\/wp-content\/uploads\/2018\/02\/ebebeb-1.jpg","type":"","width":"","height":""}],"twitter_card":"summary_large_image","twitter_misc":{"Tiempo de lectura":"2 minutos"},"schema":{"@context":"https:\/\/schema.org","@graph":[{"@type":"WebPage","@id":"https:\/\/hospitalcmq.com\/es\/turismo-medico\/cirugia-de-ligamento-cruzado-anterior\/","url":"https:\/\/hospitalcmq.com\/es\/turismo-medico\/cirugia-de-ligamento-cruzado-anterior\/","name":"Cirug\u00eda de Ligamento Cruzado Anterior o LCA - Hospital CMQ","isPartOf":{"@id":"https:\/\/hospitalcmq.com\/es\/#website"},"primaryImageOfPage":{"@id":"https:\/\/hospitalcmq.com\/es\/turismo-medico\/cirugia-de-ligamento-cruzado-anterior\/#primaryimage"},"image":{"@id":"https:\/\/hospitalcmq.com\/es\/turismo-medico\/cirugia-de-ligamento-cruzado-anterior\/#primaryimage"},"thumbnailUrl":"https:\/\/hospitalcmq.com\/wp-content\/uploads\/2018\/02\/ebebeb-1.jpg","datePublished":"2018-03-23T22:01:53+00:00","dateModified":"2024-05-17T19:24:25+00:00","description":"La ruptura del ligamento cruzado anterior es una lesi\u00f3n frecuente durante las actividades deportivas y recreativas. Toma tus precauciones y visita a nuestros especialistas.","breadcrumb":{"@id":"https:\/\/hospitalcmq.com\/es\/turismo-medico\/cirugia-de-ligamento-cruzado-anterior\/#breadcrumb"},"inLanguage":"es","potentialAction":[{"@type":"ReadAction","target":["https:\/\/hospitalcmq.com\/es\/turismo-medico\/cirugia-de-ligamento-cruzado-anterior\/"]}]},{"@type":"ImageObject","inLanguage":"es","@id":"https:\/\/hospitalcmq.com\/es\/turismo-medico\/cirugia-de-ligamento-cruzado-anterior\/#primaryimage","url":"https:\/\/hospitalcmq.com\/wp-content\/uploads\/2018\/02\/ebebeb-1.jpg","contentUrl":"https:\/\/hospitalcmq.com\/wp-content\/uploads\/2018\/02\/ebebeb-1.jpg"},{"@type":"BreadcrumbList","@id":"https:\/\/hospitalcmq.com\/es\/turismo-medico\/cirugia-de-ligamento-cruzado-anterior\/#breadcrumb","itemListElement":[{"@type":"ListItem","position":1,"name":"Home","item":"https:\/\/hospitalcmq.com\/es\/"},{"@type":"ListItem","position":2,"name":"Turismo M\u00e9dico","item":"https:\/\/hospitalcmq.com\/es\/turismo-medico\/"},{"@type":"ListItem","position":3,"name":"Cirug\u00eda de Ligamento Cruzado Anterior o LCA"}]},{"@type":"WebSite","@id":"https:\/\/hospitalcmq.com\/es\/#website","url":"https:\/\/hospitalcmq.com\/es\/","name":"Hospital CMQ","description":"Best Hospitals in Puerto Vallarta &amp; Riviera Nayarit","publisher":{"@id":"https:\/\/hospitalcmq.com\/es\/#organization"},"potentialAction":[{"@type":"SearchAction","target":{"@type":"EntryPoint","urlTemplate":"https:\/\/hospitalcmq.com\/es\/?s={search_term_string}"},"query-input":{"@type":"PropertyValueSpecification","valueRequired":true,"valueName":"search_term_string"}}],"inLanguage":"es"},{"@type":"Organization","@id":"https:\/\/hospitalcmq.com\/es\/#organization","name":"Hospital CMQ","url":"https:\/\/hospitalcmq.com\/es\/","logo":{"@type":"ImageObject","inLanguage":"es","@id":"https:\/\/hospitalcmq.com\/es\/#\/schema\/logo\/image\/","url":"https:\/\/hospitalcmq.com\/wp-content\/uploads\/2018\/06\/cmq-hospital-logo.png","contentUrl":"https:\/\/hospitalcmq.com\/wp-content\/uploads\/2018\/06\/cmq-hospital-logo.png","width":214,"height":189,"caption":"Hospital CMQ"},"image":{"@id":"https:\/\/hospitalcmq.com\/es\/#\/schema\/logo\/image\/"},"sameAs":["https:\/\/www.facebook.com\/HospitalCMQ"]}]}},"_links":{"self":[{"href":"https:\/\/hospitalcmq.com\/es\/wp-json\/wp\/v2\/pages\/6277","targetHints":{"allow":["GET"]}}],"collection":[{"href":"https:\/\/hospitalcmq.com\/es\/wp-json\/wp\/v2\/pages"}],"about":[{"href":"https:\/\/hospitalcmq.com\/es\/wp-json\/wp\/v2\/types\/page"}],"author":[{"embeddable":true,"href":"https:\/\/hospitalcmq.com\/es\/wp-json\/wp\/v2\/users\/1"}],"replies":[{"embeddable":true,"href":"https:\/\/hospitalcmq.com\/es\/wp-json\/wp\/v2\/comments?post=6277"}],"version-history":[{"count":0,"href":"https:\/\/hospitalcmq.com\/es\/wp-json\/wp\/v2\/pages\/6277\/revisions"}],"up":[{"embeddable":true,"href":"https:\/\/hospitalcmq.com\/es\/wp-json\/wp\/v2\/pages\/4175"}],"wp:attachment":[{"href":"https:\/\/hospitalcmq.com\/es\/wp-json\/wp\/v2\/media?parent=6277"}],"curies":[{"name":"wp","href":"https:\/\/api.w.org\/{rel}","templated":true}]}}