{"id":6269,"date":"2018-03-23T22:21:04","date_gmt":"2018-03-23T22:21:04","guid":{"rendered":"https:\/\/hospitalcmq.com\/turismo-medico\/weight-loss-team\/"},"modified":"2024-06-21T12:32:35","modified_gmt":"2024-06-21T18:32:35","slug":"weight-loss-team","status":"publish","type":"page","link":"https:\/\/hospitalcmq.com\/es\/turismo-medico\/weight-loss-team\/","title":{"rendered":"Weight Loss Team"},"content":{"rendered":"<div class=\"wpb-content-wrapper\"><p>[vc_row][vc_column][vc_column_text]<span style=\"font-weight: 400;\">En Hospitales CMQ trabajamos en conjunto con el equipo de <\/span><i><span style=\"font-weight: 400;\">cirug\u00eda bari\u00e1trica<\/span><\/i> <b>Weight Loss Team<\/b><span style=\"font-weight: 400;\"> para brindarte una experiencia segura y totalmente sanitaria durante tu cirug\u00eda.\u00a0\u00a0\u00a0<\/span>[\/vc_column_text][vc_empty_space][vc_column_text]<\/p>\n<h2><img loading=\"lazy\" decoding=\"async\" class=\"wp-image-2815 size-full alignright\" src=\"https:\/\/hospitalcmq.com\/wp-content\/uploads\/2018\/06\/WLTlogo.png\" alt=\"Weight Loss Team\" width=\"470\" height=\"260\" \/>Weight Loss Team est\u00e1 conformado por:<\/h2>\n<ul>\n<li><span style=\"font-weight: 400;\">Dr. Juan Francisco Hidalgo &#8211; Cirujano Bariatra\u00a0<\/span><\/li>\n<li><span style=\"font-weight: 400;\">Dr. Jorge Arturo Parra &#8211; Cirujano Asistente, actualmente en Espa\u00f1a.<\/span><\/li>\n<li><span style=\"font-weight: 400;\">Dr. Kurt Kasten Paredes &#8211; Cirujano Asistente<\/span><\/li>\n<li><span style=\"font-weight: 400;\">Dra. Alejandra Ascencio &#8211; Anestesi\u00f3loga\u00a0<\/span><\/li>\n<li><span style=\"font-weight: 400;\">Dr. Edgar Ortiz &#8211; Anestesi\u00f3logo<\/span><\/li>\n<li><span style=\"font-weight: 400;\">Gerald Witt Jr. &#8211; Asistencia al Paciente<\/span><\/li>\n<\/ul>\n<p><span style=\"font-weight: 400;\">Ellos son los encargados en ofrecer apoyo y direcci\u00f3n a los pacientes extranjeros interesados en someterse a una <\/span><b><i>cirug\u00eda bari\u00e1trica<\/i><\/b><span style=\"font-weight: 400;\"> en Puerto Vallarta. Cuentan con 15 a\u00f1os de experiencia en la industria del Turismo M\u00e9dico otorgando atenci\u00f3n y servicio de altos est\u00e1ndares de calidad junto con el apoyo de las instalaciones y equipo de primer nivel de Hospitales CMQ. <\/span>[\/vc_column_text][vc_empty_space][vc_row_inner el_class=\u00bbblock&#8211;padding&#8211;gray\u00bb][vc_column_inner][vc_single_image image=\u00bb6273&#8243; img_size=\u00bbfull\u00bb alignment=\u00bbcenter\u00bb][vc_empty_space][vc_column_text]<\/p>\n<h3>La mejor atenci\u00f3n personalizada<\/h3>\n<p><span style=\"font-weight: 400;\">Desde transporte VIP para su traslado aeropuerto-hotel-hospital-hotel, instalaciones hospitalarias modernas y altamente capacitadas ubicadas en las mejores zonas de Puerto Vallarta y Riviera Nayarit, servicio y atenci\u00f3n disponibles pre y post operatoria por parte de Weight Loss Team y Dr. Hidalgo. Tambi\u00e9n una oficina virtual para que cada paciente reciba apoyo avanzado y 2 a\u00f1os de seguimiento despu\u00e9s de la cirug\u00eda.<\/span><\/p>\n<p><span style=\"font-weight: 400;\">La asistencia que recibe como paciente al elegir realizar su cirug\u00eda bari\u00e1trica con Weight Loss Team y Hospitales CMQ hace de su cirug\u00eda la mejor decisi\u00f3n y una experiencia sin igual. Ya que no s\u00f3lo obtiene la experiencia y el apoyo de los mejores doctores de M\u00e9xico en el \u00e1mbito bari\u00e1trico, sino una atenci\u00f3n hospitalaria de calidad antes, durante y despu\u00e9s de su cirug\u00eda, todo con la finalidad de garantizar su seguridad y bienestar.\u00a0<\/span>[\/vc_column_text][\/vc_column_inner][\/vc_row_inner][vc_empty_space][vc_column_text]<\/p>\n<h3>Contacto<\/h3>\n<p><b>Correo electr\u00f3nico: <\/b><a href=\"mailto:info@weightlossteam.com\"><span style=\"font-weight: 400;\">info@weightlossteam.com<\/span><\/a><\/p>\n<p><b>Tel\u00e9fono<\/b><span style=\"font-weight: 400;\"><br \/>\n<\/span><span style=\"font-weight: 400;\">Sin costo 1 (800) 404-9064<br \/>\n<\/span><span style=\"font-weight: 400;\">\u00f3 1 (818) 949-6911*<\/span><\/p>\n<p><em><span style=\"font-weight: 400;\">*El costo de la llamada puede variar dependiendo de tu compa\u00f1\u00eda telef\u00f3nica*<\/span><\/em>[\/vc_column_text][vc_empty_space][\/vc_column][\/vc_row]<\/p>\n<\/div>","protected":false},"excerpt":{"rendered":"<p>En Hospitales CMQ trabajamos en conjunto con el equipo de cirug\u00eda bari\u00e1trica Weight Loss Team para brindarte una experiencia segura y de calidad antes, durante y despu\u00e9s de tu cirug\u00eda, todo con la finalidad de garantizar tu bienestar. Algunos de los procedimientos m\u00e1s comunes realizados por Weight Loss Team son bypass g\u00e1strico, manga g\u00e1strica y banda g\u00e1strica. Conoce aqu\u00ed toda la informaci\u00f3n.<\/p>\n","protected":false},"author":1,"featured_media":0,"parent":4175,"menu_order":0,"comment_status":"closed","ping_status":"closed","template":"","meta":{"footnotes":""},"class_list":["post-6269","page","type-page","status-publish","hentry"],"acf":[],"yoast_head":"<!-- This site is optimized with the Yoast SEO plugin v27.4 - https:\/\/yoast.com\/product\/yoast-seo-wordpress\/ -->\n<title>Weight Loss Team, The Right Choice for Your Weight Loss Needs<\/title>\n<meta name=\"description\" content=\"The surgery that can change your life is one flight away. Hospitals CMQ along with Weight Loss Team have the perfect plan for your weight loss needs.\" \/>\n<meta name=\"robots\" content=\"index, follow, max-snippet:-1, max-image-preview:large, max-video-preview:-1\" \/>\n<link rel=\"canonical\" href=\"https:\/\/hospitalcmq.com\/es\/turismo-medico\/weight-loss-team\/\" \/>\n<meta property=\"og:locale\" content=\"es_ES\" \/>\n<meta property=\"og:type\" content=\"article\" \/>\n<meta property=\"og:title\" content=\"Weight Loss Team, The Right Choice for Your Weight Loss Needs\" \/>\n<meta property=\"og:description\" content=\"The surgery that can change your life is one flight away. Hospitals CMQ along with Weight Loss Team have the perfect plan for your weight loss needs.\" \/>\n<meta property=\"og:url\" content=\"https:\/\/hospitalcmq.com\/es\/turismo-medico\/weight-loss-team\/\" \/>\n<meta property=\"og:site_name\" content=\"Hospital CMQ\" \/>\n<meta property=\"article:publisher\" content=\"https:\/\/www.facebook.com\/HospitalCMQ\" \/>\n<meta property=\"article:modified_time\" content=\"2024-06-21T18:32:35+00:00\" \/>\n<meta property=\"og:image\" content=\"https:\/\/hospitalcmq.com\/wp-content\/uploads\/2018\/06\/WLTlogo.png\" \/>\n<meta name=\"twitter:card\" content=\"summary_large_image\" \/>\n<meta name=\"twitter:label1\" content=\"Tiempo de lectura\" \/>\n\t<meta name=\"twitter:data1\" content=\"2 minutos\" \/>\n<script type=\"application\/ld+json\" class=\"yoast-schema-graph\">{\"@context\":\"https:\\\/\\\/schema.org\",\"@graph\":[{\"@type\":\"WebPage\",\"@id\":\"https:\\\/\\\/hospitalcmq.com\\\/es\\\/turismo-medico\\\/weight-loss-team\\\/\",\"url\":\"https:\\\/\\\/hospitalcmq.com\\\/es\\\/turismo-medico\\\/weight-loss-team\\\/\",\"name\":\"Weight Loss Team, The Right Choice for Your Weight Loss Needs\",\"isPartOf\":{\"@id\":\"https:\\\/\\\/hospitalcmq.com\\\/es\\\/#website\"},\"primaryImageOfPage\":{\"@id\":\"https:\\\/\\\/hospitalcmq.com\\\/es\\\/turismo-medico\\\/weight-loss-team\\\/#primaryimage\"},\"image\":{\"@id\":\"https:\\\/\\\/hospitalcmq.com\\\/es\\\/turismo-medico\\\/weight-loss-team\\\/#primaryimage\"},\"thumbnailUrl\":\"https:\\\/\\\/hospitalcmq.com\\\/wp-content\\\/uploads\\\/2018\\\/06\\\/WLTlogo.png\",\"datePublished\":\"2018-03-23T22:21:04+00:00\",\"dateModified\":\"2024-06-21T18:32:35+00:00\",\"description\":\"The surgery that can change your life is one flight away. Hospitals CMQ along with Weight Loss Team have the perfect plan for your weight loss needs.\",\"breadcrumb\":{\"@id\":\"https:\\\/\\\/hospitalcmq.com\\\/es\\\/turismo-medico\\\/weight-loss-team\\\/#breadcrumb\"},\"inLanguage\":\"es\",\"potentialAction\":[{\"@type\":\"ReadAction\",\"target\":[\"https:\\\/\\\/hospitalcmq.com\\\/es\\\/turismo-medico\\\/weight-loss-team\\\/\"]}]},{\"@type\":\"ImageObject\",\"inLanguage\":\"es\",\"@id\":\"https:\\\/\\\/hospitalcmq.com\\\/es\\\/turismo-medico\\\/weight-loss-team\\\/#primaryimage\",\"url\":\"https:\\\/\\\/hospitalcmq.com\\\/wp-content\\\/uploads\\\/2018\\\/06\\\/WLTlogo.png\",\"contentUrl\":\"https:\\\/\\\/hospitalcmq.com\\\/wp-content\\\/uploads\\\/2018\\\/06\\\/WLTlogo.png\"},{\"@type\":\"BreadcrumbList\",\"@id\":\"https:\\\/\\\/hospitalcmq.com\\\/es\\\/turismo-medico\\\/weight-loss-team\\\/#breadcrumb\",\"itemListElement\":[{\"@type\":\"ListItem\",\"position\":1,\"name\":\"Home\",\"item\":\"https:\\\/\\\/hospitalcmq.com\\\/es\\\/\"},{\"@type\":\"ListItem\",\"position\":2,\"name\":\"Turismo M\u00e9dico\",\"item\":\"https:\\\/\\\/hospitalcmq.com\\\/es\\\/turismo-medico\\\/\"},{\"@type\":\"ListItem\",\"position\":3,\"name\":\"Weight Loss Team\"}]},{\"@type\":\"WebSite\",\"@id\":\"https:\\\/\\\/hospitalcmq.com\\\/es\\\/#website\",\"url\":\"https:\\\/\\\/hospitalcmq.com\\\/es\\\/\",\"name\":\"Hospital CMQ\",\"description\":\"Best Hospitals in Puerto Vallarta &amp; Riviera Nayarit\",\"publisher\":{\"@id\":\"https:\\\/\\\/hospitalcmq.com\\\/es\\\/#organization\"},\"potentialAction\":[{\"@type\":\"SearchAction\",\"target\":{\"@type\":\"EntryPoint\",\"urlTemplate\":\"https:\\\/\\\/hospitalcmq.com\\\/es\\\/?s={search_term_string}\"},\"query-input\":{\"@type\":\"PropertyValueSpecification\",\"valueRequired\":true,\"valueName\":\"search_term_string\"}}],\"inLanguage\":\"es\"},{\"@type\":\"Organization\",\"@id\":\"https:\\\/\\\/hospitalcmq.com\\\/es\\\/#organization\",\"name\":\"Hospital CMQ\",\"url\":\"https:\\\/\\\/hospitalcmq.com\\\/es\\\/\",\"logo\":{\"@type\":\"ImageObject\",\"inLanguage\":\"es\",\"@id\":\"https:\\\/\\\/hospitalcmq.com\\\/es\\\/#\\\/schema\\\/logo\\\/image\\\/\",\"url\":\"https:\\\/\\\/hospitalcmq.com\\\/wp-content\\\/uploads\\\/2018\\\/06\\\/cmq-hospital-logo.png\",\"contentUrl\":\"https:\\\/\\\/hospitalcmq.com\\\/wp-content\\\/uploads\\\/2018\\\/06\\\/cmq-hospital-logo.png\",\"width\":214,\"height\":189,\"caption\":\"Hospital CMQ\"},\"image\":{\"@id\":\"https:\\\/\\\/hospitalcmq.com\\\/es\\\/#\\\/schema\\\/logo\\\/image\\\/\"},\"sameAs\":[\"https:\\\/\\\/www.facebook.com\\\/HospitalCMQ\"]}]}<\/script>\n<!-- \/ Yoast SEO plugin. -->","yoast_head_json":{"title":"Weight Loss Team, The Right Choice for Your Weight Loss Needs","description":"The surgery that can change your life is one flight away. Hospitals CMQ along with Weight Loss Team have the perfect plan for your weight loss needs.","robots":{"index":"index","follow":"follow","max-snippet":"max-snippet:-1","max-image-preview":"max-image-preview:large","max-video-preview":"max-video-preview:-1"},"canonical":"https:\/\/hospitalcmq.com\/es\/turismo-medico\/weight-loss-team\/","og_locale":"es_ES","og_type":"article","og_title":"Weight Loss Team, The Right Choice for Your Weight Loss Needs","og_description":"The surgery that can change your life is one flight away. Hospitals CMQ along with Weight Loss Team have the perfect plan for your weight loss needs.","og_url":"https:\/\/hospitalcmq.com\/es\/turismo-medico\/weight-loss-team\/","og_site_name":"Hospital CMQ","article_publisher":"https:\/\/www.facebook.com\/HospitalCMQ","article_modified_time":"2024-06-21T18:32:35+00:00","og_image":[{"url":"https:\/\/hospitalcmq.com\/wp-content\/uploads\/2018\/06\/WLTlogo.png","type":"","width":"","height":""}],"twitter_card":"summary_large_image","twitter_misc":{"Tiempo de lectura":"2 minutos"},"schema":{"@context":"https:\/\/schema.org","@graph":[{"@type":"WebPage","@id":"https:\/\/hospitalcmq.com\/es\/turismo-medico\/weight-loss-team\/","url":"https:\/\/hospitalcmq.com\/es\/turismo-medico\/weight-loss-team\/","name":"Weight Loss Team, The Right Choice for Your Weight Loss Needs","isPartOf":{"@id":"https:\/\/hospitalcmq.com\/es\/#website"},"primaryImageOfPage":{"@id":"https:\/\/hospitalcmq.com\/es\/turismo-medico\/weight-loss-team\/#primaryimage"},"image":{"@id":"https:\/\/hospitalcmq.com\/es\/turismo-medico\/weight-loss-team\/#primaryimage"},"thumbnailUrl":"https:\/\/hospitalcmq.com\/wp-content\/uploads\/2018\/06\/WLTlogo.png","datePublished":"2018-03-23T22:21:04+00:00","dateModified":"2024-06-21T18:32:35+00:00","description":"The surgery that can change your life is one flight away. Hospitals CMQ along with Weight Loss Team have the perfect plan for your weight loss needs.","breadcrumb":{"@id":"https:\/\/hospitalcmq.com\/es\/turismo-medico\/weight-loss-team\/#breadcrumb"},"inLanguage":"es","potentialAction":[{"@type":"ReadAction","target":["https:\/\/hospitalcmq.com\/es\/turismo-medico\/weight-loss-team\/"]}]},{"@type":"ImageObject","inLanguage":"es","@id":"https:\/\/hospitalcmq.com\/es\/turismo-medico\/weight-loss-team\/#primaryimage","url":"https:\/\/hospitalcmq.com\/wp-content\/uploads\/2018\/06\/WLTlogo.png","contentUrl":"https:\/\/hospitalcmq.com\/wp-content\/uploads\/2018\/06\/WLTlogo.png"},{"@type":"BreadcrumbList","@id":"https:\/\/hospitalcmq.com\/es\/turismo-medico\/weight-loss-team\/#breadcrumb","itemListElement":[{"@type":"ListItem","position":1,"name":"Home","item":"https:\/\/hospitalcmq.com\/es\/"},{"@type":"ListItem","position":2,"name":"Turismo M\u00e9dico","item":"https:\/\/hospitalcmq.com\/es\/turismo-medico\/"},{"@type":"ListItem","position":3,"name":"Weight Loss Team"}]},{"@type":"WebSite","@id":"https:\/\/hospitalcmq.com\/es\/#website","url":"https:\/\/hospitalcmq.com\/es\/","name":"Hospital CMQ","description":"Best Hospitals in Puerto Vallarta &amp; Riviera Nayarit","publisher":{"@id":"https:\/\/hospitalcmq.com\/es\/#organization"},"potentialAction":[{"@type":"SearchAction","target":{"@type":"EntryPoint","urlTemplate":"https:\/\/hospitalcmq.com\/es\/?s={search_term_string}"},"query-input":{"@type":"PropertyValueSpecification","valueRequired":true,"valueName":"search_term_string"}}],"inLanguage":"es"},{"@type":"Organization","@id":"https:\/\/hospitalcmq.com\/es\/#organization","name":"Hospital CMQ","url":"https:\/\/hospitalcmq.com\/es\/","logo":{"@type":"ImageObject","inLanguage":"es","@id":"https:\/\/hospitalcmq.com\/es\/#\/schema\/logo\/image\/","url":"https:\/\/hospitalcmq.com\/wp-content\/uploads\/2018\/06\/cmq-hospital-logo.png","contentUrl":"https:\/\/hospitalcmq.com\/wp-content\/uploads\/2018\/06\/cmq-hospital-logo.png","width":214,"height":189,"caption":"Hospital CMQ"},"image":{"@id":"https:\/\/hospitalcmq.com\/es\/#\/schema\/logo\/image\/"},"sameAs":["https:\/\/www.facebook.com\/HospitalCMQ"]}]}},"_links":{"self":[{"href":"https:\/\/hospitalcmq.com\/es\/wp-json\/wp\/v2\/pages\/6269","targetHints":{"allow":["GET"]}}],"collection":[{"href":"https:\/\/hospitalcmq.com\/es\/wp-json\/wp\/v2\/pages"}],"about":[{"href":"https:\/\/hospitalcmq.com\/es\/wp-json\/wp\/v2\/types\/page"}],"author":[{"embeddable":true,"href":"https:\/\/hospitalcmq.com\/es\/wp-json\/wp\/v2\/users\/1"}],"replies":[{"embeddable":true,"href":"https:\/\/hospitalcmq.com\/es\/wp-json\/wp\/v2\/comments?post=6269"}],"version-history":[{"count":0,"href":"https:\/\/hospitalcmq.com\/es\/wp-json\/wp\/v2\/pages\/6269\/revisions"}],"up":[{"embeddable":true,"href":"https:\/\/hospitalcmq.com\/es\/wp-json\/wp\/v2\/pages\/4175"}],"wp:attachment":[{"href":"https:\/\/hospitalcmq.com\/es\/wp-json\/wp\/v2\/media?parent=6269"}],"curies":[{"name":"wp","href":"https:\/\/api.w.org\/{rel}","templated":true}]}}