{"id":6237,"date":"2019-06-24T12:41:50","date_gmt":"2019-06-24T17:41:50","guid":{"rendered":"https:\/\/hospitalcmq.com\/?page_id=6237"},"modified":"2024-05-03T15:25:26","modified_gmt":"2024-05-03T21:25:26","slug":"medicina-antiedad","status":"publish","type":"page","link":"https:\/\/hospitalcmq.com\/es\/cirugia-plastica\/medicina-antiedad\/","title":{"rendered":"Medicina Antiedad en Hospital CMQ: Un Enfoque Integral para el Bienestar y la Vitalidad"},"content":{"rendered":"<div class=\"wpb-content-wrapper\"><p>[vc_row][vc_column][vc_column_text]En la b\u00fasqueda de la juventud y el bienestar, la Medicina Antiedad desaf\u00eda el envejecimiento. En Hospital CMQ, nos enorgullece ofrecer una gama completa de servicios y tratamientos dise\u00f1ados para promover la salud, vitalidad y juventud de nuestros pacientes. La Medicina Antiedad no trata simplemente de detener el reloj del tiempo, sino de abordar los aspectos fundamentales del envejecimiento y promover un envejecimiento saludable.<\/p>\n<p>Desde Botox y fillers hasta mesoterapia y plasma rico en plaquetas, nuestro equipo de expertos en <a href=\"https:\/\/hospitalcmq.com\/es\/doctores\/cirujanos-plasticos-en-puerto-vallarta\/\">Medicina Antiedad<\/a> est\u00e1 comprometido a brindar un cuidado personalizado y centrado en el paciente. \u00a1Agenda tu cita hoy![\/vc_column_text][vc_empty_space][vc_column_text]<\/p>\n<h2><img loading=\"lazy\" decoding=\"async\" class=\"size-full wp-image-2198 alignright\" src=\"https:\/\/hospitalcmq.com\/wp-content\/uploads\/2018\/02\/ebebeb-1.jpg\" alt=\"\" width=\"470\" height=\"260\" \/>\u00bfQu\u00e9 es la Medicina Antiedad?<\/h2>\n<p>La Medicina Antiedad abarca m\u00e9todos innovadores destinados a frenar el proceso de envejecimiento, promoviendo una \u00f3ptima salud y belleza. Se caracteriza por ofrecer tratamientos personalizados dise\u00f1ados para preservar las caracter\u00edsticas y funciones individuales. Adem\u00e1s, este enfoque m\u00e9dico se centra en el estudio, la prevenci\u00f3n y el tratamiento del proceso de envejecimiento.<\/p>\n<p>Profesionales de la salud han demostrado que muchas de las enfermedades asociadas con el envejecimiento son, en su mayor\u00eda, trastornos o desequilibrios en los procesos metab\u00f3licos del cuerpo. Por ello, nuestro enfoque integral en Hospital CMQ busca no solo tratar los s\u00edntomas del envejecimiento, sino tambi\u00e9n abordar sus causas subyacentes para promover un envejecimiento saludable.[\/vc_column_text][vc_empty_space][vc_column_text]<\/p>\n<h2>Beneficios de los Procedimientos Anti-Aging<\/h2>\n<p><span style=\"font-weight: 400;\">Los procedimientos <\/span><i><span style=\"font-weight: 400;\">anti-aging<\/span><\/i><span style=\"font-weight: 400;\"> tienen como objetivo frenar, minimizar e incluso revertir el proceso de envejecimiento. Se basan en un enfoque integral que no solo busca combatir los signos visibles del envejecimiento, sino tambi\u00e9n promover la salud y el bienestar general de los pacientes. <\/span><span style=\"font-weight: 400;\">Estos tratamientos ofrecen una mejor perspectiva de vida, con menos estr\u00e9s y una actitud m\u00e1s positiva. Algunos de sus beneficios son:<\/span><\/p>\n<ul>\n<li><strong>Aumento de la vitalidad:<\/strong> Recuperar la energ\u00eda y la vitalidad perdidas con el paso de los a\u00f1os.<\/li>\n<li><strong>Rejuvenecimiento de la piel:<\/strong> Mejorar la textura, el tono y la elasticidad de la piel, reduciendo la apariencia de arrugas y l\u00edneas finas.<\/li>\n<li><strong>Fortalecimiento del cabello y las u\u00f1as:<\/strong> Fomentar la salud capilar y un crecimiento fuerte y saludable de las u\u00f1as.<\/li>\n<li><strong>Tonificaci\u00f3n de la masa muscular:<\/strong> Mejorar la fuerza y el tono muscular para una apariencia m\u00e1s juvenil y atl\u00e9tica.<\/li>\n<li><strong>Recuperaci\u00f3n del atractivo personal:<\/strong> Mejorar la confianza y la autoestima al resaltar la belleza natural de cada individuo.<\/li>\n<li><strong>Mejora del aspecto f\u00edsico general:<\/strong> Lograr una apariencia m\u00e1s radiante, juvenil y saludable en general.<\/li>\n<\/ul>\n<p>[\/vc_column_text][vc_empty_space][vc_row_inner el_class=\u00bbblock&#8211;padding&#8211;gray\u00bb][vc_column_inner][vc_single_image image=\u00bb1433&#8243; img_size=\u00bbfull\u00bb alignment=\u00bbcenter\u00bb][vc_empty_space][vc_column_text]<\/p>\n<h3>\u00bfCu\u00e1les son los procedimientos m\u00e1s comunes de la medicina <i>anti-aging<\/i>?<\/h3>\n<p><span style=\"font-weight: 400;\">Los procedimientos antienvejecimiento utilizan avances tecnol\u00f3gicos, m\u00e9dicos y cient\u00edficos para detectar, prevenir y tratar los padecimientos relacionados con la edad. Algunos de los m\u00e1s comunes son:<\/span><\/p>\n<ul>\n<li><b>Plasma Enriquecido en Plaquetas: <\/b>Este innovador tratamiento se centra en el rejuvenecimiento facial mediante la infiltraci\u00f3n del plasma sangu\u00edneo del propio paciente.<\/li>\n<li><b>Botox: <\/b>Este tratamiento, indoloro, reduce arrugas y l\u00edneas de expresi\u00f3n, siendo especialmente com\u00fan en el entrecejo, la frente, las comisuras de los labios y el contorno de ojos.<b><br \/>\n<\/b><\/li>\n<li><b>Mesoterapia: <\/b>Conocida como \u00abvitaminas inyectables\u00bb, la mesoterapia es una soluci\u00f3n est\u00e9tica que hidrata y revitaliza profundamente la piel. Act\u00faa contra la deshidrataci\u00f3n, el foto-envejecimiento, la oxidaci\u00f3n y la flacidez.<\/li>\n<li><b>Rellenos Faciales o Fillers: <\/b>Estas inyecciones suavizan temporalmente arrugas, proporcionan elasticidad y luminosidad a la piel, definen y rellenan las facciones.<\/li>\n<\/ul>\n<p>Estos procedimientos pueden contribuir significativamente a mejorar la apariencia y la salud de la piel, promoviendo un aspecto m\u00e1s juvenil y radiante.[\/vc_column_text][\/vc_column_inner][\/vc_row_inner][vc_empty_space][vc_column_text]<\/p>\n<h2>\u00bfSoy Candidato para los Procedimientos de Medicina Antiedad?<\/h2>\n<p><span style=\"font-weight: 400;\">Cada paciente y situaci\u00f3n son \u00fanicos, por lo que estos procedimientos deben adaptarse individualmente seg\u00fan la edad, h\u00e1bitos, objetivos y expectativas. No obstante, nuestros expertos recomiendan lo siguiente:<\/span><\/p>\n<ul>\n<li>Mantener un Peso Saludable: Un peso adecuado contribuye a una apariencia saludable.<\/li>\n<li>Ser Activo: La actividad f\u00edsica regular ayuda a mantener la vitalidad y el bienestar general.<\/li>\n<li>Integrar Alimentos Nutritivos en la Dieta: Una dieta equilibrada y rica en nutrientes es fundamental para la salud de la piel y el cuerpo en general.<\/li>\n<li>No Fumar: El tabaquismo acelera el proceso de envejecimiento y aumenta el riesgo de complicaciones en cualquier procedimiento m\u00e9dico.<\/li>\n<\/ul>\n<h2>\u00bfExisten Riesgos o Complicaciones?<\/h2>\n<p>Aunque la mayor\u00eda de los tratamientos antienvejecimiento brindan resultados efectivos, pueden surgir algunos inconvenientes. Algunos pacientes pueden experimentar efectos adversos como dolor, hinchaz\u00f3n, hematomas y sensibilidad en la piel. Adem\u00e1s, en caso de que el procedimiento requiera anestesia, existe el riesgo de una reacci\u00f3n al\u00e9rgica. Es importante discutir estos posibles riesgos con tu m\u00e9dico antes de someterte a cualquier tratamiento.[\/vc_column_text][vc_empty_space][\/vc_column][\/vc_row]<\/p>\n<\/div>","protected":false},"excerpt":{"rendered":"<p>Esta medicina se trata de m\u00e9todos innovadores para detener el proceso de envejecimiento, ganar salud y belleza. Consiste en tratamientos personalizados, para mantener intactas las facciones y funciones, rejuvenecer la piel y aumentar la vitalidad y frescura del rostro y cuerpo. Entre sus procedimientos m\u00e1s comunes se encuentran el plasma enriquecido en plaquetas, botox y la mesoterapia.<\/p>\n","protected":false},"author":2,"featured_media":0,"parent":4188,"menu_order":0,"comment_status":"closed","ping_status":"closed","template":"","meta":{"footnotes":""},"class_list":["post-6237","page","type-page","status-publish","hentry"],"acf":[],"yoast_head":"<!-- This site is optimized with the Yoast SEO plugin v27.3 - https:\/\/yoast.com\/product\/yoast-seo-wordpress\/ -->\n<title>\u00a1Luce tu mejor versi\u00f3n! Medicina antiedad en Hospitales CMQ<\/title>\n<meta name=\"description\" content=\"La medicina antiedad consiste en tratamientos personalizados para rejuvenecer la piel, aumentar la vitalidad y la frescura del cuerpo y rostro.\" \/>\n<meta name=\"robots\" content=\"index, follow, max-snippet:-1, max-image-preview:large, max-video-preview:-1\" \/>\n<link rel=\"canonical\" href=\"https:\/\/hospitalcmq.com\/es\/cirugia-plastica\/medicina-antiedad\/\" \/>\n<meta property=\"og:locale\" content=\"es_ES\" \/>\n<meta property=\"og:type\" content=\"article\" \/>\n<meta property=\"og:title\" content=\"\u00a1Luce tu mejor versi\u00f3n! Medicina antiedad en Hospitales CMQ\" \/>\n<meta property=\"og:description\" content=\"La medicina antiedad consiste en tratamientos personalizados para rejuvenecer la piel, aumentar la vitalidad y la frescura del cuerpo y rostro.\" \/>\n<meta property=\"og:url\" content=\"https:\/\/hospitalcmq.com\/es\/cirugia-plastica\/medicina-antiedad\/\" \/>\n<meta property=\"og:site_name\" content=\"Hospital CMQ\" \/>\n<meta property=\"article:publisher\" content=\"https:\/\/www.facebook.com\/HospitalCMQ\" \/>\n<meta property=\"article:modified_time\" content=\"2024-05-03T21:25:26+00:00\" \/>\n<meta property=\"og:image\" content=\"https:\/\/hospitalcmq.com\/wp-content\/uploads\/2018\/02\/ebebeb-1.jpg\" \/>\n<meta name=\"twitter:card\" content=\"summary_large_image\" \/>\n<meta name=\"twitter:label1\" content=\"Tiempo de lectura\" \/>\n\t<meta name=\"twitter:data1\" content=\"4 minutos\" \/>\n<script type=\"application\/ld+json\" class=\"yoast-schema-graph\">{\"@context\":\"https:\\\/\\\/schema.org\",\"@graph\":[{\"@type\":\"WebPage\",\"@id\":\"https:\\\/\\\/hospitalcmq.com\\\/es\\\/cirugia-plastica\\\/medicina-antiedad\\\/\",\"url\":\"https:\\\/\\\/hospitalcmq.com\\\/es\\\/cirugia-plastica\\\/medicina-antiedad\\\/\",\"name\":\"\u00a1Luce tu mejor versi\u00f3n! Medicina antiedad en Hospitales CMQ\",\"isPartOf\":{\"@id\":\"https:\\\/\\\/hospitalcmq.com\\\/es\\\/#website\"},\"primaryImageOfPage\":{\"@id\":\"https:\\\/\\\/hospitalcmq.com\\\/es\\\/cirugia-plastica\\\/medicina-antiedad\\\/#primaryimage\"},\"image\":{\"@id\":\"https:\\\/\\\/hospitalcmq.com\\\/es\\\/cirugia-plastica\\\/medicina-antiedad\\\/#primaryimage\"},\"thumbnailUrl\":\"https:\\\/\\\/hospitalcmq.com\\\/wp-content\\\/uploads\\\/2018\\\/02\\\/ebebeb-1.jpg\",\"datePublished\":\"2019-06-24T17:41:50+00:00\",\"dateModified\":\"2024-05-03T21:25:26+00:00\",\"description\":\"La medicina antiedad consiste en tratamientos personalizados para rejuvenecer la piel, aumentar la vitalidad y la frescura del cuerpo y rostro.\",\"breadcrumb\":{\"@id\":\"https:\\\/\\\/hospitalcmq.com\\\/es\\\/cirugia-plastica\\\/medicina-antiedad\\\/#breadcrumb\"},\"inLanguage\":\"es\",\"potentialAction\":[{\"@type\":\"ReadAction\",\"target\":[\"https:\\\/\\\/hospitalcmq.com\\\/es\\\/cirugia-plastica\\\/medicina-antiedad\\\/\"]}]},{\"@type\":\"ImageObject\",\"inLanguage\":\"es\",\"@id\":\"https:\\\/\\\/hospitalcmq.com\\\/es\\\/cirugia-plastica\\\/medicina-antiedad\\\/#primaryimage\",\"url\":\"https:\\\/\\\/hospitalcmq.com\\\/wp-content\\\/uploads\\\/2018\\\/02\\\/ebebeb-1.jpg\",\"contentUrl\":\"https:\\\/\\\/hospitalcmq.com\\\/wp-content\\\/uploads\\\/2018\\\/02\\\/ebebeb-1.jpg\"},{\"@type\":\"BreadcrumbList\",\"@id\":\"https:\\\/\\\/hospitalcmq.com\\\/es\\\/cirugia-plastica\\\/medicina-antiedad\\\/#breadcrumb\",\"itemListElement\":[{\"@type\":\"ListItem\",\"position\":1,\"name\":\"Home\",\"item\":\"https:\\\/\\\/hospitalcmq.com\\\/es\\\/\"},{\"@type\":\"ListItem\",\"position\":2,\"name\":\"Cirug\u00eda Pl\u00e1stica\",\"item\":\"https:\\\/\\\/hospitalcmq.com\\\/es\\\/cirugia-plastica\\\/\"},{\"@type\":\"ListItem\",\"position\":3,\"name\":\"Medicina Antiedad en Hospital CMQ: Un Enfoque Integral para el Bienestar y la Vitalidad\"}]},{\"@type\":\"WebSite\",\"@id\":\"https:\\\/\\\/hospitalcmq.com\\\/es\\\/#website\",\"url\":\"https:\\\/\\\/hospitalcmq.com\\\/es\\\/\",\"name\":\"Hospital CMQ\",\"description\":\"Best Hospitals in Puerto Vallarta &amp; Riviera Nayarit\",\"publisher\":{\"@id\":\"https:\\\/\\\/hospitalcmq.com\\\/es\\\/#organization\"},\"potentialAction\":[{\"@type\":\"SearchAction\",\"target\":{\"@type\":\"EntryPoint\",\"urlTemplate\":\"https:\\\/\\\/hospitalcmq.com\\\/es\\\/?s={search_term_string}\"},\"query-input\":{\"@type\":\"PropertyValueSpecification\",\"valueRequired\":true,\"valueName\":\"search_term_string\"}}],\"inLanguage\":\"es\"},{\"@type\":\"Organization\",\"@id\":\"https:\\\/\\\/hospitalcmq.com\\\/es\\\/#organization\",\"name\":\"Hospital CMQ\",\"url\":\"https:\\\/\\\/hospitalcmq.com\\\/es\\\/\",\"logo\":{\"@type\":\"ImageObject\",\"inLanguage\":\"es\",\"@id\":\"https:\\\/\\\/hospitalcmq.com\\\/es\\\/#\\\/schema\\\/logo\\\/image\\\/\",\"url\":\"https:\\\/\\\/hospitalcmq.com\\\/wp-content\\\/uploads\\\/2018\\\/06\\\/cmq-hospital-logo.png\",\"contentUrl\":\"https:\\\/\\\/hospitalcmq.com\\\/wp-content\\\/uploads\\\/2018\\\/06\\\/cmq-hospital-logo.png\",\"width\":214,\"height\":189,\"caption\":\"Hospital CMQ\"},\"image\":{\"@id\":\"https:\\\/\\\/hospitalcmq.com\\\/es\\\/#\\\/schema\\\/logo\\\/image\\\/\"},\"sameAs\":[\"https:\\\/\\\/www.facebook.com\\\/HospitalCMQ\"]}]}<\/script>\n<!-- \/ Yoast SEO plugin. -->","yoast_head_json":{"title":"\u00a1Luce tu mejor versi\u00f3n! Medicina antiedad en Hospitales CMQ","description":"La medicina antiedad consiste en tratamientos personalizados para rejuvenecer la piel, aumentar la vitalidad y la frescura del cuerpo y rostro.","robots":{"index":"index","follow":"follow","max-snippet":"max-snippet:-1","max-image-preview":"max-image-preview:large","max-video-preview":"max-video-preview:-1"},"canonical":"https:\/\/hospitalcmq.com\/es\/cirugia-plastica\/medicina-antiedad\/","og_locale":"es_ES","og_type":"article","og_title":"\u00a1Luce tu mejor versi\u00f3n! Medicina antiedad en Hospitales CMQ","og_description":"La medicina antiedad consiste en tratamientos personalizados para rejuvenecer la piel, aumentar la vitalidad y la frescura del cuerpo y rostro.","og_url":"https:\/\/hospitalcmq.com\/es\/cirugia-plastica\/medicina-antiedad\/","og_site_name":"Hospital CMQ","article_publisher":"https:\/\/www.facebook.com\/HospitalCMQ","article_modified_time":"2024-05-03T21:25:26+00:00","og_image":[{"url":"https:\/\/hospitalcmq.com\/wp-content\/uploads\/2018\/02\/ebebeb-1.jpg","type":"","width":"","height":""}],"twitter_card":"summary_large_image","twitter_misc":{"Tiempo de lectura":"4 minutos"},"schema":{"@context":"https:\/\/schema.org","@graph":[{"@type":"WebPage","@id":"https:\/\/hospitalcmq.com\/es\/cirugia-plastica\/medicina-antiedad\/","url":"https:\/\/hospitalcmq.com\/es\/cirugia-plastica\/medicina-antiedad\/","name":"\u00a1Luce tu mejor versi\u00f3n! Medicina antiedad en Hospitales CMQ","isPartOf":{"@id":"https:\/\/hospitalcmq.com\/es\/#website"},"primaryImageOfPage":{"@id":"https:\/\/hospitalcmq.com\/es\/cirugia-plastica\/medicina-antiedad\/#primaryimage"},"image":{"@id":"https:\/\/hospitalcmq.com\/es\/cirugia-plastica\/medicina-antiedad\/#primaryimage"},"thumbnailUrl":"https:\/\/hospitalcmq.com\/wp-content\/uploads\/2018\/02\/ebebeb-1.jpg","datePublished":"2019-06-24T17:41:50+00:00","dateModified":"2024-05-03T21:25:26+00:00","description":"La medicina antiedad consiste en tratamientos personalizados para rejuvenecer la piel, aumentar la vitalidad y la frescura del cuerpo y rostro.","breadcrumb":{"@id":"https:\/\/hospitalcmq.com\/es\/cirugia-plastica\/medicina-antiedad\/#breadcrumb"},"inLanguage":"es","potentialAction":[{"@type":"ReadAction","target":["https:\/\/hospitalcmq.com\/es\/cirugia-plastica\/medicina-antiedad\/"]}]},{"@type":"ImageObject","inLanguage":"es","@id":"https:\/\/hospitalcmq.com\/es\/cirugia-plastica\/medicina-antiedad\/#primaryimage","url":"https:\/\/hospitalcmq.com\/wp-content\/uploads\/2018\/02\/ebebeb-1.jpg","contentUrl":"https:\/\/hospitalcmq.com\/wp-content\/uploads\/2018\/02\/ebebeb-1.jpg"},{"@type":"BreadcrumbList","@id":"https:\/\/hospitalcmq.com\/es\/cirugia-plastica\/medicina-antiedad\/#breadcrumb","itemListElement":[{"@type":"ListItem","position":1,"name":"Home","item":"https:\/\/hospitalcmq.com\/es\/"},{"@type":"ListItem","position":2,"name":"Cirug\u00eda Pl\u00e1stica","item":"https:\/\/hospitalcmq.com\/es\/cirugia-plastica\/"},{"@type":"ListItem","position":3,"name":"Medicina Antiedad en Hospital CMQ: Un Enfoque Integral para el Bienestar y la Vitalidad"}]},{"@type":"WebSite","@id":"https:\/\/hospitalcmq.com\/es\/#website","url":"https:\/\/hospitalcmq.com\/es\/","name":"Hospital CMQ","description":"Best Hospitals in Puerto Vallarta &amp; Riviera Nayarit","publisher":{"@id":"https:\/\/hospitalcmq.com\/es\/#organization"},"potentialAction":[{"@type":"SearchAction","target":{"@type":"EntryPoint","urlTemplate":"https:\/\/hospitalcmq.com\/es\/?s={search_term_string}"},"query-input":{"@type":"PropertyValueSpecification","valueRequired":true,"valueName":"search_term_string"}}],"inLanguage":"es"},{"@type":"Organization","@id":"https:\/\/hospitalcmq.com\/es\/#organization","name":"Hospital CMQ","url":"https:\/\/hospitalcmq.com\/es\/","logo":{"@type":"ImageObject","inLanguage":"es","@id":"https:\/\/hospitalcmq.com\/es\/#\/schema\/logo\/image\/","url":"https:\/\/hospitalcmq.com\/wp-content\/uploads\/2018\/06\/cmq-hospital-logo.png","contentUrl":"https:\/\/hospitalcmq.com\/wp-content\/uploads\/2018\/06\/cmq-hospital-logo.png","width":214,"height":189,"caption":"Hospital CMQ"},"image":{"@id":"https:\/\/hospitalcmq.com\/es\/#\/schema\/logo\/image\/"},"sameAs":["https:\/\/www.facebook.com\/HospitalCMQ"]}]}},"_links":{"self":[{"href":"https:\/\/hospitalcmq.com\/es\/wp-json\/wp\/v2\/pages\/6237","targetHints":{"allow":["GET"]}}],"collection":[{"href":"https:\/\/hospitalcmq.com\/es\/wp-json\/wp\/v2\/pages"}],"about":[{"href":"https:\/\/hospitalcmq.com\/es\/wp-json\/wp\/v2\/types\/page"}],"author":[{"embeddable":true,"href":"https:\/\/hospitalcmq.com\/es\/wp-json\/wp\/v2\/users\/2"}],"replies":[{"embeddable":true,"href":"https:\/\/hospitalcmq.com\/es\/wp-json\/wp\/v2\/comments?post=6237"}],"version-history":[{"count":0,"href":"https:\/\/hospitalcmq.com\/es\/wp-json\/wp\/v2\/pages\/6237\/revisions"}],"up":[{"embeddable":true,"href":"https:\/\/hospitalcmq.com\/es\/wp-json\/wp\/v2\/pages\/4188"}],"wp:attachment":[{"href":"https:\/\/hospitalcmq.com\/es\/wp-json\/wp\/v2\/media?parent=6237"}],"curies":[{"name":"wp","href":"https:\/\/api.w.org\/{rel}","templated":true}]}}