{"id":6234,"date":"2019-06-24T12:37:31","date_gmt":"2019-06-24T17:37:31","guid":{"rendered":"https:\/\/hospitalcmq.com\/?page_id=6234"},"modified":"2024-05-03T16:05:16","modified_gmt":"2024-05-03T22:05:16","slug":"botox","status":"publish","type":"page","link":"https:\/\/hospitalcmq.com\/es\/cirugia-plastica\/botox\/","title":{"rendered":"Toxina Botul\u00ednica o Botox"},"content":{"rendered":"<div class=\"wpb-content-wrapper\"><p>[vc_row][vc_column][vc_column_text]La toxina botul\u00ednica es un tratamiento m\u00e9dico est\u00e9tico conocido como Botox, que se utiliza con fines de antienvejecimiento. Esta toxina ha demostrado ser eficaz en la reducci\u00f3n de l\u00edneas y arrugas no deseadas desde hace muchos a\u00f1os. Aunque su efecto no es permanente, el Botox es la opci\u00f3n m\u00e1s r\u00e1pida y menos costosa para personas que prefieren procedimientos no quir\u00fargicos <a href=\"https:\/\/hospitalcmq.com\/es\/cirugia-plastica\/medicina-antiedad\/\"><em>anti-aging<\/em><\/a>.<\/p>\n<p>Se realiza con peque\u00f1as inyecciones en el \u00e1rea a tratar para paralizar temporalmente los m\u00fasculos que causan las l\u00edneas de expresi\u00f3n y arrugas. Es un tratamiento indoloro que no requiere anestesia. Su efecto generalmente dura de seis meses a un a\u00f1o. En algunos casos, los resultados pueden durar m\u00e1s tiempo.[\/vc_column_text][vc_empty_space][vc_column_text]<\/p>\n<h2><img loading=\"lazy\" decoding=\"async\" class=\"size-full wp-image-2198 alignright\" src=\"https:\/\/hospitalcmq.com\/wp-content\/uploads\/2018\/02\/ebebeb-1.jpg\" alt=\"\" width=\"470\" height=\"260\" \/>\u00bfSoy Candidato para el Tratamiento con Botox?<\/h2>\n<p><span style=\"font-weight: 400;\">Junto con su m\u00e9dico podr\u00e1s considerar la aplicaci\u00f3n de Botox si:<\/span><\/p>\n<ul>\n<li style=\"font-weight: 400;\">Presentas arrugas faciales moderadas o severas.<\/li>\n<li style=\"font-weight: 400;\">Las arrugas se encuentran en \u00e1reas que pueden ser tratadas con Botox, como el contorno de los ojos, la frente, alrededor de la boca, el cuello, entre otros.<\/li>\n<li style=\"font-weight: 400;\">Cuentas de buena salud general.<\/li>\n<li style=\"font-weight: 400;\">Tienes expectativas realistas sobre los resultados del procedimiento.<\/li>\n<\/ul>\n<p>[\/vc_column_text][vc_empty_space][vc_row_inner el_class=\u00bbblock&#8211;padding&#8211;gray\u00bb][vc_column_inner][vc_single_image image=\u00bb1433&#8243; img_size=\u00bbfull\u00bb alignment=\u00bbcenter\u00bb][vc_empty_space][vc_column_text]<\/p>\n<h3>\u00bfExisten Riesgos o Complicaciones por Colocarse Toxina Botul\u00ednica?<\/h3>\n<p>Los posibles efectos secundarios del tratamiento con Botox son leves y poco frecuentes. Estos pueden incluir:<\/p>\n<ul>\n<li>Dolor en el sitio de la inyecci\u00f3n<\/li>\n<li>Inflamaci\u00f3n y enrojecimiento<\/li>\n<li>Hinchaz\u00f3n y hematoma<\/li>\n<li>Sangrado leve<\/li>\n<\/ul>\n<p><span style=\"font-weight: 400;\">Algunos de estos s\u00edntomas pueden indicar una reacci\u00f3n al\u00e9rgica, y es importante informar a tu m\u00e9dico si experimentas alguno de ellos. Otros posibles efectos secundarios menos comunes pueden incluir:<br \/>\n<\/span><\/p>\n<ul>\n<li>Picaz\u00f3n en la piel<\/li>\n<li>Sibilancias o dificultad para respirar<\/li>\n<li>Erupciones cut\u00e1neas o sarpullido<\/li>\n<li>Ronchas rojas o urticaria<\/li>\n<li>Mareos repentinos o desmayos<\/li>\n<li>Sensaci\u00f3n de boca seca<\/li>\n<li>Fatiga o debilidad<\/li>\n<li>Dolores de cabeza o rigidez en el cuello<\/li>\n<\/ul>\n<p>Es importante discutir cualquier preocupaci\u00f3n o s\u00edntoma inusual con tu m\u00e9dico para obtener orientaci\u00f3n y atenci\u00f3n adecuada.[\/vc_column_text][\/vc_column_inner][\/vc_row_inner][\/vc_column][\/vc_row]<\/p>\n<\/div>","protected":false},"excerpt":{"rendered":"<p>La toxina botul\u00ednica, o botox, es un tratamiento m\u00e9dico est\u00e9tico que se utiliza con fines de antienvejecimiento. Es eficaz en la reducci\u00f3n de l\u00edneas de expresi\u00f3n y arrugas no deseadas. Es un procedimiento no quir\u00fargico eficaz que se realiza mediante peque\u00f1as inyecciones. No requiere anestesia y su efecto generalmente dura cuatro meses. Descubre aqu\u00ed si eres candidato a este tratamiento y si existen riesgos o complicaciones.<\/p>\n","protected":false},"author":2,"featured_media":0,"parent":4188,"menu_order":0,"comment_status":"closed","ping_status":"closed","template":"","meta":{"footnotes":""},"class_list":["post-6234","page","type-page","status-publish","hentry"],"acf":[],"yoast_head":"<!-- This site is optimized with the Yoast SEO plugin v27.4 - https:\/\/yoast.com\/product\/yoast-seo-wordpress\/ -->\n<title>\u00bfQu\u00e9 es Toxina Botul\u00ednica? Lo que debes saber sobre Botox<\/title>\n<meta name=\"description\" content=\"Todo lo que necesitas saber sobre la toxina botul\u00ednica, mejor conocida como Botox. \u00a1Agenda tu cita con nuestros especialistas hoy!\" \/>\n<meta name=\"robots\" content=\"index, follow, max-snippet:-1, max-image-preview:large, max-video-preview:-1\" \/>\n<link rel=\"canonical\" href=\"https:\/\/hospitalcmq.com\/es\/cirugia-plastica\/botox\/\" \/>\n<meta property=\"og:locale\" content=\"es_ES\" \/>\n<meta property=\"og:type\" content=\"article\" \/>\n<meta property=\"og:title\" content=\"\u00bfQu\u00e9 es Toxina Botul\u00ednica? Lo que debes saber sobre Botox\" \/>\n<meta property=\"og:description\" content=\"Todo lo que necesitas saber sobre la toxina botul\u00ednica, mejor conocida como Botox. \u00a1Agenda tu cita con nuestros especialistas hoy!\" \/>\n<meta property=\"og:url\" content=\"https:\/\/hospitalcmq.com\/es\/cirugia-plastica\/botox\/\" \/>\n<meta property=\"og:site_name\" content=\"Hospital CMQ\" \/>\n<meta property=\"article:publisher\" content=\"https:\/\/www.facebook.com\/HospitalCMQ\" \/>\n<meta property=\"article:modified_time\" content=\"2024-05-03T22:05:16+00:00\" \/>\n<meta property=\"og:image\" content=\"https:\/\/hospitalcmq.com\/wp-content\/uploads\/2018\/02\/ebebeb-1.jpg\" \/>\n<meta name=\"twitter:card\" content=\"summary_large_image\" \/>\n<meta name=\"twitter:label1\" content=\"Tiempo de lectura\" \/>\n\t<meta name=\"twitter:data1\" content=\"2 minutos\" \/>\n<script type=\"application\/ld+json\" class=\"yoast-schema-graph\">{\"@context\":\"https:\\\/\\\/schema.org\",\"@graph\":[{\"@type\":\"WebPage\",\"@id\":\"https:\\\/\\\/hospitalcmq.com\\\/es\\\/cirugia-plastica\\\/botox\\\/\",\"url\":\"https:\\\/\\\/hospitalcmq.com\\\/es\\\/cirugia-plastica\\\/botox\\\/\",\"name\":\"\u00bfQu\u00e9 es Toxina Botul\u00ednica? Lo que debes saber sobre Botox\",\"isPartOf\":{\"@id\":\"https:\\\/\\\/hospitalcmq.com\\\/es\\\/#website\"},\"primaryImageOfPage\":{\"@id\":\"https:\\\/\\\/hospitalcmq.com\\\/es\\\/cirugia-plastica\\\/botox\\\/#primaryimage\"},\"image\":{\"@id\":\"https:\\\/\\\/hospitalcmq.com\\\/es\\\/cirugia-plastica\\\/botox\\\/#primaryimage\"},\"thumbnailUrl\":\"https:\\\/\\\/hospitalcmq.com\\\/wp-content\\\/uploads\\\/2018\\\/02\\\/ebebeb-1.jpg\",\"datePublished\":\"2019-06-24T17:37:31+00:00\",\"dateModified\":\"2024-05-03T22:05:16+00:00\",\"description\":\"Todo lo que necesitas saber sobre la toxina botul\u00ednica, mejor conocida como Botox. \u00a1Agenda tu cita con nuestros especialistas hoy!\",\"breadcrumb\":{\"@id\":\"https:\\\/\\\/hospitalcmq.com\\\/es\\\/cirugia-plastica\\\/botox\\\/#breadcrumb\"},\"inLanguage\":\"es\",\"potentialAction\":[{\"@type\":\"ReadAction\",\"target\":[\"https:\\\/\\\/hospitalcmq.com\\\/es\\\/cirugia-plastica\\\/botox\\\/\"]}]},{\"@type\":\"ImageObject\",\"inLanguage\":\"es\",\"@id\":\"https:\\\/\\\/hospitalcmq.com\\\/es\\\/cirugia-plastica\\\/botox\\\/#primaryimage\",\"url\":\"https:\\\/\\\/hospitalcmq.com\\\/wp-content\\\/uploads\\\/2018\\\/02\\\/ebebeb-1.jpg\",\"contentUrl\":\"https:\\\/\\\/hospitalcmq.com\\\/wp-content\\\/uploads\\\/2018\\\/02\\\/ebebeb-1.jpg\"},{\"@type\":\"BreadcrumbList\",\"@id\":\"https:\\\/\\\/hospitalcmq.com\\\/es\\\/cirugia-plastica\\\/botox\\\/#breadcrumb\",\"itemListElement\":[{\"@type\":\"ListItem\",\"position\":1,\"name\":\"Home\",\"item\":\"https:\\\/\\\/hospitalcmq.com\\\/es\\\/\"},{\"@type\":\"ListItem\",\"position\":2,\"name\":\"Cirug\u00eda Pl\u00e1stica\",\"item\":\"https:\\\/\\\/hospitalcmq.com\\\/es\\\/cirugia-plastica\\\/\"},{\"@type\":\"ListItem\",\"position\":3,\"name\":\"Toxina Botul\u00ednica o Botox\"}]},{\"@type\":\"WebSite\",\"@id\":\"https:\\\/\\\/hospitalcmq.com\\\/es\\\/#website\",\"url\":\"https:\\\/\\\/hospitalcmq.com\\\/es\\\/\",\"name\":\"Hospital CMQ\",\"description\":\"Best Hospitals in Puerto Vallarta &amp; Riviera Nayarit\",\"publisher\":{\"@id\":\"https:\\\/\\\/hospitalcmq.com\\\/es\\\/#organization\"},\"potentialAction\":[{\"@type\":\"SearchAction\",\"target\":{\"@type\":\"EntryPoint\",\"urlTemplate\":\"https:\\\/\\\/hospitalcmq.com\\\/es\\\/?s={search_term_string}\"},\"query-input\":{\"@type\":\"PropertyValueSpecification\",\"valueRequired\":true,\"valueName\":\"search_term_string\"}}],\"inLanguage\":\"es\"},{\"@type\":\"Organization\",\"@id\":\"https:\\\/\\\/hospitalcmq.com\\\/es\\\/#organization\",\"name\":\"Hospital CMQ\",\"url\":\"https:\\\/\\\/hospitalcmq.com\\\/es\\\/\",\"logo\":{\"@type\":\"ImageObject\",\"inLanguage\":\"es\",\"@id\":\"https:\\\/\\\/hospitalcmq.com\\\/es\\\/#\\\/schema\\\/logo\\\/image\\\/\",\"url\":\"https:\\\/\\\/hospitalcmq.com\\\/wp-content\\\/uploads\\\/2018\\\/06\\\/cmq-hospital-logo.png\",\"contentUrl\":\"https:\\\/\\\/hospitalcmq.com\\\/wp-content\\\/uploads\\\/2018\\\/06\\\/cmq-hospital-logo.png\",\"width\":214,\"height\":189,\"caption\":\"Hospital CMQ\"},\"image\":{\"@id\":\"https:\\\/\\\/hospitalcmq.com\\\/es\\\/#\\\/schema\\\/logo\\\/image\\\/\"},\"sameAs\":[\"https:\\\/\\\/www.facebook.com\\\/HospitalCMQ\"]}]}<\/script>\n<!-- \/ Yoast SEO plugin. -->","yoast_head_json":{"title":"\u00bfQu\u00e9 es Toxina Botul\u00ednica? Lo que debes saber sobre Botox","description":"Todo lo que necesitas saber sobre la toxina botul\u00ednica, mejor conocida como Botox. \u00a1Agenda tu cita con nuestros especialistas hoy!","robots":{"index":"index","follow":"follow","max-snippet":"max-snippet:-1","max-image-preview":"max-image-preview:large","max-video-preview":"max-video-preview:-1"},"canonical":"https:\/\/hospitalcmq.com\/es\/cirugia-plastica\/botox\/","og_locale":"es_ES","og_type":"article","og_title":"\u00bfQu\u00e9 es Toxina Botul\u00ednica? Lo que debes saber sobre Botox","og_description":"Todo lo que necesitas saber sobre la toxina botul\u00ednica, mejor conocida como Botox. \u00a1Agenda tu cita con nuestros especialistas hoy!","og_url":"https:\/\/hospitalcmq.com\/es\/cirugia-plastica\/botox\/","og_site_name":"Hospital CMQ","article_publisher":"https:\/\/www.facebook.com\/HospitalCMQ","article_modified_time":"2024-05-03T22:05:16+00:00","og_image":[{"url":"https:\/\/hospitalcmq.com\/wp-content\/uploads\/2018\/02\/ebebeb-1.jpg","type":"","width":"","height":""}],"twitter_card":"summary_large_image","twitter_misc":{"Tiempo de lectura":"2 minutos"},"schema":{"@context":"https:\/\/schema.org","@graph":[{"@type":"WebPage","@id":"https:\/\/hospitalcmq.com\/es\/cirugia-plastica\/botox\/","url":"https:\/\/hospitalcmq.com\/es\/cirugia-plastica\/botox\/","name":"\u00bfQu\u00e9 es Toxina Botul\u00ednica? Lo que debes saber sobre Botox","isPartOf":{"@id":"https:\/\/hospitalcmq.com\/es\/#website"},"primaryImageOfPage":{"@id":"https:\/\/hospitalcmq.com\/es\/cirugia-plastica\/botox\/#primaryimage"},"image":{"@id":"https:\/\/hospitalcmq.com\/es\/cirugia-plastica\/botox\/#primaryimage"},"thumbnailUrl":"https:\/\/hospitalcmq.com\/wp-content\/uploads\/2018\/02\/ebebeb-1.jpg","datePublished":"2019-06-24T17:37:31+00:00","dateModified":"2024-05-03T22:05:16+00:00","description":"Todo lo que necesitas saber sobre la toxina botul\u00ednica, mejor conocida como Botox. \u00a1Agenda tu cita con nuestros especialistas hoy!","breadcrumb":{"@id":"https:\/\/hospitalcmq.com\/es\/cirugia-plastica\/botox\/#breadcrumb"},"inLanguage":"es","potentialAction":[{"@type":"ReadAction","target":["https:\/\/hospitalcmq.com\/es\/cirugia-plastica\/botox\/"]}]},{"@type":"ImageObject","inLanguage":"es","@id":"https:\/\/hospitalcmq.com\/es\/cirugia-plastica\/botox\/#primaryimage","url":"https:\/\/hospitalcmq.com\/wp-content\/uploads\/2018\/02\/ebebeb-1.jpg","contentUrl":"https:\/\/hospitalcmq.com\/wp-content\/uploads\/2018\/02\/ebebeb-1.jpg"},{"@type":"BreadcrumbList","@id":"https:\/\/hospitalcmq.com\/es\/cirugia-plastica\/botox\/#breadcrumb","itemListElement":[{"@type":"ListItem","position":1,"name":"Home","item":"https:\/\/hospitalcmq.com\/es\/"},{"@type":"ListItem","position":2,"name":"Cirug\u00eda Pl\u00e1stica","item":"https:\/\/hospitalcmq.com\/es\/cirugia-plastica\/"},{"@type":"ListItem","position":3,"name":"Toxina Botul\u00ednica o Botox"}]},{"@type":"WebSite","@id":"https:\/\/hospitalcmq.com\/es\/#website","url":"https:\/\/hospitalcmq.com\/es\/","name":"Hospital CMQ","description":"Best Hospitals in Puerto Vallarta &amp; Riviera Nayarit","publisher":{"@id":"https:\/\/hospitalcmq.com\/es\/#organization"},"potentialAction":[{"@type":"SearchAction","target":{"@type":"EntryPoint","urlTemplate":"https:\/\/hospitalcmq.com\/es\/?s={search_term_string}"},"query-input":{"@type":"PropertyValueSpecification","valueRequired":true,"valueName":"search_term_string"}}],"inLanguage":"es"},{"@type":"Organization","@id":"https:\/\/hospitalcmq.com\/es\/#organization","name":"Hospital CMQ","url":"https:\/\/hospitalcmq.com\/es\/","logo":{"@type":"ImageObject","inLanguage":"es","@id":"https:\/\/hospitalcmq.com\/es\/#\/schema\/logo\/image\/","url":"https:\/\/hospitalcmq.com\/wp-content\/uploads\/2018\/06\/cmq-hospital-logo.png","contentUrl":"https:\/\/hospitalcmq.com\/wp-content\/uploads\/2018\/06\/cmq-hospital-logo.png","width":214,"height":189,"caption":"Hospital CMQ"},"image":{"@id":"https:\/\/hospitalcmq.com\/es\/#\/schema\/logo\/image\/"},"sameAs":["https:\/\/www.facebook.com\/HospitalCMQ"]}]}},"_links":{"self":[{"href":"https:\/\/hospitalcmq.com\/es\/wp-json\/wp\/v2\/pages\/6234","targetHints":{"allow":["GET"]}}],"collection":[{"href":"https:\/\/hospitalcmq.com\/es\/wp-json\/wp\/v2\/pages"}],"about":[{"href":"https:\/\/hospitalcmq.com\/es\/wp-json\/wp\/v2\/types\/page"}],"author":[{"embeddable":true,"href":"https:\/\/hospitalcmq.com\/es\/wp-json\/wp\/v2\/users\/2"}],"replies":[{"embeddable":true,"href":"https:\/\/hospitalcmq.com\/es\/wp-json\/wp\/v2\/comments?post=6234"}],"version-history":[{"count":0,"href":"https:\/\/hospitalcmq.com\/es\/wp-json\/wp\/v2\/pages\/6234\/revisions"}],"up":[{"embeddable":true,"href":"https:\/\/hospitalcmq.com\/es\/wp-json\/wp\/v2\/pages\/4188"}],"wp:attachment":[{"href":"https:\/\/hospitalcmq.com\/es\/wp-json\/wp\/v2\/media?parent=6234"}],"curies":[{"name":"wp","href":"https:\/\/api.w.org\/{rel}","templated":true}]}}