{"id":6224,"date":"2019-06-24T12:28:57","date_gmt":"2019-06-24T17:28:57","guid":{"rendered":"https:\/\/hospitalcmq.com\/?page_id=6224"},"modified":"2024-05-02T17:16:39","modified_gmt":"2024-05-02T23:16:39","slug":"levantamiento-de-senos","status":"publish","type":"page","link":"https:\/\/hospitalcmq.com\/es\/cirugia-plastica\/levantamiento-de-senos\/","title":{"rendered":"Renueva tu Figura, Levantamiento de Senos en Hospital CMQ"},"content":{"rendered":"<div class=\"wpb-content-wrapper\"><p>[vc_row][vc_column][vc_column_text]El Levantamiento de Senos, es un procedimiento quir\u00fargico dise\u00f1ado para levantar los senos ca\u00eddos o fl\u00e1cidos, brindando a las mujeres una apariencia m\u00e1s juvenil y firme en el \u00e1rea del busto. En Hospital CMQ, nuestro equipo m\u00e9dico de <a href=\"https:\/\/hospitalcmq.com\/es\/doctores\/cirujanos-plasticos-en-puerto-vallarta\/\">Cirug\u00eda Pl\u00e1stica<\/a> altamente capacitado trabaja en estrecha colaboraci\u00f3n contigo para comprender tus objetivos est\u00e9ticos y dise\u00f1ar un plan de tratamiento personalizado que se adapte a tus necesidades y objetivos.<\/p>\n<p>Desde la consulta inicial hasta la atenci\u00f3n postoperatoria, nos esforzamos por brindar una experiencia de alta calidad y atenci\u00f3n personalizada en cada paso del camino. Programa una consulta con nosotros hoy para aprender m\u00e1s sobre c\u00f3mo el levantamiento de senos en Hospital CMQ puede ayudarte a restaurar la confianza en tu apariencia y lograr el aspecto que deseas.[\/vc_column_text][vc_empty_space][vc_column_text]<\/p>\n<h2>En Hospital CMQ Tu Seguridad y Comodidad es Nuestra Prioridad<\/h2>\n<p>En Hospital CMQ, entendemos que la forma y la firmeza de los senos pueden afectar significativamente la confianza y la autoestima de una mujer. Por ello, ofrecemos t\u00e9cnicas avanzadas de levantamiento de senos realizadas por cirujanos expertos. Durante el procedimiento de levantamiento de senos, nuestros cirujanos eliminan el exceso de piel y modifican el tejido mamario, reposicionando el pez\u00f3n y la areola para lograr una apariencia m\u00e1s joven y natural.<\/p>\n<p>Ya sea que desees restaurar la forma y firmeza de tus senos despu\u00e9s del embarazo y lactancia, o simplemente mejorar la apariencia de tus senos, nuestro equipo est\u00e1 comprometido a proporcionar resultados personalizados que resalten tu belleza natural. En Hospital CMQ tu seguridad, comodidad y satisfacci\u00f3n es nuestra prioridad.[\/vc_column_text][vc_empty_space][vc_column_text]<\/p>\n<h2>Pros y Contras de la Cirug\u00eda de Levantamiento de Senos<\/h2>\n<p>Al considerar un levantamiento de senos, es importante discutir detenidamente los riesgos y beneficios. Estos puntos a continuaci\u00f3n te ayudar\u00e1n a tomar una decisi\u00f3n informada y a establecer expectativas realistas sobre los resultados y los posibles riesgos asociados con el procedimiento.<\/p>\n<p><strong>Pros:<\/strong><\/p>\n<ul>\n<li style=\"font-weight: 400;\"><span style=\"font-weight: 400;\"><strong>Recuperaci\u00f3n de la Confianza y Autoestima: <\/strong>El levantamiento de senos puede ayudar a restaurar la confianza y la autoestima al mejorar el\u00a0propio atractivo visual.<\/span><\/li>\n<li><strong>Correcci\u00f3n de Senos Ca\u00eddos:\u00a0<\/strong>Este procedimiento elimina la apariencia de senos ca\u00eddos, proporcionando una figura m\u00e1s juvenil.<\/li>\n<li><strong>Mejora en la Forma y Simetr\u00eda de los Senos:\u00a0<\/strong>Esta cirug\u00eda mejora la forma, proyecci\u00f3n y simetr\u00eda de los senos, creando un aspecto m\u00e1s armonioso en el busto.<\/li>\n<\/ul>\n<p><strong>Contras:<\/strong><\/p>\n<ul>\n<li><strong>Posibilidad de Cicatrices:\u00a0<\/strong>Como en cualquier procedimiento quir\u00fargico, pueden quedar cicatrices. Sin embargo, los cirujanos emplean t\u00e9cnicas cuidadosas para minimizar la visibilidad de las cicatrices.<\/li>\n<li style=\"font-weight: 400;\"><span style=\"font-weight: 400;\"><strong>Resultados No Permanentes:\u00a0<\/strong>Aunque el levantamiento de senos proporciona resultados duraderos, los efectos no suelen ser permanentes.<\/span><\/li>\n<li><strong>Impacto por Embarazo:\u00a0<\/strong>Un embarazo posterior a la cirug\u00eda de levantamiento de senos puede afectar los resultados obtenidos, ya que los cambios hormonales y f\u00edsicos del embarazo alteran la forma y firmeza de los senos.<\/li>\n<li><strong>Posible P\u00e9rdida de Sensibilidad:\u00a0<\/strong>En algunos casos, se puede experimentar una p\u00e9rdida temporal de sensibilidad en los pezones despu\u00e9s de la cirug\u00eda. Esto generalmente se restablece terminando el per\u00edodo de recuperaci\u00f3n.<\/li>\n<\/ul>\n<p>[\/vc_column_text][vc_empty_space][vc_row_inner el_class=\u00bbblock&#8211;padding&#8211;gray\u00bb][vc_column_inner][vc_single_image image=\u00bb11103&#8243; img_size=\u00bbfull\u00bb alignment=\u00bbcenter\u00bb][vc_empty_space][vc_column_text]<\/p>\n<h3>\u00bfEres Candidato Ideal para Este Procedimiento?<\/h3>\n<p>La cirug\u00eda de levantamiento de senos es un procedimiento que puede ofrecer resultados satisfactorios. No obstante, existen ciertas consideraciones importantes a tener en cuenta para determinar si eres o no un candidato ideal:<\/p>\n<ul>\n<li><strong>Peso Estable:\u00a0<\/strong>Los cambios dr\u00e1sticos de peso pueden afectar la apariencia de los senos despu\u00e9s de la cirug\u00eda, por lo que este procedimiento se adapta mejor a aquellos que mantienen un peso estable y saludable.<\/li>\n<li><strong>Buena Salud F\u00edsica:\u00a0<\/strong>Es importante que est\u00e9s f\u00edsicamente saludable antes de someterte a cualquier procedimiento quir\u00fargico.<\/li>\n<li><strong>Forma de los Senos: <\/strong>Candidatas ideales suelen tener senos con forma alargada y ca\u00edda, sin embargo, este procedimiento puede ser ben\u00e9fico para todo tipo de senos.<\/li>\n<li><strong>Compromiso con un Estilo de Vida Saludable:\u00a0<\/strong>Mantener una dieta adecuada y un estilo de vida saludable es fundamental para optimizar tus resultados a largo plazo.<\/li>\n<\/ul>\n<p>Cabe mencionar que, al considerar este procedimiento, es importante programar una consulta con un cirujano certificado. Durante tu primara consulta, el cirujano eval\u00faa estos criterios y posteriormente podr\u00e1n discutir tus objetivos y determinar si este procedimiento es la opci\u00f3n adecuada para ti.[\/vc_column_text][\/vc_column_inner][\/vc_row_inner][vc_empty_space][\/vc_column][\/vc_row][vc_row][vc_column][vc_column_text]<\/p>\n<h3>Recuperaci\u00f3n Despu\u00e9s de un Levantamiento de Senos<\/h3>\n<p>La duraci\u00f3n de la cirug\u00eda de levantamiento de senos generalmente oscila entre 2 y 4 horas. Es un procedimiento poco doloroso y ambulatorio. Esto permite una pronta recuperaci\u00f3n y retorno a las actividades cotidianas en aproximadamente de 5 a 7 d\u00edas despu\u00e9s de la cirug\u00eda. Adem\u00e1s, despu\u00e9s del procedimiento, deber\u00e1s usar un vendaje especial de compresi\u00f3n durante varios d\u00edas. Posteriormente, un sost\u00e9n postoperatorio o deportivo de alto ajuste durante aproximadamente un mes.<\/p>\n<p>Los resultados de este procedimiento son duraderos, pero es crucial cuidar adecuadamente el \u00e1rea de incisi\u00f3n para garantizar una \u00f3ptima cicatrizaci\u00f3n y evitar infecciones. De manera similar, es importante evitar movimientos bruscos con los brazos y levantar objetos pesados durante las primeras semanas despu\u00e9s de la cirug\u00eda. Asimismo, es recomendable adoptar h\u00e1bitos saludables, como mantener un peso estable y evitar fumar. ya que esto puede ayudar a conservar los resultados por mucho m\u00e1s tiempo.[\/vc_column_text][\/vc_column][\/vc_row]<\/p>\n<\/div>","protected":false},"excerpt":{"rendered":"<p>La cirug\u00eda de levantamiento de senos es la segunda cirug\u00eda est\u00e9tica m\u00e1s popular despu\u00e9s de los implantes mamarios. Un levantamiento de senos, o mastopexia, elimina la flacidez de la piel, la desigualdad del volumen de los senos y aporta un aspecto natural a la figura. Pero, \u00bfes este el procedimiento para ti? Conoce aqu\u00ed los pros, los contras y si eres candidata ideal para someterte a una cirug\u00eda de levantamiento de senos.<\/p>\n","protected":false},"author":2,"featured_media":0,"parent":4188,"menu_order":0,"comment_status":"closed","ping_status":"closed","template":"","meta":{"footnotes":""},"class_list":["post-6224","page","type-page","status-publish","hentry"],"acf":[],"yoast_head":"<!-- This site is optimized with the Yoast SEO plugin v27.4 - https:\/\/yoast.com\/product\/yoast-seo-wordpress\/ -->\n<title>Levantamiento de senos, beneficios est\u00e9ticos a largo plazo<\/title>\n<meta name=\"description\" content=\"Un levantamiento de senos brinda un aspecto m\u00e1s juvenil. Descubre aqu\u00ed todo sobre esta cirug\u00eda, sus pros y sus contras, y si eres una candidata ideal.\" \/>\n<meta name=\"robots\" content=\"index, follow, max-snippet:-1, max-image-preview:large, max-video-preview:-1\" \/>\n<link rel=\"canonical\" href=\"https:\/\/hospitalcmq.com\/es\/cirugia-plastica\/levantamiento-de-senos\/\" \/>\n<meta property=\"og:locale\" content=\"es_ES\" \/>\n<meta property=\"og:type\" content=\"article\" \/>\n<meta property=\"og:title\" content=\"Levantamiento de senos, beneficios est\u00e9ticos a largo plazo\" \/>\n<meta property=\"og:description\" content=\"Un levantamiento de senos brinda un aspecto m\u00e1s juvenil. Descubre aqu\u00ed todo sobre esta cirug\u00eda, sus pros y sus contras, y si eres una candidata ideal.\" \/>\n<meta property=\"og:url\" content=\"https:\/\/hospitalcmq.com\/es\/cirugia-plastica\/levantamiento-de-senos\/\" \/>\n<meta property=\"og:site_name\" content=\"Hospital CMQ\" \/>\n<meta property=\"article:publisher\" content=\"https:\/\/www.facebook.com\/HospitalCMQ\" \/>\n<meta property=\"article:modified_time\" content=\"2024-05-02T23:16:39+00:00\" \/>\n<meta property=\"og:image\" content=\"https:\/\/hospitalcmq.com\/wp-content\/uploads\/2018\/06\/cmq-hospital-logo.png\" \/>\n\t<meta property=\"og:image:width\" content=\"214\" \/>\n\t<meta property=\"og:image:height\" content=\"189\" \/>\n\t<meta property=\"og:image:type\" content=\"image\/png\" \/>\n<meta name=\"twitter:card\" content=\"summary_large_image\" \/>\n<meta name=\"twitter:label1\" content=\"Tiempo de lectura\" \/>\n\t<meta name=\"twitter:data1\" content=\"4 minutos\" \/>\n<script type=\"application\/ld+json\" class=\"yoast-schema-graph\">{\"@context\":\"https:\\\/\\\/schema.org\",\"@graph\":[{\"@type\":\"WebPage\",\"@id\":\"https:\\\/\\\/hospitalcmq.com\\\/es\\\/cirugia-plastica\\\/levantamiento-de-senos\\\/\",\"url\":\"https:\\\/\\\/hospitalcmq.com\\\/es\\\/cirugia-plastica\\\/levantamiento-de-senos\\\/\",\"name\":\"Levantamiento de senos, beneficios est\u00e9ticos a largo plazo\",\"isPartOf\":{\"@id\":\"https:\\\/\\\/hospitalcmq.com\\\/es\\\/#website\"},\"datePublished\":\"2019-06-24T17:28:57+00:00\",\"dateModified\":\"2024-05-02T23:16:39+00:00\",\"description\":\"Un levantamiento de senos brinda un aspecto m\u00e1s juvenil. Descubre aqu\u00ed todo sobre esta cirug\u00eda, sus pros y sus contras, y si eres una candidata ideal.\",\"breadcrumb\":{\"@id\":\"https:\\\/\\\/hospitalcmq.com\\\/es\\\/cirugia-plastica\\\/levantamiento-de-senos\\\/#breadcrumb\"},\"inLanguage\":\"es\",\"potentialAction\":[{\"@type\":\"ReadAction\",\"target\":[\"https:\\\/\\\/hospitalcmq.com\\\/es\\\/cirugia-plastica\\\/levantamiento-de-senos\\\/\"]}]},{\"@type\":\"BreadcrumbList\",\"@id\":\"https:\\\/\\\/hospitalcmq.com\\\/es\\\/cirugia-plastica\\\/levantamiento-de-senos\\\/#breadcrumb\",\"itemListElement\":[{\"@type\":\"ListItem\",\"position\":1,\"name\":\"Home\",\"item\":\"https:\\\/\\\/hospitalcmq.com\\\/es\\\/\"},{\"@type\":\"ListItem\",\"position\":2,\"name\":\"Cirug\u00eda Pl\u00e1stica\",\"item\":\"https:\\\/\\\/hospitalcmq.com\\\/es\\\/cirugia-plastica\\\/\"},{\"@type\":\"ListItem\",\"position\":3,\"name\":\"Renueva tu Figura, Levantamiento de Senos en Hospital CMQ\"}]},{\"@type\":\"WebSite\",\"@id\":\"https:\\\/\\\/hospitalcmq.com\\\/es\\\/#website\",\"url\":\"https:\\\/\\\/hospitalcmq.com\\\/es\\\/\",\"name\":\"Hospital CMQ\",\"description\":\"Best Hospitals in Puerto Vallarta &amp; Riviera Nayarit\",\"publisher\":{\"@id\":\"https:\\\/\\\/hospitalcmq.com\\\/es\\\/#organization\"},\"potentialAction\":[{\"@type\":\"SearchAction\",\"target\":{\"@type\":\"EntryPoint\",\"urlTemplate\":\"https:\\\/\\\/hospitalcmq.com\\\/es\\\/?s={search_term_string}\"},\"query-input\":{\"@type\":\"PropertyValueSpecification\",\"valueRequired\":true,\"valueName\":\"search_term_string\"}}],\"inLanguage\":\"es\"},{\"@type\":\"Organization\",\"@id\":\"https:\\\/\\\/hospitalcmq.com\\\/es\\\/#organization\",\"name\":\"Hospital CMQ\",\"url\":\"https:\\\/\\\/hospitalcmq.com\\\/es\\\/\",\"logo\":{\"@type\":\"ImageObject\",\"inLanguage\":\"es\",\"@id\":\"https:\\\/\\\/hospitalcmq.com\\\/es\\\/#\\\/schema\\\/logo\\\/image\\\/\",\"url\":\"https:\\\/\\\/hospitalcmq.com\\\/wp-content\\\/uploads\\\/2018\\\/06\\\/cmq-hospital-logo.png\",\"contentUrl\":\"https:\\\/\\\/hospitalcmq.com\\\/wp-content\\\/uploads\\\/2018\\\/06\\\/cmq-hospital-logo.png\",\"width\":214,\"height\":189,\"caption\":\"Hospital CMQ\"},\"image\":{\"@id\":\"https:\\\/\\\/hospitalcmq.com\\\/es\\\/#\\\/schema\\\/logo\\\/image\\\/\"},\"sameAs\":[\"https:\\\/\\\/www.facebook.com\\\/HospitalCMQ\"]}]}<\/script>\n<!-- \/ Yoast SEO plugin. -->","yoast_head_json":{"title":"Levantamiento de senos, beneficios est\u00e9ticos a largo plazo","description":"Un levantamiento de senos brinda un aspecto m\u00e1s juvenil. Descubre aqu\u00ed todo sobre esta cirug\u00eda, sus pros y sus contras, y si eres una candidata ideal.","robots":{"index":"index","follow":"follow","max-snippet":"max-snippet:-1","max-image-preview":"max-image-preview:large","max-video-preview":"max-video-preview:-1"},"canonical":"https:\/\/hospitalcmq.com\/es\/cirugia-plastica\/levantamiento-de-senos\/","og_locale":"es_ES","og_type":"article","og_title":"Levantamiento de senos, beneficios est\u00e9ticos a largo plazo","og_description":"Un levantamiento de senos brinda un aspecto m\u00e1s juvenil. Descubre aqu\u00ed todo sobre esta cirug\u00eda, sus pros y sus contras, y si eres una candidata ideal.","og_url":"https:\/\/hospitalcmq.com\/es\/cirugia-plastica\/levantamiento-de-senos\/","og_site_name":"Hospital CMQ","article_publisher":"https:\/\/www.facebook.com\/HospitalCMQ","article_modified_time":"2024-05-02T23:16:39+00:00","og_image":[{"width":214,"height":189,"url":"https:\/\/hospitalcmq.com\/wp-content\/uploads\/2018\/06\/cmq-hospital-logo.png","type":"image\/png"}],"twitter_card":"summary_large_image","twitter_misc":{"Tiempo de lectura":"4 minutos"},"schema":{"@context":"https:\/\/schema.org","@graph":[{"@type":"WebPage","@id":"https:\/\/hospitalcmq.com\/es\/cirugia-plastica\/levantamiento-de-senos\/","url":"https:\/\/hospitalcmq.com\/es\/cirugia-plastica\/levantamiento-de-senos\/","name":"Levantamiento de senos, beneficios est\u00e9ticos a largo plazo","isPartOf":{"@id":"https:\/\/hospitalcmq.com\/es\/#website"},"datePublished":"2019-06-24T17:28:57+00:00","dateModified":"2024-05-02T23:16:39+00:00","description":"Un levantamiento de senos brinda un aspecto m\u00e1s juvenil. Descubre aqu\u00ed todo sobre esta cirug\u00eda, sus pros y sus contras, y si eres una candidata ideal.","breadcrumb":{"@id":"https:\/\/hospitalcmq.com\/es\/cirugia-plastica\/levantamiento-de-senos\/#breadcrumb"},"inLanguage":"es","potentialAction":[{"@type":"ReadAction","target":["https:\/\/hospitalcmq.com\/es\/cirugia-plastica\/levantamiento-de-senos\/"]}]},{"@type":"BreadcrumbList","@id":"https:\/\/hospitalcmq.com\/es\/cirugia-plastica\/levantamiento-de-senos\/#breadcrumb","itemListElement":[{"@type":"ListItem","position":1,"name":"Home","item":"https:\/\/hospitalcmq.com\/es\/"},{"@type":"ListItem","position":2,"name":"Cirug\u00eda Pl\u00e1stica","item":"https:\/\/hospitalcmq.com\/es\/cirugia-plastica\/"},{"@type":"ListItem","position":3,"name":"Renueva tu Figura, Levantamiento de Senos en Hospital CMQ"}]},{"@type":"WebSite","@id":"https:\/\/hospitalcmq.com\/es\/#website","url":"https:\/\/hospitalcmq.com\/es\/","name":"Hospital CMQ","description":"Best Hospitals in Puerto Vallarta &amp; Riviera Nayarit","publisher":{"@id":"https:\/\/hospitalcmq.com\/es\/#organization"},"potentialAction":[{"@type":"SearchAction","target":{"@type":"EntryPoint","urlTemplate":"https:\/\/hospitalcmq.com\/es\/?s={search_term_string}"},"query-input":{"@type":"PropertyValueSpecification","valueRequired":true,"valueName":"search_term_string"}}],"inLanguage":"es"},{"@type":"Organization","@id":"https:\/\/hospitalcmq.com\/es\/#organization","name":"Hospital CMQ","url":"https:\/\/hospitalcmq.com\/es\/","logo":{"@type":"ImageObject","inLanguage":"es","@id":"https:\/\/hospitalcmq.com\/es\/#\/schema\/logo\/image\/","url":"https:\/\/hospitalcmq.com\/wp-content\/uploads\/2018\/06\/cmq-hospital-logo.png","contentUrl":"https:\/\/hospitalcmq.com\/wp-content\/uploads\/2018\/06\/cmq-hospital-logo.png","width":214,"height":189,"caption":"Hospital CMQ"},"image":{"@id":"https:\/\/hospitalcmq.com\/es\/#\/schema\/logo\/image\/"},"sameAs":["https:\/\/www.facebook.com\/HospitalCMQ"]}]}},"_links":{"self":[{"href":"https:\/\/hospitalcmq.com\/es\/wp-json\/wp\/v2\/pages\/6224","targetHints":{"allow":["GET"]}}],"collection":[{"href":"https:\/\/hospitalcmq.com\/es\/wp-json\/wp\/v2\/pages"}],"about":[{"href":"https:\/\/hospitalcmq.com\/es\/wp-json\/wp\/v2\/types\/page"}],"author":[{"embeddable":true,"href":"https:\/\/hospitalcmq.com\/es\/wp-json\/wp\/v2\/users\/2"}],"replies":[{"embeddable":true,"href":"https:\/\/hospitalcmq.com\/es\/wp-json\/wp\/v2\/comments?post=6224"}],"version-history":[{"count":0,"href":"https:\/\/hospitalcmq.com\/es\/wp-json\/wp\/v2\/pages\/6224\/revisions"}],"up":[{"embeddable":true,"href":"https:\/\/hospitalcmq.com\/es\/wp-json\/wp\/v2\/pages\/4188"}],"wp:attachment":[{"href":"https:\/\/hospitalcmq.com\/es\/wp-json\/wp\/v2\/media?parent=6224"}],"curies":[{"name":"wp","href":"https:\/\/api.w.org\/{rel}","templated":true}]}}