{"id":6220,"date":"2019-06-24T12:25:35","date_gmt":"2019-06-24T17:25:35","guid":{"rendered":"https:\/\/hospitalcmq.com\/?page_id=6220"},"modified":"2024-04-16T12:38:17","modified_gmt":"2024-04-16T18:38:17","slug":"cirugia-cosmetica","status":"publish","type":"page","link":"https:\/\/hospitalcmq.com\/es\/cirugia-plastica\/cirugia-cosmetica\/","title":{"rendered":"Cirug\u00eda Cosm\u00e9tica en Puerto Vallarta, tu cirug\u00eda en manos de los expertos"},"content":{"rendered":"<div class=\"wpb-content-wrapper\"><p>[vc_row][vc_column][vc_column_text]La demanda de procedimientos de Cirug\u00eda Cosm\u00e9tica en Puerto Vallarta sigue en constante crecimiento. Solo en Estados Unidos, comparando la estad\u00edstica de 2022 con 2019, el n\u00famero de procedimientos cosm\u00e9ticos aument\u00f3 un 19%.<\/p>\n<p>La Cirug\u00eda Cosm\u00e9tica, tambi\u00e9n conocida como Cirug\u00eda Est\u00e9tica, se centra en mejorar la apariencia del paciente mediante m\u00e9todos y t\u00e9cnicas dise\u00f1adas para realzar el atractivo est\u00e9tico, la simetr\u00eda y la proporci\u00f3n de las \u00e1reas tratadas. Esta forma de cirug\u00eda puede llevarse a cabo en pr\u00e1cticamente cualquier zona del cuerpo. No obstante las zonas m\u00e1s comunes de tratamiento suelen ser el rostro, los brazos, el cuello y el contorno corporal.[\/vc_column_text][vc_empty_space][vc_column_text]<\/p>\n<h2><img loading=\"lazy\" decoding=\"async\" class=\"alignright wp-image-11076 size-full\" src=\"https:\/\/hospitalcmq.com\/wp-content\/uploads\/2021\/06\/aumento_de_senos.jpg\" alt=\"Cirug\u00eda pl\u00e1stica en Puerto Vallarta\" width=\"470\" height=\"260\" srcset=\"https:\/\/hospitalcmq.com\/wp-content\/uploads\/2021\/06\/aumento_de_senos.jpg 470w, https:\/\/hospitalcmq.com\/wp-content\/uploads\/2021\/06\/aumento_de_senos-400x221.jpg 400w, https:\/\/hospitalcmq.com\/wp-content\/uploads\/2021\/06\/aumento_de_senos-200x111.jpg 200w\" sizes=\"auto, (max-width: 470px) 100vw, 470px\" \/>Cirug\u00eda Cosm\u00e9tica y Cirug\u00eda Pl\u00e1stica<\/h2>\n<p><span style=\"font-weight: 400;\">Tanto la <a href=\"https:\/\/www.plasticsurgery.org\/\">cirug\u00eda pl\u00e1stica<\/a> como la est\u00e9tica se encargan de mejorar el aspecto f\u00edsico del paciente. Pero la filosof\u00eda de ambos, su enfoque, la investigaci\u00f3n y objetivos para los resultados esperados son diferentes. <\/span><\/p>\n<p><span style=\"font-weight: 400;\">La cirug\u00eda pl\u00e1stica se define como una especialidad quir\u00fargica dedicada a la reconstrucci\u00f3n de defectos faciales y corporales ocasionados por trastornos en el nacimiento, traumatismos, quemaduras y enfermedades. Esta rama de la medicina de naturaleza reconstructiva, est\u00e1 dise\u00f1ada para corregir \u00e1reas disfuncionales del cuerpo.<\/span><\/p>\n<p><span style=\"font-weight: 400;\">Mientras que la cirug\u00eda cosm\u00e9tica es una disciplina de la medicina centrada en mejorar la apariencia a trav\u00e9s de t\u00e9cnicas quir\u00fargicas y est\u00e9ticas. Debido a que las \u00e1reas a tratar<\/span><span style=\"font-weight: 400;\">\u2014<\/span><span style=\"font-weight: 400;\">en su mayor\u00eda rostro, cuello y cuerpo<\/span><span style=\"font-weight: 400;\">\u2014<\/span><span style=\"font-weight: 400;\">no tienen ning\u00fan inconveniente y realizan correctamente su funci\u00f3n, estas cirug\u00edas son electivas. <\/span>[\/vc_column_text][vc_empty_space][vc_column_text]<\/p>\n<h2>Pr\u00e1cticas m\u00e1s comunes dentro de la Cirug\u00eda Cosm\u00e9tica en Puerto Vallarta:<\/h2>\n<ul>\n<li style=\"font-weight: 400;\"><a href=\"https:\/\/hospitalcmq.com\/es\/cirugia-plastica\/levantamiento-de-senos\/\"><span style=\"font-weight: 400;\">Aumento, levantamiento y reducci\u00f3n de senos.<\/span><\/a><\/li>\n<li style=\"font-weight: 400;\"><span style=\"font-weight: 400;\"><a href=\"https:\/\/hospitalcmq.com\/es\/cirugia-plastica\/rinoplastia\/\">Rinoplastia<\/a>, contorno del ment\u00f3n y mejillas. <\/span><\/li>\n<li style=\"font-weight: 400;\"><span style=\"font-weight: 400;\">Rejuvenecimiento facial, estiramiento facial, blefaroplastia, estiramiento de cuello, levantamiento de cejas. <\/span><\/li>\n<li style=\"font-weight: 400;\"><span style=\"font-weight: 400;\"><a href=\"https:\/\/hospitalcmq.com\/es\/cirugia-plastica\/abdominoplastia\/\">Abdominoplastia<\/a>, liposucci\u00f3n, lipo l\u00e1ser. <\/span><\/li>\n<li style=\"font-weight: 400;\"><span style=\"font-weight: 400;\"><a href=\"https:\/\/hospitalcmq.com\/es\/cirugia-plastica\/botox\/\">Botox<\/a>.<\/span><\/li>\n<li style=\"font-weight: 400;\"><span style=\"font-weight: 400;\">Tratamientos de relleno. <\/span><\/li>\n<\/ul>\n<p><span style=\"font-weight: 400;\">Como toda cirug\u00eda m\u00e9dica, estos m\u00e9todos y t\u00e9cnicas cosm\u00e9ticas tienen riesgos y complicaciones. La Sociedad Americana de Cirujanos Pl\u00e1sticos insiste a sus pacientes en buscar atenci\u00f3n m\u00e9dica de inmediato si observa algunos de los siguientes s\u00edntomas durante su recuperaci\u00f3n o poco despu\u00e9s de la cirug\u00eda:<\/span><\/p>\n<ul>\n<li style=\"font-weight: 400;\"><span style=\"font-weight: 400;\">Dolor inusual de gravedad. <\/span><\/li>\n<li style=\"font-weight: 400;\"><span style=\"font-weight: 400;\">Alteraciones visuales. <\/span><\/li>\n<li style=\"font-weight: 400;\"><span style=\"font-weight: 400;\">Piel blanquecina cerca de alg\u00fan sitio donde se coloc\u00f3 una inyecci\u00f3n. <\/span><\/li>\n<li style=\"font-weight: 400;\"><span style=\"font-weight: 400;\">Signos de apoplej\u00eda. <\/span><\/li>\n<\/ul>\n<p>[\/vc_column_text][vc_empty_space][vc_row_inner el_class=\u00bbblock&#8211;padding&#8211;gray\u00bb][vc_column_inner][vc_single_image image=\u00bb11080&#8243; img_size=\u00bbfull\u00bb alignment=\u00bbcenter\u00bb][vc_empty_space][vc_column_text]<\/p>\n<h3>Aspectos a considerar antes de someterse a una Cirug\u00eda Cosm\u00e9tica<\/h3>\n<p><span style=\"font-weight: 400;\">Como se mencion\u00f3 con anterioridad, los procedimientos est\u00e1n disponibles para casi cualquier parte del cuerpo. Pero la opci\u00f3n de realizarse una cirug\u00eda est\u00e9tica o cosm\u00e9tica no debe tomarse a la ligera. Los resultados a menudo son permanentes, por lo que es importante que est\u00e9 totalmente seguro de su decisi\u00f3n. Ac\u00e9rquese a un profesionista altamente capacitado, tenga la motivaci\u00f3n adecuada y objetivos realistas. <\/span><\/p>\n<p><span style=\"font-weight: 400;\">Si est\u00e1 considerando realizarse alg\u00fan procedimiento est\u00e9tico proximamente, debe sopesar las siguientes opciones cuidadosamente antes de proseguir:<\/span><\/p>\n<ul>\n<li style=\"font-weight: 400;\"><span style=\"font-weight: 400;\">Elija un cirujano de buena reputaci\u00f3n y verifique sus certificaciones y credenciales. <\/span><\/li>\n<li style=\"font-weight: 400;\"><span style=\"font-weight: 400;\">Obtenga informaci\u00f3n completa respecto a su cirug\u00eda.<\/span><\/li>\n<li style=\"font-weight: 400;\"><span style=\"font-weight: 400;\">Tenga en cuenta los riesgos y limitaciones. <\/span><\/li>\n<li style=\"font-weight: 400;\"><span style=\"font-weight: 400;\">Decida una fecha adecuada que no intervenga con alg\u00fan evento de magnitud. Esto con finalidad de una pronta y efectiva recuperaci\u00f3n. <\/span><\/li>\n<li style=\"font-weight: 400;\"><span style=\"font-weight: 400;\">No se someta a un procedimiento de este tipo para agradar o impresionar a alguien. Es una decisi\u00f3n que debe tomar usted, para usted.<\/span><\/li>\n<\/ul>\n<p><span style=\"font-weight: 400;\">Pero el factor m\u00e1s importante que debe considerar es contar con una idea clara y realista de lo que suceder\u00e1 antes, durante y despu\u00e9s de la acci\u00f3n quir\u00fargica y qu\u00e9 resultados esperar de ello. Muchas caracter\u00edsticas anti-est\u00e9ticas son satisfactoriamente corregibles, mientras que otras no lo son. Cuanto m\u00e1s realistas sean sus expectativas, m\u00e1s probable ser\u00e1 que est\u00e9 satisfecho con los resultados obtenidos.<\/span>[\/vc_column_text][\/vc_column_inner][\/vc_row_inner][vc_empty_space][\/vc_column][\/vc_row]<\/p>\n<\/div>","protected":false},"excerpt":{"rendered":"<p>Cirug\u00eda cosm\u00e9tica, tambi\u00e9n conocida como cirug\u00eda est\u00e9tica, es una rama de la cirug\u00eda pl\u00e1stica que se enfoca en mejorar la apariencia f\u00edsica del cuerpo utilizando m\u00e9todos y t\u00e9cnicas dise\u00f1adas para renovar la imagen, simetr\u00eda y proporciones del \u00e1rea a tratar, como son la cara, el cuello y el contorno del cuerpo. Conoce aqu\u00ed los procedimientos disponibles y los aspectos a considerar antes de someterse a una cirug\u00eda est\u00e9tica.<\/p>\n","protected":false},"author":2,"featured_media":0,"parent":4188,"menu_order":0,"comment_status":"closed","ping_status":"closed","template":"","meta":{"footnotes":""},"class_list":["post-6220","page","type-page","status-publish","hentry"],"acf":[],"yoast_head":"<!-- This site is optimized with the Yoast SEO plugin v27.4 - https:\/\/yoast.com\/product\/yoast-seo-wordpress\/ -->\n<title>Tu cirug\u00eda cosm\u00e9tica en Puerto Vallarta en manos de expertos<\/title>\n<meta name=\"description\" content=\"Nuestros cirujanos cosm\u00e9ticos certificados realizan una amplia gama de procedimientos est\u00e9ticos quir\u00fargicos y no quir\u00fargicos. Con\u00f3celos aqu\u00ed.\" \/>\n<meta name=\"robots\" content=\"index, follow, max-snippet:-1, max-image-preview:large, max-video-preview:-1\" \/>\n<link rel=\"canonical\" href=\"https:\/\/hospitalcmq.com\/es\/cirugia-plastica\/cirugia-cosmetica\/\" \/>\n<meta property=\"og:locale\" content=\"es_ES\" \/>\n<meta property=\"og:type\" content=\"article\" \/>\n<meta property=\"og:title\" content=\"Tu cirug\u00eda cosm\u00e9tica en Puerto Vallarta en manos de expertos\" \/>\n<meta property=\"og:description\" content=\"Nuestros cirujanos cosm\u00e9ticos certificados realizan una amplia gama de procedimientos est\u00e9ticos quir\u00fargicos y no quir\u00fargicos. Con\u00f3celos aqu\u00ed.\" \/>\n<meta property=\"og:url\" content=\"https:\/\/hospitalcmq.com\/es\/cirugia-plastica\/cirugia-cosmetica\/\" \/>\n<meta property=\"og:site_name\" content=\"Hospital CMQ\" \/>\n<meta property=\"article:publisher\" content=\"https:\/\/www.facebook.com\/HospitalCMQ\" \/>\n<meta property=\"article:modified_time\" content=\"2024-04-16T18:38:17+00:00\" \/>\n<meta property=\"og:image\" content=\"https:\/\/hospitalcmq.com\/wp-content\/uploads\/2021\/06\/aumento_de_senos.jpg\" \/>\n<meta name=\"twitter:card\" content=\"summary_large_image\" \/>\n<meta name=\"twitter:label1\" content=\"Tiempo de lectura\" \/>\n\t<meta name=\"twitter:data1\" content=\"4 minutos\" \/>\n<script type=\"application\/ld+json\" class=\"yoast-schema-graph\">{\"@context\":\"https:\\\/\\\/schema.org\",\"@graph\":[{\"@type\":\"WebPage\",\"@id\":\"https:\\\/\\\/hospitalcmq.com\\\/es\\\/cirugia-plastica\\\/cirugia-cosmetica\\\/\",\"url\":\"https:\\\/\\\/hospitalcmq.com\\\/es\\\/cirugia-plastica\\\/cirugia-cosmetica\\\/\",\"name\":\"Tu cirug\u00eda cosm\u00e9tica en Puerto Vallarta en manos de expertos\",\"isPartOf\":{\"@id\":\"https:\\\/\\\/hospitalcmq.com\\\/es\\\/#website\"},\"primaryImageOfPage\":{\"@id\":\"https:\\\/\\\/hospitalcmq.com\\\/es\\\/cirugia-plastica\\\/cirugia-cosmetica\\\/#primaryimage\"},\"image\":{\"@id\":\"https:\\\/\\\/hospitalcmq.com\\\/es\\\/cirugia-plastica\\\/cirugia-cosmetica\\\/#primaryimage\"},\"thumbnailUrl\":\"https:\\\/\\\/hospitalcmq.com\\\/wp-content\\\/uploads\\\/2021\\\/06\\\/aumento_de_senos.jpg\",\"datePublished\":\"2019-06-24T17:25:35+00:00\",\"dateModified\":\"2024-04-16T18:38:17+00:00\",\"description\":\"Nuestros cirujanos cosm\u00e9ticos certificados realizan una amplia gama de procedimientos est\u00e9ticos quir\u00fargicos y no quir\u00fargicos. Con\u00f3celos aqu\u00ed.\",\"breadcrumb\":{\"@id\":\"https:\\\/\\\/hospitalcmq.com\\\/es\\\/cirugia-plastica\\\/cirugia-cosmetica\\\/#breadcrumb\"},\"inLanguage\":\"es\",\"potentialAction\":[{\"@type\":\"ReadAction\",\"target\":[\"https:\\\/\\\/hospitalcmq.com\\\/es\\\/cirugia-plastica\\\/cirugia-cosmetica\\\/\"]}]},{\"@type\":\"ImageObject\",\"inLanguage\":\"es\",\"@id\":\"https:\\\/\\\/hospitalcmq.com\\\/es\\\/cirugia-plastica\\\/cirugia-cosmetica\\\/#primaryimage\",\"url\":\"https:\\\/\\\/hospitalcmq.com\\\/wp-content\\\/uploads\\\/2021\\\/06\\\/aumento_de_senos.jpg\",\"contentUrl\":\"https:\\\/\\\/hospitalcmq.com\\\/wp-content\\\/uploads\\\/2021\\\/06\\\/aumento_de_senos.jpg\"},{\"@type\":\"BreadcrumbList\",\"@id\":\"https:\\\/\\\/hospitalcmq.com\\\/es\\\/cirugia-plastica\\\/cirugia-cosmetica\\\/#breadcrumb\",\"itemListElement\":[{\"@type\":\"ListItem\",\"position\":1,\"name\":\"Home\",\"item\":\"https:\\\/\\\/hospitalcmq.com\\\/es\\\/\"},{\"@type\":\"ListItem\",\"position\":2,\"name\":\"Cirug\u00eda Pl\u00e1stica\",\"item\":\"https:\\\/\\\/hospitalcmq.com\\\/es\\\/cirugia-plastica\\\/\"},{\"@type\":\"ListItem\",\"position\":3,\"name\":\"Cirug\u00eda Cosm\u00e9tica en Puerto Vallarta, tu cirug\u00eda en manos de los expertos\"}]},{\"@type\":\"WebSite\",\"@id\":\"https:\\\/\\\/hospitalcmq.com\\\/es\\\/#website\",\"url\":\"https:\\\/\\\/hospitalcmq.com\\\/es\\\/\",\"name\":\"Hospital CMQ\",\"description\":\"Best Hospitals in Puerto Vallarta &amp; Riviera Nayarit\",\"publisher\":{\"@id\":\"https:\\\/\\\/hospitalcmq.com\\\/es\\\/#organization\"},\"potentialAction\":[{\"@type\":\"SearchAction\",\"target\":{\"@type\":\"EntryPoint\",\"urlTemplate\":\"https:\\\/\\\/hospitalcmq.com\\\/es\\\/?s={search_term_string}\"},\"query-input\":{\"@type\":\"PropertyValueSpecification\",\"valueRequired\":true,\"valueName\":\"search_term_string\"}}],\"inLanguage\":\"es\"},{\"@type\":\"Organization\",\"@id\":\"https:\\\/\\\/hospitalcmq.com\\\/es\\\/#organization\",\"name\":\"Hospital CMQ\",\"url\":\"https:\\\/\\\/hospitalcmq.com\\\/es\\\/\",\"logo\":{\"@type\":\"ImageObject\",\"inLanguage\":\"es\",\"@id\":\"https:\\\/\\\/hospitalcmq.com\\\/es\\\/#\\\/schema\\\/logo\\\/image\\\/\",\"url\":\"https:\\\/\\\/hospitalcmq.com\\\/wp-content\\\/uploads\\\/2018\\\/06\\\/cmq-hospital-logo.png\",\"contentUrl\":\"https:\\\/\\\/hospitalcmq.com\\\/wp-content\\\/uploads\\\/2018\\\/06\\\/cmq-hospital-logo.png\",\"width\":214,\"height\":189,\"caption\":\"Hospital CMQ\"},\"image\":{\"@id\":\"https:\\\/\\\/hospitalcmq.com\\\/es\\\/#\\\/schema\\\/logo\\\/image\\\/\"},\"sameAs\":[\"https:\\\/\\\/www.facebook.com\\\/HospitalCMQ\"]}]}<\/script>\n<!-- \/ Yoast SEO plugin. -->","yoast_head_json":{"title":"Tu cirug\u00eda cosm\u00e9tica en Puerto Vallarta en manos de expertos","description":"Nuestros cirujanos cosm\u00e9ticos certificados realizan una amplia gama de procedimientos est\u00e9ticos quir\u00fargicos y no quir\u00fargicos. Con\u00f3celos aqu\u00ed.","robots":{"index":"index","follow":"follow","max-snippet":"max-snippet:-1","max-image-preview":"max-image-preview:large","max-video-preview":"max-video-preview:-1"},"canonical":"https:\/\/hospitalcmq.com\/es\/cirugia-plastica\/cirugia-cosmetica\/","og_locale":"es_ES","og_type":"article","og_title":"Tu cirug\u00eda cosm\u00e9tica en Puerto Vallarta en manos de expertos","og_description":"Nuestros cirujanos cosm\u00e9ticos certificados realizan una amplia gama de procedimientos est\u00e9ticos quir\u00fargicos y no quir\u00fargicos. Con\u00f3celos aqu\u00ed.","og_url":"https:\/\/hospitalcmq.com\/es\/cirugia-plastica\/cirugia-cosmetica\/","og_site_name":"Hospital CMQ","article_publisher":"https:\/\/www.facebook.com\/HospitalCMQ","article_modified_time":"2024-04-16T18:38:17+00:00","og_image":[{"url":"https:\/\/hospitalcmq.com\/wp-content\/uploads\/2021\/06\/aumento_de_senos.jpg","type":"","width":"","height":""}],"twitter_card":"summary_large_image","twitter_misc":{"Tiempo de lectura":"4 minutos"},"schema":{"@context":"https:\/\/schema.org","@graph":[{"@type":"WebPage","@id":"https:\/\/hospitalcmq.com\/es\/cirugia-plastica\/cirugia-cosmetica\/","url":"https:\/\/hospitalcmq.com\/es\/cirugia-plastica\/cirugia-cosmetica\/","name":"Tu cirug\u00eda cosm\u00e9tica en Puerto Vallarta en manos de expertos","isPartOf":{"@id":"https:\/\/hospitalcmq.com\/es\/#website"},"primaryImageOfPage":{"@id":"https:\/\/hospitalcmq.com\/es\/cirugia-plastica\/cirugia-cosmetica\/#primaryimage"},"image":{"@id":"https:\/\/hospitalcmq.com\/es\/cirugia-plastica\/cirugia-cosmetica\/#primaryimage"},"thumbnailUrl":"https:\/\/hospitalcmq.com\/wp-content\/uploads\/2021\/06\/aumento_de_senos.jpg","datePublished":"2019-06-24T17:25:35+00:00","dateModified":"2024-04-16T18:38:17+00:00","description":"Nuestros cirujanos cosm\u00e9ticos certificados realizan una amplia gama de procedimientos est\u00e9ticos quir\u00fargicos y no quir\u00fargicos. Con\u00f3celos aqu\u00ed.","breadcrumb":{"@id":"https:\/\/hospitalcmq.com\/es\/cirugia-plastica\/cirugia-cosmetica\/#breadcrumb"},"inLanguage":"es","potentialAction":[{"@type":"ReadAction","target":["https:\/\/hospitalcmq.com\/es\/cirugia-plastica\/cirugia-cosmetica\/"]}]},{"@type":"ImageObject","inLanguage":"es","@id":"https:\/\/hospitalcmq.com\/es\/cirugia-plastica\/cirugia-cosmetica\/#primaryimage","url":"https:\/\/hospitalcmq.com\/wp-content\/uploads\/2021\/06\/aumento_de_senos.jpg","contentUrl":"https:\/\/hospitalcmq.com\/wp-content\/uploads\/2021\/06\/aumento_de_senos.jpg"},{"@type":"BreadcrumbList","@id":"https:\/\/hospitalcmq.com\/es\/cirugia-plastica\/cirugia-cosmetica\/#breadcrumb","itemListElement":[{"@type":"ListItem","position":1,"name":"Home","item":"https:\/\/hospitalcmq.com\/es\/"},{"@type":"ListItem","position":2,"name":"Cirug\u00eda Pl\u00e1stica","item":"https:\/\/hospitalcmq.com\/es\/cirugia-plastica\/"},{"@type":"ListItem","position":3,"name":"Cirug\u00eda Cosm\u00e9tica en Puerto Vallarta, tu cirug\u00eda en manos de los expertos"}]},{"@type":"WebSite","@id":"https:\/\/hospitalcmq.com\/es\/#website","url":"https:\/\/hospitalcmq.com\/es\/","name":"Hospital CMQ","description":"Best Hospitals in Puerto Vallarta &amp; Riviera Nayarit","publisher":{"@id":"https:\/\/hospitalcmq.com\/es\/#organization"},"potentialAction":[{"@type":"SearchAction","target":{"@type":"EntryPoint","urlTemplate":"https:\/\/hospitalcmq.com\/es\/?s={search_term_string}"},"query-input":{"@type":"PropertyValueSpecification","valueRequired":true,"valueName":"search_term_string"}}],"inLanguage":"es"},{"@type":"Organization","@id":"https:\/\/hospitalcmq.com\/es\/#organization","name":"Hospital CMQ","url":"https:\/\/hospitalcmq.com\/es\/","logo":{"@type":"ImageObject","inLanguage":"es","@id":"https:\/\/hospitalcmq.com\/es\/#\/schema\/logo\/image\/","url":"https:\/\/hospitalcmq.com\/wp-content\/uploads\/2018\/06\/cmq-hospital-logo.png","contentUrl":"https:\/\/hospitalcmq.com\/wp-content\/uploads\/2018\/06\/cmq-hospital-logo.png","width":214,"height":189,"caption":"Hospital CMQ"},"image":{"@id":"https:\/\/hospitalcmq.com\/es\/#\/schema\/logo\/image\/"},"sameAs":["https:\/\/www.facebook.com\/HospitalCMQ"]}]}},"_links":{"self":[{"href":"https:\/\/hospitalcmq.com\/es\/wp-json\/wp\/v2\/pages\/6220","targetHints":{"allow":["GET"]}}],"collection":[{"href":"https:\/\/hospitalcmq.com\/es\/wp-json\/wp\/v2\/pages"}],"about":[{"href":"https:\/\/hospitalcmq.com\/es\/wp-json\/wp\/v2\/types\/page"}],"author":[{"embeddable":true,"href":"https:\/\/hospitalcmq.com\/es\/wp-json\/wp\/v2\/users\/2"}],"replies":[{"embeddable":true,"href":"https:\/\/hospitalcmq.com\/es\/wp-json\/wp\/v2\/comments?post=6220"}],"version-history":[{"count":0,"href":"https:\/\/hospitalcmq.com\/es\/wp-json\/wp\/v2\/pages\/6220\/revisions"}],"up":[{"embeddable":true,"href":"https:\/\/hospitalcmq.com\/es\/wp-json\/wp\/v2\/pages\/4188"}],"wp:attachment":[{"href":"https:\/\/hospitalcmq.com\/es\/wp-json\/wp\/v2\/media?parent=6220"}],"curies":[{"name":"wp","href":"https:\/\/api.w.org\/{rel}","templated":true}]}}