{"id":5727,"date":"2019-05-21T08:49:51","date_gmt":"2019-05-21T13:49:51","guid":{"rendered":"https:\/\/hospitalcmq.com\/?page_id=5727"},"modified":"2024-06-18T16:25:43","modified_gmt":"2024-06-18T22:25:43","slug":"cmq-riviera-nayarit","status":"publish","type":"page","link":"https:\/\/hospitalcmq.com\/es\/tour-virtual\/cmq-riviera-nayarit\/","title":{"rendered":"Hospital CMQ Riviera Nayarit Tour Virtual"},"content":{"rendered":"<div class=\"wpb-content-wrapper\"><p>[vc_row][vc_column][vc_raw_html]JTNDZGl2JTIwaWQlM0QlMjJzY2VuZUxpc3QlMjIlMjBjbGFzcyUzRCUyMmVuYWJsZWQlMjIlM0UlMEElMjAlMjAlM0N1bCUyMGNsYXNzJTNEJTIyc2NlbmVzJTIyJTNFJTBBJTIwJTIwJTIwJTIwJTIwJTIwJTNDYSUyMGhyZWYlM0QlMjIlMkZlcyUyRnRvdXItdmlydHVhbCUyRmNtcS1jZW50cm8lMkYlMjIlMjBjbGFzcyUzRCUyMnNjZW5lJTIyJTNFJTBBJTIwJTIwJTIwJTIwJTIwJTIwJTIwJTIwJTNDbGklMjBjbGFzcyUzRCUyMnRleHQlMjIlM0VDTVElMjBDZW50cm8lM0MlMkZsaSUzRSUwQSUyMCUyMCUyMCUyMCUyMCUyMCUzQyUyRmElM0UlMEElMjAlMjAlMjAlMjAlMjAlMjAlM0NhJTIwaHJlZiUzRCUyMiUyRmVzJTJGdG91ci12aXJ0dWFsJTJGY21xLXByZW1pZXJlJTJGJTIyJTIwY2xhc3MlM0QlMjJzY2VuZSUyMiUzRSUwQSUyMCUyMCUyMCUyMCUyMCUyMCUyMCUyMCUzQ2xpJTIwY2xhc3MlM0QlMjJ0ZXh0JTIyJTNFQ01RJTIwUHJlbWllcmUlM0MlMkZsaSUzRSUwQSUyMCUyMCUyMCUyMCUyMCUyMCUzQyUyRmElM0UlMEElMjAlMjAlMjAlMjAlMjAlMjAlM0NhJTIwaHJlZiUzRCUyMiUyRmVzJTJGdG91ci12aXJ0dWFsJTJGY21xLXJpdmllcmEtbmF5YXJpdCUyRiUyMiUyMGNsYXNzJTNEJTIyc2NlbmUlMjIlM0UlMEElMjAlMjAlMjAlMjAlMjAlMjAlMjAlMjAlM0NsaSUyMGNsYXNzJTNEJTIydGV4dCUyMiUzRSUyNiUyMzk2NTYlMjBDTVElMjBSaXZpZXJhJTIwTmF5YXJpdCUzQyUyRmxpJTNFJTBBJTIwJTIwJTIwJTIwJTIwJTIwJTNDJTJGYSUzRSUwQSUyMCUyMCUyMCUyMCUyMCUyMCUyMCUyMCUyMCUzQ2ElMjBocmVmJTNEJTIyJTIzJTIyJTIwY2xhc3MlM0QlMjJzY2VuZSUyMGNoaWxkLXZpZXclMjIlMjBkYXRhLWlkJTNEJTIyMC1sb2JieS1ob3NwaXRhbC1jbXEtcml2aWVyYS1uYXlhcml0JTIyJTNFJTBBJTIwJTIwJTIwJTIwJTIwJTIwJTIwJTIwJTIwJTIwJTIwJTNDbGklMjBjbGFzcyUzRCUyMnRleHQlMjIlM0VMb2JieSUyMEhvc3BpdGFsJTIwQ01RJTIwUml2aWVyYSUyME5heWFyaXQlM0MlMkZsaSUzRSUwQSUyMCUyMCUyMCUyMCUyMCUyMCUyMCUyMCUyMCUzQyUyRmElM0UlMEElMjAlMjAlMjAlMjAlMjAlMjAlMjAlMjAlMjAlM0NhJTIwaHJlZiUzRCUyMiUyMyUyMiUyMGNsYXNzJTNEJTIyc2NlbmUlMjBjaGlsZC12aWV3JTIyJTIwZGF0YS1pZCUzRCUyMjEtcXVpcmZhbm8tMy0tcml2aWVyYS1uYXlhcml0JTIyJTNFJTBBJTIwJTIwJTIwJTIwJTIwJTIwJTIwJTIwJTIwJTIwJTIwJTNDbGklMjBjbGFzcyUzRCUyMnRleHQlMjIlM0VRdWlyJUMzJUIzZmFubyUyMDMlMjAlN0MlMjBSaXZpZXJhJTIwTmF5YXJpdCUzQyUyRmxpJTNFJTBBJTIwJTIwJTIwJTIwJTIwJTIwJTIwJTIwJTIwJTNDJTJGYSUzRSUwQSUyMCUyMCUzQyUyRnVsJTNFJTBBJTNDJTJGZGl2JTNF[\/vc_raw_html][vc_raw_js]JTNDc2NyaXB0JTNFJTBBdmFyJTIwQVBQX05BTUUlMjAlM0QlMjAlMjdwcm9qZWN0LTElMjclM0IlMEF2YXIlMjBBUFBfREFUQSUyMCUzRCUyMCU3QiUyMnNjZW5lcyUyMiUzQSU1QiU3QiUyMmlkJTIyJTNBJTIyMC1sb2JieS1ob3NwaXRhbC1jbXEtcml2aWVyYS1uYXlhcml0JTIyJTJDJTIybmFtZSUyMiUzQSUyMkxvYmJ5JTIwSG9zcGl0YWwlMjBDTVElMjBSaXZpZXJhJTIwTmF5YXJpdCUyMiUyQyUyMmxldmVscyUyMiUzQSU1QiU3QiUyMnRpbGVTaXplJTIyJTNBMjU2JTJDJTIyc2l6ZSUyMiUzQTI1NiUyQyUyMmZhbGxiYWNrT25seSUyMiUzQXRydWUlN0QlMkMlN0IlMjJ0aWxlU2l6ZSUyMiUzQTUxMiUyQyUyMnNpemUlMjIlM0E1MTIlN0QlMkMlN0IlMjJ0aWxlU2l6ZSUyMiUzQTUxMiUyQyUyMnNpemUlMjIlM0ExMDI0JTdEJTJDJTdCJTIydGlsZVNpemUlMjIlM0E1MTIlMkMlMjJzaXplJTIyJTNBMjA0OCU3RCU1RCUyQyUyMmZhY2VTaXplJTIyJTNBMTM0NCUyQyUyMmluaXRpYWxWaWV3UGFyYW1ldGVycyUyMiUzQSU3QiUyMnBpdGNoJTIyJTNBMCUyQyUyMnlhdyUyMiUzQTAlMkMlMjJmb3YlMjIlM0ExLjU3MDc5NjMyNjc5NDg5NjYlN0QlMkMlMjJsaW5rSG90c3BvdHMlMjIlM0ElNUIlN0IlMjJ5YXclMjIlM0EtMS43Mjk0NzcwMjY4OTM2MDg0JTJDJTIycGl0Y2glMjIlM0EtMC4wNDY0NDA2NDg1OTE3MTk0OCUyQyUyMnJvdGF0aW9uJTIyJTNBMC43ODUzOTgxNjMzOTc0NDgzJTJDJTIydGFyZ2V0JTIyJTNBJTIyMS1xdWlyZmFuby0zLS1yaXZpZXJhLW5heWFyaXQlMjIlN0QlNUQlMkMlMjJpbmZvSG90c3BvdHMlMjIlM0ElNUIlN0IlMjJ5YXclMjIlM0EtMC42OTcwNDI0NTAwMzg1OTgxJTJDJTIycGl0Y2glMjIlM0EtMC4wMjYzMTA1NDcxNzExNjA0MzclMkMlMjJ0aXRsZSUyMiUzQSUyMkNhZmV0ZXIlQzMlQURhcyUyMENNUSUyMiUyQyUyMnRleHQlMjIlM0ElMjJPcmd1bGxvc2FtZW50ZSUyMHNvbW9zJTIwY29uY2VzaSVDMyVCM24lMjBjZXJ0aWZpY2FkYSUyMGRlJTIwU3RhcmJ1Y2tzLiUyMiU3RCU1RCU3RCUyQyU3QiUyMmlkJTIyJTNBJTIyMS1xdWlyZmFuby0zLS1yaXZpZXJhLW5heWFyaXQlMjIlMkMlMjJuYW1lJTIyJTNBJTIyUXVpciVDMyVCM2Zhbm8lMjAzJTIwJTdDJTIwUml2aWVyYSUyME5heWFyaXQlMjIlMkMlMjJsZXZlbHMlMjIlM0ElNUIlN0IlMjJ0aWxlU2l6ZSUyMiUzQTI1NiUyQyUyMnNpemUlMjIlM0EyNTYlMkMlMjJmYWxsYmFja09ubHklMjIlM0F0cnVlJTdEJTJDJTdCJTIydGlsZVNpemUlMjIlM0E1MTIlMkMlMjJzaXplJTIyJTNBNTEyJTdEJTJDJTdCJTIydGlsZVNpemUlMjIlM0E1MTIlMkMlMjJzaXplJTIyJTNBMTAyNCU3RCUyQyU3QiUyMnRpbGVTaXplJTIyJTNBNTEyJTJDJTIyc2l6ZSUyMiUzQTIwNDglN0QlNUQlMkMlMjJmYWNlU2l6ZSUyMiUzQTEzNDQlMkMlMjJpbml0aWFsVmlld1BhcmFtZXRlcnMlMjIlM0ElN0IlMjJwaXRjaCUyMiUzQTAlMkMlMjJ5YXclMjIlM0EwJTJDJTIyZm92JTIyJTNBMS41NzA3OTYzMjY3OTQ4OTY2JTdEJTJDJTIybGlua0hvdHNwb3RzJTIyJTNBJTVCJTdCJTIyeWF3JTIyJTNBLTEuODg0ODE2Njk1MjEwMjk5JTJDJTIycGl0Y2glMjIlM0EwLjA0MzM5MzQwODkyNjU4ODYwNiUyQyUyMnJvdGF0aW9uJTIyJTNBMCUyQyUyMnRhcmdldCUyMiUzQSUyMjAtbG9iYnktaG9zcGl0YWwtY21xLXJpdmllcmEtbmF5YXJpdCUyMiU3RCU1RCUyQyUyMmluZm9Ib3RzcG90cyUyMiUzQSU1QiU3QiUyMnlhdyUyMiUzQTAuNDA1NDEwMTIzNDI1MDM4OSUyQyUyMnBpdGNoJTIyJTNBMC4wNzUyNzUyNzYwMzc1MTU5NCUyQyUyMnRpdGxlJTIyJTNBJTIyU2FsYSUyMGRlJTIwb3BlcmFjaW9uZXMlMjZuYnNwJTNCJTIyJTJDJTIydGV4dCUyMiUzQSUyMkFtcGxpYXMlMjBzYWxhcyUyMGRlJTIwb3BlcmFjaW9uZXMlMjBlcXVpcGFkYXMlMjBjb24lMjB0ZWNub2xvZyVDMyVBRGElMjBkZSUyMHB1bnRhLiUyMiU3RCU1RCU3RCU1RCUyQyUyMm5hbWUlMjIlM0ElMjJQcm9qZWN0JTIwVGl0bGUlMjIlMkMlMjJzZXR0aW5ncyUyMiUzQSU3QiUyMm1vdXNlVmlld01vZGUlMjIlM0ElMjJkcmFnJTIyJTJDJTIyYXV0b3JvdGF0ZUVuYWJsZWQlMjIlM0F0cnVlJTJDJTIyZnVsbHNjcmVlbkJ1dHRvbiUyMiUzQWZhbHNlJTJDJTIydmlld0NvbnRyb2xCdXR0b25zJTIyJTNBZmFsc2UlN0QlN0QlM0IlMEElM0MlMkZzY3JpcHQlM0U=[\/vc_raw_js][\/vc_column][\/vc_row]<\/p>\n<\/div>","protected":false},"excerpt":{"rendered":"<p>Conoce nuestro nuevo Hospital CMQ Riviera Nayarit con este tour virtual interactivo que te llevar\u00e1 dentro de nuestras modernas instalaciones en Bucer\u00edas Nayarit. Hospital CMQ Riviera Nayarit es el primer hospital privado ubicado en el norte de Bah\u00eda de Banderas que ofrece atenci\u00f3n hospitalaria con est\u00e1ndares de calidad internacional.<\/p>\n","protected":false},"author":1,"featured_media":3044,"parent":5719,"menu_order":0,"comment_status":"closed","ping_status":"closed","template":"template-view-360.php","meta":{"footnotes":""},"class_list":["post-5727","page","type-page","status-publish","has-post-thumbnail","hentry"],"acf":[],"yoast_head":"<!-- This site is optimized with the Yoast SEO plugin v27.4 - https:\/\/yoast.com\/product\/yoast-seo-wordpress\/ -->\n<title>Hospital CMQ Riviera Nayarit Tour Virtual - Hospital CMQ<\/title>\n<meta name=\"description\" content=\"Realiza un recorrido virtual interactivo por el nuevo Hospital CMQ Riviera Nayarit y conoce nuestras modernas instalaciones disponibles para ti.\" \/>\n<meta name=\"robots\" content=\"index, follow, max-snippet:-1, max-image-preview:large, max-video-preview:-1\" \/>\n<link rel=\"canonical\" href=\"https:\/\/hospitalcmq.com\/es\/tour-virtual\/cmq-riviera-nayarit\/\" \/>\n<meta property=\"og:locale\" content=\"es_ES\" \/>\n<meta property=\"og:type\" content=\"article\" \/>\n<meta property=\"og:title\" content=\"Hospital CMQ Riviera Nayarit Tour Virtual - Hospital CMQ\" \/>\n<meta property=\"og:description\" content=\"Realiza un recorrido virtual interactivo por el nuevo Hospital CMQ Riviera Nayarit y conoce nuestras modernas instalaciones disponibles para ti.\" \/>\n<meta property=\"og:url\" content=\"https:\/\/hospitalcmq.com\/es\/tour-virtual\/cmq-riviera-nayarit\/\" \/>\n<meta property=\"og:site_name\" content=\"Hospital CMQ\" \/>\n<meta property=\"article:publisher\" content=\"https:\/\/www.facebook.com\/HospitalCMQ\" \/>\n<meta property=\"article:modified_time\" content=\"2024-06-18T22:25:43+00:00\" \/>\n<meta property=\"og:image\" content=\"https:\/\/hospitalcmq.com\/wp-content\/uploads\/2018\/08\/Riviera-Mapa-Mexico.jpg\" \/>\n\t<meta property=\"og:image:width\" content=\"330\" \/>\n\t<meta property=\"og:image:height\" content=\"200\" \/>\n\t<meta property=\"og:image:type\" content=\"image\/jpeg\" \/>\n<meta name=\"twitter:card\" content=\"summary_large_image\" \/>\n<meta name=\"twitter:label1\" content=\"Tiempo de lectura\" \/>\n\t<meta name=\"twitter:data1\" content=\"1 minuto\" \/>\n<script type=\"application\/ld+json\" class=\"yoast-schema-graph\">{\"@context\":\"https:\\\/\\\/schema.org\",\"@graph\":[{\"@type\":\"WebPage\",\"@id\":\"https:\\\/\\\/hospitalcmq.com\\\/es\\\/tour-virtual\\\/cmq-riviera-nayarit\\\/\",\"url\":\"https:\\\/\\\/hospitalcmq.com\\\/es\\\/tour-virtual\\\/cmq-riviera-nayarit\\\/\",\"name\":\"Hospital CMQ Riviera Nayarit Tour Virtual - Hospital CMQ\",\"isPartOf\":{\"@id\":\"https:\\\/\\\/hospitalcmq.com\\\/es\\\/#website\"},\"primaryImageOfPage\":{\"@id\":\"https:\\\/\\\/hospitalcmq.com\\\/es\\\/tour-virtual\\\/cmq-riviera-nayarit\\\/#primaryimage\"},\"image\":{\"@id\":\"https:\\\/\\\/hospitalcmq.com\\\/es\\\/tour-virtual\\\/cmq-riviera-nayarit\\\/#primaryimage\"},\"thumbnailUrl\":\"https:\\\/\\\/hospitalcmq.com\\\/wp-content\\\/uploads\\\/2018\\\/08\\\/Riviera-Mapa-Mexico.jpg\",\"datePublished\":\"2019-05-21T13:49:51+00:00\",\"dateModified\":\"2024-06-18T22:25:43+00:00\",\"description\":\"Realiza un recorrido virtual interactivo por el nuevo Hospital CMQ Riviera Nayarit y conoce nuestras modernas instalaciones disponibles para ti.\",\"breadcrumb\":{\"@id\":\"https:\\\/\\\/hospitalcmq.com\\\/es\\\/tour-virtual\\\/cmq-riviera-nayarit\\\/#breadcrumb\"},\"inLanguage\":\"es\",\"potentialAction\":[{\"@type\":\"ReadAction\",\"target\":[\"https:\\\/\\\/hospitalcmq.com\\\/es\\\/tour-virtual\\\/cmq-riviera-nayarit\\\/\"]}]},{\"@type\":\"ImageObject\",\"inLanguage\":\"es\",\"@id\":\"https:\\\/\\\/hospitalcmq.com\\\/es\\\/tour-virtual\\\/cmq-riviera-nayarit\\\/#primaryimage\",\"url\":\"https:\\\/\\\/hospitalcmq.com\\\/wp-content\\\/uploads\\\/2018\\\/08\\\/Riviera-Mapa-Mexico.jpg\",\"contentUrl\":\"https:\\\/\\\/hospitalcmq.com\\\/wp-content\\\/uploads\\\/2018\\\/08\\\/Riviera-Mapa-Mexico.jpg\",\"width\":330,\"height\":200,\"caption\":\"Riviera-Mapa-Mexico\"},{\"@type\":\"BreadcrumbList\",\"@id\":\"https:\\\/\\\/hospitalcmq.com\\\/es\\\/tour-virtual\\\/cmq-riviera-nayarit\\\/#breadcrumb\",\"itemListElement\":[{\"@type\":\"ListItem\",\"position\":1,\"name\":\"Home\",\"item\":\"https:\\\/\\\/hospitalcmq.com\\\/es\\\/\"},{\"@type\":\"ListItem\",\"position\":2,\"name\":\"Tour Virtual\",\"item\":\"https:\\\/\\\/hospitalcmq.com\\\/es\\\/tour-virtual\\\/\"},{\"@type\":\"ListItem\",\"position\":3,\"name\":\"Hospital CMQ Riviera Nayarit Tour Virtual\"}]},{\"@type\":\"WebSite\",\"@id\":\"https:\\\/\\\/hospitalcmq.com\\\/es\\\/#website\",\"url\":\"https:\\\/\\\/hospitalcmq.com\\\/es\\\/\",\"name\":\"Hospital CMQ\",\"description\":\"Best Hospitals in Puerto Vallarta &amp; Riviera Nayarit\",\"publisher\":{\"@id\":\"https:\\\/\\\/hospitalcmq.com\\\/es\\\/#organization\"},\"potentialAction\":[{\"@type\":\"SearchAction\",\"target\":{\"@type\":\"EntryPoint\",\"urlTemplate\":\"https:\\\/\\\/hospitalcmq.com\\\/es\\\/?s={search_term_string}\"},\"query-input\":{\"@type\":\"PropertyValueSpecification\",\"valueRequired\":true,\"valueName\":\"search_term_string\"}}],\"inLanguage\":\"es\"},{\"@type\":\"Organization\",\"@id\":\"https:\\\/\\\/hospitalcmq.com\\\/es\\\/#organization\",\"name\":\"Hospital CMQ\",\"url\":\"https:\\\/\\\/hospitalcmq.com\\\/es\\\/\",\"logo\":{\"@type\":\"ImageObject\",\"inLanguage\":\"es\",\"@id\":\"https:\\\/\\\/hospitalcmq.com\\\/es\\\/#\\\/schema\\\/logo\\\/image\\\/\",\"url\":\"https:\\\/\\\/hospitalcmq.com\\\/wp-content\\\/uploads\\\/2018\\\/06\\\/cmq-hospital-logo.png\",\"contentUrl\":\"https:\\\/\\\/hospitalcmq.com\\\/wp-content\\\/uploads\\\/2018\\\/06\\\/cmq-hospital-logo.png\",\"width\":214,\"height\":189,\"caption\":\"Hospital CMQ\"},\"image\":{\"@id\":\"https:\\\/\\\/hospitalcmq.com\\\/es\\\/#\\\/schema\\\/logo\\\/image\\\/\"},\"sameAs\":[\"https:\\\/\\\/www.facebook.com\\\/HospitalCMQ\"]}]}<\/script>\n<!-- \/ Yoast SEO plugin. -->","yoast_head_json":{"title":"Hospital CMQ Riviera Nayarit Tour Virtual - Hospital CMQ","description":"Realiza un recorrido virtual interactivo por el nuevo Hospital CMQ Riviera Nayarit y conoce nuestras modernas instalaciones disponibles para ti.","robots":{"index":"index","follow":"follow","max-snippet":"max-snippet:-1","max-image-preview":"max-image-preview:large","max-video-preview":"max-video-preview:-1"},"canonical":"https:\/\/hospitalcmq.com\/es\/tour-virtual\/cmq-riviera-nayarit\/","og_locale":"es_ES","og_type":"article","og_title":"Hospital CMQ Riviera Nayarit Tour Virtual - Hospital CMQ","og_description":"Realiza un recorrido virtual interactivo por el nuevo Hospital CMQ Riviera Nayarit y conoce nuestras modernas instalaciones disponibles para ti.","og_url":"https:\/\/hospitalcmq.com\/es\/tour-virtual\/cmq-riviera-nayarit\/","og_site_name":"Hospital CMQ","article_publisher":"https:\/\/www.facebook.com\/HospitalCMQ","article_modified_time":"2024-06-18T22:25:43+00:00","og_image":[{"width":330,"height":200,"url":"https:\/\/hospitalcmq.com\/wp-content\/uploads\/2018\/08\/Riviera-Mapa-Mexico.jpg","type":"image\/jpeg"}],"twitter_card":"summary_large_image","twitter_misc":{"Tiempo de lectura":"1 minuto"},"schema":{"@context":"https:\/\/schema.org","@graph":[{"@type":"WebPage","@id":"https:\/\/hospitalcmq.com\/es\/tour-virtual\/cmq-riviera-nayarit\/","url":"https:\/\/hospitalcmq.com\/es\/tour-virtual\/cmq-riviera-nayarit\/","name":"Hospital CMQ Riviera Nayarit Tour Virtual - Hospital CMQ","isPartOf":{"@id":"https:\/\/hospitalcmq.com\/es\/#website"},"primaryImageOfPage":{"@id":"https:\/\/hospitalcmq.com\/es\/tour-virtual\/cmq-riviera-nayarit\/#primaryimage"},"image":{"@id":"https:\/\/hospitalcmq.com\/es\/tour-virtual\/cmq-riviera-nayarit\/#primaryimage"},"thumbnailUrl":"https:\/\/hospitalcmq.com\/wp-content\/uploads\/2018\/08\/Riviera-Mapa-Mexico.jpg","datePublished":"2019-05-21T13:49:51+00:00","dateModified":"2024-06-18T22:25:43+00:00","description":"Realiza un recorrido virtual interactivo por el nuevo Hospital CMQ Riviera Nayarit y conoce nuestras modernas instalaciones disponibles para ti.","breadcrumb":{"@id":"https:\/\/hospitalcmq.com\/es\/tour-virtual\/cmq-riviera-nayarit\/#breadcrumb"},"inLanguage":"es","potentialAction":[{"@type":"ReadAction","target":["https:\/\/hospitalcmq.com\/es\/tour-virtual\/cmq-riviera-nayarit\/"]}]},{"@type":"ImageObject","inLanguage":"es","@id":"https:\/\/hospitalcmq.com\/es\/tour-virtual\/cmq-riviera-nayarit\/#primaryimage","url":"https:\/\/hospitalcmq.com\/wp-content\/uploads\/2018\/08\/Riviera-Mapa-Mexico.jpg","contentUrl":"https:\/\/hospitalcmq.com\/wp-content\/uploads\/2018\/08\/Riviera-Mapa-Mexico.jpg","width":330,"height":200,"caption":"Riviera-Mapa-Mexico"},{"@type":"BreadcrumbList","@id":"https:\/\/hospitalcmq.com\/es\/tour-virtual\/cmq-riviera-nayarit\/#breadcrumb","itemListElement":[{"@type":"ListItem","position":1,"name":"Home","item":"https:\/\/hospitalcmq.com\/es\/"},{"@type":"ListItem","position":2,"name":"Tour Virtual","item":"https:\/\/hospitalcmq.com\/es\/tour-virtual\/"},{"@type":"ListItem","position":3,"name":"Hospital CMQ Riviera Nayarit Tour Virtual"}]},{"@type":"WebSite","@id":"https:\/\/hospitalcmq.com\/es\/#website","url":"https:\/\/hospitalcmq.com\/es\/","name":"Hospital CMQ","description":"Best Hospitals in Puerto Vallarta &amp; Riviera Nayarit","publisher":{"@id":"https:\/\/hospitalcmq.com\/es\/#organization"},"potentialAction":[{"@type":"SearchAction","target":{"@type":"EntryPoint","urlTemplate":"https:\/\/hospitalcmq.com\/es\/?s={search_term_string}"},"query-input":{"@type":"PropertyValueSpecification","valueRequired":true,"valueName":"search_term_string"}}],"inLanguage":"es"},{"@type":"Organization","@id":"https:\/\/hospitalcmq.com\/es\/#organization","name":"Hospital CMQ","url":"https:\/\/hospitalcmq.com\/es\/","logo":{"@type":"ImageObject","inLanguage":"es","@id":"https:\/\/hospitalcmq.com\/es\/#\/schema\/logo\/image\/","url":"https:\/\/hospitalcmq.com\/wp-content\/uploads\/2018\/06\/cmq-hospital-logo.png","contentUrl":"https:\/\/hospitalcmq.com\/wp-content\/uploads\/2018\/06\/cmq-hospital-logo.png","width":214,"height":189,"caption":"Hospital CMQ"},"image":{"@id":"https:\/\/hospitalcmq.com\/es\/#\/schema\/logo\/image\/"},"sameAs":["https:\/\/www.facebook.com\/HospitalCMQ"]}]}},"_links":{"self":[{"href":"https:\/\/hospitalcmq.com\/es\/wp-json\/wp\/v2\/pages\/5727","targetHints":{"allow":["GET"]}}],"collection":[{"href":"https:\/\/hospitalcmq.com\/es\/wp-json\/wp\/v2\/pages"}],"about":[{"href":"https:\/\/hospitalcmq.com\/es\/wp-json\/wp\/v2\/types\/page"}],"author":[{"embeddable":true,"href":"https:\/\/hospitalcmq.com\/es\/wp-json\/wp\/v2\/users\/1"}],"replies":[{"embeddable":true,"href":"https:\/\/hospitalcmq.com\/es\/wp-json\/wp\/v2\/comments?post=5727"}],"version-history":[{"count":0,"href":"https:\/\/hospitalcmq.com\/es\/wp-json\/wp\/v2\/pages\/5727\/revisions"}],"up":[{"embeddable":true,"href":"https:\/\/hospitalcmq.com\/es\/wp-json\/wp\/v2\/pages\/5719"}],"wp:featuredmedia":[{"embeddable":true,"href":"https:\/\/hospitalcmq.com\/es\/wp-json\/wp\/v2\/media\/3044"}],"wp:attachment":[{"href":"https:\/\/hospitalcmq.com\/es\/wp-json\/wp\/v2\/media?parent=5727"}],"curies":[{"name":"wp","href":"https:\/\/api.w.org\/{rel}","templated":true}]}}