{"id":5725,"date":"2019-05-21T08:48:14","date_gmt":"2019-05-21T13:48:14","guid":{"rendered":"https:\/\/hospitalcmq.com\/?page_id=5725"},"modified":"2024-06-18T16:26:24","modified_gmt":"2024-06-18T22:26:24","slug":"cmq-premiere","status":"publish","type":"page","link":"https:\/\/hospitalcmq.com\/es\/tour-virtual\/cmq-premiere\/","title":{"rendered":"Hospital CMQ Premiere Tour Virtual"},"content":{"rendered":"<div class=\"wpb-content-wrapper\"><p>[vc_row][vc_column][vc_raw_html]JTNDZGl2JTIwaWQlM0QlMjJzY2VuZUxpc3QlMjIlMjBjbGFzcyUzRCUyMmVuYWJsZWQlMjIlM0UlMEElMjAlMjAlM0N1bCUyMGNsYXNzJTNEJTIyc2NlbmVzJTIyJTNFJTBBJTIwJTIwJTIwJTIwJTIwJTIwJTNDYSUyMGhyZWYlM0QlMjIlMkZlcyUyRnRvdXItdmlydHVhbCUyRmNtcS1jZW50cm8lMkYlMjIlMjBjbGFzcyUzRCUyMnNjZW5lJTIyJTNFJTBBJTIwJTIwJTIwJTIwJTIwJTIwJTIwJTIwJTNDbGklMjBjbGFzcyUzRCUyMnRleHQlMjIlM0VDTVElMjBDZW50cm8lM0MlMkZsaSUzRSUwQSUyMCUyMCUyMCUyMCUyMCUyMCUzQyUyRmElM0UlMEElMjAlMjAlMjAlMjAlMjAlMjAlM0NhJTIwaHJlZiUzRCUyMiUyRmVzJTJGdG91ci12aXJ0dWFsJTJGY21xLXByZW1pZXJlJTJGJTIyJTIwY2xhc3MlM0QlMjJzY2VuZSUyMiUzRSUwQSUyMCUyMCUyMCUyMCUyMCUyMCUyMCUyMCUzQ2xpJTIwY2xhc3MlM0QlMjJ0ZXh0JTIyJTNFJTI2JTIzOTY1NiUyMENNUSUyMFByZW1pZXJlJTNDJTJGbGklM0UlMEElMjAlMjAlMjAlMjAlMjAlMjAlM0MlMkZhJTNFJTBBJTIwJTIwJTIwJTIwJTIwJTIwJTIwJTIwJTIwJTNDYSUyMGhyZWYlM0QlMjJqYXZhc2NyaXB0JTNBdm9pZCUyODAlMjklMjIlMjBjbGFzcyUzRCUyMnNjZW5lJTIwY2hpbGQtdmlldyUyMiUyMGRhdGEtaWQlM0QlMjIwLWxvYmJ5LWhvc3BpdGFsLWNtcS1wcmVtaWVyZSUyMiUzRSUwQSUyMCUyMCUyMCUyMCUyMCUyMCUyMCUyMCUyMCUyMCUyMCUzQ2xpJTIwY2xhc3MlM0QlMjJ0ZXh0JTIyJTNFTG9iYnklMjBIb3NwaXRhbCUyMENNUSUyMFByZW1pZXJlJTNDJTJGbGklM0UlMEElMjAlMjAlMjAlMjAlMjAlMjAlMjAlMjAlMjAlM0MlMkZhJTNFJTBBJTIwJTIwJTIwJTIwJTBBJTIwJTIwJTIwJTIwJTIwJTIwJTIwJTIwJTIwJTNDYSUyMGhyZWYlM0QlMjJqYXZhc2NyaXB0JTNBdm9pZCUyODAlMjklMjIlMjBjbGFzcyUzRCUyMnNjZW5lJTIwY2hpbGQtdmlldyUyMiUyMGRhdGEtaWQlM0QlMjIxLXF1aXJmYW5vLS1jbXEtcHJlbWllcmUlMjIlM0UlMEElMjAlMjAlMjAlMjAlMjAlMjAlMjAlMjAlMjAlMjAlMjAlM0NsaSUyMGNsYXNzJTNEJTIydGV4dCUyMiUzRVF1aXIlQzMlQjNmYW5vJTIwJTdDJTIwQ01RJTIwUHJlbWllcmUlM0MlMkZsaSUzRSUwQSUyMCUyMCUyMCUyMCUyMCUyMCUyMCUyMCUyMCUzQyUyRmElM0UlMEElMjAlMjAlMjAlMjAlMjAlMjAlM0NhJTIwaHJlZiUzRCUyMiUyRmVzJTJGdG91ci12aXJ0dWFsJTJGY21xLXJpdmllcmEtbmF5YXJpdCUyRiUyMiUyMGNsYXNzJTNEJTIyc2NlbmUlMjIlM0UlMEElMjAlMjAlMjAlMjAlMjAlMjAlMjAlMjAlM0NsaSUyMGNsYXNzJTNEJTIydGV4dCUyMiUzRUNNUSUyMFJpdmllcmElMjBOYXlhcml0JTNDJTJGbGklM0UlMEElMjAlMjAlMjAlMjAlMjAlMjAlM0MlMkZhJTNFJTBBJTIwJTIwJTNDJTJGdWwlM0UlMEElM0MlMkZkaXYlM0U=[\/vc_raw_html][vc_raw_js]JTNDc2NyaXB0JTNFJTBBdmFyJTIwQVBQX05BTUUlMjAlM0QlMjAlMjdwcm9qZWN0LTMlMjclM0IlMEF2YXIlMjBBUFBfREFUQSUzRCU3QnNjZW5lcyUzQSU1QiU3QmlkJTNBJTIyMC1sb2JieS1ob3NwaXRhbC1jbXEtcHJlbWllcmUlMjIlMkNuYW1lJTNBJTIyTG9iYnklMjBIb3NwaXRhbCUyMENNUSUyMFByZW1pZXJlJTIyJTJDbGV2ZWxzJTNBJTVCJTdCdGlsZVNpemUlM0EyNTYlMkNzaXplJTNBMjU2JTJDZmFsbGJhY2tPbmx5JTNBJTIxMCU3RCUyQyU3QnRpbGVTaXplJTNBNTEyJTJDc2l6ZSUzQTUxMiU3RCUyQyU3QnRpbGVTaXplJTNBNTEyJTJDc2l6ZSUzQTEwMjQlN0QlMkMlN0J0aWxlU2l6ZSUzQTUxMiUyQ3NpemUlM0EyMDQ4JTdEJTVEJTJDZmFjZVNpemUlM0ExMzQ0JTJDaW5pdGlhbFZpZXdQYXJhbWV0ZXJzJTNBJTdCcGl0Y2glM0EwJTJDeWF3JTNBMCUyQ2ZvdiUzQTEuNTcwNzk2MzI2Nzk0ODk2NiU3RCUyQ2xpbmtIb3RzcG90cyUzQSU1QiU3QnlhdyUzQS0yLjkwMDQ1NDM5ODgyMDYyMSUyQ3BpdGNoJTNBLjA2NDk1NjE0MzM0NDMxODIlMkNyb3RhdGlvbiUzQTUuNDk3Nzg3MTQzNzgyMTM4JTJDdGFyZ2V0JTNBJTIyMS1xdWlyZmFuby0tY21xLXByZW1pZXJlJTIyJTdEJTVEJTJDaW5mb0hvdHNwb3RzJTNBJTVCJTdCeWF3JTNBLTEuMzQ4ODI3MDMxOTg2NDI5NSUyQ3BpdGNoJTNBLS4xMTIwNDQyMjAwMTc5NTUlMkN0aXRsZSUzQSUyMkNhZmV0ZXIlQzMlQURhJTIwQ01RJTIyJTJDdGV4dCUzQSUyMk9yZ3VsbG9zYW1lbnRlJTIwc29tb3MlMjBjb25jZXNpJUMzJUIzbiUyMGNlcnRpZmljYWRhJTIwZGUlMjBTdGFyYnVja3MuJTIyJTdEJTVEJTdEJTJDJTdCaWQlM0ElMjIxLXF1aXJmYW5vLS1jbXEtcHJlbWllcmUlMjIlMkNuYW1lJTNBJTIyUXVpciVDMyVCM2Zhbm8lMjAlN0MlMjBDTVElMjBQcmVtaWVyZSUyMiUyQ2xldmVscyUzQSU1QiU3QnRpbGVTaXplJTNBMjU2JTJDc2l6ZSUzQTI1NiUyQ2ZhbGxiYWNrT25seSUzQSUyMTAlN0QlMkMlN0J0aWxlU2l6ZSUzQTUxMiUyQ3NpemUlM0E1MTIlN0QlMkMlN0J0aWxlU2l6ZSUzQTUxMiUyQ3NpemUlM0ExMDI0JTdEJTJDJTdCdGlsZVNpemUlM0E1MTIlMkNzaXplJTNBMjA0OCU3RCU1RCUyQ2ZhY2VTaXplJTNBMTM0NCUyQ2luaXRpYWxWaWV3UGFyYW1ldGVycyUzQSU3QnBpdGNoJTNBMCUyQ3lhdyUzQTAlMkNmb3YlM0ExLjU3MDc5NjMyNjc5NDg5NjYlN0QlMkNsaW5rSG90c3BvdHMlM0ElNUIlN0J5YXclM0EyLjAxNDU2MDc1MzEyNzgwOTQlMkNwaXRjaCUzQS4xNTUyNjU3MDUxMzE5NjcwMiUyQ3JvdGF0aW9uJTNBMCUyQ3RhcmdldCUzQSUyMjAtbG9iYnktaG9zcGl0YWwtY21xLXByZW1pZXJlJTIyJTdEJTVEJTJDaW5mb0hvdHNwb3RzJTNBJTVCJTVEJTdEJTVEJTJDbmFtZSUzQSUyMlByb2plY3QlMjBUaXRsZSUyMiUyQ3NldHRpbmdzJTNBJTdCbW91c2VWaWV3TW9kZSUzQSUyMmRyYWclMjIlMkNhdXRvcm90YXRlRW5hYmxlZCUzQSUyMTAlMkNmdWxsc2NyZWVuQnV0dG9uJTNBJTIxMSUyQ3ZpZXdDb250cm9sQnV0dG9ucyUzQSUyMTElN0QlN0QlM0IlMEElM0MlMkZzY3JpcHQlM0U=[\/vc_raw_js][\/vc_column][\/vc_row]<\/p>\n<\/div>","protected":false},"excerpt":{"rendered":"<p>Toma este tour virtual y explora dentro de nuestro Hospital CMQ Premiere en Puerto Vallarta. Pasea a trav\u00e9s de nuestras salas de operaciones, piso hospitalario, cafeter\u00eda, y m\u00e1s. Descubre aqu\u00ed por qu\u00e9 CMQ Premiere es considerado el hospital m\u00e1s completo de Bah\u00eda de Banderas.<\/p>\n","protected":false},"author":1,"featured_media":3042,"parent":5719,"menu_order":0,"comment_status":"closed","ping_status":"closed","template":"template-view-360.php","meta":{"footnotes":""},"class_list":["post-5725","page","type-page","status-publish","has-post-thumbnail","hentry"],"acf":[],"yoast_head":"<!-- This site is optimized with the Yoast SEO plugin v27.3 - https:\/\/yoast.com\/product\/yoast-seo-wordpress\/ -->\n<title>Hospital CMQ Premiere Tour Virtual - Hospital CMQ<\/title>\n<meta name=\"description\" content=\"Explora el interior de CMQ Premiere sin salir de casa. Conoce nuestros quir\u00f3fanos, habitaciones y m\u00e1s, en este tour virtual interactivo.\" \/>\n<meta name=\"robots\" content=\"index, follow, max-snippet:-1, max-image-preview:large, max-video-preview:-1\" \/>\n<link rel=\"canonical\" href=\"https:\/\/hospitalcmq.com\/es\/tour-virtual\/cmq-premiere\/\" \/>\n<meta property=\"og:locale\" content=\"es_ES\" \/>\n<meta property=\"og:type\" content=\"article\" \/>\n<meta property=\"og:title\" content=\"Hospital CMQ Premiere Tour Virtual - Hospital CMQ\" \/>\n<meta property=\"og:description\" content=\"Explora el interior de CMQ Premiere sin salir de casa. Conoce nuestros quir\u00f3fanos, habitaciones y m\u00e1s, en este tour virtual interactivo.\" \/>\n<meta property=\"og:url\" content=\"https:\/\/hospitalcmq.com\/es\/tour-virtual\/cmq-premiere\/\" \/>\n<meta property=\"og:site_name\" content=\"Hospital CMQ\" \/>\n<meta property=\"article:publisher\" content=\"https:\/\/www.facebook.com\/HospitalCMQ\" \/>\n<meta property=\"article:modified_time\" content=\"2024-06-18T22:26:24+00:00\" \/>\n<meta property=\"og:image\" content=\"https:\/\/hospitalcmq.com\/wp-content\/uploads\/2018\/08\/Premiere-Mapa-Mexico.jpg\" \/>\n\t<meta property=\"og:image:width\" content=\"330\" \/>\n\t<meta property=\"og:image:height\" content=\"200\" \/>\n\t<meta property=\"og:image:type\" content=\"image\/jpeg\" \/>\n<meta name=\"twitter:card\" content=\"summary_large_image\" \/>\n<meta name=\"twitter:label1\" content=\"Tiempo de lectura\" \/>\n\t<meta name=\"twitter:data1\" content=\"1 minuto\" \/>\n<script type=\"application\/ld+json\" class=\"yoast-schema-graph\">{\"@context\":\"https:\\\/\\\/schema.org\",\"@graph\":[{\"@type\":\"WebPage\",\"@id\":\"https:\\\/\\\/hospitalcmq.com\\\/es\\\/tour-virtual\\\/cmq-premiere\\\/\",\"url\":\"https:\\\/\\\/hospitalcmq.com\\\/es\\\/tour-virtual\\\/cmq-premiere\\\/\",\"name\":\"Hospital CMQ Premiere Tour Virtual - Hospital CMQ\",\"isPartOf\":{\"@id\":\"https:\\\/\\\/hospitalcmq.com\\\/es\\\/#website\"},\"primaryImageOfPage\":{\"@id\":\"https:\\\/\\\/hospitalcmq.com\\\/es\\\/tour-virtual\\\/cmq-premiere\\\/#primaryimage\"},\"image\":{\"@id\":\"https:\\\/\\\/hospitalcmq.com\\\/es\\\/tour-virtual\\\/cmq-premiere\\\/#primaryimage\"},\"thumbnailUrl\":\"https:\\\/\\\/hospitalcmq.com\\\/wp-content\\\/uploads\\\/2018\\\/08\\\/Premiere-Mapa-Mexico.jpg\",\"datePublished\":\"2019-05-21T13:48:14+00:00\",\"dateModified\":\"2024-06-18T22:26:24+00:00\",\"description\":\"Explora el interior de CMQ Premiere sin salir de casa. Conoce nuestros quir\u00f3fanos, habitaciones y m\u00e1s, en este tour virtual interactivo.\",\"breadcrumb\":{\"@id\":\"https:\\\/\\\/hospitalcmq.com\\\/es\\\/tour-virtual\\\/cmq-premiere\\\/#breadcrumb\"},\"inLanguage\":\"es\",\"potentialAction\":[{\"@type\":\"ReadAction\",\"target\":[\"https:\\\/\\\/hospitalcmq.com\\\/es\\\/tour-virtual\\\/cmq-premiere\\\/\"]}]},{\"@type\":\"ImageObject\",\"inLanguage\":\"es\",\"@id\":\"https:\\\/\\\/hospitalcmq.com\\\/es\\\/tour-virtual\\\/cmq-premiere\\\/#primaryimage\",\"url\":\"https:\\\/\\\/hospitalcmq.com\\\/wp-content\\\/uploads\\\/2018\\\/08\\\/Premiere-Mapa-Mexico.jpg\",\"contentUrl\":\"https:\\\/\\\/hospitalcmq.com\\\/wp-content\\\/uploads\\\/2018\\\/08\\\/Premiere-Mapa-Mexico.jpg\",\"width\":330,\"height\":200,\"caption\":\"Premiere-Mapa-Mexico\"},{\"@type\":\"BreadcrumbList\",\"@id\":\"https:\\\/\\\/hospitalcmq.com\\\/es\\\/tour-virtual\\\/cmq-premiere\\\/#breadcrumb\",\"itemListElement\":[{\"@type\":\"ListItem\",\"position\":1,\"name\":\"Home\",\"item\":\"https:\\\/\\\/hospitalcmq.com\\\/es\\\/\"},{\"@type\":\"ListItem\",\"position\":2,\"name\":\"Tour Virtual\",\"item\":\"https:\\\/\\\/hospitalcmq.com\\\/es\\\/tour-virtual\\\/\"},{\"@type\":\"ListItem\",\"position\":3,\"name\":\"Hospital CMQ Premiere Tour Virtual\"}]},{\"@type\":\"WebSite\",\"@id\":\"https:\\\/\\\/hospitalcmq.com\\\/es\\\/#website\",\"url\":\"https:\\\/\\\/hospitalcmq.com\\\/es\\\/\",\"name\":\"Hospital CMQ\",\"description\":\"Best Hospitals in Puerto Vallarta &amp; Riviera Nayarit\",\"publisher\":{\"@id\":\"https:\\\/\\\/hospitalcmq.com\\\/es\\\/#organization\"},\"potentialAction\":[{\"@type\":\"SearchAction\",\"target\":{\"@type\":\"EntryPoint\",\"urlTemplate\":\"https:\\\/\\\/hospitalcmq.com\\\/es\\\/?s={search_term_string}\"},\"query-input\":{\"@type\":\"PropertyValueSpecification\",\"valueRequired\":true,\"valueName\":\"search_term_string\"}}],\"inLanguage\":\"es\"},{\"@type\":\"Organization\",\"@id\":\"https:\\\/\\\/hospitalcmq.com\\\/es\\\/#organization\",\"name\":\"Hospital CMQ\",\"url\":\"https:\\\/\\\/hospitalcmq.com\\\/es\\\/\",\"logo\":{\"@type\":\"ImageObject\",\"inLanguage\":\"es\",\"@id\":\"https:\\\/\\\/hospitalcmq.com\\\/es\\\/#\\\/schema\\\/logo\\\/image\\\/\",\"url\":\"https:\\\/\\\/hospitalcmq.com\\\/wp-content\\\/uploads\\\/2018\\\/06\\\/cmq-hospital-logo.png\",\"contentUrl\":\"https:\\\/\\\/hospitalcmq.com\\\/wp-content\\\/uploads\\\/2018\\\/06\\\/cmq-hospital-logo.png\",\"width\":214,\"height\":189,\"caption\":\"Hospital CMQ\"},\"image\":{\"@id\":\"https:\\\/\\\/hospitalcmq.com\\\/es\\\/#\\\/schema\\\/logo\\\/image\\\/\"},\"sameAs\":[\"https:\\\/\\\/www.facebook.com\\\/HospitalCMQ\"]}]}<\/script>\n<!-- \/ Yoast SEO plugin. -->","yoast_head_json":{"title":"Hospital CMQ Premiere Tour Virtual - Hospital CMQ","description":"Explora el interior de CMQ Premiere sin salir de casa. Conoce nuestros quir\u00f3fanos, habitaciones y m\u00e1s, en este tour virtual interactivo.","robots":{"index":"index","follow":"follow","max-snippet":"max-snippet:-1","max-image-preview":"max-image-preview:large","max-video-preview":"max-video-preview:-1"},"canonical":"https:\/\/hospitalcmq.com\/es\/tour-virtual\/cmq-premiere\/","og_locale":"es_ES","og_type":"article","og_title":"Hospital CMQ Premiere Tour Virtual - Hospital CMQ","og_description":"Explora el interior de CMQ Premiere sin salir de casa. Conoce nuestros quir\u00f3fanos, habitaciones y m\u00e1s, en este tour virtual interactivo.","og_url":"https:\/\/hospitalcmq.com\/es\/tour-virtual\/cmq-premiere\/","og_site_name":"Hospital CMQ","article_publisher":"https:\/\/www.facebook.com\/HospitalCMQ","article_modified_time":"2024-06-18T22:26:24+00:00","og_image":[{"width":330,"height":200,"url":"https:\/\/hospitalcmq.com\/wp-content\/uploads\/2018\/08\/Premiere-Mapa-Mexico.jpg","type":"image\/jpeg"}],"twitter_card":"summary_large_image","twitter_misc":{"Tiempo de lectura":"1 minuto"},"schema":{"@context":"https:\/\/schema.org","@graph":[{"@type":"WebPage","@id":"https:\/\/hospitalcmq.com\/es\/tour-virtual\/cmq-premiere\/","url":"https:\/\/hospitalcmq.com\/es\/tour-virtual\/cmq-premiere\/","name":"Hospital CMQ Premiere Tour Virtual - Hospital CMQ","isPartOf":{"@id":"https:\/\/hospitalcmq.com\/es\/#website"},"primaryImageOfPage":{"@id":"https:\/\/hospitalcmq.com\/es\/tour-virtual\/cmq-premiere\/#primaryimage"},"image":{"@id":"https:\/\/hospitalcmq.com\/es\/tour-virtual\/cmq-premiere\/#primaryimage"},"thumbnailUrl":"https:\/\/hospitalcmq.com\/wp-content\/uploads\/2018\/08\/Premiere-Mapa-Mexico.jpg","datePublished":"2019-05-21T13:48:14+00:00","dateModified":"2024-06-18T22:26:24+00:00","description":"Explora el interior de CMQ Premiere sin salir de casa. Conoce nuestros quir\u00f3fanos, habitaciones y m\u00e1s, en este tour virtual interactivo.","breadcrumb":{"@id":"https:\/\/hospitalcmq.com\/es\/tour-virtual\/cmq-premiere\/#breadcrumb"},"inLanguage":"es","potentialAction":[{"@type":"ReadAction","target":["https:\/\/hospitalcmq.com\/es\/tour-virtual\/cmq-premiere\/"]}]},{"@type":"ImageObject","inLanguage":"es","@id":"https:\/\/hospitalcmq.com\/es\/tour-virtual\/cmq-premiere\/#primaryimage","url":"https:\/\/hospitalcmq.com\/wp-content\/uploads\/2018\/08\/Premiere-Mapa-Mexico.jpg","contentUrl":"https:\/\/hospitalcmq.com\/wp-content\/uploads\/2018\/08\/Premiere-Mapa-Mexico.jpg","width":330,"height":200,"caption":"Premiere-Mapa-Mexico"},{"@type":"BreadcrumbList","@id":"https:\/\/hospitalcmq.com\/es\/tour-virtual\/cmq-premiere\/#breadcrumb","itemListElement":[{"@type":"ListItem","position":1,"name":"Home","item":"https:\/\/hospitalcmq.com\/es\/"},{"@type":"ListItem","position":2,"name":"Tour Virtual","item":"https:\/\/hospitalcmq.com\/es\/tour-virtual\/"},{"@type":"ListItem","position":3,"name":"Hospital CMQ Premiere Tour Virtual"}]},{"@type":"WebSite","@id":"https:\/\/hospitalcmq.com\/es\/#website","url":"https:\/\/hospitalcmq.com\/es\/","name":"Hospital CMQ","description":"Best Hospitals in Puerto Vallarta &amp; Riviera Nayarit","publisher":{"@id":"https:\/\/hospitalcmq.com\/es\/#organization"},"potentialAction":[{"@type":"SearchAction","target":{"@type":"EntryPoint","urlTemplate":"https:\/\/hospitalcmq.com\/es\/?s={search_term_string}"},"query-input":{"@type":"PropertyValueSpecification","valueRequired":true,"valueName":"search_term_string"}}],"inLanguage":"es"},{"@type":"Organization","@id":"https:\/\/hospitalcmq.com\/es\/#organization","name":"Hospital CMQ","url":"https:\/\/hospitalcmq.com\/es\/","logo":{"@type":"ImageObject","inLanguage":"es","@id":"https:\/\/hospitalcmq.com\/es\/#\/schema\/logo\/image\/","url":"https:\/\/hospitalcmq.com\/wp-content\/uploads\/2018\/06\/cmq-hospital-logo.png","contentUrl":"https:\/\/hospitalcmq.com\/wp-content\/uploads\/2018\/06\/cmq-hospital-logo.png","width":214,"height":189,"caption":"Hospital CMQ"},"image":{"@id":"https:\/\/hospitalcmq.com\/es\/#\/schema\/logo\/image\/"},"sameAs":["https:\/\/www.facebook.com\/HospitalCMQ"]}]}},"_links":{"self":[{"href":"https:\/\/hospitalcmq.com\/es\/wp-json\/wp\/v2\/pages\/5725","targetHints":{"allow":["GET"]}}],"collection":[{"href":"https:\/\/hospitalcmq.com\/es\/wp-json\/wp\/v2\/pages"}],"about":[{"href":"https:\/\/hospitalcmq.com\/es\/wp-json\/wp\/v2\/types\/page"}],"author":[{"embeddable":true,"href":"https:\/\/hospitalcmq.com\/es\/wp-json\/wp\/v2\/users\/1"}],"replies":[{"embeddable":true,"href":"https:\/\/hospitalcmq.com\/es\/wp-json\/wp\/v2\/comments?post=5725"}],"version-history":[{"count":0,"href":"https:\/\/hospitalcmq.com\/es\/wp-json\/wp\/v2\/pages\/5725\/revisions"}],"up":[{"embeddable":true,"href":"https:\/\/hospitalcmq.com\/es\/wp-json\/wp\/v2\/pages\/5719"}],"wp:featuredmedia":[{"embeddable":true,"href":"https:\/\/hospitalcmq.com\/es\/wp-json\/wp\/v2\/media\/3042"}],"wp:attachment":[{"href":"https:\/\/hospitalcmq.com\/es\/wp-json\/wp\/v2\/media?parent=5725"}],"curies":[{"name":"wp","href":"https:\/\/api.w.org\/{rel}","templated":true}]}}