{"id":5722,"date":"2019-05-21T08:40:09","date_gmt":"2019-05-21T13:40:09","guid":{"rendered":"https:\/\/hospitalcmq.com\/?page_id=5722"},"modified":"2023-07-31T15:42:13","modified_gmt":"2023-07-31T21:42:13","slug":"cmq-centro","status":"publish","type":"page","link":"https:\/\/hospitalcmq.com\/es\/tour-virtual\/cmq-centro\/","title":{"rendered":"Hospital CMQ Centro Tour Virtual"},"content":{"rendered":"<div class=\"wpb-content-wrapper\"><p>[vc_row][vc_column][vc_raw_html]JTNDZGl2JTIwaWQlM0QlMjJzY2VuZUxpc3QlMjIlMjBjbGFzcyUzRCUyMmVuYWJsZWQlMjIlM0UlMEElMjAlMjAlM0N1bCUyMGNsYXNzJTNEJTIyc2NlbmVzJTIyJTNFJTBBJTIwJTIwJTIwJTIwJTIwJTIwJTNDYSUyMGhyZWYlM0QlMjIlMkZlcyUyRnRvdXItdmlydHVhbCUyRmNtcS1jZW50cm8lMkYlMjIlMjBjbGFzcyUzRCUyMnNjZW5lJTIyJTNFJTBBJTIwJTIwJTIwJTIwJTIwJTIwJTIwJTIwJTNDbGklMjBjbGFzcyUzRCUyMnRleHQlMjIlM0VDTVElMjBDZW50cm8lM0MlMkZsaSUzRSUwQSUyMCUyMCUyMCUyMCUyMCUyMCUzQyUyRmElM0UlMEElMjAlMjAlMjAlMjAlMjAlMjAlMjAlMjAlMjAlM0NhJTIwaHJlZiUzRCUyMiUyMyUyMiUyMGNsYXNzJTNEJTIyc2NlbmUlMjBjaGlsZC12aWV3JTIyJTIwZGF0YS1pZCUzRCUyMjAtbG9iYnktaG9zcGl0YWwtY21xLWNpdHktY2VudGVyJTIyJTNFJTBBJTIwJTIwJTIwJTIwJTIwJTIwJTIwJTIwJTIwJTIwJTIwJTNDbGklMjBjbGFzcyUzRCUyMnRleHQlMjIlM0VMb2JieSUyMEhvc3BpdGFsJTIwQ01RJTIwQ2VudHJvJTNDJTJGbGklM0UlMEElMjAlMjAlMjAlMjAlMjAlMjAlMjAlMjAlMjAlM0MlMkZhJTNFJTBBJTIwJTIwJTIwJTIwJTIwJTIwJTIwJTIwJTIwJTNDYSUyMGhyZWYlM0QlMjIlMjMlMjIlMjBjbGFzcyUzRCUyMnNjZW5lJTIwY2hpbGQtdmlldyUyMiUyMGRhdGEtaWQlM0QlMjIxLXF1aXJmYW5vLS1jaXR5LWNlbnRybyUyMiUzRSUwQSUyMCUyMCUyMCUyMCUyMCUyMCUyMCUyMCUyMCUyMCUyMCUzQ2xpJTIwY2xhc3MlM0QlMjJ0ZXh0JTIyJTNFUXVpciVDMyVCM2Zhbm8lMjAlN0MlMjBDTVElMjBDZW50cm8lM0MlMkZsaSUzRSUwQSUyMCUyMCUyMCUyMCUyMCUyMCUyMCUyMCUyMCUzQyUyRmElM0UlMEElMjAlMjAlMjAlMjAlMjAlMjAlM0NhJTIwaHJlZiUzRCUyMiUyRmVzJTJGdG91ci12aXJ0dWFsJTJGY21xLXByZW1pZXJlJTJGJTIyJTIwY2xhc3MlM0QlMjJzY2VuZSUyMiUzRSUwQSUyMCUyMCUyMCUyMCUyMCUyMCUyMCUyMCUzQ2xpJTIwY2xhc3MlM0QlMjJ0ZXh0JTIyJTNFQ01RJTIwUHJlbWllcmUlM0MlMkZsaSUzRSUwQSUyMCUyMCUyMCUyMCUyMCUyMCUzQyUyRmElM0UlMEElMjAlMjAlMjAlMjAlMjAlMjAlM0NhJTIwaHJlZiUzRCUyMiUyRmVzJTJGdG91ci12aXJ0dWFsJTJGY21xLXJpdmllcmEtbmF5YXJpdCUyRiUyMiUyMGNsYXNzJTNEJTIyc2NlbmUlMjIlM0UlMEElMjAlMjAlMjAlMjAlMjAlMjAlMjAlMjAlM0NsaSUyMGNsYXNzJTNEJTIydGV4dCUyMiUzRUNNUSUyMFJpdmllcmElMjBOYXlhcml0JTNDJTJGbGklM0UlMEElMjAlMjAlMjAlMjAlMjAlMjAlM0MlMkZhJTNFJTBBJTIwJTIwJTNDJTJGdWwlM0UlMEElM0MlMkZkaXYlM0U=[\/vc_raw_html][vc_raw_js]JTNDc2NyaXB0JTNFJTBBdmFyJTIwQVBQX05BTUUlMjAlM0QlMjAlMjdwcm9qZWN0LTIlMjclM0IlMEF2YXIlMjBBUFBfREFUQSUyMCUzRCUyMCU3QiUyMnNjZW5lcyUyMiUzQSU1QiU3QiUyMmlkJTIyJTNBJTIyMC1sb2JieS1ob3NwaXRhbC1jbXEtY2l0eS1jZW50ZXIlMjIlMkMlMjJuYW1lJTIyJTNBJTIyTG9iYnklMjBIb3NwaXRhbCUyMENNUSUyMENlbnRybyUyMiUyQyUyMmxldmVscyUyMiUzQSU1QiU3QiUyMnRpbGVTaXplJTIyJTNBMjU2JTJDJTIyc2l6ZSUyMiUzQTI1NiUyQyUyMmZhbGxiYWNrT25seSUyMiUzQXRydWUlN0QlMkMlN0IlMjJ0aWxlU2l6ZSUyMiUzQTUxMiUyQyUyMnNpemUlMjIlM0E1MTIlN0QlMkMlN0IlMjJ0aWxlU2l6ZSUyMiUzQTUxMiUyQyUyMnNpemUlMjIlM0ExMDI0JTdEJTJDJTdCJTIydGlsZVNpemUlMjIlM0E1MTIlMkMlMjJzaXplJTIyJTNBMjA0OCU3RCU1RCUyQyUyMmZhY2VTaXplJTIyJTNBMTM0NCUyQyUyMmluaXRpYWxWaWV3UGFyYW1ldGVycyUyMiUzQSU3QiUyMnBpdGNoJTIyJTNBMCUyQyUyMnlhdyUyMiUzQTAlMkMlMjJmb3YlMjIlM0ExLjU3MDc5NjMyNjc5NDg5NjYlN0QlMkMlMjJsaW5rSG90c3BvdHMlMjIlM0ElNUIlN0IlMjJ5YXclMjIlM0EyLjE0MTczNzk4MDkzMjI4NDclMkMlMjJwaXRjaCUyMiUzQTAuMDgxMzY5NzUzOTEwNzI0NTQlMkMlMjJyb3RhdGlvbiUyMiUzQTAuNzg1Mzk4MTYzMzk3NDQ4MyUyQyUyMnRhcmdldCUyMiUzQSUyMjEtcXVpcmZhbm8tLWNpdHktY2VudHJvJTIyJTdEJTVEJTJDJTIyaW5mb0hvdHNwb3RzJTIyJTNBJTVCJTdCJTIyeWF3JTIyJTNBLTAuMjY5NTkwODYyNDc0NDAwMzQlMkMlMjJwaXRjaCUyMiUzQS0wLjAwODIxMDMyNTcxMDM5OTE0NyUyQyUyMnRpdGxlJTIyJTNBJTIyQ2FmZXRlciVDMyVBRGElMjBDTVElMjIlMkMlMjJ0ZXh0JTIyJTNBJTIyT3JndWxsb3NhbWVudGUlMjBzb21vcyUyMGNvbmNlc2klQzMlQjNuJTIwY2VydGlmaWNhZGElMjBkZSUyMFN0YXJidWNrcy4lMjIlN0QlMkMlN0IlMjJ5YXclMjIlM0EwLjYwMjA1NTE4OTEzOTY5NDElMkMlMjJwaXRjaCUyMiUzQS0wLjAwMjgzOTE3MjM2MjI3NTM3NzMlMkMlMjJ0aXRsZSUyMiUzQSUyMkNsJUMzJUFEbmljYSUyMGRlJTIwdXJnZW5jaWFzJTIweSUyMHNlcnZpY2lvcyUyMGFtYnVsYXRvcmlvcyUyMGRlJTIwSG9zcGl0YWwlMjBDTVElMjBDZW50ciUyMiUyQyUyMnRleHQlMjIlM0ElMjJFdml0YSUyMGxvcyUyMHRpZW1wb3MlMjBkZSUyMGVzcGVyYSUyMHklMjBvYnRlbiUyMGF0ZW5jaSVDMyVCM24lMjBpbm1lZGlhdGElMjBkZSUyMGNhbGlkYWQlMjBzaW4lMjBwcmV2aWElMjBjaXRhLiUyMiU3RCU1RCU3RCUyQyU3QiUyMmlkJTIyJTNBJTIyMS1xdWlyZmFuby0tY2l0eS1jZW50cm8lMjIlMkMlMjJuYW1lJTIyJTNBJTIyUXVpciVDMyVCM2Zhbm8lMjAlN0MlMjBDTVElMjBDZW50cm8lMjIlMkMlMjJsZXZlbHMlMjIlM0ElNUIlN0IlMjJ0aWxlU2l6ZSUyMiUzQTI1NiUyQyUyMnNpemUlMjIlM0EyNTYlMkMlMjJmYWxsYmFja09ubHklMjIlM0F0cnVlJTdEJTJDJTdCJTIydGlsZVNpemUlMjIlM0E1MTIlMkMlMjJzaXplJTIyJTNBNTEyJTdEJTJDJTdCJTIydGlsZVNpemUlMjIlM0E1MTIlMkMlMjJzaXplJTIyJTNBMTAyNCU3RCUyQyU3QiUyMnRpbGVTaXplJTIyJTNBNTEyJTJDJTIyc2l6ZSUyMiUzQTIwNDglN0QlNUQlMkMlMjJmYWNlU2l6ZSUyMiUzQTEzNDQlMkMlMjJpbml0aWFsVmlld1BhcmFtZXRlcnMlMjIlM0ElN0IlMjJwaXRjaCUyMiUzQTAlMkMlMjJ5YXclMjIlM0EwJTJDJTIyZm92JTIyJTNBMS41NzA3OTYzMjY3OTQ4OTY2JTdEJTJDJTIybGlua0hvdHNwb3RzJTIyJTNBJTVCJTdCJTIyeWF3JTIyJTNBLTIuOTE0NTY3MDc5MjU5MjE3OCUyQyUyMnBpdGNoJTIyJTNBMC4xNDUxODkxMjI5Njc1MTM3NCUyQyUyMnJvdGF0aW9uJTIyJTNBMCUyQyUyMnRhcmdldCUyMiUzQSUyMjAtbG9iYnktaG9zcGl0YWwtY21xLWNpdHktY2VudGVyJTIyJTdEJTVEJTJDJTIyaW5mb0hvdHNwb3RzJTIyJTNBJTVCJTVEJTdEJTVEJTJDJTIybmFtZSUyMiUzQSUyMlByb2plY3QlMjBUaXRsZSUyMiUyQyUyMnNldHRpbmdzJTIyJTNBJTdCJTIybW91c2VWaWV3TW9kZSUyMiUzQSUyMmRyYWclMjIlMkMlMjJhdXRvcm90YXRlRW5hYmxlZCUyMiUzQXRydWUlMkMlMjJmdWxsc2NyZWVuQnV0dG9uJTIyJTNBZmFsc2UlMkMlMjJ2aWV3Q29udHJvbEJ1dHRvbnMlMjIlM0FmYWxzZSU3RCU3RCUzQiUwQSUzQyUyRnNjcmlwdCUzRQ==[\/vc_raw_js][\/vc_column][\/vc_row]<\/p>\n<\/div>","protected":false},"excerpt":{"rendered":"<p>Recorre las instalaciones de Hospital CMQ Centro con este tour virtual. CMQ Centro es el hospital boutique l\u00edder en atenci\u00f3n m\u00e9dica privada. Se encuentra ubicado justo en el coraz\u00f3n de Puerto Vallarta y ofrece los m\u00e1s altos est\u00e1ndares de calidad, innovaci\u00f3n y servicios m\u00e9dicos desde 1982. <\/p>\n","protected":false},"author":1,"featured_media":3040,"parent":5719,"menu_order":0,"comment_status":"closed","ping_status":"closed","template":"template-view-360.php","meta":{"footnotes":""},"class_list":["post-5722","page","type-page","status-publish","has-post-thumbnail","hentry"],"acf":[],"yoast_head":"<!-- This site is optimized with the Yoast SEO plugin v27.3 - https:\/\/yoast.com\/product\/yoast-seo-wordpress\/ -->\n<title>Tour Virtual de Hospital CMQ Centro, en el coraz\u00f3n de Puerto Vallarta<\/title>\n<meta name=\"description\" content=\"\u00a1Descubre CMQ Centro! Tour virtual interactivo de nuestras instalaciones hospitalarias ubicadas justo en el coraz\u00f3n de Puerto Vallarta.\" \/>\n<meta name=\"robots\" content=\"index, follow, max-snippet:-1, max-image-preview:large, max-video-preview:-1\" \/>\n<link rel=\"canonical\" href=\"https:\/\/hospitalcmq.com\/es\/tour-virtual\/cmq-centro\/\" \/>\n<meta property=\"og:locale\" content=\"es_ES\" \/>\n<meta property=\"og:type\" content=\"article\" \/>\n<meta property=\"og:title\" content=\"Tour Virtual de Hospital CMQ Centro, en el coraz\u00f3n de Puerto Vallarta\" \/>\n<meta property=\"og:description\" content=\"\u00a1Descubre CMQ Centro! Tour virtual interactivo de nuestras instalaciones hospitalarias ubicadas justo en el coraz\u00f3n de Puerto Vallarta.\" \/>\n<meta property=\"og:url\" content=\"https:\/\/hospitalcmq.com\/es\/tour-virtual\/cmq-centro\/\" \/>\n<meta property=\"og:site_name\" content=\"Hospital CMQ\" \/>\n<meta property=\"article:publisher\" content=\"https:\/\/www.facebook.com\/HospitalCMQ\" \/>\n<meta property=\"article:modified_time\" content=\"2023-07-31T21:42:13+00:00\" \/>\n<meta property=\"og:image\" content=\"https:\/\/hospitalcmq.com\/wp-content\/uploads\/2018\/08\/City-Center-Mapa-Mexico.jpg\" \/>\n\t<meta property=\"og:image:width\" content=\"330\" \/>\n\t<meta property=\"og:image:height\" content=\"200\" \/>\n\t<meta property=\"og:image:type\" content=\"image\/jpeg\" \/>\n<meta name=\"twitter:card\" content=\"summary_large_image\" \/>\n<meta name=\"twitter:label1\" content=\"Tiempo de lectura\" \/>\n\t<meta name=\"twitter:data1\" content=\"1 minuto\" \/>\n<script type=\"application\/ld+json\" class=\"yoast-schema-graph\">{\"@context\":\"https:\\\/\\\/schema.org\",\"@graph\":[{\"@type\":\"WebPage\",\"@id\":\"https:\\\/\\\/hospitalcmq.com\\\/es\\\/tour-virtual\\\/cmq-centro\\\/\",\"url\":\"https:\\\/\\\/hospitalcmq.com\\\/es\\\/tour-virtual\\\/cmq-centro\\\/\",\"name\":\"Tour Virtual de Hospital CMQ Centro, en el coraz\u00f3n de Puerto Vallarta\",\"isPartOf\":{\"@id\":\"https:\\\/\\\/hospitalcmq.com\\\/es\\\/#website\"},\"primaryImageOfPage\":{\"@id\":\"https:\\\/\\\/hospitalcmq.com\\\/es\\\/tour-virtual\\\/cmq-centro\\\/#primaryimage\"},\"image\":{\"@id\":\"https:\\\/\\\/hospitalcmq.com\\\/es\\\/tour-virtual\\\/cmq-centro\\\/#primaryimage\"},\"thumbnailUrl\":\"https:\\\/\\\/hospitalcmq.com\\\/wp-content\\\/uploads\\\/2018\\\/08\\\/City-Center-Mapa-Mexico.jpg\",\"datePublished\":\"2019-05-21T13:40:09+00:00\",\"dateModified\":\"2023-07-31T21:42:13+00:00\",\"description\":\"\u00a1Descubre CMQ Centro! Tour virtual interactivo de nuestras instalaciones hospitalarias ubicadas justo en el coraz\u00f3n de Puerto Vallarta.\",\"breadcrumb\":{\"@id\":\"https:\\\/\\\/hospitalcmq.com\\\/es\\\/tour-virtual\\\/cmq-centro\\\/#breadcrumb\"},\"inLanguage\":\"es\",\"potentialAction\":[{\"@type\":\"ReadAction\",\"target\":[\"https:\\\/\\\/hospitalcmq.com\\\/es\\\/tour-virtual\\\/cmq-centro\\\/\"]}]},{\"@type\":\"ImageObject\",\"inLanguage\":\"es\",\"@id\":\"https:\\\/\\\/hospitalcmq.com\\\/es\\\/tour-virtual\\\/cmq-centro\\\/#primaryimage\",\"url\":\"https:\\\/\\\/hospitalcmq.com\\\/wp-content\\\/uploads\\\/2018\\\/08\\\/City-Center-Mapa-Mexico.jpg\",\"contentUrl\":\"https:\\\/\\\/hospitalcmq.com\\\/wp-content\\\/uploads\\\/2018\\\/08\\\/City-Center-Mapa-Mexico.jpg\",\"width\":330,\"height\":200,\"caption\":\"City-Center-Mapa-Mexico\"},{\"@type\":\"BreadcrumbList\",\"@id\":\"https:\\\/\\\/hospitalcmq.com\\\/es\\\/tour-virtual\\\/cmq-centro\\\/#breadcrumb\",\"itemListElement\":[{\"@type\":\"ListItem\",\"position\":1,\"name\":\"Home\",\"item\":\"https:\\\/\\\/hospitalcmq.com\\\/es\\\/\"},{\"@type\":\"ListItem\",\"position\":2,\"name\":\"Tour Virtual\",\"item\":\"https:\\\/\\\/hospitalcmq.com\\\/es\\\/tour-virtual\\\/\"},{\"@type\":\"ListItem\",\"position\":3,\"name\":\"Hospital CMQ Centro Tour Virtual\"}]},{\"@type\":\"WebSite\",\"@id\":\"https:\\\/\\\/hospitalcmq.com\\\/es\\\/#website\",\"url\":\"https:\\\/\\\/hospitalcmq.com\\\/es\\\/\",\"name\":\"Hospital CMQ\",\"description\":\"Best Hospitals in Puerto Vallarta &amp; Riviera Nayarit\",\"publisher\":{\"@id\":\"https:\\\/\\\/hospitalcmq.com\\\/es\\\/#organization\"},\"potentialAction\":[{\"@type\":\"SearchAction\",\"target\":{\"@type\":\"EntryPoint\",\"urlTemplate\":\"https:\\\/\\\/hospitalcmq.com\\\/es\\\/?s={search_term_string}\"},\"query-input\":{\"@type\":\"PropertyValueSpecification\",\"valueRequired\":true,\"valueName\":\"search_term_string\"}}],\"inLanguage\":\"es\"},{\"@type\":\"Organization\",\"@id\":\"https:\\\/\\\/hospitalcmq.com\\\/es\\\/#organization\",\"name\":\"Hospital CMQ\",\"url\":\"https:\\\/\\\/hospitalcmq.com\\\/es\\\/\",\"logo\":{\"@type\":\"ImageObject\",\"inLanguage\":\"es\",\"@id\":\"https:\\\/\\\/hospitalcmq.com\\\/es\\\/#\\\/schema\\\/logo\\\/image\\\/\",\"url\":\"https:\\\/\\\/hospitalcmq.com\\\/wp-content\\\/uploads\\\/2018\\\/06\\\/cmq-hospital-logo.png\",\"contentUrl\":\"https:\\\/\\\/hospitalcmq.com\\\/wp-content\\\/uploads\\\/2018\\\/06\\\/cmq-hospital-logo.png\",\"width\":214,\"height\":189,\"caption\":\"Hospital CMQ\"},\"image\":{\"@id\":\"https:\\\/\\\/hospitalcmq.com\\\/es\\\/#\\\/schema\\\/logo\\\/image\\\/\"},\"sameAs\":[\"https:\\\/\\\/www.facebook.com\\\/HospitalCMQ\"]}]}<\/script>\n<!-- \/ Yoast SEO plugin. -->","yoast_head_json":{"title":"Tour Virtual de Hospital CMQ Centro, en el coraz\u00f3n de Puerto Vallarta","description":"\u00a1Descubre CMQ Centro! Tour virtual interactivo de nuestras instalaciones hospitalarias ubicadas justo en el coraz\u00f3n de Puerto Vallarta.","robots":{"index":"index","follow":"follow","max-snippet":"max-snippet:-1","max-image-preview":"max-image-preview:large","max-video-preview":"max-video-preview:-1"},"canonical":"https:\/\/hospitalcmq.com\/es\/tour-virtual\/cmq-centro\/","og_locale":"es_ES","og_type":"article","og_title":"Tour Virtual de Hospital CMQ Centro, en el coraz\u00f3n de Puerto Vallarta","og_description":"\u00a1Descubre CMQ Centro! Tour virtual interactivo de nuestras instalaciones hospitalarias ubicadas justo en el coraz\u00f3n de Puerto Vallarta.","og_url":"https:\/\/hospitalcmq.com\/es\/tour-virtual\/cmq-centro\/","og_site_name":"Hospital CMQ","article_publisher":"https:\/\/www.facebook.com\/HospitalCMQ","article_modified_time":"2023-07-31T21:42:13+00:00","og_image":[{"width":330,"height":200,"url":"https:\/\/hospitalcmq.com\/wp-content\/uploads\/2018\/08\/City-Center-Mapa-Mexico.jpg","type":"image\/jpeg"}],"twitter_card":"summary_large_image","twitter_misc":{"Tiempo de lectura":"1 minuto"},"schema":{"@context":"https:\/\/schema.org","@graph":[{"@type":"WebPage","@id":"https:\/\/hospitalcmq.com\/es\/tour-virtual\/cmq-centro\/","url":"https:\/\/hospitalcmq.com\/es\/tour-virtual\/cmq-centro\/","name":"Tour Virtual de Hospital CMQ Centro, en el coraz\u00f3n de Puerto Vallarta","isPartOf":{"@id":"https:\/\/hospitalcmq.com\/es\/#website"},"primaryImageOfPage":{"@id":"https:\/\/hospitalcmq.com\/es\/tour-virtual\/cmq-centro\/#primaryimage"},"image":{"@id":"https:\/\/hospitalcmq.com\/es\/tour-virtual\/cmq-centro\/#primaryimage"},"thumbnailUrl":"https:\/\/hospitalcmq.com\/wp-content\/uploads\/2018\/08\/City-Center-Mapa-Mexico.jpg","datePublished":"2019-05-21T13:40:09+00:00","dateModified":"2023-07-31T21:42:13+00:00","description":"\u00a1Descubre CMQ Centro! Tour virtual interactivo de nuestras instalaciones hospitalarias ubicadas justo en el coraz\u00f3n de Puerto Vallarta.","breadcrumb":{"@id":"https:\/\/hospitalcmq.com\/es\/tour-virtual\/cmq-centro\/#breadcrumb"},"inLanguage":"es","potentialAction":[{"@type":"ReadAction","target":["https:\/\/hospitalcmq.com\/es\/tour-virtual\/cmq-centro\/"]}]},{"@type":"ImageObject","inLanguage":"es","@id":"https:\/\/hospitalcmq.com\/es\/tour-virtual\/cmq-centro\/#primaryimage","url":"https:\/\/hospitalcmq.com\/wp-content\/uploads\/2018\/08\/City-Center-Mapa-Mexico.jpg","contentUrl":"https:\/\/hospitalcmq.com\/wp-content\/uploads\/2018\/08\/City-Center-Mapa-Mexico.jpg","width":330,"height":200,"caption":"City-Center-Mapa-Mexico"},{"@type":"BreadcrumbList","@id":"https:\/\/hospitalcmq.com\/es\/tour-virtual\/cmq-centro\/#breadcrumb","itemListElement":[{"@type":"ListItem","position":1,"name":"Home","item":"https:\/\/hospitalcmq.com\/es\/"},{"@type":"ListItem","position":2,"name":"Tour Virtual","item":"https:\/\/hospitalcmq.com\/es\/tour-virtual\/"},{"@type":"ListItem","position":3,"name":"Hospital CMQ Centro Tour Virtual"}]},{"@type":"WebSite","@id":"https:\/\/hospitalcmq.com\/es\/#website","url":"https:\/\/hospitalcmq.com\/es\/","name":"Hospital CMQ","description":"Best Hospitals in Puerto Vallarta &amp; Riviera Nayarit","publisher":{"@id":"https:\/\/hospitalcmq.com\/es\/#organization"},"potentialAction":[{"@type":"SearchAction","target":{"@type":"EntryPoint","urlTemplate":"https:\/\/hospitalcmq.com\/es\/?s={search_term_string}"},"query-input":{"@type":"PropertyValueSpecification","valueRequired":true,"valueName":"search_term_string"}}],"inLanguage":"es"},{"@type":"Organization","@id":"https:\/\/hospitalcmq.com\/es\/#organization","name":"Hospital CMQ","url":"https:\/\/hospitalcmq.com\/es\/","logo":{"@type":"ImageObject","inLanguage":"es","@id":"https:\/\/hospitalcmq.com\/es\/#\/schema\/logo\/image\/","url":"https:\/\/hospitalcmq.com\/wp-content\/uploads\/2018\/06\/cmq-hospital-logo.png","contentUrl":"https:\/\/hospitalcmq.com\/wp-content\/uploads\/2018\/06\/cmq-hospital-logo.png","width":214,"height":189,"caption":"Hospital CMQ"},"image":{"@id":"https:\/\/hospitalcmq.com\/es\/#\/schema\/logo\/image\/"},"sameAs":["https:\/\/www.facebook.com\/HospitalCMQ"]}]}},"_links":{"self":[{"href":"https:\/\/hospitalcmq.com\/es\/wp-json\/wp\/v2\/pages\/5722","targetHints":{"allow":["GET"]}}],"collection":[{"href":"https:\/\/hospitalcmq.com\/es\/wp-json\/wp\/v2\/pages"}],"about":[{"href":"https:\/\/hospitalcmq.com\/es\/wp-json\/wp\/v2\/types\/page"}],"author":[{"embeddable":true,"href":"https:\/\/hospitalcmq.com\/es\/wp-json\/wp\/v2\/users\/1"}],"replies":[{"embeddable":true,"href":"https:\/\/hospitalcmq.com\/es\/wp-json\/wp\/v2\/comments?post=5722"}],"version-history":[{"count":0,"href":"https:\/\/hospitalcmq.com\/es\/wp-json\/wp\/v2\/pages\/5722\/revisions"}],"up":[{"embeddable":true,"href":"https:\/\/hospitalcmq.com\/es\/wp-json\/wp\/v2\/pages\/5719"}],"wp:featuredmedia":[{"embeddable":true,"href":"https:\/\/hospitalcmq.com\/es\/wp-json\/wp\/v2\/media\/3040"}],"wp:attachment":[{"href":"https:\/\/hospitalcmq.com\/es\/wp-json\/wp\/v2\/media?parent=5722"}],"curies":[{"name":"wp","href":"https:\/\/api.w.org\/{rel}","templated":true}]}}