{"id":5719,"date":"2019-05-21T08:30:40","date_gmt":"2019-05-21T13:30:40","guid":{"rendered":"https:\/\/hospitalcmq.com\/?page_id=5719"},"modified":"2024-07-01T11:02:30","modified_gmt":"2024-07-01T17:02:30","slug":"tour-virtual","status":"publish","type":"page","link":"https:\/\/hospitalcmq.com\/es\/tour-virtual\/","title":{"rendered":"Tour Virtual"},"content":{"rendered":"<div class=\"wpb-content-wrapper\"><p>[vc_row][vc_column][vc_single_image image=\u00bb4966&#8243; img_size=\u00bbfull\u00bb alignment=\u00bbcenter\u00bb][\/vc_column][\/vc_row][vc_row][vc_column][vc_empty_space][vc_column_text]<\/p>\n<div class=\"block_style_similar text-center\">\n<div class=\"blockTitleAction\">\n<h1 class=\"title\">Tour Virtual Hospitales CMQ<\/h1>\n<div class=\"desc px-0 px-lg-5 pb-0 pb-lg-3\">\n<p>Haz este tour virtual y conoce el interior de nuestros tres hospitales: CMQ Centro, CMQ Premiere y CMQ Riviera Nayarit. Recorre nuestras modernas instalaciones, amplios quir\u00f3fanos, c\u00f3modas habitaciones y \u00e1reas de atenci\u00f3n m\u00e9dica disponibles para ti en Puerto Vallarta y Riviera Nayarit y descubre por qu\u00e9 somos los hospitales preferidos para locales y visitantes internacionales.<\/p>\n<\/div>\n<\/div>\n<\/div>\n<p>[\/vc_column_text][vc_empty_space][\/vc_column][\/vc_row]<\/p>\n<\/div>","protected":false},"excerpt":{"rendered":"<p>Haz este tour virtual y conoce el interior de nuestros tres hospitales: CMQ Centro, CMQ Premiere y CMQ Riviera Nayarit. Recorre nuestras modernas instalaciones, amplios quir\u00f3fanos, c\u00f3modas habitaciones y \u00e1reas de atenci\u00f3n m\u00e9dica disponibles para ti en Puerto Vallarta y Riviera Nayarit y descubre por qu\u00e9 somos los hospitales preferidos para locales y visitantes internacionales.<\/p>\n","protected":false},"author":1,"featured_media":4966,"parent":0,"menu_order":0,"comment_status":"closed","ping_status":"closed","template":"template-parent-page-menu.php","meta":{"footnotes":""},"class_list":["post-5719","page","type-page","status-publish","has-post-thumbnail","hentry"],"acf":[],"yoast_head":"<!-- This site is optimized with the Yoast SEO plugin v27.3 - https:\/\/yoast.com\/product\/yoast-seo-wordpress\/ -->\n<title>Tour Virtual: Conoce Nuestras Instalaciones<\/title>\n<meta name=\"description\" content=\"Toma este tour virtual y recorre nuestras instalaciones de primer nivel dentro de Hospitales CMQ: Centro, Premiere y Riviera Nayarit.\" \/>\n<meta name=\"robots\" content=\"index, follow, max-snippet:-1, max-image-preview:large, max-video-preview:-1\" \/>\n<link rel=\"canonical\" href=\"https:\/\/hospitalcmq.com\/es\/tour-virtual\/\" \/>\n<meta property=\"og:locale\" content=\"es_ES\" \/>\n<meta property=\"og:type\" content=\"article\" \/>\n<meta property=\"og:title\" content=\"Tour Virtual: Conoce Nuestras Instalaciones\" \/>\n<meta property=\"og:description\" content=\"Toma este tour virtual y recorre nuestras instalaciones de primer nivel dentro de Hospitales CMQ: Centro, Premiere y Riviera Nayarit.\" \/>\n<meta property=\"og:url\" content=\"https:\/\/hospitalcmq.com\/es\/tour-virtual\/\" \/>\n<meta property=\"og:site_name\" content=\"Hospital CMQ\" \/>\n<meta property=\"article:publisher\" content=\"https:\/\/www.facebook.com\/HospitalCMQ\" \/>\n<meta property=\"article:modified_time\" content=\"2024-07-01T17:02:30+00:00\" \/>\n<meta property=\"og:image\" content=\"https:\/\/hospitalcmq.com\/wp-content\/uploads\/2019\/03\/360-views-hospital-cmq.jpg\" \/>\n\t<meta property=\"og:image:width\" content=\"1110\" \/>\n\t<meta property=\"og:image:height\" content=\"300\" \/>\n\t<meta property=\"og:image:type\" content=\"image\/jpeg\" \/>\n<meta name=\"twitter:card\" content=\"summary_large_image\" \/>\n<meta name=\"twitter:label1\" content=\"Tiempo de lectura\" \/>\n\t<meta name=\"twitter:data1\" content=\"1 minuto\" \/>\n<script type=\"application\/ld+json\" class=\"yoast-schema-graph\">{\"@context\":\"https:\\\/\\\/schema.org\",\"@graph\":[{\"@type\":\"WebPage\",\"@id\":\"https:\\\/\\\/hospitalcmq.com\\\/es\\\/tour-virtual\\\/\",\"url\":\"https:\\\/\\\/hospitalcmq.com\\\/es\\\/tour-virtual\\\/\",\"name\":\"Tour Virtual: Conoce Nuestras Instalaciones\",\"isPartOf\":{\"@id\":\"https:\\\/\\\/hospitalcmq.com\\\/es\\\/#website\"},\"primaryImageOfPage\":{\"@id\":\"https:\\\/\\\/hospitalcmq.com\\\/es\\\/tour-virtual\\\/#primaryimage\"},\"image\":{\"@id\":\"https:\\\/\\\/hospitalcmq.com\\\/es\\\/tour-virtual\\\/#primaryimage\"},\"thumbnailUrl\":\"https:\\\/\\\/hospitalcmq.com\\\/wp-content\\\/uploads\\\/2019\\\/03\\\/360-views-hospital-cmq.jpg\",\"datePublished\":\"2019-05-21T13:30:40+00:00\",\"dateModified\":\"2024-07-01T17:02:30+00:00\",\"description\":\"Toma este tour virtual y recorre nuestras instalaciones de primer nivel dentro de Hospitales CMQ: Centro, Premiere y Riviera Nayarit.\",\"breadcrumb\":{\"@id\":\"https:\\\/\\\/hospitalcmq.com\\\/es\\\/tour-virtual\\\/#breadcrumb\"},\"inLanguage\":\"es\",\"potentialAction\":[{\"@type\":\"ReadAction\",\"target\":[\"https:\\\/\\\/hospitalcmq.com\\\/es\\\/tour-virtual\\\/\"]}]},{\"@type\":\"ImageObject\",\"inLanguage\":\"es\",\"@id\":\"https:\\\/\\\/hospitalcmq.com\\\/es\\\/tour-virtual\\\/#primaryimage\",\"url\":\"https:\\\/\\\/hospitalcmq.com\\\/wp-content\\\/uploads\\\/2019\\\/03\\\/360-views-hospital-cmq.jpg\",\"contentUrl\":\"https:\\\/\\\/hospitalcmq.com\\\/wp-content\\\/uploads\\\/2019\\\/03\\\/360-views-hospital-cmq.jpg\",\"width\":1110,\"height\":300,\"caption\":\"Recorridos virtuales de los hospitales CMQ: Centro, Premiere y Riviera Nayarit.\"},{\"@type\":\"BreadcrumbList\",\"@id\":\"https:\\\/\\\/hospitalcmq.com\\\/es\\\/tour-virtual\\\/#breadcrumb\",\"itemListElement\":[{\"@type\":\"ListItem\",\"position\":1,\"name\":\"Home\",\"item\":\"https:\\\/\\\/hospitalcmq.com\\\/es\\\/\"},{\"@type\":\"ListItem\",\"position\":2,\"name\":\"Tour Virtual\"}]},{\"@type\":\"WebSite\",\"@id\":\"https:\\\/\\\/hospitalcmq.com\\\/es\\\/#website\",\"url\":\"https:\\\/\\\/hospitalcmq.com\\\/es\\\/\",\"name\":\"Hospital CMQ\",\"description\":\"Best Hospitals in Puerto Vallarta &amp; Riviera Nayarit\",\"publisher\":{\"@id\":\"https:\\\/\\\/hospitalcmq.com\\\/es\\\/#organization\"},\"potentialAction\":[{\"@type\":\"SearchAction\",\"target\":{\"@type\":\"EntryPoint\",\"urlTemplate\":\"https:\\\/\\\/hospitalcmq.com\\\/es\\\/?s={search_term_string}\"},\"query-input\":{\"@type\":\"PropertyValueSpecification\",\"valueRequired\":true,\"valueName\":\"search_term_string\"}}],\"inLanguage\":\"es\"},{\"@type\":\"Organization\",\"@id\":\"https:\\\/\\\/hospitalcmq.com\\\/es\\\/#organization\",\"name\":\"Hospital CMQ\",\"url\":\"https:\\\/\\\/hospitalcmq.com\\\/es\\\/\",\"logo\":{\"@type\":\"ImageObject\",\"inLanguage\":\"es\",\"@id\":\"https:\\\/\\\/hospitalcmq.com\\\/es\\\/#\\\/schema\\\/logo\\\/image\\\/\",\"url\":\"https:\\\/\\\/hospitalcmq.com\\\/wp-content\\\/uploads\\\/2018\\\/06\\\/cmq-hospital-logo.png\",\"contentUrl\":\"https:\\\/\\\/hospitalcmq.com\\\/wp-content\\\/uploads\\\/2018\\\/06\\\/cmq-hospital-logo.png\",\"width\":214,\"height\":189,\"caption\":\"Hospital CMQ\"},\"image\":{\"@id\":\"https:\\\/\\\/hospitalcmq.com\\\/es\\\/#\\\/schema\\\/logo\\\/image\\\/\"},\"sameAs\":[\"https:\\\/\\\/www.facebook.com\\\/HospitalCMQ\"]}]}<\/script>\n<!-- \/ Yoast SEO plugin. -->","yoast_head_json":{"title":"Tour Virtual: Conoce Nuestras Instalaciones","description":"Toma este tour virtual y recorre nuestras instalaciones de primer nivel dentro de Hospitales CMQ: Centro, Premiere y Riviera Nayarit.","robots":{"index":"index","follow":"follow","max-snippet":"max-snippet:-1","max-image-preview":"max-image-preview:large","max-video-preview":"max-video-preview:-1"},"canonical":"https:\/\/hospitalcmq.com\/es\/tour-virtual\/","og_locale":"es_ES","og_type":"article","og_title":"Tour Virtual: Conoce Nuestras Instalaciones","og_description":"Toma este tour virtual y recorre nuestras instalaciones de primer nivel dentro de Hospitales CMQ: Centro, Premiere y Riviera Nayarit.","og_url":"https:\/\/hospitalcmq.com\/es\/tour-virtual\/","og_site_name":"Hospital CMQ","article_publisher":"https:\/\/www.facebook.com\/HospitalCMQ","article_modified_time":"2024-07-01T17:02:30+00:00","og_image":[{"width":1110,"height":300,"url":"https:\/\/hospitalcmq.com\/wp-content\/uploads\/2019\/03\/360-views-hospital-cmq.jpg","type":"image\/jpeg"}],"twitter_card":"summary_large_image","twitter_misc":{"Tiempo de lectura":"1 minuto"},"schema":{"@context":"https:\/\/schema.org","@graph":[{"@type":"WebPage","@id":"https:\/\/hospitalcmq.com\/es\/tour-virtual\/","url":"https:\/\/hospitalcmq.com\/es\/tour-virtual\/","name":"Tour Virtual: Conoce Nuestras Instalaciones","isPartOf":{"@id":"https:\/\/hospitalcmq.com\/es\/#website"},"primaryImageOfPage":{"@id":"https:\/\/hospitalcmq.com\/es\/tour-virtual\/#primaryimage"},"image":{"@id":"https:\/\/hospitalcmq.com\/es\/tour-virtual\/#primaryimage"},"thumbnailUrl":"https:\/\/hospitalcmq.com\/wp-content\/uploads\/2019\/03\/360-views-hospital-cmq.jpg","datePublished":"2019-05-21T13:30:40+00:00","dateModified":"2024-07-01T17:02:30+00:00","description":"Toma este tour virtual y recorre nuestras instalaciones de primer nivel dentro de Hospitales CMQ: Centro, Premiere y Riviera Nayarit.","breadcrumb":{"@id":"https:\/\/hospitalcmq.com\/es\/tour-virtual\/#breadcrumb"},"inLanguage":"es","potentialAction":[{"@type":"ReadAction","target":["https:\/\/hospitalcmq.com\/es\/tour-virtual\/"]}]},{"@type":"ImageObject","inLanguage":"es","@id":"https:\/\/hospitalcmq.com\/es\/tour-virtual\/#primaryimage","url":"https:\/\/hospitalcmq.com\/wp-content\/uploads\/2019\/03\/360-views-hospital-cmq.jpg","contentUrl":"https:\/\/hospitalcmq.com\/wp-content\/uploads\/2019\/03\/360-views-hospital-cmq.jpg","width":1110,"height":300,"caption":"Recorridos virtuales de los hospitales CMQ: Centro, Premiere y Riviera Nayarit."},{"@type":"BreadcrumbList","@id":"https:\/\/hospitalcmq.com\/es\/tour-virtual\/#breadcrumb","itemListElement":[{"@type":"ListItem","position":1,"name":"Home","item":"https:\/\/hospitalcmq.com\/es\/"},{"@type":"ListItem","position":2,"name":"Tour Virtual"}]},{"@type":"WebSite","@id":"https:\/\/hospitalcmq.com\/es\/#website","url":"https:\/\/hospitalcmq.com\/es\/","name":"Hospital CMQ","description":"Best Hospitals in Puerto Vallarta &amp; Riviera Nayarit","publisher":{"@id":"https:\/\/hospitalcmq.com\/es\/#organization"},"potentialAction":[{"@type":"SearchAction","target":{"@type":"EntryPoint","urlTemplate":"https:\/\/hospitalcmq.com\/es\/?s={search_term_string}"},"query-input":{"@type":"PropertyValueSpecification","valueRequired":true,"valueName":"search_term_string"}}],"inLanguage":"es"},{"@type":"Organization","@id":"https:\/\/hospitalcmq.com\/es\/#organization","name":"Hospital CMQ","url":"https:\/\/hospitalcmq.com\/es\/","logo":{"@type":"ImageObject","inLanguage":"es","@id":"https:\/\/hospitalcmq.com\/es\/#\/schema\/logo\/image\/","url":"https:\/\/hospitalcmq.com\/wp-content\/uploads\/2018\/06\/cmq-hospital-logo.png","contentUrl":"https:\/\/hospitalcmq.com\/wp-content\/uploads\/2018\/06\/cmq-hospital-logo.png","width":214,"height":189,"caption":"Hospital CMQ"},"image":{"@id":"https:\/\/hospitalcmq.com\/es\/#\/schema\/logo\/image\/"},"sameAs":["https:\/\/www.facebook.com\/HospitalCMQ"]}]}},"_links":{"self":[{"href":"https:\/\/hospitalcmq.com\/es\/wp-json\/wp\/v2\/pages\/5719","targetHints":{"allow":["GET"]}}],"collection":[{"href":"https:\/\/hospitalcmq.com\/es\/wp-json\/wp\/v2\/pages"}],"about":[{"href":"https:\/\/hospitalcmq.com\/es\/wp-json\/wp\/v2\/types\/page"}],"author":[{"embeddable":true,"href":"https:\/\/hospitalcmq.com\/es\/wp-json\/wp\/v2\/users\/1"}],"replies":[{"embeddable":true,"href":"https:\/\/hospitalcmq.com\/es\/wp-json\/wp\/v2\/comments?post=5719"}],"version-history":[{"count":0,"href":"https:\/\/hospitalcmq.com\/es\/wp-json\/wp\/v2\/pages\/5719\/revisions"}],"wp:featuredmedia":[{"embeddable":true,"href":"https:\/\/hospitalcmq.com\/es\/wp-json\/wp\/v2\/media\/4966"}],"wp:attachment":[{"href":"https:\/\/hospitalcmq.com\/es\/wp-json\/wp\/v2\/media?parent=5719"}],"curies":[{"name":"wp","href":"https:\/\/api.w.org\/{rel}","templated":true}]}}