{"id":4762,"date":"2019-03-05T10:13:53","date_gmt":"2019-03-05T16:13:53","guid":{"rendered":"https:\/\/hospitalcmq.com\/?page_id=4762"},"modified":"2025-07-25T15:09:02","modified_gmt":"2025-07-25T21:09:02","slug":"torre-medica","status":"publish","type":"page","link":"https:\/\/hospitalcmq.com\/es\/hospital\/torre-medica\/","title":{"rendered":"Torre M\u00e9dica"},"content":{"rendered":"<div class=\"wpb-content-wrapper\"><p>[vc_row full_width=\u00bbstretch_row_content_no_spaces\u00bb el_class=\u00bbfull-with-each\u00bb css=\u00bb.vc_custom_1651252287842{padding-top: 0px !important;padding-right: 0px !important;padding-bottom: 0px !important;padding-left: 0px !important;}\u00bb][vc_column css=\u00bb.vc_custom_1649455352414{padding-top: 0px !important;padding-right: 0px !important;padding-bottom: 0px !important;padding-left: 0px !important;}\u00bb][vc_single_image image=\u00bb11929&#8243; img_size=\u00bbfull\u00bb css=\u00bb.vc_custom_1651249907916{padding-top: 0px !important;padding-right: 0px !important;padding-bottom: 0px !important;padding-left: 0px !important;}\u00bb][\/vc_column][\/vc_row][vc_column][\/vc_column][vc_row][vc_column][vc_empty_space][vc_column_text]<\/p>\n<div class=\"text-center\">\n<h1 class=\"title\"><strong>TORRE M\u00c9DICA<\/strong><\/h1>\n<div class=\"desc p-3 bg-primary text-white\">Anexo a Hospital CMQ Riviera Nayarit se encuentra Torre M\u00e9dica de Especialidades, un edificio con m\u00e1s de 20 especialistas m\u00e9dicos altamente calificados y comprometidos con la atenci\u00f3n m\u00e9dica.<\/div>\n<\/div>\n<p>[\/vc_column_text][vc_empty_space][vc_column_text]Compuesta por instalaciones modernas y c\u00f3modas oficinas en sus dos pisos, esta construcci\u00f3n brinda servicios y atenci\u00f3n m\u00e9dica de \u00a0calidad a las poblaciones de Nuevo Vallarta, los desarrollos de Punta de Mita, La Cruz de Huanacaxtle, San Pancho y Sayulita. Torre M\u00e9dica ofrece una amplia gama de excelentes especialidades para la prevenci\u00f3n, recuperaci\u00f3n y conservaci\u00f3n de su salud.[\/vc_column_text][\/vc_column][\/vc_row][vc_row][vc_column width=\u00bb1\/3&#8243; el_class=\u00bbtable-responsive\u00bb][vc_custom_heading text=\u00bbLobby\u00bb font_container=\u00bbtag:h3|text_align:left\u00bb use_theme_fonts=\u00bbyes\u00bb][vc_column_text css=\u00bb\u00bb]<\/p>\n<table style=\"width: 59.4473%; height: 200px;\">\n<tbody>\n<tr style=\"height: 24px;\">\n<td style=\"width: 24.6914%; height: 24px;\"><b>No. de Consultorio<\/b><\/td>\n<td style=\"width: 25.1543%; height: 24px;\"><b>Doctor<\/b><\/td>\n<td style=\"width: 49.0741%; height: 24px;\"><b>Especialidad<\/b><\/td>\n<\/tr>\n<tr style=\"height: 80px;\">\n<td style=\"width: 24.6914%; height: 80px;\"><b>Local 1<\/b><\/td>\n<td style=\"width: 25.1543%; height: 80px;\"><a href=\"https:\/\/hospitalcmq.com\/es\/doctores\/cardiologos-en-puerto-vallarta\/leonel-molina\/\">Dr. Leonel Molina<\/a><br \/>\n<a href=\"https:\/\/hospitalcmq.com\/es\/doctores\/angiologos-en-puerto-vallarta\/cintiha-martinez\/\">Dra. Cintiha Mart\u00ednez<\/a><\/td>\n<td style=\"width: 49.0741%; height: 80px;\">Heart &amp; Vascular \u2013 Cardiac and Vein Center<\/td>\n<\/tr>\n<tr style=\"height: 24px;\">\n<td style=\"width: 24.6914%; height: 24px;\"><b>Local 2<\/b><\/td>\n<td style=\"width: 25.1543%; height: 24px;\"><a href=\"https:\/\/hospitalcmq.com\/es\/doctores\/ortopedistas-en-puerto-vallarta\/francisco-del-toro\/\">Dr. Francisco del Toro<\/a><\/td>\n<td style=\"width: 49.0741%; height: 24px;\">Orthopedic Surgery Center<\/td>\n<\/tr>\n<tr style=\"height: 24px;\">\n<td style=\"width: 24.6914%; height: 24px;\"><b>Local 3<\/b><\/td>\n<td style=\"width: 25.1543%; height: 24px;\"><a href=\"https:\/\/hospitalcmq.com\/es\/doctores\/oftalmologos-en-puerto-vallarta\/monica-orozco\/\">Dr. M\u00f3nica Orozco<\/a><\/td>\n<td style=\"width: 49.0741%; height: 24px;\"><span style=\"font-weight: 400;\">Oftalmolog\u00eda y \u00d3ptica<\/span><\/td>\n<\/tr>\n<tr style=\"height: 48px;\">\n<td style=\"width: 24.6914%; height: 48px;\"><b>Local 4<\/b><\/td>\n<td style=\"width: 25.1543%; height: 48px;\"><a href=\"https:\/\/hospitalcmq.com\/es\/doctores\/podologos-en-puerto-vallarta\/paty-villanueva\/\">Pod. Paty Villanueva<\/a><\/p>\n<p><a href=\"https:\/\/hospitalcmq.com\/es\/doctores\/dermatologos-en-puerto-vallarta\/sandra-castillon\/\">Dr. Sandra Castill\u00f3n<\/a><\/p>\n<p>Dr. Diego Soto<\/td>\n<td style=\"width: 49.0741%; height: 48px;\">Podolog\u00eda<\/p>\n<p>Dermatolog\u00eda<\/p>\n<p>Alergolog\u00eda<\/td>\n<\/tr>\n<\/tbody>\n<\/table>\n<p>[\/vc_column_text][\/vc_column][vc_column width=\u00bb1\/3&#8243;][vc_custom_heading text=\u00bbPrimer Piso\u00bb font_container=\u00bbtag:h3|text_align:left\u00bb use_theme_fonts=\u00bbyes\u00bb][vc_column_text css=\u00bb\u00bb]<\/p>\n<table style=\"width: 57.2109%; height: 550px;\">\n<tbody>\n<tr style=\"height: 24px;\">\n<td style=\"height: 24px;\"><b>No. de Consultorio<\/b><\/td>\n<td style=\"height: 24px;\"><b>Doctor<\/b><\/td>\n<td style=\"height: 24px;\"><b>Especialidad<\/b><\/td>\n<\/tr>\n<tr style=\"height: 24px;\">\n<td style=\"height: 24px;\"><b>101<\/b><\/td>\n<td style=\"height: 24px;\"><a href=\"https:\/\/hospitalcmq.com\/es\/doctores\/otorrinolaringologos-en-puerto-vallarta\/luciano-aguirre\/\">Dr. Luciano Aguirre<\/a><\/td>\n<td style=\"height: 24px;\">Otorrinolaringolog\u00eda<\/td>\n<\/tr>\n<tr style=\"height: 95px;\">\n<td style=\"height: 95px;\"><b>102<\/b><\/td>\n<td style=\"height: 95px;\"><a href=\"https:\/\/hospitalcmq.com\/es\/doctores\/ginecologos-en-puerto-vallarta\/carmin-rodriguez\/\">Dr. Carm\u00edn Rodr\u00edguez<\/a><\/p>\n<p>Dra. Yazm\u00edn Ch\u00e1vez<\/td>\n<td style=\"height: 95px;\"><span style=\"font-weight: 400;\">Ginecolog\u00eda<\/span><\/p>\n<p>Alerg\u00f3loga Pediatra<\/td>\n<\/tr>\n<tr style=\"height: 72px;\">\n<td style=\"height: 72px;\"><b>103<\/b><\/td>\n<td style=\"height: 72px;\">Dr. Dario Ochoa<br \/>\n<a href=\"https:\/\/hospitalcmq.com\/es\/doctores\/neurologos-en-puerto-vallarta\/jorge-yanez\/\">Dr. Jorge Y\u00e1\u00f1ez<\/a><br \/>\nDra. Diana Sifuentes<\/td>\n<td style=\"height: 72px;\">Neurolog\u00eda<br \/>\nNeurocirug\u00eda<br \/>\nNeuropsicolog\u00eda<\/td>\n<\/tr>\n<tr style=\"height: 95px;\">\n<td style=\"height: 95px;\"><b>104<\/b><\/td>\n<td style=\"height: 95px;\"><a href=\"https:\/\/hospitalcmq.com\/es\/doctores\/cirujanos-generales-en-puerto-vallarta\/carlos-duran\/\">Dr. Carlos Dur\u00e1n<\/a><\/p>\n<p><a href=\"https:\/\/hospitalcmq.com\/es\/doctores\/urologos-en-puerto-vallarta\/fernando-davila-radilla\/\">Dr. Fernando D\u00e1vila<\/a><\/td>\n<td style=\"height: 95px;\">Cirug\u00eda Gastrointestinal<\/p>\n<p>Urolog\u00eda<\/td>\n<\/tr>\n<tr style=\"height: 48px;\">\n<td style=\"height: 48px;\"><b>105<\/b><\/td>\n<td style=\"height: 48px;\"><a href=\"https:\/\/hospitalcmq.com\/es\/doctores\/urologos-en-puerto-vallarta\/raul-meza\/\">Dr. Ra\u00fal Meza D\u00edaz<\/a><\/p>\n<p><a href=\"https:\/\/hospitalcmq.com\/es\/doctores\/ginecologos-en-puerto-vallarta\/luis-chacon\/\">Dr. Luis Chac\u00f3n<\/a><\/td>\n<td style=\"height: 48px;\">Urolog\u00eda<\/p>\n<p>Ginecolog\u00eda<\/td>\n<\/tr>\n<tr style=\"height: 48px;\">\n<td style=\"height: 48px;\"><b>106<\/b><\/td>\n<td style=\"height: 48px;\"><a href=\"https:\/\/hospitalcmq.com\/es\/doctores\/ginecologos-en-puerto-vallarta\/francisco-gonzalez-avelar\/\">Dr. Jos\u00e9 Francisco Gonz\u00e1lez Avelar<\/a><br \/>\n<a href=\"https:\/\/hospitalcmq.com\/es\/doctores\/pediatras-en-puerto-vallarta\/paula-gonzalez-cruz\/\">Dr. Paula Gonz\u00e1lez Cruz<\/a><\/td>\n<td style=\"height: 48px;\">Ginecolog\u00eda<br \/>\nPediatr\u00eda<\/td>\n<\/tr>\n<tr style=\"height: 48px;\">\n<td style=\"height: 48px;\"><b>107<\/b><\/td>\n<td style=\"height: 48px;\"><a href=\"https:\/\/hospitalcmq.com\/es\/doctores\/otorrinolaringologos-en-puerto-vallarta\/javier-diaz\/\">Dr. Javier D\u00edaz<\/a><br \/>\nDr. Uriel Mu\u00f1oz<\/td>\n<td style=\"height: 48px;\">Otorrinolaringolog\u00eda<br \/>\nCirug\u00eda Pl\u00e1stica<\/td>\n<\/tr>\n<tr style=\"height: 24px;\">\n<td style=\"height: 24px;\"><b>108<\/b><\/td>\n<td style=\"height: 24px;\"><a href=\"https:\/\/hospitalcmq.com\/es\/doctores\/pediatras-en-puerto-vallarta\/geraldo-cervantes\/\">Dr. Geraldo Cervantes<\/a><\/td>\n<td style=\"height: 24px;\">Pediatr\u00eda<\/td>\n<\/tr>\n<tr style=\"height: 72px;\">\n<td style=\"height: 72px;\"><b>109<\/b><\/td>\n<td style=\"height: 72px;\"><a href=\"https:\/\/hospitalcmq.com\/es\/doctores\/retinologos-en-puerto-vallarta\/oscar-cervantes\/\">Dr. \u00d3scar Cervantes<\/a><br \/>\nDra. Tania S\u00e1nchez<br \/>\nDr. Antonio P\u00e9rez<\/td>\n<td style=\"height: 72px;\">Oftalmologia Retina y Vitreo<br \/>\nOftalmolog\u00eda<br \/>\nOftalmolog\u00eda<\/td>\n<\/tr>\n<\/tbody>\n<\/table>\n<p>[\/vc_column_text][\/vc_column][vc_column width=\u00bb1\/3&#8243;][vc_custom_heading text=\u00bbSegundo Piso\u00bb font_container=\u00bbtag:h3|text_align:left\u00bb use_theme_fonts=\u00bbyes\u00bb][vc_column_text css=\u00bb\u00bb]<\/p>\n<table style=\"width: 62.2268%; height: 343px;\">\n<tbody>\n<tr style=\"height: 24px;\">\n<td style=\"height: 24px;\"><b>No. de Consultorio<\/b><\/td>\n<td style=\"height: 24px;\"><b>Doctor<\/b><\/td>\n<td style=\"height: 24px;\"><b>Especialidad<\/b><\/td>\n<\/tr>\n<tr style=\"height: 55px;\">\n<td style=\"height: 55px;\"><b>201<\/b><\/td>\n<td style=\"height: 55px;\"><a href=\"https:\/\/hospitalcmq.com\/es\/doctores\/otorrinolaringologos-en-puerto-vallarta\/lorena-ursulo\/\">Dra. Lorena Ursulo<\/a><\/td>\n<td style=\"height: 55px;\"><span style=\"font-weight: 400;\">Otorrinolaringolog\u00eda<br \/>\n<\/span><\/td>\n<\/tr>\n<tr style=\"height: 24px;\">\n<td style=\"height: 24px;\"><b>202<\/b><\/td>\n<td style=\"height: 24px;\"><a href=\"https:\/\/hospitalcmq.com\/es\/doctores\/cirujanos-bariatricos-en-puerto-vallarta\/sergio-del-hoyo\/\">Dr. Sergio del Hoyo<\/a><\/td>\n<td style=\"height: 24px;\">Cirug\u00eda General, Laparosc\u00f3pica y Bari\u00e1trica<\/td>\n<\/tr>\n<tr style=\"height: 24px;\">\n<td style=\"height: 24px;\"><b>203<\/b><\/td>\n<td style=\"height: 24px;\"><a href=\"https:\/\/hospitalcmq.com\/es\/doctores\/dentistas-en-puerto-vallarta\/adrian-malja\/\">Dr. Adri\u00e1n Malja<\/a><\/td>\n<td style=\"height: 24px;\"><span style=\"font-weight: 400;\">Odontolog\u00eda<\/span><\/td>\n<\/tr>\n<tr style=\"height: 24px;\">\n<td style=\"height: 24px;\"><strong>204<\/strong><\/td>\n<td style=\"height: 24px;\"><a href=\"https:\/\/hospitalcmq.com\/es\/doctores\/ortopedistas-en-puerto-vallarta\/max-greig\/\">Dr. Max Greig<\/a><\/td>\n<td style=\"height: 24px;\"><span style=\"font-weight: 400;\">Traumatolog\u00eda y Ortopedia<br \/>\n<\/span><\/td>\n<\/tr>\n<tr style=\"height: 96px;\">\n<td style=\"height: 96px;\"><b>205<\/b><\/td>\n<td style=\"height: 96px;\"><a href=\"https:\/\/hospitalcmq.com\/es\/doctores\/cardiologos-en-puerto-vallarta\/leslie-swindle\/\">Dr. Leslie Swindle<\/a><br \/>\n<a href=\"https:\/\/hospitalcmq.com\/es\/doctores\/neurointensivistas-en-puerto-vallarta\/fernando-herrera\/\">Dr. Fernando Herrera<\/a><br \/>\n<a href=\"https:\/\/hospitalcmq.com\/es\/doctores\/intensivistas-en-puerto-vallarta\/david-hernandez\/\">Dr. David Hern\u00e1ndez<\/a><\/td>\n<td style=\"height: 96px;\"><span style=\"font-weight: 400;\">Cardiolog\u00eda<\/span><br \/>\n<span style=\"font-weight: 400;\">Medicina Interna<br \/>\nMedicina Interna<\/span><\/td>\n<\/tr>\n<tr style=\"height: 48px;\">\n<td style=\"height: 48px;\"><b>206<\/b><\/td>\n<td style=\"height: 48px;\"><a href=\"https:\/\/hospitalcmq.com\/es\/doctores\/ortopedistas-en-puerto-vallarta\/gustavo-navarro\/\">Dr. Gustavo Navarro<\/a><br \/>\n<a href=\"https:\/\/hospitalcmq.com\/es\/doctores\/angiologos-en-puerto-vallarta\/alberto-robles\/\">Dr. Alberto Robles<\/a><\/td>\n<td style=\"height: 48px;\">Spine Clinic, Cl\u00ednica de Columna<br \/>\nAngiolog\u00eda<\/td>\n<\/tr>\n<tr style=\"height: 48px;\">\n<td style=\"height: 48px;\"><b>207<\/b><\/td>\n<td style=\"height: 48px;\"><a href=\"https:\/\/hospitalcmq.com\/es\/doctores\/cirujanos-plasticos-en-puerto-vallarta\/ricardo-rivera\/\">Dr. Ricardo Rivera<\/a><br \/>\n<a href=\"https:\/\/hospitalcmq.com\/es\/doctores\/oncologos-en-puerto-vallarta\/yaritza-medina\/\">Dra. Yaritza Medina<\/a><\/td>\n<td style=\"height: 48px;\"><span style=\"font-weight: 400;\">Cirug\u00eda Pl\u00e1stica<br \/>\nOncolog\u00eda Cl\u00ednica<\/span><\/td>\n<\/tr>\n<\/tbody>\n<\/table>\n<p>[\/vc_column_text][\/vc_column][\/vc_row]<\/p>\n<\/div>","protected":false},"excerpt":{"rendered":"<p>Anexa a Hospital CMQ Riviera Nayarit, Torre M\u00e9dica de Hospital CMQ cuenta con m\u00e1s de 20 especialistas altamente calificados y comprometidos la salud de la regi\u00f3n de Bah\u00eda de Banderas. Torre M\u00e9dica ofrece una amplia gama de especialidades, desde pediatr\u00eda y nutrici\u00f3n, hasta cirug\u00eda pl\u00e1stica y cardiolog\u00eda. <\/p>\n","protected":false},"author":2,"featured_media":2539,"parent":4171,"menu_order":0,"comment_status":"closed","ping_status":"closed","template":"","meta":{"footnotes":""},"class_list":["post-4762","page","type-page","status-publish","has-post-thumbnail","hentry"],"acf":[],"yoast_head":"<!-- This site is optimized with the Yoast SEO plugin v27.3 - https:\/\/yoast.com\/product\/yoast-seo-wordpress\/ -->\n<title>Torre M\u00e9dica, m\u00e1s de veinte especialidades ahora cerca de ti<\/title>\n<meta name=\"description\" content=\"Torre M\u00e9dica de Hospital CMQ cuenta con m\u00e1s de 20 especialistas altamente calificados y comprometidos la salud de la regi\u00f3n de Bah\u00eda de Banderas.\" \/>\n<meta name=\"robots\" content=\"index, follow, max-snippet:-1, max-image-preview:large, max-video-preview:-1\" \/>\n<link rel=\"canonical\" href=\"https:\/\/hospitalcmq.com\/es\/hospital\/torre-medica\/\" \/>\n<meta property=\"og:locale\" content=\"es_ES\" \/>\n<meta property=\"og:type\" content=\"article\" \/>\n<meta property=\"og:title\" content=\"Torre M\u00e9dica, m\u00e1s de veinte especialidades ahora cerca de ti\" \/>\n<meta property=\"og:description\" content=\"Torre M\u00e9dica de Hospital CMQ cuenta con m\u00e1s de 20 especialistas altamente calificados y comprometidos la salud de la regi\u00f3n de Bah\u00eda de Banderas.\" \/>\n<meta property=\"og:url\" content=\"https:\/\/hospitalcmq.com\/es\/hospital\/torre-medica\/\" \/>\n<meta property=\"og:site_name\" content=\"Hospital CMQ\" \/>\n<meta property=\"article:publisher\" content=\"https:\/\/www.facebook.com\/HospitalCMQ\" \/>\n<meta property=\"article:modified_time\" content=\"2025-07-25T21:09:02+00:00\" \/>\n<meta property=\"og:image\" content=\"https:\/\/hospitalcmq.com\/wp-content\/uploads\/2018\/04\/torre_medica.png\" \/>\n\t<meta property=\"og:image:width\" content=\"1140\" \/>\n\t<meta property=\"og:image:height\" content=\"484\" \/>\n\t<meta property=\"og:image:type\" content=\"image\/png\" \/>\n<meta name=\"twitter:card\" content=\"summary_large_image\" \/>\n<meta name=\"twitter:label1\" content=\"Tiempo de lectura\" \/>\n\t<meta name=\"twitter:data1\" content=\"3 minutos\" \/>\n<script type=\"application\/ld+json\" class=\"yoast-schema-graph\">{\"@context\":\"https:\\\/\\\/schema.org\",\"@graph\":[{\"@type\":\"WebPage\",\"@id\":\"https:\\\/\\\/hospitalcmq.com\\\/es\\\/hospital\\\/torre-medica\\\/\",\"url\":\"https:\\\/\\\/hospitalcmq.com\\\/es\\\/hospital\\\/torre-medica\\\/\",\"name\":\"Torre M\u00e9dica, m\u00e1s de veinte especialidades ahora cerca de ti\",\"isPartOf\":{\"@id\":\"https:\\\/\\\/hospitalcmq.com\\\/es\\\/#website\"},\"primaryImageOfPage\":{\"@id\":\"https:\\\/\\\/hospitalcmq.com\\\/es\\\/hospital\\\/torre-medica\\\/#primaryimage\"},\"image\":{\"@id\":\"https:\\\/\\\/hospitalcmq.com\\\/es\\\/hospital\\\/torre-medica\\\/#primaryimage\"},\"thumbnailUrl\":\"https:\\\/\\\/hospitalcmq.com\\\/wp-content\\\/uploads\\\/2018\\\/04\\\/torre_medica.png\",\"datePublished\":\"2019-03-05T16:13:53+00:00\",\"dateModified\":\"2025-07-25T21:09:02+00:00\",\"description\":\"Torre M\u00e9dica de Hospital CMQ cuenta con m\u00e1s de 20 especialistas altamente calificados y comprometidos la salud de la regi\u00f3n de Bah\u00eda de Banderas.\",\"breadcrumb\":{\"@id\":\"https:\\\/\\\/hospitalcmq.com\\\/es\\\/hospital\\\/torre-medica\\\/#breadcrumb\"},\"inLanguage\":\"es\",\"potentialAction\":[{\"@type\":\"ReadAction\",\"target\":[\"https:\\\/\\\/hospitalcmq.com\\\/es\\\/hospital\\\/torre-medica\\\/\"]}]},{\"@type\":\"ImageObject\",\"inLanguage\":\"es\",\"@id\":\"https:\\\/\\\/hospitalcmq.com\\\/es\\\/hospital\\\/torre-medica\\\/#primaryimage\",\"url\":\"https:\\\/\\\/hospitalcmq.com\\\/wp-content\\\/uploads\\\/2018\\\/04\\\/torre_medica.png\",\"contentUrl\":\"https:\\\/\\\/hospitalcmq.com\\\/wp-content\\\/uploads\\\/2018\\\/04\\\/torre_medica.png\",\"width\":1140,\"height\":484,\"caption\":\"Physicians Building\"},{\"@type\":\"BreadcrumbList\",\"@id\":\"https:\\\/\\\/hospitalcmq.com\\\/es\\\/hospital\\\/torre-medica\\\/#breadcrumb\",\"itemListElement\":[{\"@type\":\"ListItem\",\"position\":1,\"name\":\"Home\",\"item\":\"https:\\\/\\\/hospitalcmq.com\\\/es\\\/\"},{\"@type\":\"ListItem\",\"position\":2,\"name\":\"Hospitales CMQ\",\"item\":\"https:\\\/\\\/hospitalcmq.com\\\/es\\\/hospital\\\/\"},{\"@type\":\"ListItem\",\"position\":3,\"name\":\"Torre M\u00e9dica\"}]},{\"@type\":\"WebSite\",\"@id\":\"https:\\\/\\\/hospitalcmq.com\\\/es\\\/#website\",\"url\":\"https:\\\/\\\/hospitalcmq.com\\\/es\\\/\",\"name\":\"Hospital CMQ\",\"description\":\"Best Hospitals in Puerto Vallarta &amp; Riviera Nayarit\",\"publisher\":{\"@id\":\"https:\\\/\\\/hospitalcmq.com\\\/es\\\/#organization\"},\"potentialAction\":[{\"@type\":\"SearchAction\",\"target\":{\"@type\":\"EntryPoint\",\"urlTemplate\":\"https:\\\/\\\/hospitalcmq.com\\\/es\\\/?s={search_term_string}\"},\"query-input\":{\"@type\":\"PropertyValueSpecification\",\"valueRequired\":true,\"valueName\":\"search_term_string\"}}],\"inLanguage\":\"es\"},{\"@type\":\"Organization\",\"@id\":\"https:\\\/\\\/hospitalcmq.com\\\/es\\\/#organization\",\"name\":\"Hospital CMQ\",\"url\":\"https:\\\/\\\/hospitalcmq.com\\\/es\\\/\",\"logo\":{\"@type\":\"ImageObject\",\"inLanguage\":\"es\",\"@id\":\"https:\\\/\\\/hospitalcmq.com\\\/es\\\/#\\\/schema\\\/logo\\\/image\\\/\",\"url\":\"https:\\\/\\\/hospitalcmq.com\\\/wp-content\\\/uploads\\\/2018\\\/06\\\/cmq-hospital-logo.png\",\"contentUrl\":\"https:\\\/\\\/hospitalcmq.com\\\/wp-content\\\/uploads\\\/2018\\\/06\\\/cmq-hospital-logo.png\",\"width\":214,\"height\":189,\"caption\":\"Hospital CMQ\"},\"image\":{\"@id\":\"https:\\\/\\\/hospitalcmq.com\\\/es\\\/#\\\/schema\\\/logo\\\/image\\\/\"},\"sameAs\":[\"https:\\\/\\\/www.facebook.com\\\/HospitalCMQ\"]}]}<\/script>\n<!-- \/ Yoast SEO plugin. -->","yoast_head_json":{"title":"Torre M\u00e9dica, m\u00e1s de veinte especialidades ahora cerca de ti","description":"Torre M\u00e9dica de Hospital CMQ cuenta con m\u00e1s de 20 especialistas altamente calificados y comprometidos la salud de la regi\u00f3n de Bah\u00eda de Banderas.","robots":{"index":"index","follow":"follow","max-snippet":"max-snippet:-1","max-image-preview":"max-image-preview:large","max-video-preview":"max-video-preview:-1"},"canonical":"https:\/\/hospitalcmq.com\/es\/hospital\/torre-medica\/","og_locale":"es_ES","og_type":"article","og_title":"Torre M\u00e9dica, m\u00e1s de veinte especialidades ahora cerca de ti","og_description":"Torre M\u00e9dica de Hospital CMQ cuenta con m\u00e1s de 20 especialistas altamente calificados y comprometidos la salud de la regi\u00f3n de Bah\u00eda de Banderas.","og_url":"https:\/\/hospitalcmq.com\/es\/hospital\/torre-medica\/","og_site_name":"Hospital CMQ","article_publisher":"https:\/\/www.facebook.com\/HospitalCMQ","article_modified_time":"2025-07-25T21:09:02+00:00","og_image":[{"width":1140,"height":484,"url":"https:\/\/hospitalcmq.com\/wp-content\/uploads\/2018\/04\/torre_medica.png","type":"image\/png"}],"twitter_card":"summary_large_image","twitter_misc":{"Tiempo de lectura":"3 minutos"},"schema":{"@context":"https:\/\/schema.org","@graph":[{"@type":"WebPage","@id":"https:\/\/hospitalcmq.com\/es\/hospital\/torre-medica\/","url":"https:\/\/hospitalcmq.com\/es\/hospital\/torre-medica\/","name":"Torre M\u00e9dica, m\u00e1s de veinte especialidades ahora cerca de ti","isPartOf":{"@id":"https:\/\/hospitalcmq.com\/es\/#website"},"primaryImageOfPage":{"@id":"https:\/\/hospitalcmq.com\/es\/hospital\/torre-medica\/#primaryimage"},"image":{"@id":"https:\/\/hospitalcmq.com\/es\/hospital\/torre-medica\/#primaryimage"},"thumbnailUrl":"https:\/\/hospitalcmq.com\/wp-content\/uploads\/2018\/04\/torre_medica.png","datePublished":"2019-03-05T16:13:53+00:00","dateModified":"2025-07-25T21:09:02+00:00","description":"Torre M\u00e9dica de Hospital CMQ cuenta con m\u00e1s de 20 especialistas altamente calificados y comprometidos la salud de la regi\u00f3n de Bah\u00eda de Banderas.","breadcrumb":{"@id":"https:\/\/hospitalcmq.com\/es\/hospital\/torre-medica\/#breadcrumb"},"inLanguage":"es","potentialAction":[{"@type":"ReadAction","target":["https:\/\/hospitalcmq.com\/es\/hospital\/torre-medica\/"]}]},{"@type":"ImageObject","inLanguage":"es","@id":"https:\/\/hospitalcmq.com\/es\/hospital\/torre-medica\/#primaryimage","url":"https:\/\/hospitalcmq.com\/wp-content\/uploads\/2018\/04\/torre_medica.png","contentUrl":"https:\/\/hospitalcmq.com\/wp-content\/uploads\/2018\/04\/torre_medica.png","width":1140,"height":484,"caption":"Physicians Building"},{"@type":"BreadcrumbList","@id":"https:\/\/hospitalcmq.com\/es\/hospital\/torre-medica\/#breadcrumb","itemListElement":[{"@type":"ListItem","position":1,"name":"Home","item":"https:\/\/hospitalcmq.com\/es\/"},{"@type":"ListItem","position":2,"name":"Hospitales CMQ","item":"https:\/\/hospitalcmq.com\/es\/hospital\/"},{"@type":"ListItem","position":3,"name":"Torre M\u00e9dica"}]},{"@type":"WebSite","@id":"https:\/\/hospitalcmq.com\/es\/#website","url":"https:\/\/hospitalcmq.com\/es\/","name":"Hospital CMQ","description":"Best Hospitals in Puerto Vallarta &amp; Riviera Nayarit","publisher":{"@id":"https:\/\/hospitalcmq.com\/es\/#organization"},"potentialAction":[{"@type":"SearchAction","target":{"@type":"EntryPoint","urlTemplate":"https:\/\/hospitalcmq.com\/es\/?s={search_term_string}"},"query-input":{"@type":"PropertyValueSpecification","valueRequired":true,"valueName":"search_term_string"}}],"inLanguage":"es"},{"@type":"Organization","@id":"https:\/\/hospitalcmq.com\/es\/#organization","name":"Hospital CMQ","url":"https:\/\/hospitalcmq.com\/es\/","logo":{"@type":"ImageObject","inLanguage":"es","@id":"https:\/\/hospitalcmq.com\/es\/#\/schema\/logo\/image\/","url":"https:\/\/hospitalcmq.com\/wp-content\/uploads\/2018\/06\/cmq-hospital-logo.png","contentUrl":"https:\/\/hospitalcmq.com\/wp-content\/uploads\/2018\/06\/cmq-hospital-logo.png","width":214,"height":189,"caption":"Hospital CMQ"},"image":{"@id":"https:\/\/hospitalcmq.com\/es\/#\/schema\/logo\/image\/"},"sameAs":["https:\/\/www.facebook.com\/HospitalCMQ"]}]}},"_links":{"self":[{"href":"https:\/\/hospitalcmq.com\/es\/wp-json\/wp\/v2\/pages\/4762","targetHints":{"allow":["GET"]}}],"collection":[{"href":"https:\/\/hospitalcmq.com\/es\/wp-json\/wp\/v2\/pages"}],"about":[{"href":"https:\/\/hospitalcmq.com\/es\/wp-json\/wp\/v2\/types\/page"}],"author":[{"embeddable":true,"href":"https:\/\/hospitalcmq.com\/es\/wp-json\/wp\/v2\/users\/2"}],"replies":[{"embeddable":true,"href":"https:\/\/hospitalcmq.com\/es\/wp-json\/wp\/v2\/comments?post=4762"}],"version-history":[{"count":0,"href":"https:\/\/hospitalcmq.com\/es\/wp-json\/wp\/v2\/pages\/4762\/revisions"}],"up":[{"embeddable":true,"href":"https:\/\/hospitalcmq.com\/es\/wp-json\/wp\/v2\/pages\/4171"}],"wp:featuredmedia":[{"embeddable":true,"href":"https:\/\/hospitalcmq.com\/es\/wp-json\/wp\/v2\/media\/2539"}],"wp:attachment":[{"href":"https:\/\/hospitalcmq.com\/es\/wp-json\/wp\/v2\/media?parent=4762"}],"curies":[{"name":"wp","href":"https:\/\/api.w.org\/{rel}","templated":true}]}}