{"id":4747,"date":"2019-02-18T13:41:21","date_gmt":"2019-02-18T19:41:21","guid":{"rendered":"https:\/\/hospitalcmq.com\/enfermedades-y-condiciones\/what-is-the-flu-ten-things-to-know\/"},"modified":"2024-08-26T11:36:16","modified_gmt":"2024-08-26T17:36:16","slug":"que-es-la-influenza","status":"publish","type":"page","link":"https:\/\/hospitalcmq.com\/es\/enfermedades-y-condiciones\/que-es-la-influenza\/","title":{"rendered":"\u00bfQu\u00e9 es la Influenza?"},"content":{"rendered":"<div class=\"wpb-content-wrapper\"><p>[vc_row el_id=\u00bbdefinition\u00bb][vc_column][vc_column_text]<span style=\"font-weight: 400;\">La influenza, tambi\u00e9n conocida como gripe, es una com\u00fan infecci\u00f3n viral que ataca las v\u00edas respiratorias superiores e inferiores. La gripe es causada por el Virus de la Influenza (Virus de la Influenza tipo A, B y C), es extremadamente contagiosa y se manifiesta repentinamente. Algunos de los s\u00edntomas son fiebre, tos, escalofr\u00edos, dolor de garganta, dolor corporal y una sensaci\u00f3n extrema de fatiga. Se dice que es una enfermedad estacional, por lo que la gente habla sobre la gripe cada a\u00f1o. Sin embargo, el Virus de la Influenza puede propagarse r\u00e1pidamente durante cualquier temporada del a\u00f1o, mediante el contacto e interacci\u00f3n con una persona afectada. <\/span>[\/vc_column_text][vc_empty_space height=\u00bb24px\u00bb][vc_single_image image=\u00bb4566&#8243; img_size=\u00bblarge\u00bb][vc_empty_space][vc_column_text]<span style=\"font-weight: 400;\">La mayor\u00eda de las personas que contraen gripe pueden recuperarse r\u00e1pidamente y sin presentar complicaciones en aproximadamente una o dos semanas. Sin embargo, esta afecci\u00f3n no debe tomarse a la ligera, en particular con lo ni\u00f1os peque\u00f1os y las personas de mayor edad. Algunas complicaciones relacionadas con la influenza pueden ser potencialmente mortales a estos grupos de edades si no se tratan con cuidado. A continuaci\u00f3n te presentamos algunos datos imprescindibles sobre la influenza. <\/span>[\/vc_column_text][vc_row_inner el_id=\u00bbwhat-is-the-difference-between-a-cold-and-the-flu\u00bb][vc_column_inner][vc_empty_space height=\u00bb28px\u00bb][vc_column_text]<\/p>\n<h3>\u00bfCu\u00e1l es la diferencia entre Influenza y un Resfriado Com\u00fan?<\/h3>\n<p><span style=\"font-weight: 400;\">A pesar de ser causados por virus distintos, la gripe y el resfriado com\u00fan son enfermedades respiratorias que presentan los mismos s\u00edntomas, por lo tanto, es complicado diferenciarlas entre s\u00ed. La siguiente tabla comparativa muestra algunas diferencias:<\/span>[\/vc_column_text][vc_empty_space][vc_column_text css=\u00bb.vc_custom_1551800014733{margin-right: 35px !important;margin-left: 35px !important;}\u00bb]<\/p>\n<div class=\"table-responsive\">\n<table class=\"table table-sm\">\n<thead>\n<tr>\n<th scope=\"col\"><\/th>\n<th scope=\"col\">Influenza<\/th>\n<th scope=\"col\">Resfriado com\u00fan<\/th>\n<\/tr>\n<\/thead>\n<tbody>\n<tr>\n<th scope=\"row\"><b>Gravedad:<\/b><\/th>\n<td><span style=\"font-weight: 400;\">Severa, con posibilidad de complicaciones<\/span><\/td>\n<td><span style=\"font-weight: 400;\">No presenta gravedad<\/span><\/td>\n<\/tr>\n<tr>\n<th scope=\"row\"><b>S\u00edntomas<\/b><\/th>\n<td><span style=\"font-weight: 400;\">Intensos<\/span><\/td>\n<td>Soportable<\/td>\n<\/tr>\n<tr>\n<th scope=\"row\"><b>Complicaciones<\/b><\/th>\n<td><span style=\"font-weight: 400;\">Neumon\u00eda, Infecci\u00f3n Bacteriana, Hospitalizaci\u00f3n<\/span><\/td>\n<td><span style=\"font-weight: 400;\">Baja Probabilidad de Complicaciones<\/span><\/td>\n<\/tr>\n<tr>\n<th scope=\"row\"><b>Nariz Suelta<\/b><\/th>\n<td><span style=\"font-weight: 400;\">Ocasional<\/span><\/td>\n<td>Habitual<\/td>\n<\/tr>\n<tr>\n<th scope=\"row\"><b>Dolor de Cabeza<\/b><\/th>\n<td>Com\u00fan<\/td>\n<td>Inusual<\/td>\n<\/tr>\n<tr>\n<th scope=\"row\"><b>Escalofr\u00edos<\/b><\/th>\n<td>Com\u00fan<\/td>\n<td>Inusual<\/td>\n<\/tr>\n<tr>\n<th scope=\"row\"><b>Fiebre<\/b><\/th>\n<td>Com\u00fan<\/td>\n<td><span style=\"font-weight: 400;\">Inusual en Adultos<\/span><\/td>\n<\/tr>\n<tr>\n<th scope=\"row\"><b>Presencia de S\u00edntomas<\/b><\/th>\n<td><span style=\"font-weight: 400;\">R\u00e1pido, en solo unas horas<\/span><\/td>\n<td><span style=\"font-weight: 400;\">Lento, en el transcurso de los d\u00edas<\/span><\/td>\n<\/tr>\n<tr>\n<th scope=\"row\">Tos<\/th>\n<td>Seca<\/td>\n<td>Con flemas<\/td>\n<\/tr>\n<\/tbody>\n<\/table>\n<\/div>\n<p>[\/vc_column_text][\/vc_column_inner][\/vc_row_inner][vc_empty_space][vc_row_inner el_id=\u00bbflu-season\u00bb][vc_column_inner][vc_column_text]<\/p>\n<h3>Temporada de Influenza<\/h3>\n<p><span style=\"font-weight: 400;\">La temporada de Influenza abarca de Octubre a Mayo. Bien, es obvio pensar que la temporada de gripe solo ataca en estaciones donde el clima est\u00e1 en sus niveles inferiores, como en invierno, es posible contraer esta enfermedad tambi\u00e9n al principio del oto\u00f1o y primavera. Durante estos periodos, el clima cambia drasticamente por lo que la recuperaci\u00f3n puede ser m\u00e1s tardada. La presencia de influenza aumenta durante los meses de Diciembre, Enero y Febrero.<\/span>[\/vc_column_text][\/vc_column_inner][\/vc_row_inner][vc_empty_space height=\u00bb50px\u00bb][vc_column_text]<\/p>\n<h3>Actividad de la Influenza<\/h3>\n<p><span style=\"font-weight: 400;\">N\u00famero de Hospitalizaciones confirmadas por Influenza, 2010-2017<\/span>[\/vc_column_text][vc_empty_space][vc_single_image image=\u00bb4677&#8243; img_size=\u00bblarge\u00bb alignment=\u00bbcenter\u00bb css=\u00bb.vc_custom_1598980680272{margin-top: 0px !important;margin-right: 40px !important;margin-bottom: 40px !important;margin-left: 40px !important;}\u00bb][vc_empty_space][vc_column_text]<\/p>\n<h6>Fuente: Centro para el Control y Prevenci\u00f3n de Enfermedades<\/h6>\n<p>[\/vc_column_text][vc_empty_space][vc_row_inner el_id=\u00bbflu-contagious\u00bb][vc_column_inner][vc_column_text]<\/p>\n<h3>\u00bfLa Influenza es contagiosa?<\/h3>\n<p><span style=\"font-weight: 400;\">S\u00ed, la influenza es altamente contagiosa, incluso antes de que los s\u00edntomas sean notorios. Esto sucede puesto que una persona afectada puede tener y propagar el virus antes de sentirse enfermo. De acuerdo al Centro para el Control y Prevenci\u00f3n de Enfermedades, CDC por sus siglas en ingl\u00e9s, se puede propagar el virus hasta un d\u00eda antes de que comiencen los s\u00edntomas. Se es m\u00e1s contagioso dentro de los primeros tres o cuatro d\u00edas despu\u00e9s de haber contra\u00eddo la enfermedad. Por lo tanto, para evitar contraer influenza, es importante evitar el contacto cercano con una persona infectada. <\/span><\/p>\n<p><span style=\"font-weight: 400;\">La gripe, influenza, se contagia de persona a persona por medio de peque\u00f1os residuos que se expulsan a trav\u00e9s de estornudos, tosidos o al hablar. Al ser expulsados fuera del cuerpo, estos residuos pueden alcanzar una distancia de hasta dos metros, aterrizando en la nariz o boca de personas que se encuentran cerca.<\/span>[\/vc_column_text][\/vc_column_inner][\/vc_row_inner][vc_empty_space][vc_row_inner el_id=\u00bbflu-symptoms\u00bb][vc_column_inner][vc_single_image image=\u00bb4571&#8243; img_size=\u00bblarge\u00bb css=\u00bb.vc_custom_1598980672909{margin-top: 10px !important;margin-right: 10px !important;margin-bottom: 10px !important;margin-left: 10px !important;}\u00bb][vc_empty_space][vc_column_text]<\/p>\n<h3>S\u00edntomas de la Influenza<\/h3>\n<p><span style=\"font-weight: 400;\">El inicio de los s\u00edntomas puede ocurrir r\u00e1pidamente y sin previo aviso. Es com\u00fan sentirse en excelentes condiciones un d\u00eda, y sentirse fatal al d\u00eda siguiente debido a la presencia del virus. En algunos casos, el inicio de los s\u00edntomas de la influenza ocurren tan pronto como un d\u00eda posterior de ser expuesto al virus. En otros casos, las personas infectadas no presentan s\u00edntomas hasta cuatro d\u00edas despu\u00e9s. <\/span><\/p>\n<p><span style=\"font-weight: 400;\">Algunos de los s\u00edntomas tempranos de influenza son: fiebre, dolor de garganta, escalofr\u00edos, tos seca, dolor de cuerpo y nariz suelta. <\/span>[\/vc_column_text][\/vc_column_inner][\/vc_row_inner][vc_empty_space][vc_row_inner el_id=\u00bbflu-shot\u00bb][vc_column_inner][vc_column_text]<\/p>\n<h3>Vacuna contra la Influenza<\/h3>\n<p><span style=\"font-weight: 400;\">\u00bfEs efectiva? \u00bfTiene efectos secundarios? La vacuna es completamente efectiva, no obstante, puede tardar hasta dos semanas en proveer la protecci\u00f3n que se necesita contra la influenza. Por consiguiente, vacunarse contra la influenza es una de las mejores medidas de protecci\u00f3n contra esta enfermedad. Para obtener la m\u00e1xima defensa, es importante que la vacuna se coloque antes de que comience la temporada de influenza. <\/span><\/p>\n<p><span style=\"font-weight: 400;\">Pero, \u00bfpor qu\u00e9 la vacuna contra la influenza es efectiva? La vacuna funciona porque ayuda a nuestro cuerpo a desarrollar anticuerpos especiales que combaten el virus de la influenza. Sin embargo, debemos tener en cuenta que la vacuna no act\u00faa de manera inmediata, y que en ocasiones puede tardar hasta dos semanas en ser efectiva. Adem\u00e1s, evitar la exposici\u00f3n y contacto con una persona infectada con el virus dentro de las dos semanas previas a la vacunaci\u00f3n, ya que en este tiempo el cuerpo es a\u00fan m\u00e1s propenso en adquirir el virus.<\/span><\/p>\n<p><span style=\"font-weight: 400;\">De acuerdo al Centro de Control y Prevenci\u00f3n de Enfermedades, la mejor \u00e9poca para ser vacunado contra la influenza es en Octubre. Aunque la vacuna es considerada segura, en menos del 5% de las personas que la adquieran van a experimentar ciertos efectos secundarios, por lo que es importante que se consideren. Los efectos secundarios de la vacuna contra la influenza son relativamente ligeros y desaparecen por su cuenta en un d\u00eda o dos. <\/span><\/p>\n<p><span style=\"font-weight: 400;\">Algunos de los efectos secundarios m\u00e1s comunes de la vacuna contra la influenza son:<\/span><\/p>\n<ul>\n<li style=\"font-weight: 400;\"><span style=\"font-weight: 400;\">Dolores de Cabeza<\/span><\/li>\n<li style=\"font-weight: 400;\"><span style=\"font-weight: 400;\">Fiebre<\/span><\/li>\n<li style=\"font-weight: 400;\"><span style=\"font-weight: 400;\">Dolor de Cuerpo<\/span><\/li>\n<li style=\"font-weight: 400;\"><span style=\"font-weight: 400;\">N\u00e1useas<\/span><\/li>\n<li style=\"font-weight: 400;\"><span style=\"font-weight: 400;\">Dolor e inflamaci\u00f3n en el lugar donde se coloc\u00f3 la vacuna<\/span><\/li>\n<\/ul>\n<p><span style=\"font-weight: 400;\">Es necesario que te vacunes contra la influenza cada a\u00f1o. Recuerda que el virus m\u00e1s com\u00fan de esta temporada, no ser\u00e1 el mismo que el a\u00f1o pr\u00f3ximo.Esto se debe a que, como cualquier otro virus, la influenza evoluciona y cambia cada a\u00f1o. Debido a esto, se requiere una nueva vacuna cada a\u00f1o. <\/span>[\/vc_column_text][\/vc_column_inner][\/vc_row_inner][vc_empty_space][vc_row_inner el_id=\u00bbflu-vaccine\u00bb][vc_column_inner][vc_column_text]<\/p>\n<h3>\u00bfSe puede contraer la Influenza por la vacuna?<\/h3>\n<p><span style=\"font-weight: 400;\">Una de las percepciones m\u00e1s err\u00f3neas acerca de la vacuna contra la influenza es que se puede contraer el virus si se coloca. Pero, \u00bfsab\u00edas que la misma vacuna contiene, en niveles m\u00ednimos el virus de la influenza, por lo tanto, no puede causar infecci\u00f3n? Por el contrario, la vacuna contra la influenza fomenta el desarrollo de anticuerpos que protegen al cuerpo de la gripe. <\/span><\/p>\n<p><span style=\"font-weight: 400;\">No obstante, es cierto que algunas personas experimentan s\u00edntomas de malestar posterior a la aplicaci\u00f3n de la vacuna; estos s\u00edntomas pueden incluir fiebre y dolores corporales que desaparecen dentro de uno o dos d\u00edas.<\/span>[\/vc_column_text][\/vc_column_inner][\/vc_row_inner][vc_empty_space][vc_row_inner el_id=\u00bbflu-severe-complications\u00bb][vc_column_inner][vc_column_text]<\/p>\n<h3>Complicaciones de la Influenza<\/h3>\n<p><span style=\"font-weight: 400;\">Si la gripe no se trata de manera oportuna y adecuada, puede causar graves complicaciones y hasta puede existir un riesgo de muerte. La vacuna contra la gripe es especialmente \u00fatil para evitar estas complicaciones. Las personas m\u00e1s propensas a experimentarlo son los adultos mayores a 65 a\u00f1os, los ni\u00f1os peque\u00f1os, mujeres embarazadas y personas con un sistema inmunitario d\u00e9bil. Ten en cuenta que cualquier persona puede desarrollar complicaciones graves a causa de la influenza, si no es tratada correctamente. \u00a0<\/span><\/p>\n<p><span style=\"font-weight: 400;\">En ocasiones, las complicaciones de la influenza pueden conducir a enfermedades secundarias como infecci\u00f3n de o\u00eddo y sinusitis. Cuando estas infecciones no se tratan a tiempo pueden provocar afecciones graves como neumon\u00eda y sepsis, que da\u00f1an gravemente al cuerpo. La influenza tambi\u00e9n reactiva enfermedades cr\u00f3nicas como el asma, la diabetes y la insuficiencia card\u00edaca. <\/span>[\/vc_column_text][\/vc_column_inner][\/vc_row_inner][vc_empty_space][vc_row_inner el_id=\u00bbinfluenza-virus\u00bb][vc_column_inner][vc_column_text]<\/p>\n<h3>Tipos de Influenza<\/h3>\n<p><span style=\"font-weight: 400;\">Existen tres tipos del virus de la influenza: A, B y C. El virus influenza tipo A incluye tres subtipos: H1N1, H2N2 y H3N3. Los virus tipo A y B han sido los causantes de epidemias graves, que se esparcen, sobre todo, en las temporadas de invierno. Por otra parte, el virus de influenza tipo C, causa infecciones respiratorias no tan contagiosas ni peligrosas como los otros dos anteriores. \u00a0<\/span><\/p>\n<h4>Datos importantes sobre el virus H1N1, tambi\u00e9n conocido como gripe porcina<\/h4>\n<p><span style=\"font-weight: 400;\">El virus de influenza H1N1 no es lo mismo que una gripe com\u00fan. La infecci\u00f3n viral H1N1 fue descubierta por un grupo de cient\u00edficos en el a\u00f1o 2009. H1N1 no es un s\u00f3lo virus, sino una combinaci\u00f3n de virus humanos, porcinos y aviares. La epidemia causada por el virus de influenza H1N1 en el a\u00f1o 2009 fue tan grave, y afect\u00f3 a tantas personas en todo el mundo, que la Organizaci\u00f3n Mundial de la Salud (OMS) declar\u00f3 una pandemia mundial. La vacuna contra la influenza, es el m\u00e9todo m\u00e1s eficaz para una \u00f3ptima protecci\u00f3n contra el virus de influenza H1N1. <\/span><\/p>\n<p><span style=\"font-weight: 400;\">Recuerda que el mejor m\u00e9todo para vencer al enemigo es conoci\u00e9ndolo. Habla con tu m\u00e9dico si tienes dudas al respecto, y agenda una consulta si comienzas a presentar algunos s\u00edntomas. No te automediques, y recuerda que, cuanto m\u00e1s informaci\u00f3n tengas acerca de la influenza, ser\u00e1 m\u00e1s f\u00e1cil protegerte. <\/span>[\/vc_column_text][\/vc_column_inner][\/vc_row_inner][\/vc_column][\/vc_row]<\/p>\n<\/div>","protected":false},"excerpt":{"rendered":"<p>La influenza es una enfermedad respiratoria contagiosa causada por virus que afectan la nariz, garganta y pulmones. Sus s\u00edntomas incluyen fiebre, tos y dolor muscular. Prevenirla es posible mediante la vacunaci\u00f3n anual, lavado frecuente de manos, y evitando el contacto cercano con personas infectadas. No dejes que un com\u00fan resfriado estacional se convierta en una severa enfermedad. <\/p>\n","protected":false},"author":1,"featured_media":4566,"parent":3938,"menu_order":0,"comment_status":"closed","ping_status":"closed","template":"","meta":{"footnotes":""},"class_list":["post-4747","page","type-page","status-publish","has-post-thumbnail","hentry"],"acf":[],"yoast_head":"<!-- This site is optimized with the Yoast SEO plugin v27.4 - https:\/\/yoast.com\/product\/yoast-seo-wordpress\/ -->\n<title>Influenza: \u00bfQu\u00e9 es? \u00bfS\u00edntomas? \u00bfC\u00f3mo prevenirla?<\/title>\n<meta name=\"description\" content=\"Descubre todo sobre la influenza: s\u00edntomas, formas de prevenci\u00f3n, y tratamientos para mantenerte protegido durante la temporada de gripe.\" \/>\n<meta name=\"robots\" content=\"index, follow, max-snippet:-1, max-image-preview:large, max-video-preview:-1\" \/>\n<link rel=\"canonical\" href=\"https:\/\/hospitalcmq.com\/es\/enfermedades-y-condiciones\/que-es-la-influenza\/\" \/>\n<meta property=\"og:locale\" content=\"es_ES\" \/>\n<meta property=\"og:type\" content=\"article\" \/>\n<meta property=\"og:title\" content=\"Influenza: \u00bfQu\u00e9 es? \u00bfS\u00edntomas? \u00bfC\u00f3mo prevenirla?\" \/>\n<meta property=\"og:description\" content=\"Descubre todo sobre la influenza: s\u00edntomas, formas de prevenci\u00f3n, y tratamientos para mantenerte protegido durante la temporada de gripe.\" \/>\n<meta property=\"og:url\" content=\"https:\/\/hospitalcmq.com\/es\/enfermedades-y-condiciones\/que-es-la-influenza\/\" \/>\n<meta property=\"og:site_name\" content=\"Hospital CMQ\" \/>\n<meta property=\"article:publisher\" content=\"https:\/\/www.facebook.com\/HospitalCMQ\" \/>\n<meta property=\"article:modified_time\" content=\"2024-08-26T17:36:16+00:00\" \/>\n<meta property=\"og:image\" content=\"https:\/\/hospitalcmq.com\/wp-content\/uploads\/2019\/02\/H1N1.jpg\" \/>\n\t<meta property=\"og:image:width\" content=\"1648\" \/>\n\t<meta property=\"og:image:height\" content=\"874\" \/>\n\t<meta property=\"og:image:type\" content=\"image\/jpeg\" \/>\n<meta name=\"twitter:card\" content=\"summary_large_image\" \/>\n<meta name=\"twitter:label1\" content=\"Tiempo de lectura\" \/>\n\t<meta name=\"twitter:data1\" content=\"8 minutos\" \/>\n<script type=\"application\/ld+json\" class=\"yoast-schema-graph\">{\"@context\":\"https:\\\/\\\/schema.org\",\"@graph\":[{\"@type\":\"WebPage\",\"@id\":\"https:\\\/\\\/hospitalcmq.com\\\/es\\\/enfermedades-y-condiciones\\\/que-es-la-influenza\\\/\",\"url\":\"https:\\\/\\\/hospitalcmq.com\\\/es\\\/enfermedades-y-condiciones\\\/que-es-la-influenza\\\/\",\"name\":\"Influenza: \u00bfQu\u00e9 es? \u00bfS\u00edntomas? \u00bfC\u00f3mo prevenirla?\",\"isPartOf\":{\"@id\":\"https:\\\/\\\/hospitalcmq.com\\\/es\\\/#website\"},\"primaryImageOfPage\":{\"@id\":\"https:\\\/\\\/hospitalcmq.com\\\/es\\\/enfermedades-y-condiciones\\\/que-es-la-influenza\\\/#primaryimage\"},\"image\":{\"@id\":\"https:\\\/\\\/hospitalcmq.com\\\/es\\\/enfermedades-y-condiciones\\\/que-es-la-influenza\\\/#primaryimage\"},\"thumbnailUrl\":\"https:\\\/\\\/hospitalcmq.com\\\/wp-content\\\/uploads\\\/2019\\\/02\\\/H1N1.jpg\",\"datePublished\":\"2019-02-18T19:41:21+00:00\",\"dateModified\":\"2024-08-26T17:36:16+00:00\",\"description\":\"Descubre todo sobre la influenza: s\u00edntomas, formas de prevenci\u00f3n, y tratamientos para mantenerte protegido durante la temporada de gripe.\",\"breadcrumb\":{\"@id\":\"https:\\\/\\\/hospitalcmq.com\\\/es\\\/enfermedades-y-condiciones\\\/que-es-la-influenza\\\/#breadcrumb\"},\"inLanguage\":\"es\",\"potentialAction\":[{\"@type\":\"ReadAction\",\"target\":[\"https:\\\/\\\/hospitalcmq.com\\\/es\\\/enfermedades-y-condiciones\\\/que-es-la-influenza\\\/\"]}]},{\"@type\":\"ImageObject\",\"inLanguage\":\"es\",\"@id\":\"https:\\\/\\\/hospitalcmq.com\\\/es\\\/enfermedades-y-condiciones\\\/que-es-la-influenza\\\/#primaryimage\",\"url\":\"https:\\\/\\\/hospitalcmq.com\\\/wp-content\\\/uploads\\\/2019\\\/02\\\/H1N1.jpg\",\"contentUrl\":\"https:\\\/\\\/hospitalcmq.com\\\/wp-content\\\/uploads\\\/2019\\\/02\\\/H1N1.jpg\",\"width\":1648,\"height\":874,\"caption\":\"what is the flu\"},{\"@type\":\"BreadcrumbList\",\"@id\":\"https:\\\/\\\/hospitalcmq.com\\\/es\\\/enfermedades-y-condiciones\\\/que-es-la-influenza\\\/#breadcrumb\",\"itemListElement\":[{\"@type\":\"ListItem\",\"position\":1,\"name\":\"Home\",\"item\":\"https:\\\/\\\/hospitalcmq.com\\\/es\\\/\"},{\"@type\":\"ListItem\",\"position\":2,\"name\":\"Enfermedades y Condiciones\",\"item\":\"https:\\\/\\\/hospitalcmq.com\\\/es\\\/enfermedades-y-condiciones\\\/\"},{\"@type\":\"ListItem\",\"position\":3,\"name\":\"\u00bfQu\u00e9 es la Influenza?\"}]},{\"@type\":\"WebSite\",\"@id\":\"https:\\\/\\\/hospitalcmq.com\\\/es\\\/#website\",\"url\":\"https:\\\/\\\/hospitalcmq.com\\\/es\\\/\",\"name\":\"Hospital CMQ\",\"description\":\"Best Hospitals in Puerto Vallarta &amp; Riviera Nayarit\",\"publisher\":{\"@id\":\"https:\\\/\\\/hospitalcmq.com\\\/es\\\/#organization\"},\"potentialAction\":[{\"@type\":\"SearchAction\",\"target\":{\"@type\":\"EntryPoint\",\"urlTemplate\":\"https:\\\/\\\/hospitalcmq.com\\\/es\\\/?s={search_term_string}\"},\"query-input\":{\"@type\":\"PropertyValueSpecification\",\"valueRequired\":true,\"valueName\":\"search_term_string\"}}],\"inLanguage\":\"es\"},{\"@type\":\"Organization\",\"@id\":\"https:\\\/\\\/hospitalcmq.com\\\/es\\\/#organization\",\"name\":\"Hospital CMQ\",\"url\":\"https:\\\/\\\/hospitalcmq.com\\\/es\\\/\",\"logo\":{\"@type\":\"ImageObject\",\"inLanguage\":\"es\",\"@id\":\"https:\\\/\\\/hospitalcmq.com\\\/es\\\/#\\\/schema\\\/logo\\\/image\\\/\",\"url\":\"https:\\\/\\\/hospitalcmq.com\\\/wp-content\\\/uploads\\\/2018\\\/06\\\/cmq-hospital-logo.png\",\"contentUrl\":\"https:\\\/\\\/hospitalcmq.com\\\/wp-content\\\/uploads\\\/2018\\\/06\\\/cmq-hospital-logo.png\",\"width\":214,\"height\":189,\"caption\":\"Hospital CMQ\"},\"image\":{\"@id\":\"https:\\\/\\\/hospitalcmq.com\\\/es\\\/#\\\/schema\\\/logo\\\/image\\\/\"},\"sameAs\":[\"https:\\\/\\\/www.facebook.com\\\/HospitalCMQ\"]}]}<\/script>\n<!-- \/ Yoast SEO plugin. -->","yoast_head_json":{"title":"Influenza: \u00bfQu\u00e9 es? \u00bfS\u00edntomas? \u00bfC\u00f3mo prevenirla?","description":"Descubre todo sobre la influenza: s\u00edntomas, formas de prevenci\u00f3n, y tratamientos para mantenerte protegido durante la temporada de gripe.","robots":{"index":"index","follow":"follow","max-snippet":"max-snippet:-1","max-image-preview":"max-image-preview:large","max-video-preview":"max-video-preview:-1"},"canonical":"https:\/\/hospitalcmq.com\/es\/enfermedades-y-condiciones\/que-es-la-influenza\/","og_locale":"es_ES","og_type":"article","og_title":"Influenza: \u00bfQu\u00e9 es? \u00bfS\u00edntomas? \u00bfC\u00f3mo prevenirla?","og_description":"Descubre todo sobre la influenza: s\u00edntomas, formas de prevenci\u00f3n, y tratamientos para mantenerte protegido durante la temporada de gripe.","og_url":"https:\/\/hospitalcmq.com\/es\/enfermedades-y-condiciones\/que-es-la-influenza\/","og_site_name":"Hospital CMQ","article_publisher":"https:\/\/www.facebook.com\/HospitalCMQ","article_modified_time":"2024-08-26T17:36:16+00:00","og_image":[{"width":1648,"height":874,"url":"https:\/\/hospitalcmq.com\/wp-content\/uploads\/2019\/02\/H1N1.jpg","type":"image\/jpeg"}],"twitter_card":"summary_large_image","twitter_misc":{"Tiempo de lectura":"8 minutos"},"schema":{"@context":"https:\/\/schema.org","@graph":[{"@type":"WebPage","@id":"https:\/\/hospitalcmq.com\/es\/enfermedades-y-condiciones\/que-es-la-influenza\/","url":"https:\/\/hospitalcmq.com\/es\/enfermedades-y-condiciones\/que-es-la-influenza\/","name":"Influenza: \u00bfQu\u00e9 es? \u00bfS\u00edntomas? \u00bfC\u00f3mo prevenirla?","isPartOf":{"@id":"https:\/\/hospitalcmq.com\/es\/#website"},"primaryImageOfPage":{"@id":"https:\/\/hospitalcmq.com\/es\/enfermedades-y-condiciones\/que-es-la-influenza\/#primaryimage"},"image":{"@id":"https:\/\/hospitalcmq.com\/es\/enfermedades-y-condiciones\/que-es-la-influenza\/#primaryimage"},"thumbnailUrl":"https:\/\/hospitalcmq.com\/wp-content\/uploads\/2019\/02\/H1N1.jpg","datePublished":"2019-02-18T19:41:21+00:00","dateModified":"2024-08-26T17:36:16+00:00","description":"Descubre todo sobre la influenza: s\u00edntomas, formas de prevenci\u00f3n, y tratamientos para mantenerte protegido durante la temporada de gripe.","breadcrumb":{"@id":"https:\/\/hospitalcmq.com\/es\/enfermedades-y-condiciones\/que-es-la-influenza\/#breadcrumb"},"inLanguage":"es","potentialAction":[{"@type":"ReadAction","target":["https:\/\/hospitalcmq.com\/es\/enfermedades-y-condiciones\/que-es-la-influenza\/"]}]},{"@type":"ImageObject","inLanguage":"es","@id":"https:\/\/hospitalcmq.com\/es\/enfermedades-y-condiciones\/que-es-la-influenza\/#primaryimage","url":"https:\/\/hospitalcmq.com\/wp-content\/uploads\/2019\/02\/H1N1.jpg","contentUrl":"https:\/\/hospitalcmq.com\/wp-content\/uploads\/2019\/02\/H1N1.jpg","width":1648,"height":874,"caption":"what is the flu"},{"@type":"BreadcrumbList","@id":"https:\/\/hospitalcmq.com\/es\/enfermedades-y-condiciones\/que-es-la-influenza\/#breadcrumb","itemListElement":[{"@type":"ListItem","position":1,"name":"Home","item":"https:\/\/hospitalcmq.com\/es\/"},{"@type":"ListItem","position":2,"name":"Enfermedades y Condiciones","item":"https:\/\/hospitalcmq.com\/es\/enfermedades-y-condiciones\/"},{"@type":"ListItem","position":3,"name":"\u00bfQu\u00e9 es la Influenza?"}]},{"@type":"WebSite","@id":"https:\/\/hospitalcmq.com\/es\/#website","url":"https:\/\/hospitalcmq.com\/es\/","name":"Hospital CMQ","description":"Best Hospitals in Puerto Vallarta &amp; Riviera Nayarit","publisher":{"@id":"https:\/\/hospitalcmq.com\/es\/#organization"},"potentialAction":[{"@type":"SearchAction","target":{"@type":"EntryPoint","urlTemplate":"https:\/\/hospitalcmq.com\/es\/?s={search_term_string}"},"query-input":{"@type":"PropertyValueSpecification","valueRequired":true,"valueName":"search_term_string"}}],"inLanguage":"es"},{"@type":"Organization","@id":"https:\/\/hospitalcmq.com\/es\/#organization","name":"Hospital CMQ","url":"https:\/\/hospitalcmq.com\/es\/","logo":{"@type":"ImageObject","inLanguage":"es","@id":"https:\/\/hospitalcmq.com\/es\/#\/schema\/logo\/image\/","url":"https:\/\/hospitalcmq.com\/wp-content\/uploads\/2018\/06\/cmq-hospital-logo.png","contentUrl":"https:\/\/hospitalcmq.com\/wp-content\/uploads\/2018\/06\/cmq-hospital-logo.png","width":214,"height":189,"caption":"Hospital CMQ"},"image":{"@id":"https:\/\/hospitalcmq.com\/es\/#\/schema\/logo\/image\/"},"sameAs":["https:\/\/www.facebook.com\/HospitalCMQ"]}]}},"_links":{"self":[{"href":"https:\/\/hospitalcmq.com\/es\/wp-json\/wp\/v2\/pages\/4747","targetHints":{"allow":["GET"]}}],"collection":[{"href":"https:\/\/hospitalcmq.com\/es\/wp-json\/wp\/v2\/pages"}],"about":[{"href":"https:\/\/hospitalcmq.com\/es\/wp-json\/wp\/v2\/types\/page"}],"author":[{"embeddable":true,"href":"https:\/\/hospitalcmq.com\/es\/wp-json\/wp\/v2\/users\/1"}],"replies":[{"embeddable":true,"href":"https:\/\/hospitalcmq.com\/es\/wp-json\/wp\/v2\/comments?post=4747"}],"version-history":[{"count":0,"href":"https:\/\/hospitalcmq.com\/es\/wp-json\/wp\/v2\/pages\/4747\/revisions"}],"up":[{"embeddable":true,"href":"https:\/\/hospitalcmq.com\/es\/wp-json\/wp\/v2\/pages\/3938"}],"wp:featuredmedia":[{"embeddable":true,"href":"https:\/\/hospitalcmq.com\/es\/wp-json\/wp\/v2\/media\/4566"}],"wp:attachment":[{"href":"https:\/\/hospitalcmq.com\/es\/wp-json\/wp\/v2\/media?parent=4747"}],"curies":[{"name":"wp","href":"https:\/\/api.w.org\/{rel}","templated":true}]}}