{"id":4575,"date":"2017-08-17T21:44:04","date_gmt":"2017-08-17T21:44:04","guid":{"rendered":"https:\/\/hospitalcmq.com\/enfermedades-y-condiciones\/zika-virus\/"},"modified":"2023-11-01T10:27:39","modified_gmt":"2023-11-01T16:27:39","slug":"virus-del-zika","status":"publish","type":"page","link":"https:\/\/hospitalcmq.com\/es\/enfermedades-y-condiciones\/virus-del-zika\/","title":{"rendered":"Virus del Zika"},"content":{"rendered":"<div class=\"wpb-content-wrapper\"><p>[vc_row][vc_column][vc_column_text el_id=\u00bbdefinition\u00bb]<\/p>\n<div id=\"attachment_365\" style=\"width: 480px\" class=\"wp-caption alignright\"><img loading=\"lazy\" decoding=\"async\" aria-describedby=\"caption-attachment-365\" class=\"wp-image-1301 size-full\" src=\"https:\/\/hospitalcmq.com\/wp-content\/uploads\/2017\/08\/zika.jpg\" alt=\"Image of Zika Virus, bah\u00eda de banderas, Mexico\" width=\"470\" height=\"260\" \/><p id=\"caption-attachment-365\" class=\"wp-caption-text\">Imagen del virus de Zika, Puerto Vallarta, Mexico<\/p><\/div>\n<h2>\u00bfQu\u00e9 es?<\/h2>\n<p><span style=\"font-weight: 400;\">La infecci\u00f3n de Zika es una enfermedad causada por un virus transmitido principalmente por un vector: Mosquitos de la familia <\/span><i><span style=\"font-weight: 400;\">Aedes aegypti<\/span><\/i><span style=\"font-weight: 400;\">. Estos generalmente viven dentro de casas y alrededores. Suelen picar generalmente durante el d\u00eda y se reproducen en agua estancada. <\/span>[\/vc_column_text][vc_row_inner el_id=\u00bbsymptoms\u00bb][vc_column_inner][vc_column_text]<\/p>\n<h2>S\u00edntomas del Virus del Zika<\/h2>\n<p><span style=\"font-weight: 400;\">Se estima que una de cada cuatro personas no desarrollar\u00e1 s\u00edntomas. Pero, para quienes s\u00ed son afectados, el virus es usualmente leve y no generar\u00e1 un da\u00f1o de gravedad. Sin embargo, el mayor riesgo lo presentan las mujeres embarazadas que se encuentran dentro de los primeros tres meses de gestaci\u00f3n. Si estas llegan a contraer la infecci\u00f3n, la formaci\u00f3n del sistema nervioso del beb\u00e9 puede verse comprometida, teniendo como consecuencia un desarrollo insuficiente del cr\u00e1neo, mejor conocido como <\/span><i><span style=\"font-weight: 400;\">microcefalia<\/span><\/i><span style=\"font-weight: 400;\">. <\/span><\/p>\n<p><span style=\"font-weight: 400;\">El periodo de tiempo entre la picadura del mosquito y el inicio de los s\u00edntomas estimado es de 3 a 12 d\u00edas. Comienza con m\u00ednima fiebre, &gt;37.2, sarpullido que inicia en el rostro y se extiende al resto del cuerpo, dolor de cabeza, malestar en general, dolor en las articulaciones o m\u00fasculos, y enrojecimiento de los ojos o conjuntivitis. Estos s\u00edntomas pueden durar de 2 a 7 d\u00edas. <\/span>[\/vc_column_text][vc_empty_space height=\u00bb28px\u00bb][vc_column_text]<\/p>\n<h2>Tratamiento<\/h2>\n<p><span style=\"font-weight: 400;\">Hasta la fecha no existe un tratamiento para la infecci\u00f3n provocada por el virus del Zika. Como los s\u00edntomas suelen ser manejables, los pacientes deben de estar en reposo, beber suficientes l\u00edquidos y tomar medicamentos para el dolor y la fiebre. Si los s\u00edntomas empeoran, o no desaparecen despu\u00e9s del tiempo indicado, se debe consultar al m\u00e9dico. <\/span>[\/vc_column_text][vc_empty_space height=\u00bb28px\u00bb][\/vc_column_inner][\/vc_row_inner][vc_row_inner el_id=\u00bbprevention\u00bb][vc_column_inner][vc_column_text]<\/p>\n<h2>Prevenci\u00f3n<\/h2>\n<p><span style=\"font-weight: 400;\">Es posible prevenir la infecci\u00f3n por virus del zika, evitando la reproducci\u00f3n del vector y la exposici\u00f3n a \u00e9ste. Sigue nuestras siguientes recomendaciones:<\/span><\/p>\n<ul>\n<li style=\"font-weight: 400;\"><span style=\"font-weight: 400;\">Reduce el h\u00e1bitat del mosquito.<\/span><\/li>\n<li style=\"font-weight: 400;\"><span style=\"font-weight: 400;\">Cubrir la piel expuesta con camisas de manga larga, pantalones y sombreros.<\/span><\/li>\n<li style=\"font-weight: 400;\"><span style=\"font-weight: 400;\">Usar repelente como se indica y re-aplicar como se sugiere.<\/span><\/li>\n<li style=\"font-weight: 400;\"><span style=\"font-weight: 400;\">Dormir en lugares que est\u00e9n protegidos con mosquiteros.<\/span><\/li>\n<li style=\"font-weight: 400;\"><span style=\"font-weight: 400;\">Evitar lugares afectados de mosquitos.<\/span><\/li>\n<li style=\"font-weight: 400;\"><span style=\"font-weight: 400;\">Consultar al m\u00e9dico si se presenta fiebre luego de regresar.<\/span><\/li>\n<\/ul>\n<p>[\/vc_column_text][vc_empty_space height=\u00bb28px\u00bb][vc_column_text]<\/p>\n<h2>\u00bf El Virus del Zika se puede transmitir mediante transfusiones de sangre?<\/h2>\n<p><span style=\"font-weight: 400;\">Como la mayor\u00eda de los portadores del virus del zika desconocen la infecci\u00f3n, los donantes pueden no saber que est\u00e1n infectados. Por tal motivo, todas las donaciones de sangre se deben analizar para detectar la presencia del virus. <\/span><\/p>\n<p><span style=\"font-weight: 400;\">Para reducir a\u00fan m\u00e1s el riesgo de transmitir el virus zika mediante transfusiones se recomienda no donar sangre durante cuatro semanas si re\u00fanes algunas de estas caracter\u00edsticas o todas:<\/span><\/p>\n<ul>\n<li style=\"font-weight: 400;\"><span style=\"font-weight: 400;\">Tienes antecedentes de infecci\u00f3n por el virus zika.<\/span><\/li>\n<li style=\"font-weight: 400;\"><span style=\"font-weight: 400;\">Has viajado o vivido en una zona con transmisi\u00f3n activa del virus zika.<\/span><\/li>\n<li style=\"font-weight: 400;\"><span style=\"font-weight: 400;\">Tienes s\u00edntomas que podr\u00edan indicar una infecci\u00f3n por el virus zika en el t\u00e9rmino de dos semanas despu\u00e9s de un viaje desde una zona con virus zika.<\/span><\/li>\n<li style=\"font-weight: 400;\"><span style=\"font-weight: 400;\">Tienes contacto sexual con una pareja de sexo masculino que ha recibido un diagn\u00f3stico de infecci\u00f3n por el virus zika.<\/span><\/li>\n<li style=\"font-weight: 400;\"><span style=\"font-weight: 400;\">Has tenido contacto sexual con una pareja de sexo masculino que ha viajado o vivido en una zona con transmisi\u00f3n activa del virus Zika en los \u00faltimos tres meses.<\/span><\/li>\n<\/ul>\n<p>[\/vc_column_text][\/vc_column_inner][\/vc_row_inner][\/vc_column][\/vc_row]<\/p>\n<\/div>","protected":false},"excerpt":{"rendered":"<p>El virus del zika es una infecci\u00f3n transmitida mediante la picadura de un mosquito que, generalmente, puede estar viviendo en tu propia casa. Una de cada cuatro personas no desarrollar\u00e1 s\u00edntomas, pero quienes s\u00ed lo hacen presentan un gran riesgo, en especial ni\u00f1os, ancianos y mujeres embarazadas. Aqu\u00ed, te brindamos informaci\u00f3n importante sobre c\u00f3mo disminuir tu exposici\u00f3n al mosquito del zika y qu\u00e9 hacer para tratar los s\u00edntomas.<\/p>\n","protected":false},"author":1,"featured_media":0,"parent":3938,"menu_order":0,"comment_status":"closed","ping_status":"closed","template":"","meta":{"footnotes":""},"class_list":["post-4575","page","type-page","status-publish","hentry"],"acf":[],"yoast_head":"<!-- This site is optimized with the Yoast SEO plugin v27.3 - https:\/\/yoast.com\/product\/yoast-seo-wordpress\/ -->\n<title>Virus del Zika : s\u00edntomas, prevenci\u00f3n y c\u00f3mo evitarlo<\/title>\n<meta name=\"description\" content=\"El virus del Zika es una enfermedad que se transmite por mosquitos infectados de zika. Conoce sobre el virus del Zika en M\u00e9xico: prevenci\u00f3n y s\u00edntomas.\" \/>\n<meta name=\"robots\" content=\"index, follow, max-snippet:-1, max-image-preview:large, max-video-preview:-1\" \/>\n<link rel=\"canonical\" href=\"https:\/\/hospitalcmq.com\/es\/enfermedades-y-condiciones\/virus-del-zika\/\" \/>\n<meta property=\"og:locale\" content=\"es_ES\" \/>\n<meta property=\"og:type\" content=\"article\" \/>\n<meta property=\"og:title\" content=\"Virus del Zika : s\u00edntomas, prevenci\u00f3n y c\u00f3mo evitarlo\" \/>\n<meta property=\"og:description\" content=\"El virus del Zika es una enfermedad que se transmite por mosquitos infectados de zika. Conoce sobre el virus del Zika en M\u00e9xico: prevenci\u00f3n y s\u00edntomas.\" \/>\n<meta property=\"og:url\" content=\"https:\/\/hospitalcmq.com\/es\/enfermedades-y-condiciones\/virus-del-zika\/\" \/>\n<meta property=\"og:site_name\" content=\"Hospital CMQ\" \/>\n<meta property=\"article:publisher\" content=\"https:\/\/www.facebook.com\/HospitalCMQ\" \/>\n<meta property=\"article:modified_time\" content=\"2023-11-01T16:27:39+00:00\" \/>\n<meta property=\"og:image\" content=\"https:\/\/hospitalcmq.com\/wp-content\/uploads\/2017\/08\/zika.jpg\" \/>\n<meta name=\"twitter:card\" content=\"summary_large_image\" \/>\n<meta name=\"twitter:label1\" content=\"Tiempo de lectura\" \/>\n\t<meta name=\"twitter:data1\" content=\"3 minutos\" \/>\n<script type=\"application\/ld+json\" class=\"yoast-schema-graph\">{\"@context\":\"https:\\\/\\\/schema.org\",\"@graph\":[{\"@type\":\"WebPage\",\"@id\":\"https:\\\/\\\/hospitalcmq.com\\\/es\\\/enfermedades-y-condiciones\\\/virus-del-zika\\\/\",\"url\":\"https:\\\/\\\/hospitalcmq.com\\\/es\\\/enfermedades-y-condiciones\\\/virus-del-zika\\\/\",\"name\":\"Virus del Zika : s\u00edntomas, prevenci\u00f3n y c\u00f3mo evitarlo\",\"isPartOf\":{\"@id\":\"https:\\\/\\\/hospitalcmq.com\\\/es\\\/#website\"},\"primaryImageOfPage\":{\"@id\":\"https:\\\/\\\/hospitalcmq.com\\\/es\\\/enfermedades-y-condiciones\\\/virus-del-zika\\\/#primaryimage\"},\"image\":{\"@id\":\"https:\\\/\\\/hospitalcmq.com\\\/es\\\/enfermedades-y-condiciones\\\/virus-del-zika\\\/#primaryimage\"},\"thumbnailUrl\":\"https:\\\/\\\/hospitalcmq.com\\\/wp-content\\\/uploads\\\/2017\\\/08\\\/zika.jpg\",\"datePublished\":\"2017-08-17T21:44:04+00:00\",\"dateModified\":\"2023-11-01T16:27:39+00:00\",\"description\":\"El virus del Zika es una enfermedad que se transmite por mosquitos infectados de zika. Conoce sobre el virus del Zika en M\u00e9xico: prevenci\u00f3n y s\u00edntomas.\",\"breadcrumb\":{\"@id\":\"https:\\\/\\\/hospitalcmq.com\\\/es\\\/enfermedades-y-condiciones\\\/virus-del-zika\\\/#breadcrumb\"},\"inLanguage\":\"es\",\"potentialAction\":[{\"@type\":\"ReadAction\",\"target\":[\"https:\\\/\\\/hospitalcmq.com\\\/es\\\/enfermedades-y-condiciones\\\/virus-del-zika\\\/\"]}]},{\"@type\":\"ImageObject\",\"inLanguage\":\"es\",\"@id\":\"https:\\\/\\\/hospitalcmq.com\\\/es\\\/enfermedades-y-condiciones\\\/virus-del-zika\\\/#primaryimage\",\"url\":\"https:\\\/\\\/hospitalcmq.com\\\/wp-content\\\/uploads\\\/2017\\\/08\\\/zika.jpg\",\"contentUrl\":\"https:\\\/\\\/hospitalcmq.com\\\/wp-content\\\/uploads\\\/2017\\\/08\\\/zika.jpg\"},{\"@type\":\"BreadcrumbList\",\"@id\":\"https:\\\/\\\/hospitalcmq.com\\\/es\\\/enfermedades-y-condiciones\\\/virus-del-zika\\\/#breadcrumb\",\"itemListElement\":[{\"@type\":\"ListItem\",\"position\":1,\"name\":\"Home\",\"item\":\"https:\\\/\\\/hospitalcmq.com\\\/es\\\/\"},{\"@type\":\"ListItem\",\"position\":2,\"name\":\"Enfermedades y Condiciones\",\"item\":\"https:\\\/\\\/hospitalcmq.com\\\/es\\\/enfermedades-y-condiciones\\\/\"},{\"@type\":\"ListItem\",\"position\":3,\"name\":\"Virus del Zika\"}]},{\"@type\":\"WebSite\",\"@id\":\"https:\\\/\\\/hospitalcmq.com\\\/es\\\/#website\",\"url\":\"https:\\\/\\\/hospitalcmq.com\\\/es\\\/\",\"name\":\"Hospital CMQ\",\"description\":\"Best Hospitals in Puerto Vallarta &amp; Riviera Nayarit\",\"publisher\":{\"@id\":\"https:\\\/\\\/hospitalcmq.com\\\/es\\\/#organization\"},\"potentialAction\":[{\"@type\":\"SearchAction\",\"target\":{\"@type\":\"EntryPoint\",\"urlTemplate\":\"https:\\\/\\\/hospitalcmq.com\\\/es\\\/?s={search_term_string}\"},\"query-input\":{\"@type\":\"PropertyValueSpecification\",\"valueRequired\":true,\"valueName\":\"search_term_string\"}}],\"inLanguage\":\"es\"},{\"@type\":\"Organization\",\"@id\":\"https:\\\/\\\/hospitalcmq.com\\\/es\\\/#organization\",\"name\":\"Hospital CMQ\",\"url\":\"https:\\\/\\\/hospitalcmq.com\\\/es\\\/\",\"logo\":{\"@type\":\"ImageObject\",\"inLanguage\":\"es\",\"@id\":\"https:\\\/\\\/hospitalcmq.com\\\/es\\\/#\\\/schema\\\/logo\\\/image\\\/\",\"url\":\"https:\\\/\\\/hospitalcmq.com\\\/wp-content\\\/uploads\\\/2018\\\/06\\\/cmq-hospital-logo.png\",\"contentUrl\":\"https:\\\/\\\/hospitalcmq.com\\\/wp-content\\\/uploads\\\/2018\\\/06\\\/cmq-hospital-logo.png\",\"width\":214,\"height\":189,\"caption\":\"Hospital CMQ\"},\"image\":{\"@id\":\"https:\\\/\\\/hospitalcmq.com\\\/es\\\/#\\\/schema\\\/logo\\\/image\\\/\"},\"sameAs\":[\"https:\\\/\\\/www.facebook.com\\\/HospitalCMQ\"]}]}<\/script>\n<!-- \/ Yoast SEO plugin. -->","yoast_head_json":{"title":"Virus del Zika : s\u00edntomas, prevenci\u00f3n y c\u00f3mo evitarlo","description":"El virus del Zika es una enfermedad que se transmite por mosquitos infectados de zika. Conoce sobre el virus del Zika en M\u00e9xico: prevenci\u00f3n y s\u00edntomas.","robots":{"index":"index","follow":"follow","max-snippet":"max-snippet:-1","max-image-preview":"max-image-preview:large","max-video-preview":"max-video-preview:-1"},"canonical":"https:\/\/hospitalcmq.com\/es\/enfermedades-y-condiciones\/virus-del-zika\/","og_locale":"es_ES","og_type":"article","og_title":"Virus del Zika : s\u00edntomas, prevenci\u00f3n y c\u00f3mo evitarlo","og_description":"El virus del Zika es una enfermedad que se transmite por mosquitos infectados de zika. Conoce sobre el virus del Zika en M\u00e9xico: prevenci\u00f3n y s\u00edntomas.","og_url":"https:\/\/hospitalcmq.com\/es\/enfermedades-y-condiciones\/virus-del-zika\/","og_site_name":"Hospital CMQ","article_publisher":"https:\/\/www.facebook.com\/HospitalCMQ","article_modified_time":"2023-11-01T16:27:39+00:00","og_image":[{"url":"https:\/\/hospitalcmq.com\/wp-content\/uploads\/2017\/08\/zika.jpg","type":"","width":"","height":""}],"twitter_card":"summary_large_image","twitter_misc":{"Tiempo de lectura":"3 minutos"},"schema":{"@context":"https:\/\/schema.org","@graph":[{"@type":"WebPage","@id":"https:\/\/hospitalcmq.com\/es\/enfermedades-y-condiciones\/virus-del-zika\/","url":"https:\/\/hospitalcmq.com\/es\/enfermedades-y-condiciones\/virus-del-zika\/","name":"Virus del Zika : s\u00edntomas, prevenci\u00f3n y c\u00f3mo evitarlo","isPartOf":{"@id":"https:\/\/hospitalcmq.com\/es\/#website"},"primaryImageOfPage":{"@id":"https:\/\/hospitalcmq.com\/es\/enfermedades-y-condiciones\/virus-del-zika\/#primaryimage"},"image":{"@id":"https:\/\/hospitalcmq.com\/es\/enfermedades-y-condiciones\/virus-del-zika\/#primaryimage"},"thumbnailUrl":"https:\/\/hospitalcmq.com\/wp-content\/uploads\/2017\/08\/zika.jpg","datePublished":"2017-08-17T21:44:04+00:00","dateModified":"2023-11-01T16:27:39+00:00","description":"El virus del Zika es una enfermedad que se transmite por mosquitos infectados de zika. Conoce sobre el virus del Zika en M\u00e9xico: prevenci\u00f3n y s\u00edntomas.","breadcrumb":{"@id":"https:\/\/hospitalcmq.com\/es\/enfermedades-y-condiciones\/virus-del-zika\/#breadcrumb"},"inLanguage":"es","potentialAction":[{"@type":"ReadAction","target":["https:\/\/hospitalcmq.com\/es\/enfermedades-y-condiciones\/virus-del-zika\/"]}]},{"@type":"ImageObject","inLanguage":"es","@id":"https:\/\/hospitalcmq.com\/es\/enfermedades-y-condiciones\/virus-del-zika\/#primaryimage","url":"https:\/\/hospitalcmq.com\/wp-content\/uploads\/2017\/08\/zika.jpg","contentUrl":"https:\/\/hospitalcmq.com\/wp-content\/uploads\/2017\/08\/zika.jpg"},{"@type":"BreadcrumbList","@id":"https:\/\/hospitalcmq.com\/es\/enfermedades-y-condiciones\/virus-del-zika\/#breadcrumb","itemListElement":[{"@type":"ListItem","position":1,"name":"Home","item":"https:\/\/hospitalcmq.com\/es\/"},{"@type":"ListItem","position":2,"name":"Enfermedades y Condiciones","item":"https:\/\/hospitalcmq.com\/es\/enfermedades-y-condiciones\/"},{"@type":"ListItem","position":3,"name":"Virus del Zika"}]},{"@type":"WebSite","@id":"https:\/\/hospitalcmq.com\/es\/#website","url":"https:\/\/hospitalcmq.com\/es\/","name":"Hospital CMQ","description":"Best Hospitals in Puerto Vallarta &amp; Riviera Nayarit","publisher":{"@id":"https:\/\/hospitalcmq.com\/es\/#organization"},"potentialAction":[{"@type":"SearchAction","target":{"@type":"EntryPoint","urlTemplate":"https:\/\/hospitalcmq.com\/es\/?s={search_term_string}"},"query-input":{"@type":"PropertyValueSpecification","valueRequired":true,"valueName":"search_term_string"}}],"inLanguage":"es"},{"@type":"Organization","@id":"https:\/\/hospitalcmq.com\/es\/#organization","name":"Hospital CMQ","url":"https:\/\/hospitalcmq.com\/es\/","logo":{"@type":"ImageObject","inLanguage":"es","@id":"https:\/\/hospitalcmq.com\/es\/#\/schema\/logo\/image\/","url":"https:\/\/hospitalcmq.com\/wp-content\/uploads\/2018\/06\/cmq-hospital-logo.png","contentUrl":"https:\/\/hospitalcmq.com\/wp-content\/uploads\/2018\/06\/cmq-hospital-logo.png","width":214,"height":189,"caption":"Hospital CMQ"},"image":{"@id":"https:\/\/hospitalcmq.com\/es\/#\/schema\/logo\/image\/"},"sameAs":["https:\/\/www.facebook.com\/HospitalCMQ"]}]}},"_links":{"self":[{"href":"https:\/\/hospitalcmq.com\/es\/wp-json\/wp\/v2\/pages\/4575","targetHints":{"allow":["GET"]}}],"collection":[{"href":"https:\/\/hospitalcmq.com\/es\/wp-json\/wp\/v2\/pages"}],"about":[{"href":"https:\/\/hospitalcmq.com\/es\/wp-json\/wp\/v2\/types\/page"}],"author":[{"embeddable":true,"href":"https:\/\/hospitalcmq.com\/es\/wp-json\/wp\/v2\/users\/1"}],"replies":[{"embeddable":true,"href":"https:\/\/hospitalcmq.com\/es\/wp-json\/wp\/v2\/comments?post=4575"}],"version-history":[{"count":0,"href":"https:\/\/hospitalcmq.com\/es\/wp-json\/wp\/v2\/pages\/4575\/revisions"}],"up":[{"embeddable":true,"href":"https:\/\/hospitalcmq.com\/es\/wp-json\/wp\/v2\/pages\/3938"}],"wp:attachment":[{"href":"https:\/\/hospitalcmq.com\/es\/wp-json\/wp\/v2\/media?parent=4575"}],"curies":[{"name":"wp","href":"https:\/\/api.w.org\/{rel}","templated":true}]}}