{"id":4188,"date":"2018-12-11T09:57:13","date_gmt":"2018-12-11T15:57:13","guid":{"rendered":"https:\/\/hospitalcmq.com\/turismo-medico\/cirugia-plastica\/"},"modified":"2020-08-04T11:05:22","modified_gmt":"2020-08-04T16:05:22","slug":"cirugia-plastica","status":"publish","type":"page","link":"https:\/\/hospitalcmq.com\/es\/cirugia-plastica\/","title":{"rendered":"Cirug\u00eda Pl\u00e1stica"},"content":{"rendered":"<div class=\"wpb-content-wrapper\"><p>[vc_row][vc_column][vc_single_image image=\u00bb4672&#8243; img_size=\u00bbfull\u00bb alignment=\u00bbcenter\u00bb][\/vc_column][\/vc_row][vc_row][vc_column][vc_empty_space][vc_column_text]<\/p>\n<div class=\"block_style_similar text-center\">\n<div class=\"blockTitleAction\">\n<h1 class=\"title\">\u00a1Logra tu mejor versi\u00f3n!<br \/>\nCirug\u00eda Pl\u00e1stica y Cosm\u00e9tica en Hospitales CMQ de Puerto Vallarta y Riviera Nayarit<\/h1>\n<div class=\"desc px-0 px-lg-5 pb-0 pb-lg-3\">\n<p><span style=\"font-weight: 400;\">La cirug\u00eda pl\u00e1stica es una especialidad quir\u00fargica dedicada a la reconstrucci\u00f3n y el mejoramiento del aspecto morfol\u00f3gico, arm\u00f3nico y funcional del cuerpo. En Hospitales CMQ contamos con especialistas altamente calificados para realizar procedimientos est\u00e9ticos de alta calidad siempre logrando \u00f3ptimos resultados. A continuaci\u00f3n te brindamos informaci\u00f3n respecto a las cirug\u00edas y t\u00e9cnicas cosm\u00e9ticas m\u00e1s famosas y solicitadas, as\u00ed que contin\u00faa leyendo para averiguar cu\u00e1l es la mejor para ti.<\/span><\/p>\n<\/div>\n<\/div>\n<\/div>\n<p>[\/vc_column_text][vc_empty_space][\/vc_column][\/vc_row]<\/p>\n<\/div>","protected":false},"excerpt":{"rendered":"<p>La cirug\u00eda pl\u00e1stica se define como una especialidad quir\u00fargica dedicada a la reconstrucci\u00f3n y mejor\u00eda del aspecto f\u00edsico del paciente. Es una de las pr\u00e1cticas m\u00e1s comunes alrededor del mundo. En Hospitales CMQ contamos con especialistas en el \u00e1rea altamente capacitados que realizan procedimientos de la m\u00e1s alta calidad y con los mejores resultados.<\/p>\n","protected":false},"author":1,"featured_media":4672,"parent":0,"menu_order":0,"comment_status":"closed","ping_status":"closed","template":"template-parent-page-menu.php","meta":{"footnotes":""},"class_list":["post-4188","page","type-page","status-publish","has-post-thumbnail","hentry"],"acf":[],"yoast_head":"<!-- This site is optimized with the Yoast SEO plugin v27.4 - https:\/\/yoast.com\/product\/yoast-seo-wordpress\/ -->\n<title>Cirug\u00eda pl\u00e1stica y reconstructiva en Hospitales CMQ en Puerto Vallarta<\/title>\n<meta name=\"description\" content=\"En Hospitales CMQ contamos con cirug\u00edas pl\u00e1sticas y tratamientos cosm\u00e9ticos de alta calidad de mano de reconocidos y certificados cirujanos pl\u00e1sticos.\" \/>\n<meta name=\"robots\" content=\"index, follow, max-snippet:-1, max-image-preview:large, max-video-preview:-1\" \/>\n<link rel=\"canonical\" href=\"https:\/\/hospitalcmq.com\/es\/cirugia-plastica\/\" \/>\n<meta property=\"og:locale\" content=\"es_ES\" \/>\n<meta property=\"og:type\" content=\"article\" \/>\n<meta property=\"og:title\" content=\"Cirug\u00eda pl\u00e1stica y reconstructiva en Hospitales CMQ en Puerto Vallarta\" \/>\n<meta property=\"og:description\" content=\"En Hospitales CMQ contamos con cirug\u00edas pl\u00e1sticas y tratamientos cosm\u00e9ticos de alta calidad de mano de reconocidos y certificados cirujanos pl\u00e1sticos.\" \/>\n<meta property=\"og:url\" content=\"https:\/\/hospitalcmq.com\/es\/cirugia-plastica\/\" \/>\n<meta property=\"og:site_name\" content=\"Hospital CMQ\" \/>\n<meta property=\"article:publisher\" content=\"https:\/\/www.facebook.com\/HospitalCMQ\" \/>\n<meta property=\"article:modified_time\" content=\"2020-08-04T16:05:22+00:00\" \/>\n<meta property=\"og:image\" content=\"https:\/\/hospitalcmq.com\/wp-content\/uploads\/2019\/02\/plastic-surgery-at-cmq-hospital.jpg\" \/>\n\t<meta property=\"og:image:width\" content=\"1110\" \/>\n\t<meta property=\"og:image:height\" content=\"300\" \/>\n\t<meta property=\"og:image:type\" content=\"image\/jpeg\" \/>\n<meta name=\"twitter:card\" content=\"summary_large_image\" \/>\n<meta name=\"twitter:label1\" content=\"Tiempo de lectura\" \/>\n\t<meta name=\"twitter:data1\" content=\"1 minuto\" \/>\n<script type=\"application\/ld+json\" class=\"yoast-schema-graph\">{\"@context\":\"https:\\\/\\\/schema.org\",\"@graph\":[{\"@type\":\"WebPage\",\"@id\":\"https:\\\/\\\/hospitalcmq.com\\\/es\\\/cirugia-plastica\\\/\",\"url\":\"https:\\\/\\\/hospitalcmq.com\\\/es\\\/cirugia-plastica\\\/\",\"name\":\"Cirug\u00eda pl\u00e1stica y reconstructiva en Hospitales CMQ en Puerto Vallarta\",\"isPartOf\":{\"@id\":\"https:\\\/\\\/hospitalcmq.com\\\/es\\\/#website\"},\"primaryImageOfPage\":{\"@id\":\"https:\\\/\\\/hospitalcmq.com\\\/es\\\/cirugia-plastica\\\/#primaryimage\"},\"image\":{\"@id\":\"https:\\\/\\\/hospitalcmq.com\\\/es\\\/cirugia-plastica\\\/#primaryimage\"},\"thumbnailUrl\":\"https:\\\/\\\/hospitalcmq.com\\\/wp-content\\\/uploads\\\/2019\\\/02\\\/plastic-surgery-at-cmq-hospital.jpg\",\"datePublished\":\"2018-12-11T15:57:13+00:00\",\"dateModified\":\"2020-08-04T16:05:22+00:00\",\"description\":\"En Hospitales CMQ contamos con cirug\u00edas pl\u00e1sticas y tratamientos cosm\u00e9ticos de alta calidad de mano de reconocidos y certificados cirujanos pl\u00e1sticos.\",\"breadcrumb\":{\"@id\":\"https:\\\/\\\/hospitalcmq.com\\\/es\\\/cirugia-plastica\\\/#breadcrumb\"},\"inLanguage\":\"es\",\"potentialAction\":[{\"@type\":\"ReadAction\",\"target\":[\"https:\\\/\\\/hospitalcmq.com\\\/es\\\/cirugia-plastica\\\/\"]}]},{\"@type\":\"ImageObject\",\"inLanguage\":\"es\",\"@id\":\"https:\\\/\\\/hospitalcmq.com\\\/es\\\/cirugia-plastica\\\/#primaryimage\",\"url\":\"https:\\\/\\\/hospitalcmq.com\\\/wp-content\\\/uploads\\\/2019\\\/02\\\/plastic-surgery-at-cmq-hospital.jpg\",\"contentUrl\":\"https:\\\/\\\/hospitalcmq.com\\\/wp-content\\\/uploads\\\/2019\\\/02\\\/plastic-surgery-at-cmq-hospital.jpg\",\"width\":1110,\"height\":300,\"caption\":\"La cirug\u00eda pl\u00e1stica se define como una especialidad quir\u00fargica dedicada a la reconstrucci\u00f3n y el mejoramiento del cuerpo de un paciente.\"},{\"@type\":\"BreadcrumbList\",\"@id\":\"https:\\\/\\\/hospitalcmq.com\\\/es\\\/cirugia-plastica\\\/#breadcrumb\",\"itemListElement\":[{\"@type\":\"ListItem\",\"position\":1,\"name\":\"Home\",\"item\":\"https:\\\/\\\/hospitalcmq.com\\\/es\\\/\"},{\"@type\":\"ListItem\",\"position\":2,\"name\":\"Cirug\u00eda Pl\u00e1stica\"}]},{\"@type\":\"WebSite\",\"@id\":\"https:\\\/\\\/hospitalcmq.com\\\/es\\\/#website\",\"url\":\"https:\\\/\\\/hospitalcmq.com\\\/es\\\/\",\"name\":\"Hospital CMQ\",\"description\":\"Best Hospitals in Puerto Vallarta &amp; Riviera Nayarit\",\"publisher\":{\"@id\":\"https:\\\/\\\/hospitalcmq.com\\\/es\\\/#organization\"},\"potentialAction\":[{\"@type\":\"SearchAction\",\"target\":{\"@type\":\"EntryPoint\",\"urlTemplate\":\"https:\\\/\\\/hospitalcmq.com\\\/es\\\/?s={search_term_string}\"},\"query-input\":{\"@type\":\"PropertyValueSpecification\",\"valueRequired\":true,\"valueName\":\"search_term_string\"}}],\"inLanguage\":\"es\"},{\"@type\":\"Organization\",\"@id\":\"https:\\\/\\\/hospitalcmq.com\\\/es\\\/#organization\",\"name\":\"Hospital CMQ\",\"url\":\"https:\\\/\\\/hospitalcmq.com\\\/es\\\/\",\"logo\":{\"@type\":\"ImageObject\",\"inLanguage\":\"es\",\"@id\":\"https:\\\/\\\/hospitalcmq.com\\\/es\\\/#\\\/schema\\\/logo\\\/image\\\/\",\"url\":\"https:\\\/\\\/hospitalcmq.com\\\/wp-content\\\/uploads\\\/2018\\\/06\\\/cmq-hospital-logo.png\",\"contentUrl\":\"https:\\\/\\\/hospitalcmq.com\\\/wp-content\\\/uploads\\\/2018\\\/06\\\/cmq-hospital-logo.png\",\"width\":214,\"height\":189,\"caption\":\"Hospital CMQ\"},\"image\":{\"@id\":\"https:\\\/\\\/hospitalcmq.com\\\/es\\\/#\\\/schema\\\/logo\\\/image\\\/\"},\"sameAs\":[\"https:\\\/\\\/www.facebook.com\\\/HospitalCMQ\"]}]}<\/script>\n<!-- \/ Yoast SEO plugin. -->","yoast_head_json":{"title":"Cirug\u00eda pl\u00e1stica y reconstructiva en Hospitales CMQ en Puerto Vallarta","description":"En Hospitales CMQ contamos con cirug\u00edas pl\u00e1sticas y tratamientos cosm\u00e9ticos de alta calidad de mano de reconocidos y certificados cirujanos pl\u00e1sticos.","robots":{"index":"index","follow":"follow","max-snippet":"max-snippet:-1","max-image-preview":"max-image-preview:large","max-video-preview":"max-video-preview:-1"},"canonical":"https:\/\/hospitalcmq.com\/es\/cirugia-plastica\/","og_locale":"es_ES","og_type":"article","og_title":"Cirug\u00eda pl\u00e1stica y reconstructiva en Hospitales CMQ en Puerto Vallarta","og_description":"En Hospitales CMQ contamos con cirug\u00edas pl\u00e1sticas y tratamientos cosm\u00e9ticos de alta calidad de mano de reconocidos y certificados cirujanos pl\u00e1sticos.","og_url":"https:\/\/hospitalcmq.com\/es\/cirugia-plastica\/","og_site_name":"Hospital CMQ","article_publisher":"https:\/\/www.facebook.com\/HospitalCMQ","article_modified_time":"2020-08-04T16:05:22+00:00","og_image":[{"width":1110,"height":300,"url":"https:\/\/hospitalcmq.com\/wp-content\/uploads\/2019\/02\/plastic-surgery-at-cmq-hospital.jpg","type":"image\/jpeg"}],"twitter_card":"summary_large_image","twitter_misc":{"Tiempo de lectura":"1 minuto"},"schema":{"@context":"https:\/\/schema.org","@graph":[{"@type":"WebPage","@id":"https:\/\/hospitalcmq.com\/es\/cirugia-plastica\/","url":"https:\/\/hospitalcmq.com\/es\/cirugia-plastica\/","name":"Cirug\u00eda pl\u00e1stica y reconstructiva en Hospitales CMQ en Puerto Vallarta","isPartOf":{"@id":"https:\/\/hospitalcmq.com\/es\/#website"},"primaryImageOfPage":{"@id":"https:\/\/hospitalcmq.com\/es\/cirugia-plastica\/#primaryimage"},"image":{"@id":"https:\/\/hospitalcmq.com\/es\/cirugia-plastica\/#primaryimage"},"thumbnailUrl":"https:\/\/hospitalcmq.com\/wp-content\/uploads\/2019\/02\/plastic-surgery-at-cmq-hospital.jpg","datePublished":"2018-12-11T15:57:13+00:00","dateModified":"2020-08-04T16:05:22+00:00","description":"En Hospitales CMQ contamos con cirug\u00edas pl\u00e1sticas y tratamientos cosm\u00e9ticos de alta calidad de mano de reconocidos y certificados cirujanos pl\u00e1sticos.","breadcrumb":{"@id":"https:\/\/hospitalcmq.com\/es\/cirugia-plastica\/#breadcrumb"},"inLanguage":"es","potentialAction":[{"@type":"ReadAction","target":["https:\/\/hospitalcmq.com\/es\/cirugia-plastica\/"]}]},{"@type":"ImageObject","inLanguage":"es","@id":"https:\/\/hospitalcmq.com\/es\/cirugia-plastica\/#primaryimage","url":"https:\/\/hospitalcmq.com\/wp-content\/uploads\/2019\/02\/plastic-surgery-at-cmq-hospital.jpg","contentUrl":"https:\/\/hospitalcmq.com\/wp-content\/uploads\/2019\/02\/plastic-surgery-at-cmq-hospital.jpg","width":1110,"height":300,"caption":"La cirug\u00eda pl\u00e1stica se define como una especialidad quir\u00fargica dedicada a la reconstrucci\u00f3n y el mejoramiento del cuerpo de un paciente."},{"@type":"BreadcrumbList","@id":"https:\/\/hospitalcmq.com\/es\/cirugia-plastica\/#breadcrumb","itemListElement":[{"@type":"ListItem","position":1,"name":"Home","item":"https:\/\/hospitalcmq.com\/es\/"},{"@type":"ListItem","position":2,"name":"Cirug\u00eda Pl\u00e1stica"}]},{"@type":"WebSite","@id":"https:\/\/hospitalcmq.com\/es\/#website","url":"https:\/\/hospitalcmq.com\/es\/","name":"Hospital CMQ","description":"Best Hospitals in Puerto Vallarta &amp; Riviera Nayarit","publisher":{"@id":"https:\/\/hospitalcmq.com\/es\/#organization"},"potentialAction":[{"@type":"SearchAction","target":{"@type":"EntryPoint","urlTemplate":"https:\/\/hospitalcmq.com\/es\/?s={search_term_string}"},"query-input":{"@type":"PropertyValueSpecification","valueRequired":true,"valueName":"search_term_string"}}],"inLanguage":"es"},{"@type":"Organization","@id":"https:\/\/hospitalcmq.com\/es\/#organization","name":"Hospital CMQ","url":"https:\/\/hospitalcmq.com\/es\/","logo":{"@type":"ImageObject","inLanguage":"es","@id":"https:\/\/hospitalcmq.com\/es\/#\/schema\/logo\/image\/","url":"https:\/\/hospitalcmq.com\/wp-content\/uploads\/2018\/06\/cmq-hospital-logo.png","contentUrl":"https:\/\/hospitalcmq.com\/wp-content\/uploads\/2018\/06\/cmq-hospital-logo.png","width":214,"height":189,"caption":"Hospital CMQ"},"image":{"@id":"https:\/\/hospitalcmq.com\/es\/#\/schema\/logo\/image\/"},"sameAs":["https:\/\/www.facebook.com\/HospitalCMQ"]}]}},"_links":{"self":[{"href":"https:\/\/hospitalcmq.com\/es\/wp-json\/wp\/v2\/pages\/4188","targetHints":{"allow":["GET"]}}],"collection":[{"href":"https:\/\/hospitalcmq.com\/es\/wp-json\/wp\/v2\/pages"}],"about":[{"href":"https:\/\/hospitalcmq.com\/es\/wp-json\/wp\/v2\/types\/page"}],"author":[{"embeddable":true,"href":"https:\/\/hospitalcmq.com\/es\/wp-json\/wp\/v2\/users\/1"}],"replies":[{"embeddable":true,"href":"https:\/\/hospitalcmq.com\/es\/wp-json\/wp\/v2\/comments?post=4188"}],"version-history":[{"count":0,"href":"https:\/\/hospitalcmq.com\/es\/wp-json\/wp\/v2\/pages\/4188\/revisions"}],"wp:featuredmedia":[{"embeddable":true,"href":"https:\/\/hospitalcmq.com\/es\/wp-json\/wp\/v2\/media\/4672"}],"wp:attachment":[{"href":"https:\/\/hospitalcmq.com\/es\/wp-json\/wp\/v2\/media?parent=4188"}],"curies":[{"name":"wp","href":"https:\/\/api.w.org\/{rel}","templated":true}]}}