{"id":4171,"date":"2017-08-31T18:28:35","date_gmt":"2017-08-31T18:28:35","guid":{"rendered":"https:\/\/hospitalcmq.com\/hospitales-cmq\/"},"modified":"2020-08-04T11:07:04","modified_gmt":"2020-08-04T16:07:04","slug":"hospital","status":"publish","type":"page","link":"https:\/\/hospitalcmq.com\/es\/hospital\/","title":{"rendered":"Hospitales CMQ"},"content":{"rendered":"<div class=\"wpb-content-wrapper\"><p>[vc_row][vc_column][vc_single_image image=\u00bb4596&#8243; img_size=\u00bbfull\u00bb alignment=\u00bbcenter\u00bb][\/vc_column][\/vc_row][vc_row][vc_column][vc_empty_space][vc_column_text]<\/p>\n<div class=\"block_style_similar text-center\">\n<div class=\"blockTitleAction\">\n<h1 class=\"title\">\u00bfNecesitas informaci\u00f3n sobre los mejores hospitales de Puerto Vallarta?<\/h1>\n<div class=\"desc px-0 px-lg-5 pb-0 pb-lg-3\">\n<p>Desde hace m\u00e1s de tres d\u00e9cadas, Hospitales CMQ es un referente de calidad m\u00e9dica privada en Puerto Vallarta y sus puntos vecinales. Nos hemos consolidado como la instituci\u00f3n hospitalaria m\u00e1s importante de la regi\u00f3n, liderada por especialistas de alto nivel e instalaciones de la m\u00e1s alta calidad que comprenden nuestros tres hospitales: CMQ Centro, CMQ Premiere y CMQ Riviera Nayarit, y su vinculada Torre M\u00e9dica.<\/p>\n<\/div>\n<\/div>\n<\/div>\n<p>[\/vc_column_text][vc_empty_space][\/vc_column][\/vc_row]<\/p>\n<\/div>","protected":false},"excerpt":{"rendered":"<p>Desde hace m\u00e1s de tres d\u00e9cadas, Hospitales CMQ es un referente de calidad m\u00e9dica privada en Puerto Vallarta y sus puntos vecinales. Nos hemos consolidado como la instituci\u00f3n hospitalaria m\u00e1s importante de la regi\u00f3n, liderada por especialistas de alto nivel e instalaciones de la m\u00e1s alta calidad que comprenden nuestros tres hospitales: CMQ Centro, CMQ Premiere y CMQ Riviera Nayarit, y su vinculada Torre M\u00e9dica.<\/p>\n","protected":false},"author":1,"featured_media":1826,"parent":0,"menu_order":0,"comment_status":"closed","ping_status":"closed","template":"template-parent-page-menu.php","meta":{"footnotes":""},"class_list":["post-4171","page","type-page","status-publish","has-post-thumbnail","hentry"],"acf":[],"yoast_head":"<!-- This site is optimized with the Yoast SEO plugin v27.3 - https:\/\/yoast.com\/product\/yoast-seo-wordpress\/ -->\n<title>Hospitals CMQ: Outstanding hospitals in Vallarta and Riviera Nayarit<\/title>\n<meta name=\"description\" content=\"Hospitals CMQ: With two hospital locations in Puerto Vallarta and one in Bucerias Nayarit, Hospital CMQ is always close by for your health needs.\" \/>\n<meta name=\"robots\" content=\"index, follow, max-snippet:-1, max-image-preview:large, max-video-preview:-1\" \/>\n<link rel=\"canonical\" href=\"https:\/\/hospitalcmq.com\/es\/hospital\/\" \/>\n<meta property=\"og:locale\" content=\"es_ES\" \/>\n<meta property=\"og:type\" content=\"article\" \/>\n<meta property=\"og:title\" content=\"Hospitals CMQ: Outstanding hospitals in Vallarta and Riviera Nayarit\" \/>\n<meta property=\"og:description\" content=\"Hospitals CMQ: With two hospital locations in Puerto Vallarta and one in Bucerias Nayarit, Hospital CMQ is always close by for your health needs.\" \/>\n<meta property=\"og:url\" content=\"https:\/\/hospitalcmq.com\/es\/hospital\/\" \/>\n<meta property=\"og:site_name\" content=\"Hospital CMQ\" \/>\n<meta property=\"article:publisher\" content=\"https:\/\/www.facebook.com\/HospitalCMQ\" \/>\n<meta property=\"article:modified_time\" content=\"2020-08-04T16:07:04+00:00\" \/>\n<meta property=\"og:image\" content=\"https:\/\/hospitalcmq.com\/wp-content\/uploads\/2017\/11\/rivieranay.jpg\" \/>\n\t<meta property=\"og:image:width\" content=\"400\" \/>\n\t<meta property=\"og:image:height\" content=\"300\" \/>\n\t<meta property=\"og:image:type\" content=\"image\/jpeg\" \/>\n<meta name=\"twitter:card\" content=\"summary_large_image\" \/>\n<meta name=\"twitter:label1\" content=\"Tiempo de lectura\" \/>\n\t<meta name=\"twitter:data1\" content=\"1 minuto\" \/>\n<script type=\"application\/ld+json\" class=\"yoast-schema-graph\">{\"@context\":\"https:\\\/\\\/schema.org\",\"@graph\":[{\"@type\":\"WebPage\",\"@id\":\"https:\\\/\\\/hospitalcmq.com\\\/es\\\/hospital\\\/\",\"url\":\"https:\\\/\\\/hospitalcmq.com\\\/es\\\/hospital\\\/\",\"name\":\"Hospitals CMQ: Outstanding hospitals in Vallarta and Riviera Nayarit\",\"isPartOf\":{\"@id\":\"https:\\\/\\\/hospitalcmq.com\\\/es\\\/#website\"},\"primaryImageOfPage\":{\"@id\":\"https:\\\/\\\/hospitalcmq.com\\\/es\\\/hospital\\\/#primaryimage\"},\"image\":{\"@id\":\"https:\\\/\\\/hospitalcmq.com\\\/es\\\/hospital\\\/#primaryimage\"},\"thumbnailUrl\":\"https:\\\/\\\/hospitalcmq.com\\\/wp-content\\\/uploads\\\/2017\\\/11\\\/rivieranay.jpg\",\"datePublished\":\"2017-08-31T18:28:35+00:00\",\"dateModified\":\"2020-08-04T16:07:04+00:00\",\"description\":\"Hospitals CMQ: With two hospital locations in Puerto Vallarta and one in Bucerias Nayarit, Hospital CMQ is always close by for your health needs.\",\"breadcrumb\":{\"@id\":\"https:\\\/\\\/hospitalcmq.com\\\/es\\\/hospital\\\/#breadcrumb\"},\"inLanguage\":\"es\",\"potentialAction\":[{\"@type\":\"ReadAction\",\"target\":[\"https:\\\/\\\/hospitalcmq.com\\\/es\\\/hospital\\\/\"]}]},{\"@type\":\"ImageObject\",\"inLanguage\":\"es\",\"@id\":\"https:\\\/\\\/hospitalcmq.com\\\/es\\\/hospital\\\/#primaryimage\",\"url\":\"https:\\\/\\\/hospitalcmq.com\\\/wp-content\\\/uploads\\\/2017\\\/11\\\/rivieranay.jpg\",\"contentUrl\":\"https:\\\/\\\/hospitalcmq.com\\\/wp-content\\\/uploads\\\/2017\\\/11\\\/rivieranay.jpg\",\"width\":400,\"height\":300,\"caption\":\"Hospital CMQ Riviera Nayarit in Bucerias\"},{\"@type\":\"BreadcrumbList\",\"@id\":\"https:\\\/\\\/hospitalcmq.com\\\/es\\\/hospital\\\/#breadcrumb\",\"itemListElement\":[{\"@type\":\"ListItem\",\"position\":1,\"name\":\"Home\",\"item\":\"https:\\\/\\\/hospitalcmq.com\\\/es\\\/\"},{\"@type\":\"ListItem\",\"position\":2,\"name\":\"Hospitales CMQ\"}]},{\"@type\":\"WebSite\",\"@id\":\"https:\\\/\\\/hospitalcmq.com\\\/es\\\/#website\",\"url\":\"https:\\\/\\\/hospitalcmq.com\\\/es\\\/\",\"name\":\"Hospital CMQ\",\"description\":\"Best Hospitals in Puerto Vallarta &amp; Riviera Nayarit\",\"publisher\":{\"@id\":\"https:\\\/\\\/hospitalcmq.com\\\/es\\\/#organization\"},\"potentialAction\":[{\"@type\":\"SearchAction\",\"target\":{\"@type\":\"EntryPoint\",\"urlTemplate\":\"https:\\\/\\\/hospitalcmq.com\\\/es\\\/?s={search_term_string}\"},\"query-input\":{\"@type\":\"PropertyValueSpecification\",\"valueRequired\":true,\"valueName\":\"search_term_string\"}}],\"inLanguage\":\"es\"},{\"@type\":\"Organization\",\"@id\":\"https:\\\/\\\/hospitalcmq.com\\\/es\\\/#organization\",\"name\":\"Hospital CMQ\",\"url\":\"https:\\\/\\\/hospitalcmq.com\\\/es\\\/\",\"logo\":{\"@type\":\"ImageObject\",\"inLanguage\":\"es\",\"@id\":\"https:\\\/\\\/hospitalcmq.com\\\/es\\\/#\\\/schema\\\/logo\\\/image\\\/\",\"url\":\"https:\\\/\\\/hospitalcmq.com\\\/wp-content\\\/uploads\\\/2018\\\/06\\\/cmq-hospital-logo.png\",\"contentUrl\":\"https:\\\/\\\/hospitalcmq.com\\\/wp-content\\\/uploads\\\/2018\\\/06\\\/cmq-hospital-logo.png\",\"width\":214,\"height\":189,\"caption\":\"Hospital CMQ\"},\"image\":{\"@id\":\"https:\\\/\\\/hospitalcmq.com\\\/es\\\/#\\\/schema\\\/logo\\\/image\\\/\"},\"sameAs\":[\"https:\\\/\\\/www.facebook.com\\\/HospitalCMQ\"]}]}<\/script>\n<!-- \/ Yoast SEO plugin. -->","yoast_head_json":{"title":"Hospitals CMQ: Outstanding hospitals in Vallarta and Riviera Nayarit","description":"Hospitals CMQ: With two hospital locations in Puerto Vallarta and one in Bucerias Nayarit, Hospital CMQ is always close by for your health needs.","robots":{"index":"index","follow":"follow","max-snippet":"max-snippet:-1","max-image-preview":"max-image-preview:large","max-video-preview":"max-video-preview:-1"},"canonical":"https:\/\/hospitalcmq.com\/es\/hospital\/","og_locale":"es_ES","og_type":"article","og_title":"Hospitals CMQ: Outstanding hospitals in Vallarta and Riviera Nayarit","og_description":"Hospitals CMQ: With two hospital locations in Puerto Vallarta and one in Bucerias Nayarit, Hospital CMQ is always close by for your health needs.","og_url":"https:\/\/hospitalcmq.com\/es\/hospital\/","og_site_name":"Hospital CMQ","article_publisher":"https:\/\/www.facebook.com\/HospitalCMQ","article_modified_time":"2020-08-04T16:07:04+00:00","og_image":[{"width":400,"height":300,"url":"https:\/\/hospitalcmq.com\/wp-content\/uploads\/2017\/11\/rivieranay.jpg","type":"image\/jpeg"}],"twitter_card":"summary_large_image","twitter_misc":{"Tiempo de lectura":"1 minuto"},"schema":{"@context":"https:\/\/schema.org","@graph":[{"@type":"WebPage","@id":"https:\/\/hospitalcmq.com\/es\/hospital\/","url":"https:\/\/hospitalcmq.com\/es\/hospital\/","name":"Hospitals CMQ: Outstanding hospitals in Vallarta and Riviera Nayarit","isPartOf":{"@id":"https:\/\/hospitalcmq.com\/es\/#website"},"primaryImageOfPage":{"@id":"https:\/\/hospitalcmq.com\/es\/hospital\/#primaryimage"},"image":{"@id":"https:\/\/hospitalcmq.com\/es\/hospital\/#primaryimage"},"thumbnailUrl":"https:\/\/hospitalcmq.com\/wp-content\/uploads\/2017\/11\/rivieranay.jpg","datePublished":"2017-08-31T18:28:35+00:00","dateModified":"2020-08-04T16:07:04+00:00","description":"Hospitals CMQ: With two hospital locations in Puerto Vallarta and one in Bucerias Nayarit, Hospital CMQ is always close by for your health needs.","breadcrumb":{"@id":"https:\/\/hospitalcmq.com\/es\/hospital\/#breadcrumb"},"inLanguage":"es","potentialAction":[{"@type":"ReadAction","target":["https:\/\/hospitalcmq.com\/es\/hospital\/"]}]},{"@type":"ImageObject","inLanguage":"es","@id":"https:\/\/hospitalcmq.com\/es\/hospital\/#primaryimage","url":"https:\/\/hospitalcmq.com\/wp-content\/uploads\/2017\/11\/rivieranay.jpg","contentUrl":"https:\/\/hospitalcmq.com\/wp-content\/uploads\/2017\/11\/rivieranay.jpg","width":400,"height":300,"caption":"Hospital CMQ Riviera Nayarit in Bucerias"},{"@type":"BreadcrumbList","@id":"https:\/\/hospitalcmq.com\/es\/hospital\/#breadcrumb","itemListElement":[{"@type":"ListItem","position":1,"name":"Home","item":"https:\/\/hospitalcmq.com\/es\/"},{"@type":"ListItem","position":2,"name":"Hospitales CMQ"}]},{"@type":"WebSite","@id":"https:\/\/hospitalcmq.com\/es\/#website","url":"https:\/\/hospitalcmq.com\/es\/","name":"Hospital CMQ","description":"Best Hospitals in Puerto Vallarta &amp; Riviera Nayarit","publisher":{"@id":"https:\/\/hospitalcmq.com\/es\/#organization"},"potentialAction":[{"@type":"SearchAction","target":{"@type":"EntryPoint","urlTemplate":"https:\/\/hospitalcmq.com\/es\/?s={search_term_string}"},"query-input":{"@type":"PropertyValueSpecification","valueRequired":true,"valueName":"search_term_string"}}],"inLanguage":"es"},{"@type":"Organization","@id":"https:\/\/hospitalcmq.com\/es\/#organization","name":"Hospital CMQ","url":"https:\/\/hospitalcmq.com\/es\/","logo":{"@type":"ImageObject","inLanguage":"es","@id":"https:\/\/hospitalcmq.com\/es\/#\/schema\/logo\/image\/","url":"https:\/\/hospitalcmq.com\/wp-content\/uploads\/2018\/06\/cmq-hospital-logo.png","contentUrl":"https:\/\/hospitalcmq.com\/wp-content\/uploads\/2018\/06\/cmq-hospital-logo.png","width":214,"height":189,"caption":"Hospital CMQ"},"image":{"@id":"https:\/\/hospitalcmq.com\/es\/#\/schema\/logo\/image\/"},"sameAs":["https:\/\/www.facebook.com\/HospitalCMQ"]}]}},"_links":{"self":[{"href":"https:\/\/hospitalcmq.com\/es\/wp-json\/wp\/v2\/pages\/4171","targetHints":{"allow":["GET"]}}],"collection":[{"href":"https:\/\/hospitalcmq.com\/es\/wp-json\/wp\/v2\/pages"}],"about":[{"href":"https:\/\/hospitalcmq.com\/es\/wp-json\/wp\/v2\/types\/page"}],"author":[{"embeddable":true,"href":"https:\/\/hospitalcmq.com\/es\/wp-json\/wp\/v2\/users\/1"}],"replies":[{"embeddable":true,"href":"https:\/\/hospitalcmq.com\/es\/wp-json\/wp\/v2\/comments?post=4171"}],"version-history":[{"count":0,"href":"https:\/\/hospitalcmq.com\/es\/wp-json\/wp\/v2\/pages\/4171\/revisions"}],"wp:featuredmedia":[{"embeddable":true,"href":"https:\/\/hospitalcmq.com\/es\/wp-json\/wp\/v2\/media\/1826"}],"wp:attachment":[{"href":"https:\/\/hospitalcmq.com\/es\/wp-json\/wp\/v2\/media?parent=4171"}],"curies":[{"name":"wp","href":"https:\/\/api.w.org\/{rel}","templated":true}]}}