{"id":4161,"date":"2018-12-10T14:16:52","date_gmt":"2018-12-10T20:16:52","guid":{"rendered":"https:\/\/hospitalcmq.com\/seguro-de-salud\/"},"modified":"2020-08-04T11:07:51","modified_gmt":"2020-08-04T16:07:51","slug":"seguro-de-salud","status":"publish","type":"page","link":"https:\/\/hospitalcmq.com\/es\/seguro-de-salud\/","title":{"rendered":"Seguro de Salud"},"content":{"rendered":"<div class=\"wpb-content-wrapper\"><p>[vc_row][vc_column][vc_single_image image=\u00bb4606&#8243; img_size=\u00bbfull\u00bb alignment=\u00bbcenter\u00bb][\/vc_column][\/vc_row][vc_row][vc_column][vc_empty_space][vc_column_text]<\/p>\n<div class=\"block_style_similar text-center\">\n<div class=\"blockTitleAction\">\n<h1 class=\"title\">Seguro de Salud<\/h1>\n<div class=\"desc px-0 px-lg-5 pb-0 pb-lg-3\">\n<p>Contar con un seguro de salud es una herramienta de prevenci\u00f3n que destaca por su rapidez, agilidad, calidad en servicios de urgencias, hospitalizaci\u00f3n, asistencia primaria y especializada, tratamientos m\u00e9dicos y en sus casos, atenci\u00f3n dental. Los seguros de salud ofrecen protecci\u00f3n financiera enfoc\u00e1ndose en la conservaci\u00f3n de la salud y cubrir necesidades b\u00e1sicas. En Hospitales CMQ aceptamos una amplia cartera de seguros, con\u00f3celos a continuaci\u00f3n.<\/p>\n<\/div>\n<\/div>\n<\/div>\n<p>[\/vc_column_text][vc_empty_space][\/vc_column][\/vc_row]<\/p>\n<\/div>","protected":false},"excerpt":{"rendered":"<p>Contar con un seguro de salud es una herramienta de prevenci\u00f3n que destaca por su rapidez, agilidad, calidad en servicios de urgencias, hospitalizaci\u00f3n, asistencia primaria y especializada, tratamientos m\u00e9dicos y en sus casos, atenci\u00f3n dental. Los seguros de salud ofrecen protecci\u00f3n financiera enfoc\u00e1ndose en la conservaci\u00f3n de la salud y cubrir necesidades b\u00e1sicas.<\/p>\n","protected":false},"author":1,"featured_media":4606,"parent":0,"menu_order":0,"comment_status":"closed","ping_status":"closed","template":"template-parent-page-menu.php","meta":{"footnotes":""},"class_list":["post-4161","page","type-page","status-publish","has-post-thumbnail","hentry"],"acf":[],"yoast_head":"<!-- This site is optimized with the Yoast SEO plugin v27.3 - https:\/\/yoast.com\/product\/yoast-seo-wordpress\/ -->\n<title>Seguro de salud en Hospitales CMQ: aceptamos la mayor\u00eda de seguros<\/title>\n<meta name=\"description\" content=\"Contar con un seguro de salud puede ser la mejor opci\u00f3n cuando sales de viaje. Estos son los planes y empresas de seguros que aceptamos en Hospitales CMQ.\" \/>\n<meta name=\"robots\" content=\"index, follow, max-snippet:-1, max-image-preview:large, max-video-preview:-1\" \/>\n<link rel=\"canonical\" href=\"https:\/\/hospitalcmq.com\/es\/seguro-de-salud\/\" \/>\n<meta property=\"og:locale\" content=\"es_ES\" \/>\n<meta property=\"og:type\" content=\"article\" \/>\n<meta property=\"og:title\" content=\"Seguro de salud en Hospitales CMQ: aceptamos la mayor\u00eda de seguros\" \/>\n<meta property=\"og:description\" content=\"Contar con un seguro de salud puede ser la mejor opci\u00f3n cuando sales de viaje. Estos son los planes y empresas de seguros que aceptamos en Hospitales CMQ.\" \/>\n<meta property=\"og:url\" content=\"https:\/\/hospitalcmq.com\/es\/seguro-de-salud\/\" \/>\n<meta property=\"og:site_name\" content=\"Hospital CMQ\" \/>\n<meta property=\"article:publisher\" content=\"https:\/\/www.facebook.com\/HospitalCMQ\" \/>\n<meta property=\"article:modified_time\" content=\"2020-08-04T16:07:51+00:00\" \/>\n<meta property=\"og:image\" content=\"https:\/\/hospitalcmq.com\/wp-content\/uploads\/2019\/02\/health-insurance.jpg\" \/>\n\t<meta property=\"og:image:width\" content=\"1110\" \/>\n\t<meta property=\"og:image:height\" content=\"300\" \/>\n\t<meta property=\"og:image:type\" content=\"image\/jpeg\" \/>\n<meta name=\"twitter:card\" content=\"summary_large_image\" \/>\n<meta name=\"twitter:label1\" content=\"Tiempo de lectura\" \/>\n\t<meta name=\"twitter:data1\" content=\"1 minuto\" \/>\n<script type=\"application\/ld+json\" class=\"yoast-schema-graph\">{\"@context\":\"https:\\\/\\\/schema.org\",\"@graph\":[{\"@type\":\"WebPage\",\"@id\":\"https:\\\/\\\/hospitalcmq.com\\\/es\\\/seguro-de-salud\\\/\",\"url\":\"https:\\\/\\\/hospitalcmq.com\\\/es\\\/seguro-de-salud\\\/\",\"name\":\"Seguro de salud en Hospitales CMQ: aceptamos la mayor\u00eda de seguros\",\"isPartOf\":{\"@id\":\"https:\\\/\\\/hospitalcmq.com\\\/es\\\/#website\"},\"primaryImageOfPage\":{\"@id\":\"https:\\\/\\\/hospitalcmq.com\\\/es\\\/seguro-de-salud\\\/#primaryimage\"},\"image\":{\"@id\":\"https:\\\/\\\/hospitalcmq.com\\\/es\\\/seguro-de-salud\\\/#primaryimage\"},\"thumbnailUrl\":\"https:\\\/\\\/hospitalcmq.com\\\/wp-content\\\/uploads\\\/2019\\\/02\\\/health-insurance.jpg\",\"datePublished\":\"2018-12-10T20:16:52+00:00\",\"dateModified\":\"2020-08-04T16:07:51+00:00\",\"description\":\"Contar con un seguro de salud puede ser la mejor opci\u00f3n cuando sales de viaje. Estos son los planes y empresas de seguros que aceptamos en Hospitales CMQ.\",\"breadcrumb\":{\"@id\":\"https:\\\/\\\/hospitalcmq.com\\\/es\\\/seguro-de-salud\\\/#breadcrumb\"},\"inLanguage\":\"es\",\"potentialAction\":[{\"@type\":\"ReadAction\",\"target\":[\"https:\\\/\\\/hospitalcmq.com\\\/es\\\/seguro-de-salud\\\/\"]}]},{\"@type\":\"ImageObject\",\"inLanguage\":\"es\",\"@id\":\"https:\\\/\\\/hospitalcmq.com\\\/es\\\/seguro-de-salud\\\/#primaryimage\",\"url\":\"https:\\\/\\\/hospitalcmq.com\\\/wp-content\\\/uploads\\\/2019\\\/02\\\/health-insurance.jpg\",\"contentUrl\":\"https:\\\/\\\/hospitalcmq.com\\\/wp-content\\\/uploads\\\/2019\\\/02\\\/health-insurance.jpg\",\"width\":1110,\"height\":300,\"caption\":\"Health insurance Hospital CMQ Puerto Vallarta\"},{\"@type\":\"BreadcrumbList\",\"@id\":\"https:\\\/\\\/hospitalcmq.com\\\/es\\\/seguro-de-salud\\\/#breadcrumb\",\"itemListElement\":[{\"@type\":\"ListItem\",\"position\":1,\"name\":\"Home\",\"item\":\"https:\\\/\\\/hospitalcmq.com\\\/es\\\/\"},{\"@type\":\"ListItem\",\"position\":2,\"name\":\"Seguro de Salud\"}]},{\"@type\":\"WebSite\",\"@id\":\"https:\\\/\\\/hospitalcmq.com\\\/es\\\/#website\",\"url\":\"https:\\\/\\\/hospitalcmq.com\\\/es\\\/\",\"name\":\"Hospital CMQ\",\"description\":\"Best Hospitals in Puerto Vallarta &amp; Riviera Nayarit\",\"publisher\":{\"@id\":\"https:\\\/\\\/hospitalcmq.com\\\/es\\\/#organization\"},\"potentialAction\":[{\"@type\":\"SearchAction\",\"target\":{\"@type\":\"EntryPoint\",\"urlTemplate\":\"https:\\\/\\\/hospitalcmq.com\\\/es\\\/?s={search_term_string}\"},\"query-input\":{\"@type\":\"PropertyValueSpecification\",\"valueRequired\":true,\"valueName\":\"search_term_string\"}}],\"inLanguage\":\"es\"},{\"@type\":\"Organization\",\"@id\":\"https:\\\/\\\/hospitalcmq.com\\\/es\\\/#organization\",\"name\":\"Hospital CMQ\",\"url\":\"https:\\\/\\\/hospitalcmq.com\\\/es\\\/\",\"logo\":{\"@type\":\"ImageObject\",\"inLanguage\":\"es\",\"@id\":\"https:\\\/\\\/hospitalcmq.com\\\/es\\\/#\\\/schema\\\/logo\\\/image\\\/\",\"url\":\"https:\\\/\\\/hospitalcmq.com\\\/wp-content\\\/uploads\\\/2018\\\/06\\\/cmq-hospital-logo.png\",\"contentUrl\":\"https:\\\/\\\/hospitalcmq.com\\\/wp-content\\\/uploads\\\/2018\\\/06\\\/cmq-hospital-logo.png\",\"width\":214,\"height\":189,\"caption\":\"Hospital CMQ\"},\"image\":{\"@id\":\"https:\\\/\\\/hospitalcmq.com\\\/es\\\/#\\\/schema\\\/logo\\\/image\\\/\"},\"sameAs\":[\"https:\\\/\\\/www.facebook.com\\\/HospitalCMQ\"]}]}<\/script>\n<!-- \/ Yoast SEO plugin. -->","yoast_head_json":{"title":"Seguro de salud en Hospitales CMQ: aceptamos la mayor\u00eda de seguros","description":"Contar con un seguro de salud puede ser la mejor opci\u00f3n cuando sales de viaje. Estos son los planes y empresas de seguros que aceptamos en Hospitales CMQ.","robots":{"index":"index","follow":"follow","max-snippet":"max-snippet:-1","max-image-preview":"max-image-preview:large","max-video-preview":"max-video-preview:-1"},"canonical":"https:\/\/hospitalcmq.com\/es\/seguro-de-salud\/","og_locale":"es_ES","og_type":"article","og_title":"Seguro de salud en Hospitales CMQ: aceptamos la mayor\u00eda de seguros","og_description":"Contar con un seguro de salud puede ser la mejor opci\u00f3n cuando sales de viaje. Estos son los planes y empresas de seguros que aceptamos en Hospitales CMQ.","og_url":"https:\/\/hospitalcmq.com\/es\/seguro-de-salud\/","og_site_name":"Hospital CMQ","article_publisher":"https:\/\/www.facebook.com\/HospitalCMQ","article_modified_time":"2020-08-04T16:07:51+00:00","og_image":[{"width":1110,"height":300,"url":"https:\/\/hospitalcmq.com\/wp-content\/uploads\/2019\/02\/health-insurance.jpg","type":"image\/jpeg"}],"twitter_card":"summary_large_image","twitter_misc":{"Tiempo de lectura":"1 minuto"},"schema":{"@context":"https:\/\/schema.org","@graph":[{"@type":"WebPage","@id":"https:\/\/hospitalcmq.com\/es\/seguro-de-salud\/","url":"https:\/\/hospitalcmq.com\/es\/seguro-de-salud\/","name":"Seguro de salud en Hospitales CMQ: aceptamos la mayor\u00eda de seguros","isPartOf":{"@id":"https:\/\/hospitalcmq.com\/es\/#website"},"primaryImageOfPage":{"@id":"https:\/\/hospitalcmq.com\/es\/seguro-de-salud\/#primaryimage"},"image":{"@id":"https:\/\/hospitalcmq.com\/es\/seguro-de-salud\/#primaryimage"},"thumbnailUrl":"https:\/\/hospitalcmq.com\/wp-content\/uploads\/2019\/02\/health-insurance.jpg","datePublished":"2018-12-10T20:16:52+00:00","dateModified":"2020-08-04T16:07:51+00:00","description":"Contar con un seguro de salud puede ser la mejor opci\u00f3n cuando sales de viaje. Estos son los planes y empresas de seguros que aceptamos en Hospitales CMQ.","breadcrumb":{"@id":"https:\/\/hospitalcmq.com\/es\/seguro-de-salud\/#breadcrumb"},"inLanguage":"es","potentialAction":[{"@type":"ReadAction","target":["https:\/\/hospitalcmq.com\/es\/seguro-de-salud\/"]}]},{"@type":"ImageObject","inLanguage":"es","@id":"https:\/\/hospitalcmq.com\/es\/seguro-de-salud\/#primaryimage","url":"https:\/\/hospitalcmq.com\/wp-content\/uploads\/2019\/02\/health-insurance.jpg","contentUrl":"https:\/\/hospitalcmq.com\/wp-content\/uploads\/2019\/02\/health-insurance.jpg","width":1110,"height":300,"caption":"Health insurance Hospital CMQ Puerto Vallarta"},{"@type":"BreadcrumbList","@id":"https:\/\/hospitalcmq.com\/es\/seguro-de-salud\/#breadcrumb","itemListElement":[{"@type":"ListItem","position":1,"name":"Home","item":"https:\/\/hospitalcmq.com\/es\/"},{"@type":"ListItem","position":2,"name":"Seguro de Salud"}]},{"@type":"WebSite","@id":"https:\/\/hospitalcmq.com\/es\/#website","url":"https:\/\/hospitalcmq.com\/es\/","name":"Hospital CMQ","description":"Best Hospitals in Puerto Vallarta &amp; Riviera Nayarit","publisher":{"@id":"https:\/\/hospitalcmq.com\/es\/#organization"},"potentialAction":[{"@type":"SearchAction","target":{"@type":"EntryPoint","urlTemplate":"https:\/\/hospitalcmq.com\/es\/?s={search_term_string}"},"query-input":{"@type":"PropertyValueSpecification","valueRequired":true,"valueName":"search_term_string"}}],"inLanguage":"es"},{"@type":"Organization","@id":"https:\/\/hospitalcmq.com\/es\/#organization","name":"Hospital CMQ","url":"https:\/\/hospitalcmq.com\/es\/","logo":{"@type":"ImageObject","inLanguage":"es","@id":"https:\/\/hospitalcmq.com\/es\/#\/schema\/logo\/image\/","url":"https:\/\/hospitalcmq.com\/wp-content\/uploads\/2018\/06\/cmq-hospital-logo.png","contentUrl":"https:\/\/hospitalcmq.com\/wp-content\/uploads\/2018\/06\/cmq-hospital-logo.png","width":214,"height":189,"caption":"Hospital CMQ"},"image":{"@id":"https:\/\/hospitalcmq.com\/es\/#\/schema\/logo\/image\/"},"sameAs":["https:\/\/www.facebook.com\/HospitalCMQ"]}]}},"_links":{"self":[{"href":"https:\/\/hospitalcmq.com\/es\/wp-json\/wp\/v2\/pages\/4161","targetHints":{"allow":["GET"]}}],"collection":[{"href":"https:\/\/hospitalcmq.com\/es\/wp-json\/wp\/v2\/pages"}],"about":[{"href":"https:\/\/hospitalcmq.com\/es\/wp-json\/wp\/v2\/types\/page"}],"author":[{"embeddable":true,"href":"https:\/\/hospitalcmq.com\/es\/wp-json\/wp\/v2\/users\/1"}],"replies":[{"embeddable":true,"href":"https:\/\/hospitalcmq.com\/es\/wp-json\/wp\/v2\/comments?post=4161"}],"version-history":[{"count":0,"href":"https:\/\/hospitalcmq.com\/es\/wp-json\/wp\/v2\/pages\/4161\/revisions"}],"wp:featuredmedia":[{"embeddable":true,"href":"https:\/\/hospitalcmq.com\/es\/wp-json\/wp\/v2\/media\/4606"}],"wp:attachment":[{"href":"https:\/\/hospitalcmq.com\/es\/wp-json\/wp\/v2\/media?parent=4161"}],"curies":[{"name":"wp","href":"https:\/\/api.w.org\/{rel}","templated":true}]}}