{"id":4148,"date":"2018-12-10T13:32:24","date_gmt":"2018-12-10T19:32:24","guid":{"rendered":"https:\/\/hospitalcmq.com\/servicios-medicos\/"},"modified":"2023-07-20T17:08:21","modified_gmt":"2023-07-20T23:08:21","slug":"servicios-medicos","status":"publish","type":"page","link":"https:\/\/hospitalcmq.com\/es\/servicios-medicos\/","title":{"rendered":"Servicios M\u00e9dicos"},"content":{"rendered":"<div class=\"wpb-content-wrapper\"><p>[vc_row][vc_column][vc_single_image image=\u00bb4600&#8243; img_size=\u00bbfull\u00bb alignment=\u00bbcenter\u00bb][\/vc_column][\/vc_row][vc_row][vc_column][vc_empty_space][vc_column_text]<\/p>\n<div class=\"block_style_similar text-center\">\n<div class=\"blockTitleAction\">\n<h1 class=\"title\">En Hospitales CMQ contamos con una amplia gama de servicios m\u00e9dicos exclusivos para ti<\/h1>\n<div class=\"desc px-0 px-lg-5 pb-0 pb-lg-3\">\n<p><span style=\"font-weight: 400;\">En Hospitales CMQ, queremos que tu estad\u00eda en nuestras instalaciones sea lo m\u00e1s placentera. Por lo que consideramos importante que conozcas nuestros servicios m\u00e9dicos hospitalarios y departamentos que se encuentran dentro de nuestros tres hospitales: <a href=\"https:\/\/hospitalcmq.com\/es\/hospital\/cmq-centro\/\">CMQ Centro<\/a>, <a href=\"https:\/\/hospitalcmq.com\/es\/hospital\/cmq-premiere\/\">CMQ Premiere<\/a> y <a href=\"https:\/\/hospitalcmq.com\/es\/hospital\/cmq-riviera-nayarit\/\">CMQ Riviera Nayarit<\/a>.<\/span><\/p>\n<\/div>\n<\/div>\n<\/div>\n<p>[\/vc_column_text][vc_empty_space][\/vc_column][\/vc_row]<\/p>\n<\/div>","protected":false},"excerpt":{"rendered":"<p>En Hospitales CMQ queremos que su estancia en nuestras instalaciones sea lo m\u00e1s placentera. Nos importa tu comodidad y tu experiencia. Por tal raz\u00f3n te invitamos a conocer nuestros servicios hospitalarios y departamentos que se encuentran en nuestros hospitales.<\/p>\n","protected":false},"author":1,"featured_media":4600,"parent":0,"menu_order":0,"comment_status":"closed","ping_status":"closed","template":"template-parent-page-menu.php","meta":{"footnotes":""},"class_list":["post-4148","page","type-page","status-publish","has-post-thumbnail","hentry"],"acf":[],"yoast_head":"<!-- This site is optimized with the Yoast SEO plugin v27.3 - https:\/\/yoast.com\/product\/yoast-seo-wordpress\/ -->\n<title>Servicios m\u00e9dicos disponibles 24\/7 en Hospitales CMQ<\/title>\n<meta name=\"description\" content=\"Servicios M\u00e9dicos que ofrecemos en nuestros Hospitales CMQ de Puerto Vallarta y Bucerias. Contamos con lo necesario para tus cuidados.\" \/>\n<meta name=\"robots\" content=\"index, follow, max-snippet:-1, max-image-preview:large, max-video-preview:-1\" \/>\n<link rel=\"canonical\" href=\"https:\/\/hospitalcmq.com\/es\/servicios-medicos\/\" \/>\n<meta property=\"og:locale\" content=\"es_ES\" \/>\n<meta property=\"og:type\" content=\"article\" \/>\n<meta property=\"og:title\" content=\"Servicios m\u00e9dicos disponibles 24\/7 en Hospitales CMQ\" \/>\n<meta property=\"og:description\" content=\"Servicios M\u00e9dicos que ofrecemos en nuestros Hospitales CMQ de Puerto Vallarta y Bucerias. Contamos con lo necesario para tus cuidados.\" \/>\n<meta property=\"og:url\" content=\"https:\/\/hospitalcmq.com\/es\/servicios-medicos\/\" \/>\n<meta property=\"og:site_name\" content=\"Hospital CMQ\" \/>\n<meta property=\"article:publisher\" content=\"https:\/\/www.facebook.com\/HospitalCMQ\" \/>\n<meta property=\"article:modified_time\" content=\"2023-07-20T23:08:21+00:00\" \/>\n<meta property=\"og:image\" content=\"https:\/\/hospitalcmq.com\/wp-content\/uploads\/2019\/02\/seguros-medicos.jpg\" \/>\n\t<meta property=\"og:image:width\" content=\"1110\" \/>\n\t<meta property=\"og:image:height\" content=\"300\" \/>\n\t<meta property=\"og:image:type\" content=\"image\/jpeg\" \/>\n<meta name=\"twitter:card\" content=\"summary_large_image\" \/>\n<meta name=\"twitter:label1\" content=\"Tiempo de lectura\" \/>\n\t<meta name=\"twitter:data1\" content=\"1 minuto\" \/>\n<script type=\"application\/ld+json\" class=\"yoast-schema-graph\">{\"@context\":\"https:\\\/\\\/schema.org\",\"@graph\":[{\"@type\":\"WebPage\",\"@id\":\"https:\\\/\\\/hospitalcmq.com\\\/es\\\/servicios-medicos\\\/\",\"url\":\"https:\\\/\\\/hospitalcmq.com\\\/es\\\/servicios-medicos\\\/\",\"name\":\"Servicios m\u00e9dicos disponibles 24\\\/7 en Hospitales CMQ\",\"isPartOf\":{\"@id\":\"https:\\\/\\\/hospitalcmq.com\\\/es\\\/#website\"},\"primaryImageOfPage\":{\"@id\":\"https:\\\/\\\/hospitalcmq.com\\\/es\\\/servicios-medicos\\\/#primaryimage\"},\"image\":{\"@id\":\"https:\\\/\\\/hospitalcmq.com\\\/es\\\/servicios-medicos\\\/#primaryimage\"},\"thumbnailUrl\":\"https:\\\/\\\/hospitalcmq.com\\\/wp-content\\\/uploads\\\/2019\\\/02\\\/seguros-medicos.jpg\",\"datePublished\":\"2018-12-10T19:32:24+00:00\",\"dateModified\":\"2023-07-20T23:08:21+00:00\",\"description\":\"Servicios M\u00e9dicos que ofrecemos en nuestros Hospitales CMQ de Puerto Vallarta y Bucerias. Contamos con lo necesario para tus cuidados.\",\"breadcrumb\":{\"@id\":\"https:\\\/\\\/hospitalcmq.com\\\/es\\\/servicios-medicos\\\/#breadcrumb\"},\"inLanguage\":\"es\",\"potentialAction\":[{\"@type\":\"ReadAction\",\"target\":[\"https:\\\/\\\/hospitalcmq.com\\\/es\\\/servicios-medicos\\\/\"]}]},{\"@type\":\"ImageObject\",\"inLanguage\":\"es\",\"@id\":\"https:\\\/\\\/hospitalcmq.com\\\/es\\\/servicios-medicos\\\/#primaryimage\",\"url\":\"https:\\\/\\\/hospitalcmq.com\\\/wp-content\\\/uploads\\\/2019\\\/02\\\/seguros-medicos.jpg\",\"contentUrl\":\"https:\\\/\\\/hospitalcmq.com\\\/wp-content\\\/uploads\\\/2019\\\/02\\\/seguros-medicos.jpg\",\"width\":1110,\"height\":300,\"caption\":\"Servicios M\u00e9dicos en Hospitales CMQ\"},{\"@type\":\"BreadcrumbList\",\"@id\":\"https:\\\/\\\/hospitalcmq.com\\\/es\\\/servicios-medicos\\\/#breadcrumb\",\"itemListElement\":[{\"@type\":\"ListItem\",\"position\":1,\"name\":\"Home\",\"item\":\"https:\\\/\\\/hospitalcmq.com\\\/es\\\/\"},{\"@type\":\"ListItem\",\"position\":2,\"name\":\"Servicios M\u00e9dicos\"}]},{\"@type\":\"WebSite\",\"@id\":\"https:\\\/\\\/hospitalcmq.com\\\/es\\\/#website\",\"url\":\"https:\\\/\\\/hospitalcmq.com\\\/es\\\/\",\"name\":\"Hospital CMQ\",\"description\":\"Best Hospitals in Puerto Vallarta &amp; Riviera Nayarit\",\"publisher\":{\"@id\":\"https:\\\/\\\/hospitalcmq.com\\\/es\\\/#organization\"},\"potentialAction\":[{\"@type\":\"SearchAction\",\"target\":{\"@type\":\"EntryPoint\",\"urlTemplate\":\"https:\\\/\\\/hospitalcmq.com\\\/es\\\/?s={search_term_string}\"},\"query-input\":{\"@type\":\"PropertyValueSpecification\",\"valueRequired\":true,\"valueName\":\"search_term_string\"}}],\"inLanguage\":\"es\"},{\"@type\":\"Organization\",\"@id\":\"https:\\\/\\\/hospitalcmq.com\\\/es\\\/#organization\",\"name\":\"Hospital CMQ\",\"url\":\"https:\\\/\\\/hospitalcmq.com\\\/es\\\/\",\"logo\":{\"@type\":\"ImageObject\",\"inLanguage\":\"es\",\"@id\":\"https:\\\/\\\/hospitalcmq.com\\\/es\\\/#\\\/schema\\\/logo\\\/image\\\/\",\"url\":\"https:\\\/\\\/hospitalcmq.com\\\/wp-content\\\/uploads\\\/2018\\\/06\\\/cmq-hospital-logo.png\",\"contentUrl\":\"https:\\\/\\\/hospitalcmq.com\\\/wp-content\\\/uploads\\\/2018\\\/06\\\/cmq-hospital-logo.png\",\"width\":214,\"height\":189,\"caption\":\"Hospital CMQ\"},\"image\":{\"@id\":\"https:\\\/\\\/hospitalcmq.com\\\/es\\\/#\\\/schema\\\/logo\\\/image\\\/\"},\"sameAs\":[\"https:\\\/\\\/www.facebook.com\\\/HospitalCMQ\"]}]}<\/script>\n<!-- \/ Yoast SEO plugin. -->","yoast_head_json":{"title":"Servicios m\u00e9dicos disponibles 24\/7 en Hospitales CMQ","description":"Servicios M\u00e9dicos que ofrecemos en nuestros Hospitales CMQ de Puerto Vallarta y Bucerias. Contamos con lo necesario para tus cuidados.","robots":{"index":"index","follow":"follow","max-snippet":"max-snippet:-1","max-image-preview":"max-image-preview:large","max-video-preview":"max-video-preview:-1"},"canonical":"https:\/\/hospitalcmq.com\/es\/servicios-medicos\/","og_locale":"es_ES","og_type":"article","og_title":"Servicios m\u00e9dicos disponibles 24\/7 en Hospitales CMQ","og_description":"Servicios M\u00e9dicos que ofrecemos en nuestros Hospitales CMQ de Puerto Vallarta y Bucerias. Contamos con lo necesario para tus cuidados.","og_url":"https:\/\/hospitalcmq.com\/es\/servicios-medicos\/","og_site_name":"Hospital CMQ","article_publisher":"https:\/\/www.facebook.com\/HospitalCMQ","article_modified_time":"2023-07-20T23:08:21+00:00","og_image":[{"width":1110,"height":300,"url":"https:\/\/hospitalcmq.com\/wp-content\/uploads\/2019\/02\/seguros-medicos.jpg","type":"image\/jpeg"}],"twitter_card":"summary_large_image","twitter_misc":{"Tiempo de lectura":"1 minuto"},"schema":{"@context":"https:\/\/schema.org","@graph":[{"@type":"WebPage","@id":"https:\/\/hospitalcmq.com\/es\/servicios-medicos\/","url":"https:\/\/hospitalcmq.com\/es\/servicios-medicos\/","name":"Servicios m\u00e9dicos disponibles 24\/7 en Hospitales CMQ","isPartOf":{"@id":"https:\/\/hospitalcmq.com\/es\/#website"},"primaryImageOfPage":{"@id":"https:\/\/hospitalcmq.com\/es\/servicios-medicos\/#primaryimage"},"image":{"@id":"https:\/\/hospitalcmq.com\/es\/servicios-medicos\/#primaryimage"},"thumbnailUrl":"https:\/\/hospitalcmq.com\/wp-content\/uploads\/2019\/02\/seguros-medicos.jpg","datePublished":"2018-12-10T19:32:24+00:00","dateModified":"2023-07-20T23:08:21+00:00","description":"Servicios M\u00e9dicos que ofrecemos en nuestros Hospitales CMQ de Puerto Vallarta y Bucerias. Contamos con lo necesario para tus cuidados.","breadcrumb":{"@id":"https:\/\/hospitalcmq.com\/es\/servicios-medicos\/#breadcrumb"},"inLanguage":"es","potentialAction":[{"@type":"ReadAction","target":["https:\/\/hospitalcmq.com\/es\/servicios-medicos\/"]}]},{"@type":"ImageObject","inLanguage":"es","@id":"https:\/\/hospitalcmq.com\/es\/servicios-medicos\/#primaryimage","url":"https:\/\/hospitalcmq.com\/wp-content\/uploads\/2019\/02\/seguros-medicos.jpg","contentUrl":"https:\/\/hospitalcmq.com\/wp-content\/uploads\/2019\/02\/seguros-medicos.jpg","width":1110,"height":300,"caption":"Servicios M\u00e9dicos en Hospitales CMQ"},{"@type":"BreadcrumbList","@id":"https:\/\/hospitalcmq.com\/es\/servicios-medicos\/#breadcrumb","itemListElement":[{"@type":"ListItem","position":1,"name":"Home","item":"https:\/\/hospitalcmq.com\/es\/"},{"@type":"ListItem","position":2,"name":"Servicios M\u00e9dicos"}]},{"@type":"WebSite","@id":"https:\/\/hospitalcmq.com\/es\/#website","url":"https:\/\/hospitalcmq.com\/es\/","name":"Hospital CMQ","description":"Best Hospitals in Puerto Vallarta &amp; Riviera Nayarit","publisher":{"@id":"https:\/\/hospitalcmq.com\/es\/#organization"},"potentialAction":[{"@type":"SearchAction","target":{"@type":"EntryPoint","urlTemplate":"https:\/\/hospitalcmq.com\/es\/?s={search_term_string}"},"query-input":{"@type":"PropertyValueSpecification","valueRequired":true,"valueName":"search_term_string"}}],"inLanguage":"es"},{"@type":"Organization","@id":"https:\/\/hospitalcmq.com\/es\/#organization","name":"Hospital CMQ","url":"https:\/\/hospitalcmq.com\/es\/","logo":{"@type":"ImageObject","inLanguage":"es","@id":"https:\/\/hospitalcmq.com\/es\/#\/schema\/logo\/image\/","url":"https:\/\/hospitalcmq.com\/wp-content\/uploads\/2018\/06\/cmq-hospital-logo.png","contentUrl":"https:\/\/hospitalcmq.com\/wp-content\/uploads\/2018\/06\/cmq-hospital-logo.png","width":214,"height":189,"caption":"Hospital CMQ"},"image":{"@id":"https:\/\/hospitalcmq.com\/es\/#\/schema\/logo\/image\/"},"sameAs":["https:\/\/www.facebook.com\/HospitalCMQ"]}]}},"_links":{"self":[{"href":"https:\/\/hospitalcmq.com\/es\/wp-json\/wp\/v2\/pages\/4148","targetHints":{"allow":["GET"]}}],"collection":[{"href":"https:\/\/hospitalcmq.com\/es\/wp-json\/wp\/v2\/pages"}],"about":[{"href":"https:\/\/hospitalcmq.com\/es\/wp-json\/wp\/v2\/types\/page"}],"author":[{"embeddable":true,"href":"https:\/\/hospitalcmq.com\/es\/wp-json\/wp\/v2\/users\/1"}],"replies":[{"embeddable":true,"href":"https:\/\/hospitalcmq.com\/es\/wp-json\/wp\/v2\/comments?post=4148"}],"version-history":[{"count":0,"href":"https:\/\/hospitalcmq.com\/es\/wp-json\/wp\/v2\/pages\/4148\/revisions"}],"wp:featuredmedia":[{"embeddable":true,"href":"https:\/\/hospitalcmq.com\/es\/wp-json\/wp\/v2\/media\/4600"}],"wp:attachment":[{"href":"https:\/\/hospitalcmq.com\/es\/wp-json\/wp\/v2\/media?parent=4148"}],"curies":[{"name":"wp","href":"https:\/\/api.w.org\/{rel}","templated":true}]}}