{"id":3489,"date":"2018-09-18T12:34:06","date_gmt":"2018-09-18T17:34:06","guid":{"rendered":"https:\/\/hospitalcmq.com\/vacaciones\/bahia-de-banderas-una-de-las-mas-bellas-de-mexico\/"},"modified":"2019-06-13T08:56:40","modified_gmt":"2019-06-13T13:56:40","slug":"bahia-de-banderas","status":"publish","type":"page","link":"https:\/\/hospitalcmq.com\/es\/vacaciones\/bahia-de-banderas\/","title":{"rendered":"Bah\u00eda de Banderas, una de las m\u00e1s Bellas de M\u00e9xico"},"content":{"rendered":"<div class=\"wpb-content-wrapper\"><p>[vc_row][vc_column width=\u00bb3\/4&#8243;][vc_custom_heading source=\u00bbpost_title\u00bb font_container=\u00bbtag:h1|text_align:left\u00bb use_theme_fonts=\u00bbyes\u00bb el_class=\u00bbtitle\u00bb][vc_column_text]<span style=\"font-weight: 400;\">Ubicada entre los estados de Jalisco y Nayarit, se encuentra la bah\u00eda m\u00e1s hermosa de este pa\u00eds. Debido a la manera en que se ha proporcionado la infraestructura y las comodidades requeridas para satisfacer las necesidades del turismo, \u00e9sta forma parte del muy exclusivo \u00abClub de bah\u00edas m\u00e1s bellas del mundo\u00bb, con sede en Francia. Con un litoral de 68 kil\u00f3metros, la Bah\u00eda de Banderas es el hogar de fant\u00e1sticas playas y atractivos paisajes, que han permitido desarrollar actividades tur\u00edsticas.<\/span><\/p>\n<p><span style=\"font-weight: 400;\">Sus amplios valles, cuerpos de agua y monta\u00f1as re\u00fanen un importante embalse ecol\u00f3gico. El clima es c\u00e1lido subh\u00famedo, con precipitaciones en el verano, de junio a septiembre, lo que adem\u00e1s permiti\u00f3 albergar los <\/span><b>XVI Juegos Panamericanos en el a\u00f1o 2011.<\/b><\/p>\n<p><span style=\"font-weight: 400;\">El r\u00edo Ameca se derrama en el oc\u00e9ano aqu\u00ed y es el punto de partida de la Riviera Nayarit. La bah\u00eda est\u00e1 delimitada al norte por Punta Mita y al sur por Cabo Corrientes; dentro de su territorio se encuentra su principal destino tur\u00edstico: <\/span><b>Puerto Vallarta<\/b><span style=\"font-weight: 400;\">, adem\u00e1s de otros pueblos como <\/span><b>Jarretaderas, Flamingos, Bucer\u00edas, La Cruz de Huanacaxtle o Punta de Mita.<\/b><\/p>\n<p><span style=\"font-weight: 400;\">La Bah\u00eda de Banderas es tambi\u00e9n una regi\u00f3n importante enfocada en la protecci\u00f3n y preservaci\u00f3n de varias especies animales, una de ellas es el apareamiento y nacimiento de <\/span><b>ballenas jorobadas (Megaptera novaeangliae)<\/b><span style=\"font-weight: 400;\">\u00a0durante la temporada de invierno; Hay varios paseos para observar a estas criaturas gigantescas que visitan nuestra bah\u00eda de una manera adecuada y respetuosa. Otra actividad tiene lugar en la localidad de <\/span><b>Teopa<\/b><span style=\"font-weight: 400;\">, entre los meses de noviembre a enero, cuando llevan a cabo su programa de <\/span><b>protecci\u00f3n de tortugas marinas.<\/b><\/p>\n<p><span style=\"font-weight: 400;\">Como cualquier santuario costero, su cocina principal se basa en los mariscos, siendo el pescado y el camar\u00f3n los m\u00e1s favorecidos. Pero cuando se trata de tradici\u00f3n, el <\/span><b>\u00absoporrondongo\u00bb<\/b><span style=\"font-weight: 400;\"> es la estrella principal de la regi\u00f3n: u<\/span><span style=\"font-weight: 400;\">n plato hecho con un tamal de ma\u00edz al lado de un pescado frito o camarones a la parrilla preparados en varas.<\/span><\/p>\n<p><span style=\"font-weight: 400;\">Uno de los festivales m\u00e1s deslumbrantes celebrados a\u00f1o tras a\u00f1o en esta bah\u00eda es la <\/span><b>Regatta Internacional<\/b><span style=\"font-weight: 400;\">, donde los barcos y yates se enfrentan en este para\u00edso tropical; \u00e9ste es considerado como uno de los cruceros de regata m\u00e1s grandes del mundo y el m\u00e1s antiguo en la costa oeste de M\u00e9xico.<\/span><\/p>\n<p><span style=\"font-weight: 400;\">A lo largo de toda la Bah\u00eda de Banderas, pero principalmente en la localidad de <\/span><b>La Cruz<\/b><span style=\"font-weight: 400;\">, usted puede encontrar y adquirir numerosas artesan\u00edas creadas por los\u00a0<\/span><b>Pueblos Huichol y Cora, con madera tallada, as\u00ed como trabajos en plata<\/b><span style=\"font-weight: 400;\">. Otros lugares cercanos para pasear son los pueblos de San Juan de Abajo, San Jos\u00e9 del Valle y El Colomo, ideales para quienes disfrutan admirar la arquitectura relacionada con la religi\u00f3n a trav\u00e9s de sus iglesias.<\/span>[\/vc_column_text][\/vc_column][vc_column width=\u00bb1\/4&#8243;][vc_raw_html]JTNDaGdyb3VwJTNFJTBBJTNDZGl2JTNFJTBBJTNDaDUlM0VFTUVSR0VOQ0lBUyUyMEhPU1BJVEFMJTIwQ01RJTIwQ0VOVFJPJTNDJTJGaDUlM0UlMEElM0NwJTIwY2xhc3MlM0QlMjIlMjIlM0UlM0NhJTIwaHJlZiUzRCUyMnRlbCUzQSUyQjUyMzIyMjIzMTkxOSUyMiUzRSUyMCUyODMyMiUyOSUyMDIyMy0xOTE5JTIwJTNDJTJGYSUzRSUzQyUyRnAlM0UlMEElMEElM0MlMkZkaXYlM0UlMEElM0NwJTIwY2xhc3MlM0QlMjJhZGRyZXNzJTIyJTNFQmFzaWxpbyUyMEJhZGlsbG8lMjAzNjUlMkMlMjBQdWVydG8lMjBWYWxsYXJ0YSUyQyUyMEphbC4lM0MlMkZwJTNFJTBBJTNDJTJGaGdyb3VwJTNF[\/vc_raw_html][vc_raw_html]JTNDaGdyb3VwJTNFJTBBJTNDZGl2JTNFJTBBJTNDaDUlM0VFTUVSR0VOQ0lBUyUyMEhPU1BJVEFMJTIwQ01RJTIwUFJFTUlFUkUlM0MlMkZoNSUzRSUwQSUzQ3AlMjBjbGFzcyUzRCUyMiUyMiUzRSUzQ2ElMjBocmVmJTNEJTIydGVsJTNBJTJCNTIzMjIyMjY2NTAwJTIyJTNFJTIwJTI4MzIyJTI5JTIwMjI2LTY1MDAlMjAlM0MlMkZhJTNFJTNDJTJGcCUzRSUwQSUwQSUzQyUyRmRpdiUzRSUwQSUzQ3AlMjBjbGFzcyUzRCUyMmFkZHJlc3MlMjIlM0VBdi4lMjBGcmFuY2lzY28lMjBWaWxsYSUyMDE3NDklMkMlMjBQdWVydG8lMjBWYWxsYXJ0YSUyQyUyMEphbC4lM0MlMkZwJTNFJTBBJTNDJTJGaGdyb3VwJTNF[\/vc_raw_html][vc_raw_html]JTNDaGdyb3VwJTNFJTBBJTNDZGl2JTNFJTBBJTNDaDUlM0VFTUVSR0VOQ0lBUyUyMEhPU1BJVEFMJTIwQ01RJTIwUklWSUVSQSUyME5BWUFSSVQlM0MlMkZoNSUzRSUwQSUzQ3AlMjBjbGFzcyUzRCUyMiUyMiUzRSUzQ2ElMjBocmVmJTNEJTIydGVsJTNBJTJCNTIzMjkyOTgwNzE3JTIyJTNFJTIwJTI4MzI5JTI5JTIwMjk4LTA3MTclMjAlM0MlMkZhJTNFJTNDJTJGcCUzRSUwQSUwQSUzQyUyRmRpdiUzRSUwQSUzQ3AlMjBjbGFzcyUzRCUyMmFkZHJlc3MlMjIlM0VBdi4lMjBIJUMzJUE5cm9lcyUyMGRlJTIwTmFjb3phcmklMjAyODAlMkMlMjBCdWNlciVDMyVBRGFzJTJDJTIwTmF5LiUzQyUyRnAlM0UlMEElM0MlMkZoZ3JvdXAlM0U=[\/vc_raw_html][vc_raw_html]JTNDaGdyb3VwJTNFJTBBJTNDZGl2JTNFJTBBJTNDaDUlM0VPRklDSU5BJTIwREUlMjBDT05WRU5DSU9ORVMlMjBZJTIwVklTSVRBTlRFUyUyMERFJTIwUFVFUlRPJTIwVkFMTEFSVEElM0MlMkZoNSUzRSUwQSUzQ3AlMjBjbGFzcyUzRCUyMiUyMiUzRSUzQ2ElMjBocmVmJTNEJTIydGVsJTNBJTJCNTIzMjIyMjQxMTc1JTIyJTNFJTIwJTI4MzIyJTI5JTIwMjI0JTIwMTE3NSUyMCUzQyUyRmElM0UlM0MlMkZwJTNFJTBBJTBBJTNDJTJGZGl2JTNFJTBBJTNDcCUyMGNsYXNzJTNEJTIyYWRkcmVzcyUyMiUzRUpvcyVDMyVBOSUyMENsZW1lbnRlJTIwT3JvemNvJTIwJTIzMTI1JTJDJTIwTG9jYWwlMjAxOCUyQyUyMExhcyUyMEdsb3JpYXMlMkMlMjBQdWVydG8lMjBWYWxsYXJ0YSUyQyUyMEphbC4lM0MlMkZwJTNFJTBBJTNDJTJGaGdyb3VwJTNF[\/vc_raw_html][vc_raw_html]JTNDaGdyb3VwJTNFJTBBJTNDZGl2JTNFJTBBJTNDaDUlM0VPRklDSU5BJTIwREUlMjBDT05HUkVTT1MlMjBZJTIwVklTSVRBTlRFUyUyMERFJTIwUklWSUVSQSUyME5BWUFSSVQlM0MlMkZoNSUzRSUwQSUzQ3AlMjBjbGFzcyUzRCUyMiUyMiUzRSUzQ2ElMjBocmVmJTNEJTIydGVsJTNBJTJCNTIzMjIyOTcyNTE2JTIyJTNFJTIwJTI4MzIyJTI5JTIwMjk3LTI1MTYlMjAlM0MlMkZhJTNFJTNDJTJGcCUzRSUwQSUwQSUzQyUyRmRpdiUzRSUwQSUzQ3AlMjBjbGFzcyUzRCUyMmFkZHJlc3MlMjIlM0VDZW50cm8lMjBFbXByZXNhcmlhbCUyQyUyMEF2LiUyMFBhc2VvJTIwZGUlMjBsb3MlMjBDb2NvdGVyb3MlMjAlMjM1NSUyQyUyMExvY2FsJTIwMjExMiUyQyUyME51ZXZvJTIwVmFsbGFydGElMkMlMjBOYXkuJTNDJTJGcCUzRSUwQSUzQyUyRmhncm91cCUzRQ==[\/vc_raw_html][vc_raw_html]JTNDaGdyb3VwJTNFJTBBJTNDZGl2JTNFJTBBJTNDaDUlM0VFTUJBSkFEQSUyMFklMjBBR0VOQ0lBJTIwQ09OU1VMQVIlMjBERSUyMEVTVEFESU9TJTIwVU5JRE9TJTIwREUlMjBBTSVDMyU4OVJJQ0ElMjBFTiUyME0lQzMlODlYSUNPJTNDJTJGaDUlM0UlMEElM0NwJTIwY2xhc3MlM0QlMjIlMjIlM0UlM0NhJTIwaHJlZiUzRCUyMnRlbCUzQSUyQjUyMzMzMjY4MjEwMCUyMiUzRSUyMCUyODMzMyUyOSUyMDI2OCUyMDIxMDAlMjAlM0MlMkZhJTNFJTNDJTJGcCUzRSUwQSUwQSUzQyUyRmRpdiUzRSUwQSUzQ3AlMjBjbGFzcyUzRCUyMmFkZHJlc3MlMjIlM0VQYXNlbyUyMGRlJTIwbG9zJTIwQ29jb3Rlcm9zJTIwJTIzODUlMkMlMjBMb2NhbCUyMEwtNyUyQyUyME51ZXZvJTIwVmFsbGFydGElMkMlMjBOYXkuJTNDJTJGcCUzRSUwQSUzQyUyRmhncm91cCUzRQ==[\/vc_raw_html][vc_raw_html]JTNDaGdyb3VwJTNFJTBBJTNDZGl2JTNFJTBBJTNDaDUlM0VQUk9URUNDSSVDMyU5M04lMjBDSVZJTCUyMFklMjBERVBBUlRBTUVOVE8lMjBERSUyMEJPTUJFUk9TJTIwREUlMjBCQUglQzMlOERBJTIwREUlMjBCQU5ERVJBUyUzQyUyRmg1JTNFJTBBJTNDcCUyMGNsYXNzJTNEJTIyJTIyJTNFJTNDYSUyMGhyZWYlM0QlMjJ0ZWwlM0ElMkI1MjMyMjExMzMyNTUlMjIlM0UlMjAlMjgzMjIlMjklMjAxMTMlMjAzMjU1JTIwJTNDJTJGYSUzRSUzQyUyRnAlM0UlMEElMEElM0MlMkZkaXYlM0UlMEElM0NwJTIwY2xhc3MlM0QlMjJhZGRyZXNzJTIyJTNFTSVDMyVBOXhpY28lMjAyMDAlMjA1MCUyQyUyME51ZXZvJTIwVmFsbGFydGElMkMlMjBOYXkuJTNDJTJGcCUzRSUwQSUzQyUyRmhncm91cCUzRQ==[\/vc_raw_html][vc_raw_html]JTNDaGdyb3VwJTNFJTBBJTNDZGl2JTNFJTBBJTNDaDUlM0VDUlVaJTIwUk9KQSUyMERFJTIwQkFIJUMzJThEQSUyMERFJTIwQkFOREVSQVMlM0MlMkZoNSUzRSUwQSUzQ3AlMjBjbGFzcyUzRCUyMiUyMiUzRSUzQ2ElMjBocmVmJTNEJTIydGVsJTNBJTJCNTIzMjIyOTU4NTk0JTIyJTNFJTIwJTI4MzIyJTI5JTIwMjk1LTg1OTQlMjAlM0MlMkZhJTNFJTNDJTJGcCUzRSUwQSUwQSUzQyUyRmRpdiUzRSUwQSUzQ3AlMjBjbGFzcyUzRCUyMmFkZHJlc3MlMjIlM0VDYXJyLiUyME1lemNhbGVzJTIwLSUyMFNhbiUyMFZpY2VudGUlMjAlMjMzNDMlMkMlMjBTYW4lMjBWaWNlbnRlJTJDJTIwTmF5LiUzQyUyRnAlM0UlMEElM0MlMkZoZ3JvdXAlM0U=[\/vc_raw_html][vc_raw_html]JTNDaGdyb3VwJTNFJTBBJTNDZGl2JTNFJTBBJTNDaDUlM0VERVBBUlRBTUVOVE8lMjBERSUyMFBPTElDJUMzJThEQSUyMERFJTIwQkFIJUMzJThEQSUyMERFJTIwQkFOREVSQVMlM0MlMkZoNSUzRSUwQSUzQ3AlMjBjbGFzcyUzRCUyMiUyMiUzRSUzQ2ElMjBocmVmJTNEJTIydGVsJTNBJTJCNTIzMjkyOTEwNjY2JTIyJTNFJTIwJTI4MzI5JTI5JTIwMjkxLTA2NjYlMjAlM0MlMkZhJTNFJTNDJTJGcCUzRSUwQSUwQSUzQyUyRmRpdiUzRSUwQSUzQyUyRmhncm91cCUzRQ==[\/vc_raw_html][vc_raw_html]JTNDaGdyb3VwJTNFJTBBJTNDZGl2JTNFJTBBJTNDaDUlM0VPRklDSU5BJTIwREUlMjBUUiVDMyU4MU5TSVRPJTIwTVVOSUNJUEFMJTNDJTJGaDUlM0UlMEElM0NwJTIwY2xhc3MlM0QlMjIlMjIlM0UlM0NhJTIwaHJlZiUzRCUyMnRlbCUzQSUyQjUyMzI5Mjk2NTIyOSUyMiUzRSUyMCUyODMyOSUyOSUyMDI5Ni01MjI5JTIwJTNDJTJGYSUzRSUzQyUyRnAlM0UlMEElMEElM0MlMkZkaXYlM0UlMEElM0MlMkZoZ3JvdXAlM0U=[\/vc_raw_html][\/vc_column][\/vc_row]<\/p>\n<\/div>","protected":false},"excerpt":{"rendered":"<p>Ubicada entre los estados de Jalisco y Nayarit, se encuentra la bah\u00eda m\u00e1s hermosa de este pa\u00eds. Debido a la manera en que se ha proporcionado la infraestructura y las comodidades requeridas para satisfacer las necesidades del turismo, \u00e9sta forma parte del muy exclusivo Club de bah\u00edas m\u00e1s bellas del mundo, con sede en Francia.<\/p>\n","protected":false},"author":1,"featured_media":1953,"parent":3439,"menu_order":0,"comment_status":"closed","ping_status":"closed","template":"template-vacations.php","meta":{"footnotes":""},"class_list":["post-3489","page","type-page","status-publish","has-post-thumbnail","hentry"],"acf":[],"yoast_head":"<!-- This site is optimized with the Yoast SEO plugin v27.4 - https:\/\/yoast.com\/product\/yoast-seo-wordpress\/ -->\n<title>Bah\u00eda de banderas, una de las bah\u00edas m\u00e1s bellas de M\u00e9xico te espera<\/title>\n<meta name=\"description\" content=\"Hogar de hermosas playas y paisajes encantados, Bah\u00eda de Banderas es un santuario costero. Disfruta de actividades tur\u00edsticas y un ambiente de relajaci\u00f3n.\" \/>\n<meta name=\"robots\" content=\"index, follow, max-snippet:-1, max-image-preview:large, max-video-preview:-1\" \/>\n<link rel=\"canonical\" href=\"https:\/\/hospitalcmq.com\/es\/vacaciones\/bahia-de-banderas\/\" \/>\n<meta property=\"og:locale\" content=\"es_ES\" \/>\n<meta property=\"og:type\" content=\"article\" \/>\n<meta property=\"og:title\" content=\"Bah\u00eda de banderas, una de las bah\u00edas m\u00e1s bellas de M\u00e9xico te espera\" \/>\n<meta property=\"og:description\" content=\"Hogar de hermosas playas y paisajes encantados, Bah\u00eda de Banderas es un santuario costero. Disfruta de actividades tur\u00edsticas y un ambiente de relajaci\u00f3n.\" \/>\n<meta property=\"og:url\" content=\"https:\/\/hospitalcmq.com\/es\/vacaciones\/bahia-de-banderas\/\" \/>\n<meta property=\"og:site_name\" content=\"Hospital CMQ\" \/>\n<meta property=\"article:publisher\" content=\"https:\/\/www.facebook.com\/HospitalCMQ\" \/>\n<meta property=\"article:modified_time\" content=\"2019-06-13T13:56:40+00:00\" \/>\n<meta property=\"og:image\" content=\"https:\/\/hospitalcmq.com\/wp-content\/uploads\/2018\/01\/Header_bahia_de_banderas.png\" \/>\n\t<meta property=\"og:image:width\" content=\"1400\" \/>\n\t<meta property=\"og:image:height\" content=\"525\" \/>\n\t<meta property=\"og:image:type\" content=\"image\/png\" \/>\n<meta name=\"twitter:card\" content=\"summary_large_image\" \/>\n<meta name=\"twitter:label1\" content=\"Tiempo de lectura\" \/>\n\t<meta name=\"twitter:data1\" content=\"4 minutos\" \/>\n<script type=\"application\/ld+json\" class=\"yoast-schema-graph\">{\"@context\":\"https:\\\/\\\/schema.org\",\"@graph\":[{\"@type\":\"WebPage\",\"@id\":\"https:\\\/\\\/hospitalcmq.com\\\/es\\\/vacaciones\\\/bahia-de-banderas\\\/\",\"url\":\"https:\\\/\\\/hospitalcmq.com\\\/es\\\/vacaciones\\\/bahia-de-banderas\\\/\",\"name\":\"Bah\u00eda de banderas, una de las bah\u00edas m\u00e1s bellas de M\u00e9xico te espera\",\"isPartOf\":{\"@id\":\"https:\\\/\\\/hospitalcmq.com\\\/es\\\/#website\"},\"primaryImageOfPage\":{\"@id\":\"https:\\\/\\\/hospitalcmq.com\\\/es\\\/vacaciones\\\/bahia-de-banderas\\\/#primaryimage\"},\"image\":{\"@id\":\"https:\\\/\\\/hospitalcmq.com\\\/es\\\/vacaciones\\\/bahia-de-banderas\\\/#primaryimage\"},\"thumbnailUrl\":\"https:\\\/\\\/hospitalcmq.com\\\/wp-content\\\/uploads\\\/2018\\\/01\\\/Header_bahia_de_banderas.png\",\"datePublished\":\"2018-09-18T17:34:06+00:00\",\"dateModified\":\"2019-06-13T13:56:40+00:00\",\"description\":\"Hogar de hermosas playas y paisajes encantados, Bah\u00eda de Banderas es un santuario costero. Disfruta de actividades tur\u00edsticas y un ambiente de relajaci\u00f3n.\",\"breadcrumb\":{\"@id\":\"https:\\\/\\\/hospitalcmq.com\\\/es\\\/vacaciones\\\/bahia-de-banderas\\\/#breadcrumb\"},\"inLanguage\":\"es\",\"potentialAction\":[{\"@type\":\"ReadAction\",\"target\":[\"https:\\\/\\\/hospitalcmq.com\\\/es\\\/vacaciones\\\/bahia-de-banderas\\\/\"]}]},{\"@type\":\"ImageObject\",\"inLanguage\":\"es\",\"@id\":\"https:\\\/\\\/hospitalcmq.com\\\/es\\\/vacaciones\\\/bahia-de-banderas\\\/#primaryimage\",\"url\":\"https:\\\/\\\/hospitalcmq.com\\\/wp-content\\\/uploads\\\/2018\\\/01\\\/Header_bahia_de_banderas.png\",\"contentUrl\":\"https:\\\/\\\/hospitalcmq.com\\\/wp-content\\\/uploads\\\/2018\\\/01\\\/Header_bahia_de_banderas.png\",\"width\":1400,\"height\":525,\"caption\":\"Header_bahia_de_banderas\"},{\"@type\":\"BreadcrumbList\",\"@id\":\"https:\\\/\\\/hospitalcmq.com\\\/es\\\/vacaciones\\\/bahia-de-banderas\\\/#breadcrumb\",\"itemListElement\":[{\"@type\":\"ListItem\",\"position\":1,\"name\":\"Home\",\"item\":\"https:\\\/\\\/hospitalcmq.com\\\/es\\\/\"},{\"@type\":\"ListItem\",\"position\":2,\"name\":\"Vacaciones\",\"item\":\"https:\\\/\\\/hospitalcmq.com\\\/es\\\/vacaciones\\\/\"},{\"@type\":\"ListItem\",\"position\":3,\"name\":\"Bah\u00eda de Banderas, una de las m\u00e1s Bellas de M\u00e9xico\"}]},{\"@type\":\"WebSite\",\"@id\":\"https:\\\/\\\/hospitalcmq.com\\\/es\\\/#website\",\"url\":\"https:\\\/\\\/hospitalcmq.com\\\/es\\\/\",\"name\":\"Hospital CMQ\",\"description\":\"Best Hospitals in Puerto Vallarta &amp; Riviera Nayarit\",\"publisher\":{\"@id\":\"https:\\\/\\\/hospitalcmq.com\\\/es\\\/#organization\"},\"potentialAction\":[{\"@type\":\"SearchAction\",\"target\":{\"@type\":\"EntryPoint\",\"urlTemplate\":\"https:\\\/\\\/hospitalcmq.com\\\/es\\\/?s={search_term_string}\"},\"query-input\":{\"@type\":\"PropertyValueSpecification\",\"valueRequired\":true,\"valueName\":\"search_term_string\"}}],\"inLanguage\":\"es\"},{\"@type\":\"Organization\",\"@id\":\"https:\\\/\\\/hospitalcmq.com\\\/es\\\/#organization\",\"name\":\"Hospital CMQ\",\"url\":\"https:\\\/\\\/hospitalcmq.com\\\/es\\\/\",\"logo\":{\"@type\":\"ImageObject\",\"inLanguage\":\"es\",\"@id\":\"https:\\\/\\\/hospitalcmq.com\\\/es\\\/#\\\/schema\\\/logo\\\/image\\\/\",\"url\":\"https:\\\/\\\/hospitalcmq.com\\\/wp-content\\\/uploads\\\/2018\\\/06\\\/cmq-hospital-logo.png\",\"contentUrl\":\"https:\\\/\\\/hospitalcmq.com\\\/wp-content\\\/uploads\\\/2018\\\/06\\\/cmq-hospital-logo.png\",\"width\":214,\"height\":189,\"caption\":\"Hospital CMQ\"},\"image\":{\"@id\":\"https:\\\/\\\/hospitalcmq.com\\\/es\\\/#\\\/schema\\\/logo\\\/image\\\/\"},\"sameAs\":[\"https:\\\/\\\/www.facebook.com\\\/HospitalCMQ\"]}]}<\/script>\n<!-- \/ Yoast SEO plugin. -->","yoast_head_json":{"title":"Bah\u00eda de banderas, una de las bah\u00edas m\u00e1s bellas de M\u00e9xico te espera","description":"Hogar de hermosas playas y paisajes encantados, Bah\u00eda de Banderas es un santuario costero. Disfruta de actividades tur\u00edsticas y un ambiente de relajaci\u00f3n.","robots":{"index":"index","follow":"follow","max-snippet":"max-snippet:-1","max-image-preview":"max-image-preview:large","max-video-preview":"max-video-preview:-1"},"canonical":"https:\/\/hospitalcmq.com\/es\/vacaciones\/bahia-de-banderas\/","og_locale":"es_ES","og_type":"article","og_title":"Bah\u00eda de banderas, una de las bah\u00edas m\u00e1s bellas de M\u00e9xico te espera","og_description":"Hogar de hermosas playas y paisajes encantados, Bah\u00eda de Banderas es un santuario costero. Disfruta de actividades tur\u00edsticas y un ambiente de relajaci\u00f3n.","og_url":"https:\/\/hospitalcmq.com\/es\/vacaciones\/bahia-de-banderas\/","og_site_name":"Hospital CMQ","article_publisher":"https:\/\/www.facebook.com\/HospitalCMQ","article_modified_time":"2019-06-13T13:56:40+00:00","og_image":[{"width":1400,"height":525,"url":"https:\/\/hospitalcmq.com\/wp-content\/uploads\/2018\/01\/Header_bahia_de_banderas.png","type":"image\/png"}],"twitter_card":"summary_large_image","twitter_misc":{"Tiempo de lectura":"4 minutos"},"schema":{"@context":"https:\/\/schema.org","@graph":[{"@type":"WebPage","@id":"https:\/\/hospitalcmq.com\/es\/vacaciones\/bahia-de-banderas\/","url":"https:\/\/hospitalcmq.com\/es\/vacaciones\/bahia-de-banderas\/","name":"Bah\u00eda de banderas, una de las bah\u00edas m\u00e1s bellas de M\u00e9xico te espera","isPartOf":{"@id":"https:\/\/hospitalcmq.com\/es\/#website"},"primaryImageOfPage":{"@id":"https:\/\/hospitalcmq.com\/es\/vacaciones\/bahia-de-banderas\/#primaryimage"},"image":{"@id":"https:\/\/hospitalcmq.com\/es\/vacaciones\/bahia-de-banderas\/#primaryimage"},"thumbnailUrl":"https:\/\/hospitalcmq.com\/wp-content\/uploads\/2018\/01\/Header_bahia_de_banderas.png","datePublished":"2018-09-18T17:34:06+00:00","dateModified":"2019-06-13T13:56:40+00:00","description":"Hogar de hermosas playas y paisajes encantados, Bah\u00eda de Banderas es un santuario costero. Disfruta de actividades tur\u00edsticas y un ambiente de relajaci\u00f3n.","breadcrumb":{"@id":"https:\/\/hospitalcmq.com\/es\/vacaciones\/bahia-de-banderas\/#breadcrumb"},"inLanguage":"es","potentialAction":[{"@type":"ReadAction","target":["https:\/\/hospitalcmq.com\/es\/vacaciones\/bahia-de-banderas\/"]}]},{"@type":"ImageObject","inLanguage":"es","@id":"https:\/\/hospitalcmq.com\/es\/vacaciones\/bahia-de-banderas\/#primaryimage","url":"https:\/\/hospitalcmq.com\/wp-content\/uploads\/2018\/01\/Header_bahia_de_banderas.png","contentUrl":"https:\/\/hospitalcmq.com\/wp-content\/uploads\/2018\/01\/Header_bahia_de_banderas.png","width":1400,"height":525,"caption":"Header_bahia_de_banderas"},{"@type":"BreadcrumbList","@id":"https:\/\/hospitalcmq.com\/es\/vacaciones\/bahia-de-banderas\/#breadcrumb","itemListElement":[{"@type":"ListItem","position":1,"name":"Home","item":"https:\/\/hospitalcmq.com\/es\/"},{"@type":"ListItem","position":2,"name":"Vacaciones","item":"https:\/\/hospitalcmq.com\/es\/vacaciones\/"},{"@type":"ListItem","position":3,"name":"Bah\u00eda de Banderas, una de las m\u00e1s Bellas de M\u00e9xico"}]},{"@type":"WebSite","@id":"https:\/\/hospitalcmq.com\/es\/#website","url":"https:\/\/hospitalcmq.com\/es\/","name":"Hospital CMQ","description":"Best Hospitals in Puerto Vallarta &amp; Riviera Nayarit","publisher":{"@id":"https:\/\/hospitalcmq.com\/es\/#organization"},"potentialAction":[{"@type":"SearchAction","target":{"@type":"EntryPoint","urlTemplate":"https:\/\/hospitalcmq.com\/es\/?s={search_term_string}"},"query-input":{"@type":"PropertyValueSpecification","valueRequired":true,"valueName":"search_term_string"}}],"inLanguage":"es"},{"@type":"Organization","@id":"https:\/\/hospitalcmq.com\/es\/#organization","name":"Hospital CMQ","url":"https:\/\/hospitalcmq.com\/es\/","logo":{"@type":"ImageObject","inLanguage":"es","@id":"https:\/\/hospitalcmq.com\/es\/#\/schema\/logo\/image\/","url":"https:\/\/hospitalcmq.com\/wp-content\/uploads\/2018\/06\/cmq-hospital-logo.png","contentUrl":"https:\/\/hospitalcmq.com\/wp-content\/uploads\/2018\/06\/cmq-hospital-logo.png","width":214,"height":189,"caption":"Hospital CMQ"},"image":{"@id":"https:\/\/hospitalcmq.com\/es\/#\/schema\/logo\/image\/"},"sameAs":["https:\/\/www.facebook.com\/HospitalCMQ"]}]}},"_links":{"self":[{"href":"https:\/\/hospitalcmq.com\/es\/wp-json\/wp\/v2\/pages\/3489","targetHints":{"allow":["GET"]}}],"collection":[{"href":"https:\/\/hospitalcmq.com\/es\/wp-json\/wp\/v2\/pages"}],"about":[{"href":"https:\/\/hospitalcmq.com\/es\/wp-json\/wp\/v2\/types\/page"}],"author":[{"embeddable":true,"href":"https:\/\/hospitalcmq.com\/es\/wp-json\/wp\/v2\/users\/1"}],"replies":[{"embeddable":true,"href":"https:\/\/hospitalcmq.com\/es\/wp-json\/wp\/v2\/comments?post=3489"}],"version-history":[{"count":0,"href":"https:\/\/hospitalcmq.com\/es\/wp-json\/wp\/v2\/pages\/3489\/revisions"}],"up":[{"embeddable":true,"href":"https:\/\/hospitalcmq.com\/es\/wp-json\/wp\/v2\/pages\/3439"}],"wp:featuredmedia":[{"embeddable":true,"href":"https:\/\/hospitalcmq.com\/es\/wp-json\/wp\/v2\/media\/1953"}],"wp:attachment":[{"href":"https:\/\/hospitalcmq.com\/es\/wp-json\/wp\/v2\/media?parent=3489"}],"curies":[{"name":"wp","href":"https:\/\/api.w.org\/{rel}","templated":true}]}}