{"id":3479,"date":"2018-09-18T12:21:50","date_gmt":"2018-09-18T17:21:50","guid":{"rendered":"https:\/\/hospitalcmq.com\/vacaciones\/bucerias-lugar-de-los-buceadores\/"},"modified":"2019-06-13T09:04:06","modified_gmt":"2019-06-13T14:04:06","slug":"bucerias-lugar-de-los-buceadores","status":"publish","type":"page","link":"https:\/\/hospitalcmq.com\/es\/vacaciones\/bucerias-lugar-de-los-buceadores\/","title":{"rendered":"Bucer\u00edas, Lugar de Buzos"},"content":{"rendered":"<div class=\"wpb-content-wrapper\"><p>[vc_row][vc_column width=\u00bb3\/4&#8243;][vc_custom_heading source=\u00bbpost_title\u00bb font_container=\u00bbtag:h1|text_align:left\u00bb use_theme_fonts=\u00bbyes\u00bb el_class=\u00bbtitle\u00bb][vc_column_text]<span style=\"font-weight: 400;\">Bucer\u00edas es un peque\u00f1o pueblo que forma parte de la <\/span><b>Bah\u00eda de Banderas<\/b><span style=\"font-weight: 400;\">; conocido por su folclore, comida y estilo de vida. Esta localidad ubicada entre Nuevo Vallarta y Punta de Mita, se encuentra a s\u00f3lo 15 minutos de Puerto Vallarta y all\u00ed podr\u00e1 disfrutar de sus playas tranquilas, paseos en paraca\u00eddas sobre la bah\u00eda, nataci\u00f3n, windsurf o simplemente disfrutar de una tarde tranquila.<\/span><\/p>\n<p><span style=\"font-weight: 400;\">Bucer\u00edas significa <\/span><b>\u00ablugar de buzos\u00bb<\/b><span style=\"font-weight: 400;\"> y sucede que este tramo de 8 kil\u00f3metros con arena blanca y aguas poco profundas casi sin olas, convierte a Bucer\u00edas en el lugar ideal para los buzos. Sus hermosas y coloridas calles son un reflejo de las tradiciones mexicanas, su iglesia, mercados y plaza principal seducen a los turistas de todo el mundo.<\/span><\/p>\n<p><span style=\"font-weight: 400;\">Debido a sus tranquilas playas, la parte de la bah\u00eda correspondiente a\u00a0Bucer\u00edas es famosa por organizar <\/span><b>torneos de pesca en mar<\/b><span style=\"font-weight: 400;\"><strong> abierto<\/strong> con varias especies como pez espada, marlin, dorado, pez gallo, tibur\u00f3n arenero, lubina y otros peces. Adem\u00e1s de la pesca, las fiestas tradicionales de la regi\u00f3n tienen gran importancia para la comunidad, una de ellas es la fiesta de la <\/span><b>Virgen de la Paz<\/b><span style=\"font-weight: 400;\"> celebrada en el mes de enero, que consiste en un conjunto de peregrinaciones realizadas en el mar con botes adornados de motivos religiosos y ofrendas.<\/span><\/p>\n<p>[\/vc_column_text][vc_empty_space][vc_single_image image=\u00bb2049&#8243; img_size=\u00bbfull\u00bb alignment=\u00bbcenter\u00bb][vc_empty_space][vc_column_text]<span style=\"font-weight: 400;\">Si gusta de la vida nocturna, Bucer\u00edas ofrece actividades interesantes como la <\/span><b>Art Walk Night<\/b><span style=\"font-weight: 400;\">, una <\/span><b>caminata nocturna<\/b><span style=\"font-weight: 400;\"> totalmente entretenida que atrae a los visitantes a las tiendas de artesan\u00edas y galer\u00edas locales mostrando el arte tradicional del lugar.<\/span><\/p>\n<p><span style=\"font-weight: 400;\">Su clima variado durante todo el a\u00f1o permite visitar Bucer\u00edas en cualquier per\u00edodo de vacaciones. Al estar rodeado de Chefs altamente reconocidos por su gran nivel, la <\/span><b>gastronom\u00eda de Bucer\u00edas<\/b><span style=\"font-weight: 400;\"> no debe pasarse por alto; una fusi\u00f3n tradicional e internacional que produce platos tan apreciados como el pescado zarandeado, las enchiladas de ostras y los ceviches de pescado blanco.<\/span><\/p>\n<p><span style=\"font-weight: 400;\">Disfrute del estilo de vida y las tradiciones mexicanas visitando Bucer\u00edas; recorra sus calles empedradas, llenas de historias, visite sus mercados y galer\u00edas. Bucer\u00edas es una peque\u00f1a ciudad escondida junto a la carretera que usted debe visitar. Poco a poco se transforma de ser una localidad contempor\u00e1nea a una comunidad interesante y moderna.<\/span>[\/vc_column_text][\/vc_column][vc_column width=\u00bb1\/4&#8243;][vc_raw_html]JTNDaGdyb3VwJTNFJTBBJTNDZGl2JTNFJTBBJTNDaDUlM0VFTUVSR0VOQ0lBUyUyMEhPU1BJVEFMJTIwQ01RJTIwUklWSUVSQSUyME5BWUFSSVQlM0MlMkZoNSUzRSUwQSUzQ3AlMjBjbGFzcyUzRCUyMiUyMiUzRSUzQ2ElMjBocmVmJTNEJTIydGVsJTNBJTJCNTIzMjkyOTgwNzE3JTIyJTNFJTIwJTI4MzI5JTI5JTIwMjk4LTA3MTclMjAlM0MlMkZhJTNFJTNDJTJGcCUzRSUwQSUwQSUzQyUyRmRpdiUzRSUwQSUzQ3AlMjBjbGFzcyUzRCUyMmFkZHJlc3MlMjIlM0VBdi4lMjBIJUMzJUE5cm9lcyUyMGRlJTIwTmFjb3phcmklMjAlMjMyODAlMkMlMjBCdWNlciVDMyVBRGFzJTJDJTIwTmF5LiUzQyUyRnAlM0UlMEElM0MlMkZoZ3JvdXAlM0U=[\/vc_raw_html][vc_raw_html]JTNDaGdyb3VwJTNFJTBBJTNDZGl2JTNFJTBBJTNDaDUlM0VPRklDSU5BJTIwREUlMjBDT05HUkVTT1MlMjBZJTIwVklTSVRBTlRFUyUyMERFJTIwUklWSUVSQSUyME5BWUFSSVQlM0MlMkZoNSUzRSUwQSUzQ3AlMjBjbGFzcyUzRCUyMiUyMiUzRSUzQ2ElMjBocmVmJTNEJTIydGVsJTNBJTJCNTIzMjIyOTcyNTE2JTIyJTNFJTIwJTI4MzIyJTI5JTIwMjk3LTI1MTYlMjAlM0MlMkZhJTNFJTNDJTJGcCUzRSUwQSUwQSUzQyUyRmRpdiUzRSUwQSUzQ3AlMjBjbGFzcyUzRCUyMmFkZHJlc3MlMjIlM0VDZW50cm8lMjBFbXByZXNhcmlhbCUyQyUyMEF2LiUyMFBhc2VvJTIwZGUlMjBsb3MlMjBDb2NvdGVyb3MlMjAlMjM1NSUyQyUyMExvY2FsJTIwMjExMiUyQyUyME51ZXZvJTIwVmFsbGFydGElMkMlMjBOYXkuJTNDJTJGcCUzRSUwQSUzQyUyRmhncm91cCUzRQ==[\/vc_raw_html][vc_raw_html]JTNDaGdyb3VwJTNFJTBBJTNDZGl2JTNFJTBBJTNDaDUlM0VFTUJBSkFEQSUyMFklMjBBR0VOQ0lBJTIwQ09OU1VMQVIlMjBERSUyMEVTVEFESU9TJTIwVU5JRE9TJTIwREUlMjBBTSVDMyU4OVJJQ0ElMjBFTiUyME0lQzMlODlYSUNPJTNDJTJGaDUlM0UlMEElM0NwJTIwY2xhc3MlM0QlMjIlMjIlM0UlM0NhJTIwaHJlZiUzRCUyMnRlbCUzQSUyQjUyMzMzMjY4MjEwMCUyMiUzRSUyMCUyODMzMyUyOSUyMDI2OCUyMDIxMDAlMjAlM0MlMkZhJTNFJTNDJTJGcCUzRSUwQSUwQSUzQyUyRmRpdiUzRSUwQSUzQ3AlMjBjbGFzcyUzRCUyMmFkZHJlc3MlMjIlM0VQYXNlbyUyMGRlJTIwbG9zJTIwQ29jb3Rlcm9zJTIwJTIzODUlMkMlMjBMb2NhbCUyMEwtNyUyQyUyME51ZXZvJTIwVmFsbGFydGElMkMlMjBOYXkuJTNDJTJGcCUzRSUwQSUzQyUyRmhncm91cCUzRQ==[\/vc_raw_html][vc_raw_html]JTNDaGdyb3VwJTNFJTBBJTNDZGl2JTNFJTBBJTNDaDUlM0VERVBBUlRBTUVOVE8lMjBERSUyMFBST1RFQ0NJJUMzJTkzTiUyMENJVklMJTIwWSUyMEJPTUJFUk9TJTIwREUlMjBCQUglQzMlOERBJTIwREUlMjBCQU5ERVJBUyUzQyUyRmg1JTNFJTBBJTNDcCUyMGNsYXNzJTNEJTIyJTIyJTNFJTNDYSUyMGhyZWYlM0QlMjJ0ZWwlM0ElMkI1MjMyMjExMzMyNTUlMjIlM0UlMjAlMjgzMjIlMjklMjAxMTMlMjAzMjU1JTIwJTNDJTJGYSUzRSUzQyUyRnAlM0UlMEElMEElM0MlMkZkaXYlM0UlMEElM0NwJTIwY2xhc3MlM0QlMjJhZGRyZXNzJTIyJTNFTSVDMyVBOXhpY28lMjAyMDAlMjA1MCUyQyUyME51ZXZvJTIwVmFsbGFydGElMkMlMjBOYXkuJTNDJTJGcCUzRSUwQSUzQyUyRmhncm91cCUzRQ==[\/vc_raw_html][vc_raw_html]JTNDaGdyb3VwJTNFJTBBJTNDZGl2JTNFJTBBJTNDaDUlM0VDUlVaJTIwUk9KQSUyMERFJTIwQkFIJUMzJThEQSUyMERFJTIwQkFOREVSQVMlM0MlMkZoNSUzRSUwQSUzQ3AlMjBjbGFzcyUzRCUyMiUyMiUzRSUzQ2ElMjBocmVmJTNEJTIydGVsJTNBJTJCNTIzMjIyOTU4NTk0JTIyJTNFJTIwJTI4MzIyJTI5JTIwMjk1LTg1OTQlMjAlM0MlMkZhJTNFJTNDJTJGcCUzRSUwQSUwQSUzQyUyRmRpdiUzRSUwQSUzQ3AlMjBjbGFzcyUzRCUyMmFkZHJlc3MlMjIlM0VDYXJyLiUyME1lemNhbGVzJTIwLSUyMFNhbiUyMFZpY2VudGUlMjAlMjMzNDMlMkMlMjBTYW4lMjBWaWNlbnRlJTJDJTIwTmF5LiUzQyUyRnAlM0UlMEElM0MlMkZoZ3JvdXAlM0U=[\/vc_raw_html][vc_raw_html]JTNDaGdyb3VwJTNFJTBBJTNDZGl2JTNFJTBBJTNDaDUlM0VPRklDSU5BJTIwREUlMjBQT0xJQyVDMyU4REElMjBERSUyMEJBSCVDMyU4REElMjBERSUyMEJBTkRFUkFTJTNDJTJGaDUlM0UlMEElM0NwJTIwY2xhc3MlM0QlMjIlMjIlM0UlM0NhJTIwaHJlZiUzRCUyMnRlbCUzQSUyQjUyMzI5MjkxMDY2NiUyMiUzRSUyMCUyODMyOSUyOSUyMDI5MS0wNjY2JTIwJTNDJTJGYSUzRSUzQyUyRnAlM0UlMEElMEElM0MlMkZkaXYlM0UlMEElM0MlMkZoZ3JvdXAlM0U=[\/vc_raw_html][vc_raw_html]JTNDaGdyb3VwJTNFJTBBJTNDZGl2JTNFJTBBJTNDaDUlM0VPRklDSU5BJTIwREUlMjBUUiVDMyU4MU5TSVRPJTIwTVVOSUNJUEFMJTNDJTJGaDUlM0UlMEElM0NwJTIwY2xhc3MlM0QlMjIlMjIlM0UlM0NhJTIwaHJlZiUzRCUyMnRlbCUzQSUyQjUyMzI5Mjk2NTIyOSUyMiUzRSUyMCUyODMyOSUyOSUyMDI5Ni01MjI5JTIwJTNDJTJGYSUzRSUzQyUyRnAlM0UlMEElMEElM0MlMkZkaXYlM0UlMEElM0MlMkZoZ3JvdXAlM0U=[\/vc_raw_html][\/vc_column][\/vc_row]<\/p>\n<\/div>","protected":false},"excerpt":{"rendered":"<p>Bucer\u00edas es un peque\u00f1o pueblo que forma parte de la Bah\u00eda de Banderas; conocido por su folclore, comida y estilo de vida. Esta localidad ubicada entre Nuevo Vallarta y Punta de Mita, se encuentra a s\u00f3lo 15 minutos de Puerto Vallarta y all\u00ed podr\u00e1 disfrutar de sus playas tranquilas, paseos en paraca\u00eddas sobre la bah\u00eda, nataci\u00f3n, windsurf o simplemente disfrutar de una tarde tranquila.<\/p>\n","protected":false},"author":1,"featured_media":1958,"parent":3439,"menu_order":0,"comment_status":"closed","ping_status":"closed","template":"template-vacations.php","meta":{"footnotes":""},"class_list":["post-3479","page","type-page","status-publish","has-post-thumbnail","hentry"],"acf":[],"yoast_head":"<!-- This site is optimized with the Yoast SEO plugin v27.4 - https:\/\/yoast.com\/product\/yoast-seo-wordpress\/ -->\n<title>\u00a1Todo lo que necesitas saber para tus pr\u00f3ximas vacaciones en Bucerias!<\/title>\n<meta name=\"description\" content=\"Bucerias, un peque\u00f1o pueblo ubicado en el \u00e1rea de la Bah\u00eda de Banderas, es el lugar perfecto para pasar un fin de semana junto a las olas del oc\u00e9ano.\" \/>\n<meta name=\"robots\" content=\"index, follow, max-snippet:-1, max-image-preview:large, max-video-preview:-1\" \/>\n<link rel=\"canonical\" href=\"https:\/\/hospitalcmq.com\/es\/vacaciones\/bucerias-lugar-de-los-buceadores\/\" \/>\n<meta property=\"og:locale\" content=\"es_ES\" \/>\n<meta property=\"og:type\" content=\"article\" \/>\n<meta property=\"og:title\" content=\"\u00a1Todo lo que necesitas saber para tus pr\u00f3ximas vacaciones en Bucerias!\" \/>\n<meta property=\"og:description\" content=\"Bucerias, un peque\u00f1o pueblo ubicado en el \u00e1rea de la Bah\u00eda de Banderas, es el lugar perfecto para pasar un fin de semana junto a las olas del oc\u00e9ano.\" \/>\n<meta property=\"og:url\" content=\"https:\/\/hospitalcmq.com\/es\/vacaciones\/bucerias-lugar-de-los-buceadores\/\" \/>\n<meta property=\"og:site_name\" content=\"Hospital CMQ\" \/>\n<meta property=\"article:publisher\" content=\"https:\/\/www.facebook.com\/HospitalCMQ\" \/>\n<meta property=\"article:modified_time\" content=\"2019-06-13T14:04:06+00:00\" \/>\n<meta property=\"og:image\" content=\"https:\/\/hospitalcmq.com\/wp-content\/uploads\/2018\/01\/Header_bucerias.png\" \/>\n\t<meta property=\"og:image:width\" content=\"1400\" \/>\n\t<meta property=\"og:image:height\" content=\"525\" \/>\n\t<meta property=\"og:image:type\" content=\"image\/png\" \/>\n<meta name=\"twitter:card\" content=\"summary_large_image\" \/>\n<meta name=\"twitter:label1\" content=\"Tiempo de lectura\" \/>\n\t<meta name=\"twitter:data1\" content=\"3 minutos\" \/>\n<script type=\"application\/ld+json\" class=\"yoast-schema-graph\">{\"@context\":\"https:\\\/\\\/schema.org\",\"@graph\":[{\"@type\":\"WebPage\",\"@id\":\"https:\\\/\\\/hospitalcmq.com\\\/es\\\/vacaciones\\\/bucerias-lugar-de-los-buceadores\\\/\",\"url\":\"https:\\\/\\\/hospitalcmq.com\\\/es\\\/vacaciones\\\/bucerias-lugar-de-los-buceadores\\\/\",\"name\":\"\u00a1Todo lo que necesitas saber para tus pr\u00f3ximas vacaciones en Bucerias!\",\"isPartOf\":{\"@id\":\"https:\\\/\\\/hospitalcmq.com\\\/es\\\/#website\"},\"primaryImageOfPage\":{\"@id\":\"https:\\\/\\\/hospitalcmq.com\\\/es\\\/vacaciones\\\/bucerias-lugar-de-los-buceadores\\\/#primaryimage\"},\"image\":{\"@id\":\"https:\\\/\\\/hospitalcmq.com\\\/es\\\/vacaciones\\\/bucerias-lugar-de-los-buceadores\\\/#primaryimage\"},\"thumbnailUrl\":\"https:\\\/\\\/hospitalcmq.com\\\/wp-content\\\/uploads\\\/2018\\\/01\\\/Header_bucerias.png\",\"datePublished\":\"2018-09-18T17:21:50+00:00\",\"dateModified\":\"2019-06-13T14:04:06+00:00\",\"description\":\"Bucerias, un peque\u00f1o pueblo ubicado en el \u00e1rea de la Bah\u00eda de Banderas, es el lugar perfecto para pasar un fin de semana junto a las olas del oc\u00e9ano.\",\"breadcrumb\":{\"@id\":\"https:\\\/\\\/hospitalcmq.com\\\/es\\\/vacaciones\\\/bucerias-lugar-de-los-buceadores\\\/#breadcrumb\"},\"inLanguage\":\"es\",\"potentialAction\":[{\"@type\":\"ReadAction\",\"target\":[\"https:\\\/\\\/hospitalcmq.com\\\/es\\\/vacaciones\\\/bucerias-lugar-de-los-buceadores\\\/\"]}]},{\"@type\":\"ImageObject\",\"inLanguage\":\"es\",\"@id\":\"https:\\\/\\\/hospitalcmq.com\\\/es\\\/vacaciones\\\/bucerias-lugar-de-los-buceadores\\\/#primaryimage\",\"url\":\"https:\\\/\\\/hospitalcmq.com\\\/wp-content\\\/uploads\\\/2018\\\/01\\\/Header_bucerias.png\",\"contentUrl\":\"https:\\\/\\\/hospitalcmq.com\\\/wp-content\\\/uploads\\\/2018\\\/01\\\/Header_bucerias.png\",\"width\":1400,\"height\":525,\"caption\":\"Header_bucerias\"},{\"@type\":\"BreadcrumbList\",\"@id\":\"https:\\\/\\\/hospitalcmq.com\\\/es\\\/vacaciones\\\/bucerias-lugar-de-los-buceadores\\\/#breadcrumb\",\"itemListElement\":[{\"@type\":\"ListItem\",\"position\":1,\"name\":\"Home\",\"item\":\"https:\\\/\\\/hospitalcmq.com\\\/es\\\/\"},{\"@type\":\"ListItem\",\"position\":2,\"name\":\"Vacaciones\",\"item\":\"https:\\\/\\\/hospitalcmq.com\\\/es\\\/vacaciones\\\/\"},{\"@type\":\"ListItem\",\"position\":3,\"name\":\"Bucer\u00edas, Lugar de Buzos\"}]},{\"@type\":\"WebSite\",\"@id\":\"https:\\\/\\\/hospitalcmq.com\\\/es\\\/#website\",\"url\":\"https:\\\/\\\/hospitalcmq.com\\\/es\\\/\",\"name\":\"Hospital CMQ\",\"description\":\"Best Hospitals in Puerto Vallarta &amp; Riviera Nayarit\",\"publisher\":{\"@id\":\"https:\\\/\\\/hospitalcmq.com\\\/es\\\/#organization\"},\"potentialAction\":[{\"@type\":\"SearchAction\",\"target\":{\"@type\":\"EntryPoint\",\"urlTemplate\":\"https:\\\/\\\/hospitalcmq.com\\\/es\\\/?s={search_term_string}\"},\"query-input\":{\"@type\":\"PropertyValueSpecification\",\"valueRequired\":true,\"valueName\":\"search_term_string\"}}],\"inLanguage\":\"es\"},{\"@type\":\"Organization\",\"@id\":\"https:\\\/\\\/hospitalcmq.com\\\/es\\\/#organization\",\"name\":\"Hospital CMQ\",\"url\":\"https:\\\/\\\/hospitalcmq.com\\\/es\\\/\",\"logo\":{\"@type\":\"ImageObject\",\"inLanguage\":\"es\",\"@id\":\"https:\\\/\\\/hospitalcmq.com\\\/es\\\/#\\\/schema\\\/logo\\\/image\\\/\",\"url\":\"https:\\\/\\\/hospitalcmq.com\\\/wp-content\\\/uploads\\\/2018\\\/06\\\/cmq-hospital-logo.png\",\"contentUrl\":\"https:\\\/\\\/hospitalcmq.com\\\/wp-content\\\/uploads\\\/2018\\\/06\\\/cmq-hospital-logo.png\",\"width\":214,\"height\":189,\"caption\":\"Hospital CMQ\"},\"image\":{\"@id\":\"https:\\\/\\\/hospitalcmq.com\\\/es\\\/#\\\/schema\\\/logo\\\/image\\\/\"},\"sameAs\":[\"https:\\\/\\\/www.facebook.com\\\/HospitalCMQ\"]}]}<\/script>\n<!-- \/ Yoast SEO plugin. -->","yoast_head_json":{"title":"\u00a1Todo lo que necesitas saber para tus pr\u00f3ximas vacaciones en Bucerias!","description":"Bucerias, un peque\u00f1o pueblo ubicado en el \u00e1rea de la Bah\u00eda de Banderas, es el lugar perfecto para pasar un fin de semana junto a las olas del oc\u00e9ano.","robots":{"index":"index","follow":"follow","max-snippet":"max-snippet:-1","max-image-preview":"max-image-preview:large","max-video-preview":"max-video-preview:-1"},"canonical":"https:\/\/hospitalcmq.com\/es\/vacaciones\/bucerias-lugar-de-los-buceadores\/","og_locale":"es_ES","og_type":"article","og_title":"\u00a1Todo lo que necesitas saber para tus pr\u00f3ximas vacaciones en Bucerias!","og_description":"Bucerias, un peque\u00f1o pueblo ubicado en el \u00e1rea de la Bah\u00eda de Banderas, es el lugar perfecto para pasar un fin de semana junto a las olas del oc\u00e9ano.","og_url":"https:\/\/hospitalcmq.com\/es\/vacaciones\/bucerias-lugar-de-los-buceadores\/","og_site_name":"Hospital CMQ","article_publisher":"https:\/\/www.facebook.com\/HospitalCMQ","article_modified_time":"2019-06-13T14:04:06+00:00","og_image":[{"width":1400,"height":525,"url":"https:\/\/hospitalcmq.com\/wp-content\/uploads\/2018\/01\/Header_bucerias.png","type":"image\/png"}],"twitter_card":"summary_large_image","twitter_misc":{"Tiempo de lectura":"3 minutos"},"schema":{"@context":"https:\/\/schema.org","@graph":[{"@type":"WebPage","@id":"https:\/\/hospitalcmq.com\/es\/vacaciones\/bucerias-lugar-de-los-buceadores\/","url":"https:\/\/hospitalcmq.com\/es\/vacaciones\/bucerias-lugar-de-los-buceadores\/","name":"\u00a1Todo lo que necesitas saber para tus pr\u00f3ximas vacaciones en Bucerias!","isPartOf":{"@id":"https:\/\/hospitalcmq.com\/es\/#website"},"primaryImageOfPage":{"@id":"https:\/\/hospitalcmq.com\/es\/vacaciones\/bucerias-lugar-de-los-buceadores\/#primaryimage"},"image":{"@id":"https:\/\/hospitalcmq.com\/es\/vacaciones\/bucerias-lugar-de-los-buceadores\/#primaryimage"},"thumbnailUrl":"https:\/\/hospitalcmq.com\/wp-content\/uploads\/2018\/01\/Header_bucerias.png","datePublished":"2018-09-18T17:21:50+00:00","dateModified":"2019-06-13T14:04:06+00:00","description":"Bucerias, un peque\u00f1o pueblo ubicado en el \u00e1rea de la Bah\u00eda de Banderas, es el lugar perfecto para pasar un fin de semana junto a las olas del oc\u00e9ano.","breadcrumb":{"@id":"https:\/\/hospitalcmq.com\/es\/vacaciones\/bucerias-lugar-de-los-buceadores\/#breadcrumb"},"inLanguage":"es","potentialAction":[{"@type":"ReadAction","target":["https:\/\/hospitalcmq.com\/es\/vacaciones\/bucerias-lugar-de-los-buceadores\/"]}]},{"@type":"ImageObject","inLanguage":"es","@id":"https:\/\/hospitalcmq.com\/es\/vacaciones\/bucerias-lugar-de-los-buceadores\/#primaryimage","url":"https:\/\/hospitalcmq.com\/wp-content\/uploads\/2018\/01\/Header_bucerias.png","contentUrl":"https:\/\/hospitalcmq.com\/wp-content\/uploads\/2018\/01\/Header_bucerias.png","width":1400,"height":525,"caption":"Header_bucerias"},{"@type":"BreadcrumbList","@id":"https:\/\/hospitalcmq.com\/es\/vacaciones\/bucerias-lugar-de-los-buceadores\/#breadcrumb","itemListElement":[{"@type":"ListItem","position":1,"name":"Home","item":"https:\/\/hospitalcmq.com\/es\/"},{"@type":"ListItem","position":2,"name":"Vacaciones","item":"https:\/\/hospitalcmq.com\/es\/vacaciones\/"},{"@type":"ListItem","position":3,"name":"Bucer\u00edas, Lugar de Buzos"}]},{"@type":"WebSite","@id":"https:\/\/hospitalcmq.com\/es\/#website","url":"https:\/\/hospitalcmq.com\/es\/","name":"Hospital CMQ","description":"Best Hospitals in Puerto Vallarta &amp; Riviera Nayarit","publisher":{"@id":"https:\/\/hospitalcmq.com\/es\/#organization"},"potentialAction":[{"@type":"SearchAction","target":{"@type":"EntryPoint","urlTemplate":"https:\/\/hospitalcmq.com\/es\/?s={search_term_string}"},"query-input":{"@type":"PropertyValueSpecification","valueRequired":true,"valueName":"search_term_string"}}],"inLanguage":"es"},{"@type":"Organization","@id":"https:\/\/hospitalcmq.com\/es\/#organization","name":"Hospital CMQ","url":"https:\/\/hospitalcmq.com\/es\/","logo":{"@type":"ImageObject","inLanguage":"es","@id":"https:\/\/hospitalcmq.com\/es\/#\/schema\/logo\/image\/","url":"https:\/\/hospitalcmq.com\/wp-content\/uploads\/2018\/06\/cmq-hospital-logo.png","contentUrl":"https:\/\/hospitalcmq.com\/wp-content\/uploads\/2018\/06\/cmq-hospital-logo.png","width":214,"height":189,"caption":"Hospital CMQ"},"image":{"@id":"https:\/\/hospitalcmq.com\/es\/#\/schema\/logo\/image\/"},"sameAs":["https:\/\/www.facebook.com\/HospitalCMQ"]}]}},"_links":{"self":[{"href":"https:\/\/hospitalcmq.com\/es\/wp-json\/wp\/v2\/pages\/3479","targetHints":{"allow":["GET"]}}],"collection":[{"href":"https:\/\/hospitalcmq.com\/es\/wp-json\/wp\/v2\/pages"}],"about":[{"href":"https:\/\/hospitalcmq.com\/es\/wp-json\/wp\/v2\/types\/page"}],"author":[{"embeddable":true,"href":"https:\/\/hospitalcmq.com\/es\/wp-json\/wp\/v2\/users\/1"}],"replies":[{"embeddable":true,"href":"https:\/\/hospitalcmq.com\/es\/wp-json\/wp\/v2\/comments?post=3479"}],"version-history":[{"count":0,"href":"https:\/\/hospitalcmq.com\/es\/wp-json\/wp\/v2\/pages\/3479\/revisions"}],"up":[{"embeddable":true,"href":"https:\/\/hospitalcmq.com\/es\/wp-json\/wp\/v2\/pages\/3439"}],"wp:featuredmedia":[{"embeddable":true,"href":"https:\/\/hospitalcmq.com\/es\/wp-json\/wp\/v2\/media\/1958"}],"wp:attachment":[{"href":"https:\/\/hospitalcmq.com\/es\/wp-json\/wp\/v2\/media?parent=3479"}],"curies":[{"name":"wp","href":"https:\/\/api.w.org\/{rel}","templated":true}]}}