{"id":3464,"date":"2018-09-18T12:04:05","date_gmt":"2018-09-18T17:04:05","guid":{"rendered":"https:\/\/hospitalcmq.com\/vacaciones\/costa-alegre-corredor-turistico-ecologico\/"},"modified":"2019-06-13T09:08:28","modified_gmt":"2019-06-13T14:08:28","slug":"costa-alegre-corredor-turistico-ecologico","status":"publish","type":"page","link":"https:\/\/hospitalcmq.com\/es\/vacaciones\/costa-alegre-corredor-turistico-ecologico\/","title":{"rendered":"Costa Alegre, Corredor Tur\u00edstico Ecol\u00f3gico"},"content":{"rendered":"<div class=\"wpb-content-wrapper\"><p>[vc_row][vc_column width=\u00bb3\/4&#8243;][vc_custom_heading source=\u00bbpost_title\u00bb font_container=\u00bbtag:h1|text_align:left\u00bb use_theme_fonts=\u00bbyes\u00bb el_class=\u00bbtitle\u00bb][vc_column_text]<span style=\"font-weight: 400;\">El maravilloso corredor ecol\u00f3gico de Costa Alegre se encuentra entre el Puerto de Manzanillo, Colima y Puerto Vallarta, Jalisco. <\/span><b>Es un rico litoral que comprende una colecci\u00f3n armoniosa de playas, las cuales se encuentran en un punto espec\u00edfico de la naturaleza.<\/b><span style=\"font-weight: 400;\"> Costa Alegre es un lugar extravagante que se distingue por su belleza, atardeceres encantadores, playas c\u00e1lidas y desiertas, as\u00ed como diversi\u00f3n sin fin.<\/span><\/p>\n<p><span style=\"font-weight: 400;\">Conocer este escondite es disfrutar de incesantes emociones que le transportar\u00e1n a la mejor experiencia de vacaciones, enamor\u00e1ndose profundamente de Costa Alegre.<\/span><\/p>\n<p><span style=\"font-weight: 400;\">Los municipios de <\/span><b>Cihuatl\u00e1n, La Huerta, Tomatl\u00e1n y Cabo Corrientes, adem\u00e1s de sus playas: Barra de Navidad, Bah\u00eda Tenacatita, Costa Careyes, Bah\u00eda de Chamela, Costa Majahuas y Cabo Corrientes<\/b><span style=\"font-weight: 400;\"> comprenden una extensi\u00f3n de m\u00e1s de 160 kil\u00f3metros. Cada una de ellas posee un magn\u00edfico encanto y atractivo propio otorg\u00e1ndoles una tranquilidad inexplorada, una inmensa vegetaci\u00f3n, espectaculares acantilados, cuevas y suaves oleajes, misteriosos manglares y extensas zonas de selva tropical.<\/span><\/p>\n<p>[\/vc_column_text][vc_empty_space][vc_single_image image=\u00bb2052&#8243; img_size=\u00bbfull\u00bb alignment=\u00bbcenter\u00bb][vc_empty_space][vc_column_text]<span style=\"font-weight: 400;\">\u00c9ste es un lugar de cultivo y hogar de una gran variedad de flora y fauna con el toque tradicional y pintoresco que caracteriza a las comunidades de Jalisco. Dentro de este maravilloso lugar, se encuentra la Reserva de la Biosfera Sierra de Manantl\u00e1n. Sus 139 mil hect\u00e1reas ofrecen un refugio m\u00e1gico para 2,700 especies de plantas, entre nueve tipos diferentes de vegetaci\u00f3n; existen m\u00e1s de 560 especies de invertebrados, muchos de los cuales est\u00e1n en peligro de extinci\u00f3n, mientras el cincuenta por ciento de ellos son \u00fanicos en nuestro pa\u00eds.<\/span><\/p>\n<p><span style=\"font-weight: 400;\">Uno de los lugares destacados de Costa Alegre es, sin duda, <\/span><b>Barra de Navidad<\/b><span style=\"font-weight: 400;\">, un para\u00edso que ofrece a los turistas la posibilidad de divertirse a trav\u00e9s de la pesca deportiva de pez vela y marlin. <\/span><b>Bah\u00eda de Chamela<\/b><span style=\"font-weight: 400;\">, por su parte, est\u00e1 compuesta por m\u00e1s de nueve islotes, ideal para aficionados al ecoturismo.<\/span><\/p>\n<p><span style=\"font-weight: 400;\">Convi\u00e9rtase en un pescador m\u00e1s y disfrute de la cocina fresca basada en camarones, pulpos y almejas a la orilla del mar. Entierre sus pies en la arena y del\u00e9itese con un delicioso coctel con ingredientes frescos, que le har\u00e1 sentir fant\u00e1stico.<\/span><\/p>\n<p><span style=\"font-weight: 400;\">Costa Alegre promete unas vacaciones atractivas y agradables en una de las zonas m\u00e1s bellas de la Rep\u00fablica Mexicana.<\/span>[\/vc_column_text][\/vc_column][vc_column width=\u00bb1\/4&#8243;][vc_raw_html]JTNDaGdyb3VwJTNFJTBBJTNDZGl2JTNFJTBBJTNDaDUlM0VFTUVSR0VOQ0lBUyUyMEhPU1BJVEFMJTIwQ01RJTIwQ0VOVFJPJTNDJTJGaDUlM0UlMEElM0NwJTIwY2xhc3MlM0QlMjIlMjIlM0UlM0NhJTIwaHJlZiUzRCUyMnRlbCUzQSUyQjUyMzIyMjIzMTkxOSUyMiUzRSUwQSUyODMyMiUyOSUyMDIyMyUyMDE5MTklMEElM0MlMkZhJTNFJTNDJTJGcCUzRSUwQSUwQSUzQyUyRmRpdiUzRSUwQSUzQ3AlMjBjbGFzcyUzRCUyMmFkZHJlc3MlMjIlM0VCYXNpbGlvJTIwQmFkaWxsbyUyMCUyMzM2NSUyQyUyMFB1ZXJ0byUyMFZhbGxhcnRhJTJDJTIwSmFsLiUzQyUyRnAlM0UlMEElM0MlMkZoZ3JvdXAlM0U=[\/vc_raw_html][vc_raw_html]JTNDaGdyb3VwJTNFJTBBJTNDZGl2JTNFJTBBJTNDaDUlM0VFTUVSR0VOQ0lBUyUyMEhPU1BJVEFMJTIwQ01RJTIwUFJFTUlFUkUlM0MlMkZoNSUzRSUwQSUzQ3AlMjBjbGFzcyUzRCUyMiUyMiUzRSUzQ2ElMjBocmVmJTNEJTIydGVsJTNBJTJCNTIzMjIyMjY2NTAwJTIyJTNFJTBBJTI4MzIyJTI5JTIwMjI2JTIwNjUwMCUwQSUzQyUyRmElM0UlM0MlMkZwJTNFJTBBJTBBJTNDJTJGZGl2JTNFJTBBJTNDcCUyMGNsYXNzJTNEJTIyYWRkcmVzcyUyMiUzRUF2LiUyMEZyYW5jaXNjbyUyMFZpbGxhJTIwJTIzMTc0OSUyQyUyMFB1ZXJ0byUyMFZhbGxhcnRhJTJDJTIwSmFsLiUzQyUyRnAlM0UlMEElM0MlMkZoZ3JvdXAlM0U=[\/vc_raw_html][vc_raw_html]JTNDaGdyb3VwJTNFJTBBJTNDZGl2JTNFJTBBJTNDaDUlM0VFTUJBSkFEQSUyMFklMjBBR0VOQ0lBJTIwQ09OU1VMQVIlMjBERSUyMEVTVEFET1MlMjBVTklET1MlMjBERSUyMEFNJUMzJTg5UklDQSUyMEVOJTIwTSVDMyU4OVhJQ08lM0MlMkZoNSUzRSUwQSUzQ3AlMjBjbGFzcyUzRCUyMiUyMiUzRSUzQ2ElMjBocmVmJTNEJTIydGVsJTNBJTJCNTIzMzMyNjgyMTAwJTIyJTNFJTBBJTI4MzMzJTI5JTIwMjY4JTIwMjEwMCUwQSUzQyUyRmElM0UlM0MlMkZwJTNFJTBBJTBBJTNDJTJGZGl2JTNFJTBBJTNDcCUyMGNsYXNzJTNEJTIyYWRkcmVzcyUyMiUzRVBhc2VvJTIwZGUlMjBsb3MlMjBDb2NvdGVyb3MlMjAlMjM4NSUyQyUyMExvY2FsJTIwTC03JTJDJTIwTnVldm8lMjBWYWxsYXJ0YSUyQyUyME5heS4lM0MlMkZwJTNFJTBBJTNDJTJGaGdyb3VwJTNF[\/vc_raw_html][vc_raw_html]JTNDaGdyb3VwJTNFJTBBJTNDZGl2JTNFJTBBJTNDaDUlM0VPRklDSU5BJTIwREUlMjBDT05WRU5DSU9ORVMlMjBZJTIwVklTSVRBTlRFUyUyMERFJTIwUFVFUlRPJTIwVkFMTEFSVEElM0MlMkZoNSUzRSUwQSUzQ3AlMjBjbGFzcyUzRCUyMiUyMiUzRSUzQ2ElMjBocmVmJTNEJTIydGVsJTNBJTJCNTIzMjIyMjQxMTc1JTIyJTNFJTBBJTI4MzIyJTI5JTIwMjI0JTIwMTE3NSUwQSUzQyUyRmElM0UlM0MlMkZwJTNFJTBBJTBBJTNDJTJGZGl2JTNFJTBBJTNDcCUyMGNsYXNzJTNEJTIyYWRkcmVzcyUyMiUzRUpvcyVDMyVBOSUyMENsZW1lbnRlJTIwT3JvemNvJTIwJTIzMTI1JTJDJTIwTG9jYWwlMjAxOCUyQyUyMExhcyUyMEdsb3JpYXMlMkMlMjBQdWVydG8lMjBWYWxsYXJ0YSUyQyUyMEphbC4lM0MlMkZwJTNFJTBBJTNDJTJGaGdyb3VwJTNF[\/vc_raw_html][\/vc_column][\/vc_row]<\/p>\n<\/div>","protected":false},"excerpt":{"rendered":"<p>El maravilloso corredor ecol\u00f3gico de Costa Alegre se encuentra entre el Puerto de Manzanillo, Colima y Puerto Vallarta, Jalisco. Es un rico litoral que comprende una colecci\u00f3n armoniosa de playas, las cuales se encuentran en un punto espec\u00edfico de la naturaleza. Costa Alegre es un lugar extravagante que se distingue por su belleza, atardeceres encantadores, playas c\u00e1lidas y desiertas, as\u00ed como diversi\u00f3n sin fin.<\/p>\n","protected":false},"author":1,"featured_media":1961,"parent":3439,"menu_order":0,"comment_status":"closed","ping_status":"closed","template":"template-vacations.php","meta":{"footnotes":""},"class_list":["post-3464","page","type-page","status-publish","has-post-thumbnail","hentry"],"acf":[],"yoast_head":"<!-- This site is optimized with the Yoast SEO plugin v27.4 - https:\/\/yoast.com\/product\/yoast-seo-wordpress\/ -->\n<title>Enam\u00f3rate de la belleza de Costa Alegre y sus puestas de sol<\/title>\n<meta name=\"description\" content=\"Costa Alegre, un corredor tur\u00edstico de 160 kil\u00f3metros que promete unas vacaciones atractivas y agradables en una de las zonas m\u00e1s hermosas de M\u00e9xico\" \/>\n<meta name=\"robots\" content=\"index, follow, max-snippet:-1, max-image-preview:large, max-video-preview:-1\" \/>\n<link rel=\"canonical\" href=\"https:\/\/hospitalcmq.com\/es\/vacaciones\/costa-alegre-corredor-turistico-ecologico\/\" \/>\n<meta property=\"og:locale\" content=\"es_ES\" \/>\n<meta property=\"og:type\" content=\"article\" \/>\n<meta property=\"og:title\" content=\"Enam\u00f3rate de la belleza de Costa Alegre y sus puestas de sol\" \/>\n<meta property=\"og:description\" content=\"Costa Alegre, un corredor tur\u00edstico de 160 kil\u00f3metros que promete unas vacaciones atractivas y agradables en una de las zonas m\u00e1s hermosas de M\u00e9xico\" \/>\n<meta property=\"og:url\" content=\"https:\/\/hospitalcmq.com\/es\/vacaciones\/costa-alegre-corredor-turistico-ecologico\/\" \/>\n<meta property=\"og:site_name\" content=\"Hospital CMQ\" \/>\n<meta property=\"article:publisher\" content=\"https:\/\/www.facebook.com\/HospitalCMQ\" \/>\n<meta property=\"article:modified_time\" content=\"2019-06-13T14:08:28+00:00\" \/>\n<meta property=\"og:image\" content=\"https:\/\/hospitalcmq.com\/wp-content\/uploads\/2018\/01\/Header_costa_alegre.png\" \/>\n\t<meta property=\"og:image:width\" content=\"1400\" \/>\n\t<meta property=\"og:image:height\" content=\"525\" \/>\n\t<meta property=\"og:image:type\" content=\"image\/png\" \/>\n<meta name=\"twitter:card\" content=\"summary_large_image\" \/>\n<meta name=\"twitter:label1\" content=\"Tiempo de lectura\" \/>\n\t<meta name=\"twitter:data1\" content=\"3 minutos\" \/>\n<script type=\"application\/ld+json\" class=\"yoast-schema-graph\">{\"@context\":\"https:\\\/\\\/schema.org\",\"@graph\":[{\"@type\":\"WebPage\",\"@id\":\"https:\\\/\\\/hospitalcmq.com\\\/es\\\/vacaciones\\\/costa-alegre-corredor-turistico-ecologico\\\/\",\"url\":\"https:\\\/\\\/hospitalcmq.com\\\/es\\\/vacaciones\\\/costa-alegre-corredor-turistico-ecologico\\\/\",\"name\":\"Enam\u00f3rate de la belleza de Costa Alegre y sus puestas de sol\",\"isPartOf\":{\"@id\":\"https:\\\/\\\/hospitalcmq.com\\\/es\\\/#website\"},\"primaryImageOfPage\":{\"@id\":\"https:\\\/\\\/hospitalcmq.com\\\/es\\\/vacaciones\\\/costa-alegre-corredor-turistico-ecologico\\\/#primaryimage\"},\"image\":{\"@id\":\"https:\\\/\\\/hospitalcmq.com\\\/es\\\/vacaciones\\\/costa-alegre-corredor-turistico-ecologico\\\/#primaryimage\"},\"thumbnailUrl\":\"https:\\\/\\\/hospitalcmq.com\\\/wp-content\\\/uploads\\\/2018\\\/01\\\/Header_costa_alegre.png\",\"datePublished\":\"2018-09-18T17:04:05+00:00\",\"dateModified\":\"2019-06-13T14:08:28+00:00\",\"description\":\"Costa Alegre, un corredor tur\u00edstico de 160 kil\u00f3metros que promete unas vacaciones atractivas y agradables en una de las zonas m\u00e1s hermosas de M\u00e9xico\",\"breadcrumb\":{\"@id\":\"https:\\\/\\\/hospitalcmq.com\\\/es\\\/vacaciones\\\/costa-alegre-corredor-turistico-ecologico\\\/#breadcrumb\"},\"inLanguage\":\"es\",\"potentialAction\":[{\"@type\":\"ReadAction\",\"target\":[\"https:\\\/\\\/hospitalcmq.com\\\/es\\\/vacaciones\\\/costa-alegre-corredor-turistico-ecologico\\\/\"]}]},{\"@type\":\"ImageObject\",\"inLanguage\":\"es\",\"@id\":\"https:\\\/\\\/hospitalcmq.com\\\/es\\\/vacaciones\\\/costa-alegre-corredor-turistico-ecologico\\\/#primaryimage\",\"url\":\"https:\\\/\\\/hospitalcmq.com\\\/wp-content\\\/uploads\\\/2018\\\/01\\\/Header_costa_alegre.png\",\"contentUrl\":\"https:\\\/\\\/hospitalcmq.com\\\/wp-content\\\/uploads\\\/2018\\\/01\\\/Header_costa_alegre.png\",\"width\":1400,\"height\":525,\"caption\":\"pac\u00edfico_costa_alegre\"},{\"@type\":\"BreadcrumbList\",\"@id\":\"https:\\\/\\\/hospitalcmq.com\\\/es\\\/vacaciones\\\/costa-alegre-corredor-turistico-ecologico\\\/#breadcrumb\",\"itemListElement\":[{\"@type\":\"ListItem\",\"position\":1,\"name\":\"Home\",\"item\":\"https:\\\/\\\/hospitalcmq.com\\\/es\\\/\"},{\"@type\":\"ListItem\",\"position\":2,\"name\":\"Vacaciones\",\"item\":\"https:\\\/\\\/hospitalcmq.com\\\/es\\\/vacaciones\\\/\"},{\"@type\":\"ListItem\",\"position\":3,\"name\":\"Costa Alegre, Corredor Tur\u00edstico Ecol\u00f3gico\"}]},{\"@type\":\"WebSite\",\"@id\":\"https:\\\/\\\/hospitalcmq.com\\\/es\\\/#website\",\"url\":\"https:\\\/\\\/hospitalcmq.com\\\/es\\\/\",\"name\":\"Hospital CMQ\",\"description\":\"Best Hospitals in Puerto Vallarta &amp; Riviera Nayarit\",\"publisher\":{\"@id\":\"https:\\\/\\\/hospitalcmq.com\\\/es\\\/#organization\"},\"potentialAction\":[{\"@type\":\"SearchAction\",\"target\":{\"@type\":\"EntryPoint\",\"urlTemplate\":\"https:\\\/\\\/hospitalcmq.com\\\/es\\\/?s={search_term_string}\"},\"query-input\":{\"@type\":\"PropertyValueSpecification\",\"valueRequired\":true,\"valueName\":\"search_term_string\"}}],\"inLanguage\":\"es\"},{\"@type\":\"Organization\",\"@id\":\"https:\\\/\\\/hospitalcmq.com\\\/es\\\/#organization\",\"name\":\"Hospital CMQ\",\"url\":\"https:\\\/\\\/hospitalcmq.com\\\/es\\\/\",\"logo\":{\"@type\":\"ImageObject\",\"inLanguage\":\"es\",\"@id\":\"https:\\\/\\\/hospitalcmq.com\\\/es\\\/#\\\/schema\\\/logo\\\/image\\\/\",\"url\":\"https:\\\/\\\/hospitalcmq.com\\\/wp-content\\\/uploads\\\/2018\\\/06\\\/cmq-hospital-logo.png\",\"contentUrl\":\"https:\\\/\\\/hospitalcmq.com\\\/wp-content\\\/uploads\\\/2018\\\/06\\\/cmq-hospital-logo.png\",\"width\":214,\"height\":189,\"caption\":\"Hospital CMQ\"},\"image\":{\"@id\":\"https:\\\/\\\/hospitalcmq.com\\\/es\\\/#\\\/schema\\\/logo\\\/image\\\/\"},\"sameAs\":[\"https:\\\/\\\/www.facebook.com\\\/HospitalCMQ\"]}]}<\/script>\n<!-- \/ Yoast SEO plugin. -->","yoast_head_json":{"title":"Enam\u00f3rate de la belleza de Costa Alegre y sus puestas de sol","description":"Costa Alegre, un corredor tur\u00edstico de 160 kil\u00f3metros que promete unas vacaciones atractivas y agradables en una de las zonas m\u00e1s hermosas de M\u00e9xico","robots":{"index":"index","follow":"follow","max-snippet":"max-snippet:-1","max-image-preview":"max-image-preview:large","max-video-preview":"max-video-preview:-1"},"canonical":"https:\/\/hospitalcmq.com\/es\/vacaciones\/costa-alegre-corredor-turistico-ecologico\/","og_locale":"es_ES","og_type":"article","og_title":"Enam\u00f3rate de la belleza de Costa Alegre y sus puestas de sol","og_description":"Costa Alegre, un corredor tur\u00edstico de 160 kil\u00f3metros que promete unas vacaciones atractivas y agradables en una de las zonas m\u00e1s hermosas de M\u00e9xico","og_url":"https:\/\/hospitalcmq.com\/es\/vacaciones\/costa-alegre-corredor-turistico-ecologico\/","og_site_name":"Hospital CMQ","article_publisher":"https:\/\/www.facebook.com\/HospitalCMQ","article_modified_time":"2019-06-13T14:08:28+00:00","og_image":[{"width":1400,"height":525,"url":"https:\/\/hospitalcmq.com\/wp-content\/uploads\/2018\/01\/Header_costa_alegre.png","type":"image\/png"}],"twitter_card":"summary_large_image","twitter_misc":{"Tiempo de lectura":"3 minutos"},"schema":{"@context":"https:\/\/schema.org","@graph":[{"@type":"WebPage","@id":"https:\/\/hospitalcmq.com\/es\/vacaciones\/costa-alegre-corredor-turistico-ecologico\/","url":"https:\/\/hospitalcmq.com\/es\/vacaciones\/costa-alegre-corredor-turistico-ecologico\/","name":"Enam\u00f3rate de la belleza de Costa Alegre y sus puestas de sol","isPartOf":{"@id":"https:\/\/hospitalcmq.com\/es\/#website"},"primaryImageOfPage":{"@id":"https:\/\/hospitalcmq.com\/es\/vacaciones\/costa-alegre-corredor-turistico-ecologico\/#primaryimage"},"image":{"@id":"https:\/\/hospitalcmq.com\/es\/vacaciones\/costa-alegre-corredor-turistico-ecologico\/#primaryimage"},"thumbnailUrl":"https:\/\/hospitalcmq.com\/wp-content\/uploads\/2018\/01\/Header_costa_alegre.png","datePublished":"2018-09-18T17:04:05+00:00","dateModified":"2019-06-13T14:08:28+00:00","description":"Costa Alegre, un corredor tur\u00edstico de 160 kil\u00f3metros que promete unas vacaciones atractivas y agradables en una de las zonas m\u00e1s hermosas de M\u00e9xico","breadcrumb":{"@id":"https:\/\/hospitalcmq.com\/es\/vacaciones\/costa-alegre-corredor-turistico-ecologico\/#breadcrumb"},"inLanguage":"es","potentialAction":[{"@type":"ReadAction","target":["https:\/\/hospitalcmq.com\/es\/vacaciones\/costa-alegre-corredor-turistico-ecologico\/"]}]},{"@type":"ImageObject","inLanguage":"es","@id":"https:\/\/hospitalcmq.com\/es\/vacaciones\/costa-alegre-corredor-turistico-ecologico\/#primaryimage","url":"https:\/\/hospitalcmq.com\/wp-content\/uploads\/2018\/01\/Header_costa_alegre.png","contentUrl":"https:\/\/hospitalcmq.com\/wp-content\/uploads\/2018\/01\/Header_costa_alegre.png","width":1400,"height":525,"caption":"pac\u00edfico_costa_alegre"},{"@type":"BreadcrumbList","@id":"https:\/\/hospitalcmq.com\/es\/vacaciones\/costa-alegre-corredor-turistico-ecologico\/#breadcrumb","itemListElement":[{"@type":"ListItem","position":1,"name":"Home","item":"https:\/\/hospitalcmq.com\/es\/"},{"@type":"ListItem","position":2,"name":"Vacaciones","item":"https:\/\/hospitalcmq.com\/es\/vacaciones\/"},{"@type":"ListItem","position":3,"name":"Costa Alegre, Corredor Tur\u00edstico Ecol\u00f3gico"}]},{"@type":"WebSite","@id":"https:\/\/hospitalcmq.com\/es\/#website","url":"https:\/\/hospitalcmq.com\/es\/","name":"Hospital CMQ","description":"Best Hospitals in Puerto Vallarta &amp; Riviera Nayarit","publisher":{"@id":"https:\/\/hospitalcmq.com\/es\/#organization"},"potentialAction":[{"@type":"SearchAction","target":{"@type":"EntryPoint","urlTemplate":"https:\/\/hospitalcmq.com\/es\/?s={search_term_string}"},"query-input":{"@type":"PropertyValueSpecification","valueRequired":true,"valueName":"search_term_string"}}],"inLanguage":"es"},{"@type":"Organization","@id":"https:\/\/hospitalcmq.com\/es\/#organization","name":"Hospital CMQ","url":"https:\/\/hospitalcmq.com\/es\/","logo":{"@type":"ImageObject","inLanguage":"es","@id":"https:\/\/hospitalcmq.com\/es\/#\/schema\/logo\/image\/","url":"https:\/\/hospitalcmq.com\/wp-content\/uploads\/2018\/06\/cmq-hospital-logo.png","contentUrl":"https:\/\/hospitalcmq.com\/wp-content\/uploads\/2018\/06\/cmq-hospital-logo.png","width":214,"height":189,"caption":"Hospital CMQ"},"image":{"@id":"https:\/\/hospitalcmq.com\/es\/#\/schema\/logo\/image\/"},"sameAs":["https:\/\/www.facebook.com\/HospitalCMQ"]}]}},"_links":{"self":[{"href":"https:\/\/hospitalcmq.com\/es\/wp-json\/wp\/v2\/pages\/3464","targetHints":{"allow":["GET"]}}],"collection":[{"href":"https:\/\/hospitalcmq.com\/es\/wp-json\/wp\/v2\/pages"}],"about":[{"href":"https:\/\/hospitalcmq.com\/es\/wp-json\/wp\/v2\/types\/page"}],"author":[{"embeddable":true,"href":"https:\/\/hospitalcmq.com\/es\/wp-json\/wp\/v2\/users\/1"}],"replies":[{"embeddable":true,"href":"https:\/\/hospitalcmq.com\/es\/wp-json\/wp\/v2\/comments?post=3464"}],"version-history":[{"count":0,"href":"https:\/\/hospitalcmq.com\/es\/wp-json\/wp\/v2\/pages\/3464\/revisions"}],"up":[{"embeddable":true,"href":"https:\/\/hospitalcmq.com\/es\/wp-json\/wp\/v2\/pages\/3439"}],"wp:featuredmedia":[{"embeddable":true,"href":"https:\/\/hospitalcmq.com\/es\/wp-json\/wp\/v2\/media\/1961"}],"wp:attachment":[{"href":"https:\/\/hospitalcmq.com\/es\/wp-json\/wp\/v2\/media?parent=3464"}],"curies":[{"name":"wp","href":"https:\/\/api.w.org\/{rel}","templated":true}]}}