{"id":3461,"date":"2018-09-18T11:12:13","date_gmt":"2018-09-18T16:12:13","guid":{"rendered":"https:\/\/hospitalcmq.com\/vacaciones\/jalisco-con-un-toque-de-tequila-y-mariachi\/"},"modified":"2020-08-04T12:04:46","modified_gmt":"2020-08-04T17:04:46","slug":"jalisco-con-un-toque-de-tequila-y-mariachi","status":"publish","type":"page","link":"https:\/\/hospitalcmq.com\/es\/vacaciones\/jalisco-con-un-toque-de-tequila-y-mariachi\/","title":{"rendered":"Jalisco, con un Toque de Tequila y Mariachi"},"content":{"rendered":"<div class=\"wpb-content-wrapper\"><p>[vc_row][vc_column width=\u00bb3\/4&#8243;][vc_custom_heading source=\u00bbpost_title\u00bb font_container=\u00bbtag:h1|text_align:left\u00bb use_theme_fonts=\u00bbyes\u00bb el_class=\u00bbtitle\u00bb][vc_column_text]<span style=\"font-weight: 400;\">\u00a1Visita Jalisco hoy! En el occidente del pa\u00eds, colindante con Colima, Zacatecas, Nayarit, Aguascalientes, Michoac\u00e1n, San Luis Potos\u00ed y el Oc\u00e9ano Pac\u00edfico, <\/span><b>se ubica el cuarto estado m\u00e1s poblado de M\u00e9xico: Jalisco.<\/b><\/p>\n<p><span style=\"font-weight: 400;\">La tierra de la eterna primavera con un aroma a tierra mojada, de puestas de sol en el oc\u00e9ano y amaneceres sobre las monta\u00f1as. <\/span><b>Cuando se habla de Jalisco, uno piensa en el tequila, los <\/b><b><i>charros<\/i><\/b><b> y el <\/b><b><i>mariachi<\/i><\/b><b> tradicional, s\u00edmbolos mundialmente reconocidos de la identidad mexicana.<\/b><\/p>\n<p><span style=\"font-weight: 400;\">Su extensa biodiversidad se caracteriza por sus destinos de playa, frescas monta\u00f1as, zonas semi\u00e1ridas, bosques abundantes, selvas y el enorme lago de Chapala, donde la gran extensi\u00f3n de agua atrae a turistas a\u00f1o tras a\u00f1o.<\/span><\/p>\n<p><b>Jalisco es un estado en constante crecimiento, donde se celebran eventos de clase mundial,<\/b><span style=\"font-weight: 400;\"> como la Feria Internacional del Libro (<\/span><i><span style=\"font-weight: 400;\">FIL<\/span><\/i><span style=\"font-weight: 400;\">), que se celebra anualmente en la ciudad de Guadalajara. Adem\u00e1s, el Encuentro Internacional de Mariachi, los Juegos Panamericanos de 2011 y la Cumbre Iberoamericana del Caribe y Europa en 2004.<\/span>[\/vc_column_text][vc_empty_space][vc_single_image image=\u00bb1966&#8243; img_size=\u00bbfull\u00bb alignment=\u00bbcenter\u00bb][vc_empty_space][vc_column_text]<b>Es el hogar de \u00e1reas naturales protegidas y reconocidos \u00abpueblos m\u00e1gicos\u00bb, tales como:<\/b><span style=\"font-weight: 400;\"> Lagos de Moreno, San Sebasti\u00e1n del Oeste, Mazamitla, Talpa de Allende, Mascota y Tapalpa.<\/span><\/p>\n<p><b>La gastronom\u00eda de Jalisco ha contribuido considerablemente a la fama internacional de la cocina mexicana.<\/b><span style=\"font-weight: 400;\"> Sus platillos est\u00e1n directamente relacionados con productos locales como ma\u00edz, frijol, calabaza, trigo, agave y \u00e1rboles frutales.<\/span><\/p>\n<p><b>Sus artesan\u00edas son reconocidas en todo el mundo.<\/b><span style=\"font-weight: 400;\"> Gracias a su belleza y calidad inigualables, se exportan con gran demanda en el extranjero.<\/span><\/p>\n<p><span style=\"font-weight: 400;\">Visite Jalisco y explore sus \u00e1reas llenas de historia, sus ciudades modernas, sus pueblos y su naturaleza abundante que refresca y llena de tranquilidad.<\/span>[\/vc_column_text][\/vc_column][vc_column width=\u00bb1\/4&#8243;][vc_raw_html]JTNDaGdyb3VwJTNFJTBBJTNDZGl2JTNFJTBBJTNDaDUlM0VFTUVSR0VOQ0lBUyUzQyUyRmg1JTNFJTBBJTNDcCUyMGNsYXNzJTNEJTIyYmlnJTIyJTNFJTNDYSUyMGhyZWYlM0QlMjJ0ZWwlM0E5MTElMjIlM0UlMjA5MTElMjAlM0MlMkZhJTNFJTNDJTJGcCUzRSUwQSUwQSUzQyUyRmRpdiUzRSUwQSUzQyUyRmhncm91cCUzRQ==[\/vc_raw_html][vc_raw_html]JTNDaGdyb3VwJTNFJTBBJTNDZGl2JTNFJTBBJTNDaDUlM0VJTkZPUk1BQ0klQzMlOTNOJTIwR0VORVJBTCUzQyUyRmg1JTNFJTBBJTNDcCUyMGNsYXNzJTNEJTIyYmlnJTIyJTNFJTNDYSUyMGhyZWYlM0QlMjJ0ZWwlM0EwNDAlMjIlM0UlMjAwNDAlMjAlM0MlMkZhJTNFJTNDJTJGcCUzRSUwQSUwQSUzQyUyRmRpdiUzRSUwQSUzQyUyRmhncm91cCUzRQ==[\/vc_raw_html][vc_raw_html]JTNDaGdyb3VwJTNFJTBBJTNDZGl2JTNFJTBBJTNDaDUlM0VBVEVOQ0klQzMlOTNOJTIwQ0lVREFEQU5BJTNDJTJGaDUlM0UlMEElM0NwJTIwY2xhc3MlM0QlMjIlMjIlM0UlM0NhJTIwaHJlZiUzRCUyMnRlbCUzQTAxODAwNTI1NDcyNiUyMiUzRSUyMDAxJTIwODAwJTIwSkFMSVNDTyUyMCUyODUyNTQ3MjYlMjklMjAlM0MlMkZhJTNFJTNDJTJGcCUzRSUwQSUwQSUzQyUyRmRpdiUzRSUwQSUzQyUyRmhncm91cCUzRQ==[\/vc_raw_html][\/vc_column][\/vc_row]<\/p>\n<\/div>","protected":false},"excerpt":{"rendered":"<p>En el occidente del pa\u00eds, colindante con Colima, Zacatecas, Nayarit, Aguascalientes, Michoac\u00e1n, San Luis Potos\u00ed y el Oc\u00e9ano Pac\u00edfico, se ubica el cuarto estado m\u00e1s poblado de M\u00e9xico: Jalisco.<\/p>\n","protected":false},"author":1,"featured_media":1964,"parent":3439,"menu_order":0,"comment_status":"closed","ping_status":"closed","template":"template-vacations.php","meta":{"footnotes":""},"class_list":["post-3461","page","type-page","status-publish","has-post-thumbnail","hentry"],"acf":[],"yoast_head":"<!-- This site is optimized with the Yoast SEO plugin v27.3 - https:\/\/yoast.com\/product\/yoast-seo-wordpress\/ -->\n<title>Jalisco, con un toque de tequila y mariachi te esperan<\/title>\n<meta name=\"description\" content=\"Explora las playas o pi\u00e9rdete en sus museos, Jalisco lo tiene todo. La combinaci\u00f3n perfecta de cultura, arte y tradiciones mexicanas.\" \/>\n<meta name=\"robots\" content=\"index, follow, max-snippet:-1, max-image-preview:large, max-video-preview:-1\" \/>\n<link rel=\"canonical\" href=\"https:\/\/hospitalcmq.com\/es\/vacaciones\/jalisco-con-un-toque-de-tequila-y-mariachi\/\" \/>\n<meta property=\"og:locale\" content=\"es_ES\" \/>\n<meta property=\"og:type\" content=\"article\" \/>\n<meta property=\"og:title\" content=\"Jalisco, con un toque de tequila y mariachi te esperan\" \/>\n<meta property=\"og:description\" content=\"Explora las playas o pi\u00e9rdete en sus museos, Jalisco lo tiene todo. La combinaci\u00f3n perfecta de cultura, arte y tradiciones mexicanas.\" \/>\n<meta property=\"og:url\" content=\"https:\/\/hospitalcmq.com\/es\/vacaciones\/jalisco-con-un-toque-de-tequila-y-mariachi\/\" \/>\n<meta property=\"og:site_name\" content=\"Hospital CMQ\" \/>\n<meta property=\"article:publisher\" content=\"https:\/\/www.facebook.com\/HospitalCMQ\" \/>\n<meta property=\"article:modified_time\" content=\"2020-08-04T17:04:46+00:00\" \/>\n<meta property=\"og:image\" content=\"https:\/\/hospitalcmq.com\/wp-content\/uploads\/2018\/01\/Header_jalisco.png\" \/>\n\t<meta property=\"og:image:width\" content=\"1400\" \/>\n\t<meta property=\"og:image:height\" content=\"525\" \/>\n\t<meta property=\"og:image:type\" content=\"image\/png\" \/>\n<meta name=\"twitter:card\" content=\"summary_large_image\" \/>\n<meta name=\"twitter:label1\" content=\"Tiempo de lectura\" \/>\n\t<meta name=\"twitter:data1\" content=\"2 minutos\" \/>\n<script type=\"application\/ld+json\" class=\"yoast-schema-graph\">{\"@context\":\"https:\\\/\\\/schema.org\",\"@graph\":[{\"@type\":\"WebPage\",\"@id\":\"https:\\\/\\\/hospitalcmq.com\\\/es\\\/vacaciones\\\/jalisco-con-un-toque-de-tequila-y-mariachi\\\/\",\"url\":\"https:\\\/\\\/hospitalcmq.com\\\/es\\\/vacaciones\\\/jalisco-con-un-toque-de-tequila-y-mariachi\\\/\",\"name\":\"Jalisco, con un toque de tequila y mariachi te esperan\",\"isPartOf\":{\"@id\":\"https:\\\/\\\/hospitalcmq.com\\\/es\\\/#website\"},\"primaryImageOfPage\":{\"@id\":\"https:\\\/\\\/hospitalcmq.com\\\/es\\\/vacaciones\\\/jalisco-con-un-toque-de-tequila-y-mariachi\\\/#primaryimage\"},\"image\":{\"@id\":\"https:\\\/\\\/hospitalcmq.com\\\/es\\\/vacaciones\\\/jalisco-con-un-toque-de-tequila-y-mariachi\\\/#primaryimage\"},\"thumbnailUrl\":\"https:\\\/\\\/hospitalcmq.com\\\/wp-content\\\/uploads\\\/2018\\\/01\\\/Header_jalisco.png\",\"datePublished\":\"2018-09-18T16:12:13+00:00\",\"dateModified\":\"2020-08-04T17:04:46+00:00\",\"description\":\"Explora las playas o pi\u00e9rdete en sus museos, Jalisco lo tiene todo. La combinaci\u00f3n perfecta de cultura, arte y tradiciones mexicanas.\",\"breadcrumb\":{\"@id\":\"https:\\\/\\\/hospitalcmq.com\\\/es\\\/vacaciones\\\/jalisco-con-un-toque-de-tequila-y-mariachi\\\/#breadcrumb\"},\"inLanguage\":\"es\",\"potentialAction\":[{\"@type\":\"ReadAction\",\"target\":[\"https:\\\/\\\/hospitalcmq.com\\\/es\\\/vacaciones\\\/jalisco-con-un-toque-de-tequila-y-mariachi\\\/\"]}]},{\"@type\":\"ImageObject\",\"inLanguage\":\"es\",\"@id\":\"https:\\\/\\\/hospitalcmq.com\\\/es\\\/vacaciones\\\/jalisco-con-un-toque-de-tequila-y-mariachi\\\/#primaryimage\",\"url\":\"https:\\\/\\\/hospitalcmq.com\\\/wp-content\\\/uploads\\\/2018\\\/01\\\/Header_jalisco.png\",\"contentUrl\":\"https:\\\/\\\/hospitalcmq.com\\\/wp-content\\\/uploads\\\/2018\\\/01\\\/Header_jalisco.png\",\"width\":1400,\"height\":525,\"caption\":\"cena_jalisco\"},{\"@type\":\"BreadcrumbList\",\"@id\":\"https:\\\/\\\/hospitalcmq.com\\\/es\\\/vacaciones\\\/jalisco-con-un-toque-de-tequila-y-mariachi\\\/#breadcrumb\",\"itemListElement\":[{\"@type\":\"ListItem\",\"position\":1,\"name\":\"Home\",\"item\":\"https:\\\/\\\/hospitalcmq.com\\\/es\\\/\"},{\"@type\":\"ListItem\",\"position\":2,\"name\":\"Vacaciones\",\"item\":\"https:\\\/\\\/hospitalcmq.com\\\/es\\\/vacaciones\\\/\"},{\"@type\":\"ListItem\",\"position\":3,\"name\":\"Jalisco, con un Toque de Tequila y Mariachi\"}]},{\"@type\":\"WebSite\",\"@id\":\"https:\\\/\\\/hospitalcmq.com\\\/es\\\/#website\",\"url\":\"https:\\\/\\\/hospitalcmq.com\\\/es\\\/\",\"name\":\"Hospital CMQ\",\"description\":\"Best Hospitals in Puerto Vallarta &amp; Riviera Nayarit\",\"publisher\":{\"@id\":\"https:\\\/\\\/hospitalcmq.com\\\/es\\\/#organization\"},\"potentialAction\":[{\"@type\":\"SearchAction\",\"target\":{\"@type\":\"EntryPoint\",\"urlTemplate\":\"https:\\\/\\\/hospitalcmq.com\\\/es\\\/?s={search_term_string}\"},\"query-input\":{\"@type\":\"PropertyValueSpecification\",\"valueRequired\":true,\"valueName\":\"search_term_string\"}}],\"inLanguage\":\"es\"},{\"@type\":\"Organization\",\"@id\":\"https:\\\/\\\/hospitalcmq.com\\\/es\\\/#organization\",\"name\":\"Hospital CMQ\",\"url\":\"https:\\\/\\\/hospitalcmq.com\\\/es\\\/\",\"logo\":{\"@type\":\"ImageObject\",\"inLanguage\":\"es\",\"@id\":\"https:\\\/\\\/hospitalcmq.com\\\/es\\\/#\\\/schema\\\/logo\\\/image\\\/\",\"url\":\"https:\\\/\\\/hospitalcmq.com\\\/wp-content\\\/uploads\\\/2018\\\/06\\\/cmq-hospital-logo.png\",\"contentUrl\":\"https:\\\/\\\/hospitalcmq.com\\\/wp-content\\\/uploads\\\/2018\\\/06\\\/cmq-hospital-logo.png\",\"width\":214,\"height\":189,\"caption\":\"Hospital CMQ\"},\"image\":{\"@id\":\"https:\\\/\\\/hospitalcmq.com\\\/es\\\/#\\\/schema\\\/logo\\\/image\\\/\"},\"sameAs\":[\"https:\\\/\\\/www.facebook.com\\\/HospitalCMQ\"]}]}<\/script>\n<!-- \/ Yoast SEO plugin. -->","yoast_head_json":{"title":"Jalisco, con un toque de tequila y mariachi te esperan","description":"Explora las playas o pi\u00e9rdete en sus museos, Jalisco lo tiene todo. La combinaci\u00f3n perfecta de cultura, arte y tradiciones mexicanas.","robots":{"index":"index","follow":"follow","max-snippet":"max-snippet:-1","max-image-preview":"max-image-preview:large","max-video-preview":"max-video-preview:-1"},"canonical":"https:\/\/hospitalcmq.com\/es\/vacaciones\/jalisco-con-un-toque-de-tequila-y-mariachi\/","og_locale":"es_ES","og_type":"article","og_title":"Jalisco, con un toque de tequila y mariachi te esperan","og_description":"Explora las playas o pi\u00e9rdete en sus museos, Jalisco lo tiene todo. La combinaci\u00f3n perfecta de cultura, arte y tradiciones mexicanas.","og_url":"https:\/\/hospitalcmq.com\/es\/vacaciones\/jalisco-con-un-toque-de-tequila-y-mariachi\/","og_site_name":"Hospital CMQ","article_publisher":"https:\/\/www.facebook.com\/HospitalCMQ","article_modified_time":"2020-08-04T17:04:46+00:00","og_image":[{"width":1400,"height":525,"url":"https:\/\/hospitalcmq.com\/wp-content\/uploads\/2018\/01\/Header_jalisco.png","type":"image\/png"}],"twitter_card":"summary_large_image","twitter_misc":{"Tiempo de lectura":"2 minutos"},"schema":{"@context":"https:\/\/schema.org","@graph":[{"@type":"WebPage","@id":"https:\/\/hospitalcmq.com\/es\/vacaciones\/jalisco-con-un-toque-de-tequila-y-mariachi\/","url":"https:\/\/hospitalcmq.com\/es\/vacaciones\/jalisco-con-un-toque-de-tequila-y-mariachi\/","name":"Jalisco, con un toque de tequila y mariachi te esperan","isPartOf":{"@id":"https:\/\/hospitalcmq.com\/es\/#website"},"primaryImageOfPage":{"@id":"https:\/\/hospitalcmq.com\/es\/vacaciones\/jalisco-con-un-toque-de-tequila-y-mariachi\/#primaryimage"},"image":{"@id":"https:\/\/hospitalcmq.com\/es\/vacaciones\/jalisco-con-un-toque-de-tequila-y-mariachi\/#primaryimage"},"thumbnailUrl":"https:\/\/hospitalcmq.com\/wp-content\/uploads\/2018\/01\/Header_jalisco.png","datePublished":"2018-09-18T16:12:13+00:00","dateModified":"2020-08-04T17:04:46+00:00","description":"Explora las playas o pi\u00e9rdete en sus museos, Jalisco lo tiene todo. La combinaci\u00f3n perfecta de cultura, arte y tradiciones mexicanas.","breadcrumb":{"@id":"https:\/\/hospitalcmq.com\/es\/vacaciones\/jalisco-con-un-toque-de-tequila-y-mariachi\/#breadcrumb"},"inLanguage":"es","potentialAction":[{"@type":"ReadAction","target":["https:\/\/hospitalcmq.com\/es\/vacaciones\/jalisco-con-un-toque-de-tequila-y-mariachi\/"]}]},{"@type":"ImageObject","inLanguage":"es","@id":"https:\/\/hospitalcmq.com\/es\/vacaciones\/jalisco-con-un-toque-de-tequila-y-mariachi\/#primaryimage","url":"https:\/\/hospitalcmq.com\/wp-content\/uploads\/2018\/01\/Header_jalisco.png","contentUrl":"https:\/\/hospitalcmq.com\/wp-content\/uploads\/2018\/01\/Header_jalisco.png","width":1400,"height":525,"caption":"cena_jalisco"},{"@type":"BreadcrumbList","@id":"https:\/\/hospitalcmq.com\/es\/vacaciones\/jalisco-con-un-toque-de-tequila-y-mariachi\/#breadcrumb","itemListElement":[{"@type":"ListItem","position":1,"name":"Home","item":"https:\/\/hospitalcmq.com\/es\/"},{"@type":"ListItem","position":2,"name":"Vacaciones","item":"https:\/\/hospitalcmq.com\/es\/vacaciones\/"},{"@type":"ListItem","position":3,"name":"Jalisco, con un Toque de Tequila y Mariachi"}]},{"@type":"WebSite","@id":"https:\/\/hospitalcmq.com\/es\/#website","url":"https:\/\/hospitalcmq.com\/es\/","name":"Hospital CMQ","description":"Best Hospitals in Puerto Vallarta &amp; Riviera Nayarit","publisher":{"@id":"https:\/\/hospitalcmq.com\/es\/#organization"},"potentialAction":[{"@type":"SearchAction","target":{"@type":"EntryPoint","urlTemplate":"https:\/\/hospitalcmq.com\/es\/?s={search_term_string}"},"query-input":{"@type":"PropertyValueSpecification","valueRequired":true,"valueName":"search_term_string"}}],"inLanguage":"es"},{"@type":"Organization","@id":"https:\/\/hospitalcmq.com\/es\/#organization","name":"Hospital CMQ","url":"https:\/\/hospitalcmq.com\/es\/","logo":{"@type":"ImageObject","inLanguage":"es","@id":"https:\/\/hospitalcmq.com\/es\/#\/schema\/logo\/image\/","url":"https:\/\/hospitalcmq.com\/wp-content\/uploads\/2018\/06\/cmq-hospital-logo.png","contentUrl":"https:\/\/hospitalcmq.com\/wp-content\/uploads\/2018\/06\/cmq-hospital-logo.png","width":214,"height":189,"caption":"Hospital CMQ"},"image":{"@id":"https:\/\/hospitalcmq.com\/es\/#\/schema\/logo\/image\/"},"sameAs":["https:\/\/www.facebook.com\/HospitalCMQ"]}]}},"_links":{"self":[{"href":"https:\/\/hospitalcmq.com\/es\/wp-json\/wp\/v2\/pages\/3461","targetHints":{"allow":["GET"]}}],"collection":[{"href":"https:\/\/hospitalcmq.com\/es\/wp-json\/wp\/v2\/pages"}],"about":[{"href":"https:\/\/hospitalcmq.com\/es\/wp-json\/wp\/v2\/types\/page"}],"author":[{"embeddable":true,"href":"https:\/\/hospitalcmq.com\/es\/wp-json\/wp\/v2\/users\/1"}],"replies":[{"embeddable":true,"href":"https:\/\/hospitalcmq.com\/es\/wp-json\/wp\/v2\/comments?post=3461"}],"version-history":[{"count":0,"href":"https:\/\/hospitalcmq.com\/es\/wp-json\/wp\/v2\/pages\/3461\/revisions"}],"up":[{"embeddable":true,"href":"https:\/\/hospitalcmq.com\/es\/wp-json\/wp\/v2\/pages\/3439"}],"wp:featuredmedia":[{"embeddable":true,"href":"https:\/\/hospitalcmq.com\/es\/wp-json\/wp\/v2\/media\/1964"}],"wp:attachment":[{"href":"https:\/\/hospitalcmq.com\/es\/wp-json\/wp\/v2\/media?parent=3461"}],"curies":[{"name":"wp","href":"https:\/\/api.w.org\/{rel}","templated":true}]}}