{"id":3459,"date":"2018-09-18T11:04:56","date_gmt":"2018-09-18T16:04:56","guid":{"rendered":"https:\/\/hospitalcmq.com\/vacaciones\/litibu-ambiente-de-lujo-y-hedonismo\/"},"modified":"2019-06-13T09:17:02","modified_gmt":"2019-06-13T14:17:02","slug":"litibu-ambiente-de-lujo-y-hedonismo","status":"publish","type":"page","link":"https:\/\/hospitalcmq.com\/es\/vacaciones\/litibu-ambiente-de-lujo-y-hedonismo\/","title":{"rendered":"Litib\u00fa, Ambiente de Lujo y Hedonismo"},"content":{"rendered":"<div class=\"wpb-content-wrapper\"><p>[vc_row][vc_column width=\u00bb3\/4&#8243;][vc_custom_heading source=\u00bbpost_title\u00bb font_container=\u00bbtag:h1|text_align:left\u00bb use_theme_fonts=\u00bbyes\u00bb el_class=\u00bbtitle\u00bb][vc_column_text]<span style=\"font-weight: 400;\">Situada a pocos kil\u00f3metros de Sayulita, sobre el camino a Punta de Mita se encuentra Litib\u00fa, una zona exclusiva con <\/span><b>belleza esc\u00e9nica y riqueza de recursos naturales<\/b><span style=\"font-weight: 400;\">, que abre sus puertas al turismo de conocedores. Al acercarse al lugar, ya sea desde la carretera que une La Cruz de Huanacaxtle y Punta de Mita, o desde la carretera de Sayulita, podr\u00e1 apreciar la opulencia de la naturaleza y las bondades de su ubicaci\u00f3n estrat\u00e9gica.<\/span><\/p>\n<p><span style=\"font-weight: 400;\">Puede explorar <\/span><b>dos kil\u00f3metros de playas casi v\u00edrgenes<\/b><span style=\"font-weight: 400;\">, con exclusivas actividades n\u00e1uticas y\u00a0 el campo de golf de Litib\u00fa, dise\u00f1ado por Greg Norman en 2010, el cual descansa sobre una superficie de 68,5 hect\u00e1reas, encontrando el equilibrio perfecto entre el dise\u00f1o del curso y la naturaleza.<\/span><\/p>\n<p><span style=\"font-weight: 400;\">Litib\u00fa es un desarrollo controlado ejemplar que proporciona la m\u00e1s alta calidad para sus visitantes. Disfrute de momentos de relajaci\u00f3n y bienestar en sus hoteles boutique, como el <\/span><b>Imanta Resort<\/b><span style=\"font-weight: 400;\">, en una ubicaci\u00f3n privilegiada, dentro de una reserva selv\u00e1tica privada y en uno de los principales destinos de M\u00e9xico.<\/span><\/p>\n<p><span style=\"font-weight: 400;\">Mientras camina sobre la fina arena de Litib\u00fa o<\/span><b>\u00a0en las playas vecinas de Punta Negra y Careyeros<\/b><span style=\"font-weight: 400;\">, se sentir\u00e1 como si estuviera en una isla desierta, entre la grandeza del oc\u00e9ano y la calidez de la naturaleza, adem\u00e1s de los \u00e1rboles que sobresalen en la costa.<\/span><\/p>\n<p><span style=\"font-weight: 400;\">Con la <\/span><b>combinaci\u00f3n perfecta de ecoturismo y playa<\/b><span style=\"font-weight: 400;\">, Litib\u00fa posee un atractivo santuario de tortugas, donde podr\u00e1 participar liberando tortugas beb\u00e9 en el mar. Asimismo, entre todo el litoral de Nayarit, esta \u00e1rea espec\u00edfica es ideal para la observaci\u00f3n de ballenas.<\/span><\/p>\n<p><span style=\"font-weight: 400;\">Compuesto por un entorno paradis\u00edaco, belleza natural completamente preservada y un ecosistema y atm\u00f3sfera en armon\u00eda, este lugar contiene los elementos esenciales para ser una excelente alternativa para aquellos que est\u00e9n interesados \u200b\u200ben disfrutar de los mejores rincones nayaritas.<\/span><\/p>\n<p><span style=\"font-weight: 400;\">Visitar <\/span><b>Litib\u00fa<\/b><span style=\"font-weight: 400;\">, en las costas de <\/span><b>Nayarit<\/b><span style=\"font-weight: 400;\">, es una fant\u00e1stica oportunidad para practicar kayak, pesca deportiva, nataci\u00f3n y esn\u00f3rquel; o simplemente, dar rom\u00e1nticos paseos por la costa y revivir con la fascinante energ\u00eda natural que irradia el lugar.<\/span>[\/vc_column_text][\/vc_column][vc_column width=\u00bb1\/4&#8243;][vc_raw_html]JTNDaGdyb3VwJTNFJTBBJTNDZGl2JTNFJTBBJTNDaDUlM0VFTUVSR0VOQ0lBUyUyMEhPU1BJVEFMJTIwQ01RJTIwUklWSUVSQSUyME5BWUFSSVQlM0MlMkZoNSUzRSUwQSUzQ3AlMjBjbGFzcyUzRCUyMiUyMiUzRSUzQ2ElMjBocmVmJTNEJTIydGVsJTNBJTJCNTIzMjkyOTgwNzE3JTIyJTNFJTBBJTI4MzI5JTI5JTIwMjk4LTA3MTclMEElM0MlMkZhJTNFJTNDJTJGcCUzRSUwQSUwQSUzQyUyRmRpdiUzRSUwQSUzQ3AlMjBjbGFzcyUzRCUyMmFkZHJlc3MlMjIlM0VBdi4lMjBIJUMzJUE5cm9lcyUyMGRlJTIwTmFjb3phcmklMjAlMjMyODAlMkMlMjBCdWNlciVDMyVBRGFzJTJDJTIwTmF5LiUzQyUyRnAlM0UlMEElM0MlMkZoZ3JvdXAlM0U=[\/vc_raw_html][vc_raw_html]JTNDaGdyb3VwJTNFJTBBJTNDZGl2JTNFJTBBJTNDaDUlM0VQUk9URUNDSSVDMyU5M04lMjBDSVZJTCUyMFklMjBERVBBUlRBTUVOVE8lMjBERSUyMEJPTUJFUk9TJTIwREUlMjBCQUglQzMlOERBJTIwREUlMjBCQU5ERVJBUyUzQyUyRmg1JTNFJTBBJTNDcCUyMGNsYXNzJTNEJTIyJTIyJTNFJTNDYSUyMGhyZWYlM0QlMjJ0ZWwlM0ElMkI1MjMyMjExMzMyNTUlMjIlM0UlMEElMjgzMjIlMjklMjAxMTMlMjAzMjU1JTBBJTNDJTJGYSUzRSUzQyUyRnAlM0UlMEElMEElM0MlMkZkaXYlM0UlMEElM0NwJTIwY2xhc3MlM0QlMjJhZGRyZXNzJTIyJTNFTSVDMyVBOXhpY28lMjAyMDAlMjA1MCUyQyUyME51ZXZvJTIwVmFsbGFydGElMkMlMjBOYXkuJTNDJTJGcCUzRSUwQSUzQyUyRmhncm91cCUzRQ==[\/vc_raw_html][vc_raw_html]JTNDaGdyb3VwJTNFJTBBJTNDZGl2JTNFJTBBJTNDaDUlM0VFTUJBSkFEQSUyMFklMjBDT05TVUxBRE8lMjBBTUVSSUNBTk8lMjBFTiUyME0lQzMlODlYSUNPJTNDJTJGaDUlM0UlMEElM0NwJTIwY2xhc3MlM0QlMjIlMjIlM0UlM0NhJTIwaHJlZiUzRCUyMnRlbCUzQSUyQjUyMzMzMjY4MjEwMCUyMiUzRSUyMCUyODMzMyUyOTI2OC0yMTAwJTIwJTNDJTJGYSUzRSUzQyUyRnAlM0UlMEElMEElM0MlMkZkaXYlM0UlMEElM0NwJTIwY2xhc3MlM0QlMjJhZGRyZXNzJTIyJTNFUGFzZW8lMjBkZSUyMGxvcyUyMENvY290ZXJvcyUyMCUyMzg1JTIwU3VyJTJDJTIwTG9jYWwlMjBMLTclMkMlMjBOdWV2byUyMFZhbGxhcnRhJTJDJTIwTmF5LiUzQyUyRnAlM0UlMEElM0MlMkZoZ3JvdXAlM0U=[\/vc_raw_html][vc_raw_html]JTNDaGdyb3VwJTNFJTBBJTNDZGl2JTNFJTBBJTNDaDUlM0VPRklDSU5BJTIwREUlMjBDT05WRU5DSU9ORVMlMjBZJTIwVklTSVRBTlRFUyUyMERFJTIwTEElMjBSSVZJRVJBJTIwTkFZQVJJVCUzQyUyRmg1JTNFJTBBJTNDcCUyMGNsYXNzJTNEJTIyJTIyJTNFJTNDYSUyMGhyZWYlM0QlMjJ0ZWwlM0ElMkI1MjMyMjI5NzI1MTYlMjIlM0UlMjAlMjgzMjIlMjklMjAyOTctMjUxNiUyMCUzQyUyRmElM0UlM0MlMkZwJTNFJTBBJTBBJTNDJTJGZGl2JTNFJTBBJTNDcCUyMGNsYXNzJTNEJTIyYWRkcmVzcyUyMiUzRUNlbnRybyUyMEVtcHJlc2FyaWFsJTJDJTIwQXYuJTIwUGFzZW8lMjBkZSUyMGxvcyUyMENvY290ZXJvcyUyMCUyMzU1JTJDJTIwTG9jYWwlMjAyMTEyJTJDJTIwTnVldm8lMjBWYWxsYXJ0YSUyQyUyME5heS4lM0MlMkZwJTNFJTBBJTNDJTJGaGdyb3VwJTNF[\/vc_raw_html][\/vc_column][\/vc_row]<\/p>\n<\/div>","protected":false},"excerpt":{"rendered":"<p>Situada a pocos kil\u00f3metros de Sayulita, sobre el camino a Punta de Mita se encuentra Litib\u00fa, una zona exclusiva con belleza esc\u00e9nica y riqueza de recursos naturales, que abre sus puertas al turismo de conocedores. Al acercarse al lugar, ya sea desde la carretera que une La Cruz de Huanacaxtle y Punta de Mita, o desde la carretera de Sayulita, podr\u00e1 apreciar la opulencia de la naturaleza y las bondades de su ubicaci\u00f3n estrat\u00e9gica.<\/p>\n","protected":false},"author":1,"featured_media":2060,"parent":3439,"menu_order":0,"comment_status":"closed","ping_status":"closed","template":"template-vacations.php","meta":{"footnotes":""},"class_list":["post-3459","page","type-page","status-publish","has-post-thumbnail","hentry"],"acf":[],"yoast_head":"<!-- This site is optimized with the Yoast SEO plugin v27.5 - https:\/\/yoast.com\/product\/yoast-seo-wordpress\/ -->\n<title>Playa Litibu, donde el lujo se encuentra con la aventura<\/title>\n<meta name=\"description\" content=\"Cerca de Sayulita, hay un tesoro escondido: la playa de Litibu, una zona exclusiva llena de recursos naturales donde todos tus sue\u00f1os se har\u00e1n realidad.\" \/>\n<meta name=\"robots\" content=\"index, follow, max-snippet:-1, max-image-preview:large, max-video-preview:-1\" \/>\n<link rel=\"canonical\" href=\"https:\/\/hospitalcmq.com\/es\/vacaciones\/litibu-ambiente-de-lujo-y-hedonismo\/\" \/>\n<meta property=\"og:locale\" content=\"es_ES\" \/>\n<meta property=\"og:type\" content=\"article\" \/>\n<meta property=\"og:title\" content=\"Playa Litibu, donde el lujo se encuentra con la aventura\" \/>\n<meta property=\"og:description\" content=\"Cerca de Sayulita, hay un tesoro escondido: la playa de Litibu, una zona exclusiva llena de recursos naturales donde todos tus sue\u00f1os se har\u00e1n realidad.\" \/>\n<meta property=\"og:url\" content=\"https:\/\/hospitalcmq.com\/es\/vacaciones\/litibu-ambiente-de-lujo-y-hedonismo\/\" \/>\n<meta property=\"og:site_name\" content=\"Hospital CMQ\" \/>\n<meta property=\"article:publisher\" content=\"https:\/\/www.facebook.com\/HospitalCMQ\" \/>\n<meta property=\"article:modified_time\" content=\"2019-06-13T14:17:02+00:00\" \/>\n<meta property=\"og:image\" content=\"https:\/\/hospitalcmq.com\/wp-content\/uploads\/2018\/01\/Header_litibu.png\" \/>\n\t<meta property=\"og:image:width\" content=\"1400\" \/>\n\t<meta property=\"og:image:height\" content=\"525\" \/>\n\t<meta property=\"og:image:type\" content=\"image\/png\" \/>\n<meta name=\"twitter:card\" content=\"summary_large_image\" \/>\n<meta name=\"twitter:label1\" content=\"Tiempo de lectura\" \/>\n\t<meta name=\"twitter:data1\" content=\"3 minutos\" \/>\n<script type=\"application\/ld+json\" class=\"yoast-schema-graph\">{\"@context\":\"https:\\\/\\\/schema.org\",\"@graph\":[{\"@type\":\"WebPage\",\"@id\":\"https:\\\/\\\/hospitalcmq.com\\\/es\\\/vacaciones\\\/litibu-ambiente-de-lujo-y-hedonismo\\\/\",\"url\":\"https:\\\/\\\/hospitalcmq.com\\\/es\\\/vacaciones\\\/litibu-ambiente-de-lujo-y-hedonismo\\\/\",\"name\":\"Playa Litibu, donde el lujo se encuentra con la aventura\",\"isPartOf\":{\"@id\":\"https:\\\/\\\/hospitalcmq.com\\\/es\\\/#website\"},\"primaryImageOfPage\":{\"@id\":\"https:\\\/\\\/hospitalcmq.com\\\/es\\\/vacaciones\\\/litibu-ambiente-de-lujo-y-hedonismo\\\/#primaryimage\"},\"image\":{\"@id\":\"https:\\\/\\\/hospitalcmq.com\\\/es\\\/vacaciones\\\/litibu-ambiente-de-lujo-y-hedonismo\\\/#primaryimage\"},\"thumbnailUrl\":\"https:\\\/\\\/hospitalcmq.com\\\/wp-content\\\/uploads\\\/2018\\\/01\\\/Header_litibu.png\",\"datePublished\":\"2018-09-18T16:04:56+00:00\",\"dateModified\":\"2019-06-13T14:17:02+00:00\",\"description\":\"Cerca de Sayulita, hay un tesoro escondido: la playa de Litibu, una zona exclusiva llena de recursos naturales donde todos tus sue\u00f1os se har\u00e1n realidad.\",\"breadcrumb\":{\"@id\":\"https:\\\/\\\/hospitalcmq.com\\\/es\\\/vacaciones\\\/litibu-ambiente-de-lujo-y-hedonismo\\\/#breadcrumb\"},\"inLanguage\":\"es\",\"potentialAction\":[{\"@type\":\"ReadAction\",\"target\":[\"https:\\\/\\\/hospitalcmq.com\\\/es\\\/vacaciones\\\/litibu-ambiente-de-lujo-y-hedonismo\\\/\"]}]},{\"@type\":\"ImageObject\",\"inLanguage\":\"es\",\"@id\":\"https:\\\/\\\/hospitalcmq.com\\\/es\\\/vacaciones\\\/litibu-ambiente-de-lujo-y-hedonismo\\\/#primaryimage\",\"url\":\"https:\\\/\\\/hospitalcmq.com\\\/wp-content\\\/uploads\\\/2018\\\/01\\\/Header_litibu.png\",\"contentUrl\":\"https:\\\/\\\/hospitalcmq.com\\\/wp-content\\\/uploads\\\/2018\\\/01\\\/Header_litibu.png\",\"width\":1400,\"height\":525,\"caption\":\"Mar_litibu\"},{\"@type\":\"BreadcrumbList\",\"@id\":\"https:\\\/\\\/hospitalcmq.com\\\/es\\\/vacaciones\\\/litibu-ambiente-de-lujo-y-hedonismo\\\/#breadcrumb\",\"itemListElement\":[{\"@type\":\"ListItem\",\"position\":1,\"name\":\"Home\",\"item\":\"https:\\\/\\\/hospitalcmq.com\\\/es\\\/\"},{\"@type\":\"ListItem\",\"position\":2,\"name\":\"Vacaciones\",\"item\":\"https:\\\/\\\/hospitalcmq.com\\\/es\\\/vacaciones\\\/\"},{\"@type\":\"ListItem\",\"position\":3,\"name\":\"Litib\u00fa, Ambiente de Lujo y Hedonismo\"}]},{\"@type\":\"WebSite\",\"@id\":\"https:\\\/\\\/hospitalcmq.com\\\/es\\\/#website\",\"url\":\"https:\\\/\\\/hospitalcmq.com\\\/es\\\/\",\"name\":\"Hospital CMQ\",\"description\":\"Best Hospitals in Puerto Vallarta &amp; Riviera Nayarit\",\"publisher\":{\"@id\":\"https:\\\/\\\/hospitalcmq.com\\\/es\\\/#organization\"},\"potentialAction\":[{\"@type\":\"SearchAction\",\"target\":{\"@type\":\"EntryPoint\",\"urlTemplate\":\"https:\\\/\\\/hospitalcmq.com\\\/es\\\/?s={search_term_string}\"},\"query-input\":{\"@type\":\"PropertyValueSpecification\",\"valueRequired\":true,\"valueName\":\"search_term_string\"}}],\"inLanguage\":\"es\"},{\"@type\":\"Organization\",\"@id\":\"https:\\\/\\\/hospitalcmq.com\\\/es\\\/#organization\",\"name\":\"Hospital CMQ\",\"url\":\"https:\\\/\\\/hospitalcmq.com\\\/es\\\/\",\"logo\":{\"@type\":\"ImageObject\",\"inLanguage\":\"es\",\"@id\":\"https:\\\/\\\/hospitalcmq.com\\\/es\\\/#\\\/schema\\\/logo\\\/image\\\/\",\"url\":\"https:\\\/\\\/hospitalcmq.com\\\/wp-content\\\/uploads\\\/2018\\\/06\\\/cmq-hospital-logo.png\",\"contentUrl\":\"https:\\\/\\\/hospitalcmq.com\\\/wp-content\\\/uploads\\\/2018\\\/06\\\/cmq-hospital-logo.png\",\"width\":214,\"height\":189,\"caption\":\"Hospital CMQ\"},\"image\":{\"@id\":\"https:\\\/\\\/hospitalcmq.com\\\/es\\\/#\\\/schema\\\/logo\\\/image\\\/\"},\"sameAs\":[\"https:\\\/\\\/www.facebook.com\\\/HospitalCMQ\"]}]}<\/script>\n<!-- \/ Yoast SEO plugin. -->","yoast_head_json":{"title":"Playa Litibu, donde el lujo se encuentra con la aventura","description":"Cerca de Sayulita, hay un tesoro escondido: la playa de Litibu, una zona exclusiva llena de recursos naturales donde todos tus sue\u00f1os se har\u00e1n realidad.","robots":{"index":"index","follow":"follow","max-snippet":"max-snippet:-1","max-image-preview":"max-image-preview:large","max-video-preview":"max-video-preview:-1"},"canonical":"https:\/\/hospitalcmq.com\/es\/vacaciones\/litibu-ambiente-de-lujo-y-hedonismo\/","og_locale":"es_ES","og_type":"article","og_title":"Playa Litibu, donde el lujo se encuentra con la aventura","og_description":"Cerca de Sayulita, hay un tesoro escondido: la playa de Litibu, una zona exclusiva llena de recursos naturales donde todos tus sue\u00f1os se har\u00e1n realidad.","og_url":"https:\/\/hospitalcmq.com\/es\/vacaciones\/litibu-ambiente-de-lujo-y-hedonismo\/","og_site_name":"Hospital CMQ","article_publisher":"https:\/\/www.facebook.com\/HospitalCMQ","article_modified_time":"2019-06-13T14:17:02+00:00","og_image":[{"width":1400,"height":525,"url":"https:\/\/hospitalcmq.com\/wp-content\/uploads\/2018\/01\/Header_litibu.png","type":"image\/png"}],"twitter_card":"summary_large_image","twitter_misc":{"Tiempo de lectura":"3 minutos"},"schema":{"@context":"https:\/\/schema.org","@graph":[{"@type":"WebPage","@id":"https:\/\/hospitalcmq.com\/es\/vacaciones\/litibu-ambiente-de-lujo-y-hedonismo\/","url":"https:\/\/hospitalcmq.com\/es\/vacaciones\/litibu-ambiente-de-lujo-y-hedonismo\/","name":"Playa Litibu, donde el lujo se encuentra con la aventura","isPartOf":{"@id":"https:\/\/hospitalcmq.com\/es\/#website"},"primaryImageOfPage":{"@id":"https:\/\/hospitalcmq.com\/es\/vacaciones\/litibu-ambiente-de-lujo-y-hedonismo\/#primaryimage"},"image":{"@id":"https:\/\/hospitalcmq.com\/es\/vacaciones\/litibu-ambiente-de-lujo-y-hedonismo\/#primaryimage"},"thumbnailUrl":"https:\/\/hospitalcmq.com\/wp-content\/uploads\/2018\/01\/Header_litibu.png","datePublished":"2018-09-18T16:04:56+00:00","dateModified":"2019-06-13T14:17:02+00:00","description":"Cerca de Sayulita, hay un tesoro escondido: la playa de Litibu, una zona exclusiva llena de recursos naturales donde todos tus sue\u00f1os se har\u00e1n realidad.","breadcrumb":{"@id":"https:\/\/hospitalcmq.com\/es\/vacaciones\/litibu-ambiente-de-lujo-y-hedonismo\/#breadcrumb"},"inLanguage":"es","potentialAction":[{"@type":"ReadAction","target":["https:\/\/hospitalcmq.com\/es\/vacaciones\/litibu-ambiente-de-lujo-y-hedonismo\/"]}]},{"@type":"ImageObject","inLanguage":"es","@id":"https:\/\/hospitalcmq.com\/es\/vacaciones\/litibu-ambiente-de-lujo-y-hedonismo\/#primaryimage","url":"https:\/\/hospitalcmq.com\/wp-content\/uploads\/2018\/01\/Header_litibu.png","contentUrl":"https:\/\/hospitalcmq.com\/wp-content\/uploads\/2018\/01\/Header_litibu.png","width":1400,"height":525,"caption":"Mar_litibu"},{"@type":"BreadcrumbList","@id":"https:\/\/hospitalcmq.com\/es\/vacaciones\/litibu-ambiente-de-lujo-y-hedonismo\/#breadcrumb","itemListElement":[{"@type":"ListItem","position":1,"name":"Home","item":"https:\/\/hospitalcmq.com\/es\/"},{"@type":"ListItem","position":2,"name":"Vacaciones","item":"https:\/\/hospitalcmq.com\/es\/vacaciones\/"},{"@type":"ListItem","position":3,"name":"Litib\u00fa, Ambiente de Lujo y Hedonismo"}]},{"@type":"WebSite","@id":"https:\/\/hospitalcmq.com\/es\/#website","url":"https:\/\/hospitalcmq.com\/es\/","name":"Hospital CMQ","description":"Best Hospitals in Puerto Vallarta &amp; Riviera Nayarit","publisher":{"@id":"https:\/\/hospitalcmq.com\/es\/#organization"},"potentialAction":[{"@type":"SearchAction","target":{"@type":"EntryPoint","urlTemplate":"https:\/\/hospitalcmq.com\/es\/?s={search_term_string}"},"query-input":{"@type":"PropertyValueSpecification","valueRequired":true,"valueName":"search_term_string"}}],"inLanguage":"es"},{"@type":"Organization","@id":"https:\/\/hospitalcmq.com\/es\/#organization","name":"Hospital CMQ","url":"https:\/\/hospitalcmq.com\/es\/","logo":{"@type":"ImageObject","inLanguage":"es","@id":"https:\/\/hospitalcmq.com\/es\/#\/schema\/logo\/image\/","url":"https:\/\/hospitalcmq.com\/wp-content\/uploads\/2018\/06\/cmq-hospital-logo.png","contentUrl":"https:\/\/hospitalcmq.com\/wp-content\/uploads\/2018\/06\/cmq-hospital-logo.png","width":214,"height":189,"caption":"Hospital CMQ"},"image":{"@id":"https:\/\/hospitalcmq.com\/es\/#\/schema\/logo\/image\/"},"sameAs":["https:\/\/www.facebook.com\/HospitalCMQ"]}]}},"_links":{"self":[{"href":"https:\/\/hospitalcmq.com\/es\/wp-json\/wp\/v2\/pages\/3459","targetHints":{"allow":["GET"]}}],"collection":[{"href":"https:\/\/hospitalcmq.com\/es\/wp-json\/wp\/v2\/pages"}],"about":[{"href":"https:\/\/hospitalcmq.com\/es\/wp-json\/wp\/v2\/types\/page"}],"author":[{"embeddable":true,"href":"https:\/\/hospitalcmq.com\/es\/wp-json\/wp\/v2\/users\/1"}],"replies":[{"embeddable":true,"href":"https:\/\/hospitalcmq.com\/es\/wp-json\/wp\/v2\/comments?post=3459"}],"version-history":[{"count":0,"href":"https:\/\/hospitalcmq.com\/es\/wp-json\/wp\/v2\/pages\/3459\/revisions"}],"up":[{"embeddable":true,"href":"https:\/\/hospitalcmq.com\/es\/wp-json\/wp\/v2\/pages\/3439"}],"wp:featuredmedia":[{"embeddable":true,"href":"https:\/\/hospitalcmq.com\/es\/wp-json\/wp\/v2\/media\/2060"}],"wp:attachment":[{"href":"https:\/\/hospitalcmq.com\/es\/wp-json\/wp\/v2\/media?parent=3459"}],"curies":[{"name":"wp","href":"https:\/\/api.w.org\/{rel}","templated":true}]}}