{"id":3453,"date":"2018-09-18T10:56:44","date_gmt":"2018-09-18T15:56:44","guid":{"rendered":"https:\/\/hospitalcmq.com\/vacaciones\/mexico-tierra-de-tradicion-y-cultura\/"},"modified":"2020-08-04T12:12:18","modified_gmt":"2020-08-04T17:12:18","slug":"mexico","status":"publish","type":"page","link":"https:\/\/hospitalcmq.com\/es\/vacaciones\/mexico\/","title":{"rendered":"M\u00e9xico, Tierra de Tradici\u00f3n y Cultura"},"content":{"rendered":"<div class=\"wpb-content-wrapper\"><p>[vc_row][vc_column width=\u00bb3\/4&#8243;][vc_custom_heading source=\u00bbpost_title\u00bb font_container=\u00bbtag:h1|text_align:left\u00bb use_theme_fonts=\u00bbyes\u00bb el_class=\u00bbtitle\u00bb][vc_column_text]<strong>M\u00e9xico<\/strong> es un pa\u00eds con hermosos destinos. Existen opciones para todos los gustos y en ocasiones es dif\u00edcil elegir el mejor lugar para tus pr\u00f3ximas vacaciones. Decidimos tomar medidas al respecto y hemos compilado un listo de destinos mexicanos que han demostrado ser inolvidables y de primera clase para todos los viajeros. Desde atracciones que te dejar\u00e1n sin aliento hasta destinos llenos de tranquilidad y armon\u00eda; estos destinos tienen todo lo que necesitas para disfrutar M\u00e9xico al m\u00e1ximo.<\/p>\n<p><span style=\"font-weight: 400;\">Compuesto de playas, \u00abpueblos m\u00e1gicos\u00bb, tradiciones, costumbres, festividades, deliciosa comida, tequila, cerveza, tecnolog\u00eda e innovaci\u00f3n. <\/span><b>En la Rep\u00fablica Mexicana, la cultura y la poblaci\u00f3n conviven armoniosamente. A lo largo y ancho de su territorio, la calidez y la belleza de sus 32 estados paradis\u00edacos reposan, cada uno abarcando su propia historia y cultura.<\/b><\/p>\n<p><b>La palabra\u00a0<\/b><b><i>M\u00e9xico<\/i><\/b><b>, proviene del idioma <\/b><b><i>n\u00e1huatl<\/i><\/b><b>: <\/b><b><i>metztli-co<\/i><\/b><b>, que significa \u00abombligo de la luna\u00bb.<\/b><\/p>\n<p><span style=\"font-weight: 400;\">El territorio actual de M\u00e9xico fue alguna vez habitado por culturas cuyas tradiciones se arraigaron profundamente, tanto que a\u00fan hoy se conservan en varios estados de la Rep\u00fablica. <\/span><b>La mezcla de ideolog\u00edas, mitos y leyendas proporciona un sentido de orgullo e identidad a su gente.<\/b>[\/vc_column_text][vc_empty_space][vc_single_image image=\u00bb1946&#8243; img_size=\u00bbfull\u00bb alignment=\u00bbcenter\u00bb][vc_empty_space][vc_column_text]<span style=\"font-weight: 400;\">Enam\u00f3rese de sus festividades llenas de colores vibrantes y alegres canciones; de sus bailes al ritmo de la m\u00fasica emblem\u00e1tica de cada estado, sus vestidos bordados y atuendos de <\/span><i><span style=\"font-weight: 400;\">charro<\/span><\/i><span style=\"font-weight: 400;\">. Explore sus aventuras gastron\u00f3micas, con delicias tradicionales (<\/span><i><span style=\"font-weight: 400;\">antojitos)<\/span><\/i><span style=\"font-weight: 400;\"> y platillos exclusivos, elaborados con ingredientes especiales, logrando que cada degustaci\u00f3n sea una experiencia \u00fanica.<\/span><\/p>\n<p><span style=\"font-weight: 400;\">M\u00e9xico es un pa\u00eds <\/span><b>con una gran diversidad clim\u00e1tica, entre ellos, una zona tropical, desiertos y bosques.<\/b><span style=\"font-weight: 400;\"> Es el hogar de 10-12% de la biodiversidad del mundo y debido a su terreno geogr\u00e1fico, alberga m\u00faltiples volcanes, pen\u00ednsulas e impresionantes cadenas monta\u00f1osas.<\/span><\/p>\n<p><span style=\"font-weight: 400;\">Dada su importancia hist\u00f3rica, conservaci\u00f3n, belleza natural y arquitect\u00f3nica, <\/span><b>M\u00e9xico ha trascendido las fronteras y se ha convertido en parte de la belleza y el legado cultural de la humanidad.<\/b>[\/vc_column_text][\/vc_column][vc_column width=\u00bb1\/4&#8243;][vc_raw_html]JTNDaGdyb3VwJTNFJTBBJTNDZGl2JTNFJTBBJTNDaDUlM0VFTUVSR0VOQ0lBUyUzQyUyRmg1JTNFJTBBJTNDcCUyMGNsYXNzJTNEJTIyYmlnJTIyJTNFJTNDYSUyMGhyZWYlM0QlMjJ0ZWwlM0E5MTElMjIlM0UlMEE5MTElMEElM0MlMkZhJTNFJTNDJTJGcCUzRSUwQSUwQSUzQyUyRmRpdiUzRSUwQSUzQyUyRmhncm91cCUzRQ==[\/vc_raw_html][vc_raw_html]JTNDaGdyb3VwJTNFJTBBJTNDZGl2JTNFJTBBJTNDaDUlM0VDUlVaJTIwUk9KQSUzQyUyRmg1JTNFJTBBJTNDcCUyMGNsYXNzJTNEJTIyYmlnJTIyJTNFJTNDYSUyMGhyZWYlM0QlMjJ0ZWwlM0EwNjUlMjIlM0UlMEEwNjUlM0MlMkZhJTNFJTNDJTJGcCUzRSUwQSUwQSUzQyUyRmRpdiUzRSUwQSUzQyUyRmhncm91cCUzRQ==[\/vc_raw_html][vc_raw_html]JTNDaGdyb3VwJTNFJTBBJTNDZGl2JTNFJTBBJTNDaDUlM0VJTkZPUk1BQ0klQzMlOTNOJTNDJTJGaDUlM0UlMEElM0NwJTIwY2xhc3MlM0QlMjJiaWclMjIlM0UlM0NhJTIwaHJlZiUzRCUyMnRlbCUzQTA0MCUyMiUzRSUwQTA0MCUwQSUzQyUyRmElM0UlM0MlMkZwJTNFJTBBJTBBJTNDJTJGZGl2JTNFJTBBJTNDJTJGaGdyb3VwJTNF[\/vc_raw_html][\/vc_column][\/vc_row]<\/p>\n<\/div>","protected":false},"excerpt":{"rendered":"<p>Compuesto de playas, pueblos m\u00e1gicos, tradiciones, costumbres, festividades, deliciosa comida, tequila, cerveza, tecnolog\u00eda e innovaci\u00f3n. En la Rep\u00fablica Mexicana, la cultura y la poblaci\u00f3n conviven armoniosamente. A lo largo y ancho de su territorio, la calidez y la belleza de sus 32 estados paradis\u00edacos reposan, cada uno abarcando su propia historia y cultura.<\/p>\n","protected":false},"author":1,"featured_media":1969,"parent":3439,"menu_order":0,"comment_status":"closed","ping_status":"closed","template":"template-vacations.php","meta":{"footnotes":""},"class_list":["post-3453","page","type-page","status-publish","has-post-thumbnail","hentry"],"acf":[],"yoast_head":"<!-- This site is optimized with the Yoast SEO plugin v27.4 - https:\/\/yoast.com\/product\/yoast-seo-wordpress\/ -->\n<title>M\u00e9xico, tierra de tradici\u00f3n y cultura a un viaje de distancia<\/title>\n<meta name=\"description\" content=\"Bellas playas de aguas cristalinas y ciudades llenas de arquitectura y arte, enam\u00f3rate de los colores y tradiciones de M\u00e9xico y sus 32 para\u00edsos.\" \/>\n<meta name=\"robots\" content=\"index, follow, max-snippet:-1, max-image-preview:large, max-video-preview:-1\" \/>\n<link rel=\"canonical\" href=\"https:\/\/hospitalcmq.com\/es\/vacaciones\/mexico\/\" \/>\n<meta property=\"og:locale\" content=\"es_ES\" \/>\n<meta property=\"og:type\" content=\"article\" \/>\n<meta property=\"og:title\" content=\"M\u00e9xico, tierra de tradici\u00f3n y cultura a un viaje de distancia\" \/>\n<meta property=\"og:description\" content=\"Bellas playas de aguas cristalinas y ciudades llenas de arquitectura y arte, enam\u00f3rate de los colores y tradiciones de M\u00e9xico y sus 32 para\u00edsos.\" \/>\n<meta property=\"og:url\" content=\"https:\/\/hospitalcmq.com\/es\/vacaciones\/mexico\/\" \/>\n<meta property=\"og:site_name\" content=\"Hospital CMQ\" \/>\n<meta property=\"article:publisher\" content=\"https:\/\/www.facebook.com\/HospitalCMQ\" \/>\n<meta property=\"article:modified_time\" content=\"2020-08-04T17:12:18+00:00\" \/>\n<meta property=\"og:image\" content=\"https:\/\/hospitalcmq.com\/wp-content\/uploads\/2018\/01\/Header_mexico.png\" \/>\n\t<meta property=\"og:image:width\" content=\"1400\" \/>\n\t<meta property=\"og:image:height\" content=\"525\" \/>\n\t<meta property=\"og:image:type\" content=\"image\/png\" \/>\n<meta name=\"twitter:card\" content=\"summary_large_image\" \/>\n<meta name=\"twitter:label1\" content=\"Tiempo de lectura\" \/>\n\t<meta name=\"twitter:data1\" content=\"2 minutos\" \/>\n<script type=\"application\/ld+json\" class=\"yoast-schema-graph\">{\"@context\":\"https:\\\/\\\/schema.org\",\"@graph\":[{\"@type\":\"WebPage\",\"@id\":\"https:\\\/\\\/hospitalcmq.com\\\/es\\\/vacaciones\\\/mexico\\\/\",\"url\":\"https:\\\/\\\/hospitalcmq.com\\\/es\\\/vacaciones\\\/mexico\\\/\",\"name\":\"M\u00e9xico, tierra de tradici\u00f3n y cultura a un viaje de distancia\",\"isPartOf\":{\"@id\":\"https:\\\/\\\/hospitalcmq.com\\\/es\\\/#website\"},\"primaryImageOfPage\":{\"@id\":\"https:\\\/\\\/hospitalcmq.com\\\/es\\\/vacaciones\\\/mexico\\\/#primaryimage\"},\"image\":{\"@id\":\"https:\\\/\\\/hospitalcmq.com\\\/es\\\/vacaciones\\\/mexico\\\/#primaryimage\"},\"thumbnailUrl\":\"https:\\\/\\\/hospitalcmq.com\\\/wp-content\\\/uploads\\\/2018\\\/01\\\/Header_mexico.png\",\"datePublished\":\"2018-09-18T15:56:44+00:00\",\"dateModified\":\"2020-08-04T17:12:18+00:00\",\"description\":\"Bellas playas de aguas cristalinas y ciudades llenas de arquitectura y arte, enam\u00f3rate de los colores y tradiciones de M\u00e9xico y sus 32 para\u00edsos.\",\"breadcrumb\":{\"@id\":\"https:\\\/\\\/hospitalcmq.com\\\/es\\\/vacaciones\\\/mexico\\\/#breadcrumb\"},\"inLanguage\":\"es\",\"potentialAction\":[{\"@type\":\"ReadAction\",\"target\":[\"https:\\\/\\\/hospitalcmq.com\\\/es\\\/vacaciones\\\/mexico\\\/\"]}]},{\"@type\":\"ImageObject\",\"inLanguage\":\"es\",\"@id\":\"https:\\\/\\\/hospitalcmq.com\\\/es\\\/vacaciones\\\/mexico\\\/#primaryimage\",\"url\":\"https:\\\/\\\/hospitalcmq.com\\\/wp-content\\\/uploads\\\/2018\\\/01\\\/Header_mexico.png\",\"contentUrl\":\"https:\\\/\\\/hospitalcmq.com\\\/wp-content\\\/uploads\\\/2018\\\/01\\\/Header_mexico.png\",\"width\":1400,\"height\":525,\"caption\":\"CDMX_mexico\"},{\"@type\":\"BreadcrumbList\",\"@id\":\"https:\\\/\\\/hospitalcmq.com\\\/es\\\/vacaciones\\\/mexico\\\/#breadcrumb\",\"itemListElement\":[{\"@type\":\"ListItem\",\"position\":1,\"name\":\"Home\",\"item\":\"https:\\\/\\\/hospitalcmq.com\\\/es\\\/\"},{\"@type\":\"ListItem\",\"position\":2,\"name\":\"Vacaciones\",\"item\":\"https:\\\/\\\/hospitalcmq.com\\\/es\\\/vacaciones\\\/\"},{\"@type\":\"ListItem\",\"position\":3,\"name\":\"M\u00e9xico, Tierra de Tradici\u00f3n y Cultura\"}]},{\"@type\":\"WebSite\",\"@id\":\"https:\\\/\\\/hospitalcmq.com\\\/es\\\/#website\",\"url\":\"https:\\\/\\\/hospitalcmq.com\\\/es\\\/\",\"name\":\"Hospital CMQ\",\"description\":\"Best Hospitals in Puerto Vallarta &amp; Riviera Nayarit\",\"publisher\":{\"@id\":\"https:\\\/\\\/hospitalcmq.com\\\/es\\\/#organization\"},\"potentialAction\":[{\"@type\":\"SearchAction\",\"target\":{\"@type\":\"EntryPoint\",\"urlTemplate\":\"https:\\\/\\\/hospitalcmq.com\\\/es\\\/?s={search_term_string}\"},\"query-input\":{\"@type\":\"PropertyValueSpecification\",\"valueRequired\":true,\"valueName\":\"search_term_string\"}}],\"inLanguage\":\"es\"},{\"@type\":\"Organization\",\"@id\":\"https:\\\/\\\/hospitalcmq.com\\\/es\\\/#organization\",\"name\":\"Hospital CMQ\",\"url\":\"https:\\\/\\\/hospitalcmq.com\\\/es\\\/\",\"logo\":{\"@type\":\"ImageObject\",\"inLanguage\":\"es\",\"@id\":\"https:\\\/\\\/hospitalcmq.com\\\/es\\\/#\\\/schema\\\/logo\\\/image\\\/\",\"url\":\"https:\\\/\\\/hospitalcmq.com\\\/wp-content\\\/uploads\\\/2018\\\/06\\\/cmq-hospital-logo.png\",\"contentUrl\":\"https:\\\/\\\/hospitalcmq.com\\\/wp-content\\\/uploads\\\/2018\\\/06\\\/cmq-hospital-logo.png\",\"width\":214,\"height\":189,\"caption\":\"Hospital CMQ\"},\"image\":{\"@id\":\"https:\\\/\\\/hospitalcmq.com\\\/es\\\/#\\\/schema\\\/logo\\\/image\\\/\"},\"sameAs\":[\"https:\\\/\\\/www.facebook.com\\\/HospitalCMQ\"]}]}<\/script>\n<!-- \/ Yoast SEO plugin. -->","yoast_head_json":{"title":"M\u00e9xico, tierra de tradici\u00f3n y cultura a un viaje de distancia","description":"Bellas playas de aguas cristalinas y ciudades llenas de arquitectura y arte, enam\u00f3rate de los colores y tradiciones de M\u00e9xico y sus 32 para\u00edsos.","robots":{"index":"index","follow":"follow","max-snippet":"max-snippet:-1","max-image-preview":"max-image-preview:large","max-video-preview":"max-video-preview:-1"},"canonical":"https:\/\/hospitalcmq.com\/es\/vacaciones\/mexico\/","og_locale":"es_ES","og_type":"article","og_title":"M\u00e9xico, tierra de tradici\u00f3n y cultura a un viaje de distancia","og_description":"Bellas playas de aguas cristalinas y ciudades llenas de arquitectura y arte, enam\u00f3rate de los colores y tradiciones de M\u00e9xico y sus 32 para\u00edsos.","og_url":"https:\/\/hospitalcmq.com\/es\/vacaciones\/mexico\/","og_site_name":"Hospital CMQ","article_publisher":"https:\/\/www.facebook.com\/HospitalCMQ","article_modified_time":"2020-08-04T17:12:18+00:00","og_image":[{"width":1400,"height":525,"url":"https:\/\/hospitalcmq.com\/wp-content\/uploads\/2018\/01\/Header_mexico.png","type":"image\/png"}],"twitter_card":"summary_large_image","twitter_misc":{"Tiempo de lectura":"2 minutos"},"schema":{"@context":"https:\/\/schema.org","@graph":[{"@type":"WebPage","@id":"https:\/\/hospitalcmq.com\/es\/vacaciones\/mexico\/","url":"https:\/\/hospitalcmq.com\/es\/vacaciones\/mexico\/","name":"M\u00e9xico, tierra de tradici\u00f3n y cultura a un viaje de distancia","isPartOf":{"@id":"https:\/\/hospitalcmq.com\/es\/#website"},"primaryImageOfPage":{"@id":"https:\/\/hospitalcmq.com\/es\/vacaciones\/mexico\/#primaryimage"},"image":{"@id":"https:\/\/hospitalcmq.com\/es\/vacaciones\/mexico\/#primaryimage"},"thumbnailUrl":"https:\/\/hospitalcmq.com\/wp-content\/uploads\/2018\/01\/Header_mexico.png","datePublished":"2018-09-18T15:56:44+00:00","dateModified":"2020-08-04T17:12:18+00:00","description":"Bellas playas de aguas cristalinas y ciudades llenas de arquitectura y arte, enam\u00f3rate de los colores y tradiciones de M\u00e9xico y sus 32 para\u00edsos.","breadcrumb":{"@id":"https:\/\/hospitalcmq.com\/es\/vacaciones\/mexico\/#breadcrumb"},"inLanguage":"es","potentialAction":[{"@type":"ReadAction","target":["https:\/\/hospitalcmq.com\/es\/vacaciones\/mexico\/"]}]},{"@type":"ImageObject","inLanguage":"es","@id":"https:\/\/hospitalcmq.com\/es\/vacaciones\/mexico\/#primaryimage","url":"https:\/\/hospitalcmq.com\/wp-content\/uploads\/2018\/01\/Header_mexico.png","contentUrl":"https:\/\/hospitalcmq.com\/wp-content\/uploads\/2018\/01\/Header_mexico.png","width":1400,"height":525,"caption":"CDMX_mexico"},{"@type":"BreadcrumbList","@id":"https:\/\/hospitalcmq.com\/es\/vacaciones\/mexico\/#breadcrumb","itemListElement":[{"@type":"ListItem","position":1,"name":"Home","item":"https:\/\/hospitalcmq.com\/es\/"},{"@type":"ListItem","position":2,"name":"Vacaciones","item":"https:\/\/hospitalcmq.com\/es\/vacaciones\/"},{"@type":"ListItem","position":3,"name":"M\u00e9xico, Tierra de Tradici\u00f3n y Cultura"}]},{"@type":"WebSite","@id":"https:\/\/hospitalcmq.com\/es\/#website","url":"https:\/\/hospitalcmq.com\/es\/","name":"Hospital CMQ","description":"Best Hospitals in Puerto Vallarta &amp; Riviera Nayarit","publisher":{"@id":"https:\/\/hospitalcmq.com\/es\/#organization"},"potentialAction":[{"@type":"SearchAction","target":{"@type":"EntryPoint","urlTemplate":"https:\/\/hospitalcmq.com\/es\/?s={search_term_string}"},"query-input":{"@type":"PropertyValueSpecification","valueRequired":true,"valueName":"search_term_string"}}],"inLanguage":"es"},{"@type":"Organization","@id":"https:\/\/hospitalcmq.com\/es\/#organization","name":"Hospital CMQ","url":"https:\/\/hospitalcmq.com\/es\/","logo":{"@type":"ImageObject","inLanguage":"es","@id":"https:\/\/hospitalcmq.com\/es\/#\/schema\/logo\/image\/","url":"https:\/\/hospitalcmq.com\/wp-content\/uploads\/2018\/06\/cmq-hospital-logo.png","contentUrl":"https:\/\/hospitalcmq.com\/wp-content\/uploads\/2018\/06\/cmq-hospital-logo.png","width":214,"height":189,"caption":"Hospital CMQ"},"image":{"@id":"https:\/\/hospitalcmq.com\/es\/#\/schema\/logo\/image\/"},"sameAs":["https:\/\/www.facebook.com\/HospitalCMQ"]}]}},"_links":{"self":[{"href":"https:\/\/hospitalcmq.com\/es\/wp-json\/wp\/v2\/pages\/3453","targetHints":{"allow":["GET"]}}],"collection":[{"href":"https:\/\/hospitalcmq.com\/es\/wp-json\/wp\/v2\/pages"}],"about":[{"href":"https:\/\/hospitalcmq.com\/es\/wp-json\/wp\/v2\/types\/page"}],"author":[{"embeddable":true,"href":"https:\/\/hospitalcmq.com\/es\/wp-json\/wp\/v2\/users\/1"}],"replies":[{"embeddable":true,"href":"https:\/\/hospitalcmq.com\/es\/wp-json\/wp\/v2\/comments?post=3453"}],"version-history":[{"count":0,"href":"https:\/\/hospitalcmq.com\/es\/wp-json\/wp\/v2\/pages\/3453\/revisions"}],"up":[{"embeddable":true,"href":"https:\/\/hospitalcmq.com\/es\/wp-json\/wp\/v2\/pages\/3439"}],"wp:featuredmedia":[{"embeddable":true,"href":"https:\/\/hospitalcmq.com\/es\/wp-json\/wp\/v2\/media\/1969"}],"wp:attachment":[{"href":"https:\/\/hospitalcmq.com\/es\/wp-json\/wp\/v2\/media?parent=3453"}],"curies":[{"name":"wp","href":"https:\/\/api.w.org\/{rel}","templated":true}]}}