{"id":3450,"date":"2018-09-18T10:52:17","date_gmt":"2018-09-18T15:52:17","guid":{"rendered":"https:\/\/hospitalcmq.com\/vacaciones\/puerto-vallarta-la-guirnalda-de-jalisco\/"},"modified":"2019-06-13T09:24:27","modified_gmt":"2019-06-13T14:24:27","slug":"puerto-vallarta-la-guirnalda-de-jalisco","status":"publish","type":"page","link":"https:\/\/hospitalcmq.com\/es\/vacaciones\/puerto-vallarta-la-guirnalda-de-jalisco\/","title":{"rendered":"Puerto Vallarta, La Guirnalda de Jalisco"},"content":{"rendered":"<div class=\"wpb-content-wrapper\"><p>[vc_row][vc_column width=\u00bb3\/4&#8243;][vc_custom_heading source=\u00bbpost_title\u00bb font_container=\u00bbtag:h1|text_align:left\u00bb use_theme_fonts=\u00bbyes\u00bb el_class=\u00bbtitle\u00bb][vc_column_text]<span style=\"font-weight: 400;\">Rodeada de monta\u00f1as, r\u00edos y playas, la ciudad de Puerto Vallarta es una gran atracci\u00f3n tur\u00edstica debido a su ambiente amigable, un clima variado durante todo el a\u00f1o, puestas de sol m\u00e1gicas y lugares pintorescos.<\/span><\/p>\n<p><span style=\"font-weight: 400;\">Puerto Vallarta toma su nombre en honor a Ignacio L. Vallarta, legendario abogado, jurista y ex gobernador del estado de Jalisco. Su extensi\u00f3n territorial ocupa m\u00e1s de 1.300 kil\u00f3metros cuadrados, incluidas cuatro secciones importantes dentro del puerto: <\/span><b>Marina Vallarta, la Zona Hotelera, el Centro Hist\u00f3rico y la Zona Sur.<\/b><\/p>\n<p><span style=\"font-weight: 400;\">Disfrute de alegres tradiciones, artesan\u00edas locales, calles rurales, actividades al aire libre y vida nocturna, todo en un solo lugar. La resplandeciente <\/span><b>Zona Sur<\/b><span style=\"font-weight: 400;\"> incluye la <\/span><b>Zona Rom\u00e1ntica o Zona Rosa<\/b><span style=\"font-weight: 400;\">, el lugar para los amantes del sol y la arena dorada de Playa Los Muertos.<\/span><\/p>\n<p><span style=\"font-weight: 400;\">El \u00edcono del <\/span><b>centro hist\u00f3rico\u00a0<\/b><span style=\"font-weight: 400;\">de Puerto Vallarta es el <strong>Templo<\/strong><\/span><b>\u00a0de la Virgen de Guadalupe<\/b><span style=\"font-weight: 400;\">, su campanario debajo de una corona adornada con \u00e1ngeles, le invita a venir y pasear por el renovado Malec\u00f3n. Al norte, la <\/span><b>Zona Hotelera<\/b><span style=\"font-weight: 400;\"> muestra la mayor variedad de hoteles y negocios, centros comerciales y <\/span><b>playas<\/b><span style=\"font-weight: 400;\"> de varios kil\u00f3metros de largo.<\/span><\/p>\n<p>[\/vc_column_text][vc_empty_space][vc_single_image image=\u00bb1974&#8243; img_size=\u00bbfull\u00bb alignment=\u00bbcenter\u00bb][vc_empty_space][vc_column_text]<span style=\"font-weight: 400;\">Como cualquier buen puerto, cuenta con la <\/span><b>Marina<\/b><span style=\"font-weight: 400;\"> totalmente remodelada que ofrece infraestructura de primera l\u00ednea para atracar hasta tres cruceros, adem\u00e1s de albergar yates y barcos de lujo provenientes de todo el mundo. Puerto Vallarta es un lugar pintoresco lleno de historia, pero tambi\u00e9n moderno, vibrante y ex\u00f3tico. Los festivales anuales atraen a una diversidad de turistas, desde amantes de la cocina hasta deportes de monta\u00f1a extremos.<\/span><\/p>\n<p><span style=\"font-weight: 400;\">Su gastronom\u00eda re\u00fane lo mejor de lo mejor, encontrando cl\u00e1sicos bocadillos mexicanos que se hacen cargo de los paladares m\u00e1s exigentes, hasta los platillos m\u00e1s espectaculares y ostentosos de reconocidos chefs. Hogar del famoso Festival Gourmet Internacional creado por Thierry Blouet y Heinz Reize hace m\u00e1s de 20 a\u00f1os; \u00e9ste es un festival concebido para incentivar el conocimiento gastron\u00f3mico de la regi\u00f3n.<\/span><\/p>\n<p><span style=\"font-weight: 400;\">Puerto Vallarta est\u00e1 lleno de cultura, tradiciones, historias de barcos, piratas y tesoros en sus playas; leyendas sobre los nativos y toda la magia del pasado tra\u00edda al presente. Su esencia cultural a\u00fan se puede revivir paseando por sus calles empedradas, observando sus t\u00edpicos tejados y sintiendo la calidez de su gente.<\/span>[\/vc_column_text][\/vc_column][vc_column width=\u00bb1\/4&#8243;][vc_raw_html]JTNDaGdyb3VwJTNFJTBBJTNDZGl2JTNFJTBBJTNDaDUlM0VFTUVSR0VOQ0lBUyUyMEhPU1BJVEFMJTIwQ01RJTIwQ0VOVFJPJTNDJTJGaDUlM0UlMEElM0NwJTIwY2xhc3MlM0QlMjIlMjIlM0UlM0NhJTIwaHJlZiUzRCUyMnRlbCUzQSUyQjUyMzIyMjIzMTkxOSUyMiUzRSUwQSUyODMyMiUyOSUyMDIyMyUyMDE5MTklMEElM0MlMkZhJTNFJTNDJTJGcCUzRSUwQSUwQSUzQyUyRmRpdiUzRSUwQSUzQ3AlMjBjbGFzcyUzRCUyMmFkZHJlc3MlMjIlM0VCYXNpbGlvJTIwQmFkaWxsbyUyMCUyMzM2NSUyQyUyMFB1ZXJ0byUyMFZhbGxhcnRhJTJDJTIwSmFsLiUzQyUyRnAlM0UlMEElM0MlMkZoZ3JvdXAlM0U=[\/vc_raw_html][vc_raw_html]JTNDaGdyb3VwJTNFJTBBJTNDZGl2JTNFJTBBJTNDaDUlM0VFTUVSR0VOQ0lBUyUyMEhPU1BJVEFMJTIwQ01RJTIwUFJFTUlFUkUlM0MlMkZoNSUzRSUwQSUzQ3AlMjBjbGFzcyUzRCUyMiUyMiUzRSUzQ2ElMjBocmVmJTNEJTIydGVsJTNBJTJCNTIzMjIyMjY2NTAwJTIyJTNFJTBBJTI4MzIyJTI5JTIwMjI2JTIwNjUwMCUwQSUzQyUyRmElM0UlM0MlMkZwJTNFJTBBJTBBJTNDJTJGZGl2JTNFJTBBJTNDcCUyMGNsYXNzJTNEJTIyYWRkcmVzcyUyMiUzRUF2LiUyMEZyYW5jaXNjbyUyMFZpbGxhJTIwJTIzMTc0OSUyQyUyMFB1ZXJ0byUyMFZhbGxhcnRhJTJDJTIwSmFsLiUzQyUyRnAlM0UlMEElM0MlMkZoZ3JvdXAlM0U=[\/vc_raw_html][vc_raw_html]JTNDaGdyb3VwJTNFJTBBJTNDZGl2JTNFJTBBJTNDaDUlM0VPRklDSU5BJTIwREUlMjBDT05WRU5DSU9ORVMlMjBZJTIwVklTSVRBTlRFUyUyMERFJTIwUFVFUlRPJTIwVkFMTEFSVEElM0MlMkZoNSUzRSUwQSUzQ3AlMjBjbGFzcyUzRCUyMiUyMiUzRSUzQ2ElMjBocmVmJTNEJTIydGVsJTNBJTJCNTIzMjIyMjQxMTc1JTIyJTNFJTBBJTI4MzIyJTI5JTIwMjI0JTIwMTE3NSUwQSUzQyUyRmElM0UlM0MlMkZwJTNFJTBBJTBBJTNDJTJGZGl2JTNFJTBBJTNDcCUyMGNsYXNzJTNEJTIyYWRkcmVzcyUyMiUzRUpvcyVDMyVBOSUyMENsZW1lbnRlJTIwT3JvemNvJTIwJTIzMTI1JTJDJTIwTG9jYWwlMjAxOCUyQyUyMExhcyUyMEdsb3JpYXMlMkMlMjBQdWVydG8lMjBWYWxsYXJ0YSUyQyUyMEphbC4lM0MlMkZwJTNFJTBBJTNDJTJGaGdyb3VwJTNF[\/vc_raw_html][vc_raw_html]JTNDaGdyb3VwJTNFJTBBJTNDZGl2JTNFJTBBJTNDaDUlM0VFTUJBSkFEQSUyMFklMjBBR0VOQ0lBJTIwQ09OU1VMQVIlMjBERSUyMEVTVEFET1MlMjBVTklET1MlMjBERSUyMEFNJUMzJTg5UklDQSUyMEVOJTIwTSVDMyU4OVhJQ08lM0MlMkZoNSUzRSUwQSUzQ3AlMjBjbGFzcyUzRCUyMiUyMiUzRSUzQ2ElMjBocmVmJTNEJTIydGVsJTNBJTJCNTIzMzMyNjgyMTAwJTIyJTNFJTIwJTI4MzMzJTI5JTIwMjY4JTIwMjEwMCUyMCUzQyUyRmElM0UlM0MlMkZwJTNFJTBBJTBBJTNDJTJGZGl2JTNFJTBBJTNDcCUyMGNsYXNzJTNEJTIyYWRkcmVzcyUyMiUzRVBhc2VvJTIwZGUlMjBsb3MlMjBDb2NvdGVyb3MlMjAlMjM4NSUyQyUyMExvY2FsJTIwTC03JTJDJTIwTnVldm8lMjBWYWxsYXJ0YSUyQyUyME5heS4lM0MlMkZwJTNFJTBBJTNDJTJGaGdyb3VwJTNF[\/vc_raw_html][vc_raw_html]JTNDaGdyb3VwJTNFJTBBJTNDZGl2JTNFJTBBJTNDaDUlM0VQUk9URUNDSSVDMyU5M04lMjBDSVZJTCUyMFklMjBERVBBUlRBTUVOVE8lMjBERSUyMEJPTUJFUk9TJTIwREUlMjBQVUVSVE8lMjBWQUxMQVJUQSUzQyUyRmg1JTNFJTBBJTNDcCUyMGNsYXNzJTNEJTIyYmlnJTIyJTNFJTNDYSUyMGhyZWYlM0QlMjJ0ZWwlM0E5MTElMjIlM0UlMEE5MTElMEElM0MlMkZhJTNFJTNDJTJGcCUzRSUwQSUwQSUzQyUyRmRpdiUzRSUwQSUzQ3AlMjBjbGFzcyUzRCUyMmFkZHJlc3MlMjIlM0VBdi4lMjBMYXMlMjBBbSVDMyVBOXJpY2FzJTIwJTIzNTY1JTJDJTIwUHVlcnRvJTIwVmFsbGFydGElMkMlMjBKYWwuJTNDJTJGcCUzRSUwQSUzQyUyRmhncm91cCUzRQ==[\/vc_raw_html][vc_raw_html]JTNDaGdyb3VwJTNFJTBBJTNDZGl2JTNFJTBBJTNDaDUlM0VERVBBUlRBTUVOVE8lMjBERSUyMFBPTElDJUMzJThEQSUyMFklMjBUUiVDMyU4MU5TSVRPJTNDJTJGaDUlM0UlMEElM0NwJTIwY2xhc3MlM0QlMjIlMjIlM0UlM0NhJTIwaHJlZiUzRCUyMnRlbCUzQSUyQjUyMzIyMTc5ODk5JTIyJTNFJTBBJTI4MzIyJTI5JTIwMTc5JTIwODk5JTBBJTNDJTJGYSUzRSUzQyUyRnAlM0UlMEElMEElM0MlMkZkaXYlM0UlMEElM0NwJTIwY2xhc3MlM0QlMjJhZGRyZXNzJTIyJTNFUmV2b2x1Y2klQzMlQjNuJTIwJTIzMzUwJTJDJTIwTGFzJTIwSnVudGFzJTJDJTIwUHVlcnRvJTIwVmFsbGFydGElMkMlMjBKYWwuJTNDJTJGcCUzRSUwQSUzQyUyRmhncm91cCUzRQ==[\/vc_raw_html][\/vc_column][\/vc_row]<\/p>\n<\/div>","protected":false},"excerpt":{"rendered":"<p>Rodeada de monta\u00f1as, r\u00edos y playas, la ciudad de Puerto Vallarta es una gran atracci\u00f3n tur\u00edstica debido a su ambiente amigable, un clima variado durante todo el a\u00f1o, puestas de sol m\u00e1gicas y lugares pintorescos.<\/p>\n","protected":false},"author":1,"featured_media":1972,"parent":3439,"menu_order":0,"comment_status":"closed","ping_status":"closed","template":"template-vacations.php","meta":{"footnotes":""},"class_list":["post-3450","page","type-page","status-publish","has-post-thumbnail","hentry"],"acf":[],"yoast_head":"<!-- This site is optimized with the Yoast SEO plugin v27.4 - https:\/\/yoast.com\/product\/yoast-seo-wordpress\/ -->\n<title>Puerto Vallarta, el para\u00edso de Jalisco a un vuelo de distancia<\/title>\n<meta name=\"description\" content=\"Paisaje con vista al atardecer, Puerto Vallarta es el lugar para pasar tus vacaciones, inviernos o incluso fines de semana. \u00a1Planea tu escapada ahora!\" \/>\n<meta name=\"robots\" content=\"index, follow, max-snippet:-1, max-image-preview:large, max-video-preview:-1\" \/>\n<link rel=\"canonical\" href=\"https:\/\/hospitalcmq.com\/es\/vacaciones\/puerto-vallarta-la-guirnalda-de-jalisco\/\" \/>\n<meta property=\"og:locale\" content=\"es_ES\" \/>\n<meta property=\"og:type\" content=\"article\" \/>\n<meta property=\"og:title\" content=\"Puerto Vallarta, el para\u00edso de Jalisco a un vuelo de distancia\" \/>\n<meta property=\"og:description\" content=\"Paisaje con vista al atardecer, Puerto Vallarta es el lugar para pasar tus vacaciones, inviernos o incluso fines de semana. \u00a1Planea tu escapada ahora!\" \/>\n<meta property=\"og:url\" content=\"https:\/\/hospitalcmq.com\/es\/vacaciones\/puerto-vallarta-la-guirnalda-de-jalisco\/\" \/>\n<meta property=\"og:site_name\" content=\"Hospital CMQ\" \/>\n<meta property=\"article:publisher\" content=\"https:\/\/www.facebook.com\/HospitalCMQ\" \/>\n<meta property=\"article:modified_time\" content=\"2019-06-13T14:24:27+00:00\" \/>\n<meta property=\"og:image\" content=\"https:\/\/hospitalcmq.com\/wp-content\/uploads\/2018\/01\/Header_puerto_vallarta.png\" \/>\n\t<meta property=\"og:image:width\" content=\"1400\" \/>\n\t<meta property=\"og:image:height\" content=\"525\" \/>\n\t<meta property=\"og:image:type\" content=\"image\/png\" \/>\n<meta name=\"twitter:card\" content=\"summary_large_image\" \/>\n<meta name=\"twitter:label1\" content=\"Tiempo de lectura\" \/>\n\t<meta name=\"twitter:data1\" content=\"3 minutos\" \/>\n<script type=\"application\/ld+json\" class=\"yoast-schema-graph\">{\"@context\":\"https:\\\/\\\/schema.org\",\"@graph\":[{\"@type\":\"WebPage\",\"@id\":\"https:\\\/\\\/hospitalcmq.com\\\/es\\\/vacaciones\\\/puerto-vallarta-la-guirnalda-de-jalisco\\\/\",\"url\":\"https:\\\/\\\/hospitalcmq.com\\\/es\\\/vacaciones\\\/puerto-vallarta-la-guirnalda-de-jalisco\\\/\",\"name\":\"Puerto Vallarta, el para\u00edso de Jalisco a un vuelo de distancia\",\"isPartOf\":{\"@id\":\"https:\\\/\\\/hospitalcmq.com\\\/es\\\/#website\"},\"primaryImageOfPage\":{\"@id\":\"https:\\\/\\\/hospitalcmq.com\\\/es\\\/vacaciones\\\/puerto-vallarta-la-guirnalda-de-jalisco\\\/#primaryimage\"},\"image\":{\"@id\":\"https:\\\/\\\/hospitalcmq.com\\\/es\\\/vacaciones\\\/puerto-vallarta-la-guirnalda-de-jalisco\\\/#primaryimage\"},\"thumbnailUrl\":\"https:\\\/\\\/hospitalcmq.com\\\/wp-content\\\/uploads\\\/2018\\\/01\\\/Header_puerto_vallarta.png\",\"datePublished\":\"2018-09-18T15:52:17+00:00\",\"dateModified\":\"2019-06-13T14:24:27+00:00\",\"description\":\"Paisaje con vista al atardecer, Puerto Vallarta es el lugar para pasar tus vacaciones, inviernos o incluso fines de semana. \u00a1Planea tu escapada ahora!\",\"breadcrumb\":{\"@id\":\"https:\\\/\\\/hospitalcmq.com\\\/es\\\/vacaciones\\\/puerto-vallarta-la-guirnalda-de-jalisco\\\/#breadcrumb\"},\"inLanguage\":\"es\",\"potentialAction\":[{\"@type\":\"ReadAction\",\"target\":[\"https:\\\/\\\/hospitalcmq.com\\\/es\\\/vacaciones\\\/puerto-vallarta-la-guirnalda-de-jalisco\\\/\"]}]},{\"@type\":\"ImageObject\",\"inLanguage\":\"es\",\"@id\":\"https:\\\/\\\/hospitalcmq.com\\\/es\\\/vacaciones\\\/puerto-vallarta-la-guirnalda-de-jalisco\\\/#primaryimage\",\"url\":\"https:\\\/\\\/hospitalcmq.com\\\/wp-content\\\/uploads\\\/2018\\\/01\\\/Header_puerto_vallarta.png\",\"contentUrl\":\"https:\\\/\\\/hospitalcmq.com\\\/wp-content\\\/uploads\\\/2018\\\/01\\\/Header_puerto_vallarta.png\",\"width\":1400,\"height\":525,\"caption\":\"\u00edcono_puerto_vallarta\"},{\"@type\":\"BreadcrumbList\",\"@id\":\"https:\\\/\\\/hospitalcmq.com\\\/es\\\/vacaciones\\\/puerto-vallarta-la-guirnalda-de-jalisco\\\/#breadcrumb\",\"itemListElement\":[{\"@type\":\"ListItem\",\"position\":1,\"name\":\"Home\",\"item\":\"https:\\\/\\\/hospitalcmq.com\\\/es\\\/\"},{\"@type\":\"ListItem\",\"position\":2,\"name\":\"Vacaciones\",\"item\":\"https:\\\/\\\/hospitalcmq.com\\\/es\\\/vacaciones\\\/\"},{\"@type\":\"ListItem\",\"position\":3,\"name\":\"Puerto Vallarta, La Guirnalda de Jalisco\"}]},{\"@type\":\"WebSite\",\"@id\":\"https:\\\/\\\/hospitalcmq.com\\\/es\\\/#website\",\"url\":\"https:\\\/\\\/hospitalcmq.com\\\/es\\\/\",\"name\":\"Hospital CMQ\",\"description\":\"Best Hospitals in Puerto Vallarta &amp; Riviera Nayarit\",\"publisher\":{\"@id\":\"https:\\\/\\\/hospitalcmq.com\\\/es\\\/#organization\"},\"potentialAction\":[{\"@type\":\"SearchAction\",\"target\":{\"@type\":\"EntryPoint\",\"urlTemplate\":\"https:\\\/\\\/hospitalcmq.com\\\/es\\\/?s={search_term_string}\"},\"query-input\":{\"@type\":\"PropertyValueSpecification\",\"valueRequired\":true,\"valueName\":\"search_term_string\"}}],\"inLanguage\":\"es\"},{\"@type\":\"Organization\",\"@id\":\"https:\\\/\\\/hospitalcmq.com\\\/es\\\/#organization\",\"name\":\"Hospital CMQ\",\"url\":\"https:\\\/\\\/hospitalcmq.com\\\/es\\\/\",\"logo\":{\"@type\":\"ImageObject\",\"inLanguage\":\"es\",\"@id\":\"https:\\\/\\\/hospitalcmq.com\\\/es\\\/#\\\/schema\\\/logo\\\/image\\\/\",\"url\":\"https:\\\/\\\/hospitalcmq.com\\\/wp-content\\\/uploads\\\/2018\\\/06\\\/cmq-hospital-logo.png\",\"contentUrl\":\"https:\\\/\\\/hospitalcmq.com\\\/wp-content\\\/uploads\\\/2018\\\/06\\\/cmq-hospital-logo.png\",\"width\":214,\"height\":189,\"caption\":\"Hospital CMQ\"},\"image\":{\"@id\":\"https:\\\/\\\/hospitalcmq.com\\\/es\\\/#\\\/schema\\\/logo\\\/image\\\/\"},\"sameAs\":[\"https:\\\/\\\/www.facebook.com\\\/HospitalCMQ\"]}]}<\/script>\n<!-- \/ Yoast SEO plugin. -->","yoast_head_json":{"title":"Puerto Vallarta, el para\u00edso de Jalisco a un vuelo de distancia","description":"Paisaje con vista al atardecer, Puerto Vallarta es el lugar para pasar tus vacaciones, inviernos o incluso fines de semana. \u00a1Planea tu escapada ahora!","robots":{"index":"index","follow":"follow","max-snippet":"max-snippet:-1","max-image-preview":"max-image-preview:large","max-video-preview":"max-video-preview:-1"},"canonical":"https:\/\/hospitalcmq.com\/es\/vacaciones\/puerto-vallarta-la-guirnalda-de-jalisco\/","og_locale":"es_ES","og_type":"article","og_title":"Puerto Vallarta, el para\u00edso de Jalisco a un vuelo de distancia","og_description":"Paisaje con vista al atardecer, Puerto Vallarta es el lugar para pasar tus vacaciones, inviernos o incluso fines de semana. \u00a1Planea tu escapada ahora!","og_url":"https:\/\/hospitalcmq.com\/es\/vacaciones\/puerto-vallarta-la-guirnalda-de-jalisco\/","og_site_name":"Hospital CMQ","article_publisher":"https:\/\/www.facebook.com\/HospitalCMQ","article_modified_time":"2019-06-13T14:24:27+00:00","og_image":[{"width":1400,"height":525,"url":"https:\/\/hospitalcmq.com\/wp-content\/uploads\/2018\/01\/Header_puerto_vallarta.png","type":"image\/png"}],"twitter_card":"summary_large_image","twitter_misc":{"Tiempo de lectura":"3 minutos"},"schema":{"@context":"https:\/\/schema.org","@graph":[{"@type":"WebPage","@id":"https:\/\/hospitalcmq.com\/es\/vacaciones\/puerto-vallarta-la-guirnalda-de-jalisco\/","url":"https:\/\/hospitalcmq.com\/es\/vacaciones\/puerto-vallarta-la-guirnalda-de-jalisco\/","name":"Puerto Vallarta, el para\u00edso de Jalisco a un vuelo de distancia","isPartOf":{"@id":"https:\/\/hospitalcmq.com\/es\/#website"},"primaryImageOfPage":{"@id":"https:\/\/hospitalcmq.com\/es\/vacaciones\/puerto-vallarta-la-guirnalda-de-jalisco\/#primaryimage"},"image":{"@id":"https:\/\/hospitalcmq.com\/es\/vacaciones\/puerto-vallarta-la-guirnalda-de-jalisco\/#primaryimage"},"thumbnailUrl":"https:\/\/hospitalcmq.com\/wp-content\/uploads\/2018\/01\/Header_puerto_vallarta.png","datePublished":"2018-09-18T15:52:17+00:00","dateModified":"2019-06-13T14:24:27+00:00","description":"Paisaje con vista al atardecer, Puerto Vallarta es el lugar para pasar tus vacaciones, inviernos o incluso fines de semana. \u00a1Planea tu escapada ahora!","breadcrumb":{"@id":"https:\/\/hospitalcmq.com\/es\/vacaciones\/puerto-vallarta-la-guirnalda-de-jalisco\/#breadcrumb"},"inLanguage":"es","potentialAction":[{"@type":"ReadAction","target":["https:\/\/hospitalcmq.com\/es\/vacaciones\/puerto-vallarta-la-guirnalda-de-jalisco\/"]}]},{"@type":"ImageObject","inLanguage":"es","@id":"https:\/\/hospitalcmq.com\/es\/vacaciones\/puerto-vallarta-la-guirnalda-de-jalisco\/#primaryimage","url":"https:\/\/hospitalcmq.com\/wp-content\/uploads\/2018\/01\/Header_puerto_vallarta.png","contentUrl":"https:\/\/hospitalcmq.com\/wp-content\/uploads\/2018\/01\/Header_puerto_vallarta.png","width":1400,"height":525,"caption":"\u00edcono_puerto_vallarta"},{"@type":"BreadcrumbList","@id":"https:\/\/hospitalcmq.com\/es\/vacaciones\/puerto-vallarta-la-guirnalda-de-jalisco\/#breadcrumb","itemListElement":[{"@type":"ListItem","position":1,"name":"Home","item":"https:\/\/hospitalcmq.com\/es\/"},{"@type":"ListItem","position":2,"name":"Vacaciones","item":"https:\/\/hospitalcmq.com\/es\/vacaciones\/"},{"@type":"ListItem","position":3,"name":"Puerto Vallarta, La Guirnalda de Jalisco"}]},{"@type":"WebSite","@id":"https:\/\/hospitalcmq.com\/es\/#website","url":"https:\/\/hospitalcmq.com\/es\/","name":"Hospital CMQ","description":"Best Hospitals in Puerto Vallarta &amp; Riviera Nayarit","publisher":{"@id":"https:\/\/hospitalcmq.com\/es\/#organization"},"potentialAction":[{"@type":"SearchAction","target":{"@type":"EntryPoint","urlTemplate":"https:\/\/hospitalcmq.com\/es\/?s={search_term_string}"},"query-input":{"@type":"PropertyValueSpecification","valueRequired":true,"valueName":"search_term_string"}}],"inLanguage":"es"},{"@type":"Organization","@id":"https:\/\/hospitalcmq.com\/es\/#organization","name":"Hospital CMQ","url":"https:\/\/hospitalcmq.com\/es\/","logo":{"@type":"ImageObject","inLanguage":"es","@id":"https:\/\/hospitalcmq.com\/es\/#\/schema\/logo\/image\/","url":"https:\/\/hospitalcmq.com\/wp-content\/uploads\/2018\/06\/cmq-hospital-logo.png","contentUrl":"https:\/\/hospitalcmq.com\/wp-content\/uploads\/2018\/06\/cmq-hospital-logo.png","width":214,"height":189,"caption":"Hospital CMQ"},"image":{"@id":"https:\/\/hospitalcmq.com\/es\/#\/schema\/logo\/image\/"},"sameAs":["https:\/\/www.facebook.com\/HospitalCMQ"]}]}},"_links":{"self":[{"href":"https:\/\/hospitalcmq.com\/es\/wp-json\/wp\/v2\/pages\/3450","targetHints":{"allow":["GET"]}}],"collection":[{"href":"https:\/\/hospitalcmq.com\/es\/wp-json\/wp\/v2\/pages"}],"about":[{"href":"https:\/\/hospitalcmq.com\/es\/wp-json\/wp\/v2\/types\/page"}],"author":[{"embeddable":true,"href":"https:\/\/hospitalcmq.com\/es\/wp-json\/wp\/v2\/users\/1"}],"replies":[{"embeddable":true,"href":"https:\/\/hospitalcmq.com\/es\/wp-json\/wp\/v2\/comments?post=3450"}],"version-history":[{"count":0,"href":"https:\/\/hospitalcmq.com\/es\/wp-json\/wp\/v2\/pages\/3450\/revisions"}],"up":[{"embeddable":true,"href":"https:\/\/hospitalcmq.com\/es\/wp-json\/wp\/v2\/pages\/3439"}],"wp:featuredmedia":[{"embeddable":true,"href":"https:\/\/hospitalcmq.com\/es\/wp-json\/wp\/v2\/media\/1972"}],"wp:attachment":[{"href":"https:\/\/hospitalcmq.com\/es\/wp-json\/wp\/v2\/media?parent=3450"}],"curies":[{"name":"wp","href":"https:\/\/api.w.org\/{rel}","templated":true}]}}