{"id":3448,"date":"2018-09-18T10:43:38","date_gmt":"2018-09-18T15:43:38","guid":{"rendered":"https:\/\/hospitalcmq.com\/vacaciones\/punta-de-mita-el-nirvana-nayarita\/"},"modified":"2019-06-13T09:27:26","modified_gmt":"2019-06-13T14:27:26","slug":"punta-de-mita-el-nirvana-nayarita","status":"publish","type":"page","link":"https:\/\/hospitalcmq.com\/es\/vacaciones\/punta-de-mita-el-nirvana-nayarita\/","title":{"rendered":"Punta de Mita, El Nirvana Nayarita"},"content":{"rendered":"<div class=\"wpb-content-wrapper\"><p>[vc_row][vc_column width=\u00bb3\/4&#8243;][vc_custom_heading source=\u00bbpost_title\u00bb font_container=\u00bbtag:h1|text_align:left\u00bb use_theme_fonts=\u00bbyes\u00bb el_class=\u00bbtitle\u00bb][vc_column_text]<span style=\"font-weight: 400;\">A s\u00f3lo 20 kil\u00f3metros de Bucer\u00edas, se encuentra el tesoro escondido de la Riviera Nayarit: Punta de Mita, un entorno ex\u00f3tico formado por <\/span><b>rocas volc\u00e1nicas y una exuberante variedad de vegetaci\u00f3n<\/b><span style=\"font-weight: 400;\">. Este lujoso lugar de alto nivel ha sido el para\u00edso de privacidad para muchas celebridades conocidas.<\/span><\/p>\n<p><span style=\"font-weight: 400;\">Con un\u00a0<\/span><b>tramo de 10 kil\u00f3metros de playas v\u00edrgenes y una ladera verde<\/b><span style=\"font-weight: 400;\">; Punta de Mita es ideal para relajarse mientras se ba\u00f1a con la energ\u00eda azul turquesa que el oc\u00e9ano Pac\u00edfico le prodiga. \u00c9ste es un sitio de relajaci\u00f3n con atracciones y entretenimiento para todas las edades durante todo el a\u00f1o.<\/span><\/p>\n<p><span style=\"font-weight: 400;\">Una de estas atracciones es el m\u00e1s exclusivo y famoso <\/span><b>Jack Nicklaus Signature Punta Mita Golf Club<\/b><span style=\"font-weight: 400;\">; construido en 1999 para los miembros del Club Punta Mita, as\u00ed como los hu\u00e9spedes del hotel Four Seasons y St. Regis Resorts. Pruebe dos campos con rangos de dificultad completamente diferentes: Campo Pac\u00edfico y Campo Bah\u00eda.<\/span><\/p>\n<p>[\/vc_column_text][vc_empty_space][vc_single_image image=\u00bb1979&#8243; img_size=\u00bbfull\u00bb alignment=\u00bbcenter\u00bb][vc_empty_space][vc_column_text]<span style=\"font-weight: 400;\">Grandes hoteleros como <\/span><b>Four Seasons y Grand Palladium<\/b><span style=\"font-weight: 400;\"> fueron pioneros en estas playas de aguas c\u00e1lidas con arrecifes de coral, tortugas, mantarrayas y langostas. El lugar perfecto para disfrutar de la comuni\u00f3n hombre-naturaleza. Su cocina muestra una gran variedad de mariscos sin olvidar la fusi\u00f3n internacional que ofrecen varios restaurantes.<\/span><\/p>\n<p><span style=\"font-weight: 400;\">Punta de Mita es un destino vers\u00e1til con innumerables oportunidades de diversi\u00f3n para todos los gustos; m\u00faltiples actividades \u00fanicas que se llevan a cabo como kayak, cabalgatas, explorar los acantilados o simplemente relajarse contemplando las famosas <\/span><b>Islas Marietas<\/b><span style=\"font-weight: 400;\"> vistas desde lejos, accesibles en barco desde cualquier playa cercana.<\/span><\/p>\n<p><span style=\"font-weight: 400;\">Aunque poco mencionado, el pueblo de Higuera Blanca tiene igual importancia, a s\u00f3lo unos minutos de Punta de Mita; \u00e9ste es un lugar muy interesante especialmente para los arque\u00f3logos, debido a los asentamientos prehisp\u00e1nicos que se encuentran en la zona y sus playas doradas que atraen a turistas internacionales y locales.<\/span><\/p>\n<p><b>Tranquilidad, romanticismo e inspiraci\u00f3n<\/b><span style=\"font-weight: 400;\"> florecen visitando Punta de Mita, el nirvana ecol\u00f3gico de playas v\u00edrgenes y atardeceres m\u00e1gicos.<\/span>[\/vc_column_text][\/vc_column][vc_column width=\u00bb1\/4&#8243;][vc_raw_html]JTNDaGdyb3VwJTNFJTBBJTNDZGl2JTNFJTBBJTNDaDUlM0VFTUVSR0VOQ0lBUyUyMEhPU1BJVEFMJTIwQ01RJTIwUklWSUVSQSUyME5BWUFSSVQlM0MlMkZoNSUzRSUwQSUzQ3AlMjBjbGFzcyUzRCUyMiUyMiUzRSUzQ2ElMjBocmVmJTNEJTIydGVsJTNBJTJCNTIzMjkyOTgwNzE3JTIyJTNFJTIwJTI4MzI5JTI5JTIwMjk4LTA3MTclMjAlM0MlMkZhJTNFJTNDJTJGcCUzRSUwQSUwQSUzQyUyRmRpdiUzRSUwQSUzQ3AlMjBjbGFzcyUzRCUyMmFkZHJlc3MlMjIlM0VBdi4lMjBIJUMzJUE5cm9lcyUyMGRlJTIwTmFjb3phcmklMjAlMjMyODAlMkMlMjBCdWNlciVDMyVBRGFzJTJDJTIwTmF5LiUzQyUyRnAlM0UlMEElM0MlMkZoZ3JvdXAlM0U=[\/vc_raw_html][vc_raw_html]JTNDaGdyb3VwJTNFJTBBJTNDZGl2JTNFJTBBJTNDaDUlM0VPRklDSU5BJTIwREUlMjBDT05HUkVTT1MlMjBZJTIwVklTSVRBTlRFUyUyMERFJTIwUklWSUVSQSUyME5BWUFSSVQlM0MlMkZoNSUzRSUwQSUzQ3AlMjBjbGFzcyUzRCUyMiUyMiUzRSUzQ2ElMjBocmVmJTNEJTIydGVsJTNBJTJCNTIzMjIyOTcyNTE2JTIyJTNFJTIwJTI4MzIyJTI5JTIwMjk3LTI1MTYlMjAlM0MlMkZhJTNFJTNDJTJGcCUzRSUwQSUwQSUzQyUyRmRpdiUzRSUwQSUzQ3AlMjBjbGFzcyUzRCUyMmFkZHJlc3MlMjIlM0VDZW50cm8lMjBFbXByZXNhcmlhbCUyQyUyMEF2LiUyMFBhc2VvJTIwZGUlMjBsb3MlMjBDb2NvdGVyb3MlMjAlMjM1NSUyQyUyMExvY2FsJTIwMjExMiUyQyUyME51ZXZvJTIwVmFsbGFydGElMkMlMjBOYXkuJTNDJTJGcCUzRSUwQSUzQyUyRmhncm91cCUzRQ==[\/vc_raw_html][vc_raw_html]JTNDaGdyb3VwJTNFJTBBJTNDZGl2JTNFJTBBJTNDaDUlM0VFTUJBSkFEQSUyMFklMjBBR0VOQ0lBJTIwQ09OU1VMQVIlMjBERSUyMEVTVEFET1MlMjBVTklET1MlMjBERSUyMEFNJUMzJTg5UklDQSUyMEVOJTIwTSVDMyU4OVhJQ08lM0MlMkZoNSUzRSUwQSUzQ3AlMjBjbGFzcyUzRCUyMiUyMiUzRSUzQ2ElMjBocmVmJTNEJTIydGVsJTNBJTJCNTIzMzMyNjgyMTAwJTIyJTNFJTIwJTI4MzMzJTI5JTIwMjY4JTIwMjEwMCUyMCUzQyUyRmElM0UlM0MlMkZwJTNFJTBBJTBBJTNDJTJGZGl2JTNFJTBBJTNDcCUyMGNsYXNzJTNEJTIyYWRkcmVzcyUyMiUzRVBhc2VvJTIwZGUlMjBsb3MlMjBDb2NvdGVyb3MlMjAlMjM4NSUyQyUyMExvY2FsJTIwTC03JTJDJTIwTnVldm8lMjBWYWxsYXJ0YSUyQyUyME5heS4lM0MlMkZwJTNFJTBBJTNDJTJGaGdyb3VwJTNF[\/vc_raw_html][vc_raw_html]JTNDaGdyb3VwJTNFJTBBJTNDZGl2JTNFJTBBJTNDaDUlM0VQUk9URUNDSSVDMyU5M04lMjBDSVZJTCUyMFklMjBERVBBUlRBTUVOVE8lMjBERSUyMEJPTUJFUk9TJTIwREUlMjBCQUglQzMlOERBJTIwREUlMjBCQU5ERVJBUyUzQyUyRmg1JTNFJTBBJTNDcCUyMGNsYXNzJTNEJTIyJTIyJTNFJTNDYSUyMGhyZWYlM0QlMjJ0ZWwlM0ElMkI1MjMyMjExMzMyNTUlMjIlM0UlMEElMjgzMjIlMjklMjAxMTMlMjAzMjU1JTBBJTNDJTJGYSUzRSUzQyUyRnAlM0UlMEElMEElM0MlMkZkaXYlM0UlMEElM0NwJTIwY2xhc3MlM0QlMjJhZGRyZXNzJTIyJTNFTSVDMyVBOXhpY28lMjAyMDAlMjA1MCUyQyUyME51ZXZvJTIwVmFsbGFydGElMkMlMjBOYXkuJTNDJTJGcCUzRSUwQSUzQyUyRmhncm91cCUzRQ==[\/vc_raw_html][vc_raw_html]JTNDaGdyb3VwJTNFJTBBJTNDZGl2JTNFJTBBJTNDaDUlM0VDUlVaJTIwUk9KQSUyMEJBSCVDMyU4REElMjBERSUyMEJBTkRFUkFTJTNDJTJGaDUlM0UlMEElM0NwJTIwY2xhc3MlM0QlMjIlMjIlM0UlM0NhJTIwaHJlZiUzRCUyMnRlbCUzQSUyQjUyMzIyMjk1ODU5NCUyMiUzRSUyMCUyODMyMiUyOSUyMDI5NS04NTk0JTIwJTNDJTJGYSUzRSUzQyUyRnAlM0UlMEElMEElM0MlMkZkaXYlM0UlMEElM0NwJTIwY2xhc3MlM0QlMjJhZGRyZXNzJTIyJTNFQ2Fyci4lMjBNZXpjYWxlcyUyMC0lMjBTYW4lMjBWaWNlbnRlJTIwJTIzMzQzJTJDJTIwU2FuJTIwVmljZW50ZSUyQyUyME5heS4lM0MlMkZwJTNFJTBBJTNDJTJGaGdyb3VwJTNF[\/vc_raw_html][vc_raw_html]JTNDaGdyb3VwJTNFJTBBJTNDZGl2JTNFJTBBJTNDaDUlM0VERVBBUlRBTUVOVE8lMjBERSUyMFBPTElDJUMzJThEQSUyMERFJTIwQkFIJUMzJThEQSUyMERFJTIwQkFOREVSQVMlM0MlMkZoNSUzRSUwQSUzQ3AlMjBjbGFzcyUzRCUyMiUyMiUzRSUzQ2ElMjBocmVmJTNEJTIydGVsJTNBJTJCNTIzMjkyOTEwNjY2JTIyJTNFJTIwJTI4MzI5JTI5JTIwMjkxLTA2NjYlMjAlM0MlMkZhJTNFJTNDJTJGcCUzRSUwQSUwQSUzQyUyRmRpdiUzRSUwQSUzQyUyRmhncm91cCUzRQ==[\/vc_raw_html][vc_raw_html]JTNDaGdyb3VwJTNFJTBBJTNDZGl2JTNFJTBBJTNDaDUlM0VERVBBUlRBTUVOVE8lMjBERSUyMFRSJUMzJTgxTlNJVE8lMjBNVU5JQ0lQQUwlM0MlMkZoNSUzRSUwQSUzQ3AlMjBjbGFzcyUzRCUyMiUyMiUzRSUzQ2ElMjBocmVmJTNEJTIydGVsJTNBJTJCNTIzMjkyOTY1MjI5JTIyJTNFJTIwJTI4MzI5JTI5JTIwMjk2LTUyMjklMjAlM0MlMkZhJTNFJTNDJTJGcCUzRSUwQSUzQyUyRmRpdiUzRSUwQSUzQyUyRmhncm91cCUzRQ==[\/vc_raw_html][\/vc_column][\/vc_row]<\/p>\n<\/div>","protected":false},"excerpt":{"rendered":"<p>A s\u00f3lo 20 kil\u00f3metros de Bucer\u00edas, se encuentra el tesoro escondido de la Riviera Nayarit: Punta de Mita, un entorno ex\u00f3tico formado por rocas volc\u00e1nicas y una exuberante variedad de vegetaci\u00f3n. Este lujoso lugar de alto nivel ha sido el para\u00edso de privacidad para muchas celebridades conocidas.<\/p>\n","protected":false},"author":1,"featured_media":1977,"parent":3439,"menu_order":0,"comment_status":"closed","ping_status":"closed","template":"template-vacations.php","meta":{"footnotes":""},"class_list":["post-3448","page","type-page","status-publish","has-post-thumbnail","hentry"],"acf":[],"yoast_head":"<!-- This site is optimized with the Yoast SEO plugin v27.3 - https:\/\/yoast.com\/product\/yoast-seo-wordpress\/ -->\n<title>Punta de Mita, playas de lujo con un toque de romance e inspiraci\u00f3n<\/title>\n<meta name=\"description\" content=\"Punta de Mita, el lugar ideal para ceder y relajarse mientras el oc\u00e9ano azul turquesa del oc\u00e9ano azul te llena de tranquilidad, romanticismo e inspiraci\u00f3n.\" \/>\n<meta name=\"robots\" content=\"index, follow, max-snippet:-1, max-image-preview:large, max-video-preview:-1\" \/>\n<link rel=\"canonical\" href=\"https:\/\/hospitalcmq.com\/es\/vacaciones\/punta-de-mita-el-nirvana-nayarita\/\" \/>\n<meta property=\"og:locale\" content=\"es_ES\" \/>\n<meta property=\"og:type\" content=\"article\" \/>\n<meta property=\"og:title\" content=\"Punta de Mita, playas de lujo con un toque de romance e inspiraci\u00f3n\" \/>\n<meta property=\"og:description\" content=\"Punta de Mita, el lugar ideal para ceder y relajarse mientras el oc\u00e9ano azul turquesa del oc\u00e9ano azul te llena de tranquilidad, romanticismo e inspiraci\u00f3n.\" \/>\n<meta property=\"og:url\" content=\"https:\/\/hospitalcmq.com\/es\/vacaciones\/punta-de-mita-el-nirvana-nayarita\/\" \/>\n<meta property=\"og:site_name\" content=\"Hospital CMQ\" \/>\n<meta property=\"article:publisher\" content=\"https:\/\/www.facebook.com\/HospitalCMQ\" \/>\n<meta property=\"article:modified_time\" content=\"2019-06-13T14:27:26+00:00\" \/>\n<meta property=\"og:image\" content=\"https:\/\/hospitalcmq.com\/wp-content\/uploads\/2018\/01\/Header_punta_mita.png\" \/>\n\t<meta property=\"og:image:width\" content=\"1400\" \/>\n\t<meta property=\"og:image:height\" content=\"525\" \/>\n\t<meta property=\"og:image:type\" content=\"image\/png\" \/>\n<meta name=\"twitter:card\" content=\"summary_large_image\" \/>\n<meta name=\"twitter:label1\" content=\"Tiempo de lectura\" \/>\n\t<meta name=\"twitter:data1\" content=\"3 minutos\" \/>\n<script type=\"application\/ld+json\" class=\"yoast-schema-graph\">{\"@context\":\"https:\\\/\\\/schema.org\",\"@graph\":[{\"@type\":\"WebPage\",\"@id\":\"https:\\\/\\\/hospitalcmq.com\\\/es\\\/vacaciones\\\/punta-de-mita-el-nirvana-nayarita\\\/\",\"url\":\"https:\\\/\\\/hospitalcmq.com\\\/es\\\/vacaciones\\\/punta-de-mita-el-nirvana-nayarita\\\/\",\"name\":\"Punta de Mita, playas de lujo con un toque de romance e inspiraci\u00f3n\",\"isPartOf\":{\"@id\":\"https:\\\/\\\/hospitalcmq.com\\\/es\\\/#website\"},\"primaryImageOfPage\":{\"@id\":\"https:\\\/\\\/hospitalcmq.com\\\/es\\\/vacaciones\\\/punta-de-mita-el-nirvana-nayarita\\\/#primaryimage\"},\"image\":{\"@id\":\"https:\\\/\\\/hospitalcmq.com\\\/es\\\/vacaciones\\\/punta-de-mita-el-nirvana-nayarita\\\/#primaryimage\"},\"thumbnailUrl\":\"https:\\\/\\\/hospitalcmq.com\\\/wp-content\\\/uploads\\\/2018\\\/01\\\/Header_punta_mita.png\",\"datePublished\":\"2018-09-18T15:43:38+00:00\",\"dateModified\":\"2019-06-13T14:27:26+00:00\",\"description\":\"Punta de Mita, el lugar ideal para ceder y relajarse mientras el oc\u00e9ano azul turquesa del oc\u00e9ano azul te llena de tranquilidad, romanticismo e inspiraci\u00f3n.\",\"breadcrumb\":{\"@id\":\"https:\\\/\\\/hospitalcmq.com\\\/es\\\/vacaciones\\\/punta-de-mita-el-nirvana-nayarita\\\/#breadcrumb\"},\"inLanguage\":\"es\",\"potentialAction\":[{\"@type\":\"ReadAction\",\"target\":[\"https:\\\/\\\/hospitalcmq.com\\\/es\\\/vacaciones\\\/punta-de-mita-el-nirvana-nayarita\\\/\"]}]},{\"@type\":\"ImageObject\",\"inLanguage\":\"es\",\"@id\":\"https:\\\/\\\/hospitalcmq.com\\\/es\\\/vacaciones\\\/punta-de-mita-el-nirvana-nayarita\\\/#primaryimage\",\"url\":\"https:\\\/\\\/hospitalcmq.com\\\/wp-content\\\/uploads\\\/2018\\\/01\\\/Header_punta_mita.png\",\"contentUrl\":\"https:\\\/\\\/hospitalcmq.com\\\/wp-content\\\/uploads\\\/2018\\\/01\\\/Header_punta_mita.png\",\"width\":1400,\"height\":525,\"caption\":\"muelle_punta_mita\"},{\"@type\":\"BreadcrumbList\",\"@id\":\"https:\\\/\\\/hospitalcmq.com\\\/es\\\/vacaciones\\\/punta-de-mita-el-nirvana-nayarita\\\/#breadcrumb\",\"itemListElement\":[{\"@type\":\"ListItem\",\"position\":1,\"name\":\"Home\",\"item\":\"https:\\\/\\\/hospitalcmq.com\\\/es\\\/\"},{\"@type\":\"ListItem\",\"position\":2,\"name\":\"Vacaciones\",\"item\":\"https:\\\/\\\/hospitalcmq.com\\\/es\\\/vacaciones\\\/\"},{\"@type\":\"ListItem\",\"position\":3,\"name\":\"Punta de Mita, El Nirvana Nayarita\"}]},{\"@type\":\"WebSite\",\"@id\":\"https:\\\/\\\/hospitalcmq.com\\\/es\\\/#website\",\"url\":\"https:\\\/\\\/hospitalcmq.com\\\/es\\\/\",\"name\":\"Hospital CMQ\",\"description\":\"Best Hospitals in Puerto Vallarta &amp; Riviera Nayarit\",\"publisher\":{\"@id\":\"https:\\\/\\\/hospitalcmq.com\\\/es\\\/#organization\"},\"potentialAction\":[{\"@type\":\"SearchAction\",\"target\":{\"@type\":\"EntryPoint\",\"urlTemplate\":\"https:\\\/\\\/hospitalcmq.com\\\/es\\\/?s={search_term_string}\"},\"query-input\":{\"@type\":\"PropertyValueSpecification\",\"valueRequired\":true,\"valueName\":\"search_term_string\"}}],\"inLanguage\":\"es\"},{\"@type\":\"Organization\",\"@id\":\"https:\\\/\\\/hospitalcmq.com\\\/es\\\/#organization\",\"name\":\"Hospital CMQ\",\"url\":\"https:\\\/\\\/hospitalcmq.com\\\/es\\\/\",\"logo\":{\"@type\":\"ImageObject\",\"inLanguage\":\"es\",\"@id\":\"https:\\\/\\\/hospitalcmq.com\\\/es\\\/#\\\/schema\\\/logo\\\/image\\\/\",\"url\":\"https:\\\/\\\/hospitalcmq.com\\\/wp-content\\\/uploads\\\/2018\\\/06\\\/cmq-hospital-logo.png\",\"contentUrl\":\"https:\\\/\\\/hospitalcmq.com\\\/wp-content\\\/uploads\\\/2018\\\/06\\\/cmq-hospital-logo.png\",\"width\":214,\"height\":189,\"caption\":\"Hospital CMQ\"},\"image\":{\"@id\":\"https:\\\/\\\/hospitalcmq.com\\\/es\\\/#\\\/schema\\\/logo\\\/image\\\/\"},\"sameAs\":[\"https:\\\/\\\/www.facebook.com\\\/HospitalCMQ\"]}]}<\/script>\n<!-- \/ Yoast SEO plugin. -->","yoast_head_json":{"title":"Punta de Mita, playas de lujo con un toque de romance e inspiraci\u00f3n","description":"Punta de Mita, el lugar ideal para ceder y relajarse mientras el oc\u00e9ano azul turquesa del oc\u00e9ano azul te llena de tranquilidad, romanticismo e inspiraci\u00f3n.","robots":{"index":"index","follow":"follow","max-snippet":"max-snippet:-1","max-image-preview":"max-image-preview:large","max-video-preview":"max-video-preview:-1"},"canonical":"https:\/\/hospitalcmq.com\/es\/vacaciones\/punta-de-mita-el-nirvana-nayarita\/","og_locale":"es_ES","og_type":"article","og_title":"Punta de Mita, playas de lujo con un toque de romance e inspiraci\u00f3n","og_description":"Punta de Mita, el lugar ideal para ceder y relajarse mientras el oc\u00e9ano azul turquesa del oc\u00e9ano azul te llena de tranquilidad, romanticismo e inspiraci\u00f3n.","og_url":"https:\/\/hospitalcmq.com\/es\/vacaciones\/punta-de-mita-el-nirvana-nayarita\/","og_site_name":"Hospital CMQ","article_publisher":"https:\/\/www.facebook.com\/HospitalCMQ","article_modified_time":"2019-06-13T14:27:26+00:00","og_image":[{"width":1400,"height":525,"url":"https:\/\/hospitalcmq.com\/wp-content\/uploads\/2018\/01\/Header_punta_mita.png","type":"image\/png"}],"twitter_card":"summary_large_image","twitter_misc":{"Tiempo de lectura":"3 minutos"},"schema":{"@context":"https:\/\/schema.org","@graph":[{"@type":"WebPage","@id":"https:\/\/hospitalcmq.com\/es\/vacaciones\/punta-de-mita-el-nirvana-nayarita\/","url":"https:\/\/hospitalcmq.com\/es\/vacaciones\/punta-de-mita-el-nirvana-nayarita\/","name":"Punta de Mita, playas de lujo con un toque de romance e inspiraci\u00f3n","isPartOf":{"@id":"https:\/\/hospitalcmq.com\/es\/#website"},"primaryImageOfPage":{"@id":"https:\/\/hospitalcmq.com\/es\/vacaciones\/punta-de-mita-el-nirvana-nayarita\/#primaryimage"},"image":{"@id":"https:\/\/hospitalcmq.com\/es\/vacaciones\/punta-de-mita-el-nirvana-nayarita\/#primaryimage"},"thumbnailUrl":"https:\/\/hospitalcmq.com\/wp-content\/uploads\/2018\/01\/Header_punta_mita.png","datePublished":"2018-09-18T15:43:38+00:00","dateModified":"2019-06-13T14:27:26+00:00","description":"Punta de Mita, el lugar ideal para ceder y relajarse mientras el oc\u00e9ano azul turquesa del oc\u00e9ano azul te llena de tranquilidad, romanticismo e inspiraci\u00f3n.","breadcrumb":{"@id":"https:\/\/hospitalcmq.com\/es\/vacaciones\/punta-de-mita-el-nirvana-nayarita\/#breadcrumb"},"inLanguage":"es","potentialAction":[{"@type":"ReadAction","target":["https:\/\/hospitalcmq.com\/es\/vacaciones\/punta-de-mita-el-nirvana-nayarita\/"]}]},{"@type":"ImageObject","inLanguage":"es","@id":"https:\/\/hospitalcmq.com\/es\/vacaciones\/punta-de-mita-el-nirvana-nayarita\/#primaryimage","url":"https:\/\/hospitalcmq.com\/wp-content\/uploads\/2018\/01\/Header_punta_mita.png","contentUrl":"https:\/\/hospitalcmq.com\/wp-content\/uploads\/2018\/01\/Header_punta_mita.png","width":1400,"height":525,"caption":"muelle_punta_mita"},{"@type":"BreadcrumbList","@id":"https:\/\/hospitalcmq.com\/es\/vacaciones\/punta-de-mita-el-nirvana-nayarita\/#breadcrumb","itemListElement":[{"@type":"ListItem","position":1,"name":"Home","item":"https:\/\/hospitalcmq.com\/es\/"},{"@type":"ListItem","position":2,"name":"Vacaciones","item":"https:\/\/hospitalcmq.com\/es\/vacaciones\/"},{"@type":"ListItem","position":3,"name":"Punta de Mita, El Nirvana Nayarita"}]},{"@type":"WebSite","@id":"https:\/\/hospitalcmq.com\/es\/#website","url":"https:\/\/hospitalcmq.com\/es\/","name":"Hospital CMQ","description":"Best Hospitals in Puerto Vallarta &amp; Riviera Nayarit","publisher":{"@id":"https:\/\/hospitalcmq.com\/es\/#organization"},"potentialAction":[{"@type":"SearchAction","target":{"@type":"EntryPoint","urlTemplate":"https:\/\/hospitalcmq.com\/es\/?s={search_term_string}"},"query-input":{"@type":"PropertyValueSpecification","valueRequired":true,"valueName":"search_term_string"}}],"inLanguage":"es"},{"@type":"Organization","@id":"https:\/\/hospitalcmq.com\/es\/#organization","name":"Hospital CMQ","url":"https:\/\/hospitalcmq.com\/es\/","logo":{"@type":"ImageObject","inLanguage":"es","@id":"https:\/\/hospitalcmq.com\/es\/#\/schema\/logo\/image\/","url":"https:\/\/hospitalcmq.com\/wp-content\/uploads\/2018\/06\/cmq-hospital-logo.png","contentUrl":"https:\/\/hospitalcmq.com\/wp-content\/uploads\/2018\/06\/cmq-hospital-logo.png","width":214,"height":189,"caption":"Hospital CMQ"},"image":{"@id":"https:\/\/hospitalcmq.com\/es\/#\/schema\/logo\/image\/"},"sameAs":["https:\/\/www.facebook.com\/HospitalCMQ"]}]}},"_links":{"self":[{"href":"https:\/\/hospitalcmq.com\/es\/wp-json\/wp\/v2\/pages\/3448","targetHints":{"allow":["GET"]}}],"collection":[{"href":"https:\/\/hospitalcmq.com\/es\/wp-json\/wp\/v2\/pages"}],"about":[{"href":"https:\/\/hospitalcmq.com\/es\/wp-json\/wp\/v2\/types\/page"}],"author":[{"embeddable":true,"href":"https:\/\/hospitalcmq.com\/es\/wp-json\/wp\/v2\/users\/1"}],"replies":[{"embeddable":true,"href":"https:\/\/hospitalcmq.com\/es\/wp-json\/wp\/v2\/comments?post=3448"}],"version-history":[{"count":0,"href":"https:\/\/hospitalcmq.com\/es\/wp-json\/wp\/v2\/pages\/3448\/revisions"}],"up":[{"embeddable":true,"href":"https:\/\/hospitalcmq.com\/es\/wp-json\/wp\/v2\/pages\/3439"}],"wp:featuredmedia":[{"embeddable":true,"href":"https:\/\/hospitalcmq.com\/es\/wp-json\/wp\/v2\/media\/1977"}],"wp:attachment":[{"href":"https:\/\/hospitalcmq.com\/es\/wp-json\/wp\/v2\/media?parent=3448"}],"curies":[{"name":"wp","href":"https:\/\/api.w.org\/{rel}","templated":true}]}}