{"id":3446,"date":"2018-09-18T10:38:12","date_gmt":"2018-09-18T15:38:12","guid":{"rendered":"https:\/\/hospitalcmq.com\/vacaciones\/riviera-nayarit-tesoro-del-pacifico-de-mexicano\/"},"modified":"2019-06-13T09:31:04","modified_gmt":"2019-06-13T14:31:04","slug":"riviera-nayarit-tesoro-del-pacifico-de-mexicano","status":"publish","type":"page","link":"https:\/\/hospitalcmq.com\/es\/vacaciones\/riviera-nayarit-tesoro-del-pacifico-de-mexicano\/","title":{"rendered":"Riviera Nayarit, Tesoro del Pac\u00edfico Mexicano"},"content":{"rendered":"<div class=\"wpb-content-wrapper\"><p>[vc_row][vc_column width=\u00bb3\/4&#8243;][vc_custom_heading source=\u00bbpost_title\u00bb font_container=\u00bbtag:h1|text_align:left\u00bb use_theme_fonts=\u00bbyes\u00bb el_class=\u00bbtitle\u00bb][vc_column_text]<span style=\"font-weight: 400;\">Riviera Nayarit, el nuevo destino de moda en M\u00e9xico, est\u00e1 ubicado en la frontera entre Jalisco y Nayarit, a s\u00f3lo unos minutos del Aeropuerto Internacional de Puerto Vallarta (PVR).<\/span><\/p>\n<p><span style=\"font-weight: 400;\">Desde sus largas playas en Punta Mita hasta los manantiales v\u00edrgenes de La Tovara en el puerto de San Blas, Riviera Nayarit es un para\u00edso bell\u00edsimo con escenarios incre\u00edbles adecuados para las vacaciones m\u00e1s espectaculares. Debido a su belleza natural y diversidad cultural, los hoteles m\u00e1s reconocidos como Vidanta, Grand Velas, Four Seasons y St Regis Punta Mita han elegido la costa de Riviera Nayarit como su hogar.<\/span><\/p>\n<p><span style=\"font-weight: 400;\">Las Islas Marietas, tambi\u00e9n conocidas por su \u00abPlaya del Amor\u00bb o \u00abPlaya Escondida\u00bb, se han convertido r\u00e1pidamente en un punto de referencia internacional, siendo una de las playas m\u00e1s ex\u00f3ticas del mundo. Como tal, el Parque Nacional Islas Marietas es hogar de la vida silvestre m\u00e1s diversa, desde variedades de coral, delfines y mantarrayas, hasta p\u00e1jaros bobos de patas azules y gaviotas de pico rojo.<\/span><\/p>\n<p>[\/vc_column_text][vc_empty_space][vc_single_image image=\u00bb2057&#8243; img_size=\u00bbfull\u00bb alignment=\u00bbcenter\u00bb][vc_empty_space][vc_column_text]<span style=\"font-weight: 400;\">Adem\u00e1s de su belleza natural, Riviera Nayarit cuenta con numerosos pueblos encantadores como <\/span><b>Sayulita<\/b><span style=\"font-weight: 400;\"> y <\/span><b>San Pancho<\/b><span style=\"font-weight: 400;\">, que son populares entre los visitantes que desean relajarse en un lugar pintoresco y tranquilo. En consecuencia, gracias a su atm\u00f3sfera de pueblos peque\u00f1os y entorno natural excepcional, Sayulita y San Pancho han sido elegidos como sede de eventos internacionales de renombre, tales como: el <\/span><i><span style=\"font-weight: 400;\">Festival Gourmet Internacional<\/span><\/i><span style=\"font-weight: 400;\">, <\/span><i><span style=\"font-weight: 400;\">Vallarta Nayarit Gastron\u00f3mica <\/span><\/i><span style=\"font-weight: 400;\">y <\/span><i><span style=\"font-weight: 400;\">Winefest Jalisco + Nayarit<\/span><\/i><span style=\"font-weight: 400;\">, por nombrar algunos.<\/span><\/p>\n<p><span style=\"font-weight: 400;\">M\u00e1s recientemente, debido a su fuerte aceptaci\u00f3n entre los turistas internacionales, Grupo Vidanta ha seleccionado a Riviera Nayarit como el hogar del primer <\/span><b>parque tem\u00e1tico Cirque du Soleil<\/b><span style=\"font-weight: 400;\"> en el mundo, que actualmente se encuentra en construcci\u00f3n. Este espect\u00e1culo de clase mundial abrir\u00e1 sus puertas para atraer a turistas de altos ingresos, que est\u00e1n ansiosos por vivir experiencias inolvidables.<\/span><\/p>\n<p><span style=\"font-weight: 400;\">Playas de arena blanca, monta\u00f1as exuberantes, aguas color esmeralda, fauna marina, islas apartadas, cultura diversa y un clima envidiable&#8230; \u00a1S\u00f3lo en Riviera Nayarit, el nuevo destino de moda en M\u00e9xico!<\/span>[\/vc_column_text][\/vc_column][vc_column width=\u00bb1\/4&#8243;][vc_raw_html]JTNDaGdyb3VwJTNFJTBBJTNDZGl2JTNFJTBBJTNDaDUlM0VPRklDSU5BJTIwREUlMjBDT05HUkVTT1MlMjBZJTIwVklTSVRBTlRFUyUyMERFJTIwUklWSUVSQSUyME5BWUFSSVQlM0MlMkZoNSUzRSUwQSUzQ3AlMjBjbGFzcyUzRCUyMiUyMiUzRSUzQ2ElMjBocmVmJTNEJTIydGVsJTNBJTJCNTIzMjIyOTcyNTE2JTIyJTNFJTIwJTI4MzIyJTI5JTIwMjk3LTI1MTYlMjAlM0MlMkZhJTNFJTNDJTJGcCUzRSUwQSUwQSUzQyUyRmRpdiUzRSUwQSUzQ3AlMjBjbGFzcyUzRCUyMmFkZHJlc3MlMjIlM0VDZW50cm8lMjBFbXByZXNhcmlhbCUyMFBhcmFkaXNlJTIwVmlsbGFnZSUyQyUyMEF2LiUyMFBhc2VvJTIwZGUlMjBsb3MlMjBDb2NvdGVyb3MlMjAlMjM1NSUyQyUyMExvY2FsJTIwMjExMiUwQU51ZXZvJTIwVmFsbGFydGElMkMlMjBOYXlhcml0JTJDJTIwTWV4aWNvLiUyMEMuUC4lMjA2MzczMiUzQyUyRnAlM0UlMEElMEElM0MlMkZoZ3JvdXAlM0U=[\/vc_raw_html][vc_raw_html]JTNDaGdyb3VwJTNFJTBBJTNDZGl2JTNFJTBBJTNDaDUlM0VBR0VOQ0lBJTIwQ09OU1VMQVIlMjBERSUyMEVTVEFET1MlMjBVTklET1MlMjBERSUyMEFNJUMzJTg5UklDQSUyMEVOJTIwUFVFUlRPJTIwVkFMTEFSVEElMjBZJTIwUklWSUVSQSUyME5BWUFSSVQlM0MlMkZoNSUzRSUwQSUzQ3AlMjBjbGFzcyUzRCUyMiUyMiUzRSUwQSUzQ2ElMjBocmVmJTNEJTIydGVsJTNBJTJCNTIzMjIyMjIwMDY5JTIyJTNFJTIwUHVlcnRvJTIwVmFsbGFydGElMkZSaXZpZXJhJTIwTmF5YXJpdCUzQSUyMCUyODUyJTI5JTIwJTI4MzIyJTI5JTIwMjIlMjAyMDA2OSUyMCUzQyUyRmElM0UlMEElM0NhJTIwaHJlZiUzRCUyMnRlbCUzQSUyQjUyMzMzMjY4MjEwMCUyMiUzRSUyMEd1YWRhbGFqYXJhJTNBJTIwJTI4NTIlMjklMjAlMjgzMzMlMjklMjAyNjgtMjEwMCUyMCUzQyUyRmElM0UlMEElM0MlMkZwJTNFJTBBJTNDJTJGZGl2JTNFJTBBJTNDcCUyMGNsYXNzJTNEJTIyYWRkcmVzcyUyMiUzRSUyMEFnZW50ZSUyMENvbnN1bGFyJTNBJTIwS2VsbHklMjBUcmFpbm9yJTIwJTNDJTJGcCUzRSUwQSUzQ3AlMjBjbGFzcyUzRCUyMmFkZHJlc3MlMjIlM0UlMjAlM0NhJTIwaHJlZiUzRCUyMm1haWx0byUzQWNvbmFnZW5jeXB1ZXJ0b3YlNDBzdGF0ZS5nb3YlMjIlM0VDb25BZ2VuY3lQdWVydG9WJTQwc3RhdGUuZ292JTNDJTJGYSUzRSUyMCUzQyUyRnAlM0UlMEElM0NwJTIwY2xhc3MlM0QlMjJhZGRyZXNzJTIyJTNFUGFzZW8lMjBkZSUyMGxvcyUyMENvY290ZXJvcyUyMCUyMzg1JTIwU3VyJTJDJTIwTG9jYWwlMjBMLTclMkMlMjBpbiUyMFBhcmFkaXNlJTIwUGxhemElMEFOdWV2byUyMFZhbGxhcnRhJTJDJTIwTmF5YXJpdCUyQyUyME1leGljby4lMjBDLlAuJTIwNjM3MzIlMEElM0MlMkZwJTNFJTBBJTNDJTJGaGdyb3VwJTNF[\/vc_raw_html][vc_raw_html]JTNDaGdyb3VwJTNFJTBBJTNDZGl2JTNFJTBBJTNDaDUlM0VBR0VOQ0lBJTIwQ09OU1VMQVIlMjBERSUyMENBTkFEJUMzJTgxJTIwRU4lMjBQVUVSVE8lMjBWQUxMQVJUQSUyMFklMjBSSVZJRVJBJTIwTkFZQVJJVCUzQyUyRmg1JTNFJTBBJTNDcCUyMGNsYXNzJTNEJTIyJTIyJTNFJTBBJTNDYSUyMGhyZWYlM0QlMjJ0ZWwlM0ElMkI1MjMyMjI5MzAwOTglMjIlM0UlMjAlMjg1MiUyOSUyMCUyODMyMiUyOSUyMDI5JTIwMzAwOTglMjAlM0MlMkZhJTNFJTBBJTNDYSUyMGhyZWYlM0QlMjJ0ZWwlM0ElMkI1MjMyMjI5MzAwOTklMjIlM0UlMjAlMjg1MiUyOSUyMCUyODMyMiUyOSUyMDI5JTIwMzAwOTklMjAlM0MlMkZhJTNFJTBBJTNDJTJGcCUzRSUwQSUzQyUyRmRpdiUzRSUwQSUzQ3AlMjBjbGFzcyUzRCUyMmFkZHJlc3MlMjIlM0UlMjBBZ2VudGUlMjBDb25zdWxhciUzQSUyME1yLiUyMEFkYW0lMjBDaGFybGVib2lzJTIwJTNDJTJGcCUzRSUwQSUzQ3AlMjBjbGFzcyUzRCUyMmFkZHJlc3MlMjIlM0UlMjAlM0NhJTIwaHJlZiUzRCUyMm1haWx0byUzQXB2cnRhJTQwaW50ZXJuYXRpb25hbC5nYy5jYSUyMiUzRXB2cnRhJTQwaW50ZXJuYXRpb25hbC5nYy5jYSUzQyUyRmElM0UlMjAlM0MlMkZwJTNFJTBBJTNDcCUyMGNsYXNzJTNEJTIyYWRkcmVzcyUyMiUzRVBsYXphJTIwUGVuaW5zdWxhJTJDJTIwTG9jYWwlMjBTdWIlMjBGJTBBQm91bGV2YXJkJTIwRnJhbmNpc2NvJTIwTWVkaW5hJTIwQXNjZW5jaW8lMjAyNDg1JTJDJTIwWm9uYSUyMEhvdGVsZXJhJTIwTm9ydGUlMEFQdWVydG8lMjBWYWxsYXJ0YSUyQyUyMEphbGlzY28lMkMlMjBNZXhpY28uJTIwQy5QLiUyMDQ4MzAwJTBBJTNDJTJGcCUzRSUwQSUzQyUyRmhncm91cCUzRQ==[\/vc_raw_html][vc_raw_html]JTNDaGdyb3VwJTNFJTBBJTNDZGl2JTNFJTBBJTNDaDUlM0VERVBBUlRBTUVOVE8lMjBERSUyMEJPTUJFUk9TJTIwWSUyMFBST1RFQ0NJJUMzJTkzTiUyMENJVklMJTNDJTJGaDUlM0UlMEElM0NwJTIwY2xhc3MlM0QlMjIlMjIlM0UlM0NhJTIwaHJlZiUzRCUyMnRlbCUzQSUyQjUyMzIyMTEzMzI1NSUyMiUzRSUyMCUyODMyMiUyOSUyMDExMy0zMjU1JTIwJTNDJTJGYSUzRSUwQSUzQ2ElMjBocmVmJTNEJTIydGVsJTNBJTJCNTIzMjIxMTMzMjU2JTIyJTNFJTIwJTI4MzIyJTI5JTIwMTEzLTMyNTYlMjAlM0MlMkZhJTNFJTNDJTJGcCUzRSUwQSUwQSUzQyUyRmRpdiUzRSUwQSUzQ3AlMjBjbGFzcyUzRCUyMmFkZHJlc3MlMjIlM0VDYXJyLiUyMEZlZGVyYWwlMjAyMDAlMkMlMjBKYXJyZXRhZGVyYXMlMkMlMjBOYXkuJTNDJTJGcCUzRSUwQSUzQyUyRmhncm91cCUzRQ==[\/vc_raw_html][vc_raw_html]JTNDaGdyb3VwJTNFJTBBJTNDZGl2JTNFJTBBJTNDaDUlM0VDUlVaJTIwUk9KQSUyMERFJTIwQkFIJUMzJThEQSUyMERFJTIwQkFOREVSQVMlM0MlMkZoNSUzRSUwQSUzQ3AlMjBjbGFzcyUzRCUyMiUyMiUzRSUzQ2ElMjBocmVmJTNEJTIydGVsJTNBJTJCNTIzMjIyOTU4NTk0JTIyJTNFJTIwJTI4MzIyJTI5JTIwMjk1LTg1OTQlMjAlM0MlMkZhJTNFJTNDJTJGcCUzRSUwQSUwQSUzQyUyRmRpdiUzRSUwQSUzQ3AlMjBjbGFzcyUzRCUyMmFkZHJlc3MlMjIlM0VDYXJyLiUyME1lemNhbGVzJTIwLSUyMFNhbiUyMFZpY2VudGUlMjAlMjMzNDMlMkMlMjBTYW4lMjBWaWNlbnRlJTJDJTIwTmF5LiUzQyUyRnAlM0UlMEElM0MlMkZoZ3JvdXAlM0U=[\/vc_raw_html][vc_raw_html]JTNDaGdyb3VwJTNFJTBBJTNDZGl2JTNFJTBBJTNDaDUlM0VERVBBUlRBTUVOVE8lMjBERSUyMFBPTElDJUMzJThEQSUyMERFJTIwQkFIJUMzJThEQSUyMERFJTIwQkFOREVSQVMlM0MlMkZoNSUzRSUwQSUzQ3AlMjBjbGFzcyUzRCUyMiUyMiUzRSUzQ2ElMjBocmVmJTNEJTIydGVsJTNBJTJCNTIzMjkyOTEwNjY2JTIyJTNFJTIwJTI4MzI5JTI5JTIwMjkxLTA2NjYlMjAlM0MlMkZhJTNFJTNDJTJGcCUzRSUwQSUwQSUzQyUyRmRpdiUzRSUwQSUzQyUyRmhncm91cCUzRQ==[\/vc_raw_html][vc_raw_html]JTNDaGdyb3VwJTNFJTBBJTNDZGl2JTNFJTBBJTNDaDUlM0VUUiVDMyU4MU5TSVRPJTIwTVVOSUNJUEFMJTNDJTJGaDUlM0UlMEElM0NwJTIwY2xhc3MlM0QlMjIlMjIlM0UlM0NhJTIwaHJlZiUzRCUyMnRlbCUzQSUyQjUyMzI5Mjk2NTIyOSUyMiUzRSUyMCUyODMyOSUyOSUyMDI5Ni01MjI5JTIwJTNDJTJGYSUzRSUzQyUyRnAlM0UlMEElMEElM0MlMkZkaXYlM0UlMEElM0MlMkZoZ3JvdXAlM0U=[\/vc_raw_html][\/vc_column][\/vc_row]<\/p>\n<\/div>","protected":false},"excerpt":{"rendered":"<p>Riviera Nayarit, el nuevo destino de moda en M\u00e9xico, est\u00e1 ubicado en la frontera entre Jalisco y Nayarit, a s\u00f3lo unos minutos del Aeropuerto Internacional de Puerto Vallarta (PVR).<\/p>\n","protected":false},"author":1,"featured_media":1982,"parent":3439,"menu_order":0,"comment_status":"closed","ping_status":"closed","template":"template-vacations.php","meta":{"footnotes":""},"class_list":["post-3446","page","type-page","status-publish","has-post-thumbnail","hentry"],"acf":[],"yoast_head":"<!-- This site is optimized with the Yoast SEO plugin v27.3 - https:\/\/yoast.com\/product\/yoast-seo-wordpress\/ -->\n<title>Riviera Nayarit, el tesoro escondido del Pac\u00edfico Mexicano<\/title>\n<meta name=\"description\" content=\"Ubicado entre Jalisco y Nayarit, Riviera Nayarit es el destino nuevo de moda. Hogar de la &quot;Playa del amor&quot;, Riviera Nayarit es un para\u00edso en la tierra.\" \/>\n<meta name=\"robots\" content=\"index, follow, max-snippet:-1, max-image-preview:large, max-video-preview:-1\" \/>\n<link rel=\"canonical\" href=\"https:\/\/hospitalcmq.com\/es\/vacaciones\/riviera-nayarit-tesoro-del-pacifico-de-mexicano\/\" \/>\n<meta property=\"og:locale\" content=\"es_ES\" \/>\n<meta property=\"og:type\" content=\"article\" \/>\n<meta property=\"og:title\" content=\"Riviera Nayarit, el tesoro escondido del Pac\u00edfico Mexicano\" \/>\n<meta property=\"og:description\" content=\"Ubicado entre Jalisco y Nayarit, Riviera Nayarit es el destino nuevo de moda. Hogar de la &quot;Playa del amor&quot;, Riviera Nayarit es un para\u00edso en la tierra.\" \/>\n<meta property=\"og:url\" content=\"https:\/\/hospitalcmq.com\/es\/vacaciones\/riviera-nayarit-tesoro-del-pacifico-de-mexicano\/\" \/>\n<meta property=\"og:site_name\" content=\"Hospital CMQ\" \/>\n<meta property=\"article:publisher\" content=\"https:\/\/www.facebook.com\/HospitalCMQ\" \/>\n<meta property=\"article:modified_time\" content=\"2019-06-13T14:31:04+00:00\" \/>\n<meta property=\"og:image\" content=\"https:\/\/hospitalcmq.com\/wp-content\/uploads\/2018\/01\/Header_riviera_nayarit.png\" \/>\n\t<meta property=\"og:image:width\" content=\"1400\" \/>\n\t<meta property=\"og:image:height\" content=\"525\" \/>\n\t<meta property=\"og:image:type\" content=\"image\/png\" \/>\n<meta name=\"twitter:card\" content=\"summary_large_image\" \/>\n<meta name=\"twitter:label1\" content=\"Tiempo de lectura\" \/>\n\t<meta name=\"twitter:data1\" content=\"4 minutos\" \/>\n<script type=\"application\/ld+json\" class=\"yoast-schema-graph\">{\"@context\":\"https:\\\/\\\/schema.org\",\"@graph\":[{\"@type\":\"WebPage\",\"@id\":\"https:\\\/\\\/hospitalcmq.com\\\/es\\\/vacaciones\\\/riviera-nayarit-tesoro-del-pacifico-de-mexicano\\\/\",\"url\":\"https:\\\/\\\/hospitalcmq.com\\\/es\\\/vacaciones\\\/riviera-nayarit-tesoro-del-pacifico-de-mexicano\\\/\",\"name\":\"Riviera Nayarit, el tesoro escondido del Pac\u00edfico Mexicano\",\"isPartOf\":{\"@id\":\"https:\\\/\\\/hospitalcmq.com\\\/es\\\/#website\"},\"primaryImageOfPage\":{\"@id\":\"https:\\\/\\\/hospitalcmq.com\\\/es\\\/vacaciones\\\/riviera-nayarit-tesoro-del-pacifico-de-mexicano\\\/#primaryimage\"},\"image\":{\"@id\":\"https:\\\/\\\/hospitalcmq.com\\\/es\\\/vacaciones\\\/riviera-nayarit-tesoro-del-pacifico-de-mexicano\\\/#primaryimage\"},\"thumbnailUrl\":\"https:\\\/\\\/hospitalcmq.com\\\/wp-content\\\/uploads\\\/2018\\\/01\\\/Header_riviera_nayarit.png\",\"datePublished\":\"2018-09-18T15:38:12+00:00\",\"dateModified\":\"2019-06-13T14:31:04+00:00\",\"description\":\"Ubicado entre Jalisco y Nayarit, Riviera Nayarit es el destino nuevo de moda. Hogar de la \\\"Playa del amor\\\", Riviera Nayarit es un para\u00edso en la tierra.\",\"breadcrumb\":{\"@id\":\"https:\\\/\\\/hospitalcmq.com\\\/es\\\/vacaciones\\\/riviera-nayarit-tesoro-del-pacifico-de-mexicano\\\/#breadcrumb\"},\"inLanguage\":\"es\",\"potentialAction\":[{\"@type\":\"ReadAction\",\"target\":[\"https:\\\/\\\/hospitalcmq.com\\\/es\\\/vacaciones\\\/riviera-nayarit-tesoro-del-pacifico-de-mexicano\\\/\"]}]},{\"@type\":\"ImageObject\",\"inLanguage\":\"es\",\"@id\":\"https:\\\/\\\/hospitalcmq.com\\\/es\\\/vacaciones\\\/riviera-nayarit-tesoro-del-pacifico-de-mexicano\\\/#primaryimage\",\"url\":\"https:\\\/\\\/hospitalcmq.com\\\/wp-content\\\/uploads\\\/2018\\\/01\\\/Header_riviera_nayarit.png\",\"contentUrl\":\"https:\\\/\\\/hospitalcmq.com\\\/wp-content\\\/uploads\\\/2018\\\/01\\\/Header_riviera_nayarit.png\",\"width\":1400,\"height\":525,\"caption\":\"\u00a1Explora la costa de Jalisco en tus pr\u00f3ximas vacaciones en M\u00e9xico!\"},{\"@type\":\"BreadcrumbList\",\"@id\":\"https:\\\/\\\/hospitalcmq.com\\\/es\\\/vacaciones\\\/riviera-nayarit-tesoro-del-pacifico-de-mexicano\\\/#breadcrumb\",\"itemListElement\":[{\"@type\":\"ListItem\",\"position\":1,\"name\":\"Home\",\"item\":\"https:\\\/\\\/hospitalcmq.com\\\/es\\\/\"},{\"@type\":\"ListItem\",\"position\":2,\"name\":\"Vacaciones\",\"item\":\"https:\\\/\\\/hospitalcmq.com\\\/es\\\/vacaciones\\\/\"},{\"@type\":\"ListItem\",\"position\":3,\"name\":\"Riviera Nayarit, Tesoro del Pac\u00edfico Mexicano\"}]},{\"@type\":\"WebSite\",\"@id\":\"https:\\\/\\\/hospitalcmq.com\\\/es\\\/#website\",\"url\":\"https:\\\/\\\/hospitalcmq.com\\\/es\\\/\",\"name\":\"Hospital CMQ\",\"description\":\"Best Hospitals in Puerto Vallarta &amp; Riviera Nayarit\",\"publisher\":{\"@id\":\"https:\\\/\\\/hospitalcmq.com\\\/es\\\/#organization\"},\"potentialAction\":[{\"@type\":\"SearchAction\",\"target\":{\"@type\":\"EntryPoint\",\"urlTemplate\":\"https:\\\/\\\/hospitalcmq.com\\\/es\\\/?s={search_term_string}\"},\"query-input\":{\"@type\":\"PropertyValueSpecification\",\"valueRequired\":true,\"valueName\":\"search_term_string\"}}],\"inLanguage\":\"es\"},{\"@type\":\"Organization\",\"@id\":\"https:\\\/\\\/hospitalcmq.com\\\/es\\\/#organization\",\"name\":\"Hospital CMQ\",\"url\":\"https:\\\/\\\/hospitalcmq.com\\\/es\\\/\",\"logo\":{\"@type\":\"ImageObject\",\"inLanguage\":\"es\",\"@id\":\"https:\\\/\\\/hospitalcmq.com\\\/es\\\/#\\\/schema\\\/logo\\\/image\\\/\",\"url\":\"https:\\\/\\\/hospitalcmq.com\\\/wp-content\\\/uploads\\\/2018\\\/06\\\/cmq-hospital-logo.png\",\"contentUrl\":\"https:\\\/\\\/hospitalcmq.com\\\/wp-content\\\/uploads\\\/2018\\\/06\\\/cmq-hospital-logo.png\",\"width\":214,\"height\":189,\"caption\":\"Hospital CMQ\"},\"image\":{\"@id\":\"https:\\\/\\\/hospitalcmq.com\\\/es\\\/#\\\/schema\\\/logo\\\/image\\\/\"},\"sameAs\":[\"https:\\\/\\\/www.facebook.com\\\/HospitalCMQ\"]}]}<\/script>\n<!-- \/ Yoast SEO plugin. -->","yoast_head_json":{"title":"Riviera Nayarit, el tesoro escondido del Pac\u00edfico Mexicano","description":"Ubicado entre Jalisco y Nayarit, Riviera Nayarit es el destino nuevo de moda. Hogar de la \"Playa del amor\", Riviera Nayarit es un para\u00edso en la tierra.","robots":{"index":"index","follow":"follow","max-snippet":"max-snippet:-1","max-image-preview":"max-image-preview:large","max-video-preview":"max-video-preview:-1"},"canonical":"https:\/\/hospitalcmq.com\/es\/vacaciones\/riviera-nayarit-tesoro-del-pacifico-de-mexicano\/","og_locale":"es_ES","og_type":"article","og_title":"Riviera Nayarit, el tesoro escondido del Pac\u00edfico Mexicano","og_description":"Ubicado entre Jalisco y Nayarit, Riviera Nayarit es el destino nuevo de moda. Hogar de la \"Playa del amor\", Riviera Nayarit es un para\u00edso en la tierra.","og_url":"https:\/\/hospitalcmq.com\/es\/vacaciones\/riviera-nayarit-tesoro-del-pacifico-de-mexicano\/","og_site_name":"Hospital CMQ","article_publisher":"https:\/\/www.facebook.com\/HospitalCMQ","article_modified_time":"2019-06-13T14:31:04+00:00","og_image":[{"width":1400,"height":525,"url":"https:\/\/hospitalcmq.com\/wp-content\/uploads\/2018\/01\/Header_riviera_nayarit.png","type":"image\/png"}],"twitter_card":"summary_large_image","twitter_misc":{"Tiempo de lectura":"4 minutos"},"schema":{"@context":"https:\/\/schema.org","@graph":[{"@type":"WebPage","@id":"https:\/\/hospitalcmq.com\/es\/vacaciones\/riviera-nayarit-tesoro-del-pacifico-de-mexicano\/","url":"https:\/\/hospitalcmq.com\/es\/vacaciones\/riviera-nayarit-tesoro-del-pacifico-de-mexicano\/","name":"Riviera Nayarit, el tesoro escondido del Pac\u00edfico Mexicano","isPartOf":{"@id":"https:\/\/hospitalcmq.com\/es\/#website"},"primaryImageOfPage":{"@id":"https:\/\/hospitalcmq.com\/es\/vacaciones\/riviera-nayarit-tesoro-del-pacifico-de-mexicano\/#primaryimage"},"image":{"@id":"https:\/\/hospitalcmq.com\/es\/vacaciones\/riviera-nayarit-tesoro-del-pacifico-de-mexicano\/#primaryimage"},"thumbnailUrl":"https:\/\/hospitalcmq.com\/wp-content\/uploads\/2018\/01\/Header_riviera_nayarit.png","datePublished":"2018-09-18T15:38:12+00:00","dateModified":"2019-06-13T14:31:04+00:00","description":"Ubicado entre Jalisco y Nayarit, Riviera Nayarit es el destino nuevo de moda. Hogar de la \"Playa del amor\", Riviera Nayarit es un para\u00edso en la tierra.","breadcrumb":{"@id":"https:\/\/hospitalcmq.com\/es\/vacaciones\/riviera-nayarit-tesoro-del-pacifico-de-mexicano\/#breadcrumb"},"inLanguage":"es","potentialAction":[{"@type":"ReadAction","target":["https:\/\/hospitalcmq.com\/es\/vacaciones\/riviera-nayarit-tesoro-del-pacifico-de-mexicano\/"]}]},{"@type":"ImageObject","inLanguage":"es","@id":"https:\/\/hospitalcmq.com\/es\/vacaciones\/riviera-nayarit-tesoro-del-pacifico-de-mexicano\/#primaryimage","url":"https:\/\/hospitalcmq.com\/wp-content\/uploads\/2018\/01\/Header_riviera_nayarit.png","contentUrl":"https:\/\/hospitalcmq.com\/wp-content\/uploads\/2018\/01\/Header_riviera_nayarit.png","width":1400,"height":525,"caption":"\u00a1Explora la costa de Jalisco en tus pr\u00f3ximas vacaciones en M\u00e9xico!"},{"@type":"BreadcrumbList","@id":"https:\/\/hospitalcmq.com\/es\/vacaciones\/riviera-nayarit-tesoro-del-pacifico-de-mexicano\/#breadcrumb","itemListElement":[{"@type":"ListItem","position":1,"name":"Home","item":"https:\/\/hospitalcmq.com\/es\/"},{"@type":"ListItem","position":2,"name":"Vacaciones","item":"https:\/\/hospitalcmq.com\/es\/vacaciones\/"},{"@type":"ListItem","position":3,"name":"Riviera Nayarit, Tesoro del Pac\u00edfico Mexicano"}]},{"@type":"WebSite","@id":"https:\/\/hospitalcmq.com\/es\/#website","url":"https:\/\/hospitalcmq.com\/es\/","name":"Hospital CMQ","description":"Best Hospitals in Puerto Vallarta &amp; Riviera Nayarit","publisher":{"@id":"https:\/\/hospitalcmq.com\/es\/#organization"},"potentialAction":[{"@type":"SearchAction","target":{"@type":"EntryPoint","urlTemplate":"https:\/\/hospitalcmq.com\/es\/?s={search_term_string}"},"query-input":{"@type":"PropertyValueSpecification","valueRequired":true,"valueName":"search_term_string"}}],"inLanguage":"es"},{"@type":"Organization","@id":"https:\/\/hospitalcmq.com\/es\/#organization","name":"Hospital CMQ","url":"https:\/\/hospitalcmq.com\/es\/","logo":{"@type":"ImageObject","inLanguage":"es","@id":"https:\/\/hospitalcmq.com\/es\/#\/schema\/logo\/image\/","url":"https:\/\/hospitalcmq.com\/wp-content\/uploads\/2018\/06\/cmq-hospital-logo.png","contentUrl":"https:\/\/hospitalcmq.com\/wp-content\/uploads\/2018\/06\/cmq-hospital-logo.png","width":214,"height":189,"caption":"Hospital CMQ"},"image":{"@id":"https:\/\/hospitalcmq.com\/es\/#\/schema\/logo\/image\/"},"sameAs":["https:\/\/www.facebook.com\/HospitalCMQ"]}]}},"_links":{"self":[{"href":"https:\/\/hospitalcmq.com\/es\/wp-json\/wp\/v2\/pages\/3446","targetHints":{"allow":["GET"]}}],"collection":[{"href":"https:\/\/hospitalcmq.com\/es\/wp-json\/wp\/v2\/pages"}],"about":[{"href":"https:\/\/hospitalcmq.com\/es\/wp-json\/wp\/v2\/types\/page"}],"author":[{"embeddable":true,"href":"https:\/\/hospitalcmq.com\/es\/wp-json\/wp\/v2\/users\/1"}],"replies":[{"embeddable":true,"href":"https:\/\/hospitalcmq.com\/es\/wp-json\/wp\/v2\/comments?post=3446"}],"version-history":[{"count":0,"href":"https:\/\/hospitalcmq.com\/es\/wp-json\/wp\/v2\/pages\/3446\/revisions"}],"up":[{"embeddable":true,"href":"https:\/\/hospitalcmq.com\/es\/wp-json\/wp\/v2\/pages\/3439"}],"wp:featuredmedia":[{"embeddable":true,"href":"https:\/\/hospitalcmq.com\/es\/wp-json\/wp\/v2\/media\/1982"}],"wp:attachment":[{"href":"https:\/\/hospitalcmq.com\/es\/wp-json\/wp\/v2\/media?parent=3446"}],"curies":[{"name":"wp","href":"https:\/\/api.w.org\/{rel}","templated":true}]}}