{"id":3444,"date":"2018-09-18T10:15:16","date_gmt":"2018-09-18T15:15:16","guid":{"rendered":"https:\/\/hospitalcmq.com\/vacaciones\/san-pancho-el-folclore-del-pacifico\/"},"modified":"2019-06-13T09:34:44","modified_gmt":"2019-06-13T14:34:44","slug":"san-pancho","status":"publish","type":"page","link":"https:\/\/hospitalcmq.com\/es\/vacaciones\/san-pancho\/","title":{"rendered":"San Pancho, El Folclore del Pac\u00edfico"},"content":{"rendered":"<div class=\"wpb-content-wrapper\"><p>[vc_row][vc_column width=\u00bb3\/4&#8243;][vc_custom_heading source=\u00bbpost_title\u00bb font_container=\u00bbtag:h1|text_align:left\u00bb use_theme_fonts=\u00bbyes\u00bb el_class=\u00bbtitle\u00bb][vc_column_text]<span style=\"font-weight: 400;\">En las faldas de la Sierra de Vallejo, al norte de la bah\u00eda, hay un jard\u00edn del Ed\u00e9n oculto llamado <\/span><b>San Francisco<\/b><span style=\"font-weight: 400;\">, pero conocido localmente como <\/span><b>San Pancho<\/b><span style=\"font-weight: 400;\">. A s\u00f3lo 40 minutos de Puerto Vallarta, puede disfrutar de una peque\u00f1a joya de exuberante vegetaci\u00f3n tropical y el clima ideal que lo har\u00e1 sentir bienvenido.<\/span><\/p>\n<p><span style=\"font-weight: 400;\">Rodeado por la selva y las colinas, San Pancho es el refugio tropical para aquellos que buscan el enriquecimiento de la cultura y las costumbres mexicanas, ya que este sitio conserva esa <\/span><b>esencia rural<\/b><span style=\"font-weight: 400;\"> y <\/span><b>color pintoresco<\/b><span style=\"font-weight: 400;\"> que enamora a todos. Sus creaciones art\u00edsticas locales, la hospitalidad de su gente y un entorno pac\u00edfico hacen de <\/span><b>San Pancho<\/b><span style=\"font-weight: 400;\"> la localidad n\u00famero uno preferida por los visitantes.<\/span><\/p>\n<p><span style=\"font-weight: 400;\">Su encanto juvenil da paso a festivales de m\u00fasica durante todo el a\u00f1o, que re\u00fanen a bandas conocidas mundialmente; uno de esos festivales es el Corona Sunsets alojado en este para\u00edso como sede.<\/span><\/p>\n<p>[\/vc_column_text][vc_empty_space][vc_single_image image=\u00bb1987&#8243; img_size=\u00bbfull\u00bb alignment=\u00bbcenter\u00bb][vc_empty_space][vc_column_text]<span style=\"font-weight: 400;\">La abundancia de recursos naturales es ideal para paseos por la monta\u00f1a, a caballo, hacer esn\u00f3rquel, una caminata por la arena c\u00e1lida de la playa e incluso jugar al polo. El lugar para hacerlo es la exclusiva finca <\/span><b>La Patrona<\/b><span style=\"font-weight: 400;\">, donde los amantes del polo pueden practicar, obtener lecciones y participar en torneos nacionales e internacionales.<\/span><\/p>\n<p><span style=\"font-weight: 400;\">San Pancho es considerado localmente como el productor de lima, ma\u00edz, mango y papaya; adem\u00e1s de su actividad tradicional: La pesca del\u00a0 huachinango (pargo rojo) disponible en sus restaurantes de alto nivel como <\/span><b>Caf\u00e9 del Mar o Bistro Org\u00e1nico<\/b><span style=\"font-weight: 400;\"> dentro del Hotel Cielo Rojo.<\/span><\/p>\n<p><span style=\"font-weight: 400;\">Pueblo hermano de <\/span><b>Sayulita<\/b><span style=\"font-weight: 400;\">, San Pancho comparte la peque\u00f1a escala y ubicaci\u00f3n de su similar junto al mar, sin embargo es un lugar totalmente diferente. Su visita a la Riviera Nayarit se ver\u00e1 potenciada culturalmente por una nueva conciencia de las artes y artesan\u00edas huicholes que se exhiben en galer\u00edas exclusivas, canchas de polo y la tranquilidad de un pueblo de pescadores.<\/span><\/p>\n<p><span style=\"font-weight: 400;\">Sus playas albergar\u00e1n a aquellos que buscan descansar y relajarse junto al oc\u00e9ano, tomar el sol o leer, as\u00ed como el esp\u00edritu aventurero desafiando las olas del Pac\u00edfico en sus tablas de surf.<\/span>[\/vc_column_text][\/vc_column][vc_column width=\u00bb1\/4&#8243;][vc_raw_html]JTNDaGdyb3VwJTNFJTBBJTNDZGl2JTNFJTBBJTNDaDUlM0VFTUVSR0VOQ0lBUyUyMEhPU1BJVEFMJTIwQ01RJTIwUklWSUVSQSUyME5BWUFSSVQlM0MlMkZoNSUzRSUwQSUzQ3AlMjBjbGFzcyUzRCUyMiUyMiUzRSUzQ2ElMjBocmVmJTNEJTIydGVsJTNBJTJCNTIzMjkyOTgwNzE3JTIyJTNFJTIwJTI4MzI5JTI5JTIwMjk4LTA3MTclMjAlM0MlMkZhJTNFJTNDJTJGcCUzRSUwQSUwQSUzQyUyRmRpdiUzRSUwQSUzQ3AlMjBjbGFzcyUzRCUyMmFkZHJlc3MlMjIlM0VBdi4lMjBIJUMzJUE5cm9lcyUyMGRlJTIwTmFjb3phcmklMjAlMjMyODAlMkMlMjBCdWNlciVDMyVBRGFzJTJDJTIwTmF5LiUzQyUyRnAlM0UlMEElM0MlMkZoZ3JvdXAlM0U=[\/vc_raw_html][vc_raw_html]JTNDaGdyb3VwJTNFJTBBJTNDZGl2JTNFJTBBJTNDaDUlM0VPRklDSU5BJTIwREUlMjBDT05HUkVTT1MlMjBZJTIwVklTSVRBTlRFUyUyMERFJTIwUklWSUVSQSUyME5BWUFSSVQlM0MlMkZoNSUzRSUwQSUzQ3AlMjBjbGFzcyUzRCUyMiUyMiUzRSUzQ2ElMjBocmVmJTNEJTIydGVsJTNBJTJCNTIzMjIyOTcyNTE2JTIyJTNFJTIwJTI4MzIyJTI5JTIwMjk3LTI1MTYlMjAlM0MlMkZhJTNFJTNDJTJGcCUzRSUwQSUwQSUzQyUyRmRpdiUzRSUwQSUzQ3AlMjBjbGFzcyUzRCUyMmFkZHJlc3MlMjIlM0VDZW50cm8lMjBFbXByZXNhcmlhbCUyQyUyMEF2LiUyMFBhc2VvJTIwZGUlMjBsb3MlMjBDb2NvdGVyb3MlMjAlMjM1NSUyQyUyMExvY2FsJTIwMjExMiUyQyUyME51ZXZvJTIwVmFsbGFydGElMkMlMjBOYXkuJTNDJTJGcCUzRSUwQSUzQyUyRmhncm91cCUzRQ==[\/vc_raw_html][vc_raw_html]JTNDaGdyb3VwJTNFJTBBJTNDZGl2JTNFJTBBJTNDaDUlM0VFTUJBSkFEQSUyMFklMjBBR0VOQ0lBJTIwQ09OU1VMQVIlMjBERSUyMEVTVEFET1MlMjBVTklET1MlMjBERSUyMEFNJUMzJTg5UklDQSUyMEVOJTIwTSVDMyU4OVhJQ08lM0MlMkZoNSUzRSUwQSUzQ3AlMjBjbGFzcyUzRCUyMiUyMiUzRSUzQ2ElMjBocmVmJTNEJTIydGVsJTNBJTJCNTIzMzMyNjgyMTAwJTIyJTNFJTIwJTI4MzMzJTI5JTIwMjY4JTIwMjEwMCUyMCUzQyUyRmElM0UlM0MlMkZwJTNFJTBBJTBBJTNDJTJGZGl2JTNFJTBBJTNDcCUyMGNsYXNzJTNEJTIyYWRkcmVzcyUyMiUzRVBhc2VvJTIwZGUlMjBsb3MlMjBDb2NvdGVyb3MlMjAlMjM4NSUyQyUyMExvY2FsJTIwTC03JTJDJTIwTnVldm8lMjBWYWxsYXJ0YSUyQyUyME5heS4lM0MlMkZwJTNFJTBBJTNDJTJGaGdyb3VwJTNF[\/vc_raw_html][vc_raw_html]JTNDaGdyb3VwJTNFJTBBJTNDZGl2JTNFJTBBJTNDaDUlM0VQUk9URUNDSSVDMyU5M04lMjBDSVZJTCUyMFklMjBERVBBUlRBTUVOVE8lMjBERSUyMEJPTUJFUk9TJTIwREUlMjBCQUglQzMlOERBJTIwREUlMjBCQU5ERVJBUyUzQyUyRmg1JTNFJTBBJTNDcCUyMGNsYXNzJTNEJTIyJTIyJTNFJTNDYSUyMGhyZWYlM0QlMjJ0ZWwlM0ElMkI1MjMyMjExMzMyNTUlMjIlM0UlMjAlMjgzMjIlMjklMjAxMTMlMjAzMjU1JTIwJTNDJTJGYSUzRSUzQyUyRnAlM0UlMEElMEElM0MlMkZkaXYlM0UlMEElM0NwJTIwY2xhc3MlM0QlMjJhZGRyZXNzJTIyJTNFTSVDMyVBOXhpY28lMjAyMDAlMjA1MCUyQyUyME51ZXZvJTIwVmFsbGFydGElMkMlMjBOYXkuJTNDJTJGcCUzRSUwQSUzQyUyRmhncm91cCUzRQ==[\/vc_raw_html][vc_raw_html]JTNDaGdyb3VwJTNFJTBBJTNDZGl2JTNFJTBBJTNDaDUlM0VDUlVaJTIwUk9KQSUyMEJBSCVDMyU4REElMjBERSUyMEJBTkRFUkFTJTNDJTJGaDUlM0UlMEElM0NwJTIwY2xhc3MlM0QlMjIlMjIlM0UlM0NhJTIwaHJlZiUzRCUyMnRlbCUzQSUyQjUyMzIyMjk1ODU5NCUyMiUzRSUyMCUyODMyMiUyOSUyMDI5NS04NTk0JTIwJTNDJTJGYSUzRSUzQyUyRnAlM0UlMEElMEElM0MlMkZkaXYlM0UlMEElM0NwJTIwY2xhc3MlM0QlMjJhZGRyZXNzJTIyJTNFQ2Fyci4lMjBNZXpjYWxlcyUyMC0lMjBTYW4lMjBWaWNlbnRlJTIwJTIzMzQzJTJDJTIwU2FuJTIwVmljZW50ZSUyQyUyME5heS4lM0MlMkZwJTNFJTBBJTNDJTJGaGdyb3VwJTNF[\/vc_raw_html][vc_raw_html]JTNDaGdyb3VwJTNFJTBBJTNDZGl2JTNFJTBBJTNDaDUlM0VERVBBUlRBTUVOVE8lMjBERSUyMFBPTElDJUMzJThEQSUyMERFJTIwQkFIJUMzJThEQSUyMERFJTIwQkFOREVSQVMlM0MlMkZoNSUzRSUwQSUzQ3AlMjBjbGFzcyUzRCUyMiUyMiUzRSUzQ2ElMjBocmVmJTNEJTIydGVsJTNBJTJCNTIzMjkyOTEwNjY2JTIyJTNFJTIwJTI4MzI5JTI5JTIwMjkxLTA2NjYlMjAlM0MlMkZhJTNFJTNDJTJGcCUzRSUwQSUwQSUzQyUyRmRpdiUzRSUwQSUzQyUyRmhncm91cCUzRQ==[\/vc_raw_html][vc_raw_html]JTNDaGdyb3VwJTNFJTBBJTNDZGl2JTNFJTBBJTNDaDUlM0VERVBBUlRBTUVOVE8lMjBERSUyMFRSJUMzJTgxTlNJVE8lMjBNVU5JQ0lQQUwlM0MlMkZoNSUzRSUwQSUzQ3AlMjBjbGFzcyUzRCUyMiUyMiUzRSUzQ2ElMjBocmVmJTNEJTIydGVsJTNBJTJCNTIzMjkyOTY1MjI5JTIyJTNFJTIwJTI4MzI5JTI5JTIwMjk2LTUyMjklMjAlM0MlMkZhJTNFJTNDJTJGcCUzRSUwQSUwQSUzQyUyRmRpdiUzRSUwQSUzQyUyRmhncm91cCUzRQ==[\/vc_raw_html][\/vc_column][\/vc_row]<\/p>\n<\/div>","protected":false},"excerpt":{"rendered":"<p>En las faldas de la Sierra de Vallejo, al norte de la bah\u00eda, hay un jard\u00edn del Ed\u00e9n oculto llamado San Francisco, pero conocido localmente como San Pancho. A s\u00f3lo 40 minutos de Puerto Vallarta, puede disfrutar de una peque\u00f1a joya de exuberante vegetaci\u00f3n tropical y el clima ideal que lo har\u00e1 sentir bienvenido.<\/p>\n","protected":false},"author":1,"featured_media":1985,"parent":3439,"menu_order":0,"comment_status":"closed","ping_status":"closed","template":"template-vacations.php","meta":{"footnotes":""},"class_list":["post-3444","page","type-page","status-publish","has-post-thumbnail","hentry"],"acf":[],"yoast_head":"<!-- This site is optimized with the Yoast SEO plugin v27.4 - https:\/\/yoast.com\/product\/yoast-seo-wordpress\/ -->\n<title>San Pancho, el folclore del pac\u00edfico escondido en Nayarit<\/title>\n<meta name=\"description\" content=\"Rodeado de selva y monta\u00f1as, San Pancho es el escondite tropical para aquellos que buscan conocer y adentrarse en la verdadera cultura mexicana.\" \/>\n<meta name=\"robots\" content=\"index, follow, max-snippet:-1, max-image-preview:large, max-video-preview:-1\" \/>\n<link rel=\"canonical\" href=\"https:\/\/hospitalcmq.com\/es\/vacaciones\/san-pancho\/\" \/>\n<meta property=\"og:locale\" content=\"es_ES\" \/>\n<meta property=\"og:type\" content=\"article\" \/>\n<meta property=\"og:title\" content=\"San Pancho, el folclore del pac\u00edfico escondido en Nayarit\" \/>\n<meta property=\"og:description\" content=\"Rodeado de selva y monta\u00f1as, San Pancho es el escondite tropical para aquellos que buscan conocer y adentrarse en la verdadera cultura mexicana.\" \/>\n<meta property=\"og:url\" content=\"https:\/\/hospitalcmq.com\/es\/vacaciones\/san-pancho\/\" \/>\n<meta property=\"og:site_name\" content=\"Hospital CMQ\" \/>\n<meta property=\"article:publisher\" content=\"https:\/\/www.facebook.com\/HospitalCMQ\" \/>\n<meta property=\"article:modified_time\" content=\"2019-06-13T14:34:44+00:00\" \/>\n<meta property=\"og:image\" content=\"https:\/\/hospitalcmq.com\/wp-content\/uploads\/2018\/01\/Header_san_pancho.png\" \/>\n\t<meta property=\"og:image:width\" content=\"1400\" \/>\n\t<meta property=\"og:image:height\" content=\"525\" \/>\n\t<meta property=\"og:image:type\" content=\"image\/png\" \/>\n<meta name=\"twitter:card\" content=\"summary_large_image\" \/>\n<meta name=\"twitter:label1\" content=\"Tiempo de lectura\" \/>\n\t<meta name=\"twitter:data1\" content=\"3 minutos\" \/>\n<script type=\"application\/ld+json\" class=\"yoast-schema-graph\">{\"@context\":\"https:\\\/\\\/schema.org\",\"@graph\":[{\"@type\":\"WebPage\",\"@id\":\"https:\\\/\\\/hospitalcmq.com\\\/es\\\/vacaciones\\\/san-pancho\\\/\",\"url\":\"https:\\\/\\\/hospitalcmq.com\\\/es\\\/vacaciones\\\/san-pancho\\\/\",\"name\":\"San Pancho, el folclore del pac\u00edfico escondido en Nayarit\",\"isPartOf\":{\"@id\":\"https:\\\/\\\/hospitalcmq.com\\\/es\\\/#website\"},\"primaryImageOfPage\":{\"@id\":\"https:\\\/\\\/hospitalcmq.com\\\/es\\\/vacaciones\\\/san-pancho\\\/#primaryimage\"},\"image\":{\"@id\":\"https:\\\/\\\/hospitalcmq.com\\\/es\\\/vacaciones\\\/san-pancho\\\/#primaryimage\"},\"thumbnailUrl\":\"https:\\\/\\\/hospitalcmq.com\\\/wp-content\\\/uploads\\\/2018\\\/01\\\/Header_san_pancho.png\",\"datePublished\":\"2018-09-18T15:15:16+00:00\",\"dateModified\":\"2019-06-13T14:34:44+00:00\",\"description\":\"Rodeado de selva y monta\u00f1as, San Pancho es el escondite tropical para aquellos que buscan conocer y adentrarse en la verdadera cultura mexicana.\",\"breadcrumb\":{\"@id\":\"https:\\\/\\\/hospitalcmq.com\\\/es\\\/vacaciones\\\/san-pancho\\\/#breadcrumb\"},\"inLanguage\":\"es\",\"potentialAction\":[{\"@type\":\"ReadAction\",\"target\":[\"https:\\\/\\\/hospitalcmq.com\\\/es\\\/vacaciones\\\/san-pancho\\\/\"]}]},{\"@type\":\"ImageObject\",\"inLanguage\":\"es\",\"@id\":\"https:\\\/\\\/hospitalcmq.com\\\/es\\\/vacaciones\\\/san-pancho\\\/#primaryimage\",\"url\":\"https:\\\/\\\/hospitalcmq.com\\\/wp-content\\\/uploads\\\/2018\\\/01\\\/Header_san_pancho.png\",\"contentUrl\":\"https:\\\/\\\/hospitalcmq.com\\\/wp-content\\\/uploads\\\/2018\\\/01\\\/Header_san_pancho.png\",\"width\":1400,\"height\":525,\"caption\":\"Plaza_san_pancho\"},{\"@type\":\"BreadcrumbList\",\"@id\":\"https:\\\/\\\/hospitalcmq.com\\\/es\\\/vacaciones\\\/san-pancho\\\/#breadcrumb\",\"itemListElement\":[{\"@type\":\"ListItem\",\"position\":1,\"name\":\"Home\",\"item\":\"https:\\\/\\\/hospitalcmq.com\\\/es\\\/\"},{\"@type\":\"ListItem\",\"position\":2,\"name\":\"Vacaciones\",\"item\":\"https:\\\/\\\/hospitalcmq.com\\\/es\\\/vacaciones\\\/\"},{\"@type\":\"ListItem\",\"position\":3,\"name\":\"San Pancho, El Folclore del Pac\u00edfico\"}]},{\"@type\":\"WebSite\",\"@id\":\"https:\\\/\\\/hospitalcmq.com\\\/es\\\/#website\",\"url\":\"https:\\\/\\\/hospitalcmq.com\\\/es\\\/\",\"name\":\"Hospital CMQ\",\"description\":\"Best Hospitals in Puerto Vallarta &amp; Riviera Nayarit\",\"publisher\":{\"@id\":\"https:\\\/\\\/hospitalcmq.com\\\/es\\\/#organization\"},\"potentialAction\":[{\"@type\":\"SearchAction\",\"target\":{\"@type\":\"EntryPoint\",\"urlTemplate\":\"https:\\\/\\\/hospitalcmq.com\\\/es\\\/?s={search_term_string}\"},\"query-input\":{\"@type\":\"PropertyValueSpecification\",\"valueRequired\":true,\"valueName\":\"search_term_string\"}}],\"inLanguage\":\"es\"},{\"@type\":\"Organization\",\"@id\":\"https:\\\/\\\/hospitalcmq.com\\\/es\\\/#organization\",\"name\":\"Hospital CMQ\",\"url\":\"https:\\\/\\\/hospitalcmq.com\\\/es\\\/\",\"logo\":{\"@type\":\"ImageObject\",\"inLanguage\":\"es\",\"@id\":\"https:\\\/\\\/hospitalcmq.com\\\/es\\\/#\\\/schema\\\/logo\\\/image\\\/\",\"url\":\"https:\\\/\\\/hospitalcmq.com\\\/wp-content\\\/uploads\\\/2018\\\/06\\\/cmq-hospital-logo.png\",\"contentUrl\":\"https:\\\/\\\/hospitalcmq.com\\\/wp-content\\\/uploads\\\/2018\\\/06\\\/cmq-hospital-logo.png\",\"width\":214,\"height\":189,\"caption\":\"Hospital CMQ\"},\"image\":{\"@id\":\"https:\\\/\\\/hospitalcmq.com\\\/es\\\/#\\\/schema\\\/logo\\\/image\\\/\"},\"sameAs\":[\"https:\\\/\\\/www.facebook.com\\\/HospitalCMQ\"]}]}<\/script>\n<!-- \/ Yoast SEO plugin. -->","yoast_head_json":{"title":"San Pancho, el folclore del pac\u00edfico escondido en Nayarit","description":"Rodeado de selva y monta\u00f1as, San Pancho es el escondite tropical para aquellos que buscan conocer y adentrarse en la verdadera cultura mexicana.","robots":{"index":"index","follow":"follow","max-snippet":"max-snippet:-1","max-image-preview":"max-image-preview:large","max-video-preview":"max-video-preview:-1"},"canonical":"https:\/\/hospitalcmq.com\/es\/vacaciones\/san-pancho\/","og_locale":"es_ES","og_type":"article","og_title":"San Pancho, el folclore del pac\u00edfico escondido en Nayarit","og_description":"Rodeado de selva y monta\u00f1as, San Pancho es el escondite tropical para aquellos que buscan conocer y adentrarse en la verdadera cultura mexicana.","og_url":"https:\/\/hospitalcmq.com\/es\/vacaciones\/san-pancho\/","og_site_name":"Hospital CMQ","article_publisher":"https:\/\/www.facebook.com\/HospitalCMQ","article_modified_time":"2019-06-13T14:34:44+00:00","og_image":[{"width":1400,"height":525,"url":"https:\/\/hospitalcmq.com\/wp-content\/uploads\/2018\/01\/Header_san_pancho.png","type":"image\/png"}],"twitter_card":"summary_large_image","twitter_misc":{"Tiempo de lectura":"3 minutos"},"schema":{"@context":"https:\/\/schema.org","@graph":[{"@type":"WebPage","@id":"https:\/\/hospitalcmq.com\/es\/vacaciones\/san-pancho\/","url":"https:\/\/hospitalcmq.com\/es\/vacaciones\/san-pancho\/","name":"San Pancho, el folclore del pac\u00edfico escondido en Nayarit","isPartOf":{"@id":"https:\/\/hospitalcmq.com\/es\/#website"},"primaryImageOfPage":{"@id":"https:\/\/hospitalcmq.com\/es\/vacaciones\/san-pancho\/#primaryimage"},"image":{"@id":"https:\/\/hospitalcmq.com\/es\/vacaciones\/san-pancho\/#primaryimage"},"thumbnailUrl":"https:\/\/hospitalcmq.com\/wp-content\/uploads\/2018\/01\/Header_san_pancho.png","datePublished":"2018-09-18T15:15:16+00:00","dateModified":"2019-06-13T14:34:44+00:00","description":"Rodeado de selva y monta\u00f1as, San Pancho es el escondite tropical para aquellos que buscan conocer y adentrarse en la verdadera cultura mexicana.","breadcrumb":{"@id":"https:\/\/hospitalcmq.com\/es\/vacaciones\/san-pancho\/#breadcrumb"},"inLanguage":"es","potentialAction":[{"@type":"ReadAction","target":["https:\/\/hospitalcmq.com\/es\/vacaciones\/san-pancho\/"]}]},{"@type":"ImageObject","inLanguage":"es","@id":"https:\/\/hospitalcmq.com\/es\/vacaciones\/san-pancho\/#primaryimage","url":"https:\/\/hospitalcmq.com\/wp-content\/uploads\/2018\/01\/Header_san_pancho.png","contentUrl":"https:\/\/hospitalcmq.com\/wp-content\/uploads\/2018\/01\/Header_san_pancho.png","width":1400,"height":525,"caption":"Plaza_san_pancho"},{"@type":"BreadcrumbList","@id":"https:\/\/hospitalcmq.com\/es\/vacaciones\/san-pancho\/#breadcrumb","itemListElement":[{"@type":"ListItem","position":1,"name":"Home","item":"https:\/\/hospitalcmq.com\/es\/"},{"@type":"ListItem","position":2,"name":"Vacaciones","item":"https:\/\/hospitalcmq.com\/es\/vacaciones\/"},{"@type":"ListItem","position":3,"name":"San Pancho, El Folclore del Pac\u00edfico"}]},{"@type":"WebSite","@id":"https:\/\/hospitalcmq.com\/es\/#website","url":"https:\/\/hospitalcmq.com\/es\/","name":"Hospital CMQ","description":"Best Hospitals in Puerto Vallarta &amp; Riviera Nayarit","publisher":{"@id":"https:\/\/hospitalcmq.com\/es\/#organization"},"potentialAction":[{"@type":"SearchAction","target":{"@type":"EntryPoint","urlTemplate":"https:\/\/hospitalcmq.com\/es\/?s={search_term_string}"},"query-input":{"@type":"PropertyValueSpecification","valueRequired":true,"valueName":"search_term_string"}}],"inLanguage":"es"},{"@type":"Organization","@id":"https:\/\/hospitalcmq.com\/es\/#organization","name":"Hospital CMQ","url":"https:\/\/hospitalcmq.com\/es\/","logo":{"@type":"ImageObject","inLanguage":"es","@id":"https:\/\/hospitalcmq.com\/es\/#\/schema\/logo\/image\/","url":"https:\/\/hospitalcmq.com\/wp-content\/uploads\/2018\/06\/cmq-hospital-logo.png","contentUrl":"https:\/\/hospitalcmq.com\/wp-content\/uploads\/2018\/06\/cmq-hospital-logo.png","width":214,"height":189,"caption":"Hospital CMQ"},"image":{"@id":"https:\/\/hospitalcmq.com\/es\/#\/schema\/logo\/image\/"},"sameAs":["https:\/\/www.facebook.com\/HospitalCMQ"]}]}},"_links":{"self":[{"href":"https:\/\/hospitalcmq.com\/es\/wp-json\/wp\/v2\/pages\/3444","targetHints":{"allow":["GET"]}}],"collection":[{"href":"https:\/\/hospitalcmq.com\/es\/wp-json\/wp\/v2\/pages"}],"about":[{"href":"https:\/\/hospitalcmq.com\/es\/wp-json\/wp\/v2\/types\/page"}],"author":[{"embeddable":true,"href":"https:\/\/hospitalcmq.com\/es\/wp-json\/wp\/v2\/users\/1"}],"replies":[{"embeddable":true,"href":"https:\/\/hospitalcmq.com\/es\/wp-json\/wp\/v2\/comments?post=3444"}],"version-history":[{"count":0,"href":"https:\/\/hospitalcmq.com\/es\/wp-json\/wp\/v2\/pages\/3444\/revisions"}],"up":[{"embeddable":true,"href":"https:\/\/hospitalcmq.com\/es\/wp-json\/wp\/v2\/pages\/3439"}],"wp:featuredmedia":[{"embeddable":true,"href":"https:\/\/hospitalcmq.com\/es\/wp-json\/wp\/v2\/media\/1985"}],"wp:attachment":[{"href":"https:\/\/hospitalcmq.com\/es\/wp-json\/wp\/v2\/media?parent=3444"}],"curies":[{"name":"wp","href":"https:\/\/api.w.org\/{rel}","templated":true}]}}