{"id":3439,"date":"2018-09-17T17:52:21","date_gmt":"2018-09-17T22:52:21","guid":{"rendered":"https:\/\/hospitalcmq.com\/vacaciones\/"},"modified":"2020-08-04T12:03:17","modified_gmt":"2020-08-04T17:03:17","slug":"vacaciones","status":"publish","type":"page","link":"https:\/\/hospitalcmq.com\/es\/vacaciones\/","title":{"rendered":"Vacaciones"},"content":{"rendered":"<div class=\"wpb-content-wrapper\"><p>[vc_row][vc_column][vc_single_image image=\u00bb1982&#8243; img_size=\u00bbfull\u00bb alignment=\u00bbcenter\u00bb][\/vc_column][\/vc_row][vc_row][vc_column][vc_empty_space][vc_column_text]<\/p>\n<div class=\"block_style_similar text-center\">\n<div class=\"blockTitleAction\">\n<h1 class=\"title\">\u00a1Explora M\u00e9xico y vive las mejores vacaciones de tu vida!<\/h1>\n<p>M\u00e9xico es un pa\u00eds con hermosos destinos. Existen opciones para todos los gustos y en ocasiones es dif\u00edcil elegir el mejor lugar para tus pr\u00f3ximas vacaciones. Decidimos tomar medidas al respecto y hemos compilado un listo de destinos mexicanos que han demostrado ser inolvidables y de primera clase para todos los viajeros. Desde atracciones que te dejar\u00e1n sin aliento hasta destinos llenos de tranquilidad y armon\u00eda; estos destinos tienen todo lo que necesitas para disfrutar M\u00e9xico al m\u00e1ximo.<\/p>\n<p><span style=\"font-weight: 400;\">As\u00ed que, para tus pr\u00f3ximas vacaciones en M\u00e9xico, no te olvides de visitar la costa del pac\u00edfico. M\u00e1gicos lugares como Sayulita, Punta Mita, Litib\u00fa y Puerto Vallarta, \u00a1te est\u00e1n esperando! Ad\u00e9ntrate en el calor de las playas y la cultura mexicana, pueblos m\u00e1gicos, deliciosa comida, tequila y cerveza. Estos destinos en la costa del pac\u00edfico est\u00e1n llenos de comodidad, amabilidad y limpieza que har\u00e1n de tu visita una experiencia inolvidable que querr\u00e1s regresar en cuanto antes. <\/span><\/p>\n<p>Hay tantos lugares en nuestro pa\u00eds a los cuales podemos ir a vacacionar, divertirnos o relajarnos con nuestra familia, amigos o pareja.\u00a0<span style=\"font-weight: 400;\">A continuaci\u00f3n, te brindamos valiosos datos y consejos para que tu visita a estas maravillosas locaciones sea inolvidable. Encuentra aqu\u00ed todo lo que necesitas saber para que tu viaje sea perfecto. \u00bfQu\u00e9 hacer? \u00bfD\u00f3nde ir? \u00bfQu\u00e9 comer? \u00a1Aqu\u00ed te decimos c\u00f3mo lograr que tus vacaciones en M\u00e9xico sean lo que siempre has so\u00f1ado y m\u00e1s!<\/span><\/p>\n<p>&nbsp;<\/p>\n<\/div>\n<\/div>\n<p>[\/vc_column_text][vc_empty_space][\/vc_column][\/vc_row]<\/p>\n<\/div>","protected":false},"excerpt":{"rendered":"<p>[vc_row][vc_column][vc_single_image image=\u00bb1982&#8243; img_size=\u00bbfull\u00bb alignment=\u00bbcenter\u00bb][\/vc_column][\/vc_row][vc_row][vc_column][vc_empty_space][vc_column_text] \u00a1Explora M\u00e9xico y vive las mejores vacaciones de tu vida! M\u00e9xico es un pa\u00eds con hermosos destinos. Existen opciones para todos los gustos y en ocasiones es dif\u00edcil elegir el mejor lugar para tus pr\u00f3ximas vacaciones. Decidimos tomar medidas al respecto y hemos compilado un listo de destinos mexicanos que han [&hellip;]<\/p>\n","protected":false},"author":1,"featured_media":0,"parent":0,"menu_order":0,"comment_status":"closed","ping_status":"closed","template":"template-parent-page-menu.php","meta":{"footnotes":""},"class_list":["post-3439","page","type-page","status-publish","hentry"],"acf":[],"yoast_head":"<!-- This site is optimized with the Yoast SEO plugin v27.3 - https:\/\/yoast.com\/product\/yoast-seo-wordpress\/ -->\n<title>\u00a1Explora M\u00e9xico! Tips y recomendaciones para tu visita<\/title>\n<meta name=\"description\" content=\"Tus vacaciones en M\u00e9xico como siempre hab\u00edas so\u00f1ado. Explora nuestras recomendaciones, y lo que debes hacer para disfrutar tu estad\u00eda en M\u00e9xico.\" \/>\n<meta name=\"robots\" content=\"index, follow, max-snippet:-1, max-image-preview:large, max-video-preview:-1\" \/>\n<link rel=\"canonical\" href=\"https:\/\/hospitalcmq.com\/es\/vacaciones\/\" \/>\n<meta property=\"og:locale\" content=\"es_ES\" \/>\n<meta property=\"og:type\" content=\"article\" \/>\n<meta property=\"og:title\" content=\"\u00a1Explora M\u00e9xico! Tips y recomendaciones para tu visita\" \/>\n<meta property=\"og:description\" content=\"Tus vacaciones en M\u00e9xico como siempre hab\u00edas so\u00f1ado. Explora nuestras recomendaciones, y lo que debes hacer para disfrutar tu estad\u00eda en M\u00e9xico.\" \/>\n<meta property=\"og:url\" content=\"https:\/\/hospitalcmq.com\/es\/vacaciones\/\" \/>\n<meta property=\"og:site_name\" content=\"Hospital CMQ\" \/>\n<meta property=\"article:publisher\" content=\"https:\/\/www.facebook.com\/HospitalCMQ\" \/>\n<meta property=\"article:modified_time\" content=\"2020-08-04T17:03:17+00:00\" \/>\n<meta property=\"og:image\" content=\"https:\/\/hospitalcmq.com\/wp-content\/uploads\/2018\/06\/cmq-hospital-logo.png\" \/>\n\t<meta property=\"og:image:width\" content=\"214\" \/>\n\t<meta property=\"og:image:height\" content=\"189\" \/>\n\t<meta property=\"og:image:type\" content=\"image\/png\" \/>\n<meta name=\"twitter:card\" content=\"summary_large_image\" \/>\n<meta name=\"twitter:label1\" content=\"Tiempo de lectura\" \/>\n\t<meta name=\"twitter:data1\" content=\"2 minutos\" \/>\n<script type=\"application\/ld+json\" class=\"yoast-schema-graph\">{\"@context\":\"https:\\\/\\\/schema.org\",\"@graph\":[{\"@type\":\"WebPage\",\"@id\":\"https:\\\/\\\/hospitalcmq.com\\\/es\\\/vacaciones\\\/\",\"url\":\"https:\\\/\\\/hospitalcmq.com\\\/es\\\/vacaciones\\\/\",\"name\":\"\u00a1Explora M\u00e9xico! Tips y recomendaciones para tu visita\",\"isPartOf\":{\"@id\":\"https:\\\/\\\/hospitalcmq.com\\\/es\\\/#website\"},\"datePublished\":\"2018-09-17T22:52:21+00:00\",\"dateModified\":\"2020-08-04T17:03:17+00:00\",\"description\":\"Tus vacaciones en M\u00e9xico como siempre hab\u00edas so\u00f1ado. Explora nuestras recomendaciones, y lo que debes hacer para disfrutar tu estad\u00eda en M\u00e9xico.\",\"breadcrumb\":{\"@id\":\"https:\\\/\\\/hospitalcmq.com\\\/es\\\/vacaciones\\\/#breadcrumb\"},\"inLanguage\":\"es\",\"potentialAction\":[{\"@type\":\"ReadAction\",\"target\":[\"https:\\\/\\\/hospitalcmq.com\\\/es\\\/vacaciones\\\/\"]}]},{\"@type\":\"BreadcrumbList\",\"@id\":\"https:\\\/\\\/hospitalcmq.com\\\/es\\\/vacaciones\\\/#breadcrumb\",\"itemListElement\":[{\"@type\":\"ListItem\",\"position\":1,\"name\":\"Home\",\"item\":\"https:\\\/\\\/hospitalcmq.com\\\/es\\\/\"},{\"@type\":\"ListItem\",\"position\":2,\"name\":\"Vacaciones\"}]},{\"@type\":\"WebSite\",\"@id\":\"https:\\\/\\\/hospitalcmq.com\\\/es\\\/#website\",\"url\":\"https:\\\/\\\/hospitalcmq.com\\\/es\\\/\",\"name\":\"Hospital CMQ\",\"description\":\"Best Hospitals in Puerto Vallarta &amp; Riviera Nayarit\",\"publisher\":{\"@id\":\"https:\\\/\\\/hospitalcmq.com\\\/es\\\/#organization\"},\"potentialAction\":[{\"@type\":\"SearchAction\",\"target\":{\"@type\":\"EntryPoint\",\"urlTemplate\":\"https:\\\/\\\/hospitalcmq.com\\\/es\\\/?s={search_term_string}\"},\"query-input\":{\"@type\":\"PropertyValueSpecification\",\"valueRequired\":true,\"valueName\":\"search_term_string\"}}],\"inLanguage\":\"es\"},{\"@type\":\"Organization\",\"@id\":\"https:\\\/\\\/hospitalcmq.com\\\/es\\\/#organization\",\"name\":\"Hospital CMQ\",\"url\":\"https:\\\/\\\/hospitalcmq.com\\\/es\\\/\",\"logo\":{\"@type\":\"ImageObject\",\"inLanguage\":\"es\",\"@id\":\"https:\\\/\\\/hospitalcmq.com\\\/es\\\/#\\\/schema\\\/logo\\\/image\\\/\",\"url\":\"https:\\\/\\\/hospitalcmq.com\\\/wp-content\\\/uploads\\\/2018\\\/06\\\/cmq-hospital-logo.png\",\"contentUrl\":\"https:\\\/\\\/hospitalcmq.com\\\/wp-content\\\/uploads\\\/2018\\\/06\\\/cmq-hospital-logo.png\",\"width\":214,\"height\":189,\"caption\":\"Hospital CMQ\"},\"image\":{\"@id\":\"https:\\\/\\\/hospitalcmq.com\\\/es\\\/#\\\/schema\\\/logo\\\/image\\\/\"},\"sameAs\":[\"https:\\\/\\\/www.facebook.com\\\/HospitalCMQ\"]}]}<\/script>\n<!-- \/ Yoast SEO plugin. -->","yoast_head_json":{"title":"\u00a1Explora M\u00e9xico! Tips y recomendaciones para tu visita","description":"Tus vacaciones en M\u00e9xico como siempre hab\u00edas so\u00f1ado. Explora nuestras recomendaciones, y lo que debes hacer para disfrutar tu estad\u00eda en M\u00e9xico.","robots":{"index":"index","follow":"follow","max-snippet":"max-snippet:-1","max-image-preview":"max-image-preview:large","max-video-preview":"max-video-preview:-1"},"canonical":"https:\/\/hospitalcmq.com\/es\/vacaciones\/","og_locale":"es_ES","og_type":"article","og_title":"\u00a1Explora M\u00e9xico! Tips y recomendaciones para tu visita","og_description":"Tus vacaciones en M\u00e9xico como siempre hab\u00edas so\u00f1ado. Explora nuestras recomendaciones, y lo que debes hacer para disfrutar tu estad\u00eda en M\u00e9xico.","og_url":"https:\/\/hospitalcmq.com\/es\/vacaciones\/","og_site_name":"Hospital CMQ","article_publisher":"https:\/\/www.facebook.com\/HospitalCMQ","article_modified_time":"2020-08-04T17:03:17+00:00","og_image":[{"width":214,"height":189,"url":"https:\/\/hospitalcmq.com\/wp-content\/uploads\/2018\/06\/cmq-hospital-logo.png","type":"image\/png"}],"twitter_card":"summary_large_image","twitter_misc":{"Tiempo de lectura":"2 minutos"},"schema":{"@context":"https:\/\/schema.org","@graph":[{"@type":"WebPage","@id":"https:\/\/hospitalcmq.com\/es\/vacaciones\/","url":"https:\/\/hospitalcmq.com\/es\/vacaciones\/","name":"\u00a1Explora M\u00e9xico! Tips y recomendaciones para tu visita","isPartOf":{"@id":"https:\/\/hospitalcmq.com\/es\/#website"},"datePublished":"2018-09-17T22:52:21+00:00","dateModified":"2020-08-04T17:03:17+00:00","description":"Tus vacaciones en M\u00e9xico como siempre hab\u00edas so\u00f1ado. Explora nuestras recomendaciones, y lo que debes hacer para disfrutar tu estad\u00eda en M\u00e9xico.","breadcrumb":{"@id":"https:\/\/hospitalcmq.com\/es\/vacaciones\/#breadcrumb"},"inLanguage":"es","potentialAction":[{"@type":"ReadAction","target":["https:\/\/hospitalcmq.com\/es\/vacaciones\/"]}]},{"@type":"BreadcrumbList","@id":"https:\/\/hospitalcmq.com\/es\/vacaciones\/#breadcrumb","itemListElement":[{"@type":"ListItem","position":1,"name":"Home","item":"https:\/\/hospitalcmq.com\/es\/"},{"@type":"ListItem","position":2,"name":"Vacaciones"}]},{"@type":"WebSite","@id":"https:\/\/hospitalcmq.com\/es\/#website","url":"https:\/\/hospitalcmq.com\/es\/","name":"Hospital CMQ","description":"Best Hospitals in Puerto Vallarta &amp; Riviera Nayarit","publisher":{"@id":"https:\/\/hospitalcmq.com\/es\/#organization"},"potentialAction":[{"@type":"SearchAction","target":{"@type":"EntryPoint","urlTemplate":"https:\/\/hospitalcmq.com\/es\/?s={search_term_string}"},"query-input":{"@type":"PropertyValueSpecification","valueRequired":true,"valueName":"search_term_string"}}],"inLanguage":"es"},{"@type":"Organization","@id":"https:\/\/hospitalcmq.com\/es\/#organization","name":"Hospital CMQ","url":"https:\/\/hospitalcmq.com\/es\/","logo":{"@type":"ImageObject","inLanguage":"es","@id":"https:\/\/hospitalcmq.com\/es\/#\/schema\/logo\/image\/","url":"https:\/\/hospitalcmq.com\/wp-content\/uploads\/2018\/06\/cmq-hospital-logo.png","contentUrl":"https:\/\/hospitalcmq.com\/wp-content\/uploads\/2018\/06\/cmq-hospital-logo.png","width":214,"height":189,"caption":"Hospital CMQ"},"image":{"@id":"https:\/\/hospitalcmq.com\/es\/#\/schema\/logo\/image\/"},"sameAs":["https:\/\/www.facebook.com\/HospitalCMQ"]}]}},"_links":{"self":[{"href":"https:\/\/hospitalcmq.com\/es\/wp-json\/wp\/v2\/pages\/3439","targetHints":{"allow":["GET"]}}],"collection":[{"href":"https:\/\/hospitalcmq.com\/es\/wp-json\/wp\/v2\/pages"}],"about":[{"href":"https:\/\/hospitalcmq.com\/es\/wp-json\/wp\/v2\/types\/page"}],"author":[{"embeddable":true,"href":"https:\/\/hospitalcmq.com\/es\/wp-json\/wp\/v2\/users\/1"}],"replies":[{"embeddable":true,"href":"https:\/\/hospitalcmq.com\/es\/wp-json\/wp\/v2\/comments?post=3439"}],"version-history":[{"count":0,"href":"https:\/\/hospitalcmq.com\/es\/wp-json\/wp\/v2\/pages\/3439\/revisions"}],"wp:attachment":[{"href":"https:\/\/hospitalcmq.com\/es\/wp-json\/wp\/v2\/media?parent=3439"}],"curies":[{"name":"wp","href":"https:\/\/api.w.org\/{rel}","templated":true}]}}