{"id":3435,"date":"2018-09-17T17:48:09","date_gmt":"2018-09-17T22:48:09","guid":{"rendered":"https:\/\/hospitalcmq.com\/sayulita-el-pueblo-hippie-chic-de-riviera-nayarit\/"},"modified":"2019-06-13T09:42:42","modified_gmt":"2019-06-13T14:42:42","slug":"sayulita-el-pueblo-hippie-chic-de-riviera-nayarit","status":"publish","type":"page","link":"https:\/\/hospitalcmq.com\/es\/vacaciones\/sayulita-el-pueblo-hippie-chic-de-riviera-nayarit\/","title":{"rendered":"Sayulita, el pueblo Hippie Chic de Riviera Nayarit"},"content":{"rendered":"<div class=\"wpb-content-wrapper\"><p>[vc_row][vc_column width=\u00bb3\/4&#8243;][vc_custom_heading source=\u00bbpost_title\u00bb font_container=\u00bbtag:h1|text_align:left\u00bb use_theme_fonts=\u00bbyes\u00bb el_class=\u00bbtitle\u00bb][vc_column_text]Recientemente nombrado <i>Pueblo M\u00e1gico<\/i>, <b>Sayulita<\/b> es una de las localidades m\u00e1s reconocidas del municipio de Bah\u00eda de Banderas; ubicado aproximadamente a 40 minutos en auto desde<b> Nuevo Vallarta<\/b> y a una hora desde <b>Puerto Vallarta.<\/b><\/p>\n<p>Este peque\u00f1o poblado cosmopolita es visitado por cientos de turistas nacionales e internacionales durante todo el a\u00f1o; sin embargo, en verano es un para\u00edso para los amantes del surf y para todos aquellos que quieren aprender a montar sobre las olas.<\/p>\n<p>En un ambiente playero muy amigable, conviven locales y extranjeros creando una comunidad en completa armon\u00eda. <b>Sayulita<\/b> y su alma bohemia, le har\u00e1n vibrar tanto de d\u00eda como de noche, olvidar\u00e1 sus problemas y disfrutar\u00e1 de cada peque\u00f1o detalle del d\u00eda.<\/p>\n<p>[\/vc_column_text][vc_empty_space][vc_single_image image=\u00bb1992&#8243; img_size=\u00bbfull\u00bb alignment=\u00bbcenter\u00bb][vc_empty_space][vc_column_text]Uno de los atractivos de <b>Sayulita<\/b> es su oferta de hospedaje, la cual es muy incluyente y asequible, usted podr\u00e1 encontrar desde villas privadas, condominios, \u00e1reas de campamento, hostales y <i>hoteles boutique<\/i>.<\/p>\n<p>Adem\u00e1s, aqu\u00ed podr\u00e1 encontrar gran variedad de mariscos y comida mexicana, argentina, italiana, francesa, \u00e1rabe e incluso pan y helado artesanal elaborado por gente local. Su diversidad poblacional ha hecho de <b>Sayulita<\/b> un lugar de moda al que muchos describen como un rinc\u00f3n\u00a0<i>Hippie Chic<\/i> en la <b>Riviera Nayarit.<\/b><\/p>\n<p>\u00c9stas son algunas razones por las que\u00a0<b>Sayulita<\/b> se ha convertido en una parada obligada para todos los visitantes de <b>Puerto Vallarta<\/b> y <b>Riviera Nayarit. <\/b>Sin duda, en su siguiente estancia en la bah\u00eda debe tomar un d\u00eda para recorrer los pintorescos escondites de este Pueblo M\u00e1gico.[\/vc_column_text][\/vc_column][vc_column width=\u00bb1\/4&#8243;][vc_raw_html]JTNDaGdyb3VwJTNFJTBBJTNDZGl2JTNFJTBBJTNDaDUlM0VVUkdFTkNJQVMlMjBIT1NQSVRBTCUyMENNUSUyMFJJVklFUkElMjBOQVlBUklUJTNDJTJGaDUlM0UlMEElM0NwJTIwY2xhc3MlM0QlMjIlMjIlM0UlM0NhJTIwaHJlZiUzRCUyMnRlbCUzQSUyQjUyMzI5Mjk4MDcxNyUyMiUzRSUyMCUyODMyOSUyOTI5OC0wNzE3JTIwJTNDJTJGYSUzRSUzQyUyRnAlM0UlMEElMEElM0MlMkZkaXYlM0UlMEElM0NwJTIwY2xhc3MlM0QlMjJhZGRyZXNzJTIyJTNFQXYlMjBIZXJvZXMlMjBkZSUyME5hY296YXJpJTIwJTIzMjgwJTJDJTIwQnVjZXJpYXMlMkMlMjBOYXkuJTNDJTJGcCUzRSUwQSUzQyUyRmhncm91cCUzRQ==[\/vc_raw_html][vc_raw_html]JTNDaGdyb3VwJTNFJTBBJTNDZGl2JTNFJTBBJTNDaDUlM0VPRklDSU5BJTIwREUlMjBDT05WRU5DSU9ORVMlMjBZJTIwVklTSVRBTlRFUyUyMERFJTIwTEElMjBSSVZJRVJBJTIwTkFZQVJJVCUzQyUyRmg1JTNFJTBBJTNDcCUyMGNsYXNzJTNEJTIyJTIyJTNFJTNDYSUyMGhyZWYlM0QlMjJ0ZWwlM0ElMkI1MjMyMjI5NzI1MTYlMjIlM0UlMjAlMjgzMjIlMjklMjAyOTctMjUxNiUyMCUzQyUyRmElM0UlM0MlMkZwJTNFJTBBJTBBJTNDJTJGZGl2JTNFJTBBJTNDcCUyMGNsYXNzJTNEJTIyYWRkcmVzcyUyMiUzRUNlbnRybyUyMEVtcHJlc2FyaWFsJTJDJTIwQXYuJTIwUGFzZW8lMjBkZSUyMGxvcyUyMENvY290ZXJvcyUyMCUyMzU1JTJDJTIwTG9jYWwlMjAyMTEyJTJDJTIwTnVldm8lMjBWYWxsYXJ0YSUyQyUyME5heS4lM0MlMkZwJTNFJTBBJTNDJTJGaGdyb3VwJTNF[\/vc_raw_html][vc_raw_html]JTNDaGdyb3VwJTNFJTBBJTNDZGl2JTNFJTBBJTNDaDUlM0VFTUJBSkFEQSUyMFklMjBDT05TVUxBRE8lMjBBTUVSSUNBTk8lMjBFTiUyME0lQzMlODlYSUNPJTNDJTJGaDUlM0UlMEElM0NwJTIwY2xhc3MlM0QlMjIlMjIlM0UlM0NhJTIwaHJlZiUzRCUyMnRlbCUzQSUyQjUyMzMzMjY4MjEwMCUyMiUzRSUyMCUyODMzMyUyOTI2OC0yMTAwJTIwJTNDJTJGYSUzRSUzQyUyRnAlM0UlMEElMEElM0MlMkZkaXYlM0UlMEElM0NwJTIwY2xhc3MlM0QlMjJhZGRyZXNzJTIyJTNFUGFzZW8lMjBkZSUyMGxvcyUyMENvY290ZXJvcyUyMCUyMzg1JTIwU3VyJTJDJTIwTG9jYWwlMjBMLTclMkMlMjBOdWV2byUyMFZhbGxhcnRhJTJDJTIwTmF5LiUzQyUyRnAlM0UlMEElM0MlMkZoZ3JvdXAlM0U=[\/vc_raw_html][vc_raw_html]JTNDaGdyb3VwJTNFJTBBJTNDZGl2JTNFJTBBJTNDaDUlM0VDT01JU0FSJUMzJThEQSUyMERFJTIwUE9MSUMlQzMlOERBJTIwRVNUQVRBTCUyMFRVUiVDMyU4RFNUSUNBJTIwU0FZVUxJVEElM0MlMkZoNSUzRSUwQSUzQ3AlMjBjbGFzcyUzRCUyMiUyMiUzRSUzQ2ElMjBocmVmJTNEJTIydGVsJTNBJTJCNTIzMjkyOTEzODkwJTIyJTNFJTIwJTI4MzI5JTI5JTIwMjkxLTM4OTAlMjAlM0MlMkZhJTNFJTNDJTJGcCUzRSUwQSUwQSUzQyUyRmRpdiUzRSUwQSUzQ3AlMjBjbGFzcyUzRCUyMmFkZHJlc3MlMjIlM0VBdi4lMjBSZXZvbHVjaW9uJTIwJTIzNDQlMkMlMjBTYXl1bGl0YSUyQyUyME5heS4lM0MlMkZwJTNFJTBBJTNDJTJGaGdyb3VwJTNF[\/vc_raw_html][\/vc_column][\/vc_row]<\/p>\n<\/div>","protected":false},"excerpt":{"rendered":"<p>Recientemente nombrado Pueblo M\u00e1gico, Sayulita es una de las localidades m\u00e1s reconocidas del municipio de Bah\u00eda de Banderas; ubicado aproximadamente a 40 minutos en auto desde Nuevo Vallarta y a una hora desde Puerto Vallarta.<\/p>\n","protected":false},"author":1,"featured_media":1990,"parent":3439,"menu_order":0,"comment_status":"closed","ping_status":"closed","template":"template-vacations.php","meta":{"footnotes":""},"class_list":["post-3435","page","type-page","status-publish","has-post-thumbnail","hentry"],"acf":[],"yoast_head":"<!-- This site is optimized with the Yoast SEO plugin v27.4 - https:\/\/yoast.com\/product\/yoast-seo-wordpress\/ -->\n<title>Sayulita, el pueblo m\u00e1gico Hippie Chic de Riviera Nayarit<\/title>\n<meta name=\"description\" content=\"Desde surfear y pescar hasta restaurantes gourmet y festivales, Sayulita es el pueblo perfecto para vivir y disfrutar de la verdadera vida mexicana.\" \/>\n<meta name=\"robots\" content=\"index, follow, max-snippet:-1, max-image-preview:large, max-video-preview:-1\" \/>\n<link rel=\"canonical\" href=\"https:\/\/hospitalcmq.com\/es\/vacaciones\/sayulita-el-pueblo-hippie-chic-de-riviera-nayarit\/\" \/>\n<meta property=\"og:locale\" content=\"es_ES\" \/>\n<meta property=\"og:type\" content=\"article\" \/>\n<meta property=\"og:title\" content=\"Sayulita, el pueblo m\u00e1gico Hippie Chic de Riviera Nayarit\" \/>\n<meta property=\"og:description\" content=\"Desde surfear y pescar hasta restaurantes gourmet y festivales, Sayulita es el pueblo perfecto para vivir y disfrutar de la verdadera vida mexicana.\" \/>\n<meta property=\"og:url\" content=\"https:\/\/hospitalcmq.com\/es\/vacaciones\/sayulita-el-pueblo-hippie-chic-de-riviera-nayarit\/\" \/>\n<meta property=\"og:site_name\" content=\"Hospital CMQ\" \/>\n<meta property=\"article:publisher\" content=\"https:\/\/www.facebook.com\/HospitalCMQ\" \/>\n<meta property=\"article:modified_time\" content=\"2019-06-13T14:42:42+00:00\" \/>\n<meta property=\"og:image\" content=\"https:\/\/hospitalcmq.com\/wp-content\/uploads\/2018\/01\/Header_sayulita.png\" \/>\n\t<meta property=\"og:image:width\" content=\"1400\" \/>\n\t<meta property=\"og:image:height\" content=\"525\" \/>\n\t<meta property=\"og:image:type\" content=\"image\/png\" \/>\n<meta name=\"twitter:card\" content=\"summary_large_image\" \/>\n<meta name=\"twitter:label1\" content=\"Tiempo de lectura\" \/>\n\t<meta name=\"twitter:data1\" content=\"2 minutos\" \/>\n<script type=\"application\/ld+json\" class=\"yoast-schema-graph\">{\"@context\":\"https:\\\/\\\/schema.org\",\"@graph\":[{\"@type\":\"WebPage\",\"@id\":\"https:\\\/\\\/hospitalcmq.com\\\/es\\\/vacaciones\\\/sayulita-el-pueblo-hippie-chic-de-riviera-nayarit\\\/\",\"url\":\"https:\\\/\\\/hospitalcmq.com\\\/es\\\/vacaciones\\\/sayulita-el-pueblo-hippie-chic-de-riviera-nayarit\\\/\",\"name\":\"Sayulita, el pueblo m\u00e1gico Hippie Chic de Riviera Nayarit\",\"isPartOf\":{\"@id\":\"https:\\\/\\\/hospitalcmq.com\\\/es\\\/#website\"},\"primaryImageOfPage\":{\"@id\":\"https:\\\/\\\/hospitalcmq.com\\\/es\\\/vacaciones\\\/sayulita-el-pueblo-hippie-chic-de-riviera-nayarit\\\/#primaryimage\"},\"image\":{\"@id\":\"https:\\\/\\\/hospitalcmq.com\\\/es\\\/vacaciones\\\/sayulita-el-pueblo-hippie-chic-de-riviera-nayarit\\\/#primaryimage\"},\"thumbnailUrl\":\"https:\\\/\\\/hospitalcmq.com\\\/wp-content\\\/uploads\\\/2018\\\/01\\\/Header_sayulita.png\",\"datePublished\":\"2018-09-17T22:48:09+00:00\",\"dateModified\":\"2019-06-13T14:42:42+00:00\",\"description\":\"Desde surfear y pescar hasta restaurantes gourmet y festivales, Sayulita es el pueblo perfecto para vivir y disfrutar de la verdadera vida mexicana.\",\"breadcrumb\":{\"@id\":\"https:\\\/\\\/hospitalcmq.com\\\/es\\\/vacaciones\\\/sayulita-el-pueblo-hippie-chic-de-riviera-nayarit\\\/#breadcrumb\"},\"inLanguage\":\"es\",\"potentialAction\":[{\"@type\":\"ReadAction\",\"target\":[\"https:\\\/\\\/hospitalcmq.com\\\/es\\\/vacaciones\\\/sayulita-el-pueblo-hippie-chic-de-riviera-nayarit\\\/\"]}]},{\"@type\":\"ImageObject\",\"inLanguage\":\"es\",\"@id\":\"https:\\\/\\\/hospitalcmq.com\\\/es\\\/vacaciones\\\/sayulita-el-pueblo-hippie-chic-de-riviera-nayarit\\\/#primaryimage\",\"url\":\"https:\\\/\\\/hospitalcmq.com\\\/wp-content\\\/uploads\\\/2018\\\/01\\\/Header_sayulita.png\",\"contentUrl\":\"https:\\\/\\\/hospitalcmq.com\\\/wp-content\\\/uploads\\\/2018\\\/01\\\/Header_sayulita.png\",\"width\":1400,\"height\":525,\"caption\":\"Mar - Sayulita, M\u00e9xico.\"},{\"@type\":\"BreadcrumbList\",\"@id\":\"https:\\\/\\\/hospitalcmq.com\\\/es\\\/vacaciones\\\/sayulita-el-pueblo-hippie-chic-de-riviera-nayarit\\\/#breadcrumb\",\"itemListElement\":[{\"@type\":\"ListItem\",\"position\":1,\"name\":\"Home\",\"item\":\"https:\\\/\\\/hospitalcmq.com\\\/es\\\/\"},{\"@type\":\"ListItem\",\"position\":2,\"name\":\"Vacaciones\",\"item\":\"https:\\\/\\\/hospitalcmq.com\\\/es\\\/vacaciones\\\/\"},{\"@type\":\"ListItem\",\"position\":3,\"name\":\"Sayulita, el pueblo Hippie Chic de Riviera Nayarit\"}]},{\"@type\":\"WebSite\",\"@id\":\"https:\\\/\\\/hospitalcmq.com\\\/es\\\/#website\",\"url\":\"https:\\\/\\\/hospitalcmq.com\\\/es\\\/\",\"name\":\"Hospital CMQ\",\"description\":\"Best Hospitals in Puerto Vallarta &amp; Riviera Nayarit\",\"publisher\":{\"@id\":\"https:\\\/\\\/hospitalcmq.com\\\/es\\\/#organization\"},\"potentialAction\":[{\"@type\":\"SearchAction\",\"target\":{\"@type\":\"EntryPoint\",\"urlTemplate\":\"https:\\\/\\\/hospitalcmq.com\\\/es\\\/?s={search_term_string}\"},\"query-input\":{\"@type\":\"PropertyValueSpecification\",\"valueRequired\":true,\"valueName\":\"search_term_string\"}}],\"inLanguage\":\"es\"},{\"@type\":\"Organization\",\"@id\":\"https:\\\/\\\/hospitalcmq.com\\\/es\\\/#organization\",\"name\":\"Hospital CMQ\",\"url\":\"https:\\\/\\\/hospitalcmq.com\\\/es\\\/\",\"logo\":{\"@type\":\"ImageObject\",\"inLanguage\":\"es\",\"@id\":\"https:\\\/\\\/hospitalcmq.com\\\/es\\\/#\\\/schema\\\/logo\\\/image\\\/\",\"url\":\"https:\\\/\\\/hospitalcmq.com\\\/wp-content\\\/uploads\\\/2018\\\/06\\\/cmq-hospital-logo.png\",\"contentUrl\":\"https:\\\/\\\/hospitalcmq.com\\\/wp-content\\\/uploads\\\/2018\\\/06\\\/cmq-hospital-logo.png\",\"width\":214,\"height\":189,\"caption\":\"Hospital CMQ\"},\"image\":{\"@id\":\"https:\\\/\\\/hospitalcmq.com\\\/es\\\/#\\\/schema\\\/logo\\\/image\\\/\"},\"sameAs\":[\"https:\\\/\\\/www.facebook.com\\\/HospitalCMQ\"]}]}<\/script>\n<!-- \/ Yoast SEO plugin. -->","yoast_head_json":{"title":"Sayulita, el pueblo m\u00e1gico Hippie Chic de Riviera Nayarit","description":"Desde surfear y pescar hasta restaurantes gourmet y festivales, Sayulita es el pueblo perfecto para vivir y disfrutar de la verdadera vida mexicana.","robots":{"index":"index","follow":"follow","max-snippet":"max-snippet:-1","max-image-preview":"max-image-preview:large","max-video-preview":"max-video-preview:-1"},"canonical":"https:\/\/hospitalcmq.com\/es\/vacaciones\/sayulita-el-pueblo-hippie-chic-de-riviera-nayarit\/","og_locale":"es_ES","og_type":"article","og_title":"Sayulita, el pueblo m\u00e1gico Hippie Chic de Riviera Nayarit","og_description":"Desde surfear y pescar hasta restaurantes gourmet y festivales, Sayulita es el pueblo perfecto para vivir y disfrutar de la verdadera vida mexicana.","og_url":"https:\/\/hospitalcmq.com\/es\/vacaciones\/sayulita-el-pueblo-hippie-chic-de-riviera-nayarit\/","og_site_name":"Hospital CMQ","article_publisher":"https:\/\/www.facebook.com\/HospitalCMQ","article_modified_time":"2019-06-13T14:42:42+00:00","og_image":[{"width":1400,"height":525,"url":"https:\/\/hospitalcmq.com\/wp-content\/uploads\/2018\/01\/Header_sayulita.png","type":"image\/png"}],"twitter_card":"summary_large_image","twitter_misc":{"Tiempo de lectura":"2 minutos"},"schema":{"@context":"https:\/\/schema.org","@graph":[{"@type":"WebPage","@id":"https:\/\/hospitalcmq.com\/es\/vacaciones\/sayulita-el-pueblo-hippie-chic-de-riviera-nayarit\/","url":"https:\/\/hospitalcmq.com\/es\/vacaciones\/sayulita-el-pueblo-hippie-chic-de-riviera-nayarit\/","name":"Sayulita, el pueblo m\u00e1gico Hippie Chic de Riviera Nayarit","isPartOf":{"@id":"https:\/\/hospitalcmq.com\/es\/#website"},"primaryImageOfPage":{"@id":"https:\/\/hospitalcmq.com\/es\/vacaciones\/sayulita-el-pueblo-hippie-chic-de-riviera-nayarit\/#primaryimage"},"image":{"@id":"https:\/\/hospitalcmq.com\/es\/vacaciones\/sayulita-el-pueblo-hippie-chic-de-riviera-nayarit\/#primaryimage"},"thumbnailUrl":"https:\/\/hospitalcmq.com\/wp-content\/uploads\/2018\/01\/Header_sayulita.png","datePublished":"2018-09-17T22:48:09+00:00","dateModified":"2019-06-13T14:42:42+00:00","description":"Desde surfear y pescar hasta restaurantes gourmet y festivales, Sayulita es el pueblo perfecto para vivir y disfrutar de la verdadera vida mexicana.","breadcrumb":{"@id":"https:\/\/hospitalcmq.com\/es\/vacaciones\/sayulita-el-pueblo-hippie-chic-de-riviera-nayarit\/#breadcrumb"},"inLanguage":"es","potentialAction":[{"@type":"ReadAction","target":["https:\/\/hospitalcmq.com\/es\/vacaciones\/sayulita-el-pueblo-hippie-chic-de-riviera-nayarit\/"]}]},{"@type":"ImageObject","inLanguage":"es","@id":"https:\/\/hospitalcmq.com\/es\/vacaciones\/sayulita-el-pueblo-hippie-chic-de-riviera-nayarit\/#primaryimage","url":"https:\/\/hospitalcmq.com\/wp-content\/uploads\/2018\/01\/Header_sayulita.png","contentUrl":"https:\/\/hospitalcmq.com\/wp-content\/uploads\/2018\/01\/Header_sayulita.png","width":1400,"height":525,"caption":"Mar - Sayulita, M\u00e9xico."},{"@type":"BreadcrumbList","@id":"https:\/\/hospitalcmq.com\/es\/vacaciones\/sayulita-el-pueblo-hippie-chic-de-riviera-nayarit\/#breadcrumb","itemListElement":[{"@type":"ListItem","position":1,"name":"Home","item":"https:\/\/hospitalcmq.com\/es\/"},{"@type":"ListItem","position":2,"name":"Vacaciones","item":"https:\/\/hospitalcmq.com\/es\/vacaciones\/"},{"@type":"ListItem","position":3,"name":"Sayulita, el pueblo Hippie Chic de Riviera Nayarit"}]},{"@type":"WebSite","@id":"https:\/\/hospitalcmq.com\/es\/#website","url":"https:\/\/hospitalcmq.com\/es\/","name":"Hospital CMQ","description":"Best Hospitals in Puerto Vallarta &amp; Riviera Nayarit","publisher":{"@id":"https:\/\/hospitalcmq.com\/es\/#organization"},"potentialAction":[{"@type":"SearchAction","target":{"@type":"EntryPoint","urlTemplate":"https:\/\/hospitalcmq.com\/es\/?s={search_term_string}"},"query-input":{"@type":"PropertyValueSpecification","valueRequired":true,"valueName":"search_term_string"}}],"inLanguage":"es"},{"@type":"Organization","@id":"https:\/\/hospitalcmq.com\/es\/#organization","name":"Hospital CMQ","url":"https:\/\/hospitalcmq.com\/es\/","logo":{"@type":"ImageObject","inLanguage":"es","@id":"https:\/\/hospitalcmq.com\/es\/#\/schema\/logo\/image\/","url":"https:\/\/hospitalcmq.com\/wp-content\/uploads\/2018\/06\/cmq-hospital-logo.png","contentUrl":"https:\/\/hospitalcmq.com\/wp-content\/uploads\/2018\/06\/cmq-hospital-logo.png","width":214,"height":189,"caption":"Hospital CMQ"},"image":{"@id":"https:\/\/hospitalcmq.com\/es\/#\/schema\/logo\/image\/"},"sameAs":["https:\/\/www.facebook.com\/HospitalCMQ"]}]}},"_links":{"self":[{"href":"https:\/\/hospitalcmq.com\/es\/wp-json\/wp\/v2\/pages\/3435","targetHints":{"allow":["GET"]}}],"collection":[{"href":"https:\/\/hospitalcmq.com\/es\/wp-json\/wp\/v2\/pages"}],"about":[{"href":"https:\/\/hospitalcmq.com\/es\/wp-json\/wp\/v2\/types\/page"}],"author":[{"embeddable":true,"href":"https:\/\/hospitalcmq.com\/es\/wp-json\/wp\/v2\/users\/1"}],"replies":[{"embeddable":true,"href":"https:\/\/hospitalcmq.com\/es\/wp-json\/wp\/v2\/comments?post=3435"}],"version-history":[{"count":0,"href":"https:\/\/hospitalcmq.com\/es\/wp-json\/wp\/v2\/pages\/3435\/revisions"}],"up":[{"embeddable":true,"href":"https:\/\/hospitalcmq.com\/es\/wp-json\/wp\/v2\/pages\/3439"}],"wp:featuredmedia":[{"embeddable":true,"href":"https:\/\/hospitalcmq.com\/es\/wp-json\/wp\/v2\/media\/1990"}],"wp:attachment":[{"href":"https:\/\/hospitalcmq.com\/es\/wp-json\/wp\/v2\/media?parent=3435"}],"curies":[{"name":"wp","href":"https:\/\/api.w.org\/{rel}","templated":true}]}}