{"id":13892,"date":"2024-01-15T09:12:40","date_gmt":"2024-01-15T15:12:40","guid":{"rendered":"https:\/\/hospitalcmq.com\/?page_id=13892"},"modified":"2024-06-10T09:52:20","modified_gmt":"2024-06-10T15:52:20","slug":"capacitacion","status":"publish","type":"page","link":"https:\/\/hospitalcmq.com\/es\/colaboradores\/capacitacion\/","title":{"rendered":"Capacitaci\u00f3n"},"content":{"rendered":"<div class=\"wpb-content-wrapper\"><p>[vc_row][vc_column][vc_column_text]<iframe class=\"w-full\" style=\"width: 100%; height: 76vh;\" src=\"https:\/\/capacitacion.hospitalcmq.com\/\" allowfullscreen=\"allowfullscreen\"><span data-mce-type=\"bookmark\" style=\"display: inline-block; width: 0px; overflow: hidden; line-height: 0;\" class=\"mce_SELRES_start\">\ufeff<\/span><\/iframe>[\/vc_column_text][\/vc_column][\/vc_row][vc_row][vc_column][vc_raw_html]JTNDc3R5bGUlM0UlMEEuZW50cnktaGVhZGVyJTdCJTBBJTIwJTIwZGlzcGxheSUzQW5vbmUlMEElN0QlMEElMjNicmVhZGNydW1icyU3QiUwQSUyMCUyMGRpc3BsYXklM0Fub25lJTNCJTBBJTdEJTBBJTIzbWFpbi1jb250YWluZXIlN0IlMEElMjAlMjBtYXgtd2lkdGglM0ElMjAxMDAlMjUlM0IlMEElMjAlMjBwYWRkaW5nJTNBMCUyMWltcG9ydGFudCUzQiUwQSU3RCUwQSUyRiUyQSUyMHdpZHRoJTIwJTJBJTJGJTBBJTNBJTNBLXdlYmtpdC1zY3JvbGxiYXIlMjAlN0IlMEElMjAlMjB3aWR0aCUzQSUyMDEwcHglM0IlMEElN0QlMEElMEElMkYlMkElMjBUcmFjayUyMCUyQSUyRiUwQSUzQSUzQS13ZWJraXQtc2Nyb2xsYmFyLXRyYWNrJTIwJTdCJTBBJTIwJTIwYmFja2dyb3VuZCUzQSUyMHdoaXRlJTNCJTIwJTBBJTdEJTBBJTIwJTBBJTJGJTJBJTIwSGFuZGxlJTIwJTJBJTJGJTBBJTNBJTNBLXdlYmtpdC1zY3JvbGxiYXItdGh1bWIlMjAlN0IlMEElMjAlMjBiYWNrZ3JvdW5kJTNBJTIwJTIzZTJlMmUyJTNCJTIwJTBBJTIwJTIwYm9yZGVyLXJhZGl1cyUzQTEwcHglM0IlMEElN0QlMEElMEElMkYlMkElMjBIYW5kbGUlMjBvbiUyMGhvdmVyJTIwJTJBJTJGJTBBJTNBJTNBLXdlYmtpdC1zY3JvbGxiYXItdGh1bWIlM0Fob3ZlciUyMCU3QiUwQSUyMCUyMGJhY2tncm91bmQlM0ElMjAlMjNjY2MlM0IlMjAlMEElN0QlMEElM0MlMkZzdHlsZSUzRSUwQQ==[\/vc_raw_html][\/vc_column][\/vc_row]<\/p>\n<\/div>","protected":false},"excerpt":{"rendered":"<p>[vc_row][vc_column][vc_column_text]\ufeff[\/vc_column_text][\/vc_column][\/vc_row][vc_row][vc_column][vc_raw_html]JTNDc3R5bGUlM0UlMEEuZW50cnktaGVhZGVyJTdCJTBBJTIwJTIwZGlzcGxheSUzQW5vbmUlMEElN0QlMEElMjNicmVhZGNydW1icyU3QiUwQSUyMCUyMGRpc3BsYXklM0Fub25lJTNCJTBBJTdEJTBBJTIzbWFpbi1jb250YWluZXIlN0IlMEElMjAlMjBtYXgtd2lkdGglM0ElMjAxMDAlMjUlM0IlMEElMjAlMjBwYWRkaW5nJTNBMCUyMWltcG9ydGFudCUzQiUwQSU3RCUwQSUyRiUyQSUyMHdpZHRoJTIwJTJBJTJGJTBBJTNBJTNBLXdlYmtpdC1zY3JvbGxiYXIlMjAlN0IlMEElMjAlMjB3aWR0aCUzQSUyMDEwcHglM0IlMEElN0QlMEElMEElMkYlMkElMjBUcmFjayUyMCUyQSUyRiUwQSUzQSUzQS13ZWJraXQtc2Nyb2xsYmFyLXRyYWNrJTIwJTdCJTBBJTIwJTIwYmFja2dyb3VuZCUzQSUyMHdoaXRlJTNCJTIwJTBBJTdEJTBBJTIwJTBBJTJGJTJBJTIwSGFuZGxlJTIwJTJBJTJGJTBBJTNBJTNBLXdlYmtpdC1zY3JvbGxiYXItdGh1bWIlMjAlN0IlMEElMjAlMjBiYWNrZ3JvdW5kJTNBJTIwJTIzZTJlMmUyJTNCJTIwJTBBJTIwJTIwYm9yZGVyLXJhZGl1cyUzQTEwcHglM0IlMEElN0QlMEElMEElMkYlMkElMjBIYW5kbGUlMjBvbiUyMGhvdmVyJTIwJTJBJTJGJTBBJTNBJTNBLXdlYmtpdC1zY3JvbGxiYXItdGh1bWIlM0Fob3ZlciUyMCU3QiUwQSUyMCUyMGJhY2tncm91bmQlM0ElMjAlMjNjY2MlM0IlMjAlMEElN0QlMEElM0MlMkZzdHlsZSUzRSUwQQ==[\/vc_raw_html][\/vc_column][\/vc_row]<\/p>\n","protected":false},"author":1,"featured_media":0,"parent":13891,"menu_order":0,"comment_status":"closed","ping_status":"closed","template":"","meta":{"footnotes":""},"class_list":["post-13892","page","type-page","status-publish","hentry"],"acf":[],"yoast_head":"<!-- This site is optimized with the Yoast SEO plugin v27.3 - https:\/\/yoast.com\/product\/yoast-seo-wordpress\/ -->\n<title>Los Mejores Cursos de Capacitaci\u00f3n de Hospital CMQ<\/title>\n<meta name=\"description\" content=\"Descubre los \u00faltimos cursos de capacitaci\u00f3n y actualizaci\u00f3n que tenemos disponibles para ti! Accede a esta p\u00e1gina para continuar con tu aprendizaje!\" \/>\n<meta name=\"robots\" content=\"index, follow, max-snippet:-1, max-image-preview:large, max-video-preview:-1\" \/>\n<link rel=\"canonical\" href=\"https:\/\/hospitalcmq.com\/es\/colaboradores\/capacitacion\/\" \/>\n<meta property=\"og:locale\" content=\"es_ES\" \/>\n<meta property=\"og:type\" content=\"article\" \/>\n<meta property=\"og:title\" content=\"Los Mejores Cursos de Capacitaci\u00f3n de Hospital CMQ\" \/>\n<meta property=\"og:description\" content=\"Descubre los \u00faltimos cursos de capacitaci\u00f3n y actualizaci\u00f3n que tenemos disponibles para ti! Accede a esta p\u00e1gina para continuar con tu aprendizaje!\" \/>\n<meta property=\"og:url\" content=\"https:\/\/hospitalcmq.com\/es\/colaboradores\/capacitacion\/\" \/>\n<meta property=\"og:site_name\" content=\"Hospital CMQ\" \/>\n<meta property=\"article:publisher\" content=\"https:\/\/www.facebook.com\/HospitalCMQ\" \/>\n<meta property=\"article:modified_time\" content=\"2024-06-10T15:52:20+00:00\" \/>\n<meta property=\"og:image\" content=\"https:\/\/hospitalcmq.com\/wp-content\/uploads\/2018\/06\/cmq-hospital-logo.png\" \/>\n\t<meta property=\"og:image:width\" content=\"214\" \/>\n\t<meta property=\"og:image:height\" content=\"189\" \/>\n\t<meta property=\"og:image:type\" content=\"image\/png\" \/>\n<meta name=\"twitter:card\" content=\"summary_large_image\" \/>\n<meta name=\"twitter:label1\" content=\"Tiempo de lectura\" \/>\n\t<meta name=\"twitter:data1\" content=\"1 minuto\" \/>\n<script type=\"application\/ld+json\" class=\"yoast-schema-graph\">{\"@context\":\"https:\\\/\\\/schema.org\",\"@graph\":[{\"@type\":\"WebPage\",\"@id\":\"https:\\\/\\\/hospitalcmq.com\\\/es\\\/colaboradores\\\/capacitacion\\\/\",\"url\":\"https:\\\/\\\/hospitalcmq.com\\\/es\\\/colaboradores\\\/capacitacion\\\/\",\"name\":\"Los Mejores Cursos de Capacitaci\u00f3n de Hospital CMQ\",\"isPartOf\":{\"@id\":\"https:\\\/\\\/hospitalcmq.com\\\/es\\\/#website\"},\"datePublished\":\"2024-01-15T15:12:40+00:00\",\"dateModified\":\"2024-06-10T15:52:20+00:00\",\"description\":\"Descubre los \u00faltimos cursos de capacitaci\u00f3n y actualizaci\u00f3n que tenemos disponibles para ti! Accede a esta p\u00e1gina para continuar con tu aprendizaje!\",\"breadcrumb\":{\"@id\":\"https:\\\/\\\/hospitalcmq.com\\\/es\\\/colaboradores\\\/capacitacion\\\/#breadcrumb\"},\"inLanguage\":\"es\",\"potentialAction\":[{\"@type\":\"ReadAction\",\"target\":[\"https:\\\/\\\/hospitalcmq.com\\\/es\\\/colaboradores\\\/capacitacion\\\/\"]}]},{\"@type\":\"BreadcrumbList\",\"@id\":\"https:\\\/\\\/hospitalcmq.com\\\/es\\\/colaboradores\\\/capacitacion\\\/#breadcrumb\",\"itemListElement\":[{\"@type\":\"ListItem\",\"position\":1,\"name\":\"Home\",\"item\":\"https:\\\/\\\/hospitalcmq.com\\\/es\\\/\"},{\"@type\":\"ListItem\",\"position\":2,\"name\":\"Colaboradores\",\"item\":\"https:\\\/\\\/hospitalcmq.com\\\/es\\\/colaboradores\\\/\"},{\"@type\":\"ListItem\",\"position\":3,\"name\":\"Capacitaci\u00f3n\"}]},{\"@type\":\"WebSite\",\"@id\":\"https:\\\/\\\/hospitalcmq.com\\\/es\\\/#website\",\"url\":\"https:\\\/\\\/hospitalcmq.com\\\/es\\\/\",\"name\":\"Hospital CMQ\",\"description\":\"Best Hospitals in Puerto Vallarta &amp; Riviera Nayarit\",\"publisher\":{\"@id\":\"https:\\\/\\\/hospitalcmq.com\\\/es\\\/#organization\"},\"potentialAction\":[{\"@type\":\"SearchAction\",\"target\":{\"@type\":\"EntryPoint\",\"urlTemplate\":\"https:\\\/\\\/hospitalcmq.com\\\/es\\\/?s={search_term_string}\"},\"query-input\":{\"@type\":\"PropertyValueSpecification\",\"valueRequired\":true,\"valueName\":\"search_term_string\"}}],\"inLanguage\":\"es\"},{\"@type\":\"Organization\",\"@id\":\"https:\\\/\\\/hospitalcmq.com\\\/es\\\/#organization\",\"name\":\"Hospital CMQ\",\"url\":\"https:\\\/\\\/hospitalcmq.com\\\/es\\\/\",\"logo\":{\"@type\":\"ImageObject\",\"inLanguage\":\"es\",\"@id\":\"https:\\\/\\\/hospitalcmq.com\\\/es\\\/#\\\/schema\\\/logo\\\/image\\\/\",\"url\":\"https:\\\/\\\/hospitalcmq.com\\\/wp-content\\\/uploads\\\/2018\\\/06\\\/cmq-hospital-logo.png\",\"contentUrl\":\"https:\\\/\\\/hospitalcmq.com\\\/wp-content\\\/uploads\\\/2018\\\/06\\\/cmq-hospital-logo.png\",\"width\":214,\"height\":189,\"caption\":\"Hospital CMQ\"},\"image\":{\"@id\":\"https:\\\/\\\/hospitalcmq.com\\\/es\\\/#\\\/schema\\\/logo\\\/image\\\/\"},\"sameAs\":[\"https:\\\/\\\/www.facebook.com\\\/HospitalCMQ\"]}]}<\/script>\n<!-- \/ Yoast SEO plugin. -->","yoast_head_json":{"title":"Los Mejores Cursos de Capacitaci\u00f3n de Hospital CMQ","description":"Descubre los \u00faltimos cursos de capacitaci\u00f3n y actualizaci\u00f3n que tenemos disponibles para ti! Accede a esta p\u00e1gina para continuar con tu aprendizaje!","robots":{"index":"index","follow":"follow","max-snippet":"max-snippet:-1","max-image-preview":"max-image-preview:large","max-video-preview":"max-video-preview:-1"},"canonical":"https:\/\/hospitalcmq.com\/es\/colaboradores\/capacitacion\/","og_locale":"es_ES","og_type":"article","og_title":"Los Mejores Cursos de Capacitaci\u00f3n de Hospital CMQ","og_description":"Descubre los \u00faltimos cursos de capacitaci\u00f3n y actualizaci\u00f3n que tenemos disponibles para ti! Accede a esta p\u00e1gina para continuar con tu aprendizaje!","og_url":"https:\/\/hospitalcmq.com\/es\/colaboradores\/capacitacion\/","og_site_name":"Hospital CMQ","article_publisher":"https:\/\/www.facebook.com\/HospitalCMQ","article_modified_time":"2024-06-10T15:52:20+00:00","og_image":[{"width":214,"height":189,"url":"https:\/\/hospitalcmq.com\/wp-content\/uploads\/2018\/06\/cmq-hospital-logo.png","type":"image\/png"}],"twitter_card":"summary_large_image","twitter_misc":{"Tiempo de lectura":"1 minuto"},"schema":{"@context":"https:\/\/schema.org","@graph":[{"@type":"WebPage","@id":"https:\/\/hospitalcmq.com\/es\/colaboradores\/capacitacion\/","url":"https:\/\/hospitalcmq.com\/es\/colaboradores\/capacitacion\/","name":"Los Mejores Cursos de Capacitaci\u00f3n de Hospital CMQ","isPartOf":{"@id":"https:\/\/hospitalcmq.com\/es\/#website"},"datePublished":"2024-01-15T15:12:40+00:00","dateModified":"2024-06-10T15:52:20+00:00","description":"Descubre los \u00faltimos cursos de capacitaci\u00f3n y actualizaci\u00f3n que tenemos disponibles para ti! Accede a esta p\u00e1gina para continuar con tu aprendizaje!","breadcrumb":{"@id":"https:\/\/hospitalcmq.com\/es\/colaboradores\/capacitacion\/#breadcrumb"},"inLanguage":"es","potentialAction":[{"@type":"ReadAction","target":["https:\/\/hospitalcmq.com\/es\/colaboradores\/capacitacion\/"]}]},{"@type":"BreadcrumbList","@id":"https:\/\/hospitalcmq.com\/es\/colaboradores\/capacitacion\/#breadcrumb","itemListElement":[{"@type":"ListItem","position":1,"name":"Home","item":"https:\/\/hospitalcmq.com\/es\/"},{"@type":"ListItem","position":2,"name":"Colaboradores","item":"https:\/\/hospitalcmq.com\/es\/colaboradores\/"},{"@type":"ListItem","position":3,"name":"Capacitaci\u00f3n"}]},{"@type":"WebSite","@id":"https:\/\/hospitalcmq.com\/es\/#website","url":"https:\/\/hospitalcmq.com\/es\/","name":"Hospital CMQ","description":"Best Hospitals in Puerto Vallarta &amp; Riviera Nayarit","publisher":{"@id":"https:\/\/hospitalcmq.com\/es\/#organization"},"potentialAction":[{"@type":"SearchAction","target":{"@type":"EntryPoint","urlTemplate":"https:\/\/hospitalcmq.com\/es\/?s={search_term_string}"},"query-input":{"@type":"PropertyValueSpecification","valueRequired":true,"valueName":"search_term_string"}}],"inLanguage":"es"},{"@type":"Organization","@id":"https:\/\/hospitalcmq.com\/es\/#organization","name":"Hospital CMQ","url":"https:\/\/hospitalcmq.com\/es\/","logo":{"@type":"ImageObject","inLanguage":"es","@id":"https:\/\/hospitalcmq.com\/es\/#\/schema\/logo\/image\/","url":"https:\/\/hospitalcmq.com\/wp-content\/uploads\/2018\/06\/cmq-hospital-logo.png","contentUrl":"https:\/\/hospitalcmq.com\/wp-content\/uploads\/2018\/06\/cmq-hospital-logo.png","width":214,"height":189,"caption":"Hospital CMQ"},"image":{"@id":"https:\/\/hospitalcmq.com\/es\/#\/schema\/logo\/image\/"},"sameAs":["https:\/\/www.facebook.com\/HospitalCMQ"]}]}},"_links":{"self":[{"href":"https:\/\/hospitalcmq.com\/es\/wp-json\/wp\/v2\/pages\/13892","targetHints":{"allow":["GET"]}}],"collection":[{"href":"https:\/\/hospitalcmq.com\/es\/wp-json\/wp\/v2\/pages"}],"about":[{"href":"https:\/\/hospitalcmq.com\/es\/wp-json\/wp\/v2\/types\/page"}],"author":[{"embeddable":true,"href":"https:\/\/hospitalcmq.com\/es\/wp-json\/wp\/v2\/users\/1"}],"replies":[{"embeddable":true,"href":"https:\/\/hospitalcmq.com\/es\/wp-json\/wp\/v2\/comments?post=13892"}],"version-history":[{"count":0,"href":"https:\/\/hospitalcmq.com\/es\/wp-json\/wp\/v2\/pages\/13892\/revisions"}],"up":[{"embeddable":true,"href":"https:\/\/hospitalcmq.com\/es\/wp-json\/wp\/v2\/pages\/13891"}],"wp:attachment":[{"href":"https:\/\/hospitalcmq.com\/es\/wp-json\/wp\/v2\/media?parent=13892"}],"curies":[{"name":"wp","href":"https:\/\/api.w.org\/{rel}","templated":true}]}}