{"id":13802,"date":"2023-11-04T10:47:58","date_gmt":"2023-11-04T16:47:58","guid":{"rendered":"https:\/\/hospitalcmq.com\/?page_id=13802"},"modified":"2024-06-21T12:31:41","modified_gmt":"2024-06-21T18:31:41","slug":"politica-de-privacidad","status":"publish","type":"page","link":"https:\/\/hospitalcmq.com\/es\/politica-de-privacidad\/","title":{"rendered":"Pol\u00edtica de privacidad del hospital CMQ"},"content":{"rendered":"<div class=\"wpb-content-wrapper\"><p>[vc_row][vc_column][vc_column_text]<\/p>\n<h2>Tu privacidad es importante para nosotros<\/h2>\n<p><strong>Hospital CMQ de Vallarta SA de CV.<\/strong>, ubicado en Calle Basilio Badillo, Col. Emiliano Zapata no. 365, C.P. 48300, Puerto Vallarta, Jalisco, es responsable de recabar sus datos personales, de hacerle saber los usos que se le dan, y de protegerlos. Datos que se utilizar\u00e1n para brindar atenci\u00f3n hospitalaria en esta instituci\u00f3n, inform\u00e1ndole sobre cambios y evaluando la calidad del servicio que brindamos.<\/p>\n<p>Para los fines antes mencionados,\u00a0<strong>Hospital CMQ de Vallarta SA de CV<\/strong> \u00a0deber\u00e1 obtener la siguiente informaci\u00f3n personal:<\/p>\n<ul>\n<li>Nombre<\/li>\n<li>Fecha de nacimiento<\/li>\n<li>Edad<\/li>\n<li>Domicilio<\/li>\n<li>Religi\u00f3n<\/li>\n<li>Datos culturales<\/li>\n<li>Datos socioecon\u00f3micos<\/li>\n<\/ul>\n<p>As\u00ed como cualquier informaci\u00f3n sobre su salud que se genere durante la recepci\u00f3n de atenci\u00f3n m\u00e9dica considerada como sensible bajo la Ley Federal de Protecci\u00f3n de Datos Personales en Posesi\u00f3n de los Particulares.<\/p>\n<p><strong>Hospital CMQ de Vallarta SA de CV<\/strong> resguardar\u00e1 toda la informaci\u00f3n obtenida a trav\u00e9s del Expediente Cl\u00ednico generado en el ingreso de cada paciente seg\u00fan lo estipulado por la NOM- 004-SSA3-2012, otorg\u00e1ndole derecho a acceder y rectificar sus datos personales, as\u00ed como a oponerse al procesamiento de los mismos o para revocar el consentimiento que nos haya dado previamente.<\/p>\n<p>Tambi\u00e9n le informamos que sus datos personales pueden ser cedidos y tratados dentro y fuera del establecimiento por personas distintas de esta empresa, en caso de traslado a otro hospital. En ese caso, su informaci\u00f3n puede ser compartida con el Hospital de destino para obtener conocimientos \u00fatiles para el diagn\u00f3stico, informaci\u00f3n general y atenci\u00f3n continua.<\/p>\n<p>Puede ejercer los derechos\u00a0\u00a0<strong>ARCO (acceso, rectificaci\u00f3n, cancelaci\u00f3n u oposici\u00f3n)<\/strong> en cualquier momento comunic\u00e1ndose directamente con el Departamento de Gesti\u00f3n de Calidad del Hospital o con la Direcci\u00f3n directamente en el hospital.<\/p>\n<p>Cabe destacar que para todos los ingresos se realizar\u00e1 un Contrato de Prestaci\u00f3n de Servicios Hospitalarios en el que se establezca el uso y manejo de la informaci\u00f3n solicitada. Cualquier cambio a este aviso de privacidad se puede consultar en nuestro sitio web <a href=\"https:\/\/www.hospitalcmq.com\">www.hospitalcmq.com<\/a>[\/vc_column_text][\/vc_column][\/vc_row]<\/p>\n<\/div>","protected":false},"excerpt":{"rendered":"<p>[vc_row][vc_column][vc_column_text] Tu privacidad es importante para nosotros Hospital CMQ de Vallarta SA de CV., ubicado en Calle Basilio Badillo, Col. Emiliano Zapata no. 365, C.P. 48300, Puerto Vallarta, Jalisco, es responsable de recabar sus datos personales, de hacerle saber los usos que se le dan, y de protegerlos. Datos que se utilizar\u00e1n para brindar atenci\u00f3n [&hellip;]<\/p>\n","protected":false},"author":2,"featured_media":0,"parent":0,"menu_order":0,"comment_status":"closed","ping_status":"closed","template":"","meta":{"footnotes":""},"class_list":["post-13802","page","type-page","status-publish","hentry"],"acf":[],"yoast_head":"<!-- This site is optimized with the Yoast SEO plugin v27.4 - https:\/\/yoast.com\/product\/yoast-seo-wordpress\/ -->\n<title>Pol\u00edtica de Privacidad de Hospital CMQ de Puerto Vallarta<\/title>\n<meta name=\"description\" content=\"Tu privacidad es importante para nosotros. Por ello, queremos que sepas que tus datos son confidenciales. Conoce nuestra pol\u00edtica de privacidad de Hospital CMQ.\" \/>\n<meta name=\"robots\" content=\"index, follow, max-snippet:-1, max-image-preview:large, max-video-preview:-1\" \/>\n<link rel=\"canonical\" href=\"https:\/\/hospitalcmq.com\/es\/politica-de-privacidad\/\" \/>\n<meta property=\"og:locale\" content=\"es_ES\" \/>\n<meta property=\"og:type\" content=\"article\" \/>\n<meta property=\"og:title\" content=\"Pol\u00edtica de Privacidad de Hospital CMQ de Puerto Vallarta\" \/>\n<meta property=\"og:description\" content=\"Tu privacidad es importante para nosotros. Por ello, queremos que sepas que tus datos son confidenciales. Conoce nuestra pol\u00edtica de privacidad de Hospital CMQ.\" \/>\n<meta property=\"og:url\" content=\"https:\/\/hospitalcmq.com\/es\/politica-de-privacidad\/\" \/>\n<meta property=\"og:site_name\" content=\"Hospital CMQ\" \/>\n<meta property=\"article:publisher\" content=\"https:\/\/www.facebook.com\/HospitalCMQ\" \/>\n<meta property=\"article:modified_time\" content=\"2024-06-21T18:31:41+00:00\" \/>\n<meta property=\"og:image\" content=\"https:\/\/hospitalcmq.com\/wp-content\/uploads\/2018\/06\/cmq-hospital-logo.png\" \/>\n\t<meta property=\"og:image:width\" content=\"214\" \/>\n\t<meta property=\"og:image:height\" content=\"189\" \/>\n\t<meta property=\"og:image:type\" content=\"image\/png\" \/>\n<meta name=\"twitter:card\" content=\"summary_large_image\" \/>\n<meta name=\"twitter:label1\" content=\"Tiempo de lectura\" \/>\n\t<meta name=\"twitter:data1\" content=\"2 minutos\" \/>\n<script type=\"application\/ld+json\" class=\"yoast-schema-graph\">{\"@context\":\"https:\\\/\\\/schema.org\",\"@graph\":[{\"@type\":\"WebPage\",\"@id\":\"https:\\\/\\\/hospitalcmq.com\\\/es\\\/politica-de-privacidad\\\/\",\"url\":\"https:\\\/\\\/hospitalcmq.com\\\/es\\\/politica-de-privacidad\\\/\",\"name\":\"Pol\u00edtica de Privacidad de Hospital CMQ de Puerto Vallarta\",\"isPartOf\":{\"@id\":\"https:\\\/\\\/hospitalcmq.com\\\/es\\\/#website\"},\"datePublished\":\"2023-11-04T16:47:58+00:00\",\"dateModified\":\"2024-06-21T18:31:41+00:00\",\"description\":\"Tu privacidad es importante para nosotros. Por ello, queremos que sepas que tus datos son confidenciales. Conoce nuestra pol\u00edtica de privacidad de Hospital CMQ.\",\"breadcrumb\":{\"@id\":\"https:\\\/\\\/hospitalcmq.com\\\/es\\\/politica-de-privacidad\\\/#breadcrumb\"},\"inLanguage\":\"es\",\"potentialAction\":[{\"@type\":\"ReadAction\",\"target\":[\"https:\\\/\\\/hospitalcmq.com\\\/es\\\/politica-de-privacidad\\\/\"]}]},{\"@type\":\"BreadcrumbList\",\"@id\":\"https:\\\/\\\/hospitalcmq.com\\\/es\\\/politica-de-privacidad\\\/#breadcrumb\",\"itemListElement\":[{\"@type\":\"ListItem\",\"position\":1,\"name\":\"Home\",\"item\":\"https:\\\/\\\/hospitalcmq.com\\\/es\\\/\"},{\"@type\":\"ListItem\",\"position\":2,\"name\":\"Pol\u00edtica de privacidad del hospital CMQ\"}]},{\"@type\":\"WebSite\",\"@id\":\"https:\\\/\\\/hospitalcmq.com\\\/es\\\/#website\",\"url\":\"https:\\\/\\\/hospitalcmq.com\\\/es\\\/\",\"name\":\"Hospital CMQ\",\"description\":\"Best Hospitals in Puerto Vallarta &amp; Riviera Nayarit\",\"publisher\":{\"@id\":\"https:\\\/\\\/hospitalcmq.com\\\/es\\\/#organization\"},\"potentialAction\":[{\"@type\":\"SearchAction\",\"target\":{\"@type\":\"EntryPoint\",\"urlTemplate\":\"https:\\\/\\\/hospitalcmq.com\\\/es\\\/?s={search_term_string}\"},\"query-input\":{\"@type\":\"PropertyValueSpecification\",\"valueRequired\":true,\"valueName\":\"search_term_string\"}}],\"inLanguage\":\"es\"},{\"@type\":\"Organization\",\"@id\":\"https:\\\/\\\/hospitalcmq.com\\\/es\\\/#organization\",\"name\":\"Hospital CMQ\",\"url\":\"https:\\\/\\\/hospitalcmq.com\\\/es\\\/\",\"logo\":{\"@type\":\"ImageObject\",\"inLanguage\":\"es\",\"@id\":\"https:\\\/\\\/hospitalcmq.com\\\/es\\\/#\\\/schema\\\/logo\\\/image\\\/\",\"url\":\"https:\\\/\\\/hospitalcmq.com\\\/wp-content\\\/uploads\\\/2018\\\/06\\\/cmq-hospital-logo.png\",\"contentUrl\":\"https:\\\/\\\/hospitalcmq.com\\\/wp-content\\\/uploads\\\/2018\\\/06\\\/cmq-hospital-logo.png\",\"width\":214,\"height\":189,\"caption\":\"Hospital CMQ\"},\"image\":{\"@id\":\"https:\\\/\\\/hospitalcmq.com\\\/es\\\/#\\\/schema\\\/logo\\\/image\\\/\"},\"sameAs\":[\"https:\\\/\\\/www.facebook.com\\\/HospitalCMQ\"]}]}<\/script>\n<!-- \/ Yoast SEO plugin. -->","yoast_head_json":{"title":"Pol\u00edtica de Privacidad de Hospital CMQ de Puerto Vallarta","description":"Tu privacidad es importante para nosotros. Por ello, queremos que sepas que tus datos son confidenciales. Conoce nuestra pol\u00edtica de privacidad de Hospital CMQ.","robots":{"index":"index","follow":"follow","max-snippet":"max-snippet:-1","max-image-preview":"max-image-preview:large","max-video-preview":"max-video-preview:-1"},"canonical":"https:\/\/hospitalcmq.com\/es\/politica-de-privacidad\/","og_locale":"es_ES","og_type":"article","og_title":"Pol\u00edtica de Privacidad de Hospital CMQ de Puerto Vallarta","og_description":"Tu privacidad es importante para nosotros. Por ello, queremos que sepas que tus datos son confidenciales. Conoce nuestra pol\u00edtica de privacidad de Hospital CMQ.","og_url":"https:\/\/hospitalcmq.com\/es\/politica-de-privacidad\/","og_site_name":"Hospital CMQ","article_publisher":"https:\/\/www.facebook.com\/HospitalCMQ","article_modified_time":"2024-06-21T18:31:41+00:00","og_image":[{"width":214,"height":189,"url":"https:\/\/hospitalcmq.com\/wp-content\/uploads\/2018\/06\/cmq-hospital-logo.png","type":"image\/png"}],"twitter_card":"summary_large_image","twitter_misc":{"Tiempo de lectura":"2 minutos"},"schema":{"@context":"https:\/\/schema.org","@graph":[{"@type":"WebPage","@id":"https:\/\/hospitalcmq.com\/es\/politica-de-privacidad\/","url":"https:\/\/hospitalcmq.com\/es\/politica-de-privacidad\/","name":"Pol\u00edtica de Privacidad de Hospital CMQ de Puerto Vallarta","isPartOf":{"@id":"https:\/\/hospitalcmq.com\/es\/#website"},"datePublished":"2023-11-04T16:47:58+00:00","dateModified":"2024-06-21T18:31:41+00:00","description":"Tu privacidad es importante para nosotros. Por ello, queremos que sepas que tus datos son confidenciales. Conoce nuestra pol\u00edtica de privacidad de Hospital CMQ.","breadcrumb":{"@id":"https:\/\/hospitalcmq.com\/es\/politica-de-privacidad\/#breadcrumb"},"inLanguage":"es","potentialAction":[{"@type":"ReadAction","target":["https:\/\/hospitalcmq.com\/es\/politica-de-privacidad\/"]}]},{"@type":"BreadcrumbList","@id":"https:\/\/hospitalcmq.com\/es\/politica-de-privacidad\/#breadcrumb","itemListElement":[{"@type":"ListItem","position":1,"name":"Home","item":"https:\/\/hospitalcmq.com\/es\/"},{"@type":"ListItem","position":2,"name":"Pol\u00edtica de privacidad del hospital CMQ"}]},{"@type":"WebSite","@id":"https:\/\/hospitalcmq.com\/es\/#website","url":"https:\/\/hospitalcmq.com\/es\/","name":"Hospital CMQ","description":"Best Hospitals in Puerto Vallarta &amp; Riviera Nayarit","publisher":{"@id":"https:\/\/hospitalcmq.com\/es\/#organization"},"potentialAction":[{"@type":"SearchAction","target":{"@type":"EntryPoint","urlTemplate":"https:\/\/hospitalcmq.com\/es\/?s={search_term_string}"},"query-input":{"@type":"PropertyValueSpecification","valueRequired":true,"valueName":"search_term_string"}}],"inLanguage":"es"},{"@type":"Organization","@id":"https:\/\/hospitalcmq.com\/es\/#organization","name":"Hospital CMQ","url":"https:\/\/hospitalcmq.com\/es\/","logo":{"@type":"ImageObject","inLanguage":"es","@id":"https:\/\/hospitalcmq.com\/es\/#\/schema\/logo\/image\/","url":"https:\/\/hospitalcmq.com\/wp-content\/uploads\/2018\/06\/cmq-hospital-logo.png","contentUrl":"https:\/\/hospitalcmq.com\/wp-content\/uploads\/2018\/06\/cmq-hospital-logo.png","width":214,"height":189,"caption":"Hospital CMQ"},"image":{"@id":"https:\/\/hospitalcmq.com\/es\/#\/schema\/logo\/image\/"},"sameAs":["https:\/\/www.facebook.com\/HospitalCMQ"]}]}},"_links":{"self":[{"href":"https:\/\/hospitalcmq.com\/es\/wp-json\/wp\/v2\/pages\/13802","targetHints":{"allow":["GET"]}}],"collection":[{"href":"https:\/\/hospitalcmq.com\/es\/wp-json\/wp\/v2\/pages"}],"about":[{"href":"https:\/\/hospitalcmq.com\/es\/wp-json\/wp\/v2\/types\/page"}],"author":[{"embeddable":true,"href":"https:\/\/hospitalcmq.com\/es\/wp-json\/wp\/v2\/users\/2"}],"replies":[{"embeddable":true,"href":"https:\/\/hospitalcmq.com\/es\/wp-json\/wp\/v2\/comments?post=13802"}],"version-history":[{"count":0,"href":"https:\/\/hospitalcmq.com\/es\/wp-json\/wp\/v2\/pages\/13802\/revisions"}],"wp:attachment":[{"href":"https:\/\/hospitalcmq.com\/es\/wp-json\/wp\/v2\/media?parent=13802"}],"curies":[{"name":"wp","href":"https:\/\/api.w.org\/{rel}","templated":true}]}}